{"id":9602,"date":"2025-04-25T10:43:27","date_gmt":"2025-04-25T07:43:27","guid":{"rendered":"https:\/\/gymfactory.eu\/product\/t6-crossfit-stovas\/"},"modified":"2025-12-05T14:30:38","modified_gmt":"2025-12-05T12:30:38","slug":"t6-crossfit-stovas","status":"publish","type":"product","link":"https:\/\/gymfactory.eu\/lt\/produktas\/t6-crossfit-stovas\/","title":{"rendered":"T6 Daugiafunkcinis stovas"},"content":{"rendered":"<p>T6 daugiafunkcinis stovas \u2013 tai plienin\u0117 treniruo\u010di\u0173 konstrukcija, skirta j\u0117gos, koordinacijos ir k\u016bno svorio pratimams. R\u0117mas turi pailgint\u0105 laipiojimo skersini\u0173 (&#8222;monkey bars&#8221;) sistem\u0105, kuri leid\u017eia atlikti judesio gr\u012fstas treniruotes, taip pat kelis prisitraukim\u0173 skersinius, veikian\u010dius ir kaip tvirtinimo ta\u0161kai TRX dir\u017eams ar pasiprie\u0161inimo gumoms.<\/p>\n<p>R\u0117mas pritaikytas \u012fvairiems vir\u0161utin\u0117s k\u016bno dalies ir preso stiprinimo pratimams. Prisitraukimai lavina rankas, pe\u010dius ir vir\u0161utin\u0119 nugaros dal\u012f. Laipiojimas skersiniais gerina sukibimo j\u0117g\u0105, i\u0161tverm\u0119 ir judesi\u0173 koordinacij\u0105. Preso pratimai, tokie kaip koj\u0173 k\u0117limai kabant, gali b\u016bti atliekami tiesiai nuo r\u0117mo.<\/p>\n<p>D\u0117l universalaus i\u0161d\u0117stymo ir tvirtos konstrukcijos T6 puikiai tinka sporto sal\u0117ms, kuriose treniruot\u0117se taikomi laipiojimo, kab\u0117jimo ar pakabinam\u0173 \u012franki\u0173 pratimai.<\/p>\n\n    <div class=\"xs_social_share_widget xs_share_url after_content \t\tmain_content  wslu-style-1 wslu-share-box-shaped wslu-fill-colored wslu-none wslu-share-horizontal wslu-theme-font-no wslu-main_content\">\n\n\t\t\n        <ul>\n\t\t\t        <\/ul>\n    <\/div> \n","protected":false},"excerpt":{"rendered":"<p>T6 daugiafunkcinis stovas \u2013 tai plienin\u0117 treniruo\u010di\u0173 konstrukcija, skirta j\u0117gos, koordinacijos ir k\u016bno svorio pratimams. R\u0117mas turi pailgint\u0105 laipiojimo skersini\u0173 (&#8222;monkey bars&#8221;) sistem\u0105, kuri leid\u017eia atlikti judesio gr\u012fstas treniruotes, taip pat kelis prisitraukim\u0173 skersinius, veikian\u010dius ir kaip tvirtinimo ta\u0161kai TRX dir\u017eams ar pasiprie\u0161inimo gumoms. R\u0117mas pritaikytas \u012fvairiems vir\u0161utin\u0117s k\u016bno dalies ir preso stiprinimo pratimams. Prisitraukimai [&hellip;]<\/p>\n","protected":false},"featured_media":9009,"template":"","meta":{"_acf_changed":false},"product_brand":[817],"product_cat":[435],"product_tag":[415],"class_list":{"0":"post-9602","1":"product","2":"type-product","3":"status-publish","4":"has-post-thumbnail","6":"product_brand-gym-factory-lt","7":"product_cat-stovai","8":"product_tag-spalva-tik-metaline","10":"first","11":"onbackorder","12":"taxable","13":"shipping-taxable","14":"purchasable","15":"product-type-variable","16":"has-default-attributes"},"acf":[],"yoast_head":"<!-- This site is optimized with the Yoast SEO plugin v25.2 - https:\/\/yoast.com\/wordpress\/plugins\/seo\/ -->\n<title>&quot;T6 CrossFit&quot; stovas viso k\u016bno treniruot\u0117ms i\u0161 &quot;GymFactory<\/title>\n<meta name=\"description\" content=\"Patvarus T6 &quot;CrossFit&quot; stovas su auk\u0161tos kokyb\u0117s plieniniu r\u0117mu, pritaikytas intensyvioms viso k\u016bno treniruot\u0117ms patalpose ir lauke.\" \/>\n<meta name=\"robots\" content=\"index, follow, max-snippet:-1, max-image-preview:large, max-video-preview:-1\" \/>\n<link rel=\"canonical\" href=\"https:\/\/gymfactory.eu\/lt\/produktas\/t6-crossfit-stovas\/\" \/>\n<meta property=\"og:locale\" content=\"lt_LT\" \/>\n<meta property=\"og:type\" content=\"article\" \/>\n<meta property=\"og:title\" content=\"&quot;T6 CrossFit&quot; stovas viso k\u016bno treniruot\u0117ms i\u0161 &quot;GymFactory\" \/>\n<meta property=\"og:description\" content=\"Patvarus T6 &quot;CrossFit&quot; stovas su auk\u0161tos kokyb\u0117s plieniniu r\u0117mu, pritaikytas intensyvioms viso k\u016bno treniruot\u0117ms patalpose ir lauke.\" \/>\n<meta property=\"og:url\" content=\"https:\/\/gymfactory.eu\/lt\/produktas\/t6-crossfit-stovas\/\" \/>\n<meta property=\"og:site_name\" content=\"Gym Factory\" \/>\n<meta property=\"article:modified_time\" content=\"2025-12-05T12:30:38+00:00\" \/>\n<meta property=\"og:image\" content=\"https:\/\/gymfactory.eu\/wp-content\/uploads\/2025\/04\/T6-Outdoor-Fitness-Equipment.webp\" \/>\n\t<meta property=\"og:image:width\" content=\"1500\" \/>\n\t<meta property=\"og:image:height\" content=\"1500\" \/>\n\t<meta property=\"og:image:type\" content=\"image\/webp\" \/>\n<meta name=\"twitter:card\" content=\"summary_large_image\" \/>\n<meta name=\"twitter:label1\" content=\"Est. reading time\" \/>\n\t<meta name=\"twitter:data1\" content=\"1 minut\u0117\" \/>\n<script type=\"application\/ld+json\" class=\"yoast-schema-graph\">{\"@context\":\"https:\/\/schema.org\",\"@graph\":[{\"@type\":\"WebPage\",\"@id\":\"https:\/\/gymfactory.eu\/lt\/produktas\/t6-crossfit-stovas\/\",\"url\":\"https:\/\/gymfactory.eu\/lt\/produktas\/t6-crossfit-stovas\/\",\"name\":\"\\\"T6 CrossFit\\\" stovas viso k\u016bno treniruot\u0117ms i\u0161 \\\"GymFactory\",\"isPartOf\":{\"@id\":\"https:\/\/gymfactory.eu\/lt\/#website\"},\"primaryImageOfPage\":{\"@id\":\"https:\/\/gymfactory.eu\/lt\/produktas\/t6-crossfit-stovas\/#primaryimage\"},\"image\":{\"@id\":\"https:\/\/gymfactory.eu\/lt\/produktas\/t6-crossfit-stovas\/#primaryimage\"},\"thumbnailUrl\":\"https:\/\/gymfactory.eu\/wp-content\/uploads\/2025\/04\/T6-Outdoor-Fitness-Equipment.webp\",\"datePublished\":\"2025-04-25T07:43:27+00:00\",\"dateModified\":\"2025-12-05T12:30:38+00:00\",\"description\":\"Patvarus T6 \\\"CrossFit\\\" stovas su auk\u0161tos kokyb\u0117s plieniniu r\u0117mu, pritaikytas intensyvioms viso k\u016bno treniruot\u0117ms patalpose ir lauke.\",\"breadcrumb\":{\"@id\":\"https:\/\/gymfactory.eu\/lt\/produktas\/t6-crossfit-stovas\/#breadcrumb\"},\"inLanguage\":\"lt-LT\",\"potentialAction\":[{\"@type\":\"ReadAction\",\"target\":[\"https:\/\/gymfactory.eu\/lt\/produktas\/t6-crossfit-stovas\/\"]}]},{\"@type\":\"ImageObject\",\"inLanguage\":\"lt-LT\",\"@id\":\"https:\/\/gymfactory.eu\/lt\/produktas\/t6-crossfit-stovas\/#primaryimage\",\"url\":\"https:\/\/gymfactory.eu\/wp-content\/uploads\/2025\/04\/T6-Outdoor-Fitness-Equipment.webp\",\"contentUrl\":\"https:\/\/gymfactory.eu\/wp-content\/uploads\/2025\/04\/T6-Outdoor-Fitness-Equipment.webp\",\"width\":1500,\"height\":1500,\"caption\":\"Lauko treniruokliai T6 skirti dinami\u0161kai treniruoti vis\u0105 k\u016bn\u0105, turi ilg\u0105 be\u017ed\u017eioni\u0173 bar\u0105, idealiai tinkant\u012f funkcin\u0117ms ir k\u016bno svorio treniruot\u0117ms.\"},{\"@type\":\"BreadcrumbList\",\"@id\":\"https:\/\/gymfactory.eu\/lt\/produktas\/t6-crossfit-stovas\/#breadcrumb\",\"itemListElement\":[{\"@type\":\"ListItem\",\"position\":1,\"name\":\"Pagrindinis\",\"item\":\"https:\/\/gymfactory.eu\/lt\/\"},{\"@type\":\"ListItem\",\"position\":2,\"name\":\"Katalogas\",\"item\":\"https:\/\/gymfactory.eu\/lt\/katalogas\/\"},{\"@type\":\"ListItem\",\"position\":3,\"name\":\"T6 Daugiafunkcinis stovas\"}]},{\"@type\":\"WebSite\",\"@id\":\"https:\/\/gymfactory.eu\/lt\/#website\",\"url\":\"https:\/\/gymfactory.eu\/lt\/\",\"name\":\"Gym Factory\",\"description\":\"\",\"publisher\":{\"@id\":\"https:\/\/gymfactory.eu\/lt\/#organization\"},\"potentialAction\":[{\"@type\":\"SearchAction\",\"target\":{\"@type\":\"EntryPoint\",\"urlTemplate\":\"https:\/\/gymfactory.eu\/lt\/?s={search_term_string}\"},\"query-input\":{\"@type\":\"PropertyValueSpecification\",\"valueRequired\":true,\"valueName\":\"search_term_string\"}}],\"inLanguage\":\"lt-LT\"},{\"@type\":\"Organization\",\"@id\":\"https:\/\/gymfactory.eu\/lt\/#organization\",\"name\":\"Sporto sal\u0117s gamykla\",\"url\":\"https:\/\/gymfactory.eu\/lt\/\",\"logo\":{\"@type\":\"ImageObject\",\"inLanguage\":\"lt-LT\",\"@id\":\"https:\/\/gymfactory.eu\/lt\/#\/schema\/logo\/image\/\",\"url\":\"https:\/\/gymfactory.eu\/wp-content\/uploads\/2024\/11\/Component-1.svg\",\"contentUrl\":\"https:\/\/gymfactory.eu\/wp-content\/uploads\/2024\/11\/Component-1.svg\",\"width\":54,\"height\":44,\"caption\":\"Sporto sal\u0117s gamykla\"},\"image\":{\"@id\":\"https:\/\/gymfactory.eu\/lt\/#\/schema\/logo\/image\/\"}}]}<\/script>\n<!-- \/ Yoast SEO plugin. -->","yoast_head_json":{"title":"\"T6 CrossFit\" stovas viso k\u016bno treniruot\u0117ms i\u0161 \"GymFactory","description":"Patvarus T6 \"CrossFit\" stovas su auk\u0161tos kokyb\u0117s plieniniu r\u0117mu, pritaikytas intensyvioms viso k\u016bno treniruot\u0117ms patalpose ir lauke.","robots":{"index":"index","follow":"follow","max-snippet":"max-snippet:-1","max-image-preview":"max-image-preview:large","max-video-preview":"max-video-preview:-1"},"canonical":"https:\/\/gymfactory.eu\/lt\/produktas\/t6-crossfit-stovas\/","og_locale":"lt_LT","og_type":"article","og_title":"\"T6 CrossFit\" stovas viso k\u016bno treniruot\u0117ms i\u0161 \"GymFactory","og_description":"Patvarus T6 \"CrossFit\" stovas su auk\u0161tos kokyb\u0117s plieniniu r\u0117mu, pritaikytas intensyvioms viso k\u016bno treniruot\u0117ms patalpose ir lauke.","og_url":"https:\/\/gymfactory.eu\/lt\/produktas\/t6-crossfit-stovas\/","og_site_name":"Gym Factory","article_modified_time":"2025-12-05T12:30:38+00:00","og_image":[{"width":1500,"height":1500,"url":"https:\/\/gymfactory.eu\/wp-content\/uploads\/2025\/04\/T6-Outdoor-Fitness-Equipment.webp","type":"image\/webp"}],"twitter_card":"summary_large_image","twitter_misc":{"Est. reading time":"1 minut\u0117"},"schema":{"@context":"https:\/\/schema.org","@graph":[{"@type":"WebPage","@id":"https:\/\/gymfactory.eu\/lt\/produktas\/t6-crossfit-stovas\/","url":"https:\/\/gymfactory.eu\/lt\/produktas\/t6-crossfit-stovas\/","name":"\"T6 CrossFit\" stovas viso k\u016bno treniruot\u0117ms i\u0161 \"GymFactory","isPartOf":{"@id":"https:\/\/gymfactory.eu\/lt\/#website"},"primaryImageOfPage":{"@id":"https:\/\/gymfactory.eu\/lt\/produktas\/t6-crossfit-stovas\/#primaryimage"},"image":{"@id":"https:\/\/gymfactory.eu\/lt\/produktas\/t6-crossfit-stovas\/#primaryimage"},"thumbnailUrl":"https:\/\/gymfactory.eu\/wp-content\/uploads\/2025\/04\/T6-Outdoor-Fitness-Equipment.webp","datePublished":"2025-04-25T07:43:27+00:00","dateModified":"2025-12-05T12:30:38+00:00","description":"Patvarus T6 \"CrossFit\" stovas su auk\u0161tos kokyb\u0117s plieniniu r\u0117mu, pritaikytas intensyvioms viso k\u016bno treniruot\u0117ms patalpose ir lauke.","breadcrumb":{"@id":"https:\/\/gymfactory.eu\/lt\/produktas\/t6-crossfit-stovas\/#breadcrumb"},"inLanguage":"lt-LT","potentialAction":[{"@type":"ReadAction","target":["https:\/\/gymfactory.eu\/lt\/produktas\/t6-crossfit-stovas\/"]}]},{"@type":"ImageObject","inLanguage":"lt-LT","@id":"https:\/\/gymfactory.eu\/lt\/produktas\/t6-crossfit-stovas\/#primaryimage","url":"https:\/\/gymfactory.eu\/wp-content\/uploads\/2025\/04\/T6-Outdoor-Fitness-Equipment.webp","contentUrl":"https:\/\/gymfactory.eu\/wp-content\/uploads\/2025\/04\/T6-Outdoor-Fitness-Equipment.webp","width":1500,"height":1500,"caption":"Lauko treniruokliai T6 skirti dinami\u0161kai treniruoti vis\u0105 k\u016bn\u0105, turi ilg\u0105 be\u017ed\u017eioni\u0173 bar\u0105, idealiai tinkant\u012f funkcin\u0117ms ir k\u016bno svorio treniruot\u0117ms."},{"@type":"BreadcrumbList","@id":"https:\/\/gymfactory.eu\/lt\/produktas\/t6-crossfit-stovas\/#breadcrumb","itemListElement":[{"@type":"ListItem","position":1,"name":"Pagrindinis","item":"https:\/\/gymfactory.eu\/lt\/"},{"@type":"ListItem","position":2,"name":"Katalogas","item":"https:\/\/gymfactory.eu\/lt\/katalogas\/"},{"@type":"ListItem","position":3,"name":"T6 Daugiafunkcinis stovas"}]},{"@type":"WebSite","@id":"https:\/\/gymfactory.eu\/lt\/#website","url":"https:\/\/gymfactory.eu\/lt\/","name":"Gym Factory","description":"","publisher":{"@id":"https:\/\/gymfactory.eu\/lt\/#organization"},"potentialAction":[{"@type":"SearchAction","target":{"@type":"EntryPoint","urlTemplate":"https:\/\/gymfactory.eu\/lt\/?s={search_term_string}"},"query-input":{"@type":"PropertyValueSpecification","valueRequired":true,"valueName":"search_term_string"}}],"inLanguage":"lt-LT"},{"@type":"Organization","@id":"https:\/\/gymfactory.eu\/lt\/#organization","name":"Sporto sal\u0117s gamykla","url":"https:\/\/gymfactory.eu\/lt\/","logo":{"@type":"ImageObject","inLanguage":"lt-LT","@id":"https:\/\/gymfactory.eu\/lt\/#\/schema\/logo\/image\/","url":"https:\/\/gymfactory.eu\/wp-content\/uploads\/2024\/11\/Component-1.svg","contentUrl":"https:\/\/gymfactory.eu\/wp-content\/uploads\/2024\/11\/Component-1.svg","width":54,"height":44,"caption":"Sporto sal\u0117s gamykla"},"image":{"@id":"https:\/\/gymfactory.eu\/lt\/#\/schema\/logo\/image\/"}}]}},"_links":{"self":[{"href":"https:\/\/gymfactory.eu\/lt\/wp-json\/wp\/v2\/product\/9602","targetHints":{"allow":["GET"]}}],"collection":[{"href":"https:\/\/gymfactory.eu\/lt\/wp-json\/wp\/v2\/product"}],"about":[{"href":"https:\/\/gymfactory.eu\/lt\/wp-json\/wp\/v2\/types\/product"}],"wp:featuredmedia":[{"embeddable":true,"href":"https:\/\/gymfactory.eu\/lt\/wp-json\/wp\/v2\/media\/9009"}],"wp:attachment":[{"href":"https:\/\/gymfactory.eu\/lt\/wp-json\/wp\/v2\/media?parent=9602"}],"wp:term":[{"taxonomy":"product_brand","embeddable":true,"href":"https:\/\/gymfactory.eu\/lt\/wp-json\/wp\/v2\/product_brand?post=9602"},{"taxonomy":"product_cat","embeddable":true,"href":"https:\/\/gymfactory.eu\/lt\/wp-json\/wp\/v2\/product_cat?post=9602"},{"taxonomy":"product_tag","embeddable":true,"href":"https:\/\/gymfactory.eu\/lt\/wp-json\/wp\/v2\/product_tag?post=9602"}],"curies":[{"name":"wp","href":"https:\/\/api.w.org\/{rel}","templated":true}]}}