{"id":9592,"date":"2025-04-24T12:56:10","date_gmt":"2025-04-24T09:56:10","guid":{"rendered":"https:\/\/gymfactory.eu\/product\/m8xx3-koju-lenkimo-masina\/"},"modified":"2025-12-02T14:28:09","modified_gmt":"2025-12-02T12:28:09","slug":"m8xx3-koju-lenkimo-masina","status":"publish","type":"product","link":"https:\/\/gymfactory.eu\/lt\/produktas\/m8xx3-koju-lenkimo-masina\/","title":{"rendered":"M8XX3 Koj\u0173 lenkimo treniruoklis s\u0117dint"},"content":{"rendered":"<p>M8XX3 \u2013 tai treniruoklis, skirtas tikslingai u\u017epakalin\u0117s \u0161launies treniruotei. Kompakti\u0161kas, bet funkcionalus sprendimas tiek ma\u017eai nam\u0173 sporto erdvei, tiek didel\u0117ms profesionalioms sal\u0117ms. Pratimas atliekamas s\u0117dint, kontroliuotu ir s\u0105nariams ergonomi\u0161ku judesiu.<\/p>\n<p>Treniruoklis leid\u017eia atlikti koj\u0173 lenkim\u0105 s\u0117dint, kuris izoliuotai apkrauna \u0161launies gal\u0105. D\u0117l valdomos judesio trajektorijos pratimas yra efektyvus ir saugus \u2013 padeda ugdyti apatin\u0117s k\u016bno dalies j\u0117g\u0105 be papildomo kr\u016bvio s\u0105nariams.<br \/>\nReguliuojama koj\u0173 fiksavimo atrama ir atlo\u0161as leid\u017eia prisitaikyti prie naudotojo \u016bgio ir rasti stabili\u0105 bei patogi\u0105 pad\u0117t\u012f kiekvienam pakartojimui.<\/p>\n<p>M8XX3 Koj\u0173 lenkimo treniruoklis s\u0117dint \u2013 tai patikimas ir ergonomi\u0161kas sprendimas tikslinei &#8222;hamstring\u0173&#8221; treniruotei, u\u017etikrinantis komfort\u0105 ir tiksl\u0173 kr\u016bvio paskirstym\u0105.<\/p>\n\n    <div class=\"xs_social_share_widget xs_share_url after_content \t\tmain_content  wslu-style-1 wslu-share-box-shaped wslu-fill-colored wslu-none wslu-share-horizontal wslu-theme-font-no wslu-main_content\">\n\n\t\t\n        <ul>\n\t\t\t        <\/ul>\n    <\/div> \n","protected":false},"excerpt":{"rendered":"<p>M8XX3 \u2013 tai treniruoklis, skirtas tikslingai u\u017epakalin\u0117s \u0161launies treniruotei. Kompakti\u0161kas, bet funkcionalus sprendimas tiek ma\u017eai nam\u0173 sporto erdvei, tiek didel\u0117ms profesionalioms sal\u0117ms. Pratimas atliekamas s\u0117dint, kontroliuotu ir s\u0105nariams ergonomi\u0161ku judesiu. Treniruoklis leid\u017eia atlikti koj\u0173 lenkim\u0105 s\u0117dint, kuris izoliuotai apkrauna \u0161launies gal\u0105. D\u0117l valdomos judesio trajektorijos pratimas yra efektyvus ir saugus \u2013 padeda ugdyti apatin\u0117s k\u016bno [&hellip;]<\/p>\n","protected":false},"featured_media":8999,"template":"","meta":{"_acf_changed":false},"product_brand":[817],"product_cat":[466],"product_tag":[],"class_list":{"0":"post-9592","1":"product","2":"type-product","3":"status-publish","4":"has-post-thumbnail","6":"product_brand-gym-factory-lt","7":"product_cat-blokiniai-treniruokliai","9":"first","10":"onbackorder","11":"taxable","12":"shipping-taxable","13":"purchasable","14":"product-type-variable","15":"has-default-attributes"},"acf":[],"yoast_head":"<!-- This site is optimized with the Yoast SEO plugin v25.2 - https:\/\/yoast.com\/wordpress\/plugins\/seo\/ -->\n<title>M8XX3 koj\u0173 lenkimo treniruokli\u0173 sal\u0117s ma\u0161ina | Stiprumo treniruo\u010di\u0173 \u012franga<\/title>\n<meta name=\"description\" content=\"\u0160is M8XX3 koj\u0173 lenkimo treniruoklis padeda izoliuoti raumenis atliekant koj\u0173 treniruotes. Tai patikima j\u0117gos treniruo\u010di\u0173 \u012franga, u\u017etikrinanti komfort\u0105 ir tikslum\u0105.\" \/>\n<meta name=\"robots\" content=\"index, follow, max-snippet:-1, max-image-preview:large, max-video-preview:-1\" \/>\n<link rel=\"canonical\" href=\"https:\/\/gymfactory.eu\/lt\/produktas\/m8xx3-koju-lenkimo-masina\/\" \/>\n<meta property=\"og:locale\" content=\"lt_LT\" \/>\n<meta property=\"og:type\" content=\"article\" \/>\n<meta property=\"og:title\" content=\"M8XX3 koj\u0173 lenkimo treniruokli\u0173 sal\u0117s ma\u0161ina | Stiprumo treniruo\u010di\u0173 \u012franga\" \/>\n<meta property=\"og:description\" content=\"\u0160is M8XX3 koj\u0173 lenkimo treniruoklis padeda izoliuoti raumenis atliekant koj\u0173 treniruotes. Tai patikima j\u0117gos treniruo\u010di\u0173 \u012franga, u\u017etikrinanti komfort\u0105 ir tikslum\u0105.\" \/>\n<meta property=\"og:url\" content=\"https:\/\/gymfactory.eu\/lt\/produktas\/m8xx3-koju-lenkimo-masina\/\" \/>\n<meta property=\"og:site_name\" content=\"Gym Factory\" \/>\n<meta property=\"article:modified_time\" content=\"2025-12-02T12:28:09+00:00\" \/>\n<meta property=\"og:image\" content=\"https:\/\/gymfactory.eu\/wp-content\/uploads\/2025\/04\/M8XX3-Leg-Curl-Machine.webp\" \/>\n\t<meta property=\"og:image:width\" content=\"1500\" \/>\n\t<meta property=\"og:image:height\" content=\"1500\" \/>\n\t<meta property=\"og:image:type\" content=\"image\/webp\" \/>\n<meta name=\"twitter:card\" content=\"summary_large_image\" \/>\n<meta name=\"twitter:label1\" content=\"Est. reading time\" \/>\n\t<meta name=\"twitter:data1\" content=\"1 minut\u0117\" \/>\n<script type=\"application\/ld+json\" class=\"yoast-schema-graph\">{\"@context\":\"https:\/\/schema.org\",\"@graph\":[{\"@type\":\"WebPage\",\"@id\":\"https:\/\/gymfactory.eu\/lt\/produktas\/m8xx3-koju-lenkimo-masina\/\",\"url\":\"https:\/\/gymfactory.eu\/lt\/produktas\/m8xx3-koju-lenkimo-masina\/\",\"name\":\"M8XX3 koj\u0173 lenkimo treniruokli\u0173 sal\u0117s ma\u0161ina | Stiprumo treniruo\u010di\u0173 \u012franga\",\"isPartOf\":{\"@id\":\"https:\/\/gymfactory.eu\/lt\/#website\"},\"primaryImageOfPage\":{\"@id\":\"https:\/\/gymfactory.eu\/lt\/produktas\/m8xx3-koju-lenkimo-masina\/#primaryimage\"},\"image\":{\"@id\":\"https:\/\/gymfactory.eu\/lt\/produktas\/m8xx3-koju-lenkimo-masina\/#primaryimage\"},\"thumbnailUrl\":\"https:\/\/gymfactory.eu\/wp-content\/uploads\/2025\/04\/M8XX3-Leg-Curl-Machine.webp\",\"datePublished\":\"2025-04-24T09:56:10+00:00\",\"dateModified\":\"2025-12-02T12:28:09+00:00\",\"description\":\"\u0160is M8XX3 koj\u0173 lenkimo treniruoklis padeda izoliuoti raumenis atliekant koj\u0173 treniruotes. Tai patikima j\u0117gos treniruo\u010di\u0173 \u012franga, u\u017etikrinanti komfort\u0105 ir tikslum\u0105.\",\"breadcrumb\":{\"@id\":\"https:\/\/gymfactory.eu\/lt\/produktas\/m8xx3-koju-lenkimo-masina\/#breadcrumb\"},\"inLanguage\":\"lt-LT\",\"potentialAction\":[{\"@type\":\"ReadAction\",\"target\":[\"https:\/\/gymfactory.eu\/lt\/produktas\/m8xx3-koju-lenkimo-masina\/\"]}]},{\"@type\":\"ImageObject\",\"inLanguage\":\"lt-LT\",\"@id\":\"https:\/\/gymfactory.eu\/lt\/produktas\/m8xx3-koju-lenkimo-masina\/#primaryimage\",\"url\":\"https:\/\/gymfactory.eu\/wp-content\/uploads\/2025\/04\/M8XX3-Leg-Curl-Machine.webp\",\"contentUrl\":\"https:\/\/gymfactory.eu\/wp-content\/uploads\/2025\/04\/M8XX3-Leg-Curl-Machine.webp\",\"width\":1500,\"height\":1500,\"caption\":\"M8XX3 koj\u0173 lenkimo treniruoklis yra auk\u0161tos kokyb\u0117s j\u0117gos treniruokli\u0173 \u012franga, skirta tiksliai ir reguliuojamu pasiprie\u0161inimu izoliuoti \u0161laun\u0173 raumenis.\"},{\"@type\":\"BreadcrumbList\",\"@id\":\"https:\/\/gymfactory.eu\/lt\/produktas\/m8xx3-koju-lenkimo-masina\/#breadcrumb\",\"itemListElement\":[{\"@type\":\"ListItem\",\"position\":1,\"name\":\"Pagrindinis\",\"item\":\"https:\/\/gymfactory.eu\/lt\/\"},{\"@type\":\"ListItem\",\"position\":2,\"name\":\"Katalogas\",\"item\":\"https:\/\/gymfactory.eu\/lt\/katalogas\/\"},{\"@type\":\"ListItem\",\"position\":3,\"name\":\"M8XX3 Koj\u0173 lenkimo treniruoklis s\u0117dint\"}]},{\"@type\":\"WebSite\",\"@id\":\"https:\/\/gymfactory.eu\/lt\/#website\",\"url\":\"https:\/\/gymfactory.eu\/lt\/\",\"name\":\"Gym Factory\",\"description\":\"\",\"publisher\":{\"@id\":\"https:\/\/gymfactory.eu\/lt\/#organization\"},\"potentialAction\":[{\"@type\":\"SearchAction\",\"target\":{\"@type\":\"EntryPoint\",\"urlTemplate\":\"https:\/\/gymfactory.eu\/lt\/?s={search_term_string}\"},\"query-input\":{\"@type\":\"PropertyValueSpecification\",\"valueRequired\":true,\"valueName\":\"search_term_string\"}}],\"inLanguage\":\"lt-LT\"},{\"@type\":\"Organization\",\"@id\":\"https:\/\/gymfactory.eu\/lt\/#organization\",\"name\":\"Sporto sal\u0117s gamykla\",\"url\":\"https:\/\/gymfactory.eu\/lt\/\",\"logo\":{\"@type\":\"ImageObject\",\"inLanguage\":\"lt-LT\",\"@id\":\"https:\/\/gymfactory.eu\/lt\/#\/schema\/logo\/image\/\",\"url\":\"https:\/\/gymfactory.eu\/wp-content\/uploads\/2024\/11\/Component-1.svg\",\"contentUrl\":\"https:\/\/gymfactory.eu\/wp-content\/uploads\/2024\/11\/Component-1.svg\",\"width\":54,\"height\":44,\"caption\":\"Sporto sal\u0117s gamykla\"},\"image\":{\"@id\":\"https:\/\/gymfactory.eu\/lt\/#\/schema\/logo\/image\/\"}}]}<\/script>\n<!-- \/ Yoast SEO plugin. -->","yoast_head_json":{"title":"M8XX3 koj\u0173 lenkimo treniruokli\u0173 sal\u0117s ma\u0161ina | Stiprumo treniruo\u010di\u0173 \u012franga","description":"\u0160is M8XX3 koj\u0173 lenkimo treniruoklis padeda izoliuoti raumenis atliekant koj\u0173 treniruotes. Tai patikima j\u0117gos treniruo\u010di\u0173 \u012franga, u\u017etikrinanti komfort\u0105 ir tikslum\u0105.","robots":{"index":"index","follow":"follow","max-snippet":"max-snippet:-1","max-image-preview":"max-image-preview:large","max-video-preview":"max-video-preview:-1"},"canonical":"https:\/\/gymfactory.eu\/lt\/produktas\/m8xx3-koju-lenkimo-masina\/","og_locale":"lt_LT","og_type":"article","og_title":"M8XX3 koj\u0173 lenkimo treniruokli\u0173 sal\u0117s ma\u0161ina | Stiprumo treniruo\u010di\u0173 \u012franga","og_description":"\u0160is M8XX3 koj\u0173 lenkimo treniruoklis padeda izoliuoti raumenis atliekant koj\u0173 treniruotes. Tai patikima j\u0117gos treniruo\u010di\u0173 \u012franga, u\u017etikrinanti komfort\u0105 ir tikslum\u0105.","og_url":"https:\/\/gymfactory.eu\/lt\/produktas\/m8xx3-koju-lenkimo-masina\/","og_site_name":"Gym Factory","article_modified_time":"2025-12-02T12:28:09+00:00","og_image":[{"width":1500,"height":1500,"url":"https:\/\/gymfactory.eu\/wp-content\/uploads\/2025\/04\/M8XX3-Leg-Curl-Machine.webp","type":"image\/webp"}],"twitter_card":"summary_large_image","twitter_misc":{"Est. reading time":"1 minut\u0117"},"schema":{"@context":"https:\/\/schema.org","@graph":[{"@type":"WebPage","@id":"https:\/\/gymfactory.eu\/lt\/produktas\/m8xx3-koju-lenkimo-masina\/","url":"https:\/\/gymfactory.eu\/lt\/produktas\/m8xx3-koju-lenkimo-masina\/","name":"M8XX3 koj\u0173 lenkimo treniruokli\u0173 sal\u0117s ma\u0161ina | Stiprumo treniruo\u010di\u0173 \u012franga","isPartOf":{"@id":"https:\/\/gymfactory.eu\/lt\/#website"},"primaryImageOfPage":{"@id":"https:\/\/gymfactory.eu\/lt\/produktas\/m8xx3-koju-lenkimo-masina\/#primaryimage"},"image":{"@id":"https:\/\/gymfactory.eu\/lt\/produktas\/m8xx3-koju-lenkimo-masina\/#primaryimage"},"thumbnailUrl":"https:\/\/gymfactory.eu\/wp-content\/uploads\/2025\/04\/M8XX3-Leg-Curl-Machine.webp","datePublished":"2025-04-24T09:56:10+00:00","dateModified":"2025-12-02T12:28:09+00:00","description":"\u0160is M8XX3 koj\u0173 lenkimo treniruoklis padeda izoliuoti raumenis atliekant koj\u0173 treniruotes. Tai patikima j\u0117gos treniruo\u010di\u0173 \u012franga, u\u017etikrinanti komfort\u0105 ir tikslum\u0105.","breadcrumb":{"@id":"https:\/\/gymfactory.eu\/lt\/produktas\/m8xx3-koju-lenkimo-masina\/#breadcrumb"},"inLanguage":"lt-LT","potentialAction":[{"@type":"ReadAction","target":["https:\/\/gymfactory.eu\/lt\/produktas\/m8xx3-koju-lenkimo-masina\/"]}]},{"@type":"ImageObject","inLanguage":"lt-LT","@id":"https:\/\/gymfactory.eu\/lt\/produktas\/m8xx3-koju-lenkimo-masina\/#primaryimage","url":"https:\/\/gymfactory.eu\/wp-content\/uploads\/2025\/04\/M8XX3-Leg-Curl-Machine.webp","contentUrl":"https:\/\/gymfactory.eu\/wp-content\/uploads\/2025\/04\/M8XX3-Leg-Curl-Machine.webp","width":1500,"height":1500,"caption":"M8XX3 koj\u0173 lenkimo treniruoklis yra auk\u0161tos kokyb\u0117s j\u0117gos treniruokli\u0173 \u012franga, skirta tiksliai ir reguliuojamu pasiprie\u0161inimu izoliuoti \u0161laun\u0173 raumenis."},{"@type":"BreadcrumbList","@id":"https:\/\/gymfactory.eu\/lt\/produktas\/m8xx3-koju-lenkimo-masina\/#breadcrumb","itemListElement":[{"@type":"ListItem","position":1,"name":"Pagrindinis","item":"https:\/\/gymfactory.eu\/lt\/"},{"@type":"ListItem","position":2,"name":"Katalogas","item":"https:\/\/gymfactory.eu\/lt\/katalogas\/"},{"@type":"ListItem","position":3,"name":"M8XX3 Koj\u0173 lenkimo treniruoklis s\u0117dint"}]},{"@type":"WebSite","@id":"https:\/\/gymfactory.eu\/lt\/#website","url":"https:\/\/gymfactory.eu\/lt\/","name":"Gym Factory","description":"","publisher":{"@id":"https:\/\/gymfactory.eu\/lt\/#organization"},"potentialAction":[{"@type":"SearchAction","target":{"@type":"EntryPoint","urlTemplate":"https:\/\/gymfactory.eu\/lt\/?s={search_term_string}"},"query-input":{"@type":"PropertyValueSpecification","valueRequired":true,"valueName":"search_term_string"}}],"inLanguage":"lt-LT"},{"@type":"Organization","@id":"https:\/\/gymfactory.eu\/lt\/#organization","name":"Sporto sal\u0117s gamykla","url":"https:\/\/gymfactory.eu\/lt\/","logo":{"@type":"ImageObject","inLanguage":"lt-LT","@id":"https:\/\/gymfactory.eu\/lt\/#\/schema\/logo\/image\/","url":"https:\/\/gymfactory.eu\/wp-content\/uploads\/2024\/11\/Component-1.svg","contentUrl":"https:\/\/gymfactory.eu\/wp-content\/uploads\/2024\/11\/Component-1.svg","width":54,"height":44,"caption":"Sporto sal\u0117s gamykla"},"image":{"@id":"https:\/\/gymfactory.eu\/lt\/#\/schema\/logo\/image\/"}}]}},"_links":{"self":[{"href":"https:\/\/gymfactory.eu\/lt\/wp-json\/wp\/v2\/product\/9592","targetHints":{"allow":["GET"]}}],"collection":[{"href":"https:\/\/gymfactory.eu\/lt\/wp-json\/wp\/v2\/product"}],"about":[{"href":"https:\/\/gymfactory.eu\/lt\/wp-json\/wp\/v2\/types\/product"}],"wp:featuredmedia":[{"embeddable":true,"href":"https:\/\/gymfactory.eu\/lt\/wp-json\/wp\/v2\/media\/8999"}],"wp:attachment":[{"href":"https:\/\/gymfactory.eu\/lt\/wp-json\/wp\/v2\/media?parent=9592"}],"wp:term":[{"taxonomy":"product_brand","embeddable":true,"href":"https:\/\/gymfactory.eu\/lt\/wp-json\/wp\/v2\/product_brand?post=9592"},{"taxonomy":"product_cat","embeddable":true,"href":"https:\/\/gymfactory.eu\/lt\/wp-json\/wp\/v2\/product_cat?post=9592"},{"taxonomy":"product_tag","embeddable":true,"href":"https:\/\/gymfactory.eu\/lt\/wp-json\/wp\/v2\/product_tag?post=9592"}],"curies":[{"name":"wp","href":"https:\/\/api.w.org\/{rel}","templated":true}]}}