{"id":9591,"date":"2025-04-09T10:06:20","date_gmt":"2025-04-09T07:06:20","guid":{"rendered":"https:\/\/gymfactory.eu\/product\/tg-2xx-dirzas-tupimo-dirzas\/"},"modified":"2026-01-23T14:53:04","modified_gmt":"2026-01-23T12:53:04","slug":"tg-2xx-dirzas-tupimo-dirzas","status":"publish","type":"product","link":"https:\/\/gymfactory.eu\/lt\/produktas\/tg-2xx-dirzas-tupimo-dirzas\/","title":{"rendered":"TG2XX Prit\u016bpim\u0173 dir\u017eas"},"content":{"rendered":"<p>TG\u20132XX prit\u016bpim\u0173 dir\u017eas \u2013 sporto \u012franga apatinei k\u016bno daliai lavinti be apkrovos nugarai. Tinka prit\u016bpimams su dir\u017eu, rogi\u0173 tempimui, \u017eygiams su svoriu ir k\u016bno svorio treniruot\u0117ms su papildoma apkrova.<\/p>\n<p>Sustiprintos si\u016bl\u0117s, platus pamink\u0161tintas dizainas ir tvirti \u017eiedai svoriams ar lynams tvirtinti u\u017etikrina patogum\u0105 ir saugum\u0105. Aktyviai \u012ftraukia \u0161launis, s\u0117dmenis ir dvigalvius \u0161launies raumenis, kartu suma\u017eindamas spaudim\u0105 stuburui. Tinka tiek nam\u0173 treniruot\u0117ms, tiek profesionaliam sporto sal\u0117s naudojimui.<\/p>\n\n    <div class=\"xs_social_share_widget xs_share_url after_content \t\tmain_content  wslu-style-1 wslu-share-box-shaped wslu-fill-colored wslu-none wslu-share-horizontal wslu-theme-font-no wslu-main_content\">\n\n\t\t\n        <ul>\n\t\t\t        <\/ul>\n    <\/div> \n","protected":false},"excerpt":{"rendered":"<p>TG\u20132XX prit\u016bpim\u0173 dir\u017eas \u2013 sporto \u012franga apatinei k\u016bno daliai lavinti be apkrovos nugarai. Tinka prit\u016bpimams su dir\u017eu, rogi\u0173 tempimui, \u017eygiams su svoriu ir k\u016bno svorio treniruot\u0117ms su papildoma apkrova. Sustiprintos si\u016bl\u0117s, platus pamink\u0161tintas dizainas ir tvirti \u017eiedai svoriams ar lynams tvirtinti u\u017etikrina patogum\u0105 ir saugum\u0105. Aktyviai \u012ftraukia \u0161launis, s\u0117dmenis ir dvigalvius \u0161launies raumenis, kartu suma\u017eindamas [&hellip;]<\/p>\n","protected":false},"featured_media":8781,"template":"","meta":{"_acf_changed":false},"product_brand":[817],"product_cat":[418],"product_tag":[393],"class_list":{"0":"post-9591","1":"product","2":"type-product","3":"status-publish","4":"has-post-thumbnail","6":"product_brand-gym-factory-lt","7":"product_cat-treniruokliu-priedai","8":"product_tag-spalva-nera-spalvu","10":"first","11":"instock","12":"taxable","13":"shipping-taxable","14":"purchasable","15":"product-type-simple"},"acf":[],"yoast_head":"<!-- This site is optimized with the Yoast SEO plugin v25.2 - https:\/\/yoast.com\/wordpress\/plugins\/seo\/ -->\n<title>TG-2XX dir\u017eas T\u016bpimo dir\u017eas - Sporto sal\u0117s \u012franga j\u0117gos treniruot\u0117ms<\/title>\n<meta name=\"description\" content=\"Treniruokit\u0117s protingiau su TG-2XX dir\u017eo prit\u016bpim\u0173 dir\u017eu. Tvirtas, atraminis sporto \u012frenginys, skirtas apatin\u0117s k\u016bno dalies j\u0117gos pratimams ir saugioms treniruot\u0117ms su k\u016bno svoriu.\" \/>\n<meta name=\"robots\" content=\"index, follow, max-snippet:-1, max-image-preview:large, max-video-preview:-1\" \/>\n<link rel=\"canonical\" href=\"https:\/\/gymfactory.eu\/lt\/produktas\/tg-2xx-dirzas-tupimo-dirzas\/\" \/>\n<meta property=\"og:locale\" content=\"lt_LT\" \/>\n<meta property=\"og:type\" content=\"article\" \/>\n<meta property=\"og:title\" content=\"TG-2XX dir\u017eas T\u016bpimo dir\u017eas - Sporto sal\u0117s \u012franga j\u0117gos treniruot\u0117ms\" \/>\n<meta property=\"og:description\" content=\"Treniruokit\u0117s protingiau su TG-2XX dir\u017eo prit\u016bpim\u0173 dir\u017eu. Tvirtas, atraminis sporto \u012frenginys, skirtas apatin\u0117s k\u016bno dalies j\u0117gos pratimams ir saugioms treniruot\u0117ms su k\u016bno svoriu.\" \/>\n<meta property=\"og:url\" content=\"https:\/\/gymfactory.eu\/lt\/produktas\/tg-2xx-dirzas-tupimo-dirzas\/\" \/>\n<meta property=\"og:site_name\" content=\"Gym Factory\" \/>\n<meta property=\"article:modified_time\" content=\"2026-01-23T12:53:04+00:00\" \/>\n<meta property=\"og:image\" content=\"https:\/\/gymfactory.eu\/wp-content\/uploads\/2025\/04\/TG-2XX-Belt-Squat-Belt-Side-View.webp\" \/>\n\t<meta property=\"og:image:width\" content=\"600\" \/>\n\t<meta property=\"og:image:height\" content=\"600\" \/>\n\t<meta property=\"og:image:type\" content=\"image\/webp\" \/>\n<meta name=\"twitter:card\" content=\"summary_large_image\" \/>\n<meta name=\"twitter:label1\" content=\"Est. reading time\" \/>\n\t<meta name=\"twitter:data1\" content=\"1 minut\u0117\" \/>\n<script type=\"application\/ld+json\" class=\"yoast-schema-graph\">{\"@context\":\"https:\/\/schema.org\",\"@graph\":[{\"@type\":\"WebPage\",\"@id\":\"https:\/\/gymfactory.eu\/lt\/produktas\/tg-2xx-dirzas-tupimo-dirzas\/\",\"url\":\"https:\/\/gymfactory.eu\/lt\/produktas\/tg-2xx-dirzas-tupimo-dirzas\/\",\"name\":\"TG-2XX dir\u017eas T\u016bpimo dir\u017eas - Sporto sal\u0117s \u012franga j\u0117gos treniruot\u0117ms\",\"isPartOf\":{\"@id\":\"https:\/\/gymfactory.eu\/lt\/#website\"},\"primaryImageOfPage\":{\"@id\":\"https:\/\/gymfactory.eu\/lt\/produktas\/tg-2xx-dirzas-tupimo-dirzas\/#primaryimage\"},\"image\":{\"@id\":\"https:\/\/gymfactory.eu\/lt\/produktas\/tg-2xx-dirzas-tupimo-dirzas\/#primaryimage\"},\"thumbnailUrl\":\"https:\/\/gymfactory.eu\/wp-content\/uploads\/2025\/04\/TG-2XX-Belt-Squat-Belt-Side-View.webp\",\"datePublished\":\"2025-04-09T07:06:20+00:00\",\"dateModified\":\"2026-01-23T12:53:04+00:00\",\"description\":\"Treniruokit\u0117s protingiau su TG-2XX dir\u017eo prit\u016bpim\u0173 dir\u017eu. Tvirtas, atraminis sporto \u012frenginys, skirtas apatin\u0117s k\u016bno dalies j\u0117gos pratimams ir saugioms treniruot\u0117ms su k\u016bno svoriu.\",\"breadcrumb\":{\"@id\":\"https:\/\/gymfactory.eu\/lt\/produktas\/tg-2xx-dirzas-tupimo-dirzas\/#breadcrumb\"},\"inLanguage\":\"lt-LT\",\"potentialAction\":[{\"@type\":\"ReadAction\",\"target\":[\"https:\/\/gymfactory.eu\/lt\/produktas\/tg-2xx-dirzas-tupimo-dirzas\/\"]}]},{\"@type\":\"ImageObject\",\"inLanguage\":\"lt-LT\",\"@id\":\"https:\/\/gymfactory.eu\/lt\/produktas\/tg-2xx-dirzas-tupimo-dirzas\/#primaryimage\",\"url\":\"https:\/\/gymfactory.eu\/wp-content\/uploads\/2025\/04\/TG-2XX-Belt-Squat-Belt-Side-View.webp\",\"contentUrl\":\"https:\/\/gymfactory.eu\/wp-content\/uploads\/2025\/04\/TG-2XX-Belt-Squat-Belt-Side-View.webp\",\"width\":600,\"height\":600,\"caption\":\"TG-2XX Belt prit\u016bpim\u0173 dir\u017eo \u0161oninis profilis, i\u0161 kurio matyti patvari konstrukcija ir reguliuojama atrama j\u0117gos pratimams ir k\u016bno svorio judesiams.\"},{\"@type\":\"BreadcrumbList\",\"@id\":\"https:\/\/gymfactory.eu\/lt\/produktas\/tg-2xx-dirzas-tupimo-dirzas\/#breadcrumb\",\"itemListElement\":[{\"@type\":\"ListItem\",\"position\":1,\"name\":\"Pagrindinis\",\"item\":\"https:\/\/gymfactory.eu\/lt\/\"},{\"@type\":\"ListItem\",\"position\":2,\"name\":\"Katalogas\",\"item\":\"https:\/\/gymfactory.eu\/lt\/katalogas\/\"},{\"@type\":\"ListItem\",\"position\":3,\"name\":\"TG2XX Prit\u016bpim\u0173 dir\u017eas\"}]},{\"@type\":\"WebSite\",\"@id\":\"https:\/\/gymfactory.eu\/lt\/#website\",\"url\":\"https:\/\/gymfactory.eu\/lt\/\",\"name\":\"Gym Factory\",\"description\":\"\",\"publisher\":{\"@id\":\"https:\/\/gymfactory.eu\/lt\/#organization\"},\"potentialAction\":[{\"@type\":\"SearchAction\",\"target\":{\"@type\":\"EntryPoint\",\"urlTemplate\":\"https:\/\/gymfactory.eu\/lt\/?s={search_term_string}\"},\"query-input\":{\"@type\":\"PropertyValueSpecification\",\"valueRequired\":true,\"valueName\":\"search_term_string\"}}],\"inLanguage\":\"lt-LT\"},{\"@type\":\"Organization\",\"@id\":\"https:\/\/gymfactory.eu\/lt\/#organization\",\"name\":\"Sporto sal\u0117s gamykla\",\"url\":\"https:\/\/gymfactory.eu\/lt\/\",\"logo\":{\"@type\":\"ImageObject\",\"inLanguage\":\"lt-LT\",\"@id\":\"https:\/\/gymfactory.eu\/lt\/#\/schema\/logo\/image\/\",\"url\":\"https:\/\/gymfactory.eu\/wp-content\/uploads\/2024\/11\/Component-1.svg\",\"contentUrl\":\"https:\/\/gymfactory.eu\/wp-content\/uploads\/2024\/11\/Component-1.svg\",\"width\":54,\"height\":44,\"caption\":\"Sporto sal\u0117s gamykla\"},\"image\":{\"@id\":\"https:\/\/gymfactory.eu\/lt\/#\/schema\/logo\/image\/\"}}]}<\/script>\n<!-- \/ Yoast SEO plugin. -->","yoast_head_json":{"title":"TG-2XX dir\u017eas T\u016bpimo dir\u017eas - Sporto sal\u0117s \u012franga j\u0117gos treniruot\u0117ms","description":"Treniruokit\u0117s protingiau su TG-2XX dir\u017eo prit\u016bpim\u0173 dir\u017eu. Tvirtas, atraminis sporto \u012frenginys, skirtas apatin\u0117s k\u016bno dalies j\u0117gos pratimams ir saugioms treniruot\u0117ms su k\u016bno svoriu.","robots":{"index":"index","follow":"follow","max-snippet":"max-snippet:-1","max-image-preview":"max-image-preview:large","max-video-preview":"max-video-preview:-1"},"canonical":"https:\/\/gymfactory.eu\/lt\/produktas\/tg-2xx-dirzas-tupimo-dirzas\/","og_locale":"lt_LT","og_type":"article","og_title":"TG-2XX dir\u017eas T\u016bpimo dir\u017eas - Sporto sal\u0117s \u012franga j\u0117gos treniruot\u0117ms","og_description":"Treniruokit\u0117s protingiau su TG-2XX dir\u017eo prit\u016bpim\u0173 dir\u017eu. Tvirtas, atraminis sporto \u012frenginys, skirtas apatin\u0117s k\u016bno dalies j\u0117gos pratimams ir saugioms treniruot\u0117ms su k\u016bno svoriu.","og_url":"https:\/\/gymfactory.eu\/lt\/produktas\/tg-2xx-dirzas-tupimo-dirzas\/","og_site_name":"Gym Factory","article_modified_time":"2026-01-23T12:53:04+00:00","og_image":[{"width":600,"height":600,"url":"https:\/\/gymfactory.eu\/wp-content\/uploads\/2025\/04\/TG-2XX-Belt-Squat-Belt-Side-View.webp","type":"image\/webp"}],"twitter_card":"summary_large_image","twitter_misc":{"Est. reading time":"1 minut\u0117"},"schema":{"@context":"https:\/\/schema.org","@graph":[{"@type":"WebPage","@id":"https:\/\/gymfactory.eu\/lt\/produktas\/tg-2xx-dirzas-tupimo-dirzas\/","url":"https:\/\/gymfactory.eu\/lt\/produktas\/tg-2xx-dirzas-tupimo-dirzas\/","name":"TG-2XX dir\u017eas T\u016bpimo dir\u017eas - Sporto sal\u0117s \u012franga j\u0117gos treniruot\u0117ms","isPartOf":{"@id":"https:\/\/gymfactory.eu\/lt\/#website"},"primaryImageOfPage":{"@id":"https:\/\/gymfactory.eu\/lt\/produktas\/tg-2xx-dirzas-tupimo-dirzas\/#primaryimage"},"image":{"@id":"https:\/\/gymfactory.eu\/lt\/produktas\/tg-2xx-dirzas-tupimo-dirzas\/#primaryimage"},"thumbnailUrl":"https:\/\/gymfactory.eu\/wp-content\/uploads\/2025\/04\/TG-2XX-Belt-Squat-Belt-Side-View.webp","datePublished":"2025-04-09T07:06:20+00:00","dateModified":"2026-01-23T12:53:04+00:00","description":"Treniruokit\u0117s protingiau su TG-2XX dir\u017eo prit\u016bpim\u0173 dir\u017eu. Tvirtas, atraminis sporto \u012frenginys, skirtas apatin\u0117s k\u016bno dalies j\u0117gos pratimams ir saugioms treniruot\u0117ms su k\u016bno svoriu.","breadcrumb":{"@id":"https:\/\/gymfactory.eu\/lt\/produktas\/tg-2xx-dirzas-tupimo-dirzas\/#breadcrumb"},"inLanguage":"lt-LT","potentialAction":[{"@type":"ReadAction","target":["https:\/\/gymfactory.eu\/lt\/produktas\/tg-2xx-dirzas-tupimo-dirzas\/"]}]},{"@type":"ImageObject","inLanguage":"lt-LT","@id":"https:\/\/gymfactory.eu\/lt\/produktas\/tg-2xx-dirzas-tupimo-dirzas\/#primaryimage","url":"https:\/\/gymfactory.eu\/wp-content\/uploads\/2025\/04\/TG-2XX-Belt-Squat-Belt-Side-View.webp","contentUrl":"https:\/\/gymfactory.eu\/wp-content\/uploads\/2025\/04\/TG-2XX-Belt-Squat-Belt-Side-View.webp","width":600,"height":600,"caption":"TG-2XX Belt prit\u016bpim\u0173 dir\u017eo \u0161oninis profilis, i\u0161 kurio matyti patvari konstrukcija ir reguliuojama atrama j\u0117gos pratimams ir k\u016bno svorio judesiams."},{"@type":"BreadcrumbList","@id":"https:\/\/gymfactory.eu\/lt\/produktas\/tg-2xx-dirzas-tupimo-dirzas\/#breadcrumb","itemListElement":[{"@type":"ListItem","position":1,"name":"Pagrindinis","item":"https:\/\/gymfactory.eu\/lt\/"},{"@type":"ListItem","position":2,"name":"Katalogas","item":"https:\/\/gymfactory.eu\/lt\/katalogas\/"},{"@type":"ListItem","position":3,"name":"TG2XX Prit\u016bpim\u0173 dir\u017eas"}]},{"@type":"WebSite","@id":"https:\/\/gymfactory.eu\/lt\/#website","url":"https:\/\/gymfactory.eu\/lt\/","name":"Gym Factory","description":"","publisher":{"@id":"https:\/\/gymfactory.eu\/lt\/#organization"},"potentialAction":[{"@type":"SearchAction","target":{"@type":"EntryPoint","urlTemplate":"https:\/\/gymfactory.eu\/lt\/?s={search_term_string}"},"query-input":{"@type":"PropertyValueSpecification","valueRequired":true,"valueName":"search_term_string"}}],"inLanguage":"lt-LT"},{"@type":"Organization","@id":"https:\/\/gymfactory.eu\/lt\/#organization","name":"Sporto sal\u0117s gamykla","url":"https:\/\/gymfactory.eu\/lt\/","logo":{"@type":"ImageObject","inLanguage":"lt-LT","@id":"https:\/\/gymfactory.eu\/lt\/#\/schema\/logo\/image\/","url":"https:\/\/gymfactory.eu\/wp-content\/uploads\/2024\/11\/Component-1.svg","contentUrl":"https:\/\/gymfactory.eu\/wp-content\/uploads\/2024\/11\/Component-1.svg","width":54,"height":44,"caption":"Sporto sal\u0117s gamykla"},"image":{"@id":"https:\/\/gymfactory.eu\/lt\/#\/schema\/logo\/image\/"}}]}},"_links":{"self":[{"href":"https:\/\/gymfactory.eu\/lt\/wp-json\/wp\/v2\/product\/9591","targetHints":{"allow":["GET"]}}],"collection":[{"href":"https:\/\/gymfactory.eu\/lt\/wp-json\/wp\/v2\/product"}],"about":[{"href":"https:\/\/gymfactory.eu\/lt\/wp-json\/wp\/v2\/types\/product"}],"wp:featuredmedia":[{"embeddable":true,"href":"https:\/\/gymfactory.eu\/lt\/wp-json\/wp\/v2\/media\/8781"}],"wp:attachment":[{"href":"https:\/\/gymfactory.eu\/lt\/wp-json\/wp\/v2\/media?parent=9591"}],"wp:term":[{"taxonomy":"product_brand","embeddable":true,"href":"https:\/\/gymfactory.eu\/lt\/wp-json\/wp\/v2\/product_brand?post=9591"},{"taxonomy":"product_cat","embeddable":true,"href":"https:\/\/gymfactory.eu\/lt\/wp-json\/wp\/v2\/product_cat?post=9591"},{"taxonomy":"product_tag","embeddable":true,"href":"https:\/\/gymfactory.eu\/lt\/wp-json\/wp\/v2\/product_tag?post=9591"}],"curies":[{"name":"wp","href":"https:\/\/api.w.org\/{rel}","templated":true}]}}