{"id":9590,"date":"2025-04-09T09:35:07","date_gmt":"2025-04-09T06:35:07","guid":{"rendered":"https:\/\/gymfactory.eu\/product\/tg-2x-imerkimo-dirzas-su-grandine\/"},"modified":"2026-01-23T14:53:22","modified_gmt":"2026-01-23T12:53:22","slug":"tg-2x-imerkimo-dirzas-su-grandine","status":"publish","type":"product","link":"https:\/\/gymfactory.eu\/lt\/produktas\/tg-2x-imerkimo-dirzas-su-grandine\/","title":{"rendered":"TG2X Dir\u017eas su grandine"},"content":{"rendered":"<p>TG\u20132X dir\u017eas su grandine \u2013 sporto \u012franga papildomam svoriui pritvirtinti k\u016bno svorio ir j\u0117gos treniruot\u0117se. Tinka lygiagre\u010di\u0173 atsispaudimams, prisitraukimams ar prit\u016bpimams su papildomu svoriu \u2013 leid\u017eia progresyviai didinti kr\u016bv\u012f.<\/p>\n<p>Plati atramin\u0117 juosta ir tvirta metalin\u0117 grandin\u0117 u\u017etikrina stabil\u0173 svorio paskirstym\u0105 ir saug\u0173 pritvirtinim\u0105. Patikimas \u012frankis j\u0117gai auginti ir treniruo\u010di\u0173 intensyvumui kelti atliekant pilnos amplitud\u0117s judesius.<\/p>\n\n    <div class=\"xs_social_share_widget xs_share_url after_content \t\tmain_content  wslu-style-1 wslu-share-box-shaped wslu-fill-colored wslu-none wslu-share-horizontal wslu-theme-font-no wslu-main_content\">\n\n\t\t\n        <ul>\n\t\t\t        <\/ul>\n    <\/div> \n","protected":false},"excerpt":{"rendered":"<p>TG\u20132X dir\u017eas su grandine \u2013 sporto \u012franga papildomam svoriui pritvirtinti k\u016bno svorio ir j\u0117gos treniruot\u0117se. Tinka lygiagre\u010di\u0173 atsispaudimams, prisitraukimams ar prit\u016bpimams su papildomu svoriu \u2013 leid\u017eia progresyviai didinti kr\u016bv\u012f. Plati atramin\u0117 juosta ir tvirta metalin\u0117 grandin\u0117 u\u017etikrina stabil\u0173 svorio paskirstym\u0105 ir saug\u0173 pritvirtinim\u0105. Patikimas \u012frankis j\u0117gai auginti ir treniruo\u010di\u0173 intensyvumui kelti atliekant pilnos amplitud\u0117s judesius.<\/p>\n","protected":false},"featured_media":9162,"template":"","meta":{"_acf_changed":false},"product_brand":[817],"product_cat":[418],"product_tag":[393],"class_list":{"0":"post-9590","1":"product","2":"type-product","3":"status-publish","4":"has-post-thumbnail","6":"product_brand-gym-factory-lt","7":"product_cat-treniruokliu-priedai","8":"product_tag-spalva-nera-spalvu","10":"first","11":"instock","12":"taxable","13":"shipping-taxable","14":"purchasable","15":"product-type-simple"},"acf":[],"yoast_head":"<!-- This site is optimized with the Yoast SEO plugin v25.2 - https:\/\/yoast.com\/wordpress\/plugins\/seo\/ -->\n<title>TG-2X Dip dir\u017eas su grandine - treniruokli\u0173 sal\u0117s \u012franga j\u0117gos treniruot\u0117ms<\/title>\n<meta name=\"description\" content=\"Pagerinkite savo j\u0117gos treniruotes naudodami TG-2X dip dir\u017e\u0105 su grandine. Patvari sporto \u012franga, b\u016btina k\u016bno mas\u0117s treniruot\u0117ms.\" \/>\n<meta name=\"robots\" content=\"index, follow, max-snippet:-1, max-image-preview:large, max-video-preview:-1\" \/>\n<link rel=\"canonical\" href=\"https:\/\/gymfactory.eu\/lt\/produktas\/tg-2x-imerkimo-dirzas-su-grandine\/\" \/>\n<meta property=\"og:locale\" content=\"lt_LT\" \/>\n<meta property=\"og:type\" content=\"article\" \/>\n<meta property=\"og:title\" content=\"TG-2X Dip dir\u017eas su grandine - treniruokli\u0173 sal\u0117s \u012franga j\u0117gos treniruot\u0117ms\" \/>\n<meta property=\"og:description\" content=\"Pagerinkite savo j\u0117gos treniruotes naudodami TG-2X dip dir\u017e\u0105 su grandine. Patvari sporto \u012franga, b\u016btina k\u016bno mas\u0117s treniruot\u0117ms.\" \/>\n<meta property=\"og:url\" content=\"https:\/\/gymfactory.eu\/lt\/produktas\/tg-2x-imerkimo-dirzas-su-grandine\/\" \/>\n<meta property=\"og:site_name\" content=\"Gym Factory\" \/>\n<meta property=\"article:modified_time\" content=\"2026-01-23T12:53:22+00:00\" \/>\n<meta property=\"og:image\" content=\"https:\/\/gymfactory.eu\/wp-content\/uploads\/2025\/04\/TG-2-Dip-Belt-With-Chain-1.webp\" \/>\n\t<meta property=\"og:image:width\" content=\"1181\" \/>\n\t<meta property=\"og:image:height\" content=\"1181\" \/>\n\t<meta property=\"og:image:type\" content=\"image\/webp\" \/>\n<meta name=\"twitter:card\" content=\"summary_large_image\" \/>\n<meta name=\"twitter:label1\" content=\"Est. reading time\" \/>\n\t<meta name=\"twitter:data1\" content=\"1 minut\u0117\" \/>\n<script type=\"application\/ld+json\" class=\"yoast-schema-graph\">{\"@context\":\"https:\/\/schema.org\",\"@graph\":[{\"@type\":\"WebPage\",\"@id\":\"https:\/\/gymfactory.eu\/lt\/produktas\/tg-2x-imerkimo-dirzas-su-grandine\/\",\"url\":\"https:\/\/gymfactory.eu\/lt\/produktas\/tg-2x-imerkimo-dirzas-su-grandine\/\",\"name\":\"TG-2X Dip dir\u017eas su grandine - treniruokli\u0173 sal\u0117s \u012franga j\u0117gos treniruot\u0117ms\",\"isPartOf\":{\"@id\":\"https:\/\/gymfactory.eu\/lt\/#website\"},\"primaryImageOfPage\":{\"@id\":\"https:\/\/gymfactory.eu\/lt\/produktas\/tg-2x-imerkimo-dirzas-su-grandine\/#primaryimage\"},\"image\":{\"@id\":\"https:\/\/gymfactory.eu\/lt\/produktas\/tg-2x-imerkimo-dirzas-su-grandine\/#primaryimage\"},\"thumbnailUrl\":\"https:\/\/gymfactory.eu\/wp-content\/uploads\/2025\/04\/TG-2-Dip-Belt-With-Chain-1.webp\",\"datePublished\":\"2025-04-09T06:35:07+00:00\",\"dateModified\":\"2026-01-23T12:53:22+00:00\",\"description\":\"Pagerinkite savo j\u0117gos treniruotes naudodami TG-2X dip dir\u017e\u0105 su grandine. Patvari sporto \u012franga, b\u016btina k\u016bno mas\u0117s treniruot\u0117ms.\",\"breadcrumb\":{\"@id\":\"https:\/\/gymfactory.eu\/lt\/produktas\/tg-2x-imerkimo-dirzas-su-grandine\/#breadcrumb\"},\"inLanguage\":\"lt-LT\",\"potentialAction\":[{\"@type\":\"ReadAction\",\"target\":[\"https:\/\/gymfactory.eu\/lt\/produktas\/tg-2x-imerkimo-dirzas-su-grandine\/\"]}]},{\"@type\":\"ImageObject\",\"inLanguage\":\"lt-LT\",\"@id\":\"https:\/\/gymfactory.eu\/lt\/produktas\/tg-2x-imerkimo-dirzas-su-grandine\/#primaryimage\",\"url\":\"https:\/\/gymfactory.eu\/wp-content\/uploads\/2025\/04\/TG-2-Dip-Belt-With-Chain-1.webp\",\"contentUrl\":\"https:\/\/gymfactory.eu\/wp-content\/uploads\/2025\/04\/TG-2-Dip-Belt-With-Chain-1.webp\",\"width\":1181,\"height\":1181,\"caption\":\"Juodas TG-2X dip dir\u017eas su metaline grandine, skirtas j\u0117gos pratimams ir k\u016bno svorio treniruot\u0117ms, naudojant papildom\u0105 pasiprie\u0161inim\u0105, b\u016btina sporto sal\u0117s \u012franga pa\u017eengusiems treniruotis.\"},{\"@type\":\"BreadcrumbList\",\"@id\":\"https:\/\/gymfactory.eu\/lt\/produktas\/tg-2x-imerkimo-dirzas-su-grandine\/#breadcrumb\",\"itemListElement\":[{\"@type\":\"ListItem\",\"position\":1,\"name\":\"Pagrindinis\",\"item\":\"https:\/\/gymfactory.eu\/lt\/\"},{\"@type\":\"ListItem\",\"position\":2,\"name\":\"Katalogas\",\"item\":\"https:\/\/gymfactory.eu\/lt\/katalogas\/\"},{\"@type\":\"ListItem\",\"position\":3,\"name\":\"TG2X Dir\u017eas su grandine\"}]},{\"@type\":\"WebSite\",\"@id\":\"https:\/\/gymfactory.eu\/lt\/#website\",\"url\":\"https:\/\/gymfactory.eu\/lt\/\",\"name\":\"Gym Factory\",\"description\":\"\",\"publisher\":{\"@id\":\"https:\/\/gymfactory.eu\/lt\/#organization\"},\"potentialAction\":[{\"@type\":\"SearchAction\",\"target\":{\"@type\":\"EntryPoint\",\"urlTemplate\":\"https:\/\/gymfactory.eu\/lt\/?s={search_term_string}\"},\"query-input\":{\"@type\":\"PropertyValueSpecification\",\"valueRequired\":true,\"valueName\":\"search_term_string\"}}],\"inLanguage\":\"lt-LT\"},{\"@type\":\"Organization\",\"@id\":\"https:\/\/gymfactory.eu\/lt\/#organization\",\"name\":\"Sporto sal\u0117s gamykla\",\"url\":\"https:\/\/gymfactory.eu\/lt\/\",\"logo\":{\"@type\":\"ImageObject\",\"inLanguage\":\"lt-LT\",\"@id\":\"https:\/\/gymfactory.eu\/lt\/#\/schema\/logo\/image\/\",\"url\":\"https:\/\/gymfactory.eu\/wp-content\/uploads\/2024\/11\/Component-1.svg\",\"contentUrl\":\"https:\/\/gymfactory.eu\/wp-content\/uploads\/2024\/11\/Component-1.svg\",\"width\":54,\"height\":44,\"caption\":\"Sporto sal\u0117s gamykla\"},\"image\":{\"@id\":\"https:\/\/gymfactory.eu\/lt\/#\/schema\/logo\/image\/\"}}]}<\/script>\n<!-- \/ Yoast SEO plugin. -->","yoast_head_json":{"title":"TG-2X Dip dir\u017eas su grandine - treniruokli\u0173 sal\u0117s \u012franga j\u0117gos treniruot\u0117ms","description":"Pagerinkite savo j\u0117gos treniruotes naudodami TG-2X dip dir\u017e\u0105 su grandine. Patvari sporto \u012franga, b\u016btina k\u016bno mas\u0117s treniruot\u0117ms.","robots":{"index":"index","follow":"follow","max-snippet":"max-snippet:-1","max-image-preview":"max-image-preview:large","max-video-preview":"max-video-preview:-1"},"canonical":"https:\/\/gymfactory.eu\/lt\/produktas\/tg-2x-imerkimo-dirzas-su-grandine\/","og_locale":"lt_LT","og_type":"article","og_title":"TG-2X Dip dir\u017eas su grandine - treniruokli\u0173 sal\u0117s \u012franga j\u0117gos treniruot\u0117ms","og_description":"Pagerinkite savo j\u0117gos treniruotes naudodami TG-2X dip dir\u017e\u0105 su grandine. Patvari sporto \u012franga, b\u016btina k\u016bno mas\u0117s treniruot\u0117ms.","og_url":"https:\/\/gymfactory.eu\/lt\/produktas\/tg-2x-imerkimo-dirzas-su-grandine\/","og_site_name":"Gym Factory","article_modified_time":"2026-01-23T12:53:22+00:00","og_image":[{"width":1181,"height":1181,"url":"https:\/\/gymfactory.eu\/wp-content\/uploads\/2025\/04\/TG-2-Dip-Belt-With-Chain-1.webp","type":"image\/webp"}],"twitter_card":"summary_large_image","twitter_misc":{"Est. reading time":"1 minut\u0117"},"schema":{"@context":"https:\/\/schema.org","@graph":[{"@type":"WebPage","@id":"https:\/\/gymfactory.eu\/lt\/produktas\/tg-2x-imerkimo-dirzas-su-grandine\/","url":"https:\/\/gymfactory.eu\/lt\/produktas\/tg-2x-imerkimo-dirzas-su-grandine\/","name":"TG-2X Dip dir\u017eas su grandine - treniruokli\u0173 sal\u0117s \u012franga j\u0117gos treniruot\u0117ms","isPartOf":{"@id":"https:\/\/gymfactory.eu\/lt\/#website"},"primaryImageOfPage":{"@id":"https:\/\/gymfactory.eu\/lt\/produktas\/tg-2x-imerkimo-dirzas-su-grandine\/#primaryimage"},"image":{"@id":"https:\/\/gymfactory.eu\/lt\/produktas\/tg-2x-imerkimo-dirzas-su-grandine\/#primaryimage"},"thumbnailUrl":"https:\/\/gymfactory.eu\/wp-content\/uploads\/2025\/04\/TG-2-Dip-Belt-With-Chain-1.webp","datePublished":"2025-04-09T06:35:07+00:00","dateModified":"2026-01-23T12:53:22+00:00","description":"Pagerinkite savo j\u0117gos treniruotes naudodami TG-2X dip dir\u017e\u0105 su grandine. Patvari sporto \u012franga, b\u016btina k\u016bno mas\u0117s treniruot\u0117ms.","breadcrumb":{"@id":"https:\/\/gymfactory.eu\/lt\/produktas\/tg-2x-imerkimo-dirzas-su-grandine\/#breadcrumb"},"inLanguage":"lt-LT","potentialAction":[{"@type":"ReadAction","target":["https:\/\/gymfactory.eu\/lt\/produktas\/tg-2x-imerkimo-dirzas-su-grandine\/"]}]},{"@type":"ImageObject","inLanguage":"lt-LT","@id":"https:\/\/gymfactory.eu\/lt\/produktas\/tg-2x-imerkimo-dirzas-su-grandine\/#primaryimage","url":"https:\/\/gymfactory.eu\/wp-content\/uploads\/2025\/04\/TG-2-Dip-Belt-With-Chain-1.webp","contentUrl":"https:\/\/gymfactory.eu\/wp-content\/uploads\/2025\/04\/TG-2-Dip-Belt-With-Chain-1.webp","width":1181,"height":1181,"caption":"Juodas TG-2X dip dir\u017eas su metaline grandine, skirtas j\u0117gos pratimams ir k\u016bno svorio treniruot\u0117ms, naudojant papildom\u0105 pasiprie\u0161inim\u0105, b\u016btina sporto sal\u0117s \u012franga pa\u017eengusiems treniruotis."},{"@type":"BreadcrumbList","@id":"https:\/\/gymfactory.eu\/lt\/produktas\/tg-2x-imerkimo-dirzas-su-grandine\/#breadcrumb","itemListElement":[{"@type":"ListItem","position":1,"name":"Pagrindinis","item":"https:\/\/gymfactory.eu\/lt\/"},{"@type":"ListItem","position":2,"name":"Katalogas","item":"https:\/\/gymfactory.eu\/lt\/katalogas\/"},{"@type":"ListItem","position":3,"name":"TG2X Dir\u017eas su grandine"}]},{"@type":"WebSite","@id":"https:\/\/gymfactory.eu\/lt\/#website","url":"https:\/\/gymfactory.eu\/lt\/","name":"Gym Factory","description":"","publisher":{"@id":"https:\/\/gymfactory.eu\/lt\/#organization"},"potentialAction":[{"@type":"SearchAction","target":{"@type":"EntryPoint","urlTemplate":"https:\/\/gymfactory.eu\/lt\/?s={search_term_string}"},"query-input":{"@type":"PropertyValueSpecification","valueRequired":true,"valueName":"search_term_string"}}],"inLanguage":"lt-LT"},{"@type":"Organization","@id":"https:\/\/gymfactory.eu\/lt\/#organization","name":"Sporto sal\u0117s gamykla","url":"https:\/\/gymfactory.eu\/lt\/","logo":{"@type":"ImageObject","inLanguage":"lt-LT","@id":"https:\/\/gymfactory.eu\/lt\/#\/schema\/logo\/image\/","url":"https:\/\/gymfactory.eu\/wp-content\/uploads\/2024\/11\/Component-1.svg","contentUrl":"https:\/\/gymfactory.eu\/wp-content\/uploads\/2024\/11\/Component-1.svg","width":54,"height":44,"caption":"Sporto sal\u0117s gamykla"},"image":{"@id":"https:\/\/gymfactory.eu\/lt\/#\/schema\/logo\/image\/"}}]}},"_links":{"self":[{"href":"https:\/\/gymfactory.eu\/lt\/wp-json\/wp\/v2\/product\/9590","targetHints":{"allow":["GET"]}}],"collection":[{"href":"https:\/\/gymfactory.eu\/lt\/wp-json\/wp\/v2\/product"}],"about":[{"href":"https:\/\/gymfactory.eu\/lt\/wp-json\/wp\/v2\/types\/product"}],"wp:featuredmedia":[{"embeddable":true,"href":"https:\/\/gymfactory.eu\/lt\/wp-json\/wp\/v2\/media\/9162"}],"wp:attachment":[{"href":"https:\/\/gymfactory.eu\/lt\/wp-json\/wp\/v2\/media?parent=9590"}],"wp:term":[{"taxonomy":"product_brand","embeddable":true,"href":"https:\/\/gymfactory.eu\/lt\/wp-json\/wp\/v2\/product_brand?post=9590"},{"taxonomy":"product_cat","embeddable":true,"href":"https:\/\/gymfactory.eu\/lt\/wp-json\/wp\/v2\/product_cat?post=9590"},{"taxonomy":"product_tag","embeddable":true,"href":"https:\/\/gymfactory.eu\/lt\/wp-json\/wp\/v2\/product_tag?post=9590"}],"curies":[{"name":"wp","href":"https:\/\/api.w.org\/{rel}","templated":true}]}}