{"id":9580,"date":"2025-04-23T12:50:56","date_gmt":"2025-04-23T09:50:56","guid":{"rendered":"https:\/\/gymfactory.eu\/product\/a1x2-hanteliu-spaudos-stovas\/"},"modified":"2025-12-03T12:46:33","modified_gmt":"2025-12-03T10:46:33","slug":"a1x2-hanteliu-spaudos-stovas","status":"publish","type":"product","link":"https:\/\/gymfactory.eu\/lt\/produktas\/a1x2-hanteliu-spaudos-stovas\/","title":{"rendered":"A1X2 Hanteli\u0173 spaudimo stovas"},"content":{"rendered":"<p>A1X2 hanteli\u0173 spaudimo stovas \u2013 specializuotas sprendimas, sukurtas saugesniam ir stabilesniam hanteli\u0173 spaudimui gulint. Padeda sportuojantiems patogiai ir tiksliai pozicionuoti save prie\u0161 atliekant kr\u016btin\u0117s spaudimo pratimus su didesniu svoriu.<\/p>\n<p>Stovo laikikli\u0173 auk\u0161tis reguliuojamas pagal naudotojo rank\u0173 ilg\u012f \u2013 tai leid\u017eia lengviau pasiekti hantelius i\u0161 nat\u016bralios spaudimo pad\u0117ties. Kiekvienas laikiklis pritvirtintas ant lankstaus mechanizmo, kuris pasisuka \u012f priek\u012f, priartindamas hantel\u012f treniruot\u0117s prad\u017eioje. Pak\u0117lus svor\u012f, laikiklis automati\u0161kai gr\u012f\u017eta \u012f pradin\u0119 pad\u0117t\u012f, taip suma\u017eindamas apkrov\u0105 pe\u010diams.<\/p>\n<p>\u0160is sprendimas ypa\u010d naudingas sportuojant vienam \u2013 padidina saugum\u0105 ir komfort\u0105 spaudimo metu su sunkesniais svoriais.<\/p>\n\n    <div class=\"xs_social_share_widget xs_share_url after_content \t\tmain_content  wslu-style-1 wslu-share-box-shaped wslu-fill-colored wslu-none wslu-share-horizontal wslu-theme-font-no wslu-main_content\">\n\n\t\t\n        <ul>\n\t\t\t        <\/ul>\n    <\/div> \n","protected":false},"excerpt":{"rendered":"<p>A1X2 hanteli\u0173 spaudimo stovas \u2013 specializuotas sprendimas, sukurtas saugesniam ir stabilesniam hanteli\u0173 spaudimui gulint. Padeda sportuojantiems patogiai ir tiksliai pozicionuoti save prie\u0161 atliekant kr\u016btin\u0117s spaudimo pratimus su didesniu svoriu. Stovo laikikli\u0173 auk\u0161tis reguliuojamas pagal naudotojo rank\u0173 ilg\u012f \u2013 tai leid\u017eia lengviau pasiekti hantelius i\u0161 nat\u016bralios spaudimo pad\u0117ties. Kiekvienas laikiklis pritvirtintas ant lankstaus mechanizmo, kuris pasisuka [&hellip;]<\/p>\n","protected":false},"featured_media":8993,"template":"","meta":{"_acf_changed":false},"product_brand":[817],"product_cat":[437],"product_tag":[],"class_list":{"0":"post-9580","1":"product","2":"type-product","3":"status-publish","4":"has-post-thumbnail","6":"product_brand-gym-factory-lt","7":"product_cat-treniruociu-suolai","9":"first","10":"onbackorder","11":"taxable","12":"shipping-taxable","13":"purchasable","14":"product-type-variable","15":"has-default-attributes"},"acf":[],"yoast_head":"<!-- This site is optimized with the Yoast SEO plugin v25.2 - https:\/\/yoast.com\/wordpress\/plugins\/seo\/ -->\n<title>A1x2 hanteliai plok\u0161\u010diojo suoliuko presas Sporto sal\u0117s \u012franga i\u0161 &quot;Gym Factory<\/title>\n<meta name=\"description\" content=\"Hanteliai plok\u0161\u010dias suoliukas spaudos stovas yra gera sporto sal\u0117s \u012franga universaliems kr\u016btin\u0117s ir vir\u0161utin\u0117s k\u016bno dalies treniruot\u0117ms. Reguliuojamas, tvirtas, i\u0161laiko iki 500 kg svor\u012f.\" \/>\n<meta name=\"robots\" content=\"index, follow, max-snippet:-1, max-image-preview:large, max-video-preview:-1\" \/>\n<link rel=\"canonical\" href=\"https:\/\/gymfactory.eu\/lt\/produktas\/a1x2-hanteliu-spaudos-stovas\/\" \/>\n<meta property=\"og:locale\" content=\"lt_LT\" \/>\n<meta property=\"og:type\" content=\"article\" \/>\n<meta property=\"og:title\" content=\"A1x2 hanteliai plok\u0161\u010diojo suoliuko presas Sporto sal\u0117s \u012franga i\u0161 &quot;Gym Factory\" \/>\n<meta property=\"og:description\" content=\"Hanteliai plok\u0161\u010dias suoliukas spaudos stovas yra gera sporto sal\u0117s \u012franga universaliems kr\u016btin\u0117s ir vir\u0161utin\u0117s k\u016bno dalies treniruot\u0117ms. Reguliuojamas, tvirtas, i\u0161laiko iki 500 kg svor\u012f.\" \/>\n<meta property=\"og:url\" content=\"https:\/\/gymfactory.eu\/lt\/produktas\/a1x2-hanteliu-spaudos-stovas\/\" \/>\n<meta property=\"og:site_name\" content=\"Gym Factory\" \/>\n<meta property=\"article:modified_time\" content=\"2025-12-03T10:46:33+00:00\" \/>\n<meta property=\"og:image\" content=\"https:\/\/gymfactory.eu\/wp-content\/uploads\/2025\/04\/A1X2-Dumbbells-Bench-Press.webp\" \/>\n\t<meta property=\"og:image:width\" content=\"1500\" \/>\n\t<meta property=\"og:image:height\" content=\"1500\" \/>\n\t<meta property=\"og:image:type\" content=\"image\/webp\" \/>\n<meta name=\"twitter:card\" content=\"summary_large_image\" \/>\n<meta name=\"twitter:label1\" content=\"Est. reading time\" \/>\n\t<meta name=\"twitter:data1\" content=\"1 minut\u0117\" \/>\n<script type=\"application\/ld+json\" class=\"yoast-schema-graph\">{\"@context\":\"https:\/\/schema.org\",\"@graph\":[{\"@type\":\"WebPage\",\"@id\":\"https:\/\/gymfactory.eu\/lt\/produktas\/a1x2-hanteliu-spaudos-stovas\/\",\"url\":\"https:\/\/gymfactory.eu\/lt\/produktas\/a1x2-hanteliu-spaudos-stovas\/\",\"name\":\"A1x2 hanteliai plok\u0161\u010diojo suoliuko presas Sporto sal\u0117s \u012franga i\u0161 \\\"Gym Factory\",\"isPartOf\":{\"@id\":\"https:\/\/gymfactory.eu\/lt\/#website\"},\"primaryImageOfPage\":{\"@id\":\"https:\/\/gymfactory.eu\/lt\/produktas\/a1x2-hanteliu-spaudos-stovas\/#primaryimage\"},\"image\":{\"@id\":\"https:\/\/gymfactory.eu\/lt\/produktas\/a1x2-hanteliu-spaudos-stovas\/#primaryimage\"},\"thumbnailUrl\":\"https:\/\/gymfactory.eu\/wp-content\/uploads\/2025\/04\/A1X2-Dumbbells-Bench-Press.webp\",\"datePublished\":\"2025-04-23T09:50:56+00:00\",\"dateModified\":\"2025-12-03T10:46:33+00:00\",\"description\":\"Hanteliai plok\u0161\u010dias suoliukas spaudos stovas yra gera sporto sal\u0117s \u012franga universaliems kr\u016btin\u0117s ir vir\u0161utin\u0117s k\u016bno dalies treniruot\u0117ms. Reguliuojamas, tvirtas, i\u0161laiko iki 500 kg svor\u012f.\",\"breadcrumb\":{\"@id\":\"https:\/\/gymfactory.eu\/lt\/produktas\/a1x2-hanteliu-spaudos-stovas\/#breadcrumb\"},\"inLanguage\":\"lt-LT\",\"potentialAction\":[{\"@type\":\"ReadAction\",\"target\":[\"https:\/\/gymfactory.eu\/lt\/produktas\/a1x2-hanteliu-spaudos-stovas\/\"]}]},{\"@type\":\"ImageObject\",\"inLanguage\":\"lt-LT\",\"@id\":\"https:\/\/gymfactory.eu\/lt\/produktas\/a1x2-hanteliu-spaudos-stovas\/#primaryimage\",\"url\":\"https:\/\/gymfactory.eu\/wp-content\/uploads\/2025\/04\/A1X2-Dumbbells-Bench-Press.webp\",\"contentUrl\":\"https:\/\/gymfactory.eu\/wp-content\/uploads\/2025\/04\/A1X2-Dumbbells-Bench-Press.webp\",\"width\":1500,\"height\":1500,\"caption\":\"Komercin\u0117s klas\u0117s plok\u0161\u010dias hanteli\u0173 stovas, skirtas sporto sal\u0117s \u012frangai, su pamink\u0161tintu plok\u0161\u010diu suolu ir tvirtomis plienin\u0117mis atramomis efektyviems j\u0117gos pratimams atlikti.\"},{\"@type\":\"BreadcrumbList\",\"@id\":\"https:\/\/gymfactory.eu\/lt\/produktas\/a1x2-hanteliu-spaudos-stovas\/#breadcrumb\",\"itemListElement\":[{\"@type\":\"ListItem\",\"position\":1,\"name\":\"Pagrindinis\",\"item\":\"https:\/\/gymfactory.eu\/lt\/\"},{\"@type\":\"ListItem\",\"position\":2,\"name\":\"Katalogas\",\"item\":\"https:\/\/gymfactory.eu\/lt\/katalogas\/\"},{\"@type\":\"ListItem\",\"position\":3,\"name\":\"A1X2 Hanteli\u0173 spaudimo stovas\"}]},{\"@type\":\"WebSite\",\"@id\":\"https:\/\/gymfactory.eu\/lt\/#website\",\"url\":\"https:\/\/gymfactory.eu\/lt\/\",\"name\":\"Gym Factory\",\"description\":\"\",\"publisher\":{\"@id\":\"https:\/\/gymfactory.eu\/lt\/#organization\"},\"potentialAction\":[{\"@type\":\"SearchAction\",\"target\":{\"@type\":\"EntryPoint\",\"urlTemplate\":\"https:\/\/gymfactory.eu\/lt\/?s={search_term_string}\"},\"query-input\":{\"@type\":\"PropertyValueSpecification\",\"valueRequired\":true,\"valueName\":\"search_term_string\"}}],\"inLanguage\":\"lt-LT\"},{\"@type\":\"Organization\",\"@id\":\"https:\/\/gymfactory.eu\/lt\/#organization\",\"name\":\"Sporto sal\u0117s gamykla\",\"url\":\"https:\/\/gymfactory.eu\/lt\/\",\"logo\":{\"@type\":\"ImageObject\",\"inLanguage\":\"lt-LT\",\"@id\":\"https:\/\/gymfactory.eu\/lt\/#\/schema\/logo\/image\/\",\"url\":\"https:\/\/gymfactory.eu\/wp-content\/uploads\/2024\/11\/Component-1.svg\",\"contentUrl\":\"https:\/\/gymfactory.eu\/wp-content\/uploads\/2024\/11\/Component-1.svg\",\"width\":54,\"height\":44,\"caption\":\"Sporto sal\u0117s gamykla\"},\"image\":{\"@id\":\"https:\/\/gymfactory.eu\/lt\/#\/schema\/logo\/image\/\"}}]}<\/script>\n<!-- \/ Yoast SEO plugin. -->","yoast_head_json":{"title":"A1x2 hanteliai plok\u0161\u010diojo suoliuko presas Sporto sal\u0117s \u012franga i\u0161 \"Gym Factory","description":"Hanteliai plok\u0161\u010dias suoliukas spaudos stovas yra gera sporto sal\u0117s \u012franga universaliems kr\u016btin\u0117s ir vir\u0161utin\u0117s k\u016bno dalies treniruot\u0117ms. Reguliuojamas, tvirtas, i\u0161laiko iki 500 kg svor\u012f.","robots":{"index":"index","follow":"follow","max-snippet":"max-snippet:-1","max-image-preview":"max-image-preview:large","max-video-preview":"max-video-preview:-1"},"canonical":"https:\/\/gymfactory.eu\/lt\/produktas\/a1x2-hanteliu-spaudos-stovas\/","og_locale":"lt_LT","og_type":"article","og_title":"A1x2 hanteliai plok\u0161\u010diojo suoliuko presas Sporto sal\u0117s \u012franga i\u0161 \"Gym Factory","og_description":"Hanteliai plok\u0161\u010dias suoliukas spaudos stovas yra gera sporto sal\u0117s \u012franga universaliems kr\u016btin\u0117s ir vir\u0161utin\u0117s k\u016bno dalies treniruot\u0117ms. Reguliuojamas, tvirtas, i\u0161laiko iki 500 kg svor\u012f.","og_url":"https:\/\/gymfactory.eu\/lt\/produktas\/a1x2-hanteliu-spaudos-stovas\/","og_site_name":"Gym Factory","article_modified_time":"2025-12-03T10:46:33+00:00","og_image":[{"width":1500,"height":1500,"url":"https:\/\/gymfactory.eu\/wp-content\/uploads\/2025\/04\/A1X2-Dumbbells-Bench-Press.webp","type":"image\/webp"}],"twitter_card":"summary_large_image","twitter_misc":{"Est. reading time":"1 minut\u0117"},"schema":{"@context":"https:\/\/schema.org","@graph":[{"@type":"WebPage","@id":"https:\/\/gymfactory.eu\/lt\/produktas\/a1x2-hanteliu-spaudos-stovas\/","url":"https:\/\/gymfactory.eu\/lt\/produktas\/a1x2-hanteliu-spaudos-stovas\/","name":"A1x2 hanteliai plok\u0161\u010diojo suoliuko presas Sporto sal\u0117s \u012franga i\u0161 \"Gym Factory","isPartOf":{"@id":"https:\/\/gymfactory.eu\/lt\/#website"},"primaryImageOfPage":{"@id":"https:\/\/gymfactory.eu\/lt\/produktas\/a1x2-hanteliu-spaudos-stovas\/#primaryimage"},"image":{"@id":"https:\/\/gymfactory.eu\/lt\/produktas\/a1x2-hanteliu-spaudos-stovas\/#primaryimage"},"thumbnailUrl":"https:\/\/gymfactory.eu\/wp-content\/uploads\/2025\/04\/A1X2-Dumbbells-Bench-Press.webp","datePublished":"2025-04-23T09:50:56+00:00","dateModified":"2025-12-03T10:46:33+00:00","description":"Hanteliai plok\u0161\u010dias suoliukas spaudos stovas yra gera sporto sal\u0117s \u012franga universaliems kr\u016btin\u0117s ir vir\u0161utin\u0117s k\u016bno dalies treniruot\u0117ms. Reguliuojamas, tvirtas, i\u0161laiko iki 500 kg svor\u012f.","breadcrumb":{"@id":"https:\/\/gymfactory.eu\/lt\/produktas\/a1x2-hanteliu-spaudos-stovas\/#breadcrumb"},"inLanguage":"lt-LT","potentialAction":[{"@type":"ReadAction","target":["https:\/\/gymfactory.eu\/lt\/produktas\/a1x2-hanteliu-spaudos-stovas\/"]}]},{"@type":"ImageObject","inLanguage":"lt-LT","@id":"https:\/\/gymfactory.eu\/lt\/produktas\/a1x2-hanteliu-spaudos-stovas\/#primaryimage","url":"https:\/\/gymfactory.eu\/wp-content\/uploads\/2025\/04\/A1X2-Dumbbells-Bench-Press.webp","contentUrl":"https:\/\/gymfactory.eu\/wp-content\/uploads\/2025\/04\/A1X2-Dumbbells-Bench-Press.webp","width":1500,"height":1500,"caption":"Komercin\u0117s klas\u0117s plok\u0161\u010dias hanteli\u0173 stovas, skirtas sporto sal\u0117s \u012frangai, su pamink\u0161tintu plok\u0161\u010diu suolu ir tvirtomis plienin\u0117mis atramomis efektyviems j\u0117gos pratimams atlikti."},{"@type":"BreadcrumbList","@id":"https:\/\/gymfactory.eu\/lt\/produktas\/a1x2-hanteliu-spaudos-stovas\/#breadcrumb","itemListElement":[{"@type":"ListItem","position":1,"name":"Pagrindinis","item":"https:\/\/gymfactory.eu\/lt\/"},{"@type":"ListItem","position":2,"name":"Katalogas","item":"https:\/\/gymfactory.eu\/lt\/katalogas\/"},{"@type":"ListItem","position":3,"name":"A1X2 Hanteli\u0173 spaudimo stovas"}]},{"@type":"WebSite","@id":"https:\/\/gymfactory.eu\/lt\/#website","url":"https:\/\/gymfactory.eu\/lt\/","name":"Gym Factory","description":"","publisher":{"@id":"https:\/\/gymfactory.eu\/lt\/#organization"},"potentialAction":[{"@type":"SearchAction","target":{"@type":"EntryPoint","urlTemplate":"https:\/\/gymfactory.eu\/lt\/?s={search_term_string}"},"query-input":{"@type":"PropertyValueSpecification","valueRequired":true,"valueName":"search_term_string"}}],"inLanguage":"lt-LT"},{"@type":"Organization","@id":"https:\/\/gymfactory.eu\/lt\/#organization","name":"Sporto sal\u0117s gamykla","url":"https:\/\/gymfactory.eu\/lt\/","logo":{"@type":"ImageObject","inLanguage":"lt-LT","@id":"https:\/\/gymfactory.eu\/lt\/#\/schema\/logo\/image\/","url":"https:\/\/gymfactory.eu\/wp-content\/uploads\/2024\/11\/Component-1.svg","contentUrl":"https:\/\/gymfactory.eu\/wp-content\/uploads\/2024\/11\/Component-1.svg","width":54,"height":44,"caption":"Sporto sal\u0117s gamykla"},"image":{"@id":"https:\/\/gymfactory.eu\/lt\/#\/schema\/logo\/image\/"}}]}},"_links":{"self":[{"href":"https:\/\/gymfactory.eu\/lt\/wp-json\/wp\/v2\/product\/9580","targetHints":{"allow":["GET"]}}],"collection":[{"href":"https:\/\/gymfactory.eu\/lt\/wp-json\/wp\/v2\/product"}],"about":[{"href":"https:\/\/gymfactory.eu\/lt\/wp-json\/wp\/v2\/types\/product"}],"wp:featuredmedia":[{"embeddable":true,"href":"https:\/\/gymfactory.eu\/lt\/wp-json\/wp\/v2\/media\/8993"}],"wp:attachment":[{"href":"https:\/\/gymfactory.eu\/lt\/wp-json\/wp\/v2\/media?parent=9580"}],"wp:term":[{"taxonomy":"product_brand","embeddable":true,"href":"https:\/\/gymfactory.eu\/lt\/wp-json\/wp\/v2\/product_brand?post=9580"},{"taxonomy":"product_cat","embeddable":true,"href":"https:\/\/gymfactory.eu\/lt\/wp-json\/wp\/v2\/product_cat?post=9580"},{"taxonomy":"product_tag","embeddable":true,"href":"https:\/\/gymfactory.eu\/lt\/wp-json\/wp\/v2\/product_tag?post=9580"}],"curies":[{"name":"wp","href":"https:\/\/api.w.org\/{rel}","templated":true}]}}