{"id":9572,"date":"2025-04-04T11:05:43","date_gmt":"2025-04-04T08:05:43","guid":{"rendered":"https:\/\/gymfactory.eu\/product\/kulturistas-plienine-skulptura\/"},"modified":"2025-09-19T13:16:55","modified_gmt":"2025-09-19T10:16:55","slug":"kolosas-kulturisto-skulptura","status":"publish","type":"product","link":"https:\/\/gymfactory.eu\/lt\/produktas\/kolosas-kulturisto-skulptura\/","title":{"rendered":"GFV Kolosas"},"content":{"rendered":"<h3><span style=\"color: #ff0000;\">Apie skulpt\u016br\u0105<\/span><\/h3>\n<p>Kolosas \u2013 tai didel\u0117 plienin\u0117 fig\u016bra, sukurta kaip pagarba j\u0117gai, disciplinai ir susikaupimui. Sukurta poligoniniu stiliumi, ji atspindi tikras \u017emogaus proporcijas ir spinduliuoja galing\u0105 \u012fvaizd\u012f. Mes skyr\u0117me 12 m\u0117nesi\u0173 kiekvienam kampui ir pavir\u0161iui suprojektuoti bei pagaminti, kad k\u016brinys tur\u0117t\u0173 ir menin\u012f charakter\u012f, ir technin\u012f tikslum\u0105.<\/p>\n<h4>K\u0105 jis simbolizuoja<\/h4>\n<p>Ne kiekvienas sporto klubas gali tur\u0117ti Kolos\u0105. M\u016bs\u0173 vizija \u2013 kad tik <strong>geriausi 20% klub\u0173<\/strong>, atitinkan\u010di\u0173 profesionalaus sporto klubo standartus, \u012fgyja galimyb\u0119 tur\u0117ti skulpt\u016br\u0105. Kolosas \u2013 tai matomas simbolis, jog klubas pripa\u017e\u012fstamas kaip vieta, veikianti auk\u0161\u010diausiu lygiu ir priklauso geriausi\u0173j\u0173 gretoms.<\/p>\n<h3><span style=\"color: #ff0000;\">Apie GFV projekt\u0105<\/span><\/h3>\n<p>GFV (Gym Factory Verified) \u2013 tai m\u016bs\u0173 nauja tarptautin\u0117 sistema, kurios tikslas \u2013 atskirti profesionalius klubus nuo eilini\u0173 ir sukurti global\u0173 kokyb\u0117s \u017eenkl\u0105.<br \/>\n<strong>M\u016bs\u0173 siekis<\/strong> \u2013 suteikti sporto klubams presti\u017e\u0105 ir status\u0105, o sportininkams &#8211; daugiau pasitik\u0117jimo renkantis tinkam\u0105 viet\u0105 sportui.<\/p>\n<h4>Sistema ir \u017eem\u0117lapis<\/h4>\n<p>\u0160iuo metu <strong>kuriame GFV platform\u0105 su interaktyviu \u017eem\u0117lapiu.<\/strong> \u010cia bus rodomi visi klubai, kurie atitinka sertifikavimo kriterijus. Siekiame, kad sistema b\u016bt\u0173 patogi visiems \u2013 klubams, kurie nori save pristatyti, ir sportininkams, kurie ie\u0161ko geriausi\u0173 viet\u0173 sportui. Kiekvienas klubas tur\u0117s savo paskyr\u0105, gal\u0117s \u012fkelti nuotraukas, apra\u0161ymus, kainas ir kit\u0105 informacij\u0105, o vartotojai gal\u0117s greitai atrasti kokybi\u0161kus sporto klubus netoliese, naudodamiesi interaktyviu \u017eem\u0117lapiu.<\/p>\n<h4>Privalumai sportininkams<\/h4>\n<p>Naudodamiesi GFV platforma sportininkai gaus:<\/p>\n<p style=\"padding-left: 40px;\">\u2022 Patog\u0173 interaktyv\u0173 \u017eem\u0117lap\u012f su pa\u017eym\u0117tais sertifikuotais klubais,<br \/>\n\u2022 Ai\u0161ki\u0105 ir patikim\u0105 informacij\u0105 apie paslaugas, kainas, erdves ir nuotraukas,<br \/>\n\u2022 Sutaupyt\u0105 laik\u0105 ir u\u017etikrinim\u0105, kad klubas atitinka nustatytus standartus &#8211; tiek savo mieste, tiek keliaujant u\u017esienyje.<\/p>\n<h4>Privalumai sporto klubams<\/h4>\n<p>GFV suteikia klubams daugiau nei tik pripa\u017einim\u0105:<\/p>\n<p style=\"padding-left: 40px;\">\u2022 Konkurencinis prana\u0161umas, kuris padeda i\u0161siskirti i\u0161 kit\u0173 klub\u0173,<br \/>\n\u2022 Ilgalaik\u0117 reputacija \u2013 statusas, kuris kuria pasitik\u0117jim\u0105 met\u0173 metus,<br \/>\n\u2022 Pasaulinis matomumas interaktyvioje sistemoje ir \u017eem\u0117lapyje,<br \/>\n\u2022 Pilna kontrol\u0117 \u2013 galimyb\u0117 patiems valdyti savo profil\u012f, informacij\u0105 ir turin\u012f,<br \/>\n\u2022 Naryst\u0117 bendruomen\u0117je \u2013 prisijungimas prie tarptautin\u0117s sporto klub\u0173 bendruomen\u0117s,<br \/>\n\u2022 Patikimumo \u017eenklas, kuris \u012frodo j\u016bs\u0173 paslaug\u0173 kokyb\u0119.<\/p>\n<h4>Taikomi kriterijai<\/h4>\n<p>Norint patekti \u012f GFV sistem\u0105 ir gauti sertifikavim\u0105, klubai turi atitikti ai\u0161kius, pamatuojamus ir visiems vienodus reikalavimus. Pagrindiniai kriterijai:<\/p>\n<p style=\"padding-left: 40px;\">\u2022 Tinkama treniruo\u010di\u0173 sal\u0117s kvadrat\u016bra ir logi\u0161kas i\u0161planavimas,<br \/>\n\u2022 Pakankamas j\u0117gos treniruokli\u0173 ir kardio \u012frangos kiekis,<br \/>\n\u2022 Reikiamas spinteli\u0173, du\u0161\u0173 ir kit\u0173 patogum\u0173 skai\u010dius,<br \/>\n\u2022 \u0160vari, tvarkinga aplinka ir tinkamos oro s\u0105lygos,<br \/>\n\u2022 Profesionali atmosfera sportuojantiems.<\/p>\n<p>Visiems klubams, norintiems pretenduoti \u012f \u0161\u012f standart\u0105, pateiksime ai\u0161k\u0173 kriterij\u0173 s\u0105ra\u0161\u0105. Tai ne tik u\u017etikrina vienod\u0105 vertinim\u0105, bet ir padeda klubams suprasti savo stiprybes bei tobulintinas sritis.<\/p>\n<h4>Skaidrumo u\u017etikrinimo principai<\/h4>\n<p>Kad i\u0161vengtume interes\u0173 konflikto, GFV sistemoje \u012fdieg\u0117me ai\u0161kius mechanizmus, kurie garantuoja nepriklausom\u0105 vertinim\u0105:<\/p>\n<p style=\"padding-left: 40px;\">\u2022<strong> Nepriklausomi ekspertai<\/strong> \u2013 visus vertinimus atlieka i\u0161oriniai specialistai, nesusij\u0119 su \u012franga ar pardavimais,<br \/>\n\u2022<strong> Atskira GFV komanda<\/strong> \u2013 sprendimus priima atskiras padalinys, visi\u0161kai atskirtas nuo gamybos ir komercin\u0117s veiklos,<br \/>\n\u2022<strong> Vie\u0161i kriterijai<\/strong> \u2013 visi reikalavimai yra ai\u0161kiai apra\u0161yti ir taikomi vienodai kiekvienam klubui,<br \/>\n\u2022<strong> Objektyvus procesas<\/strong> \u2013 jokie \u012frangos gamintojai ar tiek\u0117jai negali tur\u0117ti \u012ftakos rezultatams.<\/p>\n<p><strong>Visa tai garantuoja, kad visi klubai vertinami vienodai ir be i\u0161im\u010di\u0173.<\/strong><\/p>\n<h3><span style=\"color: #ff0000;\">Koloso skulpt\u016bros technin\u0117s specifikacijos<\/span><\/h3>\n<p style=\"padding-left: 40px;\"><strong>\u2022 Med\u017eiaga:<\/strong> kalibruotas S355 plienas<br \/>\n<strong>\u2022 Storis:<\/strong> 2\u20134 mm (priklausomai nuo auk\u0161\u010dio)<br \/>\n<strong>\u2022 Auk\u0161tis:<\/strong> nuo 230 iki 500 cm<br \/>\n<strong>\u2022 Mas\u0117:<\/strong> nuo 110 iki 500 kg<br \/>\n<strong>\u2022 Pavir\u0161iaus danga:<\/strong> miltelinis da\u017eymas \u2013 skaidrus blizgus lakas (i\u0161ry\u0161kina nat\u016brali\u0105 plieno tekst\u016br\u0105)<br \/>\n<strong>\u2022 Pritaikymas:<\/strong> vidaus arba lauko erdv\u0117ms<br \/>\n<strong>\u2022 Konstrukcija:<\/strong> i\u0161ardoma \u012f 2\u20133 dalis transportavimui ir montavimui<br \/>\n<strong>\u2022 Pagrindas:<\/strong> 4 integruotos vandeniui atsparios ap\u0161vietimo lempos + 4 i\u0161gr\u0119\u017etos tvirtinimo angos<\/p>\n\n    <div class=\"xs_social_share_widget xs_share_url after_content \t\tmain_content  wslu-style-1 wslu-share-box-shaped wslu-fill-colored wslu-none wslu-share-horizontal wslu-theme-font-no wslu-main_content\">\n\n\t\t\n        <ul>\n\t\t\t        <\/ul>\n    <\/div> \n","protected":false},"excerpt":{"rendered":"<p>Apie skulpt\u016br\u0105 Kolosas \u2013 tai didel\u0117 plienin\u0117 fig\u016bra, sukurta kaip pagarba j\u0117gai, disciplinai ir susikaupimui. Sukurta poligoniniu stiliumi, ji atspindi tikras \u017emogaus proporcijas ir spinduliuoja galing\u0105 \u012fvaizd\u012f. Mes skyr\u0117me 12 m\u0117nesi\u0173 kiekvienam kampui ir pavir\u0161iui suprojektuoti bei pagaminti, kad k\u016brinys tur\u0117t\u0173 ir menin\u012f charakter\u012f, ir technin\u012f tikslum\u0105. K\u0105 jis simbolizuoja Ne kiekvienas sporto klubas gali [&hellip;]<\/p>\n","protected":false},"featured_media":8688,"template":"","meta":{"_acf_changed":false},"product_brand":[817],"product_cat":[451],"product_tag":[393],"class_list":{"0":"post-9572","1":"product","2":"type-product","3":"status-publish","4":"has-post-thumbnail","6":"product_brand-gym-factory-lt","7":"product_cat-skulpturos","8":"product_tag-spalva-nera-spalvu","10":"first","11":"outofstock","12":"taxable","13":"shipping-taxable","14":"purchasable","15":"product-type-simple"},"acf":[],"yoast_head":"<!-- This site is optimized with the Yoast SEO plugin v25.2 - https:\/\/yoast.com\/wordpress\/plugins\/seo\/ -->\n<title>GFV Kolosas \u2013 Kult\u016bristo Skulpt\u016bra ir Sporto Klub\u0173 Trof\u0117jus<\/title>\n<meta name=\"description\" content=\"GFV Kolosas \u2013 did\u017eiul\u0117 kult\u016bristo skulpt\u016bra ir sporto klub\u0173 trof\u0117jus. Ne vie\u0161ai parduodama, prieinama tik atrinktiems geriausiems klubams.\" \/>\n<meta name=\"robots\" content=\"index, follow, max-snippet:-1, max-image-preview:large, max-video-preview:-1\" \/>\n<link rel=\"canonical\" href=\"https:\/\/gymfactory.eu\/lt\/produktas\/kolosas-kulturisto-skulptura\/\" \/>\n<meta property=\"og:locale\" content=\"lt_LT\" \/>\n<meta property=\"og:type\" content=\"article\" \/>\n<meta property=\"og:title\" content=\"GFV Kolosas \u2013 Kult\u016bristo Skulpt\u016bra ir Sporto Klub\u0173 Trof\u0117jus\" \/>\n<meta property=\"og:description\" content=\"GFV Kolosas \u2013 did\u017eiul\u0117 kult\u016bristo skulpt\u016bra ir sporto klub\u0173 trof\u0117jus. Ne vie\u0161ai parduodama, prieinama tik atrinktiems geriausiems klubams.\" \/>\n<meta property=\"og:url\" content=\"https:\/\/gymfactory.eu\/lt\/produktas\/kolosas-kulturisto-skulptura\/\" \/>\n<meta property=\"og:site_name\" content=\"Gym Factory\" \/>\n<meta property=\"article:modified_time\" content=\"2025-09-19T10:16:55+00:00\" \/>\n<meta property=\"og:image\" content=\"https:\/\/gymfactory.eu\/wp-content\/uploads\/2025\/04\/steel-sculpture-bodybuilder-full-front.webp\" \/>\n\t<meta property=\"og:image:width\" content=\"1500\" \/>\n\t<meta property=\"og:image:height\" content=\"1500\" \/>\n\t<meta property=\"og:image:type\" content=\"image\/webp\" \/>\n<meta name=\"twitter:card\" content=\"summary_large_image\" \/>\n<meta name=\"twitter:label1\" content=\"Est. reading time\" \/>\n\t<meta name=\"twitter:data1\" content=\"3 minut\u0117s\" \/>\n<script type=\"application\/ld+json\" class=\"yoast-schema-graph\">{\"@context\":\"https:\/\/schema.org\",\"@graph\":[{\"@type\":\"WebPage\",\"@id\":\"https:\/\/gymfactory.eu\/lt\/produktas\/kolosas-kulturisto-skulptura\/\",\"url\":\"https:\/\/gymfactory.eu\/lt\/produktas\/kolosas-kulturisto-skulptura\/\",\"name\":\"GFV Kolosas \u2013 Kult\u016bristo Skulpt\u016bra ir Sporto Klub\u0173 Trof\u0117jus\",\"isPartOf\":{\"@id\":\"https:\/\/gymfactory.eu\/lt\/#website\"},\"primaryImageOfPage\":{\"@id\":\"https:\/\/gymfactory.eu\/lt\/produktas\/kolosas-kulturisto-skulptura\/#primaryimage\"},\"image\":{\"@id\":\"https:\/\/gymfactory.eu\/lt\/produktas\/kolosas-kulturisto-skulptura\/#primaryimage\"},\"thumbnailUrl\":\"https:\/\/gymfactory.eu\/wp-content\/uploads\/2025\/04\/steel-sculpture-bodybuilder-full-front.webp\",\"datePublished\":\"2025-04-04T08:05:43+00:00\",\"dateModified\":\"2025-09-19T10:16:55+00:00\",\"description\":\"GFV Kolosas \u2013 did\u017eiul\u0117 kult\u016bristo skulpt\u016bra ir sporto klub\u0173 trof\u0117jus. Ne vie\u0161ai parduodama, prieinama tik atrinktiems geriausiems klubams.\",\"breadcrumb\":{\"@id\":\"https:\/\/gymfactory.eu\/lt\/produktas\/kolosas-kulturisto-skulptura\/#breadcrumb\"},\"inLanguage\":\"lt-LT\",\"potentialAction\":[{\"@type\":\"ReadAction\",\"target\":[\"https:\/\/gymfactory.eu\/lt\/produktas\/kolosas-kulturisto-skulptura\/\"]}]},{\"@type\":\"ImageObject\",\"inLanguage\":\"lt-LT\",\"@id\":\"https:\/\/gymfactory.eu\/lt\/produktas\/kolosas-kulturisto-skulptura\/#primaryimage\",\"url\":\"https:\/\/gymfactory.eu\/wp-content\/uploads\/2025\/04\/steel-sculpture-bodybuilder-full-front.webp\",\"contentUrl\":\"https:\/\/gymfactory.eu\/wp-content\/uploads\/2025\/04\/steel-sculpture-bodybuilder-full-front.webp\",\"width\":1500,\"height\":1500,\"caption\":\"Plienin\u0117s skulpt\u016bros, vaizduojan\u010dios raumening\u0105 fig\u016br\u0105 klasikine lenkimo poza, vaizdas i\u0161 priekio, sukurtas pramoniniu tikslumu.\"},{\"@type\":\"BreadcrumbList\",\"@id\":\"https:\/\/gymfactory.eu\/lt\/produktas\/kolosas-kulturisto-skulptura\/#breadcrumb\",\"itemListElement\":[{\"@type\":\"ListItem\",\"position\":1,\"name\":\"Pagrindinis\",\"item\":\"https:\/\/gymfactory.eu\/lt\/\"},{\"@type\":\"ListItem\",\"position\":2,\"name\":\"Katalogas\",\"item\":\"https:\/\/gymfactory.eu\/lt\/katalogas\/\"},{\"@type\":\"ListItem\",\"position\":3,\"name\":\"GFV Kolosas\"}]},{\"@type\":\"WebSite\",\"@id\":\"https:\/\/gymfactory.eu\/lt\/#website\",\"url\":\"https:\/\/gymfactory.eu\/lt\/\",\"name\":\"Gym Factory\",\"description\":\"\",\"publisher\":{\"@id\":\"https:\/\/gymfactory.eu\/lt\/#organization\"},\"potentialAction\":[{\"@type\":\"SearchAction\",\"target\":{\"@type\":\"EntryPoint\",\"urlTemplate\":\"https:\/\/gymfactory.eu\/lt\/?s={search_term_string}\"},\"query-input\":{\"@type\":\"PropertyValueSpecification\",\"valueRequired\":true,\"valueName\":\"search_term_string\"}}],\"inLanguage\":\"lt-LT\"},{\"@type\":\"Organization\",\"@id\":\"https:\/\/gymfactory.eu\/lt\/#organization\",\"name\":\"Sporto sal\u0117s gamykla\",\"url\":\"https:\/\/gymfactory.eu\/lt\/\",\"logo\":{\"@type\":\"ImageObject\",\"inLanguage\":\"lt-LT\",\"@id\":\"https:\/\/gymfactory.eu\/lt\/#\/schema\/logo\/image\/\",\"url\":\"https:\/\/gymfactory.eu\/wp-content\/uploads\/2024\/11\/Component-1.svg\",\"contentUrl\":\"https:\/\/gymfactory.eu\/wp-content\/uploads\/2024\/11\/Component-1.svg\",\"width\":54,\"height\":44,\"caption\":\"Sporto sal\u0117s gamykla\"},\"image\":{\"@id\":\"https:\/\/gymfactory.eu\/lt\/#\/schema\/logo\/image\/\"}}]}<\/script>\n<!-- \/ Yoast SEO plugin. -->","yoast_head_json":{"title":"GFV Kolosas \u2013 Kult\u016bristo Skulpt\u016bra ir Sporto Klub\u0173 Trof\u0117jus","description":"GFV Kolosas \u2013 did\u017eiul\u0117 kult\u016bristo skulpt\u016bra ir sporto klub\u0173 trof\u0117jus. Ne vie\u0161ai parduodama, prieinama tik atrinktiems geriausiems klubams.","robots":{"index":"index","follow":"follow","max-snippet":"max-snippet:-1","max-image-preview":"max-image-preview:large","max-video-preview":"max-video-preview:-1"},"canonical":"https:\/\/gymfactory.eu\/lt\/produktas\/kolosas-kulturisto-skulptura\/","og_locale":"lt_LT","og_type":"article","og_title":"GFV Kolosas \u2013 Kult\u016bristo Skulpt\u016bra ir Sporto Klub\u0173 Trof\u0117jus","og_description":"GFV Kolosas \u2013 did\u017eiul\u0117 kult\u016bristo skulpt\u016bra ir sporto klub\u0173 trof\u0117jus. Ne vie\u0161ai parduodama, prieinama tik atrinktiems geriausiems klubams.","og_url":"https:\/\/gymfactory.eu\/lt\/produktas\/kolosas-kulturisto-skulptura\/","og_site_name":"Gym Factory","article_modified_time":"2025-09-19T10:16:55+00:00","og_image":[{"width":1500,"height":1500,"url":"https:\/\/gymfactory.eu\/wp-content\/uploads\/2025\/04\/steel-sculpture-bodybuilder-full-front.webp","type":"image\/webp"}],"twitter_card":"summary_large_image","twitter_misc":{"Est. reading time":"3 minut\u0117s"},"schema":{"@context":"https:\/\/schema.org","@graph":[{"@type":"WebPage","@id":"https:\/\/gymfactory.eu\/lt\/produktas\/kolosas-kulturisto-skulptura\/","url":"https:\/\/gymfactory.eu\/lt\/produktas\/kolosas-kulturisto-skulptura\/","name":"GFV Kolosas \u2013 Kult\u016bristo Skulpt\u016bra ir Sporto Klub\u0173 Trof\u0117jus","isPartOf":{"@id":"https:\/\/gymfactory.eu\/lt\/#website"},"primaryImageOfPage":{"@id":"https:\/\/gymfactory.eu\/lt\/produktas\/kolosas-kulturisto-skulptura\/#primaryimage"},"image":{"@id":"https:\/\/gymfactory.eu\/lt\/produktas\/kolosas-kulturisto-skulptura\/#primaryimage"},"thumbnailUrl":"https:\/\/gymfactory.eu\/wp-content\/uploads\/2025\/04\/steel-sculpture-bodybuilder-full-front.webp","datePublished":"2025-04-04T08:05:43+00:00","dateModified":"2025-09-19T10:16:55+00:00","description":"GFV Kolosas \u2013 did\u017eiul\u0117 kult\u016bristo skulpt\u016bra ir sporto klub\u0173 trof\u0117jus. Ne vie\u0161ai parduodama, prieinama tik atrinktiems geriausiems klubams.","breadcrumb":{"@id":"https:\/\/gymfactory.eu\/lt\/produktas\/kolosas-kulturisto-skulptura\/#breadcrumb"},"inLanguage":"lt-LT","potentialAction":[{"@type":"ReadAction","target":["https:\/\/gymfactory.eu\/lt\/produktas\/kolosas-kulturisto-skulptura\/"]}]},{"@type":"ImageObject","inLanguage":"lt-LT","@id":"https:\/\/gymfactory.eu\/lt\/produktas\/kolosas-kulturisto-skulptura\/#primaryimage","url":"https:\/\/gymfactory.eu\/wp-content\/uploads\/2025\/04\/steel-sculpture-bodybuilder-full-front.webp","contentUrl":"https:\/\/gymfactory.eu\/wp-content\/uploads\/2025\/04\/steel-sculpture-bodybuilder-full-front.webp","width":1500,"height":1500,"caption":"Plienin\u0117s skulpt\u016bros, vaizduojan\u010dios raumening\u0105 fig\u016br\u0105 klasikine lenkimo poza, vaizdas i\u0161 priekio, sukurtas pramoniniu tikslumu."},{"@type":"BreadcrumbList","@id":"https:\/\/gymfactory.eu\/lt\/produktas\/kolosas-kulturisto-skulptura\/#breadcrumb","itemListElement":[{"@type":"ListItem","position":1,"name":"Pagrindinis","item":"https:\/\/gymfactory.eu\/lt\/"},{"@type":"ListItem","position":2,"name":"Katalogas","item":"https:\/\/gymfactory.eu\/lt\/katalogas\/"},{"@type":"ListItem","position":3,"name":"GFV Kolosas"}]},{"@type":"WebSite","@id":"https:\/\/gymfactory.eu\/lt\/#website","url":"https:\/\/gymfactory.eu\/lt\/","name":"Gym Factory","description":"","publisher":{"@id":"https:\/\/gymfactory.eu\/lt\/#organization"},"potentialAction":[{"@type":"SearchAction","target":{"@type":"EntryPoint","urlTemplate":"https:\/\/gymfactory.eu\/lt\/?s={search_term_string}"},"query-input":{"@type":"PropertyValueSpecification","valueRequired":true,"valueName":"search_term_string"}}],"inLanguage":"lt-LT"},{"@type":"Organization","@id":"https:\/\/gymfactory.eu\/lt\/#organization","name":"Sporto sal\u0117s gamykla","url":"https:\/\/gymfactory.eu\/lt\/","logo":{"@type":"ImageObject","inLanguage":"lt-LT","@id":"https:\/\/gymfactory.eu\/lt\/#\/schema\/logo\/image\/","url":"https:\/\/gymfactory.eu\/wp-content\/uploads\/2024\/11\/Component-1.svg","contentUrl":"https:\/\/gymfactory.eu\/wp-content\/uploads\/2024\/11\/Component-1.svg","width":54,"height":44,"caption":"Sporto sal\u0117s gamykla"},"image":{"@id":"https:\/\/gymfactory.eu\/lt\/#\/schema\/logo\/image\/"}}]}},"_links":{"self":[{"href":"https:\/\/gymfactory.eu\/lt\/wp-json\/wp\/v2\/product\/9572","targetHints":{"allow":["GET"]}}],"collection":[{"href":"https:\/\/gymfactory.eu\/lt\/wp-json\/wp\/v2\/product"}],"about":[{"href":"https:\/\/gymfactory.eu\/lt\/wp-json\/wp\/v2\/types\/product"}],"wp:featuredmedia":[{"embeddable":true,"href":"https:\/\/gymfactory.eu\/lt\/wp-json\/wp\/v2\/media\/8688"}],"wp:attachment":[{"href":"https:\/\/gymfactory.eu\/lt\/wp-json\/wp\/v2\/media?parent=9572"}],"wp:term":[{"taxonomy":"product_brand","embeddable":true,"href":"https:\/\/gymfactory.eu\/lt\/wp-json\/wp\/v2\/product_brand?post=9572"},{"taxonomy":"product_cat","embeddable":true,"href":"https:\/\/gymfactory.eu\/lt\/wp-json\/wp\/v2\/product_cat?post=9572"},{"taxonomy":"product_tag","embeddable":true,"href":"https:\/\/gymfactory.eu\/lt\/wp-json\/wp\/v2\/product_tag?post=9572"}],"curies":[{"name":"wp","href":"https:\/\/api.w.org\/{rel}","templated":true}]}}