{"id":9569,"date":"2025-04-10T19:58:45","date_gmt":"2025-04-10T16:58:45","guid":{"rendered":"https:\/\/gymfactory.eu\/product\/tg-22-svorio-kelimo-fitneso-pirstines\/"},"modified":"2026-01-23T14:46:21","modified_gmt":"2026-01-23T12:46:21","slug":"tg-22-svorio-kelimo-fitneso-pirstines","status":"publish","type":"product","link":"https:\/\/gymfactory.eu\/lt\/produktas\/tg-22-svorio-kelimo-fitneso-pirstines\/","title":{"rendered":"TG22 Sportin\u0117s pir\u0161tin\u0117s"},"content":{"rendered":"<p>TG\u201322 sportin\u0117s pir\u0161tin\u0117s \u2013 skirtos geresniam sukibimui ir rank\u0173 apsaugai j\u0117gos treniruo\u010di\u0173 ar k\u016bno svorio pratim\u0173 metu. Pamink\u0161tinti delnai ir neslystan\u010dios zonos suteikia daugiau kontrol\u0117s dirbant su \u0161tanga, hanteliais, giromis ar skersiniu.<\/p>\n<p>Pir\u0161tin\u0117s pagamintos i\u0161 orui laid\u017ei\u0173 med\u017eiag\u0173, tod\u0117l patogios net ilg\u0173 treniruo\u010di\u0173 metu. Atvir\u0173 pir\u0161t\u0173 dizainas leid\u017eia laisvai jud\u0117ti ir gerina ventiliacij\u0105. Tinka \u012fvairioms treniruo\u010di\u0173 aplinkoms \u2013 padeda i\u0161laikyti d\u0117mes\u012f ir stabilum\u0105 kiekvieno pakartojimo metu.<\/p>\n\n    <div class=\"xs_social_share_widget xs_share_url after_content \t\tmain_content  wslu-style-1 wslu-share-box-shaped wslu-fill-colored wslu-none wslu-share-horizontal wslu-theme-font-no wslu-main_content\">\n\n\t\t\n        <ul>\n\t\t\t        <\/ul>\n    <\/div> \n","protected":false},"excerpt":{"rendered":"<p>TG\u201322 sportin\u0117s pir\u0161tin\u0117s \u2013 skirtos geresniam sukibimui ir rank\u0173 apsaugai j\u0117gos treniruo\u010di\u0173 ar k\u016bno svorio pratim\u0173 metu. Pamink\u0161tinti delnai ir neslystan\u010dios zonos suteikia daugiau kontrol\u0117s dirbant su \u0161tanga, hanteliais, giromis ar skersiniu. Pir\u0161tin\u0117s pagamintos i\u0161 orui laid\u017ei\u0173 med\u017eiag\u0173, tod\u0117l patogios net ilg\u0173 treniruo\u010di\u0173 metu. Atvir\u0173 pir\u0161t\u0173 dizainas leid\u017eia laisvai jud\u0117ti ir gerina ventiliacij\u0105. Tinka \u012fvairioms [&hellip;]<\/p>\n","protected":false},"featured_media":9161,"template":"","meta":{"_acf_changed":false},"product_brand":[817],"product_cat":[418],"product_tag":[393],"class_list":{"0":"post-9569","1":"product","2":"type-product","3":"status-publish","4":"has-post-thumbnail","6":"product_brand-gym-factory-lt","7":"product_cat-treniruokliu-priedai","8":"product_tag-spalva-nera-spalvu","10":"first","11":"instock","12":"taxable","13":"shipping-taxable","14":"purchasable","15":"product-type-variable"},"acf":[],"yoast_head":"<!-- This site is optimized with the Yoast SEO plugin v25.2 - https:\/\/yoast.com\/wordpress\/plugins\/seo\/ -->\n<title>TG-22 Svorio k\u0117limo pir\u0161tin\u0117s - treniruokli\u0173 sal\u0117s \u012franga treniruot\u0117ms<\/title>\n<meta name=\"description\" content=\"Geriau suimkite ir apsaugokite rankas su TG-22 svori\u0173 kilnojimo fitneso pir\u0161tin\u0117mis. Svarbiausia sporto sal\u0117s \u012franga j\u0117gos pratimams atlikti.\" \/>\n<meta name=\"robots\" content=\"index, follow, max-snippet:-1, max-image-preview:large, max-video-preview:-1\" \/>\n<link rel=\"canonical\" href=\"https:\/\/gymfactory.eu\/lt\/produktas\/tg-22-svorio-kelimo-fitneso-pirstines\/\" \/>\n<meta property=\"og:locale\" content=\"lt_LT\" \/>\n<meta property=\"og:type\" content=\"article\" \/>\n<meta property=\"og:title\" content=\"TG-22 Svorio k\u0117limo pir\u0161tin\u0117s - treniruokli\u0173 sal\u0117s \u012franga treniruot\u0117ms\" \/>\n<meta property=\"og:description\" content=\"Geriau suimkite ir apsaugokite rankas su TG-22 svori\u0173 kilnojimo fitneso pir\u0161tin\u0117mis. Svarbiausia sporto sal\u0117s \u012franga j\u0117gos pratimams atlikti.\" \/>\n<meta property=\"og:url\" content=\"https:\/\/gymfactory.eu\/lt\/produktas\/tg-22-svorio-kelimo-fitneso-pirstines\/\" \/>\n<meta property=\"og:site_name\" content=\"Gym Factory\" \/>\n<meta property=\"article:modified_time\" content=\"2026-01-23T12:46:21+00:00\" \/>\n<meta property=\"og:image\" content=\"https:\/\/gymfactory.eu\/wp-content\/uploads\/2025\/04\/TG-22-Weight-Lifting-Fitness-Gloves-1.webp\" \/>\n\t<meta property=\"og:image:width\" content=\"1181\" \/>\n\t<meta property=\"og:image:height\" content=\"1181\" \/>\n\t<meta property=\"og:image:type\" content=\"image\/webp\" \/>\n<meta name=\"twitter:card\" content=\"summary_large_image\" \/>\n<meta name=\"twitter:label1\" content=\"Est. reading time\" \/>\n\t<meta name=\"twitter:data1\" content=\"1 minut\u0117\" \/>\n<script type=\"application\/ld+json\" class=\"yoast-schema-graph\">{\"@context\":\"https:\/\/schema.org\",\"@graph\":[{\"@type\":\"WebPage\",\"@id\":\"https:\/\/gymfactory.eu\/lt\/produktas\/tg-22-svorio-kelimo-fitneso-pirstines\/\",\"url\":\"https:\/\/gymfactory.eu\/lt\/produktas\/tg-22-svorio-kelimo-fitneso-pirstines\/\",\"name\":\"TG-22 Svorio k\u0117limo pir\u0161tin\u0117s - treniruokli\u0173 sal\u0117s \u012franga treniruot\u0117ms\",\"isPartOf\":{\"@id\":\"https:\/\/gymfactory.eu\/lt\/#website\"},\"primaryImageOfPage\":{\"@id\":\"https:\/\/gymfactory.eu\/lt\/produktas\/tg-22-svorio-kelimo-fitneso-pirstines\/#primaryimage\"},\"image\":{\"@id\":\"https:\/\/gymfactory.eu\/lt\/produktas\/tg-22-svorio-kelimo-fitneso-pirstines\/#primaryimage\"},\"thumbnailUrl\":\"https:\/\/gymfactory.eu\/wp-content\/uploads\/2025\/04\/TG-22-Weight-Lifting-Fitness-Gloves-1.webp\",\"datePublished\":\"2025-04-10T16:58:45+00:00\",\"dateModified\":\"2026-01-23T12:46:21+00:00\",\"description\":\"Geriau suimkite ir apsaugokite rankas su TG-22 svori\u0173 kilnojimo fitneso pir\u0161tin\u0117mis. Svarbiausia sporto sal\u0117s \u012franga j\u0117gos pratimams atlikti.\",\"breadcrumb\":{\"@id\":\"https:\/\/gymfactory.eu\/lt\/produktas\/tg-22-svorio-kelimo-fitneso-pirstines\/#breadcrumb\"},\"inLanguage\":\"lt-LT\",\"potentialAction\":[{\"@type\":\"ReadAction\",\"target\":[\"https:\/\/gymfactory.eu\/lt\/produktas\/tg-22-svorio-kelimo-fitneso-pirstines\/\"]}]},{\"@type\":\"ImageObject\",\"inLanguage\":\"lt-LT\",\"@id\":\"https:\/\/gymfactory.eu\/lt\/produktas\/tg-22-svorio-kelimo-fitneso-pirstines\/#primaryimage\",\"url\":\"https:\/\/gymfactory.eu\/wp-content\/uploads\/2025\/04\/TG-22-Weight-Lifting-Fitness-Gloves-1.webp\",\"contentUrl\":\"https:\/\/gymfactory.eu\/wp-content\/uploads\/2025\/04\/TG-22-Weight-Lifting-Fitness-Gloves-1.webp\",\"width\":1181,\"height\":1181,\"caption\":\"TG-22 juodos ir raudonos spalvos sunkum\u0173 kilnojimo pir\u0161tin\u0117s, turin\u010dios pamink\u0161tintus delnus ir be pir\u0161t\u0173, kad geriau suimt\u0173 sporto sal\u0117je ir atliekant j\u0117gos pratimus.\"},{\"@type\":\"BreadcrumbList\",\"@id\":\"https:\/\/gymfactory.eu\/lt\/produktas\/tg-22-svorio-kelimo-fitneso-pirstines\/#breadcrumb\",\"itemListElement\":[{\"@type\":\"ListItem\",\"position\":1,\"name\":\"Pagrindinis\",\"item\":\"https:\/\/gymfactory.eu\/lt\/\"},{\"@type\":\"ListItem\",\"position\":2,\"name\":\"Katalogas\",\"item\":\"https:\/\/gymfactory.eu\/lt\/katalogas\/\"},{\"@type\":\"ListItem\",\"position\":3,\"name\":\"TG22 Sportin\u0117s pir\u0161tin\u0117s\"}]},{\"@type\":\"WebSite\",\"@id\":\"https:\/\/gymfactory.eu\/lt\/#website\",\"url\":\"https:\/\/gymfactory.eu\/lt\/\",\"name\":\"Gym Factory\",\"description\":\"\",\"publisher\":{\"@id\":\"https:\/\/gymfactory.eu\/lt\/#organization\"},\"potentialAction\":[{\"@type\":\"SearchAction\",\"target\":{\"@type\":\"EntryPoint\",\"urlTemplate\":\"https:\/\/gymfactory.eu\/lt\/?s={search_term_string}\"},\"query-input\":{\"@type\":\"PropertyValueSpecification\",\"valueRequired\":true,\"valueName\":\"search_term_string\"}}],\"inLanguage\":\"lt-LT\"},{\"@type\":\"Organization\",\"@id\":\"https:\/\/gymfactory.eu\/lt\/#organization\",\"name\":\"Sporto sal\u0117s gamykla\",\"url\":\"https:\/\/gymfactory.eu\/lt\/\",\"logo\":{\"@type\":\"ImageObject\",\"inLanguage\":\"lt-LT\",\"@id\":\"https:\/\/gymfactory.eu\/lt\/#\/schema\/logo\/image\/\",\"url\":\"https:\/\/gymfactory.eu\/wp-content\/uploads\/2024\/11\/Component-1.svg\",\"contentUrl\":\"https:\/\/gymfactory.eu\/wp-content\/uploads\/2024\/11\/Component-1.svg\",\"width\":54,\"height\":44,\"caption\":\"Sporto sal\u0117s gamykla\"},\"image\":{\"@id\":\"https:\/\/gymfactory.eu\/lt\/#\/schema\/logo\/image\/\"}}]}<\/script>\n<!-- \/ Yoast SEO plugin. -->","yoast_head_json":{"title":"TG-22 Svorio k\u0117limo pir\u0161tin\u0117s - treniruokli\u0173 sal\u0117s \u012franga treniruot\u0117ms","description":"Geriau suimkite ir apsaugokite rankas su TG-22 svori\u0173 kilnojimo fitneso pir\u0161tin\u0117mis. Svarbiausia sporto sal\u0117s \u012franga j\u0117gos pratimams atlikti.","robots":{"index":"index","follow":"follow","max-snippet":"max-snippet:-1","max-image-preview":"max-image-preview:large","max-video-preview":"max-video-preview:-1"},"canonical":"https:\/\/gymfactory.eu\/lt\/produktas\/tg-22-svorio-kelimo-fitneso-pirstines\/","og_locale":"lt_LT","og_type":"article","og_title":"TG-22 Svorio k\u0117limo pir\u0161tin\u0117s - treniruokli\u0173 sal\u0117s \u012franga treniruot\u0117ms","og_description":"Geriau suimkite ir apsaugokite rankas su TG-22 svori\u0173 kilnojimo fitneso pir\u0161tin\u0117mis. Svarbiausia sporto sal\u0117s \u012franga j\u0117gos pratimams atlikti.","og_url":"https:\/\/gymfactory.eu\/lt\/produktas\/tg-22-svorio-kelimo-fitneso-pirstines\/","og_site_name":"Gym Factory","article_modified_time":"2026-01-23T12:46:21+00:00","og_image":[{"width":1181,"height":1181,"url":"https:\/\/gymfactory.eu\/wp-content\/uploads\/2025\/04\/TG-22-Weight-Lifting-Fitness-Gloves-1.webp","type":"image\/webp"}],"twitter_card":"summary_large_image","twitter_misc":{"Est. reading time":"1 minut\u0117"},"schema":{"@context":"https:\/\/schema.org","@graph":[{"@type":"WebPage","@id":"https:\/\/gymfactory.eu\/lt\/produktas\/tg-22-svorio-kelimo-fitneso-pirstines\/","url":"https:\/\/gymfactory.eu\/lt\/produktas\/tg-22-svorio-kelimo-fitneso-pirstines\/","name":"TG-22 Svorio k\u0117limo pir\u0161tin\u0117s - treniruokli\u0173 sal\u0117s \u012franga treniruot\u0117ms","isPartOf":{"@id":"https:\/\/gymfactory.eu\/lt\/#website"},"primaryImageOfPage":{"@id":"https:\/\/gymfactory.eu\/lt\/produktas\/tg-22-svorio-kelimo-fitneso-pirstines\/#primaryimage"},"image":{"@id":"https:\/\/gymfactory.eu\/lt\/produktas\/tg-22-svorio-kelimo-fitneso-pirstines\/#primaryimage"},"thumbnailUrl":"https:\/\/gymfactory.eu\/wp-content\/uploads\/2025\/04\/TG-22-Weight-Lifting-Fitness-Gloves-1.webp","datePublished":"2025-04-10T16:58:45+00:00","dateModified":"2026-01-23T12:46:21+00:00","description":"Geriau suimkite ir apsaugokite rankas su TG-22 svori\u0173 kilnojimo fitneso pir\u0161tin\u0117mis. Svarbiausia sporto sal\u0117s \u012franga j\u0117gos pratimams atlikti.","breadcrumb":{"@id":"https:\/\/gymfactory.eu\/lt\/produktas\/tg-22-svorio-kelimo-fitneso-pirstines\/#breadcrumb"},"inLanguage":"lt-LT","potentialAction":[{"@type":"ReadAction","target":["https:\/\/gymfactory.eu\/lt\/produktas\/tg-22-svorio-kelimo-fitneso-pirstines\/"]}]},{"@type":"ImageObject","inLanguage":"lt-LT","@id":"https:\/\/gymfactory.eu\/lt\/produktas\/tg-22-svorio-kelimo-fitneso-pirstines\/#primaryimage","url":"https:\/\/gymfactory.eu\/wp-content\/uploads\/2025\/04\/TG-22-Weight-Lifting-Fitness-Gloves-1.webp","contentUrl":"https:\/\/gymfactory.eu\/wp-content\/uploads\/2025\/04\/TG-22-Weight-Lifting-Fitness-Gloves-1.webp","width":1181,"height":1181,"caption":"TG-22 juodos ir raudonos spalvos sunkum\u0173 kilnojimo pir\u0161tin\u0117s, turin\u010dios pamink\u0161tintus delnus ir be pir\u0161t\u0173, kad geriau suimt\u0173 sporto sal\u0117je ir atliekant j\u0117gos pratimus."},{"@type":"BreadcrumbList","@id":"https:\/\/gymfactory.eu\/lt\/produktas\/tg-22-svorio-kelimo-fitneso-pirstines\/#breadcrumb","itemListElement":[{"@type":"ListItem","position":1,"name":"Pagrindinis","item":"https:\/\/gymfactory.eu\/lt\/"},{"@type":"ListItem","position":2,"name":"Katalogas","item":"https:\/\/gymfactory.eu\/lt\/katalogas\/"},{"@type":"ListItem","position":3,"name":"TG22 Sportin\u0117s pir\u0161tin\u0117s"}]},{"@type":"WebSite","@id":"https:\/\/gymfactory.eu\/lt\/#website","url":"https:\/\/gymfactory.eu\/lt\/","name":"Gym Factory","description":"","publisher":{"@id":"https:\/\/gymfactory.eu\/lt\/#organization"},"potentialAction":[{"@type":"SearchAction","target":{"@type":"EntryPoint","urlTemplate":"https:\/\/gymfactory.eu\/lt\/?s={search_term_string}"},"query-input":{"@type":"PropertyValueSpecification","valueRequired":true,"valueName":"search_term_string"}}],"inLanguage":"lt-LT"},{"@type":"Organization","@id":"https:\/\/gymfactory.eu\/lt\/#organization","name":"Sporto sal\u0117s gamykla","url":"https:\/\/gymfactory.eu\/lt\/","logo":{"@type":"ImageObject","inLanguage":"lt-LT","@id":"https:\/\/gymfactory.eu\/lt\/#\/schema\/logo\/image\/","url":"https:\/\/gymfactory.eu\/wp-content\/uploads\/2024\/11\/Component-1.svg","contentUrl":"https:\/\/gymfactory.eu\/wp-content\/uploads\/2024\/11\/Component-1.svg","width":54,"height":44,"caption":"Sporto sal\u0117s gamykla"},"image":{"@id":"https:\/\/gymfactory.eu\/lt\/#\/schema\/logo\/image\/"}}]}},"_links":{"self":[{"href":"https:\/\/gymfactory.eu\/lt\/wp-json\/wp\/v2\/product\/9569","targetHints":{"allow":["GET"]}}],"collection":[{"href":"https:\/\/gymfactory.eu\/lt\/wp-json\/wp\/v2\/product"}],"about":[{"href":"https:\/\/gymfactory.eu\/lt\/wp-json\/wp\/v2\/types\/product"}],"wp:featuredmedia":[{"embeddable":true,"href":"https:\/\/gymfactory.eu\/lt\/wp-json\/wp\/v2\/media\/9161"}],"wp:attachment":[{"href":"https:\/\/gymfactory.eu\/lt\/wp-json\/wp\/v2\/media?parent=9569"}],"wp:term":[{"taxonomy":"product_brand","embeddable":true,"href":"https:\/\/gymfactory.eu\/lt\/wp-json\/wp\/v2\/product_brand?post=9569"},{"taxonomy":"product_cat","embeddable":true,"href":"https:\/\/gymfactory.eu\/lt\/wp-json\/wp\/v2\/product_cat?post=9569"},{"taxonomy":"product_tag","embeddable":true,"href":"https:\/\/gymfactory.eu\/lt\/wp-json\/wp\/v2\/product_tag?post=9569"}],"curies":[{"name":"wp","href":"https:\/\/api.w.org\/{rel}","templated":true}]}}