{"id":9568,"date":"2025-04-09T15:58:29","date_gmt":"2025-04-09T12:58:29","guid":{"rendered":"https:\/\/gymfactory.eu\/product\/tg-7-rieso-apyranke\/"},"modified":"2026-01-23T14:51:43","modified_gmt":"2026-01-23T12:51:43","slug":"tg-7-rieso-apyranke","status":"publish","type":"product","link":"https:\/\/gymfactory.eu\/lt\/produktas\/tg-7-rieso-apyranke\/","title":{"rendered":"TG7 Rie\u0161o tvarstis"},"content":{"rendered":"<p>TG\u20137 rie\u0161o tvarstis \u2013 atrama rie\u0161ams atliekant sunkius k\u0117limus, daugkartinius j\u0117gos pratimus ar k\u016bno svorio treniruotes. Tinka spaudimams gulint, stov\u0117jimui ant rank\u0173, darbui su giromis \u2013 padeda suma\u017einti apkrov\u0105 ir stabilizuoti s\u0105nar\u012f.<\/p>\n<p>Pagamintas i\u0161 tvirto, elastingo audinio su patikimu \u201eVelcro\u201c u\u017esegimu \u2013 lengvai pritaikomas ir u\u017etikrina tvirt\u0105 laikym\u0105si. Naudingas priedas kiekvienoje treniruo\u010di\u0173 aplinkoje \u2013 padeda i\u0161laikyti taisykling\u0105 rie\u0161o pad\u0117t\u012f ir kontrol\u0119 esant apkrovai.<\/p>\n\n    <div class=\"xs_social_share_widget xs_share_url after_content \t\tmain_content  wslu-style-1 wslu-share-box-shaped wslu-fill-colored wslu-none wslu-share-horizontal wslu-theme-font-no wslu-main_content\">\n\n\t\t\n        <ul>\n\t\t\t        <\/ul>\n    <\/div> \n","protected":false},"excerpt":{"rendered":"<p>TG\u20137 rie\u0161o tvarstis \u2013 atrama rie\u0161ams atliekant sunkius k\u0117limus, daugkartinius j\u0117gos pratimus ar k\u016bno svorio treniruotes. Tinka spaudimams gulint, stov\u0117jimui ant rank\u0173, darbui su giromis \u2013 padeda suma\u017einti apkrov\u0105 ir stabilizuoti s\u0105nar\u012f. Pagamintas i\u0161 tvirto, elastingo audinio su patikimu \u201eVelcro\u201c u\u017esegimu \u2013 lengvai pritaikomas ir u\u017etikrina tvirt\u0105 laikym\u0105si. Naudingas priedas kiekvienoje treniruo\u010di\u0173 aplinkoje \u2013 padeda [&hellip;]<\/p>\n","protected":false},"featured_media":9091,"template":"","meta":{"_acf_changed":false},"product_brand":[817],"product_cat":[418],"product_tag":[393],"class_list":{"0":"post-9568","1":"product","2":"type-product","3":"status-publish","4":"has-post-thumbnail","6":"product_brand-gym-factory-lt","7":"product_cat-treniruokliu-priedai","8":"product_tag-spalva-nera-spalvu","10":"first","11":"instock","12":"taxable","13":"shipping-taxable","14":"purchasable","15":"product-type-variable","16":"has-default-attributes"},"acf":[],"yoast_head":"<!-- This site is optimized with the Yoast SEO plugin v25.2 - https:\/\/yoast.com\/wordpress\/plugins\/seo\/ -->\n<title>TG-7 rie\u0161o apyrank\u0117 - sporto sal\u0117s \u012franga stipresniems ir saugesniems keliamiesiems raumenims<\/title>\n<meta name=\"description\" content=\"Apsaugokite rie\u0161us su TG-7 rie\u0161o apyranke. Patvari sporto \u012franga, skirta j\u0117gos pratimams ir k\u016bno svorio treniruo\u010di\u0173 palaikymui.\" \/>\n<meta name=\"robots\" content=\"index, follow, max-snippet:-1, max-image-preview:large, max-video-preview:-1\" \/>\n<link rel=\"canonical\" href=\"https:\/\/gymfactory.eu\/lt\/produktas\/tg-7-rieso-apyranke\/\" \/>\n<meta property=\"og:locale\" content=\"lt_LT\" \/>\n<meta property=\"og:type\" content=\"article\" \/>\n<meta property=\"og:title\" content=\"TG-7 rie\u0161o apyrank\u0117 - sporto sal\u0117s \u012franga stipresniems ir saugesniems keliamiesiems raumenims\" \/>\n<meta property=\"og:description\" content=\"Apsaugokite rie\u0161us su TG-7 rie\u0161o apyranke. Patvari sporto \u012franga, skirta j\u0117gos pratimams ir k\u016bno svorio treniruo\u010di\u0173 palaikymui.\" \/>\n<meta property=\"og:url\" content=\"https:\/\/gymfactory.eu\/lt\/produktas\/tg-7-rieso-apyranke\/\" \/>\n<meta property=\"og:site_name\" content=\"Gym Factory\" \/>\n<meta property=\"article:modified_time\" content=\"2026-01-23T12:51:43+00:00\" \/>\n<meta property=\"og:image\" content=\"https:\/\/gymfactory.eu\/wp-content\/uploads\/2025\/04\/TG-7-Wrist-Wrap-1.webp\" \/>\n\t<meta property=\"og:image:width\" content=\"1500\" \/>\n\t<meta property=\"og:image:height\" content=\"1500\" \/>\n\t<meta property=\"og:image:type\" content=\"image\/webp\" \/>\n<meta name=\"twitter:card\" content=\"summary_large_image\" \/>\n<meta name=\"twitter:label1\" content=\"Est. reading time\" \/>\n\t<meta name=\"twitter:data1\" content=\"1 minut\u0117\" \/>\n<script type=\"application\/ld+json\" class=\"yoast-schema-graph\">{\"@context\":\"https:\/\/schema.org\",\"@graph\":[{\"@type\":\"WebPage\",\"@id\":\"https:\/\/gymfactory.eu\/lt\/produktas\/tg-7-rieso-apyranke\/\",\"url\":\"https:\/\/gymfactory.eu\/lt\/produktas\/tg-7-rieso-apyranke\/\",\"name\":\"TG-7 rie\u0161o apyrank\u0117 - sporto sal\u0117s \u012franga stipresniems ir saugesniems keliamiesiems raumenims\",\"isPartOf\":{\"@id\":\"https:\/\/gymfactory.eu\/lt\/#website\"},\"primaryImageOfPage\":{\"@id\":\"https:\/\/gymfactory.eu\/lt\/produktas\/tg-7-rieso-apyranke\/#primaryimage\"},\"image\":{\"@id\":\"https:\/\/gymfactory.eu\/lt\/produktas\/tg-7-rieso-apyranke\/#primaryimage\"},\"thumbnailUrl\":\"https:\/\/gymfactory.eu\/wp-content\/uploads\/2025\/04\/TG-7-Wrist-Wrap-1.webp\",\"datePublished\":\"2025-04-09T12:58:29+00:00\",\"dateModified\":\"2026-01-23T12:51:43+00:00\",\"description\":\"Apsaugokite rie\u0161us su TG-7 rie\u0161o apyranke. Patvari sporto \u012franga, skirta j\u0117gos pratimams ir k\u016bno svorio treniruo\u010di\u0173 palaikymui.\",\"breadcrumb\":{\"@id\":\"https:\/\/gymfactory.eu\/lt\/produktas\/tg-7-rieso-apyranke\/#breadcrumb\"},\"inLanguage\":\"lt-LT\",\"potentialAction\":[{\"@type\":\"ReadAction\",\"target\":[\"https:\/\/gymfactory.eu\/lt\/produktas\/tg-7-rieso-apyranke\/\"]}]},{\"@type\":\"ImageObject\",\"inLanguage\":\"lt-LT\",\"@id\":\"https:\/\/gymfactory.eu\/lt\/produktas\/tg-7-rieso-apyranke\/#primaryimage\",\"url\":\"https:\/\/gymfactory.eu\/wp-content\/uploads\/2025\/04\/TG-7-Wrist-Wrap-1.webp\",\"contentUrl\":\"https:\/\/gymfactory.eu\/wp-content\/uploads\/2025\/04\/TG-7-Wrist-Wrap-1.webp\",\"width\":1500,\"height\":1500,\"caption\":\"TG-7 rie\u0161o apyrank\u0117, juoda su raudonomis juostel\u0117mis, pavaizduota suvyniota ir i\u0161vyniota, naudojama rie\u0161ui palaikyti atliekant j\u0117gos pratimus ir treniruotes su k\u016bno svoriu.\"},{\"@type\":\"BreadcrumbList\",\"@id\":\"https:\/\/gymfactory.eu\/lt\/produktas\/tg-7-rieso-apyranke\/#breadcrumb\",\"itemListElement\":[{\"@type\":\"ListItem\",\"position\":1,\"name\":\"Pagrindinis\",\"item\":\"https:\/\/gymfactory.eu\/lt\/\"},{\"@type\":\"ListItem\",\"position\":2,\"name\":\"Katalogas\",\"item\":\"https:\/\/gymfactory.eu\/lt\/katalogas\/\"},{\"@type\":\"ListItem\",\"position\":3,\"name\":\"TG7 Rie\u0161o tvarstis\"}]},{\"@type\":\"WebSite\",\"@id\":\"https:\/\/gymfactory.eu\/lt\/#website\",\"url\":\"https:\/\/gymfactory.eu\/lt\/\",\"name\":\"Gym Factory\",\"description\":\"\",\"publisher\":{\"@id\":\"https:\/\/gymfactory.eu\/lt\/#organization\"},\"potentialAction\":[{\"@type\":\"SearchAction\",\"target\":{\"@type\":\"EntryPoint\",\"urlTemplate\":\"https:\/\/gymfactory.eu\/lt\/?s={search_term_string}\"},\"query-input\":{\"@type\":\"PropertyValueSpecification\",\"valueRequired\":true,\"valueName\":\"search_term_string\"}}],\"inLanguage\":\"lt-LT\"},{\"@type\":\"Organization\",\"@id\":\"https:\/\/gymfactory.eu\/lt\/#organization\",\"name\":\"Sporto sal\u0117s gamykla\",\"url\":\"https:\/\/gymfactory.eu\/lt\/\",\"logo\":{\"@type\":\"ImageObject\",\"inLanguage\":\"lt-LT\",\"@id\":\"https:\/\/gymfactory.eu\/lt\/#\/schema\/logo\/image\/\",\"url\":\"https:\/\/gymfactory.eu\/wp-content\/uploads\/2024\/11\/Component-1.svg\",\"contentUrl\":\"https:\/\/gymfactory.eu\/wp-content\/uploads\/2024\/11\/Component-1.svg\",\"width\":54,\"height\":44,\"caption\":\"Sporto sal\u0117s gamykla\"},\"image\":{\"@id\":\"https:\/\/gymfactory.eu\/lt\/#\/schema\/logo\/image\/\"}}]}<\/script>\n<!-- \/ Yoast SEO plugin. -->","yoast_head_json":{"title":"TG-7 rie\u0161o apyrank\u0117 - sporto sal\u0117s \u012franga stipresniems ir saugesniems keliamiesiems raumenims","description":"Apsaugokite rie\u0161us su TG-7 rie\u0161o apyranke. Patvari sporto \u012franga, skirta j\u0117gos pratimams ir k\u016bno svorio treniruo\u010di\u0173 palaikymui.","robots":{"index":"index","follow":"follow","max-snippet":"max-snippet:-1","max-image-preview":"max-image-preview:large","max-video-preview":"max-video-preview:-1"},"canonical":"https:\/\/gymfactory.eu\/lt\/produktas\/tg-7-rieso-apyranke\/","og_locale":"lt_LT","og_type":"article","og_title":"TG-7 rie\u0161o apyrank\u0117 - sporto sal\u0117s \u012franga stipresniems ir saugesniems keliamiesiems raumenims","og_description":"Apsaugokite rie\u0161us su TG-7 rie\u0161o apyranke. Patvari sporto \u012franga, skirta j\u0117gos pratimams ir k\u016bno svorio treniruo\u010di\u0173 palaikymui.","og_url":"https:\/\/gymfactory.eu\/lt\/produktas\/tg-7-rieso-apyranke\/","og_site_name":"Gym Factory","article_modified_time":"2026-01-23T12:51:43+00:00","og_image":[{"width":1500,"height":1500,"url":"https:\/\/gymfactory.eu\/wp-content\/uploads\/2025\/04\/TG-7-Wrist-Wrap-1.webp","type":"image\/webp"}],"twitter_card":"summary_large_image","twitter_misc":{"Est. reading time":"1 minut\u0117"},"schema":{"@context":"https:\/\/schema.org","@graph":[{"@type":"WebPage","@id":"https:\/\/gymfactory.eu\/lt\/produktas\/tg-7-rieso-apyranke\/","url":"https:\/\/gymfactory.eu\/lt\/produktas\/tg-7-rieso-apyranke\/","name":"TG-7 rie\u0161o apyrank\u0117 - sporto sal\u0117s \u012franga stipresniems ir saugesniems keliamiesiems raumenims","isPartOf":{"@id":"https:\/\/gymfactory.eu\/lt\/#website"},"primaryImageOfPage":{"@id":"https:\/\/gymfactory.eu\/lt\/produktas\/tg-7-rieso-apyranke\/#primaryimage"},"image":{"@id":"https:\/\/gymfactory.eu\/lt\/produktas\/tg-7-rieso-apyranke\/#primaryimage"},"thumbnailUrl":"https:\/\/gymfactory.eu\/wp-content\/uploads\/2025\/04\/TG-7-Wrist-Wrap-1.webp","datePublished":"2025-04-09T12:58:29+00:00","dateModified":"2026-01-23T12:51:43+00:00","description":"Apsaugokite rie\u0161us su TG-7 rie\u0161o apyranke. Patvari sporto \u012franga, skirta j\u0117gos pratimams ir k\u016bno svorio treniruo\u010di\u0173 palaikymui.","breadcrumb":{"@id":"https:\/\/gymfactory.eu\/lt\/produktas\/tg-7-rieso-apyranke\/#breadcrumb"},"inLanguage":"lt-LT","potentialAction":[{"@type":"ReadAction","target":["https:\/\/gymfactory.eu\/lt\/produktas\/tg-7-rieso-apyranke\/"]}]},{"@type":"ImageObject","inLanguage":"lt-LT","@id":"https:\/\/gymfactory.eu\/lt\/produktas\/tg-7-rieso-apyranke\/#primaryimage","url":"https:\/\/gymfactory.eu\/wp-content\/uploads\/2025\/04\/TG-7-Wrist-Wrap-1.webp","contentUrl":"https:\/\/gymfactory.eu\/wp-content\/uploads\/2025\/04\/TG-7-Wrist-Wrap-1.webp","width":1500,"height":1500,"caption":"TG-7 rie\u0161o apyrank\u0117, juoda su raudonomis juostel\u0117mis, pavaizduota suvyniota ir i\u0161vyniota, naudojama rie\u0161ui palaikyti atliekant j\u0117gos pratimus ir treniruotes su k\u016bno svoriu."},{"@type":"BreadcrumbList","@id":"https:\/\/gymfactory.eu\/lt\/produktas\/tg-7-rieso-apyranke\/#breadcrumb","itemListElement":[{"@type":"ListItem","position":1,"name":"Pagrindinis","item":"https:\/\/gymfactory.eu\/lt\/"},{"@type":"ListItem","position":2,"name":"Katalogas","item":"https:\/\/gymfactory.eu\/lt\/katalogas\/"},{"@type":"ListItem","position":3,"name":"TG7 Rie\u0161o tvarstis"}]},{"@type":"WebSite","@id":"https:\/\/gymfactory.eu\/lt\/#website","url":"https:\/\/gymfactory.eu\/lt\/","name":"Gym Factory","description":"","publisher":{"@id":"https:\/\/gymfactory.eu\/lt\/#organization"},"potentialAction":[{"@type":"SearchAction","target":{"@type":"EntryPoint","urlTemplate":"https:\/\/gymfactory.eu\/lt\/?s={search_term_string}"},"query-input":{"@type":"PropertyValueSpecification","valueRequired":true,"valueName":"search_term_string"}}],"inLanguage":"lt-LT"},{"@type":"Organization","@id":"https:\/\/gymfactory.eu\/lt\/#organization","name":"Sporto sal\u0117s gamykla","url":"https:\/\/gymfactory.eu\/lt\/","logo":{"@type":"ImageObject","inLanguage":"lt-LT","@id":"https:\/\/gymfactory.eu\/lt\/#\/schema\/logo\/image\/","url":"https:\/\/gymfactory.eu\/wp-content\/uploads\/2024\/11\/Component-1.svg","contentUrl":"https:\/\/gymfactory.eu\/wp-content\/uploads\/2024\/11\/Component-1.svg","width":54,"height":44,"caption":"Sporto sal\u0117s gamykla"},"image":{"@id":"https:\/\/gymfactory.eu\/lt\/#\/schema\/logo\/image\/"}}]}},"_links":{"self":[{"href":"https:\/\/gymfactory.eu\/lt\/wp-json\/wp\/v2\/product\/9568","targetHints":{"allow":["GET"]}}],"collection":[{"href":"https:\/\/gymfactory.eu\/lt\/wp-json\/wp\/v2\/product"}],"about":[{"href":"https:\/\/gymfactory.eu\/lt\/wp-json\/wp\/v2\/types\/product"}],"wp:featuredmedia":[{"embeddable":true,"href":"https:\/\/gymfactory.eu\/lt\/wp-json\/wp\/v2\/media\/9091"}],"wp:attachment":[{"href":"https:\/\/gymfactory.eu\/lt\/wp-json\/wp\/v2\/media?parent=9568"}],"wp:term":[{"taxonomy":"product_brand","embeddable":true,"href":"https:\/\/gymfactory.eu\/lt\/wp-json\/wp\/v2\/product_brand?post=9568"},{"taxonomy":"product_cat","embeddable":true,"href":"https:\/\/gymfactory.eu\/lt\/wp-json\/wp\/v2\/product_cat?post=9568"},{"taxonomy":"product_tag","embeddable":true,"href":"https:\/\/gymfactory.eu\/lt\/wp-json\/wp\/v2\/product_tag?post=9568"}],"curies":[{"name":"wp","href":"https:\/\/api.w.org\/{rel}","templated":true}]}}