{"id":9567,"date":"2025-03-17T08:36:43","date_gmt":"2025-03-17T06:36:43","guid":{"rendered":"https:\/\/gymfactory.eu\/product\/q6-suoliukas\/"},"modified":"2025-09-09T14:54:48","modified_gmt":"2025-09-09T11:54:48","slug":"q6-suoliukas","status":"publish","type":"product","link":"https:\/\/gymfactory.eu\/lt\/produktas\/q6-suoliukas\/","title":{"rendered":"Q6 Suoliukas"},"content":{"rendered":"<p>Q6 suoliukas \u2013 patvarus ir funkcionalus sprendimas sporto sali\u0173 persirengimo kambariams, tinkamas kasdieniam naudojimui tiek profesionaliose, tiek nam\u0173 sporto erdv\u0117se.<\/p>\n<p>Matmenys:<br \/>\n\u2013 Ilgis: 150 cm<br \/>\n\u2013 Plotis: 60 cm<br \/>\n\u2013 Auk\u0161tis: 50 cm<\/p>\n<p>150 cm ilgio suoliukas patogiai talpina kelis vartotojus, tod\u0117l idealiai tinka persirengimui ar trumpam poilsiui ir dera su \u012fvairia sporto \u012franga bei patalp\u0173 i\u0161planavimu.<\/p>\n<p>Prakti\u0161kas pasirinkimas sporto klubams, mokykloms ir asmenin\u0117ms treniruo\u010di\u0173 erdv\u0117ms.<\/p>\n\n    <div class=\"xs_social_share_widget xs_share_url after_content \t\tmain_content  wslu-style-1 wslu-share-box-shaped wslu-fill-colored wslu-none wslu-share-horizontal wslu-theme-font-no wslu-main_content\">\n\n\t\t\n        <ul>\n\t\t\t        <\/ul>\n    <\/div> \n","protected":false},"excerpt":{"rendered":"<p>Q6 suoliukas \u2013 patvarus ir funkcionalus sprendimas sporto sali\u0173 persirengimo kambariams, tinkamas kasdieniam naudojimui tiek profesionaliose, tiek nam\u0173 sporto erdv\u0117se. Matmenys: \u2013 Ilgis: 150 cm \u2013 Plotis: 60 cm \u2013 Auk\u0161tis: 50 cm 150 cm ilgio suoliukas patogiai talpina kelis vartotojus, tod\u0117l idealiai tinka persirengimui ar trumpam poilsiui ir dera su \u012fvairia sporto \u012franga bei [&hellip;]<\/p>\n","protected":false},"featured_media":8987,"template":"","meta":{"_acf_changed":false},"product_brand":[56],"product_cat":[441],"product_tag":[],"class_list":{"0":"post-9567","1":"product","2":"type-product","3":"status-publish","4":"has-post-thumbnail","6":"product_brand-gym-factory","7":"product_cat-persirengimo-kambario-iranga","9":"first","10":"onbackorder","11":"taxable","12":"shipping-taxable","13":"purchasable","14":"product-type-simple"},"acf":[],"yoast_head":"<!-- This site is optimized with the Yoast SEO plugin v25.2 - https:\/\/yoast.com\/wordpress\/plugins\/seo\/ -->\n<title>Q6 suoliukas - auk\u0161tos kokyb\u0117s plienin\u0117 konstrukcija, u\u017etikrinanti maksimal\u0173 patvarum\u0105<\/title>\n<meta name=\"description\" content=\"Auk\u0161tos kokyb\u0117s plieno konstrukcijos Q6 suoliukas yra ilgaam\u017eis sporto \u012frangos elementas, puikiai tinkantis bet kuriai sporto sal\u0117s r\u016bbinei.\" \/>\n<meta name=\"robots\" content=\"index, follow, max-snippet:-1, max-image-preview:large, max-video-preview:-1\" \/>\n<link rel=\"canonical\" href=\"https:\/\/gymfactory.eu\/lt\/produktas\/q6-suoliukas\/\" \/>\n<meta property=\"og:locale\" content=\"lt_LT\" \/>\n<meta property=\"og:type\" content=\"article\" \/>\n<meta property=\"og:title\" content=\"Q6 suoliukas - auk\u0161tos kokyb\u0117s plienin\u0117 konstrukcija, u\u017etikrinanti maksimal\u0173 patvarum\u0105\" \/>\n<meta property=\"og:description\" content=\"Auk\u0161tos kokyb\u0117s plieno konstrukcijos Q6 suoliukas yra ilgaam\u017eis sporto \u012frangos elementas, puikiai tinkantis bet kuriai sporto sal\u0117s r\u016bbinei.\" \/>\n<meta property=\"og:url\" content=\"https:\/\/gymfactory.eu\/lt\/produktas\/q6-suoliukas\/\" \/>\n<meta property=\"og:site_name\" content=\"Gym Factory\" \/>\n<meta property=\"article:modified_time\" content=\"2025-09-09T11:54:48+00:00\" \/>\n<meta property=\"og:image\" content=\"https:\/\/gymfactory.eu\/wp-content\/uploads\/2025\/03\/gym-gear-bench-Q5-1.webp\" \/>\n\t<meta property=\"og:image:width\" content=\"1500\" \/>\n\t<meta property=\"og:image:height\" content=\"1500\" \/>\n\t<meta property=\"og:image:type\" content=\"image\/webp\" \/>\n<meta name=\"twitter:card\" content=\"summary_large_image\" \/>\n<meta name=\"twitter:label1\" content=\"Est. reading time\" \/>\n\t<meta name=\"twitter:data1\" content=\"1 minut\u0117\" \/>\n<script type=\"application\/ld+json\" class=\"yoast-schema-graph\">{\"@context\":\"https:\/\/schema.org\",\"@graph\":[{\"@type\":\"WebPage\",\"@id\":\"https:\/\/gymfactory.eu\/lt\/produktas\/q6-suoliukas\/\",\"url\":\"https:\/\/gymfactory.eu\/lt\/produktas\/q6-suoliukas\/\",\"name\":\"Q6 suoliukas - auk\u0161tos kokyb\u0117s plienin\u0117 konstrukcija, u\u017etikrinanti maksimal\u0173 patvarum\u0105\",\"isPartOf\":{\"@id\":\"https:\/\/gymfactory.eu\/lt\/#website\"},\"primaryImageOfPage\":{\"@id\":\"https:\/\/gymfactory.eu\/lt\/produktas\/q6-suoliukas\/#primaryimage\"},\"image\":{\"@id\":\"https:\/\/gymfactory.eu\/lt\/produktas\/q6-suoliukas\/#primaryimage\"},\"thumbnailUrl\":\"https:\/\/gymfactory.eu\/wp-content\/uploads\/2025\/03\/gym-gear-bench-Q5-1.webp\",\"datePublished\":\"2025-03-17T06:36:43+00:00\",\"dateModified\":\"2025-09-09T11:54:48+00:00\",\"description\":\"Auk\u0161tos kokyb\u0117s plieno konstrukcijos Q6 suoliukas yra ilgaam\u017eis sporto \u012frangos elementas, puikiai tinkantis bet kuriai sporto sal\u0117s r\u016bbinei.\",\"breadcrumb\":{\"@id\":\"https:\/\/gymfactory.eu\/lt\/produktas\/q6-suoliukas\/#breadcrumb\"},\"inLanguage\":\"lt-LT\",\"potentialAction\":[{\"@type\":\"ReadAction\",\"target\":[\"https:\/\/gymfactory.eu\/lt\/produktas\/q6-suoliukas\/\"]}]},{\"@type\":\"ImageObject\",\"inLanguage\":\"lt-LT\",\"@id\":\"https:\/\/gymfactory.eu\/lt\/produktas\/q6-suoliukas\/#primaryimage\",\"url\":\"https:\/\/gymfactory.eu\/wp-content\/uploads\/2025\/03\/gym-gear-bench-Q5-1.webp\",\"contentUrl\":\"https:\/\/gymfactory.eu\/wp-content\/uploads\/2025\/03\/gym-gear-bench-Q5-1.webp\",\"width\":1500,\"height\":1500,\"caption\":\"Tvirtas sporto sal\u0117s persirengimo kambariui skirtas suolas, pasi\u017eymintis eleganti\u0161ku juodu dizainu su raudonu akcentu apa\u010dioje. Suoliukas turi plat\u0173, plok\u0161\u010di\u0105 pavir\u0161i\u0173 ir dvi tvirtas \u0161onines plok\u0161tes, u\u017etikrinan\u010dias stabilum\u0105, tod\u0117l jis yra idealus sprendimas s\u0117d\u0117ti ar laikyti daiktus sporto sal\u0117je. Jo kompakti\u0161ka konstrukcija u\u017etikrina patvarum\u0105 ir kartu papildo bendr\u0105 \u0161iuolaikini\u0173 sporto \u012frangos komplekt\u0173 estetik\u0105.\"},{\"@type\":\"BreadcrumbList\",\"@id\":\"https:\/\/gymfactory.eu\/lt\/produktas\/q6-suoliukas\/#breadcrumb\",\"itemListElement\":[{\"@type\":\"ListItem\",\"position\":1,\"name\":\"Pagrindinis\",\"item\":\"https:\/\/gymfactory.eu\/lt\/\"},{\"@type\":\"ListItem\",\"position\":2,\"name\":\"Katalogas\",\"item\":\"https:\/\/gymfactory.eu\/lt\/katalogas\/\"},{\"@type\":\"ListItem\",\"position\":3,\"name\":\"Q6 Suoliukas\"}]},{\"@type\":\"WebSite\",\"@id\":\"https:\/\/gymfactory.eu\/lt\/#website\",\"url\":\"https:\/\/gymfactory.eu\/lt\/\",\"name\":\"Gym Factory\",\"description\":\"\",\"publisher\":{\"@id\":\"https:\/\/gymfactory.eu\/lt\/#organization\"},\"potentialAction\":[{\"@type\":\"SearchAction\",\"target\":{\"@type\":\"EntryPoint\",\"urlTemplate\":\"https:\/\/gymfactory.eu\/lt\/?s={search_term_string}\"},\"query-input\":{\"@type\":\"PropertyValueSpecification\",\"valueRequired\":true,\"valueName\":\"search_term_string\"}}],\"inLanguage\":\"lt-LT\"},{\"@type\":\"Organization\",\"@id\":\"https:\/\/gymfactory.eu\/lt\/#organization\",\"name\":\"Sporto sal\u0117s gamykla\",\"url\":\"https:\/\/gymfactory.eu\/lt\/\",\"logo\":{\"@type\":\"ImageObject\",\"inLanguage\":\"lt-LT\",\"@id\":\"https:\/\/gymfactory.eu\/lt\/#\/schema\/logo\/image\/\",\"url\":\"https:\/\/gymfactory.eu\/wp-content\/uploads\/2024\/11\/Component-1.svg\",\"contentUrl\":\"https:\/\/gymfactory.eu\/wp-content\/uploads\/2024\/11\/Component-1.svg\",\"width\":54,\"height\":44,\"caption\":\"Sporto sal\u0117s gamykla\"},\"image\":{\"@id\":\"https:\/\/gymfactory.eu\/lt\/#\/schema\/logo\/image\/\"}}]}<\/script>\n<!-- \/ Yoast SEO plugin. -->","yoast_head_json":{"title":"Q6 suoliukas - auk\u0161tos kokyb\u0117s plienin\u0117 konstrukcija, u\u017etikrinanti maksimal\u0173 patvarum\u0105","description":"Auk\u0161tos kokyb\u0117s plieno konstrukcijos Q6 suoliukas yra ilgaam\u017eis sporto \u012frangos elementas, puikiai tinkantis bet kuriai sporto sal\u0117s r\u016bbinei.","robots":{"index":"index","follow":"follow","max-snippet":"max-snippet:-1","max-image-preview":"max-image-preview:large","max-video-preview":"max-video-preview:-1"},"canonical":"https:\/\/gymfactory.eu\/lt\/produktas\/q6-suoliukas\/","og_locale":"lt_LT","og_type":"article","og_title":"Q6 suoliukas - auk\u0161tos kokyb\u0117s plienin\u0117 konstrukcija, u\u017etikrinanti maksimal\u0173 patvarum\u0105","og_description":"Auk\u0161tos kokyb\u0117s plieno konstrukcijos Q6 suoliukas yra ilgaam\u017eis sporto \u012frangos elementas, puikiai tinkantis bet kuriai sporto sal\u0117s r\u016bbinei.","og_url":"https:\/\/gymfactory.eu\/lt\/produktas\/q6-suoliukas\/","og_site_name":"Gym Factory","article_modified_time":"2025-09-09T11:54:48+00:00","og_image":[{"width":1500,"height":1500,"url":"https:\/\/gymfactory.eu\/wp-content\/uploads\/2025\/03\/gym-gear-bench-Q5-1.webp","type":"image\/webp"}],"twitter_card":"summary_large_image","twitter_misc":{"Est. reading time":"1 minut\u0117"},"schema":{"@context":"https:\/\/schema.org","@graph":[{"@type":"WebPage","@id":"https:\/\/gymfactory.eu\/lt\/produktas\/q6-suoliukas\/","url":"https:\/\/gymfactory.eu\/lt\/produktas\/q6-suoliukas\/","name":"Q6 suoliukas - auk\u0161tos kokyb\u0117s plienin\u0117 konstrukcija, u\u017etikrinanti maksimal\u0173 patvarum\u0105","isPartOf":{"@id":"https:\/\/gymfactory.eu\/lt\/#website"},"primaryImageOfPage":{"@id":"https:\/\/gymfactory.eu\/lt\/produktas\/q6-suoliukas\/#primaryimage"},"image":{"@id":"https:\/\/gymfactory.eu\/lt\/produktas\/q6-suoliukas\/#primaryimage"},"thumbnailUrl":"https:\/\/gymfactory.eu\/wp-content\/uploads\/2025\/03\/gym-gear-bench-Q5-1.webp","datePublished":"2025-03-17T06:36:43+00:00","dateModified":"2025-09-09T11:54:48+00:00","description":"Auk\u0161tos kokyb\u0117s plieno konstrukcijos Q6 suoliukas yra ilgaam\u017eis sporto \u012frangos elementas, puikiai tinkantis bet kuriai sporto sal\u0117s r\u016bbinei.","breadcrumb":{"@id":"https:\/\/gymfactory.eu\/lt\/produktas\/q6-suoliukas\/#breadcrumb"},"inLanguage":"lt-LT","potentialAction":[{"@type":"ReadAction","target":["https:\/\/gymfactory.eu\/lt\/produktas\/q6-suoliukas\/"]}]},{"@type":"ImageObject","inLanguage":"lt-LT","@id":"https:\/\/gymfactory.eu\/lt\/produktas\/q6-suoliukas\/#primaryimage","url":"https:\/\/gymfactory.eu\/wp-content\/uploads\/2025\/03\/gym-gear-bench-Q5-1.webp","contentUrl":"https:\/\/gymfactory.eu\/wp-content\/uploads\/2025\/03\/gym-gear-bench-Q5-1.webp","width":1500,"height":1500,"caption":"Tvirtas sporto sal\u0117s persirengimo kambariui skirtas suolas, pasi\u017eymintis eleganti\u0161ku juodu dizainu su raudonu akcentu apa\u010dioje. Suoliukas turi plat\u0173, plok\u0161\u010di\u0105 pavir\u0161i\u0173 ir dvi tvirtas \u0161onines plok\u0161tes, u\u017etikrinan\u010dias stabilum\u0105, tod\u0117l jis yra idealus sprendimas s\u0117d\u0117ti ar laikyti daiktus sporto sal\u0117je. Jo kompakti\u0161ka konstrukcija u\u017etikrina patvarum\u0105 ir kartu papildo bendr\u0105 \u0161iuolaikini\u0173 sporto \u012frangos komplekt\u0173 estetik\u0105."},{"@type":"BreadcrumbList","@id":"https:\/\/gymfactory.eu\/lt\/produktas\/q6-suoliukas\/#breadcrumb","itemListElement":[{"@type":"ListItem","position":1,"name":"Pagrindinis","item":"https:\/\/gymfactory.eu\/lt\/"},{"@type":"ListItem","position":2,"name":"Katalogas","item":"https:\/\/gymfactory.eu\/lt\/katalogas\/"},{"@type":"ListItem","position":3,"name":"Q6 Suoliukas"}]},{"@type":"WebSite","@id":"https:\/\/gymfactory.eu\/lt\/#website","url":"https:\/\/gymfactory.eu\/lt\/","name":"Gym Factory","description":"","publisher":{"@id":"https:\/\/gymfactory.eu\/lt\/#organization"},"potentialAction":[{"@type":"SearchAction","target":{"@type":"EntryPoint","urlTemplate":"https:\/\/gymfactory.eu\/lt\/?s={search_term_string}"},"query-input":{"@type":"PropertyValueSpecification","valueRequired":true,"valueName":"search_term_string"}}],"inLanguage":"lt-LT"},{"@type":"Organization","@id":"https:\/\/gymfactory.eu\/lt\/#organization","name":"Sporto sal\u0117s gamykla","url":"https:\/\/gymfactory.eu\/lt\/","logo":{"@type":"ImageObject","inLanguage":"lt-LT","@id":"https:\/\/gymfactory.eu\/lt\/#\/schema\/logo\/image\/","url":"https:\/\/gymfactory.eu\/wp-content\/uploads\/2024\/11\/Component-1.svg","contentUrl":"https:\/\/gymfactory.eu\/wp-content\/uploads\/2024\/11\/Component-1.svg","width":54,"height":44,"caption":"Sporto sal\u0117s gamykla"},"image":{"@id":"https:\/\/gymfactory.eu\/lt\/#\/schema\/logo\/image\/"}}]}},"_links":{"self":[{"href":"https:\/\/gymfactory.eu\/lt\/wp-json\/wp\/v2\/product\/9567","targetHints":{"allow":["GET"]}}],"collection":[{"href":"https:\/\/gymfactory.eu\/lt\/wp-json\/wp\/v2\/product"}],"about":[{"href":"https:\/\/gymfactory.eu\/lt\/wp-json\/wp\/v2\/types\/product"}],"wp:featuredmedia":[{"embeddable":true,"href":"https:\/\/gymfactory.eu\/lt\/wp-json\/wp\/v2\/media\/8987"}],"wp:attachment":[{"href":"https:\/\/gymfactory.eu\/lt\/wp-json\/wp\/v2\/media?parent=9567"}],"wp:term":[{"taxonomy":"product_brand","embeddable":true,"href":"https:\/\/gymfactory.eu\/lt\/wp-json\/wp\/v2\/product_brand?post=9567"},{"taxonomy":"product_cat","embeddable":true,"href":"https:\/\/gymfactory.eu\/lt\/wp-json\/wp\/v2\/product_cat?post=9567"},{"taxonomy":"product_tag","embeddable":true,"href":"https:\/\/gymfactory.eu\/lt\/wp-json\/wp\/v2\/product_tag?post=9567"}],"curies":[{"name":"wp","href":"https:\/\/api.w.org\/{rel}","templated":true}]}}