{"id":9563,"date":"2025-05-26T12:21:53","date_gmt":"2025-05-26T09:21:53","guid":{"rendered":"https:\/\/gymfactory.eu\/product\/wp-2-svorio-pakelimo-plokste-5-kg\/"},"modified":"2025-09-09T16:06:07","modified_gmt":"2025-09-09T13:06:07","slug":"wp-2-svorio-pakelimo-plokste-5-kg","status":"publish","type":"product","link":"https:\/\/gymfactory.eu\/lt\/produktas\/wp-2-svorio-pakelimo-plokste-5-kg\/","title":{"rendered":"WP-2 Svorio plok\u0161t\u0117"},"content":{"rendered":"<p>WP-2 svorio plok\u0161t\u0117 \u2013 5 kg plok\u0161t\u0117, naudojama WP-0 trosin\u0117s sistemos svorio bloke. Skirta treniruokliams su 20 mm kreipiamaisiais strypais ir centriniu svorio parinkimo strypu. Plok\u0161t\u0117je yra skyl\u0117s fiksavimo kai\u0161\u010diui ir kreipiam\u0173j\u0173 stryp\u0173 i\u0161lygiavimui.<\/p>\n<p>Tinka naudoti kaip atsargin\u0117 arba papildoma plok\u0161t\u0117 <a href=\"https:\/\/gymfactory.eu\/lt\/produktas\/wp-0-svoriu-kruvos-blokas\/\" target=\"_blank\" rel=\"noopener\">WP-0<\/a> sistemoje.<\/p>\n\n    <div class=\"xs_social_share_widget xs_share_url after_content \t\tmain_content  wslu-style-1 wslu-share-box-shaped wslu-fill-colored wslu-none wslu-share-horizontal wslu-theme-font-no wslu-main_content\">\n\n\t\t\n        <ul>\n\t\t\t        <\/ul>\n    <\/div> \n","protected":false},"excerpt":{"rendered":"<p>WP-2 svorio plok\u0161t\u0117 \u2013 5 kg plok\u0161t\u0117, naudojama WP-0 trosin\u0117s sistemos svorio bloke. Skirta treniruokliams su 20 mm kreipiamaisiais strypais ir centriniu svorio parinkimo strypu. Plok\u0161t\u0117je yra skyl\u0117s fiksavimo kai\u0161\u010diui ir kreipiam\u0173j\u0173 stryp\u0173 i\u0161lygiavimui. Tinka naudoti kaip atsargin\u0117 arba papildoma plok\u0161t\u0117 WP-0 sistemoje.<\/p>\n","protected":false},"featured_media":9184,"template":"","meta":{"_acf_changed":false},"product_brand":[56],"product_cat":[392],"product_tag":[393],"class_list":{"0":"post-9563","1":"product","2":"type-product","3":"status-publish","4":"has-post-thumbnail","6":"product_brand-gym-factory","7":"product_cat-atsargines-dalys","8":"product_tag-spalva-nera-spalvu","10":"first","11":"onbackorder","12":"taxable","13":"shipping-taxable","14":"purchasable","15":"product-type-simple"},"acf":[],"yoast_head":"<!-- This site is optimized with the Yoast SEO plugin v25.2 - https:\/\/yoast.com\/wordpress\/plugins\/seo\/ -->\n<title>WP-2 Svorio plok\u0161t\u0117 - Gym Factory<\/title>\n<meta name=\"description\" content=\"5 kg svorio kr\u016bvio plok\u0161t\u0117 WP-0 kabelin\u0117s ma\u0161inos sistemai. Suderinama su 20 mm kreipian\u010diaisiais strypais ir centriniais selektoriaus strypais. Skirta sistemai surinkti arba pl\u0117sti.\" \/>\n<meta name=\"robots\" content=\"index, follow, max-snippet:-1, max-image-preview:large, max-video-preview:-1\" \/>\n<link rel=\"canonical\" href=\"https:\/\/gymfactory.eu\/lt\/produktas\/wp-2-svorio-pakelimo-plokste-5-kg\/\" \/>\n<meta property=\"og:locale\" content=\"lt_LT\" \/>\n<meta property=\"og:type\" content=\"article\" \/>\n<meta property=\"og:title\" content=\"WP-2 Svorio plok\u0161t\u0117 - Gym Factory\" \/>\n<meta property=\"og:description\" content=\"5 kg svorio kr\u016bvio plok\u0161t\u0117 WP-0 kabelin\u0117s ma\u0161inos sistemai. Suderinama su 20 mm kreipian\u010diaisiais strypais ir centriniais selektoriaus strypais. Skirta sistemai surinkti arba pl\u0117sti.\" \/>\n<meta property=\"og:url\" content=\"https:\/\/gymfactory.eu\/lt\/produktas\/wp-2-svorio-pakelimo-plokste-5-kg\/\" \/>\n<meta property=\"og:site_name\" content=\"Gym Factory\" \/>\n<meta property=\"article:modified_time\" content=\"2025-09-09T13:06:07+00:00\" \/>\n<meta property=\"og:image\" content=\"https:\/\/gymfactory.eu\/wp-content\/uploads\/2025\/05\/WP-2-\u2013-5-kg-weight-plate-for-cable-machine-stack-system.jpg\" \/>\n\t<meta property=\"og:image:width\" content=\"1500\" \/>\n\t<meta property=\"og:image:height\" content=\"1500\" \/>\n\t<meta property=\"og:image:type\" content=\"image\/jpeg\" \/>\n<meta name=\"twitter:card\" content=\"summary_large_image\" \/>\n<meta name=\"twitter:label1\" content=\"Est. reading time\" \/>\n\t<meta name=\"twitter:data1\" content=\"1 minut\u0117\" \/>\n<script type=\"application\/ld+json\" class=\"yoast-schema-graph\">{\"@context\":\"https:\/\/schema.org\",\"@graph\":[{\"@type\":\"WebPage\",\"@id\":\"https:\/\/gymfactory.eu\/lt\/produktas\/wp-2-svorio-pakelimo-plokste-5-kg\/\",\"url\":\"https:\/\/gymfactory.eu\/lt\/produktas\/wp-2-svorio-pakelimo-plokste-5-kg\/\",\"name\":\"WP-2 Svorio plok\u0161t\u0117 - Gym Factory\",\"isPartOf\":{\"@id\":\"https:\/\/gymfactory.eu\/lt\/#website\"},\"primaryImageOfPage\":{\"@id\":\"https:\/\/gymfactory.eu\/lt\/produktas\/wp-2-svorio-pakelimo-plokste-5-kg\/#primaryimage\"},\"image\":{\"@id\":\"https:\/\/gymfactory.eu\/lt\/produktas\/wp-2-svorio-pakelimo-plokste-5-kg\/#primaryimage\"},\"thumbnailUrl\":\"https:\/\/gymfactory.eu\/wp-content\/uploads\/2025\/05\/WP-2-\u2013-5-kg-weight-plate-for-cable-machine-stack-system.jpg\",\"datePublished\":\"2025-05-26T09:21:53+00:00\",\"dateModified\":\"2025-09-09T13:06:07+00:00\",\"description\":\"5 kg svorio kr\u016bvio plok\u0161t\u0117 WP-0 kabelin\u0117s ma\u0161inos sistemai. Suderinama su 20 mm kreipian\u010diaisiais strypais ir centriniais selektoriaus strypais. Skirta sistemai surinkti arba pl\u0117sti.\",\"breadcrumb\":{\"@id\":\"https:\/\/gymfactory.eu\/lt\/produktas\/wp-2-svorio-pakelimo-plokste-5-kg\/#breadcrumb\"},\"inLanguage\":\"lt-LT\",\"potentialAction\":[{\"@type\":\"ReadAction\",\"target\":[\"https:\/\/gymfactory.eu\/lt\/produktas\/wp-2-svorio-pakelimo-plokste-5-kg\/\"]}]},{\"@type\":\"ImageObject\",\"inLanguage\":\"lt-LT\",\"@id\":\"https:\/\/gymfactory.eu\/lt\/produktas\/wp-2-svorio-pakelimo-plokste-5-kg\/#primaryimage\",\"url\":\"https:\/\/gymfactory.eu\/wp-content\/uploads\/2025\/05\/WP-2-\u2013-5-kg-weight-plate-for-cable-machine-stack-system.jpg\",\"contentUrl\":\"https:\/\/gymfactory.eu\/wp-content\/uploads\/2025\/05\/WP-2-\u2013-5-kg-weight-plate-for-cable-machine-stack-system.jpg\",\"width\":1500,\"height\":1500,\"caption\":\"WP-2 svorio plok\u0161t\u0117 (5 kg) su centrine ir \u0161onin\u0117mis skyl\u0117mis kreipiamiesiems ir pasirinkimo strypams\"},{\"@type\":\"BreadcrumbList\",\"@id\":\"https:\/\/gymfactory.eu\/lt\/produktas\/wp-2-svorio-pakelimo-plokste-5-kg\/#breadcrumb\",\"itemListElement\":[{\"@type\":\"ListItem\",\"position\":1,\"name\":\"Pagrindinis\",\"item\":\"https:\/\/gymfactory.eu\/lt\/\"},{\"@type\":\"ListItem\",\"position\":2,\"name\":\"Katalogas\",\"item\":\"https:\/\/gymfactory.eu\/lt\/katalogas\/\"},{\"@type\":\"ListItem\",\"position\":3,\"name\":\"WP-2 Svorio plok\u0161t\u0117\"}]},{\"@type\":\"WebSite\",\"@id\":\"https:\/\/gymfactory.eu\/lt\/#website\",\"url\":\"https:\/\/gymfactory.eu\/lt\/\",\"name\":\"Gym Factory\",\"description\":\"\",\"publisher\":{\"@id\":\"https:\/\/gymfactory.eu\/lt\/#organization\"},\"potentialAction\":[{\"@type\":\"SearchAction\",\"target\":{\"@type\":\"EntryPoint\",\"urlTemplate\":\"https:\/\/gymfactory.eu\/lt\/?s={search_term_string}\"},\"query-input\":{\"@type\":\"PropertyValueSpecification\",\"valueRequired\":true,\"valueName\":\"search_term_string\"}}],\"inLanguage\":\"lt-LT\"},{\"@type\":\"Organization\",\"@id\":\"https:\/\/gymfactory.eu\/lt\/#organization\",\"name\":\"Sporto sal\u0117s gamykla\",\"url\":\"https:\/\/gymfactory.eu\/lt\/\",\"logo\":{\"@type\":\"ImageObject\",\"inLanguage\":\"lt-LT\",\"@id\":\"https:\/\/gymfactory.eu\/lt\/#\/schema\/logo\/image\/\",\"url\":\"https:\/\/gymfactory.eu\/wp-content\/uploads\/2024\/11\/Component-1.svg\",\"contentUrl\":\"https:\/\/gymfactory.eu\/wp-content\/uploads\/2024\/11\/Component-1.svg\",\"width\":54,\"height\":44,\"caption\":\"Sporto sal\u0117s gamykla\"},\"image\":{\"@id\":\"https:\/\/gymfactory.eu\/lt\/#\/schema\/logo\/image\/\"}}]}<\/script>\n<!-- \/ Yoast SEO plugin. -->","yoast_head_json":{"title":"WP-2 Svorio plok\u0161t\u0117 - Gym Factory","description":"5 kg svorio kr\u016bvio plok\u0161t\u0117 WP-0 kabelin\u0117s ma\u0161inos sistemai. Suderinama su 20 mm kreipian\u010diaisiais strypais ir centriniais selektoriaus strypais. Skirta sistemai surinkti arba pl\u0117sti.","robots":{"index":"index","follow":"follow","max-snippet":"max-snippet:-1","max-image-preview":"max-image-preview:large","max-video-preview":"max-video-preview:-1"},"canonical":"https:\/\/gymfactory.eu\/lt\/produktas\/wp-2-svorio-pakelimo-plokste-5-kg\/","og_locale":"lt_LT","og_type":"article","og_title":"WP-2 Svorio plok\u0161t\u0117 - Gym Factory","og_description":"5 kg svorio kr\u016bvio plok\u0161t\u0117 WP-0 kabelin\u0117s ma\u0161inos sistemai. Suderinama su 20 mm kreipian\u010diaisiais strypais ir centriniais selektoriaus strypais. Skirta sistemai surinkti arba pl\u0117sti.","og_url":"https:\/\/gymfactory.eu\/lt\/produktas\/wp-2-svorio-pakelimo-plokste-5-kg\/","og_site_name":"Gym Factory","article_modified_time":"2025-09-09T13:06:07+00:00","og_image":[{"width":1500,"height":1500,"url":"https:\/\/gymfactory.eu\/wp-content\/uploads\/2025\/05\/WP-2-\u2013-5-kg-weight-plate-for-cable-machine-stack-system.jpg","type":"image\/jpeg"}],"twitter_card":"summary_large_image","twitter_misc":{"Est. reading time":"1 minut\u0117"},"schema":{"@context":"https:\/\/schema.org","@graph":[{"@type":"WebPage","@id":"https:\/\/gymfactory.eu\/lt\/produktas\/wp-2-svorio-pakelimo-plokste-5-kg\/","url":"https:\/\/gymfactory.eu\/lt\/produktas\/wp-2-svorio-pakelimo-plokste-5-kg\/","name":"WP-2 Svorio plok\u0161t\u0117 - Gym Factory","isPartOf":{"@id":"https:\/\/gymfactory.eu\/lt\/#website"},"primaryImageOfPage":{"@id":"https:\/\/gymfactory.eu\/lt\/produktas\/wp-2-svorio-pakelimo-plokste-5-kg\/#primaryimage"},"image":{"@id":"https:\/\/gymfactory.eu\/lt\/produktas\/wp-2-svorio-pakelimo-plokste-5-kg\/#primaryimage"},"thumbnailUrl":"https:\/\/gymfactory.eu\/wp-content\/uploads\/2025\/05\/WP-2-\u2013-5-kg-weight-plate-for-cable-machine-stack-system.jpg","datePublished":"2025-05-26T09:21:53+00:00","dateModified":"2025-09-09T13:06:07+00:00","description":"5 kg svorio kr\u016bvio plok\u0161t\u0117 WP-0 kabelin\u0117s ma\u0161inos sistemai. Suderinama su 20 mm kreipian\u010diaisiais strypais ir centriniais selektoriaus strypais. Skirta sistemai surinkti arba pl\u0117sti.","breadcrumb":{"@id":"https:\/\/gymfactory.eu\/lt\/produktas\/wp-2-svorio-pakelimo-plokste-5-kg\/#breadcrumb"},"inLanguage":"lt-LT","potentialAction":[{"@type":"ReadAction","target":["https:\/\/gymfactory.eu\/lt\/produktas\/wp-2-svorio-pakelimo-plokste-5-kg\/"]}]},{"@type":"ImageObject","inLanguage":"lt-LT","@id":"https:\/\/gymfactory.eu\/lt\/produktas\/wp-2-svorio-pakelimo-plokste-5-kg\/#primaryimage","url":"https:\/\/gymfactory.eu\/wp-content\/uploads\/2025\/05\/WP-2-\u2013-5-kg-weight-plate-for-cable-machine-stack-system.jpg","contentUrl":"https:\/\/gymfactory.eu\/wp-content\/uploads\/2025\/05\/WP-2-\u2013-5-kg-weight-plate-for-cable-machine-stack-system.jpg","width":1500,"height":1500,"caption":"WP-2 svorio plok\u0161t\u0117 (5 kg) su centrine ir \u0161onin\u0117mis skyl\u0117mis kreipiamiesiems ir pasirinkimo strypams"},{"@type":"BreadcrumbList","@id":"https:\/\/gymfactory.eu\/lt\/produktas\/wp-2-svorio-pakelimo-plokste-5-kg\/#breadcrumb","itemListElement":[{"@type":"ListItem","position":1,"name":"Pagrindinis","item":"https:\/\/gymfactory.eu\/lt\/"},{"@type":"ListItem","position":2,"name":"Katalogas","item":"https:\/\/gymfactory.eu\/lt\/katalogas\/"},{"@type":"ListItem","position":3,"name":"WP-2 Svorio plok\u0161t\u0117"}]},{"@type":"WebSite","@id":"https:\/\/gymfactory.eu\/lt\/#website","url":"https:\/\/gymfactory.eu\/lt\/","name":"Gym Factory","description":"","publisher":{"@id":"https:\/\/gymfactory.eu\/lt\/#organization"},"potentialAction":[{"@type":"SearchAction","target":{"@type":"EntryPoint","urlTemplate":"https:\/\/gymfactory.eu\/lt\/?s={search_term_string}"},"query-input":{"@type":"PropertyValueSpecification","valueRequired":true,"valueName":"search_term_string"}}],"inLanguage":"lt-LT"},{"@type":"Organization","@id":"https:\/\/gymfactory.eu\/lt\/#organization","name":"Sporto sal\u0117s gamykla","url":"https:\/\/gymfactory.eu\/lt\/","logo":{"@type":"ImageObject","inLanguage":"lt-LT","@id":"https:\/\/gymfactory.eu\/lt\/#\/schema\/logo\/image\/","url":"https:\/\/gymfactory.eu\/wp-content\/uploads\/2024\/11\/Component-1.svg","contentUrl":"https:\/\/gymfactory.eu\/wp-content\/uploads\/2024\/11\/Component-1.svg","width":54,"height":44,"caption":"Sporto sal\u0117s gamykla"},"image":{"@id":"https:\/\/gymfactory.eu\/lt\/#\/schema\/logo\/image\/"}}]}},"_links":{"self":[{"href":"https:\/\/gymfactory.eu\/lt\/wp-json\/wp\/v2\/product\/9563","targetHints":{"allow":["GET"]}}],"collection":[{"href":"https:\/\/gymfactory.eu\/lt\/wp-json\/wp\/v2\/product"}],"about":[{"href":"https:\/\/gymfactory.eu\/lt\/wp-json\/wp\/v2\/types\/product"}],"wp:featuredmedia":[{"embeddable":true,"href":"https:\/\/gymfactory.eu\/lt\/wp-json\/wp\/v2\/media\/9184"}],"wp:attachment":[{"href":"https:\/\/gymfactory.eu\/lt\/wp-json\/wp\/v2\/media?parent=9563"}],"wp:term":[{"taxonomy":"product_brand","embeddable":true,"href":"https:\/\/gymfactory.eu\/lt\/wp-json\/wp\/v2\/product_brand?post=9563"},{"taxonomy":"product_cat","embeddable":true,"href":"https:\/\/gymfactory.eu\/lt\/wp-json\/wp\/v2\/product_cat?post=9563"},{"taxonomy":"product_tag","embeddable":true,"href":"https:\/\/gymfactory.eu\/lt\/wp-json\/wp\/v2\/product_tag?post=9563"}],"curies":[{"name":"wp","href":"https:\/\/api.w.org\/{rel}","templated":true}]}}