{"id":9556,"date":"2025-04-29T11:01:30","date_gmt":"2025-04-29T08:01:30","guid":{"rendered":"https:\/\/gymfactory.eu\/product\/b2x-stovas\/"},"modified":"2025-12-05T13:26:30","modified_gmt":"2025-12-05T11:26:30","slug":"b2x-stovas","status":"publish","type":"product","link":"https:\/\/gymfactory.eu\/lt\/produktas\/b2x-stovas\/","title":{"rendered":"B2X Prit\u016bpim\u0173 ir spaudimo stovas"},"content":{"rendered":"<p>B2X Prit\u016bpim\u0173 ir spaudimo stovas \u2013 tai tvirtas, universalioms j\u0117gos treniruot\u0117ms skirtas stovas, pagamintas i\u0161 patvaraus plieno. Tinka tiek intensyviam naudojimui sporto klubuose, tiek reguliarioms treniruot\u0117ms namuose.<\/p>\n<p>Stovas turi du \u0161tangos laikiklius, kuriuos galima montuoti skirtingame auk\u0161tyje naudojant vertikal\u0173 reguliavimo mechanizm\u0105. Tai leid\u017eia lengvai pritaikyti stov\u0105 prit\u016bpimams, spaudimams vir\u0161 galvos ar traukos pratimams nuo stovo.<\/p>\n<p>B2X suteikia patikim\u0105 ir reguliuojam\u0105 baz\u0119 saugioms bei efektyvioms treniruot\u0117ms su laisvaisiais svoriais.<\/p>\n<p>Norint maksimaliai i\u0161naudoti \u0161io stovo galimybes, rekomenduojame prid\u0117ti suderinam\u0105 \u0161tang\u0105 \u2013 pavyzd\u017eiui, <a href=\"https:\/\/gymfactory.eu\/lt\/produktas\/z03g1-olimpine-stanga\/\" target=\"_blank\" rel=\"noopener\">Z03G1 olimpin\u012f grif\u0105<\/a> arba <a href=\"https:\/\/gymfactory.eu\/lt\/produktas\/z03g-olimpine-stanga\/\" target=\"_blank\" rel=\"noopener\">Z03G olimpin\u012f grif\u0105<\/a>.<\/p>\n\n    <div class=\"xs_social_share_widget xs_share_url after_content \t\tmain_content  wslu-style-1 wslu-share-box-shaped wslu-fill-colored wslu-none wslu-share-horizontal wslu-theme-font-no wslu-main_content\">\n\n\t\t\n        <ul>\n\t\t\t        <\/ul>\n    <\/div> \n","protected":false},"excerpt":{"rendered":"<p>B2X Prit\u016bpim\u0173 ir spaudimo stovas \u2013 tai tvirtas, universalioms j\u0117gos treniruot\u0117ms skirtas stovas, pagamintas i\u0161 patvaraus plieno. Tinka tiek intensyviam naudojimui sporto klubuose, tiek reguliarioms treniruot\u0117ms namuose. Stovas turi du \u0161tangos laikiklius, kuriuos galima montuoti skirtingame auk\u0161tyje naudojant vertikal\u0173 reguliavimo mechanizm\u0105. Tai leid\u017eia lengvai pritaikyti stov\u0105 prit\u016bpimams, spaudimams vir\u0161 galvos ar traukos pratimams nuo stovo. [&hellip;]<\/p>\n","protected":false},"featured_media":9025,"template":"","meta":{"_acf_changed":false},"product_brand":[817],"product_cat":[435],"product_tag":[415],"class_list":{"0":"post-9556","1":"product","2":"type-product","3":"status-publish","4":"has-post-thumbnail","6":"product_brand-gym-factory-lt","7":"product_cat-stovai","8":"product_tag-spalva-tik-metaline","10":"first","11":"onbackorder","12":"taxable","13":"shipping-taxable","14":"purchasable","15":"product-type-variable","16":"has-default-attributes"},"acf":[],"yoast_head":"<!-- This site is optimized with the Yoast SEO plugin v25.2 - https:\/\/yoast.com\/wordpress\/plugins\/seo\/ -->\n<title>&quot;B2X Rack&quot; - auk\u0161\u010diausios kokyb\u0117s treniruokli\u0173 sal\u0117s \u012franga j\u0117gos treniruot\u0117ms<\/title>\n<meta name=\"description\" content=\"Atraskite &quot;B2X Rack&quot; - patvari\u0105 treniruokli\u0173 \u012frang\u0105, skirt\u0105 j\u0117gos pratimams ir viso k\u016bno treniruot\u0117ms. Puikiai tinka nam\u0173 ir profesionalioms sporto sal\u0117ms.\" \/>\n<meta name=\"robots\" content=\"index, follow, max-snippet:-1, max-image-preview:large, max-video-preview:-1\" \/>\n<link rel=\"canonical\" href=\"https:\/\/gymfactory.eu\/lt\/produktas\/b2x-stovas\/\" \/>\n<meta property=\"og:locale\" content=\"lt_LT\" \/>\n<meta property=\"og:type\" content=\"article\" \/>\n<meta property=\"og:title\" content=\"&quot;B2X Rack&quot; - auk\u0161\u010diausios kokyb\u0117s treniruokli\u0173 sal\u0117s \u012franga j\u0117gos treniruot\u0117ms\" \/>\n<meta property=\"og:description\" content=\"Atraskite &quot;B2X Rack&quot; - patvari\u0105 treniruokli\u0173 \u012frang\u0105, skirt\u0105 j\u0117gos pratimams ir viso k\u016bno treniruot\u0117ms. Puikiai tinka nam\u0173 ir profesionalioms sporto sal\u0117ms.\" \/>\n<meta property=\"og:url\" content=\"https:\/\/gymfactory.eu\/lt\/produktas\/b2x-stovas\/\" \/>\n<meta property=\"og:site_name\" content=\"Gym Factory\" \/>\n<meta property=\"article:modified_time\" content=\"2025-12-05T11:26:30+00:00\" \/>\n<meta property=\"og:image\" content=\"https:\/\/gymfactory.eu\/wp-content\/uploads\/2025\/04\/B2X-Rack.webp\" \/>\n\t<meta property=\"og:image:width\" content=\"1500\" \/>\n\t<meta property=\"og:image:height\" content=\"1500\" \/>\n\t<meta property=\"og:image:type\" content=\"image\/webp\" \/>\n<meta name=\"twitter:card\" content=\"summary_large_image\" \/>\n<meta name=\"twitter:label1\" content=\"Est. reading time\" \/>\n\t<meta name=\"twitter:data1\" content=\"1 minut\u0117\" \/>\n<script type=\"application\/ld+json\" class=\"yoast-schema-graph\">{\"@context\":\"https:\/\/schema.org\",\"@graph\":[{\"@type\":\"WebPage\",\"@id\":\"https:\/\/gymfactory.eu\/lt\/produktas\/b2x-stovas\/\",\"url\":\"https:\/\/gymfactory.eu\/lt\/produktas\/b2x-stovas\/\",\"name\":\"\\\"B2X Rack\\\" - auk\u0161\u010diausios kokyb\u0117s treniruokli\u0173 sal\u0117s \u012franga j\u0117gos treniruot\u0117ms\",\"isPartOf\":{\"@id\":\"https:\/\/gymfactory.eu\/lt\/#website\"},\"primaryImageOfPage\":{\"@id\":\"https:\/\/gymfactory.eu\/lt\/produktas\/b2x-stovas\/#primaryimage\"},\"image\":{\"@id\":\"https:\/\/gymfactory.eu\/lt\/produktas\/b2x-stovas\/#primaryimage\"},\"thumbnailUrl\":\"https:\/\/gymfactory.eu\/wp-content\/uploads\/2025\/04\/B2X-Rack.webp\",\"datePublished\":\"2025-04-29T08:01:30+00:00\",\"dateModified\":\"2025-12-05T11:26:30+00:00\",\"description\":\"Atraskite \\\"B2X Rack\\\" - patvari\u0105 treniruokli\u0173 \u012frang\u0105, skirt\u0105 j\u0117gos pratimams ir viso k\u016bno treniruot\u0117ms. Puikiai tinka nam\u0173 ir profesionalioms sporto sal\u0117ms.\",\"breadcrumb\":{\"@id\":\"https:\/\/gymfactory.eu\/lt\/produktas\/b2x-stovas\/#breadcrumb\"},\"inLanguage\":\"lt-LT\",\"potentialAction\":[{\"@type\":\"ReadAction\",\"target\":[\"https:\/\/gymfactory.eu\/lt\/produktas\/b2x-stovas\/\"]}]},{\"@type\":\"ImageObject\",\"inLanguage\":\"lt-LT\",\"@id\":\"https:\/\/gymfactory.eu\/lt\/produktas\/b2x-stovas\/#primaryimage\",\"url\":\"https:\/\/gymfactory.eu\/wp-content\/uploads\/2025\/04\/B2X-Rack.webp\",\"contentUrl\":\"https:\/\/gymfactory.eu\/wp-content\/uploads\/2025\/04\/B2X-Rack.webp\",\"width\":1500,\"height\":1500,\"caption\":\"Tvirtas \\\"B2X Rack\\\" treniruokli\u0173 stovas, skirtas j\u0117gos pratimams, turi sta\u010diakamp\u012f plienin\u012f r\u0117m\u0105 su reguliuojamais \u0161tang\u0173 laikikliais viso k\u016bno treniruot\u0117ms.\"},{\"@type\":\"BreadcrumbList\",\"@id\":\"https:\/\/gymfactory.eu\/lt\/produktas\/b2x-stovas\/#breadcrumb\",\"itemListElement\":[{\"@type\":\"ListItem\",\"position\":1,\"name\":\"Pagrindinis\",\"item\":\"https:\/\/gymfactory.eu\/lt\/\"},{\"@type\":\"ListItem\",\"position\":2,\"name\":\"Katalogas\",\"item\":\"https:\/\/gymfactory.eu\/lt\/katalogas\/\"},{\"@type\":\"ListItem\",\"position\":3,\"name\":\"B2X Prit\u016bpim\u0173 ir spaudimo stovas\"}]},{\"@type\":\"WebSite\",\"@id\":\"https:\/\/gymfactory.eu\/lt\/#website\",\"url\":\"https:\/\/gymfactory.eu\/lt\/\",\"name\":\"Gym Factory\",\"description\":\"\",\"publisher\":{\"@id\":\"https:\/\/gymfactory.eu\/lt\/#organization\"},\"potentialAction\":[{\"@type\":\"SearchAction\",\"target\":{\"@type\":\"EntryPoint\",\"urlTemplate\":\"https:\/\/gymfactory.eu\/lt\/?s={search_term_string}\"},\"query-input\":{\"@type\":\"PropertyValueSpecification\",\"valueRequired\":true,\"valueName\":\"search_term_string\"}}],\"inLanguage\":\"lt-LT\"},{\"@type\":\"Organization\",\"@id\":\"https:\/\/gymfactory.eu\/lt\/#organization\",\"name\":\"Sporto sal\u0117s gamykla\",\"url\":\"https:\/\/gymfactory.eu\/lt\/\",\"logo\":{\"@type\":\"ImageObject\",\"inLanguage\":\"lt-LT\",\"@id\":\"https:\/\/gymfactory.eu\/lt\/#\/schema\/logo\/image\/\",\"url\":\"https:\/\/gymfactory.eu\/wp-content\/uploads\/2024\/11\/Component-1.svg\",\"contentUrl\":\"https:\/\/gymfactory.eu\/wp-content\/uploads\/2024\/11\/Component-1.svg\",\"width\":54,\"height\":44,\"caption\":\"Sporto sal\u0117s gamykla\"},\"image\":{\"@id\":\"https:\/\/gymfactory.eu\/lt\/#\/schema\/logo\/image\/\"}}]}<\/script>\n<!-- \/ Yoast SEO plugin. -->","yoast_head_json":{"title":"\"B2X Rack\" - auk\u0161\u010diausios kokyb\u0117s treniruokli\u0173 sal\u0117s \u012franga j\u0117gos treniruot\u0117ms","description":"Atraskite \"B2X Rack\" - patvari\u0105 treniruokli\u0173 \u012frang\u0105, skirt\u0105 j\u0117gos pratimams ir viso k\u016bno treniruot\u0117ms. Puikiai tinka nam\u0173 ir profesionalioms sporto sal\u0117ms.","robots":{"index":"index","follow":"follow","max-snippet":"max-snippet:-1","max-image-preview":"max-image-preview:large","max-video-preview":"max-video-preview:-1"},"canonical":"https:\/\/gymfactory.eu\/lt\/produktas\/b2x-stovas\/","og_locale":"lt_LT","og_type":"article","og_title":"\"B2X Rack\" - auk\u0161\u010diausios kokyb\u0117s treniruokli\u0173 sal\u0117s \u012franga j\u0117gos treniruot\u0117ms","og_description":"Atraskite \"B2X Rack\" - patvari\u0105 treniruokli\u0173 \u012frang\u0105, skirt\u0105 j\u0117gos pratimams ir viso k\u016bno treniruot\u0117ms. Puikiai tinka nam\u0173 ir profesionalioms sporto sal\u0117ms.","og_url":"https:\/\/gymfactory.eu\/lt\/produktas\/b2x-stovas\/","og_site_name":"Gym Factory","article_modified_time":"2025-12-05T11:26:30+00:00","og_image":[{"width":1500,"height":1500,"url":"https:\/\/gymfactory.eu\/wp-content\/uploads\/2025\/04\/B2X-Rack.webp","type":"image\/webp"}],"twitter_card":"summary_large_image","twitter_misc":{"Est. reading time":"1 minut\u0117"},"schema":{"@context":"https:\/\/schema.org","@graph":[{"@type":"WebPage","@id":"https:\/\/gymfactory.eu\/lt\/produktas\/b2x-stovas\/","url":"https:\/\/gymfactory.eu\/lt\/produktas\/b2x-stovas\/","name":"\"B2X Rack\" - auk\u0161\u010diausios kokyb\u0117s treniruokli\u0173 sal\u0117s \u012franga j\u0117gos treniruot\u0117ms","isPartOf":{"@id":"https:\/\/gymfactory.eu\/lt\/#website"},"primaryImageOfPage":{"@id":"https:\/\/gymfactory.eu\/lt\/produktas\/b2x-stovas\/#primaryimage"},"image":{"@id":"https:\/\/gymfactory.eu\/lt\/produktas\/b2x-stovas\/#primaryimage"},"thumbnailUrl":"https:\/\/gymfactory.eu\/wp-content\/uploads\/2025\/04\/B2X-Rack.webp","datePublished":"2025-04-29T08:01:30+00:00","dateModified":"2025-12-05T11:26:30+00:00","description":"Atraskite \"B2X Rack\" - patvari\u0105 treniruokli\u0173 \u012frang\u0105, skirt\u0105 j\u0117gos pratimams ir viso k\u016bno treniruot\u0117ms. Puikiai tinka nam\u0173 ir profesionalioms sporto sal\u0117ms.","breadcrumb":{"@id":"https:\/\/gymfactory.eu\/lt\/produktas\/b2x-stovas\/#breadcrumb"},"inLanguage":"lt-LT","potentialAction":[{"@type":"ReadAction","target":["https:\/\/gymfactory.eu\/lt\/produktas\/b2x-stovas\/"]}]},{"@type":"ImageObject","inLanguage":"lt-LT","@id":"https:\/\/gymfactory.eu\/lt\/produktas\/b2x-stovas\/#primaryimage","url":"https:\/\/gymfactory.eu\/wp-content\/uploads\/2025\/04\/B2X-Rack.webp","contentUrl":"https:\/\/gymfactory.eu\/wp-content\/uploads\/2025\/04\/B2X-Rack.webp","width":1500,"height":1500,"caption":"Tvirtas \"B2X Rack\" treniruokli\u0173 stovas, skirtas j\u0117gos pratimams, turi sta\u010diakamp\u012f plienin\u012f r\u0117m\u0105 su reguliuojamais \u0161tang\u0173 laikikliais viso k\u016bno treniruot\u0117ms."},{"@type":"BreadcrumbList","@id":"https:\/\/gymfactory.eu\/lt\/produktas\/b2x-stovas\/#breadcrumb","itemListElement":[{"@type":"ListItem","position":1,"name":"Pagrindinis","item":"https:\/\/gymfactory.eu\/lt\/"},{"@type":"ListItem","position":2,"name":"Katalogas","item":"https:\/\/gymfactory.eu\/lt\/katalogas\/"},{"@type":"ListItem","position":3,"name":"B2X Prit\u016bpim\u0173 ir spaudimo stovas"}]},{"@type":"WebSite","@id":"https:\/\/gymfactory.eu\/lt\/#website","url":"https:\/\/gymfactory.eu\/lt\/","name":"Gym Factory","description":"","publisher":{"@id":"https:\/\/gymfactory.eu\/lt\/#organization"},"potentialAction":[{"@type":"SearchAction","target":{"@type":"EntryPoint","urlTemplate":"https:\/\/gymfactory.eu\/lt\/?s={search_term_string}"},"query-input":{"@type":"PropertyValueSpecification","valueRequired":true,"valueName":"search_term_string"}}],"inLanguage":"lt-LT"},{"@type":"Organization","@id":"https:\/\/gymfactory.eu\/lt\/#organization","name":"Sporto sal\u0117s gamykla","url":"https:\/\/gymfactory.eu\/lt\/","logo":{"@type":"ImageObject","inLanguage":"lt-LT","@id":"https:\/\/gymfactory.eu\/lt\/#\/schema\/logo\/image\/","url":"https:\/\/gymfactory.eu\/wp-content\/uploads\/2024\/11\/Component-1.svg","contentUrl":"https:\/\/gymfactory.eu\/wp-content\/uploads\/2024\/11\/Component-1.svg","width":54,"height":44,"caption":"Sporto sal\u0117s gamykla"},"image":{"@id":"https:\/\/gymfactory.eu\/lt\/#\/schema\/logo\/image\/"}}]}},"_links":{"self":[{"href":"https:\/\/gymfactory.eu\/lt\/wp-json\/wp\/v2\/product\/9556","targetHints":{"allow":["GET"]}}],"collection":[{"href":"https:\/\/gymfactory.eu\/lt\/wp-json\/wp\/v2\/product"}],"about":[{"href":"https:\/\/gymfactory.eu\/lt\/wp-json\/wp\/v2\/types\/product"}],"wp:featuredmedia":[{"embeddable":true,"href":"https:\/\/gymfactory.eu\/lt\/wp-json\/wp\/v2\/media\/9025"}],"wp:attachment":[{"href":"https:\/\/gymfactory.eu\/lt\/wp-json\/wp\/v2\/media?parent=9556"}],"wp:term":[{"taxonomy":"product_brand","embeddable":true,"href":"https:\/\/gymfactory.eu\/lt\/wp-json\/wp\/v2\/product_brand?post=9556"},{"taxonomy":"product_cat","embeddable":true,"href":"https:\/\/gymfactory.eu\/lt\/wp-json\/wp\/v2\/product_cat?post=9556"},{"taxonomy":"product_tag","embeddable":true,"href":"https:\/\/gymfactory.eu\/lt\/wp-json\/wp\/v2\/product_tag?post=9556"}],"curies":[{"name":"wp","href":"https:\/\/api.w.org\/{rel}","templated":true}]}}