{"id":9554,"date":"2025-05-26T13:19:50","date_gmt":"2025-05-26T10:19:50","guid":{"rendered":"https:\/\/gymfactory.eu\/product\/s3y-hamstringu-suolelis\/"},"modified":"2026-01-26T16:19:24","modified_gmt":"2026-01-26T14:19:24","slug":"s3y-nusilenkimu-suolelis","status":"publish","type":"product","link":"https:\/\/gymfactory.eu\/lt\/produktas\/s3y-nusilenkimu-suolelis\/","title":{"rendered":"S3Y Nusilenkim\u0173 suoliukas"},"content":{"rendered":"<p>S3Y \u2013 tai k\u016bno svoriu paremtas treniruoklis, skirtas stiprinti u\u017epakalinius \u0161laun\u0173 raumenis ir gerinti j\u0173 kontrol\u0119. Vartotojas atsiklaupia ant fiksuotos atramos platformos, o pamink\u0161tinti volai prilaiko kulk\u0161nis. I\u0161 \u0161ios pad\u0117ties liemuo kontroliuotai leid\u017eiamas \u012f priek\u012f \u2013 taip dirba u\u017epakaliniai \u0161laun\u0173 raumenys ekscentriniu re\u017eimu. Suoliukas turi reguliuojam\u0105 vol\u0173 sistem\u0105, leid\u017eian\u010di\u0105 prisitaikyti prie skirtingo \u016bgio ir k\u016bno proporcij\u0173.<\/p>\n<p>\u0160i versija papildyta pagalbine svirtimi su ner\u016bdijan\u010dio plieno, rifliuota rankena, kuri padeda suma\u017einti apkrov\u0105 judesio metu. Svirtis turi antgal\u012f svorio disko u\u017ekrovimui, tod\u0117l galima tiksliai sureguliuoti pagalbin\u012f pasiprie\u0161inim\u0105 pagal treniruot\u0117s lyg\u012f.<\/p>\n<p>Tinka naudoti tiek nam\u0173 s\u0105lygomis, tiek profesionaliose sporto sal\u0117se.<\/p>\n\n    <div class=\"xs_social_share_widget xs_share_url after_content \t\tmain_content  wslu-style-1 wslu-share-box-shaped wslu-fill-colored wslu-none wslu-share-horizontal wslu-theme-font-no wslu-main_content\">\n\n\t\t\n        <ul>\n\t\t\t        <\/ul>\n    <\/div> \n","protected":false},"excerpt":{"rendered":"<p>S3Y \u2013 tai k\u016bno svoriu paremtas treniruoklis, skirtas stiprinti u\u017epakalinius \u0161laun\u0173 raumenis ir gerinti j\u0173 kontrol\u0119. Vartotojas atsiklaupia ant fiksuotos atramos platformos, o pamink\u0161tinti volai prilaiko kulk\u0161nis. I\u0161 \u0161ios pad\u0117ties liemuo kontroliuotai leid\u017eiamas \u012f priek\u012f \u2013 taip dirba u\u017epakaliniai \u0161laun\u0173 raumenys ekscentriniu re\u017eimu. Suoliukas turi reguliuojam\u0105 vol\u0173 sistem\u0105, leid\u017eian\u010di\u0105 prisitaikyti prie skirtingo \u016bgio ir k\u016bno [&hellip;]<\/p>\n","protected":false},"featured_media":9188,"template":"","meta":{"_acf_changed":false},"product_brand":[817],"product_cat":[421,437],"product_tag":[],"class_list":{"0":"post-9554","1":"product","2":"type-product","3":"status-publish","4":"has-post-thumbnail","6":"product_brand-gym-factory-lt","7":"product_cat-laisvu-svoriu-treniruokliai","8":"product_cat-treniruociu-suolai","10":"first","11":"onbackorder","12":"taxable","13":"shipping-taxable","14":"purchasable","15":"product-type-variable","16":"has-default-attributes"},"acf":[],"yoast_head":"<!-- This site is optimized with the Yoast SEO plugin v25.2 - https:\/\/yoast.com\/wordpress\/plugins\/seo\/ -->\n<title>S3Y Nusilenkim\u0173 suoliukas - Gym Factory<\/title>\n<meta name=\"description\" content=\"S3Y Nusilenkim\u0173 suolelis su pagalbine svirtimi koj\u0173 dvigalviui.\" \/>\n<meta name=\"robots\" content=\"index, follow, max-snippet:-1, max-image-preview:large, max-video-preview:-1\" \/>\n<link rel=\"canonical\" href=\"https:\/\/gymfactory.eu\/lt\/produktas\/s3y-nusilenkimu-suolelis\/\" \/>\n<meta property=\"og:locale\" content=\"lt_LT\" \/>\n<meta property=\"og:type\" content=\"article\" \/>\n<meta property=\"og:title\" content=\"S3Y Nusilenkim\u0173 suoliukas - Gym Factory\" \/>\n<meta property=\"og:description\" content=\"S3Y Nusilenkim\u0173 suolelis su pagalbine svirtimi koj\u0173 dvigalviui.\" \/>\n<meta property=\"og:url\" content=\"https:\/\/gymfactory.eu\/lt\/produktas\/s3y-nusilenkimu-suolelis\/\" \/>\n<meta property=\"og:site_name\" content=\"Gym Factory\" \/>\n<meta property=\"article:modified_time\" content=\"2026-01-26T14:19:24+00:00\" \/>\n<meta property=\"og:image\" content=\"https:\/\/gymfactory.eu\/wp-content\/uploads\/2025\/05\/S3Y-Hamstring-Bench-\u2013-with-support-lever-and-loading-option-1.jpg\" \/>\n\t<meta property=\"og:image:width\" content=\"1500\" \/>\n\t<meta property=\"og:image:height\" content=\"1500\" \/>\n\t<meta property=\"og:image:type\" content=\"image\/jpeg\" \/>\n<meta name=\"twitter:card\" content=\"summary_large_image\" \/>\n<meta name=\"twitter:label1\" content=\"Est. reading time\" \/>\n\t<meta name=\"twitter:data1\" content=\"1 minut\u0117\" \/>\n<script type=\"application\/ld+json\" class=\"yoast-schema-graph\">{\"@context\":\"https:\/\/schema.org\",\"@graph\":[{\"@type\":\"WebPage\",\"@id\":\"https:\/\/gymfactory.eu\/lt\/produktas\/s3y-nusilenkimu-suolelis\/\",\"url\":\"https:\/\/gymfactory.eu\/lt\/produktas\/s3y-nusilenkimu-suolelis\/\",\"name\":\"S3Y Nusilenkim\u0173 suoliukas - Gym Factory\",\"isPartOf\":{\"@id\":\"https:\/\/gymfactory.eu\/lt\/#website\"},\"primaryImageOfPage\":{\"@id\":\"https:\/\/gymfactory.eu\/lt\/produktas\/s3y-nusilenkimu-suolelis\/#primaryimage\"},\"image\":{\"@id\":\"https:\/\/gymfactory.eu\/lt\/produktas\/s3y-nusilenkimu-suolelis\/#primaryimage\"},\"thumbnailUrl\":\"https:\/\/gymfactory.eu\/wp-content\/uploads\/2025\/05\/S3Y-Hamstring-Bench-\u2013-with-support-lever-and-loading-option-1.jpg\",\"datePublished\":\"2025-05-26T10:19:50+00:00\",\"dateModified\":\"2026-01-26T14:19:24+00:00\",\"description\":\"S3Y Nusilenkim\u0173 suolelis su pagalbine svirtimi koj\u0173 dvigalviui.\",\"breadcrumb\":{\"@id\":\"https:\/\/gymfactory.eu\/lt\/produktas\/s3y-nusilenkimu-suolelis\/#breadcrumb\"},\"inLanguage\":\"lt-LT\",\"potentialAction\":[{\"@type\":\"ReadAction\",\"target\":[\"https:\/\/gymfactory.eu\/lt\/produktas\/s3y-nusilenkimu-suolelis\/\"]}]},{\"@type\":\"ImageObject\",\"inLanguage\":\"lt-LT\",\"@id\":\"https:\/\/gymfactory.eu\/lt\/produktas\/s3y-nusilenkimu-suolelis\/#primaryimage\",\"url\":\"https:\/\/gymfactory.eu\/wp-content\/uploads\/2025\/05\/S3Y-Hamstring-Bench-\u2013-with-support-lever-and-loading-option-1.jpg\",\"contentUrl\":\"https:\/\/gymfactory.eu\/wp-content\/uploads\/2025\/05\/S3Y-Hamstring-Bench-\u2013-with-support-lever-and-loading-option-1.jpg\",\"width\":1500,\"height\":1500,\"caption\":\"S3Y treniruo\u010di\u0173 suolelis su pamink\u0161tinta atrama, reguliuojamais ritin\u0117liais, pagalbine svirtimi su nubr\u0117\u017eta rankena ir svori\u0173 plok\u0161teli\u0173 krovimo \u012fvor\u0117mis\"},{\"@type\":\"BreadcrumbList\",\"@id\":\"https:\/\/gymfactory.eu\/lt\/produktas\/s3y-nusilenkimu-suolelis\/#breadcrumb\",\"itemListElement\":[{\"@type\":\"ListItem\",\"position\":1,\"name\":\"Pagrindinis\",\"item\":\"https:\/\/gymfactory.eu\/lt\/\"},{\"@type\":\"ListItem\",\"position\":2,\"name\":\"Katalogas\",\"item\":\"https:\/\/gymfactory.eu\/lt\/katalogas\/\"},{\"@type\":\"ListItem\",\"position\":3,\"name\":\"S3Y Nusilenkim\u0173 suoliukas\"}]},{\"@type\":\"WebSite\",\"@id\":\"https:\/\/gymfactory.eu\/lt\/#website\",\"url\":\"https:\/\/gymfactory.eu\/lt\/\",\"name\":\"Gym Factory\",\"description\":\"\",\"publisher\":{\"@id\":\"https:\/\/gymfactory.eu\/lt\/#organization\"},\"potentialAction\":[{\"@type\":\"SearchAction\",\"target\":{\"@type\":\"EntryPoint\",\"urlTemplate\":\"https:\/\/gymfactory.eu\/lt\/?s={search_term_string}\"},\"query-input\":{\"@type\":\"PropertyValueSpecification\",\"valueRequired\":true,\"valueName\":\"search_term_string\"}}],\"inLanguage\":\"lt-LT\"},{\"@type\":\"Organization\",\"@id\":\"https:\/\/gymfactory.eu\/lt\/#organization\",\"name\":\"Sporto sal\u0117s gamykla\",\"url\":\"https:\/\/gymfactory.eu\/lt\/\",\"logo\":{\"@type\":\"ImageObject\",\"inLanguage\":\"lt-LT\",\"@id\":\"https:\/\/gymfactory.eu\/lt\/#\/schema\/logo\/image\/\",\"url\":\"https:\/\/gymfactory.eu\/wp-content\/uploads\/2024\/11\/Component-1.svg\",\"contentUrl\":\"https:\/\/gymfactory.eu\/wp-content\/uploads\/2024\/11\/Component-1.svg\",\"width\":54,\"height\":44,\"caption\":\"Sporto sal\u0117s gamykla\"},\"image\":{\"@id\":\"https:\/\/gymfactory.eu\/lt\/#\/schema\/logo\/image\/\"}}]}<\/script>\n<!-- \/ Yoast SEO plugin. -->","yoast_head_json":{"title":"S3Y Nusilenkim\u0173 suoliukas - Gym Factory","description":"S3Y Nusilenkim\u0173 suolelis su pagalbine svirtimi koj\u0173 dvigalviui.","robots":{"index":"index","follow":"follow","max-snippet":"max-snippet:-1","max-image-preview":"max-image-preview:large","max-video-preview":"max-video-preview:-1"},"canonical":"https:\/\/gymfactory.eu\/lt\/produktas\/s3y-nusilenkimu-suolelis\/","og_locale":"lt_LT","og_type":"article","og_title":"S3Y Nusilenkim\u0173 suoliukas - Gym Factory","og_description":"S3Y Nusilenkim\u0173 suolelis su pagalbine svirtimi koj\u0173 dvigalviui.","og_url":"https:\/\/gymfactory.eu\/lt\/produktas\/s3y-nusilenkimu-suolelis\/","og_site_name":"Gym Factory","article_modified_time":"2026-01-26T14:19:24+00:00","og_image":[{"width":1500,"height":1500,"url":"https:\/\/gymfactory.eu\/wp-content\/uploads\/2025\/05\/S3Y-Hamstring-Bench-\u2013-with-support-lever-and-loading-option-1.jpg","type":"image\/jpeg"}],"twitter_card":"summary_large_image","twitter_misc":{"Est. reading time":"1 minut\u0117"},"schema":{"@context":"https:\/\/schema.org","@graph":[{"@type":"WebPage","@id":"https:\/\/gymfactory.eu\/lt\/produktas\/s3y-nusilenkimu-suolelis\/","url":"https:\/\/gymfactory.eu\/lt\/produktas\/s3y-nusilenkimu-suolelis\/","name":"S3Y Nusilenkim\u0173 suoliukas - Gym Factory","isPartOf":{"@id":"https:\/\/gymfactory.eu\/lt\/#website"},"primaryImageOfPage":{"@id":"https:\/\/gymfactory.eu\/lt\/produktas\/s3y-nusilenkimu-suolelis\/#primaryimage"},"image":{"@id":"https:\/\/gymfactory.eu\/lt\/produktas\/s3y-nusilenkimu-suolelis\/#primaryimage"},"thumbnailUrl":"https:\/\/gymfactory.eu\/wp-content\/uploads\/2025\/05\/S3Y-Hamstring-Bench-\u2013-with-support-lever-and-loading-option-1.jpg","datePublished":"2025-05-26T10:19:50+00:00","dateModified":"2026-01-26T14:19:24+00:00","description":"S3Y Nusilenkim\u0173 suolelis su pagalbine svirtimi koj\u0173 dvigalviui.","breadcrumb":{"@id":"https:\/\/gymfactory.eu\/lt\/produktas\/s3y-nusilenkimu-suolelis\/#breadcrumb"},"inLanguage":"lt-LT","potentialAction":[{"@type":"ReadAction","target":["https:\/\/gymfactory.eu\/lt\/produktas\/s3y-nusilenkimu-suolelis\/"]}]},{"@type":"ImageObject","inLanguage":"lt-LT","@id":"https:\/\/gymfactory.eu\/lt\/produktas\/s3y-nusilenkimu-suolelis\/#primaryimage","url":"https:\/\/gymfactory.eu\/wp-content\/uploads\/2025\/05\/S3Y-Hamstring-Bench-\u2013-with-support-lever-and-loading-option-1.jpg","contentUrl":"https:\/\/gymfactory.eu\/wp-content\/uploads\/2025\/05\/S3Y-Hamstring-Bench-\u2013-with-support-lever-and-loading-option-1.jpg","width":1500,"height":1500,"caption":"S3Y treniruo\u010di\u0173 suolelis su pamink\u0161tinta atrama, reguliuojamais ritin\u0117liais, pagalbine svirtimi su nubr\u0117\u017eta rankena ir svori\u0173 plok\u0161teli\u0173 krovimo \u012fvor\u0117mis"},{"@type":"BreadcrumbList","@id":"https:\/\/gymfactory.eu\/lt\/produktas\/s3y-nusilenkimu-suolelis\/#breadcrumb","itemListElement":[{"@type":"ListItem","position":1,"name":"Pagrindinis","item":"https:\/\/gymfactory.eu\/lt\/"},{"@type":"ListItem","position":2,"name":"Katalogas","item":"https:\/\/gymfactory.eu\/lt\/katalogas\/"},{"@type":"ListItem","position":3,"name":"S3Y Nusilenkim\u0173 suoliukas"}]},{"@type":"WebSite","@id":"https:\/\/gymfactory.eu\/lt\/#website","url":"https:\/\/gymfactory.eu\/lt\/","name":"Gym Factory","description":"","publisher":{"@id":"https:\/\/gymfactory.eu\/lt\/#organization"},"potentialAction":[{"@type":"SearchAction","target":{"@type":"EntryPoint","urlTemplate":"https:\/\/gymfactory.eu\/lt\/?s={search_term_string}"},"query-input":{"@type":"PropertyValueSpecification","valueRequired":true,"valueName":"search_term_string"}}],"inLanguage":"lt-LT"},{"@type":"Organization","@id":"https:\/\/gymfactory.eu\/lt\/#organization","name":"Sporto sal\u0117s gamykla","url":"https:\/\/gymfactory.eu\/lt\/","logo":{"@type":"ImageObject","inLanguage":"lt-LT","@id":"https:\/\/gymfactory.eu\/lt\/#\/schema\/logo\/image\/","url":"https:\/\/gymfactory.eu\/wp-content\/uploads\/2024\/11\/Component-1.svg","contentUrl":"https:\/\/gymfactory.eu\/wp-content\/uploads\/2024\/11\/Component-1.svg","width":54,"height":44,"caption":"Sporto sal\u0117s gamykla"},"image":{"@id":"https:\/\/gymfactory.eu\/lt\/#\/schema\/logo\/image\/"}}]}},"_links":{"self":[{"href":"https:\/\/gymfactory.eu\/lt\/wp-json\/wp\/v2\/product\/9554","targetHints":{"allow":["GET"]}}],"collection":[{"href":"https:\/\/gymfactory.eu\/lt\/wp-json\/wp\/v2\/product"}],"about":[{"href":"https:\/\/gymfactory.eu\/lt\/wp-json\/wp\/v2\/types\/product"}],"wp:featuredmedia":[{"embeddable":true,"href":"https:\/\/gymfactory.eu\/lt\/wp-json\/wp\/v2\/media\/9188"}],"wp:attachment":[{"href":"https:\/\/gymfactory.eu\/lt\/wp-json\/wp\/v2\/media?parent=9554"}],"wp:term":[{"taxonomy":"product_brand","embeddable":true,"href":"https:\/\/gymfactory.eu\/lt\/wp-json\/wp\/v2\/product_brand?post=9554"},{"taxonomy":"product_cat","embeddable":true,"href":"https:\/\/gymfactory.eu\/lt\/wp-json\/wp\/v2\/product_cat?post=9554"},{"taxonomy":"product_tag","embeddable":true,"href":"https:\/\/gymfactory.eu\/lt\/wp-json\/wp\/v2\/product_tag?post=9554"}],"curies":[{"name":"wp","href":"https:\/\/api.w.org\/{rel}","templated":true}]}}