{"id":9552,"date":"2025-04-25T16:48:51","date_gmt":"2025-04-25T13:48:51","guid":{"rendered":"https:\/\/gymfactory.eu\/product\/z09x2-hanteliu-stovas\/"},"modified":"2025-09-09T10:50:56","modified_gmt":"2025-09-09T07:50:56","slug":"z09x2-hanteliu-stovas","status":"publish","type":"product","link":"https:\/\/gymfactory.eu\/lt\/produktas\/z09x2-hanteliu-stovas\/","title":{"rendered":"Z09X2 Hanteli\u0173 stovas"},"content":{"rendered":"<p>Z09X2 hanteli\u0173 stovas \u2013 patikimas sprendimas hanteli\u0173 laikymui, bet kurioje treniruo\u010di\u0173 erdv\u0117je. Padeda palaikyti tvark\u0105, saugum\u0105 ir efektyv\u0173 erdv\u0117s i\u0161naudojim\u0105, suteikdamas patogi\u0105 viet\u0105 kelioms hanteli\u0173 poroms laikyti.<\/p>\n<p>Tinka tiek nam\u0173 sporto zonai, tiek profesionalioms sporto sal\u0117ms.<\/p>\n\n    <div class=\"xs_social_share_widget xs_share_url after_content \t\tmain_content  wslu-style-1 wslu-share-box-shaped wslu-fill-colored wslu-none wslu-share-horizontal wslu-theme-font-no wslu-main_content\">\n\n\t\t\n        <ul>\n\t\t\t        <\/ul>\n    <\/div> \n","protected":false},"excerpt":{"rendered":"<p>Z09X2 hanteli\u0173 stovas \u2013 patikimas sprendimas hanteli\u0173 laikymui, bet kurioje treniruo\u010di\u0173 erdv\u0117je. Padeda palaikyti tvark\u0105, saugum\u0105 ir efektyv\u0173 erdv\u0117s i\u0161naudojim\u0105, suteikdamas patogi\u0105 viet\u0105 kelioms hanteli\u0173 poroms laikyti. Tinka tiek nam\u0173 sporto zonai, tiek profesionalioms sporto sal\u0117ms.<\/p>\n","protected":false},"featured_media":9082,"template":"","meta":{"_acf_changed":false},"product_brand":[56],"product_cat":[405],"product_tag":[415],"class_list":{"0":"post-9552","1":"product","2":"type-product","3":"status-publish","4":"has-post-thumbnail","6":"product_brand-gym-factory","7":"product_cat-svarmenys-ir-stangos","8":"product_tag-spalva-tik-metaline","10":"first","11":"onbackorder","12":"taxable","13":"shipping-taxable","14":"purchasable","15":"product-type-variable","16":"has-default-attributes"},"acf":[],"yoast_head":"<!-- This site is optimized with the Yoast SEO plugin v25.2 - https:\/\/yoast.com\/wordpress\/plugins\/seo\/ -->\n<title>Z09X2 hanteli\u0173 stovas - auk\u0161tos kokyb\u0117s plieno konstrukcijos dizainas<\/title>\n<meta name=\"description\" content=\"Z09X2 hanteli\u0173 stovas yra pagamintas i\u0161 auk\u0161tos kokyb\u0117s plieno konstrukcijos, kuri u\u017etikrina ilgaam\u017ei\u0161kum\u0105, stabilum\u0105 ir organizuot\u0105 saugojim\u0105 bet kurioje sporto sal\u0117je.\" \/>\n<meta name=\"robots\" content=\"index, follow, max-snippet:-1, max-image-preview:large, max-video-preview:-1\" \/>\n<link rel=\"canonical\" href=\"https:\/\/gymfactory.eu\/lt\/produktas\/z09x2-hanteliu-stovas\/\" \/>\n<meta property=\"og:locale\" content=\"lt_LT\" \/>\n<meta property=\"og:type\" content=\"article\" \/>\n<meta property=\"og:title\" content=\"Z09X2 hanteli\u0173 stovas - auk\u0161tos kokyb\u0117s plieno konstrukcijos dizainas\" \/>\n<meta property=\"og:description\" content=\"Z09X2 hanteli\u0173 stovas yra pagamintas i\u0161 auk\u0161tos kokyb\u0117s plieno konstrukcijos, kuri u\u017etikrina ilgaam\u017ei\u0161kum\u0105, stabilum\u0105 ir organizuot\u0105 saugojim\u0105 bet kurioje sporto sal\u0117je.\" \/>\n<meta property=\"og:url\" content=\"https:\/\/gymfactory.eu\/lt\/produktas\/z09x2-hanteliu-stovas\/\" \/>\n<meta property=\"og:site_name\" content=\"Gym Factory\" \/>\n<meta property=\"article:modified_time\" content=\"2025-09-09T07:50:56+00:00\" \/>\n<meta property=\"og:image\" content=\"https:\/\/gymfactory.eu\/wp-content\/uploads\/2025\/04\/Z09x2-Dumbbell-Rack-Close-Up-View-1.webp\" \/>\n\t<meta property=\"og:image:width\" content=\"1500\" \/>\n\t<meta property=\"og:image:height\" content=\"1500\" \/>\n\t<meta property=\"og:image:type\" content=\"image\/webp\" \/>\n<meta name=\"twitter:card\" content=\"summary_large_image\" \/>\n<meta name=\"twitter:label1\" content=\"Est. reading time\" \/>\n\t<meta name=\"twitter:data1\" content=\"1 minut\u0117\" \/>\n<script type=\"application\/ld+json\" class=\"yoast-schema-graph\">{\"@context\":\"https:\/\/schema.org\",\"@graph\":[{\"@type\":\"WebPage\",\"@id\":\"https:\/\/gymfactory.eu\/lt\/produktas\/z09x2-hanteliu-stovas\/\",\"url\":\"https:\/\/gymfactory.eu\/lt\/produktas\/z09x2-hanteliu-stovas\/\",\"name\":\"Z09X2 hanteli\u0173 stovas - auk\u0161tos kokyb\u0117s plieno konstrukcijos dizainas\",\"isPartOf\":{\"@id\":\"https:\/\/gymfactory.eu\/lt\/#website\"},\"primaryImageOfPage\":{\"@id\":\"https:\/\/gymfactory.eu\/lt\/produktas\/z09x2-hanteliu-stovas\/#primaryimage\"},\"image\":{\"@id\":\"https:\/\/gymfactory.eu\/lt\/produktas\/z09x2-hanteliu-stovas\/#primaryimage\"},\"thumbnailUrl\":\"https:\/\/gymfactory.eu\/wp-content\/uploads\/2025\/04\/Z09x2-Dumbbell-Rack-Close-Up-View-1.webp\",\"datePublished\":\"2025-04-25T13:48:51+00:00\",\"dateModified\":\"2025-09-09T07:50:56+00:00\",\"description\":\"Z09X2 hanteli\u0173 stovas yra pagamintas i\u0161 auk\u0161tos kokyb\u0117s plieno konstrukcijos, kuri u\u017etikrina ilgaam\u017ei\u0161kum\u0105, stabilum\u0105 ir organizuot\u0105 saugojim\u0105 bet kurioje sporto sal\u0117je.\",\"breadcrumb\":{\"@id\":\"https:\/\/gymfactory.eu\/lt\/produktas\/z09x2-hanteliu-stovas\/#breadcrumb\"},\"inLanguage\":\"lt-LT\",\"potentialAction\":[{\"@type\":\"ReadAction\",\"target\":[\"https:\/\/gymfactory.eu\/lt\/produktas\/z09x2-hanteliu-stovas\/\"]}]},{\"@type\":\"ImageObject\",\"inLanguage\":\"lt-LT\",\"@id\":\"https:\/\/gymfactory.eu\/lt\/produktas\/z09x2-hanteliu-stovas\/#primaryimage\",\"url\":\"https:\/\/gymfactory.eu\/wp-content\/uploads\/2025\/04\/Z09x2-Dumbbell-Rack-Close-Up-View-1.webp\",\"contentUrl\":\"https:\/\/gymfactory.eu\/wp-content\/uploads\/2025\/04\/Z09x2-Dumbbell-Rack-Close-Up-View-1.webp\",\"width\":1500,\"height\":1500,\"caption\":\"Kampinis vaizdas i\u0161 \u0161ono \u012f Z09X2 hanteli\u0173 stov\u0105 su auk\u0161tos kokyb\u0117s plieno konstrukcija ir dviej\u0173 lygi\u0173 lentynomis, skirtomis organizuotam svori\u0173 laikymui.\"},{\"@type\":\"BreadcrumbList\",\"@id\":\"https:\/\/gymfactory.eu\/lt\/produktas\/z09x2-hanteliu-stovas\/#breadcrumb\",\"itemListElement\":[{\"@type\":\"ListItem\",\"position\":1,\"name\":\"Pagrindinis\",\"item\":\"https:\/\/gymfactory.eu\/lt\/\"},{\"@type\":\"ListItem\",\"position\":2,\"name\":\"Katalogas\",\"item\":\"https:\/\/gymfactory.eu\/lt\/katalogas\/\"},{\"@type\":\"ListItem\",\"position\":3,\"name\":\"Z09X2 Hanteli\u0173 stovas\"}]},{\"@type\":\"WebSite\",\"@id\":\"https:\/\/gymfactory.eu\/lt\/#website\",\"url\":\"https:\/\/gymfactory.eu\/lt\/\",\"name\":\"Gym Factory\",\"description\":\"\",\"publisher\":{\"@id\":\"https:\/\/gymfactory.eu\/lt\/#organization\"},\"potentialAction\":[{\"@type\":\"SearchAction\",\"target\":{\"@type\":\"EntryPoint\",\"urlTemplate\":\"https:\/\/gymfactory.eu\/lt\/?s={search_term_string}\"},\"query-input\":{\"@type\":\"PropertyValueSpecification\",\"valueRequired\":true,\"valueName\":\"search_term_string\"}}],\"inLanguage\":\"lt-LT\"},{\"@type\":\"Organization\",\"@id\":\"https:\/\/gymfactory.eu\/lt\/#organization\",\"name\":\"Sporto sal\u0117s gamykla\",\"url\":\"https:\/\/gymfactory.eu\/lt\/\",\"logo\":{\"@type\":\"ImageObject\",\"inLanguage\":\"lt-LT\",\"@id\":\"https:\/\/gymfactory.eu\/lt\/#\/schema\/logo\/image\/\",\"url\":\"https:\/\/gymfactory.eu\/wp-content\/uploads\/2024\/11\/Component-1.svg\",\"contentUrl\":\"https:\/\/gymfactory.eu\/wp-content\/uploads\/2024\/11\/Component-1.svg\",\"width\":54,\"height\":44,\"caption\":\"Sporto sal\u0117s gamykla\"},\"image\":{\"@id\":\"https:\/\/gymfactory.eu\/lt\/#\/schema\/logo\/image\/\"}}]}<\/script>\n<!-- \/ Yoast SEO plugin. -->","yoast_head_json":{"title":"Z09X2 hanteli\u0173 stovas - auk\u0161tos kokyb\u0117s plieno konstrukcijos dizainas","description":"Z09X2 hanteli\u0173 stovas yra pagamintas i\u0161 auk\u0161tos kokyb\u0117s plieno konstrukcijos, kuri u\u017etikrina ilgaam\u017ei\u0161kum\u0105, stabilum\u0105 ir organizuot\u0105 saugojim\u0105 bet kurioje sporto sal\u0117je.","robots":{"index":"index","follow":"follow","max-snippet":"max-snippet:-1","max-image-preview":"max-image-preview:large","max-video-preview":"max-video-preview:-1"},"canonical":"https:\/\/gymfactory.eu\/lt\/produktas\/z09x2-hanteliu-stovas\/","og_locale":"lt_LT","og_type":"article","og_title":"Z09X2 hanteli\u0173 stovas - auk\u0161tos kokyb\u0117s plieno konstrukcijos dizainas","og_description":"Z09X2 hanteli\u0173 stovas yra pagamintas i\u0161 auk\u0161tos kokyb\u0117s plieno konstrukcijos, kuri u\u017etikrina ilgaam\u017ei\u0161kum\u0105, stabilum\u0105 ir organizuot\u0105 saugojim\u0105 bet kurioje sporto sal\u0117je.","og_url":"https:\/\/gymfactory.eu\/lt\/produktas\/z09x2-hanteliu-stovas\/","og_site_name":"Gym Factory","article_modified_time":"2025-09-09T07:50:56+00:00","og_image":[{"width":1500,"height":1500,"url":"https:\/\/gymfactory.eu\/wp-content\/uploads\/2025\/04\/Z09x2-Dumbbell-Rack-Close-Up-View-1.webp","type":"image\/webp"}],"twitter_card":"summary_large_image","twitter_misc":{"Est. reading time":"1 minut\u0117"},"schema":{"@context":"https:\/\/schema.org","@graph":[{"@type":"WebPage","@id":"https:\/\/gymfactory.eu\/lt\/produktas\/z09x2-hanteliu-stovas\/","url":"https:\/\/gymfactory.eu\/lt\/produktas\/z09x2-hanteliu-stovas\/","name":"Z09X2 hanteli\u0173 stovas - auk\u0161tos kokyb\u0117s plieno konstrukcijos dizainas","isPartOf":{"@id":"https:\/\/gymfactory.eu\/lt\/#website"},"primaryImageOfPage":{"@id":"https:\/\/gymfactory.eu\/lt\/produktas\/z09x2-hanteliu-stovas\/#primaryimage"},"image":{"@id":"https:\/\/gymfactory.eu\/lt\/produktas\/z09x2-hanteliu-stovas\/#primaryimage"},"thumbnailUrl":"https:\/\/gymfactory.eu\/wp-content\/uploads\/2025\/04\/Z09x2-Dumbbell-Rack-Close-Up-View-1.webp","datePublished":"2025-04-25T13:48:51+00:00","dateModified":"2025-09-09T07:50:56+00:00","description":"Z09X2 hanteli\u0173 stovas yra pagamintas i\u0161 auk\u0161tos kokyb\u0117s plieno konstrukcijos, kuri u\u017etikrina ilgaam\u017ei\u0161kum\u0105, stabilum\u0105 ir organizuot\u0105 saugojim\u0105 bet kurioje sporto sal\u0117je.","breadcrumb":{"@id":"https:\/\/gymfactory.eu\/lt\/produktas\/z09x2-hanteliu-stovas\/#breadcrumb"},"inLanguage":"lt-LT","potentialAction":[{"@type":"ReadAction","target":["https:\/\/gymfactory.eu\/lt\/produktas\/z09x2-hanteliu-stovas\/"]}]},{"@type":"ImageObject","inLanguage":"lt-LT","@id":"https:\/\/gymfactory.eu\/lt\/produktas\/z09x2-hanteliu-stovas\/#primaryimage","url":"https:\/\/gymfactory.eu\/wp-content\/uploads\/2025\/04\/Z09x2-Dumbbell-Rack-Close-Up-View-1.webp","contentUrl":"https:\/\/gymfactory.eu\/wp-content\/uploads\/2025\/04\/Z09x2-Dumbbell-Rack-Close-Up-View-1.webp","width":1500,"height":1500,"caption":"Kampinis vaizdas i\u0161 \u0161ono \u012f Z09X2 hanteli\u0173 stov\u0105 su auk\u0161tos kokyb\u0117s plieno konstrukcija ir dviej\u0173 lygi\u0173 lentynomis, skirtomis organizuotam svori\u0173 laikymui."},{"@type":"BreadcrumbList","@id":"https:\/\/gymfactory.eu\/lt\/produktas\/z09x2-hanteliu-stovas\/#breadcrumb","itemListElement":[{"@type":"ListItem","position":1,"name":"Pagrindinis","item":"https:\/\/gymfactory.eu\/lt\/"},{"@type":"ListItem","position":2,"name":"Katalogas","item":"https:\/\/gymfactory.eu\/lt\/katalogas\/"},{"@type":"ListItem","position":3,"name":"Z09X2 Hanteli\u0173 stovas"}]},{"@type":"WebSite","@id":"https:\/\/gymfactory.eu\/lt\/#website","url":"https:\/\/gymfactory.eu\/lt\/","name":"Gym Factory","description":"","publisher":{"@id":"https:\/\/gymfactory.eu\/lt\/#organization"},"potentialAction":[{"@type":"SearchAction","target":{"@type":"EntryPoint","urlTemplate":"https:\/\/gymfactory.eu\/lt\/?s={search_term_string}"},"query-input":{"@type":"PropertyValueSpecification","valueRequired":true,"valueName":"search_term_string"}}],"inLanguage":"lt-LT"},{"@type":"Organization","@id":"https:\/\/gymfactory.eu\/lt\/#organization","name":"Sporto sal\u0117s gamykla","url":"https:\/\/gymfactory.eu\/lt\/","logo":{"@type":"ImageObject","inLanguage":"lt-LT","@id":"https:\/\/gymfactory.eu\/lt\/#\/schema\/logo\/image\/","url":"https:\/\/gymfactory.eu\/wp-content\/uploads\/2024\/11\/Component-1.svg","contentUrl":"https:\/\/gymfactory.eu\/wp-content\/uploads\/2024\/11\/Component-1.svg","width":54,"height":44,"caption":"Sporto sal\u0117s gamykla"},"image":{"@id":"https:\/\/gymfactory.eu\/lt\/#\/schema\/logo\/image\/"}}]}},"_links":{"self":[{"href":"https:\/\/gymfactory.eu\/lt\/wp-json\/wp\/v2\/product\/9552","targetHints":{"allow":["GET"]}}],"collection":[{"href":"https:\/\/gymfactory.eu\/lt\/wp-json\/wp\/v2\/product"}],"about":[{"href":"https:\/\/gymfactory.eu\/lt\/wp-json\/wp\/v2\/types\/product"}],"wp:featuredmedia":[{"embeddable":true,"href":"https:\/\/gymfactory.eu\/lt\/wp-json\/wp\/v2\/media\/9082"}],"wp:attachment":[{"href":"https:\/\/gymfactory.eu\/lt\/wp-json\/wp\/v2\/media?parent=9552"}],"wp:term":[{"taxonomy":"product_brand","embeddable":true,"href":"https:\/\/gymfactory.eu\/lt\/wp-json\/wp\/v2\/product_brand?post=9552"},{"taxonomy":"product_cat","embeddable":true,"href":"https:\/\/gymfactory.eu\/lt\/wp-json\/wp\/v2\/product_cat?post=9552"},{"taxonomy":"product_tag","embeddable":true,"href":"https:\/\/gymfactory.eu\/lt\/wp-json\/wp\/v2\/product_tag?post=9552"}],"curies":[{"name":"wp","href":"https:\/\/api.w.org\/{rel}","templated":true}]}}