{"id":9547,"date":"2025-04-30T11:58:15","date_gmt":"2025-04-30T08:58:15","guid":{"rendered":"https:\/\/gymfactory.eu\/product\/t1-trx-s-frame\/"},"modified":"2025-12-05T14:12:37","modified_gmt":"2025-12-05T12:12:37","slug":"t1-trx-s-frame","status":"publish","type":"product","link":"https:\/\/gymfactory.eu\/lt\/produktas\/t1-trx-s-frame\/","title":{"rendered":"T1 TRX stovas"},"content":{"rendered":"<p>TRX stovas \u2013 tai stabili plienin\u0117 konstrukcija, skirta funkcinei treniruotei su TRX dir\u017eais, pasiprie\u0161inimo gumomis ir kovos virv\u0117mis. Tinka naudoti tiek vidin\u0117se treniruo\u010di\u0173 erdv\u0117se, tiek lauke \u2013 konstrukcija sukurta ilgalaikiam, intensyviam naudojimui.<\/p>\n<p>R\u0117mas turi kelis tvirtinimo ta\u0161kus skirtingame auk\u0161tyje, leid\u017eian\u010dius atlikti \u012fvairius TRX pratimus: traukos judesius, \u012ft\u016bpstus, prit\u016bpimus, \u201eplankus\u201c, dubens k\u0117limus ir kitus viso k\u016bno stiprinimo judesius su savo k\u016bno svoriu. Taip pat galima atlikti dinami\u0161kus j\u0117gos ir i\u0161tverm\u0117s pratimus su kovos virv\u0117mis.<\/p>\n<p>TRX r\u0117mas puikiai tinka tiek individualioms treniruot\u0117ms, tiek ma\u017e\u0173 grupi\u0173 u\u017esi\u0117mimams ar didesn\u0117ms funkcini\u0173 treniruo\u010di\u0173 zonoms, kuriose vienu metu gali dirbti keli vartotojai su pakabinamais ar pritvirtinamais \u012frankiais.<\/p>\n\n    <div class=\"xs_social_share_widget xs_share_url after_content \t\tmain_content  wslu-style-1 wslu-share-box-shaped wslu-fill-colored wslu-none wslu-share-horizontal wslu-theme-font-no wslu-main_content\">\n\n\t\t\n        <ul>\n\t\t\t        <\/ul>\n    <\/div> \n","protected":false},"excerpt":{"rendered":"<p>TRX stovas \u2013 tai stabili plienin\u0117 konstrukcija, skirta funkcinei treniruotei su TRX dir\u017eais, pasiprie\u0161inimo gumomis ir kovos virv\u0117mis. Tinka naudoti tiek vidin\u0117se treniruo\u010di\u0173 erdv\u0117se, tiek lauke \u2013 konstrukcija sukurta ilgalaikiam, intensyviam naudojimui. R\u0117mas turi kelis tvirtinimo ta\u0161kus skirtingame auk\u0161tyje, leid\u017eian\u010dius atlikti \u012fvairius TRX pratimus: traukos judesius, \u012ft\u016bpstus, prit\u016bpimus, \u201eplankus\u201c, dubens k\u0117limus ir kitus viso k\u016bno [&hellip;]<\/p>\n","protected":false},"featured_media":9073,"template":"","meta":{"_acf_changed":false},"product_brand":[817],"product_cat":[435],"product_tag":[415],"class_list":{"0":"post-9547","1":"product","2":"type-product","3":"status-publish","4":"has-post-thumbnail","6":"product_brand-gym-factory-lt","7":"product_cat-stovai","8":"product_tag-spalva-tik-metaline","10":"first","11":"onbackorder","12":"taxable","13":"shipping-taxable","14":"purchasable","15":"product-type-variable","16":"has-default-attributes"},"acf":[],"yoast_head":"<!-- This site is optimized with the Yoast SEO plugin v25.2 - https:\/\/yoast.com\/wordpress\/plugins\/seo\/ -->\n<title>&quot;T1 TRX S-Frame&quot; pakabos \u012frenginys viso k\u016bno treniruot\u0117ms<\/title>\n<meta name=\"description\" content=\"Tvirtas TRX S-Frame r\u0117mas pagamintas i\u0161 auk\u0161tos kokyb\u0117s plieno konstrukcijos, puikiai tinka naudoti lauke arba patalpose. Leid\u017eia atlikti didelio na\u0161umo treniruotes viso k\u016bno treniruot\u0117ms.\" \/>\n<meta name=\"robots\" content=\"index, follow, max-snippet:-1, max-image-preview:large, max-video-preview:-1\" \/>\n<link rel=\"canonical\" href=\"https:\/\/gymfactory.eu\/lt\/produktas\/t1-trx-s-frame\/\" \/>\n<meta property=\"og:locale\" content=\"lt_LT\" \/>\n<meta property=\"og:type\" content=\"article\" \/>\n<meta property=\"og:title\" content=\"&quot;T1 TRX S-Frame&quot; pakabos \u012frenginys viso k\u016bno treniruot\u0117ms\" \/>\n<meta property=\"og:description\" content=\"Tvirtas TRX S-Frame r\u0117mas pagamintas i\u0161 auk\u0161tos kokyb\u0117s plieno konstrukcijos, puikiai tinka naudoti lauke arba patalpose. Leid\u017eia atlikti didelio na\u0161umo treniruotes viso k\u016bno treniruot\u0117ms.\" \/>\n<meta property=\"og:url\" content=\"https:\/\/gymfactory.eu\/lt\/produktas\/t1-trx-s-frame\/\" \/>\n<meta property=\"og:site_name\" content=\"Gym Factory\" \/>\n<meta property=\"article:modified_time\" content=\"2025-12-05T12:12:37+00:00\" \/>\n<meta property=\"og:image\" content=\"https:\/\/gymfactory.eu\/wp-content\/uploads\/2025\/04\/T1-TRX-SFrame-Black-1.webp\" \/>\n\t<meta property=\"og:image:width\" content=\"600\" \/>\n\t<meta property=\"og:image:height\" content=\"600\" \/>\n\t<meta property=\"og:image:type\" content=\"image\/webp\" \/>\n<meta name=\"twitter:card\" content=\"summary_large_image\" \/>\n<meta name=\"twitter:label1\" content=\"Est. reading time\" \/>\n\t<meta name=\"twitter:data1\" content=\"1 minut\u0117\" \/>\n<script type=\"application\/ld+json\" class=\"yoast-schema-graph\">{\"@context\":\"https:\/\/schema.org\",\"@graph\":[{\"@type\":\"WebPage\",\"@id\":\"https:\/\/gymfactory.eu\/lt\/produktas\/t1-trx-s-frame\/\",\"url\":\"https:\/\/gymfactory.eu\/lt\/produktas\/t1-trx-s-frame\/\",\"name\":\"\\\"T1 TRX S-Frame\\\" pakabos \u012frenginys viso k\u016bno treniruot\u0117ms\",\"isPartOf\":{\"@id\":\"https:\/\/gymfactory.eu\/lt\/#website\"},\"primaryImageOfPage\":{\"@id\":\"https:\/\/gymfactory.eu\/lt\/produktas\/t1-trx-s-frame\/#primaryimage\"},\"image\":{\"@id\":\"https:\/\/gymfactory.eu\/lt\/produktas\/t1-trx-s-frame\/#primaryimage\"},\"thumbnailUrl\":\"https:\/\/gymfactory.eu\/wp-content\/uploads\/2025\/04\/T1-TRX-SFrame-Black-1.webp\",\"datePublished\":\"2025-04-30T08:58:15+00:00\",\"dateModified\":\"2025-12-05T12:12:37+00:00\",\"description\":\"Tvirtas TRX S-Frame r\u0117mas pagamintas i\u0161 auk\u0161tos kokyb\u0117s plieno konstrukcijos, puikiai tinka naudoti lauke arba patalpose. Leid\u017eia atlikti didelio na\u0161umo treniruotes viso k\u016bno treniruot\u0117ms.\",\"breadcrumb\":{\"@id\":\"https:\/\/gymfactory.eu\/lt\/produktas\/t1-trx-s-frame\/#breadcrumb\"},\"inLanguage\":\"lt-LT\",\"potentialAction\":[{\"@type\":\"ReadAction\",\"target\":[\"https:\/\/gymfactory.eu\/lt\/produktas\/t1-trx-s-frame\/\"]}]},{\"@type\":\"ImageObject\",\"inLanguage\":\"lt-LT\",\"@id\":\"https:\/\/gymfactory.eu\/lt\/produktas\/t1-trx-s-frame\/#primaryimage\",\"url\":\"https:\/\/gymfactory.eu\/wp-content\/uploads\/2025\/04\/T1-TRX-SFrame-Black-1.webp\",\"contentUrl\":\"https:\/\/gymfactory.eu\/wp-content\/uploads\/2025\/04\/T1-TRX-SFrame-Black-1.webp\",\"width\":600,\"height\":600,\"caption\":\"Juoda T1 TRX S-Frame konstrukcija, skirta pakabos treniruot\u0117ms ir funkciniam fitnesui, idealiai tinka \u012fvairiems pratimams atlikti per treniruot\u0119 visam k\u016bnui.\"},{\"@type\":\"BreadcrumbList\",\"@id\":\"https:\/\/gymfactory.eu\/lt\/produktas\/t1-trx-s-frame\/#breadcrumb\",\"itemListElement\":[{\"@type\":\"ListItem\",\"position\":1,\"name\":\"Pagrindinis\",\"item\":\"https:\/\/gymfactory.eu\/lt\/\"},{\"@type\":\"ListItem\",\"position\":2,\"name\":\"Katalogas\",\"item\":\"https:\/\/gymfactory.eu\/lt\/katalogas\/\"},{\"@type\":\"ListItem\",\"position\":3,\"name\":\"T1 TRX stovas\"}]},{\"@type\":\"WebSite\",\"@id\":\"https:\/\/gymfactory.eu\/lt\/#website\",\"url\":\"https:\/\/gymfactory.eu\/lt\/\",\"name\":\"Gym Factory\",\"description\":\"\",\"publisher\":{\"@id\":\"https:\/\/gymfactory.eu\/lt\/#organization\"},\"potentialAction\":[{\"@type\":\"SearchAction\",\"target\":{\"@type\":\"EntryPoint\",\"urlTemplate\":\"https:\/\/gymfactory.eu\/lt\/?s={search_term_string}\"},\"query-input\":{\"@type\":\"PropertyValueSpecification\",\"valueRequired\":true,\"valueName\":\"search_term_string\"}}],\"inLanguage\":\"lt-LT\"},{\"@type\":\"Organization\",\"@id\":\"https:\/\/gymfactory.eu\/lt\/#organization\",\"name\":\"Sporto sal\u0117s gamykla\",\"url\":\"https:\/\/gymfactory.eu\/lt\/\",\"logo\":{\"@type\":\"ImageObject\",\"inLanguage\":\"lt-LT\",\"@id\":\"https:\/\/gymfactory.eu\/lt\/#\/schema\/logo\/image\/\",\"url\":\"https:\/\/gymfactory.eu\/wp-content\/uploads\/2024\/11\/Component-1.svg\",\"contentUrl\":\"https:\/\/gymfactory.eu\/wp-content\/uploads\/2024\/11\/Component-1.svg\",\"width\":54,\"height\":44,\"caption\":\"Sporto sal\u0117s gamykla\"},\"image\":{\"@id\":\"https:\/\/gymfactory.eu\/lt\/#\/schema\/logo\/image\/\"}}]}<\/script>\n<!-- \/ Yoast SEO plugin. -->","yoast_head_json":{"title":"\"T1 TRX S-Frame\" pakabos \u012frenginys viso k\u016bno treniruot\u0117ms","description":"Tvirtas TRX S-Frame r\u0117mas pagamintas i\u0161 auk\u0161tos kokyb\u0117s plieno konstrukcijos, puikiai tinka naudoti lauke arba patalpose. Leid\u017eia atlikti didelio na\u0161umo treniruotes viso k\u016bno treniruot\u0117ms.","robots":{"index":"index","follow":"follow","max-snippet":"max-snippet:-1","max-image-preview":"max-image-preview:large","max-video-preview":"max-video-preview:-1"},"canonical":"https:\/\/gymfactory.eu\/lt\/produktas\/t1-trx-s-frame\/","og_locale":"lt_LT","og_type":"article","og_title":"\"T1 TRX S-Frame\" pakabos \u012frenginys viso k\u016bno treniruot\u0117ms","og_description":"Tvirtas TRX S-Frame r\u0117mas pagamintas i\u0161 auk\u0161tos kokyb\u0117s plieno konstrukcijos, puikiai tinka naudoti lauke arba patalpose. Leid\u017eia atlikti didelio na\u0161umo treniruotes viso k\u016bno treniruot\u0117ms.","og_url":"https:\/\/gymfactory.eu\/lt\/produktas\/t1-trx-s-frame\/","og_site_name":"Gym Factory","article_modified_time":"2025-12-05T12:12:37+00:00","og_image":[{"width":600,"height":600,"url":"https:\/\/gymfactory.eu\/wp-content\/uploads\/2025\/04\/T1-TRX-SFrame-Black-1.webp","type":"image\/webp"}],"twitter_card":"summary_large_image","twitter_misc":{"Est. reading time":"1 minut\u0117"},"schema":{"@context":"https:\/\/schema.org","@graph":[{"@type":"WebPage","@id":"https:\/\/gymfactory.eu\/lt\/produktas\/t1-trx-s-frame\/","url":"https:\/\/gymfactory.eu\/lt\/produktas\/t1-trx-s-frame\/","name":"\"T1 TRX S-Frame\" pakabos \u012frenginys viso k\u016bno treniruot\u0117ms","isPartOf":{"@id":"https:\/\/gymfactory.eu\/lt\/#website"},"primaryImageOfPage":{"@id":"https:\/\/gymfactory.eu\/lt\/produktas\/t1-trx-s-frame\/#primaryimage"},"image":{"@id":"https:\/\/gymfactory.eu\/lt\/produktas\/t1-trx-s-frame\/#primaryimage"},"thumbnailUrl":"https:\/\/gymfactory.eu\/wp-content\/uploads\/2025\/04\/T1-TRX-SFrame-Black-1.webp","datePublished":"2025-04-30T08:58:15+00:00","dateModified":"2025-12-05T12:12:37+00:00","description":"Tvirtas TRX S-Frame r\u0117mas pagamintas i\u0161 auk\u0161tos kokyb\u0117s plieno konstrukcijos, puikiai tinka naudoti lauke arba patalpose. Leid\u017eia atlikti didelio na\u0161umo treniruotes viso k\u016bno treniruot\u0117ms.","breadcrumb":{"@id":"https:\/\/gymfactory.eu\/lt\/produktas\/t1-trx-s-frame\/#breadcrumb"},"inLanguage":"lt-LT","potentialAction":[{"@type":"ReadAction","target":["https:\/\/gymfactory.eu\/lt\/produktas\/t1-trx-s-frame\/"]}]},{"@type":"ImageObject","inLanguage":"lt-LT","@id":"https:\/\/gymfactory.eu\/lt\/produktas\/t1-trx-s-frame\/#primaryimage","url":"https:\/\/gymfactory.eu\/wp-content\/uploads\/2025\/04\/T1-TRX-SFrame-Black-1.webp","contentUrl":"https:\/\/gymfactory.eu\/wp-content\/uploads\/2025\/04\/T1-TRX-SFrame-Black-1.webp","width":600,"height":600,"caption":"Juoda T1 TRX S-Frame konstrukcija, skirta pakabos treniruot\u0117ms ir funkciniam fitnesui, idealiai tinka \u012fvairiems pratimams atlikti per treniruot\u0119 visam k\u016bnui."},{"@type":"BreadcrumbList","@id":"https:\/\/gymfactory.eu\/lt\/produktas\/t1-trx-s-frame\/#breadcrumb","itemListElement":[{"@type":"ListItem","position":1,"name":"Pagrindinis","item":"https:\/\/gymfactory.eu\/lt\/"},{"@type":"ListItem","position":2,"name":"Katalogas","item":"https:\/\/gymfactory.eu\/lt\/katalogas\/"},{"@type":"ListItem","position":3,"name":"T1 TRX stovas"}]},{"@type":"WebSite","@id":"https:\/\/gymfactory.eu\/lt\/#website","url":"https:\/\/gymfactory.eu\/lt\/","name":"Gym Factory","description":"","publisher":{"@id":"https:\/\/gymfactory.eu\/lt\/#organization"},"potentialAction":[{"@type":"SearchAction","target":{"@type":"EntryPoint","urlTemplate":"https:\/\/gymfactory.eu\/lt\/?s={search_term_string}"},"query-input":{"@type":"PropertyValueSpecification","valueRequired":true,"valueName":"search_term_string"}}],"inLanguage":"lt-LT"},{"@type":"Organization","@id":"https:\/\/gymfactory.eu\/lt\/#organization","name":"Sporto sal\u0117s gamykla","url":"https:\/\/gymfactory.eu\/lt\/","logo":{"@type":"ImageObject","inLanguage":"lt-LT","@id":"https:\/\/gymfactory.eu\/lt\/#\/schema\/logo\/image\/","url":"https:\/\/gymfactory.eu\/wp-content\/uploads\/2024\/11\/Component-1.svg","contentUrl":"https:\/\/gymfactory.eu\/wp-content\/uploads\/2024\/11\/Component-1.svg","width":54,"height":44,"caption":"Sporto sal\u0117s gamykla"},"image":{"@id":"https:\/\/gymfactory.eu\/lt\/#\/schema\/logo\/image\/"}}]}},"_links":{"self":[{"href":"https:\/\/gymfactory.eu\/lt\/wp-json\/wp\/v2\/product\/9547","targetHints":{"allow":["GET"]}}],"collection":[{"href":"https:\/\/gymfactory.eu\/lt\/wp-json\/wp\/v2\/product"}],"about":[{"href":"https:\/\/gymfactory.eu\/lt\/wp-json\/wp\/v2\/types\/product"}],"wp:featuredmedia":[{"embeddable":true,"href":"https:\/\/gymfactory.eu\/lt\/wp-json\/wp\/v2\/media\/9073"}],"wp:attachment":[{"href":"https:\/\/gymfactory.eu\/lt\/wp-json\/wp\/v2\/media?parent=9547"}],"wp:term":[{"taxonomy":"product_brand","embeddable":true,"href":"https:\/\/gymfactory.eu\/lt\/wp-json\/wp\/v2\/product_brand?post=9547"},{"taxonomy":"product_cat","embeddable":true,"href":"https:\/\/gymfactory.eu\/lt\/wp-json\/wp\/v2\/product_cat?post=9547"},{"taxonomy":"product_tag","embeddable":true,"href":"https:\/\/gymfactory.eu\/lt\/wp-json\/wp\/v2\/product_tag?post=9547"}],"curies":[{"name":"wp","href":"https:\/\/api.w.org\/{rel}","templated":true}]}}