{"id":9542,"date":"2025-04-25T17:13:45","date_gmt":"2025-04-25T14:13:45","guid":{"rendered":"https:\/\/gymfactory.eu\/product\/z16xxx-klubu-traukos-masina\/"},"modified":"2025-11-21T15:58:59","modified_gmt":"2025-11-21T13:58:59","slug":"z16xxx-klubu-traukos-masina","status":"publish","type":"product","link":"https:\/\/gymfactory.eu\/lt\/produktas\/z16xxx-klubu-traukos-masina\/","title":{"rendered":"Z16XXX S\u0117dmen\u0173 treniruoklis"},"content":{"rendered":"<p>Z16XXX \u2013 tai treniruoklis, sukurtas saugiai ir efektyviai s\u0117dmen\u0173 stiprinimo treniruotei. Tinka tiek nam\u0173 sporto erdv\u0117ms, tiek profesionalioms sal\u0117ms, u\u017etikrina stabil\u0173 k\u016bno palaikym\u0105 ir tolyg\u0173 pasiprie\u0161inim\u0105 atliekant klub\u0173 st\u016bmimo pratimus.<\/p>\n<p>Pagrindinis kr\u016bvis tenka s\u0117dmenims, o kaip pagalbiniai raumenys \u012fsitraukia ir u\u017epakalin\u0117 \u0161laun\u0173 dalis. Atliekant pratim\u0105, klubai stumiami auk\u0161tyn i\u0161 s\u0117dimos pad\u0117ties, i\u0161laikant pe\u010dius atr\u0117mus \u012f atlo\u0161\u0105. Judesio vir\u0161uje akcentuojama stipri s\u0117dmen\u0173 susitraukimo faz\u0117, kuri u\u017etikrina maksimal\u0173 raumen\u0173 \u012fdarbinim\u0105.<\/p>\n<p>Atlo\u0161as reguliuojamas pagal vartotojo k\u016bno pad\u0117t\u012f, o p\u0117d\u0173 platformos kampas gali b\u016bti pritaikytas pagal individual\u0173 patogum\u0105. Pamink\u0161tintas spaudimo volelis turi kelias fiksavimo pad\u0117tis, tod\u0117l lengva \u012flipti \u012f treniruokl\u012f ir prisitaikyti pagal k\u016bno sud\u0117jim\u0105 bei treniruot\u0117s poreikius.<\/p>\n<p>Z16XXX \u2013 tvirtas, patogus ir patikimas sprendimas ie\u0161kantiems nuoseklios, s\u0117kmingos ir ai\u0161kiai fokusuotos s\u0117dmen\u0173 treniruot\u0117s.<\/p>\n\n    <div class=\"xs_social_share_widget xs_share_url after_content \t\tmain_content  wslu-style-1 wslu-share-box-shaped wslu-fill-colored wslu-none wslu-share-horizontal wslu-theme-font-no wslu-main_content\">\n\n\t\t\n        <ul>\n\t\t\t        <\/ul>\n    <\/div> \n","protected":false},"excerpt":{"rendered":"<p>Z16XXX \u2013 tai treniruoklis, sukurtas saugiai ir efektyviai s\u0117dmen\u0173 stiprinimo treniruotei. Tinka tiek nam\u0173 sporto erdv\u0117ms, tiek profesionalioms sal\u0117ms, u\u017etikrina stabil\u0173 k\u016bno palaikym\u0105 ir tolyg\u0173 pasiprie\u0161inim\u0105 atliekant klub\u0173 st\u016bmimo pratimus. Pagrindinis kr\u016bvis tenka s\u0117dmenims, o kaip pagalbiniai raumenys \u012fsitraukia ir u\u017epakalin\u0117 \u0161laun\u0173 dalis. Atliekant pratim\u0105, klubai stumiami auk\u0161tyn i\u0161 s\u0117dimos pad\u0117ties, i\u0161laikant pe\u010dius atr\u0117mus \u012f [&hellip;]<\/p>\n","protected":false},"featured_media":20039,"template":"","meta":{"_acf_changed":false},"product_brand":[817],"product_cat":[421],"product_tag":[],"class_list":{"0":"post-9542","1":"product","2":"type-product","3":"status-publish","4":"has-post-thumbnail","6":"product_brand-gym-factory-lt","7":"product_cat-laisvu-svoriu-treniruokliai","9":"first","10":"onbackorder","11":"taxable","12":"shipping-taxable","13":"purchasable","14":"product-type-variable","15":"has-default-attributes"},"acf":[],"yoast_head":"<!-- This site is optimized with the Yoast SEO plugin v25.2 - https:\/\/yoast.com\/wordpress\/plugins\/seo\/ -->\n<title>Z16XXX Hip Thrust Machine | Sporto sal\u0117s \u012franga s\u0117dmen\u0173 treniruot\u0117ms<\/title>\n<meta name=\"description\" content=\"Siekiate padidinti s\u0117dmen\u0173 j\u0117g\u0105 ir form\u0105? &quot;Z16XXX Hip Thrust Machine&quot; - tai treniruokli\u0173 sal\u0117s \u012franga, sukurta efektyviam ir kontroliuojamam s\u0117dmen\u0173 treniravimui bet kurioje sporto sal\u0117je.\" \/>\n<meta name=\"robots\" content=\"index, follow, max-snippet:-1, max-image-preview:large, max-video-preview:-1\" \/>\n<link rel=\"canonical\" href=\"https:\/\/gymfactory.eu\/lt\/produktas\/z16xxx-klubu-traukos-masina\/\" \/>\n<meta property=\"og:locale\" content=\"lt_LT\" \/>\n<meta property=\"og:type\" content=\"article\" \/>\n<meta property=\"og:title\" content=\"Z16XXX Hip Thrust Machine | Sporto sal\u0117s \u012franga s\u0117dmen\u0173 treniruot\u0117ms\" \/>\n<meta property=\"og:description\" content=\"Siekiate padidinti s\u0117dmen\u0173 j\u0117g\u0105 ir form\u0105? &quot;Z16XXX Hip Thrust Machine&quot; - tai treniruokli\u0173 sal\u0117s \u012franga, sukurta efektyviam ir kontroliuojamam s\u0117dmen\u0173 treniravimui bet kurioje sporto sal\u0117je.\" \/>\n<meta property=\"og:url\" content=\"https:\/\/gymfactory.eu\/lt\/produktas\/z16xxx-klubu-traukos-masina\/\" \/>\n<meta property=\"og:site_name\" content=\"Gym Factory\" \/>\n<meta property=\"article:modified_time\" content=\"2025-11-21T13:58:59+00:00\" \/>\n<meta property=\"og:image\" content=\"https:\/\/gymfactory.eu\/wp-content\/uploads\/2025\/04\/Z16XXX-Hip-Thrust-Machine-Black-Pad-Model-1.webp\" \/>\n\t<meta property=\"og:image:width\" content=\"1500\" \/>\n\t<meta property=\"og:image:height\" content=\"1500\" \/>\n\t<meta property=\"og:image:type\" content=\"image\/webp\" \/>\n<meta name=\"twitter:card\" content=\"summary_large_image\" \/>\n<meta name=\"twitter:label1\" content=\"Est. reading time\" \/>\n\t<meta name=\"twitter:data1\" content=\"1 minut\u0117\" \/>\n<script type=\"application\/ld+json\" class=\"yoast-schema-graph\">{\"@context\":\"https:\/\/schema.org\",\"@graph\":[{\"@type\":\"WebPage\",\"@id\":\"https:\/\/gymfactory.eu\/lt\/produktas\/z16xxx-klubu-traukos-masina\/\",\"url\":\"https:\/\/gymfactory.eu\/lt\/produktas\/z16xxx-klubu-traukos-masina\/\",\"name\":\"Z16XXX Hip Thrust Machine | Sporto sal\u0117s \u012franga s\u0117dmen\u0173 treniruot\u0117ms\",\"isPartOf\":{\"@id\":\"https:\/\/gymfactory.eu\/lt\/#website\"},\"primaryImageOfPage\":{\"@id\":\"https:\/\/gymfactory.eu\/lt\/produktas\/z16xxx-klubu-traukos-masina\/#primaryimage\"},\"image\":{\"@id\":\"https:\/\/gymfactory.eu\/lt\/produktas\/z16xxx-klubu-traukos-masina\/#primaryimage\"},\"thumbnailUrl\":\"https:\/\/gymfactory.eu\/wp-content\/uploads\/2025\/04\/Z16XXX-Hip-Thrust-Machine-Black-Pad-Model-1.webp\",\"datePublished\":\"2025-04-25T14:13:45+00:00\",\"dateModified\":\"2025-11-21T13:58:59+00:00\",\"description\":\"Siekiate padidinti s\u0117dmen\u0173 j\u0117g\u0105 ir form\u0105? \\\"Z16XXX Hip Thrust Machine\\\" - tai treniruokli\u0173 sal\u0117s \u012franga, sukurta efektyviam ir kontroliuojamam s\u0117dmen\u0173 treniravimui bet kurioje sporto sal\u0117je.\",\"breadcrumb\":{\"@id\":\"https:\/\/gymfactory.eu\/lt\/produktas\/z16xxx-klubu-traukos-masina\/#breadcrumb\"},\"inLanguage\":\"lt-LT\",\"potentialAction\":[{\"@type\":\"ReadAction\",\"target\":[\"https:\/\/gymfactory.eu\/lt\/produktas\/z16xxx-klubu-traukos-masina\/\"]}]},{\"@type\":\"ImageObject\",\"inLanguage\":\"lt-LT\",\"@id\":\"https:\/\/gymfactory.eu\/lt\/produktas\/z16xxx-klubu-traukos-masina\/#primaryimage\",\"url\":\"https:\/\/gymfactory.eu\/wp-content\/uploads\/2025\/04\/Z16XXX-Hip-Thrust-Machine-Black-Pad-Model-1.webp\",\"contentUrl\":\"https:\/\/gymfactory.eu\/wp-content\/uploads\/2025\/04\/Z16XXX-Hip-Thrust-Machine-Black-Pad-Model-1.webp\",\"width\":1500,\"height\":1500,\"caption\":\"Z16XXX Hip Thrust Workout Machine with black padding and angled foot platform, offering ergonomic design and premium equipment for weight training targeting glutes and hips.\"},{\"@type\":\"BreadcrumbList\",\"@id\":\"https:\/\/gymfactory.eu\/lt\/produktas\/z16xxx-klubu-traukos-masina\/#breadcrumb\",\"itemListElement\":[{\"@type\":\"ListItem\",\"position\":1,\"name\":\"Pagrindinis\",\"item\":\"https:\/\/gymfactory.eu\/lt\/\"},{\"@type\":\"ListItem\",\"position\":2,\"name\":\"Katalogas\",\"item\":\"https:\/\/gymfactory.eu\/lt\/katalogas\/\"},{\"@type\":\"ListItem\",\"position\":3,\"name\":\"Z16XXX S\u0117dmen\u0173 treniruoklis\"}]},{\"@type\":\"WebSite\",\"@id\":\"https:\/\/gymfactory.eu\/lt\/#website\",\"url\":\"https:\/\/gymfactory.eu\/lt\/\",\"name\":\"Gym Factory\",\"description\":\"\",\"publisher\":{\"@id\":\"https:\/\/gymfactory.eu\/lt\/#organization\"},\"potentialAction\":[{\"@type\":\"SearchAction\",\"target\":{\"@type\":\"EntryPoint\",\"urlTemplate\":\"https:\/\/gymfactory.eu\/lt\/?s={search_term_string}\"},\"query-input\":{\"@type\":\"PropertyValueSpecification\",\"valueRequired\":true,\"valueName\":\"search_term_string\"}}],\"inLanguage\":\"lt-LT\"},{\"@type\":\"Organization\",\"@id\":\"https:\/\/gymfactory.eu\/lt\/#organization\",\"name\":\"Sporto sal\u0117s gamykla\",\"url\":\"https:\/\/gymfactory.eu\/lt\/\",\"logo\":{\"@type\":\"ImageObject\",\"inLanguage\":\"lt-LT\",\"@id\":\"https:\/\/gymfactory.eu\/lt\/#\/schema\/logo\/image\/\",\"url\":\"https:\/\/gymfactory.eu\/wp-content\/uploads\/2024\/11\/Component-1.svg\",\"contentUrl\":\"https:\/\/gymfactory.eu\/wp-content\/uploads\/2024\/11\/Component-1.svg\",\"width\":54,\"height\":44,\"caption\":\"Sporto sal\u0117s gamykla\"},\"image\":{\"@id\":\"https:\/\/gymfactory.eu\/lt\/#\/schema\/logo\/image\/\"}}]}<\/script>\n<!-- \/ Yoast SEO plugin. -->","yoast_head_json":{"title":"Z16XXX Hip Thrust Machine | Sporto sal\u0117s \u012franga s\u0117dmen\u0173 treniruot\u0117ms","description":"Siekiate padidinti s\u0117dmen\u0173 j\u0117g\u0105 ir form\u0105? \"Z16XXX Hip Thrust Machine\" - tai treniruokli\u0173 sal\u0117s \u012franga, sukurta efektyviam ir kontroliuojamam s\u0117dmen\u0173 treniravimui bet kurioje sporto sal\u0117je.","robots":{"index":"index","follow":"follow","max-snippet":"max-snippet:-1","max-image-preview":"max-image-preview:large","max-video-preview":"max-video-preview:-1"},"canonical":"https:\/\/gymfactory.eu\/lt\/produktas\/z16xxx-klubu-traukos-masina\/","og_locale":"lt_LT","og_type":"article","og_title":"Z16XXX Hip Thrust Machine | Sporto sal\u0117s \u012franga s\u0117dmen\u0173 treniruot\u0117ms","og_description":"Siekiate padidinti s\u0117dmen\u0173 j\u0117g\u0105 ir form\u0105? \"Z16XXX Hip Thrust Machine\" - tai treniruokli\u0173 sal\u0117s \u012franga, sukurta efektyviam ir kontroliuojamam s\u0117dmen\u0173 treniravimui bet kurioje sporto sal\u0117je.","og_url":"https:\/\/gymfactory.eu\/lt\/produktas\/z16xxx-klubu-traukos-masina\/","og_site_name":"Gym Factory","article_modified_time":"2025-11-21T13:58:59+00:00","og_image":[{"width":1500,"height":1500,"url":"https:\/\/gymfactory.eu\/wp-content\/uploads\/2025\/04\/Z16XXX-Hip-Thrust-Machine-Black-Pad-Model-1.webp","type":"image\/webp"}],"twitter_card":"summary_large_image","twitter_misc":{"Est. reading time":"1 minut\u0117"},"schema":{"@context":"https:\/\/schema.org","@graph":[{"@type":"WebPage","@id":"https:\/\/gymfactory.eu\/lt\/produktas\/z16xxx-klubu-traukos-masina\/","url":"https:\/\/gymfactory.eu\/lt\/produktas\/z16xxx-klubu-traukos-masina\/","name":"Z16XXX Hip Thrust Machine | Sporto sal\u0117s \u012franga s\u0117dmen\u0173 treniruot\u0117ms","isPartOf":{"@id":"https:\/\/gymfactory.eu\/lt\/#website"},"primaryImageOfPage":{"@id":"https:\/\/gymfactory.eu\/lt\/produktas\/z16xxx-klubu-traukos-masina\/#primaryimage"},"image":{"@id":"https:\/\/gymfactory.eu\/lt\/produktas\/z16xxx-klubu-traukos-masina\/#primaryimage"},"thumbnailUrl":"https:\/\/gymfactory.eu\/wp-content\/uploads\/2025\/04\/Z16XXX-Hip-Thrust-Machine-Black-Pad-Model-1.webp","datePublished":"2025-04-25T14:13:45+00:00","dateModified":"2025-11-21T13:58:59+00:00","description":"Siekiate padidinti s\u0117dmen\u0173 j\u0117g\u0105 ir form\u0105? \"Z16XXX Hip Thrust Machine\" - tai treniruokli\u0173 sal\u0117s \u012franga, sukurta efektyviam ir kontroliuojamam s\u0117dmen\u0173 treniravimui bet kurioje sporto sal\u0117je.","breadcrumb":{"@id":"https:\/\/gymfactory.eu\/lt\/produktas\/z16xxx-klubu-traukos-masina\/#breadcrumb"},"inLanguage":"lt-LT","potentialAction":[{"@type":"ReadAction","target":["https:\/\/gymfactory.eu\/lt\/produktas\/z16xxx-klubu-traukos-masina\/"]}]},{"@type":"ImageObject","inLanguage":"lt-LT","@id":"https:\/\/gymfactory.eu\/lt\/produktas\/z16xxx-klubu-traukos-masina\/#primaryimage","url":"https:\/\/gymfactory.eu\/wp-content\/uploads\/2025\/04\/Z16XXX-Hip-Thrust-Machine-Black-Pad-Model-1.webp","contentUrl":"https:\/\/gymfactory.eu\/wp-content\/uploads\/2025\/04\/Z16XXX-Hip-Thrust-Machine-Black-Pad-Model-1.webp","width":1500,"height":1500,"caption":"Z16XXX Hip Thrust Workout Machine with black padding and angled foot platform, offering ergonomic design and premium equipment for weight training targeting glutes and hips."},{"@type":"BreadcrumbList","@id":"https:\/\/gymfactory.eu\/lt\/produktas\/z16xxx-klubu-traukos-masina\/#breadcrumb","itemListElement":[{"@type":"ListItem","position":1,"name":"Pagrindinis","item":"https:\/\/gymfactory.eu\/lt\/"},{"@type":"ListItem","position":2,"name":"Katalogas","item":"https:\/\/gymfactory.eu\/lt\/katalogas\/"},{"@type":"ListItem","position":3,"name":"Z16XXX S\u0117dmen\u0173 treniruoklis"}]},{"@type":"WebSite","@id":"https:\/\/gymfactory.eu\/lt\/#website","url":"https:\/\/gymfactory.eu\/lt\/","name":"Gym Factory","description":"","publisher":{"@id":"https:\/\/gymfactory.eu\/lt\/#organization"},"potentialAction":[{"@type":"SearchAction","target":{"@type":"EntryPoint","urlTemplate":"https:\/\/gymfactory.eu\/lt\/?s={search_term_string}"},"query-input":{"@type":"PropertyValueSpecification","valueRequired":true,"valueName":"search_term_string"}}],"inLanguage":"lt-LT"},{"@type":"Organization","@id":"https:\/\/gymfactory.eu\/lt\/#organization","name":"Sporto sal\u0117s gamykla","url":"https:\/\/gymfactory.eu\/lt\/","logo":{"@type":"ImageObject","inLanguage":"lt-LT","@id":"https:\/\/gymfactory.eu\/lt\/#\/schema\/logo\/image\/","url":"https:\/\/gymfactory.eu\/wp-content\/uploads\/2024\/11\/Component-1.svg","contentUrl":"https:\/\/gymfactory.eu\/wp-content\/uploads\/2024\/11\/Component-1.svg","width":54,"height":44,"caption":"Sporto sal\u0117s gamykla"},"image":{"@id":"https:\/\/gymfactory.eu\/lt\/#\/schema\/logo\/image\/"}}]}},"_links":{"self":[{"href":"https:\/\/gymfactory.eu\/lt\/wp-json\/wp\/v2\/product\/9542","targetHints":{"allow":["GET"]}}],"collection":[{"href":"https:\/\/gymfactory.eu\/lt\/wp-json\/wp\/v2\/product"}],"about":[{"href":"https:\/\/gymfactory.eu\/lt\/wp-json\/wp\/v2\/types\/product"}],"wp:featuredmedia":[{"embeddable":true,"href":"https:\/\/gymfactory.eu\/lt\/wp-json\/wp\/v2\/media\/20039"}],"wp:attachment":[{"href":"https:\/\/gymfactory.eu\/lt\/wp-json\/wp\/v2\/media?parent=9542"}],"wp:term":[{"taxonomy":"product_brand","embeddable":true,"href":"https:\/\/gymfactory.eu\/lt\/wp-json\/wp\/v2\/product_brand?post=9542"},{"taxonomy":"product_cat","embeddable":true,"href":"https:\/\/gymfactory.eu\/lt\/wp-json\/wp\/v2\/product_cat?post=9542"},{"taxonomy":"product_tag","embeddable":true,"href":"https:\/\/gymfactory.eu\/lt\/wp-json\/wp\/v2\/product_tag?post=9542"}],"curies":[{"name":"wp","href":"https:\/\/api.w.org\/{rel}","templated":true}]}}