{"id":9540,"date":"2025-04-29T16:21:14","date_gmt":"2025-04-29T13:21:14","guid":{"rendered":"https:\/\/gymfactory.eu\/product\/x1-2-stangos-ir-svarmenu-rinkinys\/"},"modified":"2025-09-05T13:58:37","modified_gmt":"2025-09-05T10:58:37","slug":"x1-2-stangos-ir-svarmenu-rinkinys","status":"publish","type":"product","link":"https:\/\/gymfactory.eu\/lt\/produktas\/x1-2-stangos-ir-svarmenu-rinkinys\/","title":{"rendered":"X1-2 \u0160tangos ir svori\u0173 rinkinys"},"content":{"rendered":"<p>X1-2 rinkinys \u2013 tai pilnas j\u0117gos treniruo\u010di\u0173 sprendimas, apjungiantis <a href=\"https:\/\/gymfactory.eu\/lt\/produktas\/z03g-olimpine-stanga\/\">Z03G olimpin\u0119 \u0161tang\u0105<\/a> (20\u202fkg) ir <a href=\"https:\/\/gymfactory.eu\/lt\/produktas\/x1-olimpinio-svorio-plokstes\/\" target=\"_blank\" rel=\"noopener\">X1 svorio diskus<\/a>. Skirtas baziniams j\u0117gos pratimams tiek nam\u0173 treniruot\u0117ms, tiek sporto sal\u0117ms.<\/p>\n<p><strong>Rinkinio sud\u0117tis (diskai poromis):<\/strong><\/p>\n<ul>\n<li>2 \u00d7 1,25\u202fkg<\/li>\n<li>2 \u00d7 2,5\u202fkg<\/li>\n<li>2 \u00d7 5\u202fkg<\/li>\n<li>2 \u00d7 10\u202fkg<\/li>\n<li>2 \u00d7 15\u202fkg<\/li>\n<li>2 \u00d7 20\u202fkg<\/li>\n<li>2 \u00d7 25\u202fkg<\/li>\n<\/ul>\n<p>Bendras svoris su \u0161tanga \u2013 177,5\u202fkg<\/p>\n<p>Visi diskai pritaikyti 50\u202fmm skersmens \u0161tangoms ir turi tris su\u0117mimo angas, leid\u017eian\u010dias lengvai juos paimti ir keisti. \u0160tangos pavir\u0161ius u\u017etikrina stabil\u0173 su\u0117mim\u0105 ir judesi\u0173 kontrol\u0119 treniruot\u0117s metu.<\/p>\n<p>Rinkinys puikiai tinka tokiems pratimams kaip prit\u016bpimai, spaudimai, traukos, \u0161tangos k\u0117limai vir\u0161 galvos \u2013 viso k\u016bno j\u0117gai lavinti.<\/p>\n\n    <div class=\"xs_social_share_widget xs_share_url after_content \t\tmain_content  wslu-style-1 wslu-share-box-shaped wslu-fill-colored wslu-none wslu-share-horizontal wslu-theme-font-no wslu-main_content\">\n\n\t\t\n        <ul>\n\t\t\t        <\/ul>\n    <\/div> \n","protected":false},"excerpt":{"rendered":"<p>X1-2 rinkinys \u2013 tai pilnas j\u0117gos treniruo\u010di\u0173 sprendimas, apjungiantis Z03G olimpin\u0119 \u0161tang\u0105 (20\u202fkg) ir X1 svorio diskus. Skirtas baziniams j\u0117gos pratimams tiek nam\u0173 treniruot\u0117ms, tiek sporto sal\u0117ms. Rinkinio sud\u0117tis (diskai poromis): 2 \u00d7 1,25\u202fkg 2 \u00d7 2,5\u202fkg 2 \u00d7 5\u202fkg 2 \u00d7 10\u202fkg 2 \u00d7 15\u202fkg 2 \u00d7 20\u202fkg 2 \u00d7 25\u202fkg Bendras svoris su [&hellip;]<\/p>\n","protected":false},"featured_media":28120,"template":"","meta":{"_acf_changed":false},"product_brand":[817],"product_cat":[405],"product_tag":[393],"class_list":{"0":"post-9540","1":"product","2":"type-product","3":"status-publish","4":"has-post-thumbnail","6":"product_brand-gym-factory-lt","7":"product_cat-svarmenys-ir-stangos","8":"product_tag-spalva-nera-spalvu","10":"first","11":"onbackorder","12":"taxable","13":"shipping-taxable","14":"purchasable","15":"product-type-simple"},"acf":[],"yoast_head":"<!-- This site is optimized with the Yoast SEO plugin v25.2 - https:\/\/yoast.com\/wordpress\/plugins\/seo\/ -->\n<title>X1-2 \u0161tangos ir svarmen\u0173 rinkinys j\u0117gos treniruot\u0117ms<\/title>\n<meta name=\"description\" content=\"Pagerinkite savo treniruotes naudodami X1-2 \u0161tangos ir svarmen\u0173 plok\u0161\u010di\u0173 rinkin\u012f - patvari\u0105 j\u0117gos treniruo\u010di\u0173 \u012frang\u0105, skirt\u0105 saugioms ir veiksmingoms viso k\u016bno treniruot\u0117ms.\" \/>\n<meta name=\"robots\" content=\"index, follow, max-snippet:-1, max-image-preview:large, max-video-preview:-1\" \/>\n<link rel=\"canonical\" href=\"https:\/\/gymfactory.eu\/lt\/produktas\/x1-2-stangos-ir-svarmenu-rinkinys\/\" \/>\n<meta property=\"og:locale\" content=\"lt_LT\" \/>\n<meta property=\"og:type\" content=\"article\" \/>\n<meta property=\"og:title\" content=\"X1-2 \u0161tangos ir svarmen\u0173 rinkinys j\u0117gos treniruot\u0117ms\" \/>\n<meta property=\"og:description\" content=\"Pagerinkite savo treniruotes naudodami X1-2 \u0161tangos ir svarmen\u0173 plok\u0161\u010di\u0173 rinkin\u012f - patvari\u0105 j\u0117gos treniruo\u010di\u0173 \u012frang\u0105, skirt\u0105 saugioms ir veiksmingoms viso k\u016bno treniruot\u0117ms.\" \/>\n<meta property=\"og:url\" content=\"https:\/\/gymfactory.eu\/lt\/produktas\/x1-2-stangos-ir-svarmenu-rinkinys\/\" \/>\n<meta property=\"og:site_name\" content=\"Gym Factory\" \/>\n<meta property=\"article:modified_time\" content=\"2025-09-05T10:58:37+00:00\" \/>\n<meta property=\"og:image\" content=\"https:\/\/gymfactory.eu\/wp-content\/uploads\/2025\/04\/X1-2-Barbell-and-Weight-Plates-Set-1.webp\" \/>\n\t<meta property=\"og:image:width\" content=\"600\" \/>\n\t<meta property=\"og:image:height\" content=\"600\" \/>\n\t<meta property=\"og:image:type\" content=\"image\/webp\" \/>\n<meta name=\"twitter:card\" content=\"summary_large_image\" \/>\n<meta name=\"twitter:label1\" content=\"Est. reading time\" \/>\n\t<meta name=\"twitter:data1\" content=\"1 minut\u0117\" \/>\n<script type=\"application\/ld+json\" class=\"yoast-schema-graph\">{\"@context\":\"https:\/\/schema.org\",\"@graph\":[{\"@type\":\"WebPage\",\"@id\":\"https:\/\/gymfactory.eu\/lt\/produktas\/x1-2-stangos-ir-svarmenu-rinkinys\/\",\"url\":\"https:\/\/gymfactory.eu\/lt\/produktas\/x1-2-stangos-ir-svarmenu-rinkinys\/\",\"name\":\"X1-2 \u0161tangos ir svarmen\u0173 rinkinys j\u0117gos treniruot\u0117ms\",\"isPartOf\":{\"@id\":\"https:\/\/gymfactory.eu\/lt\/#website\"},\"primaryImageOfPage\":{\"@id\":\"https:\/\/gymfactory.eu\/lt\/produktas\/x1-2-stangos-ir-svarmenu-rinkinys\/#primaryimage\"},\"image\":{\"@id\":\"https:\/\/gymfactory.eu\/lt\/produktas\/x1-2-stangos-ir-svarmenu-rinkinys\/#primaryimage\"},\"thumbnailUrl\":\"https:\/\/gymfactory.eu\/wp-content\/uploads\/2025\/04\/X1-2-Barbell-and-Weight-Plates-Set-1-1.webp\",\"datePublished\":\"2025-04-29T13:21:14+00:00\",\"dateModified\":\"2025-09-05T10:58:37+00:00\",\"description\":\"Pagerinkite savo treniruotes naudodami X1-2 \u0161tangos ir svarmen\u0173 plok\u0161\u010di\u0173 rinkin\u012f - patvari\u0105 j\u0117gos treniruo\u010di\u0173 \u012frang\u0105, skirt\u0105 saugioms ir veiksmingoms viso k\u016bno treniruot\u0117ms.\",\"breadcrumb\":{\"@id\":\"https:\/\/gymfactory.eu\/lt\/produktas\/x1-2-stangos-ir-svarmenu-rinkinys\/#breadcrumb\"},\"inLanguage\":\"lt-LT\",\"potentialAction\":[{\"@type\":\"ReadAction\",\"target\":[\"https:\/\/gymfactory.eu\/lt\/produktas\/x1-2-stangos-ir-svarmenu-rinkinys\/\"]}]},{\"@type\":\"ImageObject\",\"inLanguage\":\"lt-LT\",\"@id\":\"https:\/\/gymfactory.eu\/lt\/produktas\/x1-2-stangos-ir-svarmenu-rinkinys\/#primaryimage\",\"url\":\"https:\/\/gymfactory.eu\/wp-content\/uploads\/2025\/04\/X1-2-Barbell-and-Weight-Plates-Set-1-1.webp\",\"contentUrl\":\"https:\/\/gymfactory.eu\/wp-content\/uploads\/2025\/04\/X1-2-Barbell-and-Weight-Plates-Set-1-1.webp\",\"width\":600,\"height\":600,\"caption\":\"X1-2 Barbell and Weight Plates Set featuring a full range of grey cast iron plates with grip holes and a standard Olympic barbell, ideal equipment for strength training at home or in a professional gym.\"},{\"@type\":\"BreadcrumbList\",\"@id\":\"https:\/\/gymfactory.eu\/lt\/produktas\/x1-2-stangos-ir-svarmenu-rinkinys\/#breadcrumb\",\"itemListElement\":[{\"@type\":\"ListItem\",\"position\":1,\"name\":\"Pagrindinis\",\"item\":\"https:\/\/gymfactory.eu\/lt\/\"},{\"@type\":\"ListItem\",\"position\":2,\"name\":\"Katalogas\",\"item\":\"https:\/\/gymfactory.eu\/lt\/katalogas\/\"},{\"@type\":\"ListItem\",\"position\":3,\"name\":\"X1-2 \u0160tangos ir svori\u0173 rinkinys\"}]},{\"@type\":\"WebSite\",\"@id\":\"https:\/\/gymfactory.eu\/lt\/#website\",\"url\":\"https:\/\/gymfactory.eu\/lt\/\",\"name\":\"Gym Factory\",\"description\":\"\",\"publisher\":{\"@id\":\"https:\/\/gymfactory.eu\/lt\/#organization\"},\"potentialAction\":[{\"@type\":\"SearchAction\",\"target\":{\"@type\":\"EntryPoint\",\"urlTemplate\":\"https:\/\/gymfactory.eu\/lt\/?s={search_term_string}\"},\"query-input\":{\"@type\":\"PropertyValueSpecification\",\"valueRequired\":true,\"valueName\":\"search_term_string\"}}],\"inLanguage\":\"lt-LT\"},{\"@type\":\"Organization\",\"@id\":\"https:\/\/gymfactory.eu\/lt\/#organization\",\"name\":\"Sporto sal\u0117s gamykla\",\"url\":\"https:\/\/gymfactory.eu\/lt\/\",\"logo\":{\"@type\":\"ImageObject\",\"inLanguage\":\"lt-LT\",\"@id\":\"https:\/\/gymfactory.eu\/lt\/#\/schema\/logo\/image\/\",\"url\":\"https:\/\/gymfactory.eu\/wp-content\/uploads\/2024\/11\/Component-1.svg\",\"contentUrl\":\"https:\/\/gymfactory.eu\/wp-content\/uploads\/2024\/11\/Component-1.svg\",\"width\":54,\"height\":44,\"caption\":\"Sporto sal\u0117s gamykla\"},\"image\":{\"@id\":\"https:\/\/gymfactory.eu\/lt\/#\/schema\/logo\/image\/\"}}]}<\/script>\n<!-- \/ Yoast SEO plugin. -->","yoast_head_json":{"title":"X1-2 \u0161tangos ir svarmen\u0173 rinkinys j\u0117gos treniruot\u0117ms","description":"Pagerinkite savo treniruotes naudodami X1-2 \u0161tangos ir svarmen\u0173 plok\u0161\u010di\u0173 rinkin\u012f - patvari\u0105 j\u0117gos treniruo\u010di\u0173 \u012frang\u0105, skirt\u0105 saugioms ir veiksmingoms viso k\u016bno treniruot\u0117ms.","robots":{"index":"index","follow":"follow","max-snippet":"max-snippet:-1","max-image-preview":"max-image-preview:large","max-video-preview":"max-video-preview:-1"},"canonical":"https:\/\/gymfactory.eu\/lt\/produktas\/x1-2-stangos-ir-svarmenu-rinkinys\/","og_locale":"lt_LT","og_type":"article","og_title":"X1-2 \u0161tangos ir svarmen\u0173 rinkinys j\u0117gos treniruot\u0117ms","og_description":"Pagerinkite savo treniruotes naudodami X1-2 \u0161tangos ir svarmen\u0173 plok\u0161\u010di\u0173 rinkin\u012f - patvari\u0105 j\u0117gos treniruo\u010di\u0173 \u012frang\u0105, skirt\u0105 saugioms ir veiksmingoms viso k\u016bno treniruot\u0117ms.","og_url":"https:\/\/gymfactory.eu\/lt\/produktas\/x1-2-stangos-ir-svarmenu-rinkinys\/","og_site_name":"Gym Factory","article_modified_time":"2025-09-05T10:58:37+00:00","og_image":[{"width":600,"height":600,"url":"https:\/\/gymfactory.eu\/wp-content\/uploads\/2025\/04\/X1-2-Barbell-and-Weight-Plates-Set-1.webp","type":"image\/webp"}],"twitter_card":"summary_large_image","twitter_misc":{"Est. reading time":"1 minut\u0117"},"schema":{"@context":"https:\/\/schema.org","@graph":[{"@type":"WebPage","@id":"https:\/\/gymfactory.eu\/lt\/produktas\/x1-2-stangos-ir-svarmenu-rinkinys\/","url":"https:\/\/gymfactory.eu\/lt\/produktas\/x1-2-stangos-ir-svarmenu-rinkinys\/","name":"X1-2 \u0161tangos ir svarmen\u0173 rinkinys j\u0117gos treniruot\u0117ms","isPartOf":{"@id":"https:\/\/gymfactory.eu\/lt\/#website"},"primaryImageOfPage":{"@id":"https:\/\/gymfactory.eu\/lt\/produktas\/x1-2-stangos-ir-svarmenu-rinkinys\/#primaryimage"},"image":{"@id":"https:\/\/gymfactory.eu\/lt\/produktas\/x1-2-stangos-ir-svarmenu-rinkinys\/#primaryimage"},"thumbnailUrl":"https:\/\/gymfactory.eu\/wp-content\/uploads\/2025\/04\/X1-2-Barbell-and-Weight-Plates-Set-1-1.webp","datePublished":"2025-04-29T13:21:14+00:00","dateModified":"2025-09-05T10:58:37+00:00","description":"Pagerinkite savo treniruotes naudodami X1-2 \u0161tangos ir svarmen\u0173 plok\u0161\u010di\u0173 rinkin\u012f - patvari\u0105 j\u0117gos treniruo\u010di\u0173 \u012frang\u0105, skirt\u0105 saugioms ir veiksmingoms viso k\u016bno treniruot\u0117ms.","breadcrumb":{"@id":"https:\/\/gymfactory.eu\/lt\/produktas\/x1-2-stangos-ir-svarmenu-rinkinys\/#breadcrumb"},"inLanguage":"lt-LT","potentialAction":[{"@type":"ReadAction","target":["https:\/\/gymfactory.eu\/lt\/produktas\/x1-2-stangos-ir-svarmenu-rinkinys\/"]}]},{"@type":"ImageObject","inLanguage":"lt-LT","@id":"https:\/\/gymfactory.eu\/lt\/produktas\/x1-2-stangos-ir-svarmenu-rinkinys\/#primaryimage","url":"https:\/\/gymfactory.eu\/wp-content\/uploads\/2025\/04\/X1-2-Barbell-and-Weight-Plates-Set-1-1.webp","contentUrl":"https:\/\/gymfactory.eu\/wp-content\/uploads\/2025\/04\/X1-2-Barbell-and-Weight-Plates-Set-1-1.webp","width":600,"height":600,"caption":"X1-2 Barbell and Weight Plates Set featuring a full range of grey cast iron plates with grip holes and a standard Olympic barbell, ideal equipment for strength training at home or in a professional gym."},{"@type":"BreadcrumbList","@id":"https:\/\/gymfactory.eu\/lt\/produktas\/x1-2-stangos-ir-svarmenu-rinkinys\/#breadcrumb","itemListElement":[{"@type":"ListItem","position":1,"name":"Pagrindinis","item":"https:\/\/gymfactory.eu\/lt\/"},{"@type":"ListItem","position":2,"name":"Katalogas","item":"https:\/\/gymfactory.eu\/lt\/katalogas\/"},{"@type":"ListItem","position":3,"name":"X1-2 \u0160tangos ir svori\u0173 rinkinys"}]},{"@type":"WebSite","@id":"https:\/\/gymfactory.eu\/lt\/#website","url":"https:\/\/gymfactory.eu\/lt\/","name":"Gym Factory","description":"","publisher":{"@id":"https:\/\/gymfactory.eu\/lt\/#organization"},"potentialAction":[{"@type":"SearchAction","target":{"@type":"EntryPoint","urlTemplate":"https:\/\/gymfactory.eu\/lt\/?s={search_term_string}"},"query-input":{"@type":"PropertyValueSpecification","valueRequired":true,"valueName":"search_term_string"}}],"inLanguage":"lt-LT"},{"@type":"Organization","@id":"https:\/\/gymfactory.eu\/lt\/#organization","name":"Sporto sal\u0117s gamykla","url":"https:\/\/gymfactory.eu\/lt\/","logo":{"@type":"ImageObject","inLanguage":"lt-LT","@id":"https:\/\/gymfactory.eu\/lt\/#\/schema\/logo\/image\/","url":"https:\/\/gymfactory.eu\/wp-content\/uploads\/2024\/11\/Component-1.svg","contentUrl":"https:\/\/gymfactory.eu\/wp-content\/uploads\/2024\/11\/Component-1.svg","width":54,"height":44,"caption":"Sporto sal\u0117s gamykla"},"image":{"@id":"https:\/\/gymfactory.eu\/lt\/#\/schema\/logo\/image\/"}}]}},"_links":{"self":[{"href":"https:\/\/gymfactory.eu\/lt\/wp-json\/wp\/v2\/product\/9540","targetHints":{"allow":["GET"]}}],"collection":[{"href":"https:\/\/gymfactory.eu\/lt\/wp-json\/wp\/v2\/product"}],"about":[{"href":"https:\/\/gymfactory.eu\/lt\/wp-json\/wp\/v2\/types\/product"}],"wp:featuredmedia":[{"embeddable":true,"href":"https:\/\/gymfactory.eu\/lt\/wp-json\/wp\/v2\/media\/28120"}],"wp:attachment":[{"href":"https:\/\/gymfactory.eu\/lt\/wp-json\/wp\/v2\/media?parent=9540"}],"wp:term":[{"taxonomy":"product_brand","embeddable":true,"href":"https:\/\/gymfactory.eu\/lt\/wp-json\/wp\/v2\/product_brand?post=9540"},{"taxonomy":"product_cat","embeddable":true,"href":"https:\/\/gymfactory.eu\/lt\/wp-json\/wp\/v2\/product_cat?post=9540"},{"taxonomy":"product_tag","embeddable":true,"href":"https:\/\/gymfactory.eu\/lt\/wp-json\/wp\/v2\/product_tag?post=9540"}],"curies":[{"name":"wp","href":"https:\/\/api.w.org\/{rel}","templated":true}]}}