{"id":9536,"date":"2025-04-29T11:47:25","date_gmt":"2025-04-29T08:47:25","guid":{"rendered":"https:\/\/gymfactory.eu\/product\/i3x-pirstu-ir-dilbiu-masina\/"},"modified":"2025-11-21T13:19:35","modified_gmt":"2025-11-21T11:19:35","slug":"i3x-pirstu-ir-dilbiu-masina","status":"publish","type":"product","link":"https:\/\/gymfactory.eu\/lt\/produktas\/i3x-pirstu-ir-dilbiu-masina\/","title":{"rendered":"I3X Pir\u0161t\u0173 ir dilbi\u0173 treniruoklis"},"content":{"rendered":"<p>I3X \u2013\u00a0 skirtas rank\u0173 ir dilbi\u0173 j\u0117gai, i\u0161tvermei ir rie\u0161o kontrolei lavinti.<\/p>\n<p>Treniruoklis apjungia pir\u0161t\u0173 suspaudimo ir rie\u0161o judesi\u0173 treniruotes:<br \/>\n\u2013 pir\u0161t\u0173 suspaudimai stiprina rankas ir dilbius,<br \/>\n\u2013 rie\u0161o lenkimai ir tiesimai lavina rie\u0161\u0173 stabilum\u0105,<br \/>\n\u2013 rie\u0161o sukimai gerina kontrol\u0119 ir koordinacij\u0105.<\/p>\n<p>Treniruot\u0117s su I3X stiprina rank\u0173 ir dilbi\u0173 raumenis, sausgysles ir rai\u0161\u010dius \u2013 tod\u0117l tai puikus pasirinkimas sporto alpinistams, kovos men\u0173 atstovams ir j\u0117gos sporto atletams.<\/p>\n\n    <div class=\"xs_social_share_widget xs_share_url after_content \t\tmain_content  wslu-style-1 wslu-share-box-shaped wslu-fill-colored wslu-none wslu-share-horizontal wslu-theme-font-no wslu-main_content\">\n\n\t\t\n        <ul>\n\t\t\t        <\/ul>\n    <\/div> \n","protected":false},"excerpt":{"rendered":"<p>I3X \u2013\u00a0 skirtas rank\u0173 ir dilbi\u0173 j\u0117gai, i\u0161tvermei ir rie\u0161o kontrolei lavinti. Treniruoklis apjungia pir\u0161t\u0173 suspaudimo ir rie\u0161o judesi\u0173 treniruotes: \u2013 pir\u0161t\u0173 suspaudimai stiprina rankas ir dilbius, \u2013 rie\u0161o lenkimai ir tiesimai lavina rie\u0161\u0173 stabilum\u0105, \u2013 rie\u0161o sukimai gerina kontrol\u0119 ir koordinacij\u0105. Treniruot\u0117s su I3X stiprina rank\u0173 ir dilbi\u0173 raumenis, sausgysles ir rai\u0161\u010dius \u2013 tod\u0117l [&hellip;]<\/p>\n","protected":false},"featured_media":9053,"template":"","meta":{"_acf_changed":false},"product_brand":[817],"product_cat":[421,407],"product_tag":[],"class_list":{"0":"post-9536","1":"product","2":"type-product","3":"status-publish","4":"has-post-thumbnail","6":"product_brand-gym-factory-lt","7":"product_cat-laisvu-svoriu-treniruokliai","8":"product_cat-kita-sporto-iranga","10":"first","11":"onbackorder","12":"taxable","13":"shipping-taxable","14":"purchasable","15":"product-type-variable","16":"has-default-attributes"},"acf":[],"yoast_head":"<!-- This site is optimized with the Yoast SEO plugin v25.2 - https:\/\/yoast.com\/wordpress\/plugins\/seo\/ -->\n<title>I3X pir\u0161t\u0173 ir dilbi\u0173 stiprinimo treniruoklis<\/title>\n<meta name=\"description\" content=\"Su I3X pir\u0161t\u0173 ir dilbi\u0173 treniruokliu - auk\u0161\u010diausios kokyb\u0117s sporto sal\u0117s \u012franga, skirta j\u0117gos treniruot\u0117ms - padidinsite rank\u0173 su\u0117mimo j\u0117g\u0105. Patvari konstrukcija, suderinama su 50 mm plok\u0161tel\u0117mis.\" \/>\n<meta name=\"robots\" content=\"index, follow, max-snippet:-1, max-image-preview:large, max-video-preview:-1\" \/>\n<link rel=\"canonical\" href=\"https:\/\/gymfactory.eu\/lt\/produktas\/i3x-pirstu-ir-dilbiu-masina\/\" \/>\n<meta property=\"og:locale\" content=\"lt_LT\" \/>\n<meta property=\"og:type\" content=\"article\" \/>\n<meta property=\"og:title\" content=\"I3X pir\u0161t\u0173 ir dilbi\u0173 stiprinimo treniruoklis\" \/>\n<meta property=\"og:description\" content=\"Su I3X pir\u0161t\u0173 ir dilbi\u0173 treniruokliu - auk\u0161\u010diausios kokyb\u0117s sporto sal\u0117s \u012franga, skirta j\u0117gos treniruot\u0117ms - padidinsite rank\u0173 su\u0117mimo j\u0117g\u0105. Patvari konstrukcija, suderinama su 50 mm plok\u0161tel\u0117mis.\" \/>\n<meta property=\"og:url\" content=\"https:\/\/gymfactory.eu\/lt\/produktas\/i3x-pirstu-ir-dilbiu-masina\/\" \/>\n<meta property=\"og:site_name\" content=\"Gym Factory\" \/>\n<meta property=\"article:modified_time\" content=\"2025-11-21T11:19:35+00:00\" \/>\n<meta property=\"og:image\" content=\"https:\/\/gymfactory.eu\/wp-content\/uploads\/2025\/04\/I3X-Finger-and-Forearm-Machine-1.webp\" \/>\n\t<meta property=\"og:image:width\" content=\"1500\" \/>\n\t<meta property=\"og:image:height\" content=\"1500\" \/>\n\t<meta property=\"og:image:type\" content=\"image\/webp\" \/>\n<meta name=\"twitter:card\" content=\"summary_large_image\" \/>\n<meta name=\"twitter:label1\" content=\"Est. reading time\" \/>\n\t<meta name=\"twitter:data1\" content=\"1 minut\u0117\" \/>\n<script type=\"application\/ld+json\" class=\"yoast-schema-graph\">{\"@context\":\"https:\/\/schema.org\",\"@graph\":[{\"@type\":\"WebPage\",\"@id\":\"https:\/\/gymfactory.eu\/lt\/produktas\/i3x-pirstu-ir-dilbiu-masina\/\",\"url\":\"https:\/\/gymfactory.eu\/lt\/produktas\/i3x-pirstu-ir-dilbiu-masina\/\",\"name\":\"I3X pir\u0161t\u0173 ir dilbi\u0173 stiprinimo treniruoklis\",\"isPartOf\":{\"@id\":\"https:\/\/gymfactory.eu\/lt\/#website\"},\"primaryImageOfPage\":{\"@id\":\"https:\/\/gymfactory.eu\/lt\/produktas\/i3x-pirstu-ir-dilbiu-masina\/#primaryimage\"},\"image\":{\"@id\":\"https:\/\/gymfactory.eu\/lt\/produktas\/i3x-pirstu-ir-dilbiu-masina\/#primaryimage\"},\"thumbnailUrl\":\"https:\/\/gymfactory.eu\/wp-content\/uploads\/2025\/04\/I3X-Finger-and-Forearm-Machine-1.webp\",\"datePublished\":\"2025-04-29T08:47:25+00:00\",\"dateModified\":\"2025-11-21T11:19:35+00:00\",\"description\":\"Su I3X pir\u0161t\u0173 ir dilbi\u0173 treniruokliu - auk\u0161\u010diausios kokyb\u0117s sporto sal\u0117s \u012franga, skirta j\u0117gos treniruot\u0117ms - padidinsite rank\u0173 su\u0117mimo j\u0117g\u0105. Patvari konstrukcija, suderinama su 50 mm plok\u0161tel\u0117mis.\",\"breadcrumb\":{\"@id\":\"https:\/\/gymfactory.eu\/lt\/produktas\/i3x-pirstu-ir-dilbiu-masina\/#breadcrumb\"},\"inLanguage\":\"lt-LT\",\"potentialAction\":[{\"@type\":\"ReadAction\",\"target\":[\"https:\/\/gymfactory.eu\/lt\/produktas\/i3x-pirstu-ir-dilbiu-masina\/\"]}]},{\"@type\":\"ImageObject\",\"inLanguage\":\"lt-LT\",\"@id\":\"https:\/\/gymfactory.eu\/lt\/produktas\/i3x-pirstu-ir-dilbiu-masina\/#primaryimage\",\"url\":\"https:\/\/gymfactory.eu\/wp-content\/uploads\/2025\/04\/I3X-Finger-and-Forearm-Machine-1.webp\",\"contentUrl\":\"https:\/\/gymfactory.eu\/wp-content\/uploads\/2025\/04\/I3X-Finger-and-Forearm-Machine-1.webp\",\"width\":1500,\"height\":1500,\"caption\":\"I3X pir\u0161t\u0173 ir dilbi\u0173 treniruoklio, kompakti\u0161ko j\u0117gos treniruoklio, pagaminto i\u0161 plieno su dvigubomis stryp\u0173 kreipian\u010diosiomis ir centriniu krovimo kai\u0161\u010diu, vaizdas i\u0161 priekio.\"},{\"@type\":\"BreadcrumbList\",\"@id\":\"https:\/\/gymfactory.eu\/lt\/produktas\/i3x-pirstu-ir-dilbiu-masina\/#breadcrumb\",\"itemListElement\":[{\"@type\":\"ListItem\",\"position\":1,\"name\":\"Pagrindinis\",\"item\":\"https:\/\/gymfactory.eu\/lt\/\"},{\"@type\":\"ListItem\",\"position\":2,\"name\":\"Katalogas\",\"item\":\"https:\/\/gymfactory.eu\/lt\/katalogas\/\"},{\"@type\":\"ListItem\",\"position\":3,\"name\":\"I3X Pir\u0161t\u0173 ir dilbi\u0173 treniruoklis\"}]},{\"@type\":\"WebSite\",\"@id\":\"https:\/\/gymfactory.eu\/lt\/#website\",\"url\":\"https:\/\/gymfactory.eu\/lt\/\",\"name\":\"Gym Factory\",\"description\":\"\",\"publisher\":{\"@id\":\"https:\/\/gymfactory.eu\/lt\/#organization\"},\"potentialAction\":[{\"@type\":\"SearchAction\",\"target\":{\"@type\":\"EntryPoint\",\"urlTemplate\":\"https:\/\/gymfactory.eu\/lt\/?s={search_term_string}\"},\"query-input\":{\"@type\":\"PropertyValueSpecification\",\"valueRequired\":true,\"valueName\":\"search_term_string\"}}],\"inLanguage\":\"lt-LT\"},{\"@type\":\"Organization\",\"@id\":\"https:\/\/gymfactory.eu\/lt\/#organization\",\"name\":\"Sporto sal\u0117s gamykla\",\"url\":\"https:\/\/gymfactory.eu\/lt\/\",\"logo\":{\"@type\":\"ImageObject\",\"inLanguage\":\"lt-LT\",\"@id\":\"https:\/\/gymfactory.eu\/lt\/#\/schema\/logo\/image\/\",\"url\":\"https:\/\/gymfactory.eu\/wp-content\/uploads\/2024\/11\/Component-1.svg\",\"contentUrl\":\"https:\/\/gymfactory.eu\/wp-content\/uploads\/2024\/11\/Component-1.svg\",\"width\":54,\"height\":44,\"caption\":\"Sporto sal\u0117s gamykla\"},\"image\":{\"@id\":\"https:\/\/gymfactory.eu\/lt\/#\/schema\/logo\/image\/\"}}]}<\/script>\n<!-- \/ Yoast SEO plugin. -->","yoast_head_json":{"title":"I3X pir\u0161t\u0173 ir dilbi\u0173 stiprinimo treniruoklis","description":"Su I3X pir\u0161t\u0173 ir dilbi\u0173 treniruokliu - auk\u0161\u010diausios kokyb\u0117s sporto sal\u0117s \u012franga, skirta j\u0117gos treniruot\u0117ms - padidinsite rank\u0173 su\u0117mimo j\u0117g\u0105. Patvari konstrukcija, suderinama su 50 mm plok\u0161tel\u0117mis.","robots":{"index":"index","follow":"follow","max-snippet":"max-snippet:-1","max-image-preview":"max-image-preview:large","max-video-preview":"max-video-preview:-1"},"canonical":"https:\/\/gymfactory.eu\/lt\/produktas\/i3x-pirstu-ir-dilbiu-masina\/","og_locale":"lt_LT","og_type":"article","og_title":"I3X pir\u0161t\u0173 ir dilbi\u0173 stiprinimo treniruoklis","og_description":"Su I3X pir\u0161t\u0173 ir dilbi\u0173 treniruokliu - auk\u0161\u010diausios kokyb\u0117s sporto sal\u0117s \u012franga, skirta j\u0117gos treniruot\u0117ms - padidinsite rank\u0173 su\u0117mimo j\u0117g\u0105. Patvari konstrukcija, suderinama su 50 mm plok\u0161tel\u0117mis.","og_url":"https:\/\/gymfactory.eu\/lt\/produktas\/i3x-pirstu-ir-dilbiu-masina\/","og_site_name":"Gym Factory","article_modified_time":"2025-11-21T11:19:35+00:00","og_image":[{"width":1500,"height":1500,"url":"https:\/\/gymfactory.eu\/wp-content\/uploads\/2025\/04\/I3X-Finger-and-Forearm-Machine-1.webp","type":"image\/webp"}],"twitter_card":"summary_large_image","twitter_misc":{"Est. reading time":"1 minut\u0117"},"schema":{"@context":"https:\/\/schema.org","@graph":[{"@type":"WebPage","@id":"https:\/\/gymfactory.eu\/lt\/produktas\/i3x-pirstu-ir-dilbiu-masina\/","url":"https:\/\/gymfactory.eu\/lt\/produktas\/i3x-pirstu-ir-dilbiu-masina\/","name":"I3X pir\u0161t\u0173 ir dilbi\u0173 stiprinimo treniruoklis","isPartOf":{"@id":"https:\/\/gymfactory.eu\/lt\/#website"},"primaryImageOfPage":{"@id":"https:\/\/gymfactory.eu\/lt\/produktas\/i3x-pirstu-ir-dilbiu-masina\/#primaryimage"},"image":{"@id":"https:\/\/gymfactory.eu\/lt\/produktas\/i3x-pirstu-ir-dilbiu-masina\/#primaryimage"},"thumbnailUrl":"https:\/\/gymfactory.eu\/wp-content\/uploads\/2025\/04\/I3X-Finger-and-Forearm-Machine-1.webp","datePublished":"2025-04-29T08:47:25+00:00","dateModified":"2025-11-21T11:19:35+00:00","description":"Su I3X pir\u0161t\u0173 ir dilbi\u0173 treniruokliu - auk\u0161\u010diausios kokyb\u0117s sporto sal\u0117s \u012franga, skirta j\u0117gos treniruot\u0117ms - padidinsite rank\u0173 su\u0117mimo j\u0117g\u0105. Patvari konstrukcija, suderinama su 50 mm plok\u0161tel\u0117mis.","breadcrumb":{"@id":"https:\/\/gymfactory.eu\/lt\/produktas\/i3x-pirstu-ir-dilbiu-masina\/#breadcrumb"},"inLanguage":"lt-LT","potentialAction":[{"@type":"ReadAction","target":["https:\/\/gymfactory.eu\/lt\/produktas\/i3x-pirstu-ir-dilbiu-masina\/"]}]},{"@type":"ImageObject","inLanguage":"lt-LT","@id":"https:\/\/gymfactory.eu\/lt\/produktas\/i3x-pirstu-ir-dilbiu-masina\/#primaryimage","url":"https:\/\/gymfactory.eu\/wp-content\/uploads\/2025\/04\/I3X-Finger-and-Forearm-Machine-1.webp","contentUrl":"https:\/\/gymfactory.eu\/wp-content\/uploads\/2025\/04\/I3X-Finger-and-Forearm-Machine-1.webp","width":1500,"height":1500,"caption":"I3X pir\u0161t\u0173 ir dilbi\u0173 treniruoklio, kompakti\u0161ko j\u0117gos treniruoklio, pagaminto i\u0161 plieno su dvigubomis stryp\u0173 kreipian\u010diosiomis ir centriniu krovimo kai\u0161\u010diu, vaizdas i\u0161 priekio."},{"@type":"BreadcrumbList","@id":"https:\/\/gymfactory.eu\/lt\/produktas\/i3x-pirstu-ir-dilbiu-masina\/#breadcrumb","itemListElement":[{"@type":"ListItem","position":1,"name":"Pagrindinis","item":"https:\/\/gymfactory.eu\/lt\/"},{"@type":"ListItem","position":2,"name":"Katalogas","item":"https:\/\/gymfactory.eu\/lt\/katalogas\/"},{"@type":"ListItem","position":3,"name":"I3X Pir\u0161t\u0173 ir dilbi\u0173 treniruoklis"}]},{"@type":"WebSite","@id":"https:\/\/gymfactory.eu\/lt\/#website","url":"https:\/\/gymfactory.eu\/lt\/","name":"Gym Factory","description":"","publisher":{"@id":"https:\/\/gymfactory.eu\/lt\/#organization"},"potentialAction":[{"@type":"SearchAction","target":{"@type":"EntryPoint","urlTemplate":"https:\/\/gymfactory.eu\/lt\/?s={search_term_string}"},"query-input":{"@type":"PropertyValueSpecification","valueRequired":true,"valueName":"search_term_string"}}],"inLanguage":"lt-LT"},{"@type":"Organization","@id":"https:\/\/gymfactory.eu\/lt\/#organization","name":"Sporto sal\u0117s gamykla","url":"https:\/\/gymfactory.eu\/lt\/","logo":{"@type":"ImageObject","inLanguage":"lt-LT","@id":"https:\/\/gymfactory.eu\/lt\/#\/schema\/logo\/image\/","url":"https:\/\/gymfactory.eu\/wp-content\/uploads\/2024\/11\/Component-1.svg","contentUrl":"https:\/\/gymfactory.eu\/wp-content\/uploads\/2024\/11\/Component-1.svg","width":54,"height":44,"caption":"Sporto sal\u0117s gamykla"},"image":{"@id":"https:\/\/gymfactory.eu\/lt\/#\/schema\/logo\/image\/"}}]}},"_links":{"self":[{"href":"https:\/\/gymfactory.eu\/lt\/wp-json\/wp\/v2\/product\/9536","targetHints":{"allow":["GET"]}}],"collection":[{"href":"https:\/\/gymfactory.eu\/lt\/wp-json\/wp\/v2\/product"}],"about":[{"href":"https:\/\/gymfactory.eu\/lt\/wp-json\/wp\/v2\/types\/product"}],"wp:featuredmedia":[{"embeddable":true,"href":"https:\/\/gymfactory.eu\/lt\/wp-json\/wp\/v2\/media\/9053"}],"wp:attachment":[{"href":"https:\/\/gymfactory.eu\/lt\/wp-json\/wp\/v2\/media?parent=9536"}],"wp:term":[{"taxonomy":"product_brand","embeddable":true,"href":"https:\/\/gymfactory.eu\/lt\/wp-json\/wp\/v2\/product_brand?post=9536"},{"taxonomy":"product_cat","embeddable":true,"href":"https:\/\/gymfactory.eu\/lt\/wp-json\/wp\/v2\/product_cat?post=9536"},{"taxonomy":"product_tag","embeddable":true,"href":"https:\/\/gymfactory.eu\/lt\/wp-json\/wp\/v2\/product_tag?post=9536"}],"curies":[{"name":"wp","href":"https:\/\/api.w.org\/{rel}","templated":true}]}}