{"id":9535,"date":"2025-04-30T13:23:36","date_gmt":"2025-04-30T10:23:36","guid":{"rendered":"https:\/\/gymfactory.eu\/product\/w8-kabeliu-rankenos\/"},"modified":"2025-12-08T14:18:52","modified_gmt":"2025-12-08T12:18:52","slug":"w8-kabeliu-rankenos","status":"publish","type":"product","link":"https:\/\/gymfactory.eu\/lt\/produktas\/w8-kabeliu-rankenos\/","title":{"rendered":"W8 Pastiprinta ranken\u0117l\u0117"},"content":{"rendered":"<p>W8 pastiprinta ranken\u0117l\u0117 \u2013 universali ir ergonomi\u0161ka sporto \u012franga, skirta \u012fvairiems pratimams su trosin\u0117mis sistemomis. Pagaminta i\u0161 tvirto metalo D formos \u017eiedo, patvarios juostos ir mink\u0161to putplas\u010dio pavir\u0161iaus, u\u017etikrina saug\u0173 ir patog\u0173 sukibim\u0105 net atliekant daug pakartojim\u0173 ar dirbant su dideliu svoriu.<\/p>\n<p>Suderinama su dauguma treniruokli\u0173 \u2013 idealiai tinka triceps\u0173 tiesimams, biceps\u0173 lenkimams, \u0161oniniams k\u0117limams, traukos pratimams ir funkciniam lavinimui. W8 trosin\u0117 rankena praple\u010dia treniruo\u010di\u0173 galimybes ir didina komfort\u0105 tiek nam\u0173, tiek profesionaliose sporto erdv\u0117se.<\/p>\n\n    <div class=\"xs_social_share_widget xs_share_url after_content \t\tmain_content  wslu-style-1 wslu-share-box-shaped wslu-fill-colored wslu-none wslu-share-horizontal wslu-theme-font-no wslu-main_content\">\n\n\t\t\n        <ul>\n\t\t\t        <\/ul>\n    <\/div> \n","protected":false},"excerpt":{"rendered":"<p>W8 pastiprinta ranken\u0117l\u0117 \u2013 universali ir ergonomi\u0161ka sporto \u012franga, skirta \u012fvairiems pratimams su trosin\u0117mis sistemomis. Pagaminta i\u0161 tvirto metalo D formos \u017eiedo, patvarios juostos ir mink\u0161to putplas\u010dio pavir\u0161iaus, u\u017etikrina saug\u0173 ir patog\u0173 sukibim\u0105 net atliekant daug pakartojim\u0173 ar dirbant su dideliu svoriu. Suderinama su dauguma treniruokli\u0173 \u2013 idealiai tinka triceps\u0173 tiesimams, biceps\u0173 lenkimams, \u0161oniniams k\u0117limams, [&hellip;]<\/p>\n","protected":false},"featured_media":13232,"template":"","meta":{"_acf_changed":false},"product_brand":[817],"product_cat":[418],"product_tag":[393],"class_list":{"0":"post-9535","1":"product","2":"type-product","3":"status-publish","4":"has-post-thumbnail","6":"product_brand-gym-factory-lt","7":"product_cat-treniruokliu-priedai","8":"product_tag-spalva-nera-spalvu","10":"first","11":"onbackorder","12":"taxable","13":"shipping-taxable","14":"purchasable","15":"product-type-variable","16":"has-default-attributes"},"acf":[],"yoast_head":"<!-- This site is optimized with the Yoast SEO plugin v25.2 - https:\/\/yoast.com\/wordpress\/plugins\/seo\/ -->\n<title>W8 kabelio rankena universaliam sporto \u012frangos naudojimui<\/title>\n<meta name=\"description\" content=\"W8 kabelio rankena yra patogi, ilgaam\u017e\u0117 ir lengvai tvirtinama - idealiai tinka \u012fvairiems pratimams su vis\u0173 tip\u0173 treniruokliais, naudojamais vis\u0173 tip\u0173 treniruokliais.\" \/>\n<meta name=\"robots\" content=\"index, follow, max-snippet:-1, max-image-preview:large, max-video-preview:-1\" \/>\n<link rel=\"canonical\" href=\"https:\/\/gymfactory.eu\/lt\/produktas\/w8-kabeliu-rankenos\/\" \/>\n<meta property=\"og:locale\" content=\"lt_LT\" \/>\n<meta property=\"og:type\" content=\"article\" \/>\n<meta property=\"og:title\" content=\"W8 kabelio rankena universaliam sporto \u012frangos naudojimui\" \/>\n<meta property=\"og:description\" content=\"W8 kabelio rankena yra patogi, ilgaam\u017e\u0117 ir lengvai tvirtinama - idealiai tinka \u012fvairiems pratimams su vis\u0173 tip\u0173 treniruokliais, naudojamais vis\u0173 tip\u0173 treniruokliais.\" \/>\n<meta property=\"og:url\" content=\"https:\/\/gymfactory.eu\/lt\/produktas\/w8-kabeliu-rankenos\/\" \/>\n<meta property=\"og:site_name\" content=\"Gym Factory\" \/>\n<meta property=\"article:modified_time\" content=\"2025-12-08T12:18:52+00:00\" \/>\n<meta property=\"og:image\" content=\"https:\/\/gymfactory.eu\/wp-content\/uploads\/2025\/04\/W8-Handle-Attachment-Full-View-2.webp\" \/>\n\t<meta property=\"og:image:width\" content=\"1500\" \/>\n\t<meta property=\"og:image:height\" content=\"1500\" \/>\n\t<meta property=\"og:image:type\" content=\"image\/webp\" \/>\n<meta name=\"twitter:card\" content=\"summary_large_image\" \/>\n<meta name=\"twitter:label1\" content=\"Est. reading time\" \/>\n\t<meta name=\"twitter:data1\" content=\"1 minut\u0117\" \/>\n<script type=\"application\/ld+json\" class=\"yoast-schema-graph\">{\"@context\":\"https:\/\/schema.org\",\"@graph\":[{\"@type\":\"WebPage\",\"@id\":\"https:\/\/gymfactory.eu\/lt\/produktas\/w8-kabeliu-rankenos\/\",\"url\":\"https:\/\/gymfactory.eu\/lt\/produktas\/w8-kabeliu-rankenos\/\",\"name\":\"W8 kabelio rankena universaliam sporto \u012frangos naudojimui\",\"isPartOf\":{\"@id\":\"https:\/\/gymfactory.eu\/lt\/#website\"},\"primaryImageOfPage\":{\"@id\":\"https:\/\/gymfactory.eu\/lt\/produktas\/w8-kabeliu-rankenos\/#primaryimage\"},\"image\":{\"@id\":\"https:\/\/gymfactory.eu\/lt\/produktas\/w8-kabeliu-rankenos\/#primaryimage\"},\"thumbnailUrl\":\"https:\/\/gymfactory.eu\/wp-content\/uploads\/2025\/04\/W8-Handle-Attachment-Full-View-2.webp\",\"datePublished\":\"2025-04-30T10:23:36+00:00\",\"dateModified\":\"2025-12-08T12:18:52+00:00\",\"description\":\"W8 kabelio rankena yra patogi, ilgaam\u017e\u0117 ir lengvai tvirtinama - idealiai tinka \u012fvairiems pratimams su vis\u0173 tip\u0173 treniruokliais, naudojamais vis\u0173 tip\u0173 treniruokliais.\",\"breadcrumb\":{\"@id\":\"https:\/\/gymfactory.eu\/lt\/produktas\/w8-kabeliu-rankenos\/#breadcrumb\"},\"inLanguage\":\"lt-LT\",\"potentialAction\":[{\"@type\":\"ReadAction\",\"target\":[\"https:\/\/gymfactory.eu\/lt\/produktas\/w8-kabeliu-rankenos\/\"]}]},{\"@type\":\"ImageObject\",\"inLanguage\":\"lt-LT\",\"@id\":\"https:\/\/gymfactory.eu\/lt\/produktas\/w8-kabeliu-rankenos\/#primaryimage\",\"url\":\"https:\/\/gymfactory.eu\/wp-content\/uploads\/2025\/04\/W8-Handle-Attachment-Full-View-2.webp\",\"contentUrl\":\"https:\/\/gymfactory.eu\/wp-content\/uploads\/2025\/04\/W8-Handle-Attachment-Full-View-2.webp\",\"width\":1500,\"height\":1500,\"caption\":\"Black W8 Handle Attachment with foam grip and durable strap, featuring a metal D-ring for connecting to gym equipment and cable machines.\"},{\"@type\":\"BreadcrumbList\",\"@id\":\"https:\/\/gymfactory.eu\/lt\/produktas\/w8-kabeliu-rankenos\/#breadcrumb\",\"itemListElement\":[{\"@type\":\"ListItem\",\"position\":1,\"name\":\"Pagrindinis\",\"item\":\"https:\/\/gymfactory.eu\/lt\/\"},{\"@type\":\"ListItem\",\"position\":2,\"name\":\"Katalogas\",\"item\":\"https:\/\/gymfactory.eu\/lt\/katalogas\/\"},{\"@type\":\"ListItem\",\"position\":3,\"name\":\"W8 Pastiprinta ranken\u0117l\u0117\"}]},{\"@type\":\"WebSite\",\"@id\":\"https:\/\/gymfactory.eu\/lt\/#website\",\"url\":\"https:\/\/gymfactory.eu\/lt\/\",\"name\":\"Gym Factory\",\"description\":\"\",\"publisher\":{\"@id\":\"https:\/\/gymfactory.eu\/lt\/#organization\"},\"potentialAction\":[{\"@type\":\"SearchAction\",\"target\":{\"@type\":\"EntryPoint\",\"urlTemplate\":\"https:\/\/gymfactory.eu\/lt\/?s={search_term_string}\"},\"query-input\":{\"@type\":\"PropertyValueSpecification\",\"valueRequired\":true,\"valueName\":\"search_term_string\"}}],\"inLanguage\":\"lt-LT\"},{\"@type\":\"Organization\",\"@id\":\"https:\/\/gymfactory.eu\/lt\/#organization\",\"name\":\"Sporto sal\u0117s gamykla\",\"url\":\"https:\/\/gymfactory.eu\/lt\/\",\"logo\":{\"@type\":\"ImageObject\",\"inLanguage\":\"lt-LT\",\"@id\":\"https:\/\/gymfactory.eu\/lt\/#\/schema\/logo\/image\/\",\"url\":\"https:\/\/gymfactory.eu\/wp-content\/uploads\/2024\/11\/Component-1.svg\",\"contentUrl\":\"https:\/\/gymfactory.eu\/wp-content\/uploads\/2024\/11\/Component-1.svg\",\"width\":54,\"height\":44,\"caption\":\"Sporto sal\u0117s gamykla\"},\"image\":{\"@id\":\"https:\/\/gymfactory.eu\/lt\/#\/schema\/logo\/image\/\"}}]}<\/script>\n<!-- \/ Yoast SEO plugin. -->","yoast_head_json":{"title":"W8 kabelio rankena universaliam sporto \u012frangos naudojimui","description":"W8 kabelio rankena yra patogi, ilgaam\u017e\u0117 ir lengvai tvirtinama - idealiai tinka \u012fvairiems pratimams su vis\u0173 tip\u0173 treniruokliais, naudojamais vis\u0173 tip\u0173 treniruokliais.","robots":{"index":"index","follow":"follow","max-snippet":"max-snippet:-1","max-image-preview":"max-image-preview:large","max-video-preview":"max-video-preview:-1"},"canonical":"https:\/\/gymfactory.eu\/lt\/produktas\/w8-kabeliu-rankenos\/","og_locale":"lt_LT","og_type":"article","og_title":"W8 kabelio rankena universaliam sporto \u012frangos naudojimui","og_description":"W8 kabelio rankena yra patogi, ilgaam\u017e\u0117 ir lengvai tvirtinama - idealiai tinka \u012fvairiems pratimams su vis\u0173 tip\u0173 treniruokliais, naudojamais vis\u0173 tip\u0173 treniruokliais.","og_url":"https:\/\/gymfactory.eu\/lt\/produktas\/w8-kabeliu-rankenos\/","og_site_name":"Gym Factory","article_modified_time":"2025-12-08T12:18:52+00:00","og_image":[{"width":1500,"height":1500,"url":"https:\/\/gymfactory.eu\/wp-content\/uploads\/2025\/04\/W8-Handle-Attachment-Full-View-2.webp","type":"image\/webp"}],"twitter_card":"summary_large_image","twitter_misc":{"Est. reading time":"1 minut\u0117"},"schema":{"@context":"https:\/\/schema.org","@graph":[{"@type":"WebPage","@id":"https:\/\/gymfactory.eu\/lt\/produktas\/w8-kabeliu-rankenos\/","url":"https:\/\/gymfactory.eu\/lt\/produktas\/w8-kabeliu-rankenos\/","name":"W8 kabelio rankena universaliam sporto \u012frangos naudojimui","isPartOf":{"@id":"https:\/\/gymfactory.eu\/lt\/#website"},"primaryImageOfPage":{"@id":"https:\/\/gymfactory.eu\/lt\/produktas\/w8-kabeliu-rankenos\/#primaryimage"},"image":{"@id":"https:\/\/gymfactory.eu\/lt\/produktas\/w8-kabeliu-rankenos\/#primaryimage"},"thumbnailUrl":"https:\/\/gymfactory.eu\/wp-content\/uploads\/2025\/04\/W8-Handle-Attachment-Full-View-2.webp","datePublished":"2025-04-30T10:23:36+00:00","dateModified":"2025-12-08T12:18:52+00:00","description":"W8 kabelio rankena yra patogi, ilgaam\u017e\u0117 ir lengvai tvirtinama - idealiai tinka \u012fvairiems pratimams su vis\u0173 tip\u0173 treniruokliais, naudojamais vis\u0173 tip\u0173 treniruokliais.","breadcrumb":{"@id":"https:\/\/gymfactory.eu\/lt\/produktas\/w8-kabeliu-rankenos\/#breadcrumb"},"inLanguage":"lt-LT","potentialAction":[{"@type":"ReadAction","target":["https:\/\/gymfactory.eu\/lt\/produktas\/w8-kabeliu-rankenos\/"]}]},{"@type":"ImageObject","inLanguage":"lt-LT","@id":"https:\/\/gymfactory.eu\/lt\/produktas\/w8-kabeliu-rankenos\/#primaryimage","url":"https:\/\/gymfactory.eu\/wp-content\/uploads\/2025\/04\/W8-Handle-Attachment-Full-View-2.webp","contentUrl":"https:\/\/gymfactory.eu\/wp-content\/uploads\/2025\/04\/W8-Handle-Attachment-Full-View-2.webp","width":1500,"height":1500,"caption":"Black W8 Handle Attachment with foam grip and durable strap, featuring a metal D-ring for connecting to gym equipment and cable machines."},{"@type":"BreadcrumbList","@id":"https:\/\/gymfactory.eu\/lt\/produktas\/w8-kabeliu-rankenos\/#breadcrumb","itemListElement":[{"@type":"ListItem","position":1,"name":"Pagrindinis","item":"https:\/\/gymfactory.eu\/lt\/"},{"@type":"ListItem","position":2,"name":"Katalogas","item":"https:\/\/gymfactory.eu\/lt\/katalogas\/"},{"@type":"ListItem","position":3,"name":"W8 Pastiprinta ranken\u0117l\u0117"}]},{"@type":"WebSite","@id":"https:\/\/gymfactory.eu\/lt\/#website","url":"https:\/\/gymfactory.eu\/lt\/","name":"Gym Factory","description":"","publisher":{"@id":"https:\/\/gymfactory.eu\/lt\/#organization"},"potentialAction":[{"@type":"SearchAction","target":{"@type":"EntryPoint","urlTemplate":"https:\/\/gymfactory.eu\/lt\/?s={search_term_string}"},"query-input":{"@type":"PropertyValueSpecification","valueRequired":true,"valueName":"search_term_string"}}],"inLanguage":"lt-LT"},{"@type":"Organization","@id":"https:\/\/gymfactory.eu\/lt\/#organization","name":"Sporto sal\u0117s gamykla","url":"https:\/\/gymfactory.eu\/lt\/","logo":{"@type":"ImageObject","inLanguage":"lt-LT","@id":"https:\/\/gymfactory.eu\/lt\/#\/schema\/logo\/image\/","url":"https:\/\/gymfactory.eu\/wp-content\/uploads\/2024\/11\/Component-1.svg","contentUrl":"https:\/\/gymfactory.eu\/wp-content\/uploads\/2024\/11\/Component-1.svg","width":54,"height":44,"caption":"Sporto sal\u0117s gamykla"},"image":{"@id":"https:\/\/gymfactory.eu\/lt\/#\/schema\/logo\/image\/"}}]}},"_links":{"self":[{"href":"https:\/\/gymfactory.eu\/lt\/wp-json\/wp\/v2\/product\/9535","targetHints":{"allow":["GET"]}}],"collection":[{"href":"https:\/\/gymfactory.eu\/lt\/wp-json\/wp\/v2\/product"}],"about":[{"href":"https:\/\/gymfactory.eu\/lt\/wp-json\/wp\/v2\/types\/product"}],"wp:featuredmedia":[{"embeddable":true,"href":"https:\/\/gymfactory.eu\/lt\/wp-json\/wp\/v2\/media\/13232"}],"wp:attachment":[{"href":"https:\/\/gymfactory.eu\/lt\/wp-json\/wp\/v2\/media?parent=9535"}],"wp:term":[{"taxonomy":"product_brand","embeddable":true,"href":"https:\/\/gymfactory.eu\/lt\/wp-json\/wp\/v2\/product_brand?post=9535"},{"taxonomy":"product_cat","embeddable":true,"href":"https:\/\/gymfactory.eu\/lt\/wp-json\/wp\/v2\/product_cat?post=9535"},{"taxonomy":"product_tag","embeddable":true,"href":"https:\/\/gymfactory.eu\/lt\/wp-json\/wp\/v2\/product_tag?post=9535"}],"curies":[{"name":"wp","href":"https:\/\/api.w.org\/{rel}","templated":true}]}}