{"id":9532,"date":"2025-04-30T12:29:18","date_gmt":"2025-04-30T09:29:18","guid":{"rendered":"https:\/\/gymfactory.eu\/product\/hdp1-plastikine-montavimo-juostele\/"},"modified":"2025-09-10T14:38:26","modified_gmt":"2025-09-10T11:38:26","slug":"hdp1-plastikine-montavimo-juostele","status":"publish","type":"product","link":"https:\/\/gymfactory.eu\/lt\/produktas\/hdp1-plastikine-montavimo-juostele\/","title":{"rendered":"HDP1 Speciali, atspari trin\u010diai plastikin\u0117 tvirtinimo juosta"},"content":{"rendered":"<p>HDP1 speciali, atspari trin\u010diai plastikin\u0117 tvirtinimo juosta \u2013 10 mm storio plastikin\u0117 detal\u0117, naudojama \u012fvairiose sporto \u012frangos vietose montavimo ar sutvirtinimo funkcijoms atlikti. Galimos dvi plo\u010dio versijos \u2013 40 mm ir 70 mm. Pagaminta i\u0161 patvaraus, atsparaus aplinkos poveikiui plastiko, su i\u0161 anksto i\u0161gr\u0119\u017etomis skyl\u0117mis patogiam montavimui. Da\u017eniausiai naudojama Z17S apsauginiuose laikikliuose kaip vir\u0161utinis pavir\u0161ius, ant kurio dedama \u0161tanga, ta\u010diau tinkama ir kitoms \u012frangos dalims, kur reikalingas apsauginis arba konstrukcinis elementas.<\/p>\n\n    <div class=\"xs_social_share_widget xs_share_url after_content \t\tmain_content  wslu-style-1 wslu-share-box-shaped wslu-fill-colored wslu-none wslu-share-horizontal wslu-theme-font-no wslu-main_content\">\n\n\t\t\n        <ul>\n\t\t\t        <\/ul>\n    <\/div> \n","protected":false},"excerpt":{"rendered":"<p>HDP1 speciali, atspari trin\u010diai plastikin\u0117 tvirtinimo juosta \u2013 10 mm storio plastikin\u0117 detal\u0117, naudojama \u012fvairiose sporto \u012frangos vietose montavimo ar sutvirtinimo funkcijoms atlikti. Galimos dvi plo\u010dio versijos \u2013 40 mm ir 70 mm. Pagaminta i\u0161 patvaraus, atsparaus aplinkos poveikiui plastiko, su i\u0161 anksto i\u0161gr\u0119\u017etomis skyl\u0117mis patogiam montavimui. Da\u017eniausiai naudojama Z17S apsauginiuose laikikliuose kaip vir\u0161utinis pavir\u0161ius, [&hellip;]<\/p>\n","protected":false},"featured_media":9038,"template":"","meta":{"_acf_changed":false},"product_brand":[56],"product_cat":[392],"product_tag":[393],"class_list":{"0":"post-9532","1":"product","2":"type-product","3":"status-publish","4":"has-post-thumbnail","6":"product_brand-gym-factory","7":"product_cat-atsargines-dalys","8":"product_tag-spalva-nera-spalvu","10":"first","11":"instock","12":"taxable","13":"shipping-taxable","14":"purchasable","15":"product-type-variable","16":"has-default-attributes"},"acf":[],"yoast_head":"<!-- This site is optimized with the Yoast SEO plugin v25.2 - https:\/\/yoast.com\/wordpress\/plugins\/seo\/ -->\n<title>HDP1 Plastikin\u0117 montavimo juostel\u0117 sporto sal\u0117s \u012frangai<\/title>\n<meta name=\"description\" content=\"Patvari ir lengvai montuojama HDP1 plastikin\u0117 tvirtinimo juosta, skirta sporto sal\u0117s \u012frangai \u012frengti arba konstrukcijoms sutvirtinti. Kompakti\u0161kas, lengvas ir atsparus korozijai.\" \/>\n<meta name=\"robots\" content=\"index, follow, max-snippet:-1, max-image-preview:large, max-video-preview:-1\" \/>\n<link rel=\"canonical\" href=\"https:\/\/gymfactory.eu\/lt\/produktas\/hdp1-plastikine-montavimo-juostele\/\" \/>\n<meta property=\"og:locale\" content=\"lt_LT\" \/>\n<meta property=\"og:type\" content=\"article\" \/>\n<meta property=\"og:title\" content=\"HDP1 Plastikin\u0117 montavimo juostel\u0117 sporto sal\u0117s \u012frangai\" \/>\n<meta property=\"og:description\" content=\"Patvari ir lengvai montuojama HDP1 plastikin\u0117 tvirtinimo juosta, skirta sporto sal\u0117s \u012frangai \u012frengti arba konstrukcijoms sutvirtinti. Kompakti\u0161kas, lengvas ir atsparus korozijai.\" \/>\n<meta property=\"og:url\" content=\"https:\/\/gymfactory.eu\/lt\/produktas\/hdp1-plastikine-montavimo-juostele\/\" \/>\n<meta property=\"og:site_name\" content=\"Gym Factory\" \/>\n<meta property=\"article:modified_time\" content=\"2025-09-10T11:38:26+00:00\" \/>\n<meta property=\"og:image\" content=\"https:\/\/gymfactory.eu\/wp-content\/uploads\/2025\/04\/HDP1-Plastic-Mounting-Strip.webp\" \/>\n\t<meta property=\"og:image:width\" content=\"600\" \/>\n\t<meta property=\"og:image:height\" content=\"600\" \/>\n\t<meta property=\"og:image:type\" content=\"image\/webp\" \/>\n<meta name=\"twitter:card\" content=\"summary_large_image\" \/>\n<meta name=\"twitter:label1\" content=\"Est. reading time\" \/>\n\t<meta name=\"twitter:data1\" content=\"1 minut\u0117\" \/>\n<script type=\"application\/ld+json\" class=\"yoast-schema-graph\">{\"@context\":\"https:\/\/schema.org\",\"@graph\":[{\"@type\":\"WebPage\",\"@id\":\"https:\/\/gymfactory.eu\/lt\/produktas\/hdp1-plastikine-montavimo-juostele\/\",\"url\":\"https:\/\/gymfactory.eu\/lt\/produktas\/hdp1-plastikine-montavimo-juostele\/\",\"name\":\"HDP1 Plastikin\u0117 montavimo juostel\u0117 sporto sal\u0117s \u012frangai\",\"isPartOf\":{\"@id\":\"https:\/\/gymfactory.eu\/lt\/#website\"},\"primaryImageOfPage\":{\"@id\":\"https:\/\/gymfactory.eu\/lt\/produktas\/hdp1-plastikine-montavimo-juostele\/#primaryimage\"},\"image\":{\"@id\":\"https:\/\/gymfactory.eu\/lt\/produktas\/hdp1-plastikine-montavimo-juostele\/#primaryimage\"},\"thumbnailUrl\":\"https:\/\/gymfactory.eu\/wp-content\/uploads\/2025\/04\/HDP1-Plastic-Mounting-Strip.webp\",\"datePublished\":\"2025-04-30T09:29:18+00:00\",\"dateModified\":\"2025-09-10T11:38:26+00:00\",\"description\":\"Patvari ir lengvai montuojama HDP1 plastikin\u0117 tvirtinimo juosta, skirta sporto sal\u0117s \u012frangai \u012frengti arba konstrukcijoms sutvirtinti. Kompakti\u0161kas, lengvas ir atsparus korozijai.\",\"breadcrumb\":{\"@id\":\"https:\/\/gymfactory.eu\/lt\/produktas\/hdp1-plastikine-montavimo-juostele\/#breadcrumb\"},\"inLanguage\":\"lt-LT\",\"potentialAction\":[{\"@type\":\"ReadAction\",\"target\":[\"https:\/\/gymfactory.eu\/lt\/produktas\/hdp1-plastikine-montavimo-juostele\/\"]}]},{\"@type\":\"ImageObject\",\"inLanguage\":\"lt-LT\",\"@id\":\"https:\/\/gymfactory.eu\/lt\/produktas\/hdp1-plastikine-montavimo-juostele\/#primaryimage\",\"url\":\"https:\/\/gymfactory.eu\/wp-content\/uploads\/2025\/04\/HDP1-Plastic-Mounting-Strip.webp\",\"contentUrl\":\"https:\/\/gymfactory.eu\/wp-content\/uploads\/2025\/04\/HDP1-Plastic-Mounting-Strip.webp\",\"width\":600,\"height\":600,\"caption\":\"Juoda HDP1 plastikin\u0117 montavimo juosta su trimis montavimo skyl\u0117mis, 58 cm x 4 cm dyd\u017eio, naudojama sporto sal\u0117s \u012frangai arba konstrukcinei atramai.\"},{\"@type\":\"BreadcrumbList\",\"@id\":\"https:\/\/gymfactory.eu\/lt\/produktas\/hdp1-plastikine-montavimo-juostele\/#breadcrumb\",\"itemListElement\":[{\"@type\":\"ListItem\",\"position\":1,\"name\":\"Pagrindinis\",\"item\":\"https:\/\/gymfactory.eu\/lt\/\"},{\"@type\":\"ListItem\",\"position\":2,\"name\":\"Katalogas\",\"item\":\"https:\/\/gymfactory.eu\/lt\/katalogas\/\"},{\"@type\":\"ListItem\",\"position\":3,\"name\":\"HDP1 Speciali, atspari trin\u010diai plastikin\u0117 tvirtinimo juosta\"}]},{\"@type\":\"WebSite\",\"@id\":\"https:\/\/gymfactory.eu\/lt\/#website\",\"url\":\"https:\/\/gymfactory.eu\/lt\/\",\"name\":\"Gym Factory\",\"description\":\"\",\"publisher\":{\"@id\":\"https:\/\/gymfactory.eu\/lt\/#organization\"},\"potentialAction\":[{\"@type\":\"SearchAction\",\"target\":{\"@type\":\"EntryPoint\",\"urlTemplate\":\"https:\/\/gymfactory.eu\/lt\/?s={search_term_string}\"},\"query-input\":{\"@type\":\"PropertyValueSpecification\",\"valueRequired\":true,\"valueName\":\"search_term_string\"}}],\"inLanguage\":\"lt-LT\"},{\"@type\":\"Organization\",\"@id\":\"https:\/\/gymfactory.eu\/lt\/#organization\",\"name\":\"Sporto sal\u0117s gamykla\",\"url\":\"https:\/\/gymfactory.eu\/lt\/\",\"logo\":{\"@type\":\"ImageObject\",\"inLanguage\":\"lt-LT\",\"@id\":\"https:\/\/gymfactory.eu\/lt\/#\/schema\/logo\/image\/\",\"url\":\"https:\/\/gymfactory.eu\/wp-content\/uploads\/2024\/11\/Component-1.svg\",\"contentUrl\":\"https:\/\/gymfactory.eu\/wp-content\/uploads\/2024\/11\/Component-1.svg\",\"width\":54,\"height\":44,\"caption\":\"Sporto sal\u0117s gamykla\"},\"image\":{\"@id\":\"https:\/\/gymfactory.eu\/lt\/#\/schema\/logo\/image\/\"}}]}<\/script>\n<!-- \/ Yoast SEO plugin. -->","yoast_head_json":{"title":"HDP1 Plastikin\u0117 montavimo juostel\u0117 sporto sal\u0117s \u012frangai","description":"Patvari ir lengvai montuojama HDP1 plastikin\u0117 tvirtinimo juosta, skirta sporto sal\u0117s \u012frangai \u012frengti arba konstrukcijoms sutvirtinti. Kompakti\u0161kas, lengvas ir atsparus korozijai.","robots":{"index":"index","follow":"follow","max-snippet":"max-snippet:-1","max-image-preview":"max-image-preview:large","max-video-preview":"max-video-preview:-1"},"canonical":"https:\/\/gymfactory.eu\/lt\/produktas\/hdp1-plastikine-montavimo-juostele\/","og_locale":"lt_LT","og_type":"article","og_title":"HDP1 Plastikin\u0117 montavimo juostel\u0117 sporto sal\u0117s \u012frangai","og_description":"Patvari ir lengvai montuojama HDP1 plastikin\u0117 tvirtinimo juosta, skirta sporto sal\u0117s \u012frangai \u012frengti arba konstrukcijoms sutvirtinti. Kompakti\u0161kas, lengvas ir atsparus korozijai.","og_url":"https:\/\/gymfactory.eu\/lt\/produktas\/hdp1-plastikine-montavimo-juostele\/","og_site_name":"Gym Factory","article_modified_time":"2025-09-10T11:38:26+00:00","og_image":[{"width":600,"height":600,"url":"https:\/\/gymfactory.eu\/wp-content\/uploads\/2025\/04\/HDP1-Plastic-Mounting-Strip.webp","type":"image\/webp"}],"twitter_card":"summary_large_image","twitter_misc":{"Est. reading time":"1 minut\u0117"},"schema":{"@context":"https:\/\/schema.org","@graph":[{"@type":"WebPage","@id":"https:\/\/gymfactory.eu\/lt\/produktas\/hdp1-plastikine-montavimo-juostele\/","url":"https:\/\/gymfactory.eu\/lt\/produktas\/hdp1-plastikine-montavimo-juostele\/","name":"HDP1 Plastikin\u0117 montavimo juostel\u0117 sporto sal\u0117s \u012frangai","isPartOf":{"@id":"https:\/\/gymfactory.eu\/lt\/#website"},"primaryImageOfPage":{"@id":"https:\/\/gymfactory.eu\/lt\/produktas\/hdp1-plastikine-montavimo-juostele\/#primaryimage"},"image":{"@id":"https:\/\/gymfactory.eu\/lt\/produktas\/hdp1-plastikine-montavimo-juostele\/#primaryimage"},"thumbnailUrl":"https:\/\/gymfactory.eu\/wp-content\/uploads\/2025\/04\/HDP1-Plastic-Mounting-Strip.webp","datePublished":"2025-04-30T09:29:18+00:00","dateModified":"2025-09-10T11:38:26+00:00","description":"Patvari ir lengvai montuojama HDP1 plastikin\u0117 tvirtinimo juosta, skirta sporto sal\u0117s \u012frangai \u012frengti arba konstrukcijoms sutvirtinti. Kompakti\u0161kas, lengvas ir atsparus korozijai.","breadcrumb":{"@id":"https:\/\/gymfactory.eu\/lt\/produktas\/hdp1-plastikine-montavimo-juostele\/#breadcrumb"},"inLanguage":"lt-LT","potentialAction":[{"@type":"ReadAction","target":["https:\/\/gymfactory.eu\/lt\/produktas\/hdp1-plastikine-montavimo-juostele\/"]}]},{"@type":"ImageObject","inLanguage":"lt-LT","@id":"https:\/\/gymfactory.eu\/lt\/produktas\/hdp1-plastikine-montavimo-juostele\/#primaryimage","url":"https:\/\/gymfactory.eu\/wp-content\/uploads\/2025\/04\/HDP1-Plastic-Mounting-Strip.webp","contentUrl":"https:\/\/gymfactory.eu\/wp-content\/uploads\/2025\/04\/HDP1-Plastic-Mounting-Strip.webp","width":600,"height":600,"caption":"Juoda HDP1 plastikin\u0117 montavimo juosta su trimis montavimo skyl\u0117mis, 58 cm x 4 cm dyd\u017eio, naudojama sporto sal\u0117s \u012frangai arba konstrukcinei atramai."},{"@type":"BreadcrumbList","@id":"https:\/\/gymfactory.eu\/lt\/produktas\/hdp1-plastikine-montavimo-juostele\/#breadcrumb","itemListElement":[{"@type":"ListItem","position":1,"name":"Pagrindinis","item":"https:\/\/gymfactory.eu\/lt\/"},{"@type":"ListItem","position":2,"name":"Katalogas","item":"https:\/\/gymfactory.eu\/lt\/katalogas\/"},{"@type":"ListItem","position":3,"name":"HDP1 Speciali, atspari trin\u010diai plastikin\u0117 tvirtinimo juosta"}]},{"@type":"WebSite","@id":"https:\/\/gymfactory.eu\/lt\/#website","url":"https:\/\/gymfactory.eu\/lt\/","name":"Gym Factory","description":"","publisher":{"@id":"https:\/\/gymfactory.eu\/lt\/#organization"},"potentialAction":[{"@type":"SearchAction","target":{"@type":"EntryPoint","urlTemplate":"https:\/\/gymfactory.eu\/lt\/?s={search_term_string}"},"query-input":{"@type":"PropertyValueSpecification","valueRequired":true,"valueName":"search_term_string"}}],"inLanguage":"lt-LT"},{"@type":"Organization","@id":"https:\/\/gymfactory.eu\/lt\/#organization","name":"Sporto sal\u0117s gamykla","url":"https:\/\/gymfactory.eu\/lt\/","logo":{"@type":"ImageObject","inLanguage":"lt-LT","@id":"https:\/\/gymfactory.eu\/lt\/#\/schema\/logo\/image\/","url":"https:\/\/gymfactory.eu\/wp-content\/uploads\/2024\/11\/Component-1.svg","contentUrl":"https:\/\/gymfactory.eu\/wp-content\/uploads\/2024\/11\/Component-1.svg","width":54,"height":44,"caption":"Sporto sal\u0117s gamykla"},"image":{"@id":"https:\/\/gymfactory.eu\/lt\/#\/schema\/logo\/image\/"}}]}},"_links":{"self":[{"href":"https:\/\/gymfactory.eu\/lt\/wp-json\/wp\/v2\/product\/9532","targetHints":{"allow":["GET"]}}],"collection":[{"href":"https:\/\/gymfactory.eu\/lt\/wp-json\/wp\/v2\/product"}],"about":[{"href":"https:\/\/gymfactory.eu\/lt\/wp-json\/wp\/v2\/types\/product"}],"wp:featuredmedia":[{"embeddable":true,"href":"https:\/\/gymfactory.eu\/lt\/wp-json\/wp\/v2\/media\/9038"}],"wp:attachment":[{"href":"https:\/\/gymfactory.eu\/lt\/wp-json\/wp\/v2\/media?parent=9532"}],"wp:term":[{"taxonomy":"product_brand","embeddable":true,"href":"https:\/\/gymfactory.eu\/lt\/wp-json\/wp\/v2\/product_brand?post=9532"},{"taxonomy":"product_cat","embeddable":true,"href":"https:\/\/gymfactory.eu\/lt\/wp-json\/wp\/v2\/product_cat?post=9532"},{"taxonomy":"product_tag","embeddable":true,"href":"https:\/\/gymfactory.eu\/lt\/wp-json\/wp\/v2\/product_tag?post=9532"}],"curies":[{"name":"wp","href":"https:\/\/api.w.org\/{rel}","templated":true}]}}