{"id":9531,"date":"2025-05-02T16:26:42","date_gmt":"2025-05-02T13:26:42","guid":{"rendered":"https:\/\/gymfactory.eu\/product\/y1xx-bokso-smugiavimo-masina\/"},"modified":"2025-12-08T15:10:49","modified_gmt":"2025-12-08T13:10:49","slug":"y1xx-bokso-smugiavimo-masina","status":"publish","type":"product","link":"https:\/\/gymfactory.eu\/lt\/produktas\/y1xx-bokso-smugiavimo-masina\/","title":{"rendered":"Y1XX Bokso sm\u016bgiavimo treniruoklis"},"content":{"rendered":"<p>Y1XX bokso sm\u016bgiavimo treniruoklis \u2013 treniruo\u010di\u0173 \u012franga, skirta sm\u016bgi\u0173 tikslumui, koordinacijai ir reakcijos laikui lavinti. Plieninis r\u0117mas su keliomis mink\u0161tomis taikinio zonomis, i\u0161d\u0117stytomis skirtingais kampais, leid\u017eia atlikti \u012fvairius bokso sm\u016bgiavimo pratimus.<\/p>\n<p>\u0160is treniruoklis pritaikytas sm\u016bgi\u0173 kombinacijoms, reakcijos lavinimui ir jud\u0117jimo technikai treniruoti. Stabilios konstrukcijos \u012frenginys tinka bokso bei kovos men\u0173 treniruot\u0117ms tiek pradedantiesiems, tiek pa\u017eengusiems.<\/p>\n\n    <div class=\"xs_social_share_widget xs_share_url after_content \t\tmain_content  wslu-style-1 wslu-share-box-shaped wslu-fill-colored wslu-none wslu-share-horizontal wslu-theme-font-no wslu-main_content\">\n\n\t\t\n        <ul>\n\t\t\t        <\/ul>\n    <\/div> \n","protected":false},"excerpt":{"rendered":"<p>Y1XX bokso sm\u016bgiavimo treniruoklis \u2013 treniruo\u010di\u0173 \u012franga, skirta sm\u016bgi\u0173 tikslumui, koordinacijai ir reakcijos laikui lavinti. Plieninis r\u0117mas su keliomis mink\u0161tomis taikinio zonomis, i\u0161d\u0117stytomis skirtingais kampais, leid\u017eia atlikti \u012fvairius bokso sm\u016bgiavimo pratimus. \u0160is treniruoklis pritaikytas sm\u016bgi\u0173 kombinacijoms, reakcijos lavinimui ir jud\u0117jimo technikai treniruoti. Stabilios konstrukcijos \u012frenginys tinka bokso bei kovos men\u0173 treniruot\u0117ms tiek pradedantiesiems, tiek pa\u017eengusiems.<\/p>\n","protected":false},"featured_media":9064,"template":"","meta":{"_acf_changed":false},"product_brand":[817],"product_cat":[407],"product_tag":[415],"class_list":{"0":"post-9531","1":"product","2":"type-product","3":"status-publish","4":"has-post-thumbnail","6":"product_brand-gym-factory-lt","7":"product_cat-kita-sporto-iranga","8":"product_tag-spalva-tik-metaline","10":"first","11":"onbackorder","12":"taxable","13":"shipping-taxable","14":"purchasable","15":"product-type-simple"},"acf":[],"yoast_head":"<!-- This site is optimized with the Yoast SEO plugin v25.2 - https:\/\/yoast.com\/wordpress\/plugins\/seo\/ -->\n<title>Y1XX bokso sm\u016bgiavimo ma\u0161ina - Sporto sal\u0117s \u012franga i\u0161 &quot;Gym Factory<\/title>\n<meta name=\"description\" content=\"Norite pagerinti sm\u016bgi\u0173 tikslum\u0105 ir greit\u012f? Y1XX bokso sm\u016bgiavimo treniruoklis yra galinga sporto \u012franga, skirta koordinacijai ir tikslumui u\u017etikrinti.\" \/>\n<meta name=\"robots\" content=\"index, follow, max-snippet:-1, max-image-preview:large, max-video-preview:-1\" \/>\n<link rel=\"canonical\" href=\"https:\/\/gymfactory.eu\/lt\/produktas\/y1xx-bokso-smugiavimo-masina\/\" \/>\n<meta property=\"og:locale\" content=\"lt_LT\" \/>\n<meta property=\"og:type\" content=\"article\" \/>\n<meta property=\"og:title\" content=\"Y1XX bokso sm\u016bgiavimo ma\u0161ina - Sporto sal\u0117s \u012franga i\u0161 &quot;Gym Factory\" \/>\n<meta property=\"og:description\" content=\"Norite pagerinti sm\u016bgi\u0173 tikslum\u0105 ir greit\u012f? Y1XX bokso sm\u016bgiavimo treniruoklis yra galinga sporto \u012franga, skirta koordinacijai ir tikslumui u\u017etikrinti.\" \/>\n<meta property=\"og:url\" content=\"https:\/\/gymfactory.eu\/lt\/produktas\/y1xx-bokso-smugiavimo-masina\/\" \/>\n<meta property=\"og:site_name\" content=\"Gym Factory\" \/>\n<meta property=\"article:modified_time\" content=\"2025-12-08T13:10:49+00:00\" \/>\n<meta property=\"og:image\" content=\"https:\/\/gymfactory.eu\/wp-content\/uploads\/2025\/05\/Y1XX-Boxing-Punching-Machine.webp\" \/>\n\t<meta property=\"og:image:width\" content=\"1500\" \/>\n\t<meta property=\"og:image:height\" content=\"1500\" \/>\n\t<meta property=\"og:image:type\" content=\"image\/webp\" \/>\n<meta name=\"twitter:card\" content=\"summary_large_image\" \/>\n<meta name=\"twitter:label1\" content=\"Est. reading time\" \/>\n\t<meta name=\"twitter:data1\" content=\"1 minut\u0117\" \/>\n<script type=\"application\/ld+json\" class=\"yoast-schema-graph\">{\"@context\":\"https:\/\/schema.org\",\"@graph\":[{\"@type\":\"WebPage\",\"@id\":\"https:\/\/gymfactory.eu\/lt\/produktas\/y1xx-bokso-smugiavimo-masina\/\",\"url\":\"https:\/\/gymfactory.eu\/lt\/produktas\/y1xx-bokso-smugiavimo-masina\/\",\"name\":\"Y1XX bokso sm\u016bgiavimo ma\u0161ina - Sporto sal\u0117s \u012franga i\u0161 \\\"Gym Factory\",\"isPartOf\":{\"@id\":\"https:\/\/gymfactory.eu\/lt\/#website\"},\"primaryImageOfPage\":{\"@id\":\"https:\/\/gymfactory.eu\/lt\/produktas\/y1xx-bokso-smugiavimo-masina\/#primaryimage\"},\"image\":{\"@id\":\"https:\/\/gymfactory.eu\/lt\/produktas\/y1xx-bokso-smugiavimo-masina\/#primaryimage\"},\"thumbnailUrl\":\"https:\/\/gymfactory.eu\/wp-content\/uploads\/2025\/05\/Y1XX-Boxing-Punching-Machine.webp\",\"datePublished\":\"2025-05-02T13:26:42+00:00\",\"dateModified\":\"2025-12-08T13:10:49+00:00\",\"description\":\"Norite pagerinti sm\u016bgi\u0173 tikslum\u0105 ir greit\u012f? Y1XX bokso sm\u016bgiavimo treniruoklis yra galinga sporto \u012franga, skirta koordinacijai ir tikslumui u\u017etikrinti.\",\"breadcrumb\":{\"@id\":\"https:\/\/gymfactory.eu\/lt\/produktas\/y1xx-bokso-smugiavimo-masina\/#breadcrumb\"},\"inLanguage\":\"lt-LT\",\"potentialAction\":[{\"@type\":\"ReadAction\",\"target\":[\"https:\/\/gymfactory.eu\/lt\/produktas\/y1xx-bokso-smugiavimo-masina\/\"]}]},{\"@type\":\"ImageObject\",\"inLanguage\":\"lt-LT\",\"@id\":\"https:\/\/gymfactory.eu\/lt\/produktas\/y1xx-bokso-smugiavimo-masina\/#primaryimage\",\"url\":\"https:\/\/gymfactory.eu\/wp-content\/uploads\/2025\/05\/Y1XX-Boxing-Punching-Machine.webp\",\"contentUrl\":\"https:\/\/gymfactory.eu\/wp-content\/uploads\/2025\/05\/Y1XX-Boxing-Punching-Machine.webp\",\"width\":1500,\"height\":1500,\"caption\":\"Y1XX bokso sm\u016bgiavimo treniruoklis su keliais pamink\u0161tintais sm\u016bgi\u0173 taikiniais, plieniniu r\u0117mu ir milteliniu b\u016bdu dengta apdaila, skirtas tiksliam bokso ir treniruokli\u0173 sal\u0117s \u012frangos naudojimui.\"},{\"@type\":\"BreadcrumbList\",\"@id\":\"https:\/\/gymfactory.eu\/lt\/produktas\/y1xx-bokso-smugiavimo-masina\/#breadcrumb\",\"itemListElement\":[{\"@type\":\"ListItem\",\"position\":1,\"name\":\"Pagrindinis\",\"item\":\"https:\/\/gymfactory.eu\/lt\/\"},{\"@type\":\"ListItem\",\"position\":2,\"name\":\"Katalogas\",\"item\":\"https:\/\/gymfactory.eu\/lt\/katalogas\/\"},{\"@type\":\"ListItem\",\"position\":3,\"name\":\"Y1XX Bokso sm\u016bgiavimo treniruoklis\"}]},{\"@type\":\"WebSite\",\"@id\":\"https:\/\/gymfactory.eu\/lt\/#website\",\"url\":\"https:\/\/gymfactory.eu\/lt\/\",\"name\":\"Gym Factory\",\"description\":\"\",\"publisher\":{\"@id\":\"https:\/\/gymfactory.eu\/lt\/#organization\"},\"potentialAction\":[{\"@type\":\"SearchAction\",\"target\":{\"@type\":\"EntryPoint\",\"urlTemplate\":\"https:\/\/gymfactory.eu\/lt\/?s={search_term_string}\"},\"query-input\":{\"@type\":\"PropertyValueSpecification\",\"valueRequired\":true,\"valueName\":\"search_term_string\"}}],\"inLanguage\":\"lt-LT\"},{\"@type\":\"Organization\",\"@id\":\"https:\/\/gymfactory.eu\/lt\/#organization\",\"name\":\"Sporto sal\u0117s gamykla\",\"url\":\"https:\/\/gymfactory.eu\/lt\/\",\"logo\":{\"@type\":\"ImageObject\",\"inLanguage\":\"lt-LT\",\"@id\":\"https:\/\/gymfactory.eu\/lt\/#\/schema\/logo\/image\/\",\"url\":\"https:\/\/gymfactory.eu\/wp-content\/uploads\/2024\/11\/Component-1.svg\",\"contentUrl\":\"https:\/\/gymfactory.eu\/wp-content\/uploads\/2024\/11\/Component-1.svg\",\"width\":54,\"height\":44,\"caption\":\"Sporto sal\u0117s gamykla\"},\"image\":{\"@id\":\"https:\/\/gymfactory.eu\/lt\/#\/schema\/logo\/image\/\"}}]}<\/script>\n<!-- \/ Yoast SEO plugin. -->","yoast_head_json":{"title":"Y1XX bokso sm\u016bgiavimo ma\u0161ina - Sporto sal\u0117s \u012franga i\u0161 \"Gym Factory","description":"Norite pagerinti sm\u016bgi\u0173 tikslum\u0105 ir greit\u012f? Y1XX bokso sm\u016bgiavimo treniruoklis yra galinga sporto \u012franga, skirta koordinacijai ir tikslumui u\u017etikrinti.","robots":{"index":"index","follow":"follow","max-snippet":"max-snippet:-1","max-image-preview":"max-image-preview:large","max-video-preview":"max-video-preview:-1"},"canonical":"https:\/\/gymfactory.eu\/lt\/produktas\/y1xx-bokso-smugiavimo-masina\/","og_locale":"lt_LT","og_type":"article","og_title":"Y1XX bokso sm\u016bgiavimo ma\u0161ina - Sporto sal\u0117s \u012franga i\u0161 \"Gym Factory","og_description":"Norite pagerinti sm\u016bgi\u0173 tikslum\u0105 ir greit\u012f? Y1XX bokso sm\u016bgiavimo treniruoklis yra galinga sporto \u012franga, skirta koordinacijai ir tikslumui u\u017etikrinti.","og_url":"https:\/\/gymfactory.eu\/lt\/produktas\/y1xx-bokso-smugiavimo-masina\/","og_site_name":"Gym Factory","article_modified_time":"2025-12-08T13:10:49+00:00","og_image":[{"width":1500,"height":1500,"url":"https:\/\/gymfactory.eu\/wp-content\/uploads\/2025\/05\/Y1XX-Boxing-Punching-Machine.webp","type":"image\/webp"}],"twitter_card":"summary_large_image","twitter_misc":{"Est. reading time":"1 minut\u0117"},"schema":{"@context":"https:\/\/schema.org","@graph":[{"@type":"WebPage","@id":"https:\/\/gymfactory.eu\/lt\/produktas\/y1xx-bokso-smugiavimo-masina\/","url":"https:\/\/gymfactory.eu\/lt\/produktas\/y1xx-bokso-smugiavimo-masina\/","name":"Y1XX bokso sm\u016bgiavimo ma\u0161ina - Sporto sal\u0117s \u012franga i\u0161 \"Gym Factory","isPartOf":{"@id":"https:\/\/gymfactory.eu\/lt\/#website"},"primaryImageOfPage":{"@id":"https:\/\/gymfactory.eu\/lt\/produktas\/y1xx-bokso-smugiavimo-masina\/#primaryimage"},"image":{"@id":"https:\/\/gymfactory.eu\/lt\/produktas\/y1xx-bokso-smugiavimo-masina\/#primaryimage"},"thumbnailUrl":"https:\/\/gymfactory.eu\/wp-content\/uploads\/2025\/05\/Y1XX-Boxing-Punching-Machine.webp","datePublished":"2025-05-02T13:26:42+00:00","dateModified":"2025-12-08T13:10:49+00:00","description":"Norite pagerinti sm\u016bgi\u0173 tikslum\u0105 ir greit\u012f? Y1XX bokso sm\u016bgiavimo treniruoklis yra galinga sporto \u012franga, skirta koordinacijai ir tikslumui u\u017etikrinti.","breadcrumb":{"@id":"https:\/\/gymfactory.eu\/lt\/produktas\/y1xx-bokso-smugiavimo-masina\/#breadcrumb"},"inLanguage":"lt-LT","potentialAction":[{"@type":"ReadAction","target":["https:\/\/gymfactory.eu\/lt\/produktas\/y1xx-bokso-smugiavimo-masina\/"]}]},{"@type":"ImageObject","inLanguage":"lt-LT","@id":"https:\/\/gymfactory.eu\/lt\/produktas\/y1xx-bokso-smugiavimo-masina\/#primaryimage","url":"https:\/\/gymfactory.eu\/wp-content\/uploads\/2025\/05\/Y1XX-Boxing-Punching-Machine.webp","contentUrl":"https:\/\/gymfactory.eu\/wp-content\/uploads\/2025\/05\/Y1XX-Boxing-Punching-Machine.webp","width":1500,"height":1500,"caption":"Y1XX bokso sm\u016bgiavimo treniruoklis su keliais pamink\u0161tintais sm\u016bgi\u0173 taikiniais, plieniniu r\u0117mu ir milteliniu b\u016bdu dengta apdaila, skirtas tiksliam bokso ir treniruokli\u0173 sal\u0117s \u012frangos naudojimui."},{"@type":"BreadcrumbList","@id":"https:\/\/gymfactory.eu\/lt\/produktas\/y1xx-bokso-smugiavimo-masina\/#breadcrumb","itemListElement":[{"@type":"ListItem","position":1,"name":"Pagrindinis","item":"https:\/\/gymfactory.eu\/lt\/"},{"@type":"ListItem","position":2,"name":"Katalogas","item":"https:\/\/gymfactory.eu\/lt\/katalogas\/"},{"@type":"ListItem","position":3,"name":"Y1XX Bokso sm\u016bgiavimo treniruoklis"}]},{"@type":"WebSite","@id":"https:\/\/gymfactory.eu\/lt\/#website","url":"https:\/\/gymfactory.eu\/lt\/","name":"Gym Factory","description":"","publisher":{"@id":"https:\/\/gymfactory.eu\/lt\/#organization"},"potentialAction":[{"@type":"SearchAction","target":{"@type":"EntryPoint","urlTemplate":"https:\/\/gymfactory.eu\/lt\/?s={search_term_string}"},"query-input":{"@type":"PropertyValueSpecification","valueRequired":true,"valueName":"search_term_string"}}],"inLanguage":"lt-LT"},{"@type":"Organization","@id":"https:\/\/gymfactory.eu\/lt\/#organization","name":"Sporto sal\u0117s gamykla","url":"https:\/\/gymfactory.eu\/lt\/","logo":{"@type":"ImageObject","inLanguage":"lt-LT","@id":"https:\/\/gymfactory.eu\/lt\/#\/schema\/logo\/image\/","url":"https:\/\/gymfactory.eu\/wp-content\/uploads\/2024\/11\/Component-1.svg","contentUrl":"https:\/\/gymfactory.eu\/wp-content\/uploads\/2024\/11\/Component-1.svg","width":54,"height":44,"caption":"Sporto sal\u0117s gamykla"},"image":{"@id":"https:\/\/gymfactory.eu\/lt\/#\/schema\/logo\/image\/"}}]}},"_links":{"self":[{"href":"https:\/\/gymfactory.eu\/lt\/wp-json\/wp\/v2\/product\/9531","targetHints":{"allow":["GET"]}}],"collection":[{"href":"https:\/\/gymfactory.eu\/lt\/wp-json\/wp\/v2\/product"}],"about":[{"href":"https:\/\/gymfactory.eu\/lt\/wp-json\/wp\/v2\/types\/product"}],"wp:featuredmedia":[{"embeddable":true,"href":"https:\/\/gymfactory.eu\/lt\/wp-json\/wp\/v2\/media\/9064"}],"wp:attachment":[{"href":"https:\/\/gymfactory.eu\/lt\/wp-json\/wp\/v2\/media?parent=9531"}],"wp:term":[{"taxonomy":"product_brand","embeddable":true,"href":"https:\/\/gymfactory.eu\/lt\/wp-json\/wp\/v2\/product_brand?post=9531"},{"taxonomy":"product_cat","embeddable":true,"href":"https:\/\/gymfactory.eu\/lt\/wp-json\/wp\/v2\/product_cat?post=9531"},{"taxonomy":"product_tag","embeddable":true,"href":"https:\/\/gymfactory.eu\/lt\/wp-json\/wp\/v2\/product_tag?post=9531"}],"curies":[{"name":"wp","href":"https:\/\/api.w.org\/{rel}","templated":true}]}}