{"id":9525,"date":"2025-04-30T14:44:50","date_gmt":"2025-04-30T11:44:50","guid":{"rendered":"https:\/\/gymfactory.eu\/product\/wp-1-svorio-kruvos-etiketes\/"},"modified":"2025-09-09T16:04:50","modified_gmt":"2025-09-09T13:04:50","slug":"wp-1-svorio-kruvos-etiketes","status":"publish","type":"product","link":"https:\/\/gymfactory.eu\/lt\/produktas\/wp-1-svorio-kruvos-etiketes\/","title":{"rendered":"WP-1 Svorio bloko lipdukai"},"content":{"rendered":"<p>WP-1 svori\u0173 bloko lipdukai \u2013 lipnios \u017eymos, skirtos treniruokli\u0173 svorio blokams \u017eym\u0117ti. Komplekt\u0105 sudaro i\u0161 anksto atspausdinti lipdukai su svorio \u017eym\u0117jimu nuo 5 kg iki 180 kg. Tinka treniruokliams su svorio blok\u0173 konfig\u016bracijomis 5\u201380 kg, 5\u2013100 kg, 5\u2013120 kg, 5\u2013150 kg ir 5\u2013180 kg. Lipdukai lengvai klijuojami ir pritaikyti ilgalaikiam naudojimui.<\/p>\n\n    <div class=\"xs_social_share_widget xs_share_url after_content \t\tmain_content  wslu-style-1 wslu-share-box-shaped wslu-fill-colored wslu-none wslu-share-horizontal wslu-theme-font-no wslu-main_content\">\n\n\t\t\n        <ul>\n\t\t\t        <\/ul>\n    <\/div> \n","protected":false},"excerpt":{"rendered":"<p>WP-1 svori\u0173 bloko lipdukai \u2013 lipnios \u017eymos, skirtos treniruokli\u0173 svorio blokams \u017eym\u0117ti. Komplekt\u0105 sudaro i\u0161 anksto atspausdinti lipdukai su svorio \u017eym\u0117jimu nuo 5 kg iki 180 kg. Tinka treniruokliams su svorio blok\u0173 konfig\u016bracijomis 5\u201380 kg, 5\u2013100 kg, 5\u2013120 kg, 5\u2013150 kg ir 5\u2013180 kg. Lipdukai lengvai klijuojami ir pritaikyti ilgalaikiam naudojimui.<\/p>\n","protected":false},"featured_media":9047,"template":"","meta":{"_acf_changed":false},"product_brand":[56],"product_cat":[392],"product_tag":[393],"class_list":{"0":"post-9525","1":"product","2":"type-product","3":"status-publish","4":"has-post-thumbnail","6":"product_brand-gym-factory","7":"product_cat-atsargines-dalys","8":"product_tag-spalva-nera-spalvu","10":"first","11":"instock","12":"taxable","13":"shipping-taxable","14":"purchasable","15":"product-type-variable","16":"has-default-attributes"},"acf":[],"yoast_head":"<!-- This site is optimized with the Yoast SEO plugin v25.2 - https:\/\/yoast.com\/wordpress\/plugins\/seo\/ -->\n<title>WP-1 svorio kr\u016bvos etiket\u0117s sporto sal\u0117s \u012frangai<\/title>\n<meta name=\"description\" content=\"\u017denklinkite savo ma\u0161inas WP-1 svorio kr\u016bvos etiket\u0117mis. Patvar\u016bs lipdukai nuo 5 iki 180 kg pagerina sporto sal\u0117s \u012frangos ai\u0161kum\u0105 ir treniruo\u010di\u0173 tikslum\u0105.\" \/>\n<meta name=\"robots\" content=\"index, follow, max-snippet:-1, max-image-preview:large, max-video-preview:-1\" \/>\n<link rel=\"canonical\" href=\"https:\/\/gymfactory.eu\/lt\/produktas\/wp-1-svorio-kruvos-etiketes\/\" \/>\n<meta property=\"og:locale\" content=\"lt_LT\" \/>\n<meta property=\"og:type\" content=\"article\" \/>\n<meta property=\"og:title\" content=\"WP-1 svorio kr\u016bvos etiket\u0117s sporto sal\u0117s \u012frangai\" \/>\n<meta property=\"og:description\" content=\"\u017denklinkite savo ma\u0161inas WP-1 svorio kr\u016bvos etiket\u0117mis. Patvar\u016bs lipdukai nuo 5 iki 180 kg pagerina sporto sal\u0117s \u012frangos ai\u0161kum\u0105 ir treniruo\u010di\u0173 tikslum\u0105.\" \/>\n<meta property=\"og:url\" content=\"https:\/\/gymfactory.eu\/lt\/produktas\/wp-1-svorio-kruvos-etiketes\/\" \/>\n<meta property=\"og:site_name\" content=\"Gym Factory\" \/>\n<meta property=\"article:modified_time\" content=\"2025-09-09T13:04:50+00:00\" \/>\n<meta property=\"og:image\" content=\"https:\/\/gymfactory.eu\/wp-content\/uploads\/2025\/04\/WP-1-Weight-Stack-Labels-gym-equipment.webp\" \/>\n\t<meta property=\"og:image:width\" content=\"600\" \/>\n\t<meta property=\"og:image:height\" content=\"600\" \/>\n\t<meta property=\"og:image:type\" content=\"image\/webp\" \/>\n<meta name=\"twitter:card\" content=\"summary_large_image\" \/>\n<meta name=\"twitter:label1\" content=\"Est. reading time\" \/>\n\t<meta name=\"twitter:data1\" content=\"1 minut\u0117\" \/>\n<script type=\"application\/ld+json\" class=\"yoast-schema-graph\">{\"@context\":\"https:\/\/schema.org\",\"@graph\":[{\"@type\":\"WebPage\",\"@id\":\"https:\/\/gymfactory.eu\/lt\/produktas\/wp-1-svorio-kruvos-etiketes\/\",\"url\":\"https:\/\/gymfactory.eu\/lt\/produktas\/wp-1-svorio-kruvos-etiketes\/\",\"name\":\"WP-1 svorio kr\u016bvos etiket\u0117s sporto sal\u0117s \u012frangai\",\"isPartOf\":{\"@id\":\"https:\/\/gymfactory.eu\/lt\/#website\"},\"primaryImageOfPage\":{\"@id\":\"https:\/\/gymfactory.eu\/lt\/produktas\/wp-1-svorio-kruvos-etiketes\/#primaryimage\"},\"image\":{\"@id\":\"https:\/\/gymfactory.eu\/lt\/produktas\/wp-1-svorio-kruvos-etiketes\/#primaryimage\"},\"thumbnailUrl\":\"https:\/\/gymfactory.eu\/wp-content\/uploads\/2025\/04\/WP-1-Weight-Stack-Labels-gym-equipment.webp\",\"datePublished\":\"2025-04-30T11:44:50+00:00\",\"dateModified\":\"2025-09-09T13:04:50+00:00\",\"description\":\"\u017denklinkite savo ma\u0161inas WP-1 svorio kr\u016bvos etiket\u0117mis. Patvar\u016bs lipdukai nuo 5 iki 180 kg pagerina sporto sal\u0117s \u012frangos ai\u0161kum\u0105 ir treniruo\u010di\u0173 tikslum\u0105.\",\"breadcrumb\":{\"@id\":\"https:\/\/gymfactory.eu\/lt\/produktas\/wp-1-svorio-kruvos-etiketes\/#breadcrumb\"},\"inLanguage\":\"lt-LT\",\"potentialAction\":[{\"@type\":\"ReadAction\",\"target\":[\"https:\/\/gymfactory.eu\/lt\/produktas\/wp-1-svorio-kruvos-etiketes\/\"]}]},{\"@type\":\"ImageObject\",\"inLanguage\":\"lt-LT\",\"@id\":\"https:\/\/gymfactory.eu\/lt\/produktas\/wp-1-svorio-kruvos-etiketes\/#primaryimage\",\"url\":\"https:\/\/gymfactory.eu\/wp-content\/uploads\/2025\/04\/WP-1-Weight-Stack-Labels-gym-equipment.webp\",\"contentUrl\":\"https:\/\/gymfactory.eu\/wp-content\/uploads\/2025\/04\/WP-1-Weight-Stack-Labels-gym-equipment.webp\",\"width\":600,\"height\":600,\"caption\":\"WP-1 Svorio kr\u016bvos etiket\u0117s sporto sal\u0117s \u012frangai - tai pilnas juodai gelton\u0173 lipduk\u0173 su skai\u010diais nuo 5 iki 180 kg rinkinys, naudojamas pasiprie\u0161inimo lygiams ant treniruokli\u0173 \u017eym\u0117ti.\"},{\"@type\":\"BreadcrumbList\",\"@id\":\"https:\/\/gymfactory.eu\/lt\/produktas\/wp-1-svorio-kruvos-etiketes\/#breadcrumb\",\"itemListElement\":[{\"@type\":\"ListItem\",\"position\":1,\"name\":\"Pagrindinis\",\"item\":\"https:\/\/gymfactory.eu\/lt\/\"},{\"@type\":\"ListItem\",\"position\":2,\"name\":\"Katalogas\",\"item\":\"https:\/\/gymfactory.eu\/lt\/katalogas\/\"},{\"@type\":\"ListItem\",\"position\":3,\"name\":\"WP-1 Svorio bloko lipdukai\"}]},{\"@type\":\"WebSite\",\"@id\":\"https:\/\/gymfactory.eu\/lt\/#website\",\"url\":\"https:\/\/gymfactory.eu\/lt\/\",\"name\":\"Gym Factory\",\"description\":\"\",\"publisher\":{\"@id\":\"https:\/\/gymfactory.eu\/lt\/#organization\"},\"potentialAction\":[{\"@type\":\"SearchAction\",\"target\":{\"@type\":\"EntryPoint\",\"urlTemplate\":\"https:\/\/gymfactory.eu\/lt\/?s={search_term_string}\"},\"query-input\":{\"@type\":\"PropertyValueSpecification\",\"valueRequired\":true,\"valueName\":\"search_term_string\"}}],\"inLanguage\":\"lt-LT\"},{\"@type\":\"Organization\",\"@id\":\"https:\/\/gymfactory.eu\/lt\/#organization\",\"name\":\"Sporto sal\u0117s gamykla\",\"url\":\"https:\/\/gymfactory.eu\/lt\/\",\"logo\":{\"@type\":\"ImageObject\",\"inLanguage\":\"lt-LT\",\"@id\":\"https:\/\/gymfactory.eu\/lt\/#\/schema\/logo\/image\/\",\"url\":\"https:\/\/gymfactory.eu\/wp-content\/uploads\/2024\/11\/Component-1.svg\",\"contentUrl\":\"https:\/\/gymfactory.eu\/wp-content\/uploads\/2024\/11\/Component-1.svg\",\"width\":54,\"height\":44,\"caption\":\"Sporto sal\u0117s gamykla\"},\"image\":{\"@id\":\"https:\/\/gymfactory.eu\/lt\/#\/schema\/logo\/image\/\"}}]}<\/script>\n<!-- \/ Yoast SEO plugin. -->","yoast_head_json":{"title":"WP-1 svorio kr\u016bvos etiket\u0117s sporto sal\u0117s \u012frangai","description":"\u017denklinkite savo ma\u0161inas WP-1 svorio kr\u016bvos etiket\u0117mis. Patvar\u016bs lipdukai nuo 5 iki 180 kg pagerina sporto sal\u0117s \u012frangos ai\u0161kum\u0105 ir treniruo\u010di\u0173 tikslum\u0105.","robots":{"index":"index","follow":"follow","max-snippet":"max-snippet:-1","max-image-preview":"max-image-preview:large","max-video-preview":"max-video-preview:-1"},"canonical":"https:\/\/gymfactory.eu\/lt\/produktas\/wp-1-svorio-kruvos-etiketes\/","og_locale":"lt_LT","og_type":"article","og_title":"WP-1 svorio kr\u016bvos etiket\u0117s sporto sal\u0117s \u012frangai","og_description":"\u017denklinkite savo ma\u0161inas WP-1 svorio kr\u016bvos etiket\u0117mis. Patvar\u016bs lipdukai nuo 5 iki 180 kg pagerina sporto sal\u0117s \u012frangos ai\u0161kum\u0105 ir treniruo\u010di\u0173 tikslum\u0105.","og_url":"https:\/\/gymfactory.eu\/lt\/produktas\/wp-1-svorio-kruvos-etiketes\/","og_site_name":"Gym Factory","article_modified_time":"2025-09-09T13:04:50+00:00","og_image":[{"width":600,"height":600,"url":"https:\/\/gymfactory.eu\/wp-content\/uploads\/2025\/04\/WP-1-Weight-Stack-Labels-gym-equipment.webp","type":"image\/webp"}],"twitter_card":"summary_large_image","twitter_misc":{"Est. reading time":"1 minut\u0117"},"schema":{"@context":"https:\/\/schema.org","@graph":[{"@type":"WebPage","@id":"https:\/\/gymfactory.eu\/lt\/produktas\/wp-1-svorio-kruvos-etiketes\/","url":"https:\/\/gymfactory.eu\/lt\/produktas\/wp-1-svorio-kruvos-etiketes\/","name":"WP-1 svorio kr\u016bvos etiket\u0117s sporto sal\u0117s \u012frangai","isPartOf":{"@id":"https:\/\/gymfactory.eu\/lt\/#website"},"primaryImageOfPage":{"@id":"https:\/\/gymfactory.eu\/lt\/produktas\/wp-1-svorio-kruvos-etiketes\/#primaryimage"},"image":{"@id":"https:\/\/gymfactory.eu\/lt\/produktas\/wp-1-svorio-kruvos-etiketes\/#primaryimage"},"thumbnailUrl":"https:\/\/gymfactory.eu\/wp-content\/uploads\/2025\/04\/WP-1-Weight-Stack-Labels-gym-equipment.webp","datePublished":"2025-04-30T11:44:50+00:00","dateModified":"2025-09-09T13:04:50+00:00","description":"\u017denklinkite savo ma\u0161inas WP-1 svorio kr\u016bvos etiket\u0117mis. Patvar\u016bs lipdukai nuo 5 iki 180 kg pagerina sporto sal\u0117s \u012frangos ai\u0161kum\u0105 ir treniruo\u010di\u0173 tikslum\u0105.","breadcrumb":{"@id":"https:\/\/gymfactory.eu\/lt\/produktas\/wp-1-svorio-kruvos-etiketes\/#breadcrumb"},"inLanguage":"lt-LT","potentialAction":[{"@type":"ReadAction","target":["https:\/\/gymfactory.eu\/lt\/produktas\/wp-1-svorio-kruvos-etiketes\/"]}]},{"@type":"ImageObject","inLanguage":"lt-LT","@id":"https:\/\/gymfactory.eu\/lt\/produktas\/wp-1-svorio-kruvos-etiketes\/#primaryimage","url":"https:\/\/gymfactory.eu\/wp-content\/uploads\/2025\/04\/WP-1-Weight-Stack-Labels-gym-equipment.webp","contentUrl":"https:\/\/gymfactory.eu\/wp-content\/uploads\/2025\/04\/WP-1-Weight-Stack-Labels-gym-equipment.webp","width":600,"height":600,"caption":"WP-1 Svorio kr\u016bvos etiket\u0117s sporto sal\u0117s \u012frangai - tai pilnas juodai gelton\u0173 lipduk\u0173 su skai\u010diais nuo 5 iki 180 kg rinkinys, naudojamas pasiprie\u0161inimo lygiams ant treniruokli\u0173 \u017eym\u0117ti."},{"@type":"BreadcrumbList","@id":"https:\/\/gymfactory.eu\/lt\/produktas\/wp-1-svorio-kruvos-etiketes\/#breadcrumb","itemListElement":[{"@type":"ListItem","position":1,"name":"Pagrindinis","item":"https:\/\/gymfactory.eu\/lt\/"},{"@type":"ListItem","position":2,"name":"Katalogas","item":"https:\/\/gymfactory.eu\/lt\/katalogas\/"},{"@type":"ListItem","position":3,"name":"WP-1 Svorio bloko lipdukai"}]},{"@type":"WebSite","@id":"https:\/\/gymfactory.eu\/lt\/#website","url":"https:\/\/gymfactory.eu\/lt\/","name":"Gym Factory","description":"","publisher":{"@id":"https:\/\/gymfactory.eu\/lt\/#organization"},"potentialAction":[{"@type":"SearchAction","target":{"@type":"EntryPoint","urlTemplate":"https:\/\/gymfactory.eu\/lt\/?s={search_term_string}"},"query-input":{"@type":"PropertyValueSpecification","valueRequired":true,"valueName":"search_term_string"}}],"inLanguage":"lt-LT"},{"@type":"Organization","@id":"https:\/\/gymfactory.eu\/lt\/#organization","name":"Sporto sal\u0117s gamykla","url":"https:\/\/gymfactory.eu\/lt\/","logo":{"@type":"ImageObject","inLanguage":"lt-LT","@id":"https:\/\/gymfactory.eu\/lt\/#\/schema\/logo\/image\/","url":"https:\/\/gymfactory.eu\/wp-content\/uploads\/2024\/11\/Component-1.svg","contentUrl":"https:\/\/gymfactory.eu\/wp-content\/uploads\/2024\/11\/Component-1.svg","width":54,"height":44,"caption":"Sporto sal\u0117s gamykla"},"image":{"@id":"https:\/\/gymfactory.eu\/lt\/#\/schema\/logo\/image\/"}}]}},"_links":{"self":[{"href":"https:\/\/gymfactory.eu\/lt\/wp-json\/wp\/v2\/product\/9525","targetHints":{"allow":["GET"]}}],"collection":[{"href":"https:\/\/gymfactory.eu\/lt\/wp-json\/wp\/v2\/product"}],"about":[{"href":"https:\/\/gymfactory.eu\/lt\/wp-json\/wp\/v2\/types\/product"}],"wp:featuredmedia":[{"embeddable":true,"href":"https:\/\/gymfactory.eu\/lt\/wp-json\/wp\/v2\/media\/9047"}],"wp:attachment":[{"href":"https:\/\/gymfactory.eu\/lt\/wp-json\/wp\/v2\/media?parent=9525"}],"wp:term":[{"taxonomy":"product_brand","embeddable":true,"href":"https:\/\/gymfactory.eu\/lt\/wp-json\/wp\/v2\/product_brand?post=9525"},{"taxonomy":"product_cat","embeddable":true,"href":"https:\/\/gymfactory.eu\/lt\/wp-json\/wp\/v2\/product_cat?post=9525"},{"taxonomy":"product_tag","embeddable":true,"href":"https:\/\/gymfactory.eu\/lt\/wp-json\/wp\/v2\/product_tag?post=9525"}],"curies":[{"name":"wp","href":"https:\/\/api.w.org\/{rel}","templated":true}]}}