{"id":9524,"date":"2025-04-30T12:54:01","date_gmt":"2025-04-30T09:54:01","guid":{"rendered":"https:\/\/gymfactory.eu\/product\/hfp01x-itempiklis\/"},"modified":"2025-09-09T15:08:17","modified_gmt":"2025-09-09T12:08:17","slug":"hfp01x-itempiklis","status":"publish","type":"product","link":"https:\/\/gymfactory.eu\/lt\/produktas\/hfp01x-itempiklis\/","title":{"rendered":"HFP01X Priver\u017e\u0117jas"},"content":{"rendered":"<p>HFP01X priver\u017e\u0117jas \u2013 srieginiu M16 sriegiu pasi\u017eyminti detal\u0117, naudojama sporto \u012frangoje mechaniniams sujungimams tvirtinti ir reguliuoti. Skirtas rankiniam priver\u017eimui, u\u017etikrinan\u010diam stabil\u0173 ir patikim\u0105 fiksavim\u0105 naudojimo metu. Patogi rankena leid\u017eia atlikti reguliavimus be \u012franki\u0173.<\/p>\n\n    <div class=\"xs_social_share_widget xs_share_url after_content \t\tmain_content  wslu-style-1 wslu-share-box-shaped wslu-fill-colored wslu-none wslu-share-horizontal wslu-theme-font-no wslu-main_content\">\n\n\t\t\n        <ul>\n\t\t\t        <\/ul>\n    <\/div> \n","protected":false},"excerpt":{"rendered":"<p>HFP01X priver\u017e\u0117jas \u2013 srieginiu M16 sriegiu pasi\u017eyminti detal\u0117, naudojama sporto \u012frangoje mechaniniams sujungimams tvirtinti ir reguliuoti. Skirtas rankiniam priver\u017eimui, u\u017etikrinan\u010diam stabil\u0173 ir patikim\u0105 fiksavim\u0105 naudojimo metu. Patogi rankena leid\u017eia atlikti reguliavimus be \u012franki\u0173.<\/p>\n","protected":false},"featured_media":9041,"template":"","meta":{"_acf_changed":false},"product_brand":[56],"product_cat":[392],"product_tag":[393],"class_list":{"0":"post-9524","1":"product","2":"type-product","3":"status-publish","4":"has-post-thumbnail","6":"product_brand-gym-factory","7":"product_cat-atsargines-dalys","8":"product_tag-spalva-nera-spalvu","10":"first","11":"instock","12":"taxable","13":"shipping-taxable","14":"purchasable","15":"product-type-simple"},"acf":[],"yoast_head":"<!-- This site is optimized with the Yoast SEO plugin v25.2 - https:\/\/yoast.com\/wordpress\/plugins\/seo\/ -->\n<title>HFP01X reguliuojamos treniruokli\u0173 sal\u0117s \u012frangos pritraukiklis<\/title>\n<meta name=\"description\" content=\"HFP01X Priver\u017eiklis su 16 mm sriegiu patikimai pritvirtina treniruokli\u0173 sal\u0117s \u012frang\u0105. Patvari, ergonomi\u0161ka rankena idealiai tinka j\u0117gos treniruokliams ir \u012frenginiams.\" \/>\n<meta name=\"robots\" content=\"index, follow, max-snippet:-1, max-image-preview:large, max-video-preview:-1\" \/>\n<link rel=\"canonical\" href=\"https:\/\/gymfactory.eu\/lt\/produktas\/hfp01x-itempiklis\/\" \/>\n<meta property=\"og:locale\" content=\"lt_LT\" \/>\n<meta property=\"og:type\" content=\"article\" \/>\n<meta property=\"og:title\" content=\"HFP01X reguliuojamos treniruokli\u0173 sal\u0117s \u012frangos pritraukiklis\" \/>\n<meta property=\"og:description\" content=\"HFP01X Priver\u017eiklis su 16 mm sriegiu patikimai pritvirtina treniruokli\u0173 sal\u0117s \u012frang\u0105. Patvari, ergonomi\u0161ka rankena idealiai tinka j\u0117gos treniruokliams ir \u012frenginiams.\" \/>\n<meta property=\"og:url\" content=\"https:\/\/gymfactory.eu\/lt\/produktas\/hfp01x-itempiklis\/\" \/>\n<meta property=\"og:site_name\" content=\"Gym Factory\" \/>\n<meta property=\"article:modified_time\" content=\"2025-09-09T12:08:17+00:00\" \/>\n<meta property=\"og:image\" content=\"https:\/\/gymfactory.eu\/wp-content\/uploads\/2025\/04\/HFP01X-Tightener-Front-View.webp\" \/>\n\t<meta property=\"og:image:width\" content=\"600\" \/>\n\t<meta property=\"og:image:height\" content=\"600\" \/>\n\t<meta property=\"og:image:type\" content=\"image\/webp\" \/>\n<meta name=\"twitter:card\" content=\"summary_large_image\" \/>\n<meta name=\"twitter:label1\" content=\"Est. reading time\" \/>\n\t<meta name=\"twitter:data1\" content=\"1 minut\u0117\" \/>\n<script type=\"application\/ld+json\" class=\"yoast-schema-graph\">{\"@context\":\"https:\/\/schema.org\",\"@graph\":[{\"@type\":\"WebPage\",\"@id\":\"https:\/\/gymfactory.eu\/lt\/produktas\/hfp01x-itempiklis\/\",\"url\":\"https:\/\/gymfactory.eu\/lt\/produktas\/hfp01x-itempiklis\/\",\"name\":\"HFP01X reguliuojamos treniruokli\u0173 sal\u0117s \u012frangos pritraukiklis\",\"isPartOf\":{\"@id\":\"https:\/\/gymfactory.eu\/lt\/#website\"},\"primaryImageOfPage\":{\"@id\":\"https:\/\/gymfactory.eu\/lt\/produktas\/hfp01x-itempiklis\/#primaryimage\"},\"image\":{\"@id\":\"https:\/\/gymfactory.eu\/lt\/produktas\/hfp01x-itempiklis\/#primaryimage\"},\"thumbnailUrl\":\"https:\/\/gymfactory.eu\/wp-content\/uploads\/2025\/04\/HFP01X-Tightener-Front-View.webp\",\"datePublished\":\"2025-04-30T09:54:01+00:00\",\"dateModified\":\"2025-09-09T12:08:17+00:00\",\"description\":\"HFP01X Priver\u017eiklis su 16 mm sriegiu patikimai pritvirtina treniruokli\u0173 sal\u0117s \u012frang\u0105. Patvari, ergonomi\u0161ka rankena idealiai tinka j\u0117gos treniruokliams ir \u012frenginiams.\",\"breadcrumb\":{\"@id\":\"https:\/\/gymfactory.eu\/lt\/produktas\/hfp01x-itempiklis\/#breadcrumb\"},\"inLanguage\":\"lt-LT\",\"potentialAction\":[{\"@type\":\"ReadAction\",\"target\":[\"https:\/\/gymfactory.eu\/lt\/produktas\/hfp01x-itempiklis\/\"]}]},{\"@type\":\"ImageObject\",\"inLanguage\":\"lt-LT\",\"@id\":\"https:\/\/gymfactory.eu\/lt\/produktas\/hfp01x-itempiklis\/#primaryimage\",\"url\":\"https:\/\/gymfactory.eu\/wp-content\/uploads\/2025\/04\/HFP01X-Tightener-Front-View.webp\",\"contentUrl\":\"https:\/\/gymfactory.eu\/wp-content\/uploads\/2025\/04\/HFP01X-Tightener-Front-View.webp\",\"width\":600,\"height\":600,\"caption\":\"Priekinis HFP01X prispaud\u0117jo vaizdas, kuriame matoma ergonomi\u0161ka juoda ranken\u0117l\u0117 ir patvarus plieninis sriegis, skirtas sporto \u012frangos komponentams tvirtinti.\"},{\"@type\":\"BreadcrumbList\",\"@id\":\"https:\/\/gymfactory.eu\/lt\/produktas\/hfp01x-itempiklis\/#breadcrumb\",\"itemListElement\":[{\"@type\":\"ListItem\",\"position\":1,\"name\":\"Pagrindinis\",\"item\":\"https:\/\/gymfactory.eu\/lt\/\"},{\"@type\":\"ListItem\",\"position\":2,\"name\":\"Katalogas\",\"item\":\"https:\/\/gymfactory.eu\/lt\/katalogas\/\"},{\"@type\":\"ListItem\",\"position\":3,\"name\":\"HFP01X Priver\u017e\u0117jas\"}]},{\"@type\":\"WebSite\",\"@id\":\"https:\/\/gymfactory.eu\/lt\/#website\",\"url\":\"https:\/\/gymfactory.eu\/lt\/\",\"name\":\"Gym Factory\",\"description\":\"\",\"publisher\":{\"@id\":\"https:\/\/gymfactory.eu\/lt\/#organization\"},\"potentialAction\":[{\"@type\":\"SearchAction\",\"target\":{\"@type\":\"EntryPoint\",\"urlTemplate\":\"https:\/\/gymfactory.eu\/lt\/?s={search_term_string}\"},\"query-input\":{\"@type\":\"PropertyValueSpecification\",\"valueRequired\":true,\"valueName\":\"search_term_string\"}}],\"inLanguage\":\"lt-LT\"},{\"@type\":\"Organization\",\"@id\":\"https:\/\/gymfactory.eu\/lt\/#organization\",\"name\":\"Sporto sal\u0117s gamykla\",\"url\":\"https:\/\/gymfactory.eu\/lt\/\",\"logo\":{\"@type\":\"ImageObject\",\"inLanguage\":\"lt-LT\",\"@id\":\"https:\/\/gymfactory.eu\/lt\/#\/schema\/logo\/image\/\",\"url\":\"https:\/\/gymfactory.eu\/wp-content\/uploads\/2024\/11\/Component-1.svg\",\"contentUrl\":\"https:\/\/gymfactory.eu\/wp-content\/uploads\/2024\/11\/Component-1.svg\",\"width\":54,\"height\":44,\"caption\":\"Sporto sal\u0117s gamykla\"},\"image\":{\"@id\":\"https:\/\/gymfactory.eu\/lt\/#\/schema\/logo\/image\/\"}}]}<\/script>\n<!-- \/ Yoast SEO plugin. -->","yoast_head_json":{"title":"HFP01X reguliuojamos treniruokli\u0173 sal\u0117s \u012frangos pritraukiklis","description":"HFP01X Priver\u017eiklis su 16 mm sriegiu patikimai pritvirtina treniruokli\u0173 sal\u0117s \u012frang\u0105. Patvari, ergonomi\u0161ka rankena idealiai tinka j\u0117gos treniruokliams ir \u012frenginiams.","robots":{"index":"index","follow":"follow","max-snippet":"max-snippet:-1","max-image-preview":"max-image-preview:large","max-video-preview":"max-video-preview:-1"},"canonical":"https:\/\/gymfactory.eu\/lt\/produktas\/hfp01x-itempiklis\/","og_locale":"lt_LT","og_type":"article","og_title":"HFP01X reguliuojamos treniruokli\u0173 sal\u0117s \u012frangos pritraukiklis","og_description":"HFP01X Priver\u017eiklis su 16 mm sriegiu patikimai pritvirtina treniruokli\u0173 sal\u0117s \u012frang\u0105. Patvari, ergonomi\u0161ka rankena idealiai tinka j\u0117gos treniruokliams ir \u012frenginiams.","og_url":"https:\/\/gymfactory.eu\/lt\/produktas\/hfp01x-itempiklis\/","og_site_name":"Gym Factory","article_modified_time":"2025-09-09T12:08:17+00:00","og_image":[{"width":600,"height":600,"url":"https:\/\/gymfactory.eu\/wp-content\/uploads\/2025\/04\/HFP01X-Tightener-Front-View.webp","type":"image\/webp"}],"twitter_card":"summary_large_image","twitter_misc":{"Est. reading time":"1 minut\u0117"},"schema":{"@context":"https:\/\/schema.org","@graph":[{"@type":"WebPage","@id":"https:\/\/gymfactory.eu\/lt\/produktas\/hfp01x-itempiklis\/","url":"https:\/\/gymfactory.eu\/lt\/produktas\/hfp01x-itempiklis\/","name":"HFP01X reguliuojamos treniruokli\u0173 sal\u0117s \u012frangos pritraukiklis","isPartOf":{"@id":"https:\/\/gymfactory.eu\/lt\/#website"},"primaryImageOfPage":{"@id":"https:\/\/gymfactory.eu\/lt\/produktas\/hfp01x-itempiklis\/#primaryimage"},"image":{"@id":"https:\/\/gymfactory.eu\/lt\/produktas\/hfp01x-itempiklis\/#primaryimage"},"thumbnailUrl":"https:\/\/gymfactory.eu\/wp-content\/uploads\/2025\/04\/HFP01X-Tightener-Front-View.webp","datePublished":"2025-04-30T09:54:01+00:00","dateModified":"2025-09-09T12:08:17+00:00","description":"HFP01X Priver\u017eiklis su 16 mm sriegiu patikimai pritvirtina treniruokli\u0173 sal\u0117s \u012frang\u0105. Patvari, ergonomi\u0161ka rankena idealiai tinka j\u0117gos treniruokliams ir \u012frenginiams.","breadcrumb":{"@id":"https:\/\/gymfactory.eu\/lt\/produktas\/hfp01x-itempiklis\/#breadcrumb"},"inLanguage":"lt-LT","potentialAction":[{"@type":"ReadAction","target":["https:\/\/gymfactory.eu\/lt\/produktas\/hfp01x-itempiklis\/"]}]},{"@type":"ImageObject","inLanguage":"lt-LT","@id":"https:\/\/gymfactory.eu\/lt\/produktas\/hfp01x-itempiklis\/#primaryimage","url":"https:\/\/gymfactory.eu\/wp-content\/uploads\/2025\/04\/HFP01X-Tightener-Front-View.webp","contentUrl":"https:\/\/gymfactory.eu\/wp-content\/uploads\/2025\/04\/HFP01X-Tightener-Front-View.webp","width":600,"height":600,"caption":"Priekinis HFP01X prispaud\u0117jo vaizdas, kuriame matoma ergonomi\u0161ka juoda ranken\u0117l\u0117 ir patvarus plieninis sriegis, skirtas sporto \u012frangos komponentams tvirtinti."},{"@type":"BreadcrumbList","@id":"https:\/\/gymfactory.eu\/lt\/produktas\/hfp01x-itempiklis\/#breadcrumb","itemListElement":[{"@type":"ListItem","position":1,"name":"Pagrindinis","item":"https:\/\/gymfactory.eu\/lt\/"},{"@type":"ListItem","position":2,"name":"Katalogas","item":"https:\/\/gymfactory.eu\/lt\/katalogas\/"},{"@type":"ListItem","position":3,"name":"HFP01X Priver\u017e\u0117jas"}]},{"@type":"WebSite","@id":"https:\/\/gymfactory.eu\/lt\/#website","url":"https:\/\/gymfactory.eu\/lt\/","name":"Gym Factory","description":"","publisher":{"@id":"https:\/\/gymfactory.eu\/lt\/#organization"},"potentialAction":[{"@type":"SearchAction","target":{"@type":"EntryPoint","urlTemplate":"https:\/\/gymfactory.eu\/lt\/?s={search_term_string}"},"query-input":{"@type":"PropertyValueSpecification","valueRequired":true,"valueName":"search_term_string"}}],"inLanguage":"lt-LT"},{"@type":"Organization","@id":"https:\/\/gymfactory.eu\/lt\/#organization","name":"Sporto sal\u0117s gamykla","url":"https:\/\/gymfactory.eu\/lt\/","logo":{"@type":"ImageObject","inLanguage":"lt-LT","@id":"https:\/\/gymfactory.eu\/lt\/#\/schema\/logo\/image\/","url":"https:\/\/gymfactory.eu\/wp-content\/uploads\/2024\/11\/Component-1.svg","contentUrl":"https:\/\/gymfactory.eu\/wp-content\/uploads\/2024\/11\/Component-1.svg","width":54,"height":44,"caption":"Sporto sal\u0117s gamykla"},"image":{"@id":"https:\/\/gymfactory.eu\/lt\/#\/schema\/logo\/image\/"}}]}},"_links":{"self":[{"href":"https:\/\/gymfactory.eu\/lt\/wp-json\/wp\/v2\/product\/9524","targetHints":{"allow":["GET"]}}],"collection":[{"href":"https:\/\/gymfactory.eu\/lt\/wp-json\/wp\/v2\/product"}],"about":[{"href":"https:\/\/gymfactory.eu\/lt\/wp-json\/wp\/v2\/types\/product"}],"wp:featuredmedia":[{"embeddable":true,"href":"https:\/\/gymfactory.eu\/lt\/wp-json\/wp\/v2\/media\/9041"}],"wp:attachment":[{"href":"https:\/\/gymfactory.eu\/lt\/wp-json\/wp\/v2\/media?parent=9524"}],"wp:term":[{"taxonomy":"product_brand","embeddable":true,"href":"https:\/\/gymfactory.eu\/lt\/wp-json\/wp\/v2\/product_brand?post=9524"},{"taxonomy":"product_cat","embeddable":true,"href":"https:\/\/gymfactory.eu\/lt\/wp-json\/wp\/v2\/product_cat?post=9524"},{"taxonomy":"product_tag","embeddable":true,"href":"https:\/\/gymfactory.eu\/lt\/wp-json\/wp\/v2\/product_tag?post=9524"}],"curies":[{"name":"wp","href":"https:\/\/api.w.org\/{rel}","templated":true}]}}