{"id":9521,"date":"2025-04-30T12:42:56","date_gmt":"2025-04-30T09:42:56","guid":{"rendered":"https:\/\/gymfactory.eu\/product\/hff04x-kaistis\/"},"modified":"2025-09-09T15:06:56","modified_gmt":"2025-09-09T12:06:56","slug":"hff04x-kaistis","status":"publish","type":"product","link":"https:\/\/gymfactory.eu\/lt\/produktas\/hff04x-kaistis\/","title":{"rendered":"HFF04X Fiksavimo kai\u0161tis"},"content":{"rendered":"<p>HFF04X fiksavimo kai\u0161tis \u2013 16 mm skersmens metalin\u0117 detal\u0117, skirta sporto \u012frangoje reguliuojamoms ar judan\u010dioms dalims fiksuoti. Galimi du ilgiai \u2013 80 mm ir 95 mm. Patogi rankena leid\u017eia lengvai \u012fstatyti ir i\u0161traukti kai\u0161t\u012f reguliuojant \u012frang\u0105.<\/p>\n\n    <div class=\"xs_social_share_widget xs_share_url after_content \t\tmain_content  wslu-style-1 wslu-share-box-shaped wslu-fill-colored wslu-none wslu-share-horizontal wslu-theme-font-no wslu-main_content\">\n\n\t\t\n        <ul>\n\t\t\t        <\/ul>\n    <\/div> \n","protected":false},"excerpt":{"rendered":"<p>HFF04X fiksavimo kai\u0161tis \u2013 16 mm skersmens metalin\u0117 detal\u0117, skirta sporto \u012frangoje reguliuojamoms ar judan\u010dioms dalims fiksuoti. Galimi du ilgiai \u2013 80 mm ir 95 mm. Patogi rankena leid\u017eia lengvai \u012fstatyti ir i\u0161traukti kai\u0161t\u012f reguliuojant \u012frang\u0105.<\/p>\n","protected":false},"featured_media":9039,"template":"","meta":{"_acf_changed":false},"product_brand":[56],"product_cat":[392],"product_tag":[393],"class_list":{"0":"post-9521","1":"product","2":"type-product","3":"status-publish","4":"has-post-thumbnail","6":"product_brand-gym-factory","7":"product_cat-atsargines-dalys","8":"product_tag-spalva-nera-spalvu","10":"first","11":"instock","12":"taxable","13":"shipping-taxable","14":"purchasable","15":"product-type-variable","16":"has-default-attributes"},"acf":[],"yoast_head":"<!-- This site is optimized with the Yoast SEO plugin v25.2 - https:\/\/yoast.com\/wordpress\/plugins\/seo\/ -->\n<title>HFF04X Saugaus sporto sal\u0117s \u012frangos u\u017erakto kai\u0161tis<\/title>\n<meta name=\"description\" content=\"Tvirtas ir ergonomi\u0161kas HFF04X sporto \u012frangos kai\u0161tis. U\u017etikrina reguliuojam\u0173 treniruokli\u0173 saugum\u0105 ir stabilum\u0105, nes yra lengvai suimamas ir metalinis patvarus.\" \/>\n<meta name=\"robots\" content=\"index, follow, max-snippet:-1, max-image-preview:large, max-video-preview:-1\" \/>\n<link rel=\"canonical\" href=\"https:\/\/gymfactory.eu\/lt\/produktas\/hff04x-kaistis\/\" \/>\n<meta property=\"og:locale\" content=\"lt_LT\" \/>\n<meta property=\"og:type\" content=\"article\" \/>\n<meta property=\"og:title\" content=\"HFF04X Saugaus sporto sal\u0117s \u012frangos u\u017erakto kai\u0161tis\" \/>\n<meta property=\"og:description\" content=\"Tvirtas ir ergonomi\u0161kas HFF04X sporto \u012frangos kai\u0161tis. U\u017etikrina reguliuojam\u0173 treniruokli\u0173 saugum\u0105 ir stabilum\u0105, nes yra lengvai suimamas ir metalinis patvarus.\" \/>\n<meta property=\"og:url\" content=\"https:\/\/gymfactory.eu\/lt\/produktas\/hff04x-kaistis\/\" \/>\n<meta property=\"og:site_name\" content=\"Gym Factory\" \/>\n<meta property=\"article:modified_time\" content=\"2025-09-09T12:06:56+00:00\" \/>\n<meta property=\"og:image\" content=\"https:\/\/gymfactory.eu\/wp-content\/uploads\/2025\/04\/HFF04X-Pin-for-Weights.webp\" \/>\n\t<meta property=\"og:image:width\" content=\"600\" \/>\n\t<meta property=\"og:image:height\" content=\"600\" \/>\n\t<meta property=\"og:image:type\" content=\"image\/webp\" \/>\n<meta name=\"twitter:card\" content=\"summary_large_image\" \/>\n<meta name=\"twitter:label1\" content=\"Est. reading time\" \/>\n\t<meta name=\"twitter:data1\" content=\"1 minut\u0117\" \/>\n<script type=\"application\/ld+json\" class=\"yoast-schema-graph\">{\"@context\":\"https:\/\/schema.org\",\"@graph\":[{\"@type\":\"WebPage\",\"@id\":\"https:\/\/gymfactory.eu\/lt\/produktas\/hff04x-kaistis\/\",\"url\":\"https:\/\/gymfactory.eu\/lt\/produktas\/hff04x-kaistis\/\",\"name\":\"HFF04X Saugaus sporto sal\u0117s \u012frangos u\u017erakto kai\u0161tis\",\"isPartOf\":{\"@id\":\"https:\/\/gymfactory.eu\/lt\/#website\"},\"primaryImageOfPage\":{\"@id\":\"https:\/\/gymfactory.eu\/lt\/produktas\/hff04x-kaistis\/#primaryimage\"},\"image\":{\"@id\":\"https:\/\/gymfactory.eu\/lt\/produktas\/hff04x-kaistis\/#primaryimage\"},\"thumbnailUrl\":\"https:\/\/gymfactory.eu\/wp-content\/uploads\/2025\/04\/HFF04X-Pin-for-Weights.webp\",\"datePublished\":\"2025-04-30T09:42:56+00:00\",\"dateModified\":\"2025-09-09T12:06:56+00:00\",\"description\":\"Tvirtas ir ergonomi\u0161kas HFF04X sporto \u012frangos kai\u0161tis. U\u017etikrina reguliuojam\u0173 treniruokli\u0173 saugum\u0105 ir stabilum\u0105, nes yra lengvai suimamas ir metalinis patvarus.\",\"breadcrumb\":{\"@id\":\"https:\/\/gymfactory.eu\/lt\/produktas\/hff04x-kaistis\/#breadcrumb\"},\"inLanguage\":\"lt-LT\",\"potentialAction\":[{\"@type\":\"ReadAction\",\"target\":[\"https:\/\/gymfactory.eu\/lt\/produktas\/hff04x-kaistis\/\"]}]},{\"@type\":\"ImageObject\",\"inLanguage\":\"lt-LT\",\"@id\":\"https:\/\/gymfactory.eu\/lt\/produktas\/hff04x-kaistis\/#primaryimage\",\"url\":\"https:\/\/gymfactory.eu\/wp-content\/uploads\/2025\/04\/HFF04X-Pin-for-Weights.webp\",\"contentUrl\":\"https:\/\/gymfactory.eu\/wp-content\/uploads\/2025\/04\/HFF04X-Pin-for-Weights.webp\",\"width\":600,\"height\":600,\"caption\":\"Tvirtas metalinis HFF04X 9,5 cm ilgio kai\u0161tis su sta\u010diakampio formos rankena, naudojamas judantiems sporto \u012frangos komponentams tvirtinti.\"},{\"@type\":\"BreadcrumbList\",\"@id\":\"https:\/\/gymfactory.eu\/lt\/produktas\/hff04x-kaistis\/#breadcrumb\",\"itemListElement\":[{\"@type\":\"ListItem\",\"position\":1,\"name\":\"Pagrindinis\",\"item\":\"https:\/\/gymfactory.eu\/lt\/\"},{\"@type\":\"ListItem\",\"position\":2,\"name\":\"Katalogas\",\"item\":\"https:\/\/gymfactory.eu\/lt\/katalogas\/\"},{\"@type\":\"ListItem\",\"position\":3,\"name\":\"HFF04X Fiksavimo kai\u0161tis\"}]},{\"@type\":\"WebSite\",\"@id\":\"https:\/\/gymfactory.eu\/lt\/#website\",\"url\":\"https:\/\/gymfactory.eu\/lt\/\",\"name\":\"Gym Factory\",\"description\":\"\",\"publisher\":{\"@id\":\"https:\/\/gymfactory.eu\/lt\/#organization\"},\"potentialAction\":[{\"@type\":\"SearchAction\",\"target\":{\"@type\":\"EntryPoint\",\"urlTemplate\":\"https:\/\/gymfactory.eu\/lt\/?s={search_term_string}\"},\"query-input\":{\"@type\":\"PropertyValueSpecification\",\"valueRequired\":true,\"valueName\":\"search_term_string\"}}],\"inLanguage\":\"lt-LT\"},{\"@type\":\"Organization\",\"@id\":\"https:\/\/gymfactory.eu\/lt\/#organization\",\"name\":\"Sporto sal\u0117s gamykla\",\"url\":\"https:\/\/gymfactory.eu\/lt\/\",\"logo\":{\"@type\":\"ImageObject\",\"inLanguage\":\"lt-LT\",\"@id\":\"https:\/\/gymfactory.eu\/lt\/#\/schema\/logo\/image\/\",\"url\":\"https:\/\/gymfactory.eu\/wp-content\/uploads\/2024\/11\/Component-1.svg\",\"contentUrl\":\"https:\/\/gymfactory.eu\/wp-content\/uploads\/2024\/11\/Component-1.svg\",\"width\":54,\"height\":44,\"caption\":\"Sporto sal\u0117s gamykla\"},\"image\":{\"@id\":\"https:\/\/gymfactory.eu\/lt\/#\/schema\/logo\/image\/\"}}]}<\/script>\n<!-- \/ Yoast SEO plugin. -->","yoast_head_json":{"title":"HFF04X Saugaus sporto sal\u0117s \u012frangos u\u017erakto kai\u0161tis","description":"Tvirtas ir ergonomi\u0161kas HFF04X sporto \u012frangos kai\u0161tis. U\u017etikrina reguliuojam\u0173 treniruokli\u0173 saugum\u0105 ir stabilum\u0105, nes yra lengvai suimamas ir metalinis patvarus.","robots":{"index":"index","follow":"follow","max-snippet":"max-snippet:-1","max-image-preview":"max-image-preview:large","max-video-preview":"max-video-preview:-1"},"canonical":"https:\/\/gymfactory.eu\/lt\/produktas\/hff04x-kaistis\/","og_locale":"lt_LT","og_type":"article","og_title":"HFF04X Saugaus sporto sal\u0117s \u012frangos u\u017erakto kai\u0161tis","og_description":"Tvirtas ir ergonomi\u0161kas HFF04X sporto \u012frangos kai\u0161tis. U\u017etikrina reguliuojam\u0173 treniruokli\u0173 saugum\u0105 ir stabilum\u0105, nes yra lengvai suimamas ir metalinis patvarus.","og_url":"https:\/\/gymfactory.eu\/lt\/produktas\/hff04x-kaistis\/","og_site_name":"Gym Factory","article_modified_time":"2025-09-09T12:06:56+00:00","og_image":[{"width":600,"height":600,"url":"https:\/\/gymfactory.eu\/wp-content\/uploads\/2025\/04\/HFF04X-Pin-for-Weights.webp","type":"image\/webp"}],"twitter_card":"summary_large_image","twitter_misc":{"Est. reading time":"1 minut\u0117"},"schema":{"@context":"https:\/\/schema.org","@graph":[{"@type":"WebPage","@id":"https:\/\/gymfactory.eu\/lt\/produktas\/hff04x-kaistis\/","url":"https:\/\/gymfactory.eu\/lt\/produktas\/hff04x-kaistis\/","name":"HFF04X Saugaus sporto sal\u0117s \u012frangos u\u017erakto kai\u0161tis","isPartOf":{"@id":"https:\/\/gymfactory.eu\/lt\/#website"},"primaryImageOfPage":{"@id":"https:\/\/gymfactory.eu\/lt\/produktas\/hff04x-kaistis\/#primaryimage"},"image":{"@id":"https:\/\/gymfactory.eu\/lt\/produktas\/hff04x-kaistis\/#primaryimage"},"thumbnailUrl":"https:\/\/gymfactory.eu\/wp-content\/uploads\/2025\/04\/HFF04X-Pin-for-Weights.webp","datePublished":"2025-04-30T09:42:56+00:00","dateModified":"2025-09-09T12:06:56+00:00","description":"Tvirtas ir ergonomi\u0161kas HFF04X sporto \u012frangos kai\u0161tis. U\u017etikrina reguliuojam\u0173 treniruokli\u0173 saugum\u0105 ir stabilum\u0105, nes yra lengvai suimamas ir metalinis patvarus.","breadcrumb":{"@id":"https:\/\/gymfactory.eu\/lt\/produktas\/hff04x-kaistis\/#breadcrumb"},"inLanguage":"lt-LT","potentialAction":[{"@type":"ReadAction","target":["https:\/\/gymfactory.eu\/lt\/produktas\/hff04x-kaistis\/"]}]},{"@type":"ImageObject","inLanguage":"lt-LT","@id":"https:\/\/gymfactory.eu\/lt\/produktas\/hff04x-kaistis\/#primaryimage","url":"https:\/\/gymfactory.eu\/wp-content\/uploads\/2025\/04\/HFF04X-Pin-for-Weights.webp","contentUrl":"https:\/\/gymfactory.eu\/wp-content\/uploads\/2025\/04\/HFF04X-Pin-for-Weights.webp","width":600,"height":600,"caption":"Tvirtas metalinis HFF04X 9,5 cm ilgio kai\u0161tis su sta\u010diakampio formos rankena, naudojamas judantiems sporto \u012frangos komponentams tvirtinti."},{"@type":"BreadcrumbList","@id":"https:\/\/gymfactory.eu\/lt\/produktas\/hff04x-kaistis\/#breadcrumb","itemListElement":[{"@type":"ListItem","position":1,"name":"Pagrindinis","item":"https:\/\/gymfactory.eu\/lt\/"},{"@type":"ListItem","position":2,"name":"Katalogas","item":"https:\/\/gymfactory.eu\/lt\/katalogas\/"},{"@type":"ListItem","position":3,"name":"HFF04X Fiksavimo kai\u0161tis"}]},{"@type":"WebSite","@id":"https:\/\/gymfactory.eu\/lt\/#website","url":"https:\/\/gymfactory.eu\/lt\/","name":"Gym Factory","description":"","publisher":{"@id":"https:\/\/gymfactory.eu\/lt\/#organization"},"potentialAction":[{"@type":"SearchAction","target":{"@type":"EntryPoint","urlTemplate":"https:\/\/gymfactory.eu\/lt\/?s={search_term_string}"},"query-input":{"@type":"PropertyValueSpecification","valueRequired":true,"valueName":"search_term_string"}}],"inLanguage":"lt-LT"},{"@type":"Organization","@id":"https:\/\/gymfactory.eu\/lt\/#organization","name":"Sporto sal\u0117s gamykla","url":"https:\/\/gymfactory.eu\/lt\/","logo":{"@type":"ImageObject","inLanguage":"lt-LT","@id":"https:\/\/gymfactory.eu\/lt\/#\/schema\/logo\/image\/","url":"https:\/\/gymfactory.eu\/wp-content\/uploads\/2024\/11\/Component-1.svg","contentUrl":"https:\/\/gymfactory.eu\/wp-content\/uploads\/2024\/11\/Component-1.svg","width":54,"height":44,"caption":"Sporto sal\u0117s gamykla"},"image":{"@id":"https:\/\/gymfactory.eu\/lt\/#\/schema\/logo\/image\/"}}]}},"_links":{"self":[{"href":"https:\/\/gymfactory.eu\/lt\/wp-json\/wp\/v2\/product\/9521","targetHints":{"allow":["GET"]}}],"collection":[{"href":"https:\/\/gymfactory.eu\/lt\/wp-json\/wp\/v2\/product"}],"about":[{"href":"https:\/\/gymfactory.eu\/lt\/wp-json\/wp\/v2\/types\/product"}],"wp:featuredmedia":[{"embeddable":true,"href":"https:\/\/gymfactory.eu\/lt\/wp-json\/wp\/v2\/media\/9039"}],"wp:attachment":[{"href":"https:\/\/gymfactory.eu\/lt\/wp-json\/wp\/v2\/media?parent=9521"}],"wp:term":[{"taxonomy":"product_brand","embeddable":true,"href":"https:\/\/gymfactory.eu\/lt\/wp-json\/wp\/v2\/product_brand?post=9521"},{"taxonomy":"product_cat","embeddable":true,"href":"https:\/\/gymfactory.eu\/lt\/wp-json\/wp\/v2\/product_cat?post=9521"},{"taxonomy":"product_tag","embeddable":true,"href":"https:\/\/gymfactory.eu\/lt\/wp-json\/wp\/v2\/product_tag?post=9521"}],"curies":[{"name":"wp","href":"https:\/\/api.w.org\/{rel}","templated":true}]}}