{"id":9513,"date":"2025-05-26T12:09:15","date_gmt":"2025-05-26T09:09:15","guid":{"rendered":"https:\/\/gymfactory.eu\/product\/wp-0-svoriu-kruvos-blokas\/"},"modified":"2025-09-09T16:02:43","modified_gmt":"2025-09-09T13:02:43","slug":"wp-0-svoriu-kruvos-blokas","status":"publish","type":"product","link":"https:\/\/gymfactory.eu\/lt\/produktas\/wp-0-svoriu-kruvos-blokas\/","title":{"rendered":"WP-0 Svorio blokas"},"content":{"rendered":"<p>WP-0 svorio blokas skirtas treniruokliams su tros\u0173 sistema ir vertikaliais kreipian\u010diaisiais strypais. Komplekt\u0105 sudaro po 5 kg sverian\u010dios plok\u0161t\u0117s (\u012fskaitant vir\u0161utin\u0119 plok\u0161t\u0119), o bendra svorio bloko mas\u0117 gali b\u016bti 80 kg, 100 kg, 120 kg, 150 kg arba 180 kg. Plok\u0161t\u0117s pritaikytos 20 mm skersmens kreipiamiesiems strypams arba vamzd\u017eiams.<\/p>\n<p>Vir\u0161utin\u0117 plok\u0161t\u0117 \u012fskai\u010diuota \u012f bendr\u0105 svor\u012f ir pritaikyta centriniam strypo tvirtinimui. Centrinis kreipiamasis strypas turi M16 srieg\u012f vir\u0161uje fiksacijai. Pirmoji plok\u0161t\u0117 prie strypo pritvirtinama fiksuotu kai\u0161\u010diu. Svorio pasirinkimui naudojamas atskiras fiksavimo kai\u0161tis su pritvirtinta virvele. \u012e komplekt\u0105 taip pat \u012feina svorio \u017eym\u0117jimo lipdukai.<\/p>\n<p><strong>Komplektacija:<\/strong><\/p>\n<ul>\n<li><a href=\"https:\/\/gymfactory.eu\/lt\/produktas\/wp-2-svorio-pakelimo-plokste-5-kg\/\" target=\"_blank\" rel=\"noopener\">Svorio plok\u0161t\u0117s, po 5 kg kiekviena [WP-2]<\/a><\/li>\n<li><a href=\"https:\/\/gymfactory.eu\/lt\/produktas\/wp-2x-virsutinio-svorio-kamino-plokste\/\" target=\"_blank\" rel=\"noopener\">Vir\u0161utin\u0117 plok\u0161t\u0117 (WP-2X)<\/a><\/li>\n<li><a href=\"https:\/\/gymfactory.eu\/lt\/produktas\/wp-3-centrinis-kreipiamasis-strypas\/\" target=\"_blank\" rel=\"noopener\">Centrinis kreipiamasis strypas su M16 sriegiu (WP-3)<\/a><\/li>\n<li><a href=\"https:\/\/gymfactory.eu\/lt\/produktas\/wp-3x-jungties-kaistis\/\" target=\"_blank\" rel=\"noopener\">Fiksuotas jungiamasis kai\u0161tis pirmai plok\u0161tei (WP-3X)<\/a><\/li>\n<li><a href=\"https:\/\/gymfactory.eu\/lt\/produktas\/hff03x-svorio-bloko-kaistis\/\" target=\"_blank\" rel=\"noopener\">Svorio fiksavimo kai\u0161tis su virvele (HFF03X)<\/a><\/li>\n<li><a href=\"https:\/\/gymfactory.eu\/lt\/produktas\/wp-1-svorio-kruvos-etiketes\/\" target=\"_blank\" rel=\"noopener\">Svorio \u017eym\u0117jimo lipduk\u0173 komplektas (WP-1)<\/a><\/li>\n<\/ul>\n<p>&nbsp;<\/p>\n<p>WP-0 skirtas treniruokliams, kuriose naudojamos centralizuotai valdomi svori\u0173 blokai, ir tur\u0117t\u0173 b\u016bti montuojamas tik su tokio tipo konstrukcijomis suderinamose sistemose.<\/p>\n\n    <div class=\"xs_social_share_widget xs_share_url after_content \t\tmain_content  wslu-style-1 wslu-share-box-shaped wslu-fill-colored wslu-none wslu-share-horizontal wslu-theme-font-no wslu-main_content\">\n\n\t\t\n        <ul>\n\t\t\t        <\/ul>\n    <\/div> \n","protected":false},"excerpt":{"rendered":"<p>WP-0 svorio blokas skirtas treniruokliams su tros\u0173 sistema ir vertikaliais kreipian\u010diaisiais strypais. Komplekt\u0105 sudaro po 5 kg sverian\u010dios plok\u0161t\u0117s (\u012fskaitant vir\u0161utin\u0119 plok\u0161t\u0119), o bendra svorio bloko mas\u0117 gali b\u016bti 80 kg, 100 kg, 120 kg, 150 kg arba 180 kg. Plok\u0161t\u0117s pritaikytos 20 mm skersmens kreipiamiesiems strypams arba vamzd\u017eiams. Vir\u0161utin\u0117 plok\u0161t\u0117 \u012fskai\u010diuota \u012f bendr\u0105 svor\u012f [&hellip;]<\/p>\n","protected":false},"featured_media":9183,"template":"","meta":{"_acf_changed":false},"product_brand":[56],"product_cat":[392],"product_tag":[393],"class_list":{"0":"post-9513","1":"product","2":"type-product","3":"status-publish","4":"has-post-thumbnail","6":"product_brand-gym-factory","7":"product_cat-atsargines-dalys","8":"product_tag-spalva-nera-spalvu","10":"first","11":"onbackorder","12":"taxable","13":"shipping-taxable","14":"purchasable","15":"product-type-variable","16":"has-default-attributes"},"acf":[],"yoast_head":"<!-- This site is optimized with the Yoast SEO plugin v25.2 - https:\/\/yoast.com\/wordpress\/plugins\/seo\/ -->\n<title>WP-0 Svorio blokas - Gym Factory<\/title>\n<meta name=\"description\" content=\"Kablin\u0117s treniruoklio svori\u0173 d\u0117\u017e\u0117 (WP-0) su 5 kg plok\u0161tel\u0117mis, vir\u0161utine plok\u0161tele, M16 strypu ir pasirinkimo kai\u0161\u010diu. Tinka 20 mm kreipiamiesiems strypams. Galima \u012fsigyti nuo 80 kg iki 180 kg rinkinius.\" \/>\n<meta name=\"robots\" content=\"index, follow, max-snippet:-1, max-image-preview:large, max-video-preview:-1\" \/>\n<link rel=\"canonical\" href=\"https:\/\/gymfactory.eu\/lt\/produktas\/wp-0-svoriu-kruvos-blokas\/\" \/>\n<meta property=\"og:locale\" content=\"lt_LT\" \/>\n<meta property=\"og:type\" content=\"article\" \/>\n<meta property=\"og:title\" content=\"WP-0 Svorio blokas - Gym Factory\" \/>\n<meta property=\"og:description\" content=\"Kablin\u0117s treniruoklio svori\u0173 d\u0117\u017e\u0117 (WP-0) su 5 kg plok\u0161tel\u0117mis, vir\u0161utine plok\u0161tele, M16 strypu ir pasirinkimo kai\u0161\u010diu. Tinka 20 mm kreipiamiesiems strypams. Galima \u012fsigyti nuo 80 kg iki 180 kg rinkinius.\" \/>\n<meta property=\"og:url\" content=\"https:\/\/gymfactory.eu\/lt\/produktas\/wp-0-svoriu-kruvos-blokas\/\" \/>\n<meta property=\"og:site_name\" content=\"Gym Factory\" \/>\n<meta property=\"article:modified_time\" content=\"2025-09-09T13:02:43+00:00\" \/>\n<meta property=\"og:image\" content=\"https:\/\/gymfactory.eu\/wp-content\/uploads\/2025\/05\/WP-0-weight-stack-block-80-kg-with-selector-pin-and-top-plate.jpg\" \/>\n\t<meta property=\"og:image:width\" content=\"1500\" \/>\n\t<meta property=\"og:image:height\" content=\"1500\" \/>\n\t<meta property=\"og:image:type\" content=\"image\/jpeg\" \/>\n<meta name=\"twitter:card\" content=\"summary_large_image\" \/>\n<meta name=\"twitter:label1\" content=\"Est. reading time\" \/>\n\t<meta name=\"twitter:data1\" content=\"1 minut\u0117\" \/>\n<script type=\"application\/ld+json\" class=\"yoast-schema-graph\">{\"@context\":\"https:\/\/schema.org\",\"@graph\":[{\"@type\":\"WebPage\",\"@id\":\"https:\/\/gymfactory.eu\/lt\/produktas\/wp-0-svoriu-kruvos-blokas\/\",\"url\":\"https:\/\/gymfactory.eu\/lt\/produktas\/wp-0-svoriu-kruvos-blokas\/\",\"name\":\"WP-0 Svorio blokas - Gym Factory\",\"isPartOf\":{\"@id\":\"https:\/\/gymfactory.eu\/lt\/#website\"},\"primaryImageOfPage\":{\"@id\":\"https:\/\/gymfactory.eu\/lt\/produktas\/wp-0-svoriu-kruvos-blokas\/#primaryimage\"},\"image\":{\"@id\":\"https:\/\/gymfactory.eu\/lt\/produktas\/wp-0-svoriu-kruvos-blokas\/#primaryimage\"},\"thumbnailUrl\":\"https:\/\/gymfactory.eu\/wp-content\/uploads\/2025\/05\/WP-0-weight-stack-block-80-kg-with-selector-pin-and-top-plate.jpg\",\"datePublished\":\"2025-05-26T09:09:15+00:00\",\"dateModified\":\"2025-09-09T13:02:43+00:00\",\"description\":\"Kablin\u0117s treniruoklio svori\u0173 d\u0117\u017e\u0117 (WP-0) su 5 kg plok\u0161tel\u0117mis, vir\u0161utine plok\u0161tele, M16 strypu ir pasirinkimo kai\u0161\u010diu. Tinka 20 mm kreipiamiesiems strypams. Galima \u012fsigyti nuo 80 kg iki 180 kg rinkinius.\",\"breadcrumb\":{\"@id\":\"https:\/\/gymfactory.eu\/lt\/produktas\/wp-0-svoriu-kruvos-blokas\/#breadcrumb\"},\"inLanguage\":\"lt-LT\",\"potentialAction\":[{\"@type\":\"ReadAction\",\"target\":[\"https:\/\/gymfactory.eu\/lt\/produktas\/wp-0-svoriu-kruvos-blokas\/\"]}]},{\"@type\":\"ImageObject\",\"inLanguage\":\"lt-LT\",\"@id\":\"https:\/\/gymfactory.eu\/lt\/produktas\/wp-0-svoriu-kruvos-blokas\/#primaryimage\",\"url\":\"https:\/\/gymfactory.eu\/wp-content\/uploads\/2025\/05\/WP-0-weight-stack-block-80-kg-with-selector-pin-and-top-plate.jpg\",\"contentUrl\":\"https:\/\/gymfactory.eu\/wp-content\/uploads\/2025\/05\/WP-0-weight-stack-block-80-kg-with-selector-pin-and-top-plate.jpg\",\"width\":1500,\"height\":1500,\"caption\":\"WP-0 kabeli\u0173 ma\u0161inos svorio kr\u016bva - 80 kg versija parodyta su pasirinkimo kai\u0161\u010diu ir lipduko \u017eymomis\"},{\"@type\":\"BreadcrumbList\",\"@id\":\"https:\/\/gymfactory.eu\/lt\/produktas\/wp-0-svoriu-kruvos-blokas\/#breadcrumb\",\"itemListElement\":[{\"@type\":\"ListItem\",\"position\":1,\"name\":\"Pagrindinis\",\"item\":\"https:\/\/gymfactory.eu\/lt\/\"},{\"@type\":\"ListItem\",\"position\":2,\"name\":\"Katalogas\",\"item\":\"https:\/\/gymfactory.eu\/lt\/katalogas\/\"},{\"@type\":\"ListItem\",\"position\":3,\"name\":\"WP-0 Svorio blokas\"}]},{\"@type\":\"WebSite\",\"@id\":\"https:\/\/gymfactory.eu\/lt\/#website\",\"url\":\"https:\/\/gymfactory.eu\/lt\/\",\"name\":\"Gym Factory\",\"description\":\"\",\"publisher\":{\"@id\":\"https:\/\/gymfactory.eu\/lt\/#organization\"},\"potentialAction\":[{\"@type\":\"SearchAction\",\"target\":{\"@type\":\"EntryPoint\",\"urlTemplate\":\"https:\/\/gymfactory.eu\/lt\/?s={search_term_string}\"},\"query-input\":{\"@type\":\"PropertyValueSpecification\",\"valueRequired\":true,\"valueName\":\"search_term_string\"}}],\"inLanguage\":\"lt-LT\"},{\"@type\":\"Organization\",\"@id\":\"https:\/\/gymfactory.eu\/lt\/#organization\",\"name\":\"Sporto sal\u0117s gamykla\",\"url\":\"https:\/\/gymfactory.eu\/lt\/\",\"logo\":{\"@type\":\"ImageObject\",\"inLanguage\":\"lt-LT\",\"@id\":\"https:\/\/gymfactory.eu\/lt\/#\/schema\/logo\/image\/\",\"url\":\"https:\/\/gymfactory.eu\/wp-content\/uploads\/2024\/11\/Component-1.svg\",\"contentUrl\":\"https:\/\/gymfactory.eu\/wp-content\/uploads\/2024\/11\/Component-1.svg\",\"width\":54,\"height\":44,\"caption\":\"Sporto sal\u0117s gamykla\"},\"image\":{\"@id\":\"https:\/\/gymfactory.eu\/lt\/#\/schema\/logo\/image\/\"}}]}<\/script>\n<!-- \/ Yoast SEO plugin. -->","yoast_head_json":{"title":"WP-0 Svorio blokas - Gym Factory","description":"Kablin\u0117s treniruoklio svori\u0173 d\u0117\u017e\u0117 (WP-0) su 5 kg plok\u0161tel\u0117mis, vir\u0161utine plok\u0161tele, M16 strypu ir pasirinkimo kai\u0161\u010diu. Tinka 20 mm kreipiamiesiems strypams. Galima \u012fsigyti nuo 80 kg iki 180 kg rinkinius.","robots":{"index":"index","follow":"follow","max-snippet":"max-snippet:-1","max-image-preview":"max-image-preview:large","max-video-preview":"max-video-preview:-1"},"canonical":"https:\/\/gymfactory.eu\/lt\/produktas\/wp-0-svoriu-kruvos-blokas\/","og_locale":"lt_LT","og_type":"article","og_title":"WP-0 Svorio blokas - Gym Factory","og_description":"Kablin\u0117s treniruoklio svori\u0173 d\u0117\u017e\u0117 (WP-0) su 5 kg plok\u0161tel\u0117mis, vir\u0161utine plok\u0161tele, M16 strypu ir pasirinkimo kai\u0161\u010diu. Tinka 20 mm kreipiamiesiems strypams. Galima \u012fsigyti nuo 80 kg iki 180 kg rinkinius.","og_url":"https:\/\/gymfactory.eu\/lt\/produktas\/wp-0-svoriu-kruvos-blokas\/","og_site_name":"Gym Factory","article_modified_time":"2025-09-09T13:02:43+00:00","og_image":[{"width":1500,"height":1500,"url":"https:\/\/gymfactory.eu\/wp-content\/uploads\/2025\/05\/WP-0-weight-stack-block-80-kg-with-selector-pin-and-top-plate.jpg","type":"image\/jpeg"}],"twitter_card":"summary_large_image","twitter_misc":{"Est. reading time":"1 minut\u0117"},"schema":{"@context":"https:\/\/schema.org","@graph":[{"@type":"WebPage","@id":"https:\/\/gymfactory.eu\/lt\/produktas\/wp-0-svoriu-kruvos-blokas\/","url":"https:\/\/gymfactory.eu\/lt\/produktas\/wp-0-svoriu-kruvos-blokas\/","name":"WP-0 Svorio blokas - Gym Factory","isPartOf":{"@id":"https:\/\/gymfactory.eu\/lt\/#website"},"primaryImageOfPage":{"@id":"https:\/\/gymfactory.eu\/lt\/produktas\/wp-0-svoriu-kruvos-blokas\/#primaryimage"},"image":{"@id":"https:\/\/gymfactory.eu\/lt\/produktas\/wp-0-svoriu-kruvos-blokas\/#primaryimage"},"thumbnailUrl":"https:\/\/gymfactory.eu\/wp-content\/uploads\/2025\/05\/WP-0-weight-stack-block-80-kg-with-selector-pin-and-top-plate.jpg","datePublished":"2025-05-26T09:09:15+00:00","dateModified":"2025-09-09T13:02:43+00:00","description":"Kablin\u0117s treniruoklio svori\u0173 d\u0117\u017e\u0117 (WP-0) su 5 kg plok\u0161tel\u0117mis, vir\u0161utine plok\u0161tele, M16 strypu ir pasirinkimo kai\u0161\u010diu. Tinka 20 mm kreipiamiesiems strypams. Galima \u012fsigyti nuo 80 kg iki 180 kg rinkinius.","breadcrumb":{"@id":"https:\/\/gymfactory.eu\/lt\/produktas\/wp-0-svoriu-kruvos-blokas\/#breadcrumb"},"inLanguage":"lt-LT","potentialAction":[{"@type":"ReadAction","target":["https:\/\/gymfactory.eu\/lt\/produktas\/wp-0-svoriu-kruvos-blokas\/"]}]},{"@type":"ImageObject","inLanguage":"lt-LT","@id":"https:\/\/gymfactory.eu\/lt\/produktas\/wp-0-svoriu-kruvos-blokas\/#primaryimage","url":"https:\/\/gymfactory.eu\/wp-content\/uploads\/2025\/05\/WP-0-weight-stack-block-80-kg-with-selector-pin-and-top-plate.jpg","contentUrl":"https:\/\/gymfactory.eu\/wp-content\/uploads\/2025\/05\/WP-0-weight-stack-block-80-kg-with-selector-pin-and-top-plate.jpg","width":1500,"height":1500,"caption":"WP-0 kabeli\u0173 ma\u0161inos svorio kr\u016bva - 80 kg versija parodyta su pasirinkimo kai\u0161\u010diu ir lipduko \u017eymomis"},{"@type":"BreadcrumbList","@id":"https:\/\/gymfactory.eu\/lt\/produktas\/wp-0-svoriu-kruvos-blokas\/#breadcrumb","itemListElement":[{"@type":"ListItem","position":1,"name":"Pagrindinis","item":"https:\/\/gymfactory.eu\/lt\/"},{"@type":"ListItem","position":2,"name":"Katalogas","item":"https:\/\/gymfactory.eu\/lt\/katalogas\/"},{"@type":"ListItem","position":3,"name":"WP-0 Svorio blokas"}]},{"@type":"WebSite","@id":"https:\/\/gymfactory.eu\/lt\/#website","url":"https:\/\/gymfactory.eu\/lt\/","name":"Gym Factory","description":"","publisher":{"@id":"https:\/\/gymfactory.eu\/lt\/#organization"},"potentialAction":[{"@type":"SearchAction","target":{"@type":"EntryPoint","urlTemplate":"https:\/\/gymfactory.eu\/lt\/?s={search_term_string}"},"query-input":{"@type":"PropertyValueSpecification","valueRequired":true,"valueName":"search_term_string"}}],"inLanguage":"lt-LT"},{"@type":"Organization","@id":"https:\/\/gymfactory.eu\/lt\/#organization","name":"Sporto sal\u0117s gamykla","url":"https:\/\/gymfactory.eu\/lt\/","logo":{"@type":"ImageObject","inLanguage":"lt-LT","@id":"https:\/\/gymfactory.eu\/lt\/#\/schema\/logo\/image\/","url":"https:\/\/gymfactory.eu\/wp-content\/uploads\/2024\/11\/Component-1.svg","contentUrl":"https:\/\/gymfactory.eu\/wp-content\/uploads\/2024\/11\/Component-1.svg","width":54,"height":44,"caption":"Sporto sal\u0117s gamykla"},"image":{"@id":"https:\/\/gymfactory.eu\/lt\/#\/schema\/logo\/image\/"}}]}},"_links":{"self":[{"href":"https:\/\/gymfactory.eu\/lt\/wp-json\/wp\/v2\/product\/9513","targetHints":{"allow":["GET"]}}],"collection":[{"href":"https:\/\/gymfactory.eu\/lt\/wp-json\/wp\/v2\/product"}],"about":[{"href":"https:\/\/gymfactory.eu\/lt\/wp-json\/wp\/v2\/types\/product"}],"wp:featuredmedia":[{"embeddable":true,"href":"https:\/\/gymfactory.eu\/lt\/wp-json\/wp\/v2\/media\/9183"}],"wp:attachment":[{"href":"https:\/\/gymfactory.eu\/lt\/wp-json\/wp\/v2\/media?parent=9513"}],"wp:term":[{"taxonomy":"product_brand","embeddable":true,"href":"https:\/\/gymfactory.eu\/lt\/wp-json\/wp\/v2\/product_brand?post=9513"},{"taxonomy":"product_cat","embeddable":true,"href":"https:\/\/gymfactory.eu\/lt\/wp-json\/wp\/v2\/product_cat?post=9513"},{"taxonomy":"product_tag","embeddable":true,"href":"https:\/\/gymfactory.eu\/lt\/wp-json\/wp\/v2\/product_tag?post=9513"}],"curies":[{"name":"wp","href":"https:\/\/api.w.org\/{rel}","templated":true}]}}