{"id":9503,"date":"2025-05-02T12:21:29","date_gmt":"2025-05-02T09:21:29","guid":{"rendered":"https:\/\/gymfactory.eu\/product\/x1-olimpinio-svorio-plokstes\/"},"modified":"2025-09-05T13:51:57","modified_gmt":"2025-09-05T10:51:57","slug":"x1-olimpinio-svorio-plokstes","status":"publish","type":"product","link":"https:\/\/gymfactory.eu\/lt\/produktas\/x1-olimpinio-svorio-plokstes\/","title":{"rendered":"X1 Olimpiniai svorio diskai"},"content":{"rendered":"<p>X1 olimpiniai svorio diskai \u2013 metaliniai 50 mm skersmens \u0161tangoms ir stovams skirti diskai. Trys patogios su\u0117mimo angos leid\u017eia lengvai paimti, u\u017emauti ar perkelti diskus treniruot\u0117s metu.<\/p>\n<p>Galimi svoriai: 1,25 kg, 2,5 kg, 5 kg, 10 kg, 15 kg, 20 kg ir 25 kg \u2013 tinka prit\u016bpimams, spaudimams, traukoms ir kitiems j\u0117gos pratimams. Diskai pritaikyti tiek nam\u0173 treniruot\u0117ms, tiek profesionaliam naudojimui sporto sal\u0117se.<\/p>\n\n    <div class=\"xs_social_share_widget xs_share_url after_content \t\tmain_content  wslu-style-1 wslu-share-box-shaped wslu-fill-colored wslu-none wslu-share-horizontal wslu-theme-font-no wslu-main_content\">\n\n\t\t\n        <ul>\n\t\t\t        <\/ul>\n    <\/div> \n","protected":false},"excerpt":{"rendered":"<p>X1 olimpiniai svorio diskai \u2013 metaliniai 50 mm skersmens \u0161tangoms ir stovams skirti diskai. Trys patogios su\u0117mimo angos leid\u017eia lengvai paimti, u\u017emauti ar perkelti diskus treniruot\u0117s metu. Galimi svoriai: 1,25 kg, 2,5 kg, 5 kg, 10 kg, 15 kg, 20 kg ir 25 kg \u2013 tinka prit\u016bpimams, spaudimams, traukoms ir kitiems j\u0117gos pratimams. Diskai pritaikyti [&hellip;]<\/p>\n","protected":false},"featured_media":28101,"template":"","meta":{"_acf_changed":false},"product_brand":[817],"product_cat":[405],"product_tag":[393],"class_list":{"0":"post-9503","1":"product","2":"type-product","3":"status-publish","4":"has-post-thumbnail","6":"product_brand-gym-factory-lt","7":"product_cat-svarmenys-ir-stangos","8":"product_tag-spalva-nera-spalvu","10":"first","11":"onbackorder","12":"taxable","13":"shipping-taxable","14":"purchasable","15":"product-type-variable","16":"has-default-attributes"},"acf":[],"yoast_head":"<!-- This site is optimized with the Yoast SEO plugin v25.2 - https:\/\/yoast.com\/wordpress\/plugins\/seo\/ -->\n<title>X1 olimpini\u0173 svori\u0173 plok\u0161t\u0117s j\u0117gos treniruot\u0117ms - &quot;Gym Factory<\/title>\n<meta name=\"description\" content=\"Ie\u0161kote patvarios \u012frangos j\u0117gos treniruot\u0117ms? X1 olimpin\u0117s svarmen\u0173 plok\u0161t\u0117s pasi\u017eymi kokybe, sukibimu ir tikslumu treniruot\u0117ms namuose ar sporto sal\u0117je.\" \/>\n<meta name=\"robots\" content=\"index, follow, max-snippet:-1, max-image-preview:large, max-video-preview:-1\" \/>\n<link rel=\"canonical\" href=\"https:\/\/gymfactory.eu\/lt\/produktas\/x1-olimpinio-svorio-plokstes\/\" \/>\n<meta property=\"og:locale\" content=\"lt_LT\" \/>\n<meta property=\"og:type\" content=\"article\" \/>\n<meta property=\"og:title\" content=\"X1 olimpini\u0173 svori\u0173 plok\u0161t\u0117s j\u0117gos treniruot\u0117ms - &quot;Gym Factory\" \/>\n<meta property=\"og:description\" content=\"Ie\u0161kote patvarios \u012frangos j\u0117gos treniruot\u0117ms? X1 olimpin\u0117s svarmen\u0173 plok\u0161t\u0117s pasi\u017eymi kokybe, sukibimu ir tikslumu treniruot\u0117ms namuose ar sporto sal\u0117je.\" \/>\n<meta property=\"og:url\" content=\"https:\/\/gymfactory.eu\/lt\/produktas\/x1-olimpinio-svorio-plokstes\/\" \/>\n<meta property=\"og:site_name\" content=\"Gym Factory\" \/>\n<meta property=\"article:modified_time\" content=\"2025-09-05T10:51:57+00:00\" \/>\n<meta property=\"og:image\" content=\"https:\/\/gymfactory.eu\/wp-content\/uploads\/2025\/05\/X1-Olympic-Weight-Plates.webp\" \/>\n\t<meta property=\"og:image:width\" content=\"1500\" \/>\n\t<meta property=\"og:image:height\" content=\"1500\" \/>\n\t<meta property=\"og:image:type\" content=\"image\/webp\" \/>\n<meta name=\"twitter:card\" content=\"summary_large_image\" \/>\n<meta name=\"twitter:label1\" content=\"Est. reading time\" \/>\n\t<meta name=\"twitter:data1\" content=\"1 minut\u0117\" \/>\n<script type=\"application\/ld+json\" class=\"yoast-schema-graph\">{\"@context\":\"https:\/\/schema.org\",\"@graph\":[{\"@type\":\"WebPage\",\"@id\":\"https:\/\/gymfactory.eu\/lt\/produktas\/x1-olimpinio-svorio-plokstes\/\",\"url\":\"https:\/\/gymfactory.eu\/lt\/produktas\/x1-olimpinio-svorio-plokstes\/\",\"name\":\"X1 olimpini\u0173 svori\u0173 plok\u0161t\u0117s j\u0117gos treniruot\u0117ms - \\\"Gym Factory\",\"isPartOf\":{\"@id\":\"https:\/\/gymfactory.eu\/lt\/#website\"},\"primaryImageOfPage\":{\"@id\":\"https:\/\/gymfactory.eu\/lt\/produktas\/x1-olimpinio-svorio-plokstes\/#primaryimage\"},\"image\":{\"@id\":\"https:\/\/gymfactory.eu\/lt\/produktas\/x1-olimpinio-svorio-plokstes\/#primaryimage\"},\"thumbnailUrl\":\"https:\/\/gymfactory.eu\/wp-content\/uploads\/2025\/05\/X1-Olympic-Weight-Plates.webp\",\"datePublished\":\"2025-05-02T09:21:29+00:00\",\"dateModified\":\"2025-09-05T10:51:57+00:00\",\"description\":\"Ie\u0161kote patvarios \u012frangos j\u0117gos treniruot\u0117ms? X1 olimpin\u0117s svarmen\u0173 plok\u0161t\u0117s pasi\u017eymi kokybe, sukibimu ir tikslumu treniruot\u0117ms namuose ar sporto sal\u0117je.\",\"breadcrumb\":{\"@id\":\"https:\/\/gymfactory.eu\/lt\/produktas\/x1-olimpinio-svorio-plokstes\/#breadcrumb\"},\"inLanguage\":\"lt-LT\",\"potentialAction\":[{\"@type\":\"ReadAction\",\"target\":[\"https:\/\/gymfactory.eu\/lt\/produktas\/x1-olimpinio-svorio-plokstes\/\"]}]},{\"@type\":\"ImageObject\",\"inLanguage\":\"lt-LT\",\"@id\":\"https:\/\/gymfactory.eu\/lt\/produktas\/x1-olimpinio-svorio-plokstes\/#primaryimage\",\"url\":\"https:\/\/gymfactory.eu\/wp-content\/uploads\/2025\/05\/X1-Olympic-Weight-Plates.webp\",\"contentUrl\":\"https:\/\/gymfactory.eu\/wp-content\/uploads\/2025\/05\/X1-Olympic-Weight-Plates.webp\",\"width\":1500,\"height\":1500,\"caption\":\"Close-up of a round metal plates with three grip handles and a 50mm center hole from the X1 Olympic Weight Plates set, designed as equipment for strength training.\"},{\"@type\":\"BreadcrumbList\",\"@id\":\"https:\/\/gymfactory.eu\/lt\/produktas\/x1-olimpinio-svorio-plokstes\/#breadcrumb\",\"itemListElement\":[{\"@type\":\"ListItem\",\"position\":1,\"name\":\"Pagrindinis\",\"item\":\"https:\/\/gymfactory.eu\/lt\/\"},{\"@type\":\"ListItem\",\"position\":2,\"name\":\"Katalogas\",\"item\":\"https:\/\/gymfactory.eu\/lt\/katalogas\/\"},{\"@type\":\"ListItem\",\"position\":3,\"name\":\"X1 Olimpiniai svorio diskai\"}]},{\"@type\":\"WebSite\",\"@id\":\"https:\/\/gymfactory.eu\/lt\/#website\",\"url\":\"https:\/\/gymfactory.eu\/lt\/\",\"name\":\"Gym Factory\",\"description\":\"\",\"publisher\":{\"@id\":\"https:\/\/gymfactory.eu\/lt\/#organization\"},\"potentialAction\":[{\"@type\":\"SearchAction\",\"target\":{\"@type\":\"EntryPoint\",\"urlTemplate\":\"https:\/\/gymfactory.eu\/lt\/?s={search_term_string}\"},\"query-input\":{\"@type\":\"PropertyValueSpecification\",\"valueRequired\":true,\"valueName\":\"search_term_string\"}}],\"inLanguage\":\"lt-LT\"},{\"@type\":\"Organization\",\"@id\":\"https:\/\/gymfactory.eu\/lt\/#organization\",\"name\":\"Sporto sal\u0117s gamykla\",\"url\":\"https:\/\/gymfactory.eu\/lt\/\",\"logo\":{\"@type\":\"ImageObject\",\"inLanguage\":\"lt-LT\",\"@id\":\"https:\/\/gymfactory.eu\/lt\/#\/schema\/logo\/image\/\",\"url\":\"https:\/\/gymfactory.eu\/wp-content\/uploads\/2024\/11\/Component-1.svg\",\"contentUrl\":\"https:\/\/gymfactory.eu\/wp-content\/uploads\/2024\/11\/Component-1.svg\",\"width\":54,\"height\":44,\"caption\":\"Sporto sal\u0117s gamykla\"},\"image\":{\"@id\":\"https:\/\/gymfactory.eu\/lt\/#\/schema\/logo\/image\/\"}}]}<\/script>\n<!-- \/ Yoast SEO plugin. -->","yoast_head_json":{"title":"X1 olimpini\u0173 svori\u0173 plok\u0161t\u0117s j\u0117gos treniruot\u0117ms - \"Gym Factory","description":"Ie\u0161kote patvarios \u012frangos j\u0117gos treniruot\u0117ms? X1 olimpin\u0117s svarmen\u0173 plok\u0161t\u0117s pasi\u017eymi kokybe, sukibimu ir tikslumu treniruot\u0117ms namuose ar sporto sal\u0117je.","robots":{"index":"index","follow":"follow","max-snippet":"max-snippet:-1","max-image-preview":"max-image-preview:large","max-video-preview":"max-video-preview:-1"},"canonical":"https:\/\/gymfactory.eu\/lt\/produktas\/x1-olimpinio-svorio-plokstes\/","og_locale":"lt_LT","og_type":"article","og_title":"X1 olimpini\u0173 svori\u0173 plok\u0161t\u0117s j\u0117gos treniruot\u0117ms - \"Gym Factory","og_description":"Ie\u0161kote patvarios \u012frangos j\u0117gos treniruot\u0117ms? X1 olimpin\u0117s svarmen\u0173 plok\u0161t\u0117s pasi\u017eymi kokybe, sukibimu ir tikslumu treniruot\u0117ms namuose ar sporto sal\u0117je.","og_url":"https:\/\/gymfactory.eu\/lt\/produktas\/x1-olimpinio-svorio-plokstes\/","og_site_name":"Gym Factory","article_modified_time":"2025-09-05T10:51:57+00:00","og_image":[{"width":1500,"height":1500,"url":"https:\/\/gymfactory.eu\/wp-content\/uploads\/2025\/05\/X1-Olympic-Weight-Plates.webp","type":"image\/webp"}],"twitter_card":"summary_large_image","twitter_misc":{"Est. reading time":"1 minut\u0117"},"schema":{"@context":"https:\/\/schema.org","@graph":[{"@type":"WebPage","@id":"https:\/\/gymfactory.eu\/lt\/produktas\/x1-olimpinio-svorio-plokstes\/","url":"https:\/\/gymfactory.eu\/lt\/produktas\/x1-olimpinio-svorio-plokstes\/","name":"X1 olimpini\u0173 svori\u0173 plok\u0161t\u0117s j\u0117gos treniruot\u0117ms - \"Gym Factory","isPartOf":{"@id":"https:\/\/gymfactory.eu\/lt\/#website"},"primaryImageOfPage":{"@id":"https:\/\/gymfactory.eu\/lt\/produktas\/x1-olimpinio-svorio-plokstes\/#primaryimage"},"image":{"@id":"https:\/\/gymfactory.eu\/lt\/produktas\/x1-olimpinio-svorio-plokstes\/#primaryimage"},"thumbnailUrl":"https:\/\/gymfactory.eu\/wp-content\/uploads\/2025\/05\/X1-Olympic-Weight-Plates.webp","datePublished":"2025-05-02T09:21:29+00:00","dateModified":"2025-09-05T10:51:57+00:00","description":"Ie\u0161kote patvarios \u012frangos j\u0117gos treniruot\u0117ms? X1 olimpin\u0117s svarmen\u0173 plok\u0161t\u0117s pasi\u017eymi kokybe, sukibimu ir tikslumu treniruot\u0117ms namuose ar sporto sal\u0117je.","breadcrumb":{"@id":"https:\/\/gymfactory.eu\/lt\/produktas\/x1-olimpinio-svorio-plokstes\/#breadcrumb"},"inLanguage":"lt-LT","potentialAction":[{"@type":"ReadAction","target":["https:\/\/gymfactory.eu\/lt\/produktas\/x1-olimpinio-svorio-plokstes\/"]}]},{"@type":"ImageObject","inLanguage":"lt-LT","@id":"https:\/\/gymfactory.eu\/lt\/produktas\/x1-olimpinio-svorio-plokstes\/#primaryimage","url":"https:\/\/gymfactory.eu\/wp-content\/uploads\/2025\/05\/X1-Olympic-Weight-Plates.webp","contentUrl":"https:\/\/gymfactory.eu\/wp-content\/uploads\/2025\/05\/X1-Olympic-Weight-Plates.webp","width":1500,"height":1500,"caption":"Close-up of a round metal plates with three grip handles and a 50mm center hole from the X1 Olympic Weight Plates set, designed as equipment for strength training."},{"@type":"BreadcrumbList","@id":"https:\/\/gymfactory.eu\/lt\/produktas\/x1-olimpinio-svorio-plokstes\/#breadcrumb","itemListElement":[{"@type":"ListItem","position":1,"name":"Pagrindinis","item":"https:\/\/gymfactory.eu\/lt\/"},{"@type":"ListItem","position":2,"name":"Katalogas","item":"https:\/\/gymfactory.eu\/lt\/katalogas\/"},{"@type":"ListItem","position":3,"name":"X1 Olimpiniai svorio diskai"}]},{"@type":"WebSite","@id":"https:\/\/gymfactory.eu\/lt\/#website","url":"https:\/\/gymfactory.eu\/lt\/","name":"Gym Factory","description":"","publisher":{"@id":"https:\/\/gymfactory.eu\/lt\/#organization"},"potentialAction":[{"@type":"SearchAction","target":{"@type":"EntryPoint","urlTemplate":"https:\/\/gymfactory.eu\/lt\/?s={search_term_string}"},"query-input":{"@type":"PropertyValueSpecification","valueRequired":true,"valueName":"search_term_string"}}],"inLanguage":"lt-LT"},{"@type":"Organization","@id":"https:\/\/gymfactory.eu\/lt\/#organization","name":"Sporto sal\u0117s gamykla","url":"https:\/\/gymfactory.eu\/lt\/","logo":{"@type":"ImageObject","inLanguage":"lt-LT","@id":"https:\/\/gymfactory.eu\/lt\/#\/schema\/logo\/image\/","url":"https:\/\/gymfactory.eu\/wp-content\/uploads\/2024\/11\/Component-1.svg","contentUrl":"https:\/\/gymfactory.eu\/wp-content\/uploads\/2024\/11\/Component-1.svg","width":54,"height":44,"caption":"Sporto sal\u0117s gamykla"},"image":{"@id":"https:\/\/gymfactory.eu\/lt\/#\/schema\/logo\/image\/"}}]}},"_links":{"self":[{"href":"https:\/\/gymfactory.eu\/lt\/wp-json\/wp\/v2\/product\/9503","targetHints":{"allow":["GET"]}}],"collection":[{"href":"https:\/\/gymfactory.eu\/lt\/wp-json\/wp\/v2\/product"}],"about":[{"href":"https:\/\/gymfactory.eu\/lt\/wp-json\/wp\/v2\/types\/product"}],"wp:featuredmedia":[{"embeddable":true,"href":"https:\/\/gymfactory.eu\/lt\/wp-json\/wp\/v2\/media\/28101"}],"wp:attachment":[{"href":"https:\/\/gymfactory.eu\/lt\/wp-json\/wp\/v2\/media?parent=9503"}],"wp:term":[{"taxonomy":"product_brand","embeddable":true,"href":"https:\/\/gymfactory.eu\/lt\/wp-json\/wp\/v2\/product_brand?post=9503"},{"taxonomy":"product_cat","embeddable":true,"href":"https:\/\/gymfactory.eu\/lt\/wp-json\/wp\/v2\/product_cat?post=9503"},{"taxonomy":"product_tag","embeddable":true,"href":"https:\/\/gymfactory.eu\/lt\/wp-json\/wp\/v2\/product_tag?post=9503"}],"curies":[{"name":"wp","href":"https:\/\/api.w.org\/{rel}","templated":true}]}}