{"id":9502,"date":"2025-04-30T14:35:53","date_gmt":"2025-04-30T11:35:53","guid":{"rendered":"https:\/\/gymfactory.eu\/product\/wn-2-rankenos-galinis-dangtelis\/"},"modified":"2025-09-09T16:00:05","modified_gmt":"2025-09-09T13:00:05","slug":"wn-2-rankenos-galinis-dangtelis","status":"publish","type":"product","link":"https:\/\/gymfactory.eu\/lt\/produktas\/wn-2-rankenos-galinis-dangtelis\/","title":{"rendered":"WN-2 Rankenos galinis dangtelis"},"content":{"rendered":"<p>WN-2 rankenos galinis dangtelis, skirtas montuoti ant ner\u016bdijan\u010dio plieno ranken\u0173. Turi apvali\u0105 plastikin\u0119 dal\u012f su sriegiuota metaline \u012fvore patikimam tvirtinimui. Dangtelis neleid\u017eia rankai nuslysti nuo rankenos ir u\u017edengia atvir\u0105 gal\u0105, pagerindamas saugum\u0105 bei patogum\u0105 naudojimo metu.<\/p>\n\n    <div class=\"xs_social_share_widget xs_share_url after_content \t\tmain_content  wslu-style-1 wslu-share-box-shaped wslu-fill-colored wslu-none wslu-share-horizontal wslu-theme-font-no wslu-main_content\">\n\n\t\t\n        <ul>\n\t\t\t        <\/ul>\n    <\/div> \n","protected":false},"excerpt":{"rendered":"<p>WN-2 rankenos galinis dangtelis, skirtas montuoti ant ner\u016bdijan\u010dio plieno ranken\u0173. Turi apvali\u0105 plastikin\u0119 dal\u012f su sriegiuota metaline \u012fvore patikimam tvirtinimui. Dangtelis neleid\u017eia rankai nuslysti nuo rankenos ir u\u017edengia atvir\u0105 gal\u0105, pagerindamas saugum\u0105 bei patogum\u0105 naudojimo metu.<\/p>\n","protected":false},"featured_media":9045,"template":"","meta":{"_acf_changed":false},"product_brand":[56],"product_cat":[392],"product_tag":[393],"class_list":{"0":"post-9502","1":"product","2":"type-product","3":"status-publish","4":"has-post-thumbnail","6":"product_brand-gym-factory","7":"product_cat-atsargines-dalys","8":"product_tag-spalva-nera-spalvu","10":"first","11":"instock","12":"taxable","13":"shipping-taxable","14":"purchasable","15":"product-type-simple"},"acf":[],"yoast_head":"<!-- This site is optimized with the Yoast SEO plugin v25.2 - https:\/\/yoast.com\/wordpress\/plugins\/seo\/ -->\n<title>WN-2 rankenos galinis dangtelis sporto \u012frangos rankenoms<\/title>\n<meta name=\"description\" content=\"Saugus ir ergonomi\u0161kas WN-2 rankenos galinis dangtelis, skirtas treniruokli\u0173 \u012frangai. Padidina saugum\u0105 ir patogum\u0105 d\u0117l patvarios konstrukcijos ir metalinio srieginio tvirtinimo elemento.\" \/>\n<meta name=\"robots\" content=\"index, follow, max-snippet:-1, max-image-preview:large, max-video-preview:-1\" \/>\n<link rel=\"canonical\" href=\"https:\/\/gymfactory.eu\/lt\/produktas\/wn-2-rankenos-galinis-dangtelis\/\" \/>\n<meta property=\"og:locale\" content=\"lt_LT\" \/>\n<meta property=\"og:type\" content=\"article\" \/>\n<meta property=\"og:title\" content=\"WN-2 rankenos galinis dangtelis sporto \u012frangos rankenoms\" \/>\n<meta property=\"og:description\" content=\"Saugus ir ergonomi\u0161kas WN-2 rankenos galinis dangtelis, skirtas treniruokli\u0173 \u012frangai. Padidina saugum\u0105 ir patogum\u0105 d\u0117l patvarios konstrukcijos ir metalinio srieginio tvirtinimo elemento.\" \/>\n<meta property=\"og:url\" content=\"https:\/\/gymfactory.eu\/lt\/produktas\/wn-2-rankenos-galinis-dangtelis\/\" \/>\n<meta property=\"og:site_name\" content=\"Gym Factory\" \/>\n<meta property=\"article:modified_time\" content=\"2025-09-09T13:00:05+00:00\" \/>\n<meta property=\"og:image\" content=\"https:\/\/gymfactory.eu\/wp-content\/uploads\/2025\/04\/WN-2-Handle-End-Cap-gym-equipment-side-view.webp\" \/>\n\t<meta property=\"og:image:width\" content=\"600\" \/>\n\t<meta property=\"og:image:height\" content=\"600\" \/>\n\t<meta property=\"og:image:type\" content=\"image\/webp\" \/>\n<meta name=\"twitter:card\" content=\"summary_large_image\" \/>\n<meta name=\"twitter:label1\" content=\"Est. reading time\" \/>\n\t<meta name=\"twitter:data1\" content=\"1 minut\u0117\" \/>\n<script type=\"application\/ld+json\" class=\"yoast-schema-graph\">{\"@context\":\"https:\/\/schema.org\",\"@graph\":[{\"@type\":\"WebPage\",\"@id\":\"https:\/\/gymfactory.eu\/lt\/produktas\/wn-2-rankenos-galinis-dangtelis\/\",\"url\":\"https:\/\/gymfactory.eu\/lt\/produktas\/wn-2-rankenos-galinis-dangtelis\/\",\"name\":\"WN-2 rankenos galinis dangtelis sporto \u012frangos rankenoms\",\"isPartOf\":{\"@id\":\"https:\/\/gymfactory.eu\/lt\/#website\"},\"primaryImageOfPage\":{\"@id\":\"https:\/\/gymfactory.eu\/lt\/produktas\/wn-2-rankenos-galinis-dangtelis\/#primaryimage\"},\"image\":{\"@id\":\"https:\/\/gymfactory.eu\/lt\/produktas\/wn-2-rankenos-galinis-dangtelis\/#primaryimage\"},\"thumbnailUrl\":\"https:\/\/gymfactory.eu\/wp-content\/uploads\/2025\/04\/WN-2-Handle-End-Cap-gym-equipment-side-view.webp\",\"datePublished\":\"2025-04-30T11:35:53+00:00\",\"dateModified\":\"2025-09-09T13:00:05+00:00\",\"description\":\"Saugus ir ergonomi\u0161kas WN-2 rankenos galinis dangtelis, skirtas treniruokli\u0173 \u012frangai. Padidina saugum\u0105 ir patogum\u0105 d\u0117l patvarios konstrukcijos ir metalinio srieginio tvirtinimo elemento.\",\"breadcrumb\":{\"@id\":\"https:\/\/gymfactory.eu\/lt\/produktas\/wn-2-rankenos-galinis-dangtelis\/#breadcrumb\"},\"inLanguage\":\"lt-LT\",\"potentialAction\":[{\"@type\":\"ReadAction\",\"target\":[\"https:\/\/gymfactory.eu\/lt\/produktas\/wn-2-rankenos-galinis-dangtelis\/\"]}]},{\"@type\":\"ImageObject\",\"inLanguage\":\"lt-LT\",\"@id\":\"https:\/\/gymfactory.eu\/lt\/produktas\/wn-2-rankenos-galinis-dangtelis\/#primaryimage\",\"url\":\"https:\/\/gymfactory.eu\/wp-content\/uploads\/2025\/04\/WN-2-Handle-End-Cap-gym-equipment-side-view.webp\",\"contentUrl\":\"https:\/\/gymfactory.eu\/wp-content\/uploads\/2025\/04\/WN-2-Handle-End-Cap-gym-equipment-side-view.webp\",\"width\":600,\"height\":600,\"caption\":\"WN-2 rankenos galinio dangtelio vaizdas i\u0161 \u0161ono, kuriame matyti ergonomi\u0161ka juodo plastiko forma ir srieginis var\u017etas, idealiai tinkantis sporto \u012frangos saugumui ir patogumui.\"},{\"@type\":\"BreadcrumbList\",\"@id\":\"https:\/\/gymfactory.eu\/lt\/produktas\/wn-2-rankenos-galinis-dangtelis\/#breadcrumb\",\"itemListElement\":[{\"@type\":\"ListItem\",\"position\":1,\"name\":\"Pagrindinis\",\"item\":\"https:\/\/gymfactory.eu\/lt\/\"},{\"@type\":\"ListItem\",\"position\":2,\"name\":\"Katalogas\",\"item\":\"https:\/\/gymfactory.eu\/lt\/katalogas\/\"},{\"@type\":\"ListItem\",\"position\":3,\"name\":\"WN-2 Rankenos galinis dangtelis\"}]},{\"@type\":\"WebSite\",\"@id\":\"https:\/\/gymfactory.eu\/lt\/#website\",\"url\":\"https:\/\/gymfactory.eu\/lt\/\",\"name\":\"Gym Factory\",\"description\":\"\",\"publisher\":{\"@id\":\"https:\/\/gymfactory.eu\/lt\/#organization\"},\"potentialAction\":[{\"@type\":\"SearchAction\",\"target\":{\"@type\":\"EntryPoint\",\"urlTemplate\":\"https:\/\/gymfactory.eu\/lt\/?s={search_term_string}\"},\"query-input\":{\"@type\":\"PropertyValueSpecification\",\"valueRequired\":true,\"valueName\":\"search_term_string\"}}],\"inLanguage\":\"lt-LT\"},{\"@type\":\"Organization\",\"@id\":\"https:\/\/gymfactory.eu\/lt\/#organization\",\"name\":\"Sporto sal\u0117s gamykla\",\"url\":\"https:\/\/gymfactory.eu\/lt\/\",\"logo\":{\"@type\":\"ImageObject\",\"inLanguage\":\"lt-LT\",\"@id\":\"https:\/\/gymfactory.eu\/lt\/#\/schema\/logo\/image\/\",\"url\":\"https:\/\/gymfactory.eu\/wp-content\/uploads\/2024\/11\/Component-1.svg\",\"contentUrl\":\"https:\/\/gymfactory.eu\/wp-content\/uploads\/2024\/11\/Component-1.svg\",\"width\":54,\"height\":44,\"caption\":\"Sporto sal\u0117s gamykla\"},\"image\":{\"@id\":\"https:\/\/gymfactory.eu\/lt\/#\/schema\/logo\/image\/\"}}]}<\/script>\n<!-- \/ Yoast SEO plugin. -->","yoast_head_json":{"title":"WN-2 rankenos galinis dangtelis sporto \u012frangos rankenoms","description":"Saugus ir ergonomi\u0161kas WN-2 rankenos galinis dangtelis, skirtas treniruokli\u0173 \u012frangai. Padidina saugum\u0105 ir patogum\u0105 d\u0117l patvarios konstrukcijos ir metalinio srieginio tvirtinimo elemento.","robots":{"index":"index","follow":"follow","max-snippet":"max-snippet:-1","max-image-preview":"max-image-preview:large","max-video-preview":"max-video-preview:-1"},"canonical":"https:\/\/gymfactory.eu\/lt\/produktas\/wn-2-rankenos-galinis-dangtelis\/","og_locale":"lt_LT","og_type":"article","og_title":"WN-2 rankenos galinis dangtelis sporto \u012frangos rankenoms","og_description":"Saugus ir ergonomi\u0161kas WN-2 rankenos galinis dangtelis, skirtas treniruokli\u0173 \u012frangai. Padidina saugum\u0105 ir patogum\u0105 d\u0117l patvarios konstrukcijos ir metalinio srieginio tvirtinimo elemento.","og_url":"https:\/\/gymfactory.eu\/lt\/produktas\/wn-2-rankenos-galinis-dangtelis\/","og_site_name":"Gym Factory","article_modified_time":"2025-09-09T13:00:05+00:00","og_image":[{"width":600,"height":600,"url":"https:\/\/gymfactory.eu\/wp-content\/uploads\/2025\/04\/WN-2-Handle-End-Cap-gym-equipment-side-view.webp","type":"image\/webp"}],"twitter_card":"summary_large_image","twitter_misc":{"Est. reading time":"1 minut\u0117"},"schema":{"@context":"https:\/\/schema.org","@graph":[{"@type":"WebPage","@id":"https:\/\/gymfactory.eu\/lt\/produktas\/wn-2-rankenos-galinis-dangtelis\/","url":"https:\/\/gymfactory.eu\/lt\/produktas\/wn-2-rankenos-galinis-dangtelis\/","name":"WN-2 rankenos galinis dangtelis sporto \u012frangos rankenoms","isPartOf":{"@id":"https:\/\/gymfactory.eu\/lt\/#website"},"primaryImageOfPage":{"@id":"https:\/\/gymfactory.eu\/lt\/produktas\/wn-2-rankenos-galinis-dangtelis\/#primaryimage"},"image":{"@id":"https:\/\/gymfactory.eu\/lt\/produktas\/wn-2-rankenos-galinis-dangtelis\/#primaryimage"},"thumbnailUrl":"https:\/\/gymfactory.eu\/wp-content\/uploads\/2025\/04\/WN-2-Handle-End-Cap-gym-equipment-side-view.webp","datePublished":"2025-04-30T11:35:53+00:00","dateModified":"2025-09-09T13:00:05+00:00","description":"Saugus ir ergonomi\u0161kas WN-2 rankenos galinis dangtelis, skirtas treniruokli\u0173 \u012frangai. Padidina saugum\u0105 ir patogum\u0105 d\u0117l patvarios konstrukcijos ir metalinio srieginio tvirtinimo elemento.","breadcrumb":{"@id":"https:\/\/gymfactory.eu\/lt\/produktas\/wn-2-rankenos-galinis-dangtelis\/#breadcrumb"},"inLanguage":"lt-LT","potentialAction":[{"@type":"ReadAction","target":["https:\/\/gymfactory.eu\/lt\/produktas\/wn-2-rankenos-galinis-dangtelis\/"]}]},{"@type":"ImageObject","inLanguage":"lt-LT","@id":"https:\/\/gymfactory.eu\/lt\/produktas\/wn-2-rankenos-galinis-dangtelis\/#primaryimage","url":"https:\/\/gymfactory.eu\/wp-content\/uploads\/2025\/04\/WN-2-Handle-End-Cap-gym-equipment-side-view.webp","contentUrl":"https:\/\/gymfactory.eu\/wp-content\/uploads\/2025\/04\/WN-2-Handle-End-Cap-gym-equipment-side-view.webp","width":600,"height":600,"caption":"WN-2 rankenos galinio dangtelio vaizdas i\u0161 \u0161ono, kuriame matyti ergonomi\u0161ka juodo plastiko forma ir srieginis var\u017etas, idealiai tinkantis sporto \u012frangos saugumui ir patogumui."},{"@type":"BreadcrumbList","@id":"https:\/\/gymfactory.eu\/lt\/produktas\/wn-2-rankenos-galinis-dangtelis\/#breadcrumb","itemListElement":[{"@type":"ListItem","position":1,"name":"Pagrindinis","item":"https:\/\/gymfactory.eu\/lt\/"},{"@type":"ListItem","position":2,"name":"Katalogas","item":"https:\/\/gymfactory.eu\/lt\/katalogas\/"},{"@type":"ListItem","position":3,"name":"WN-2 Rankenos galinis dangtelis"}]},{"@type":"WebSite","@id":"https:\/\/gymfactory.eu\/lt\/#website","url":"https:\/\/gymfactory.eu\/lt\/","name":"Gym Factory","description":"","publisher":{"@id":"https:\/\/gymfactory.eu\/lt\/#organization"},"potentialAction":[{"@type":"SearchAction","target":{"@type":"EntryPoint","urlTemplate":"https:\/\/gymfactory.eu\/lt\/?s={search_term_string}"},"query-input":{"@type":"PropertyValueSpecification","valueRequired":true,"valueName":"search_term_string"}}],"inLanguage":"lt-LT"},{"@type":"Organization","@id":"https:\/\/gymfactory.eu\/lt\/#organization","name":"Sporto sal\u0117s gamykla","url":"https:\/\/gymfactory.eu\/lt\/","logo":{"@type":"ImageObject","inLanguage":"lt-LT","@id":"https:\/\/gymfactory.eu\/lt\/#\/schema\/logo\/image\/","url":"https:\/\/gymfactory.eu\/wp-content\/uploads\/2024\/11\/Component-1.svg","contentUrl":"https:\/\/gymfactory.eu\/wp-content\/uploads\/2024\/11\/Component-1.svg","width":54,"height":44,"caption":"Sporto sal\u0117s gamykla"},"image":{"@id":"https:\/\/gymfactory.eu\/lt\/#\/schema\/logo\/image\/"}}]}},"_links":{"self":[{"href":"https:\/\/gymfactory.eu\/lt\/wp-json\/wp\/v2\/product\/9502","targetHints":{"allow":["GET"]}}],"collection":[{"href":"https:\/\/gymfactory.eu\/lt\/wp-json\/wp\/v2\/product"}],"about":[{"href":"https:\/\/gymfactory.eu\/lt\/wp-json\/wp\/v2\/types\/product"}],"wp:featuredmedia":[{"embeddable":true,"href":"https:\/\/gymfactory.eu\/lt\/wp-json\/wp\/v2\/media\/9045"}],"wp:attachment":[{"href":"https:\/\/gymfactory.eu\/lt\/wp-json\/wp\/v2\/media?parent=9502"}],"wp:term":[{"taxonomy":"product_brand","embeddable":true,"href":"https:\/\/gymfactory.eu\/lt\/wp-json\/wp\/v2\/product_brand?post=9502"},{"taxonomy":"product_cat","embeddable":true,"href":"https:\/\/gymfactory.eu\/lt\/wp-json\/wp\/v2\/product_cat?post=9502"},{"taxonomy":"product_tag","embeddable":true,"href":"https:\/\/gymfactory.eu\/lt\/wp-json\/wp\/v2\/product_tag?post=9502"}],"curies":[{"name":"wp","href":"https:\/\/api.w.org\/{rel}","templated":true}]}}