{"id":9497,"date":"2025-04-30T14:24:53","date_gmt":"2025-04-30T11:24:53","guid":{"rendered":"https:\/\/gymfactory.eu\/product\/wn-1-nerudijancio-plieno-rankenos\/"},"modified":"2025-12-08T15:35:39","modified_gmt":"2025-12-08T13:35:39","slug":"wn-1-nerudijancio-plieno-rankenos","status":"publish","type":"product","link":"https:\/\/gymfactory.eu\/lt\/produktas\/wn-1-nerudijancio-plieno-rankenos\/","title":{"rendered":"WN-1 Ner\u016bdijan\u010dio plieno rankenos"},"content":{"rendered":"<p>WN-1 ner\u016bdijan\u010dio plieno rankenos \u2013 standartin\u0117s rifliuoto padengimo (&#8222;knurling&#8221;) rankenos, skirtos montuoti ant 26,9 mm skersmens vamzd\u017ei\u0173 j\u0117gos treniruokliuose. Pagamintos i\u0161 auk\u0161tos kokyb\u0117s ner\u016bdijan\u010dio plieno, jos u\u017etikrina patikim\u0105 sukibim\u0105, suma\u017eina slydim\u0105 ir pagerina kontrol\u0119 atliekant pratimus \u2013 ypa\u010d dirbant su didel\u0117mis apkrovomis ar prakaituotomis rankomis.<\/p>\n<p>Kiekvienos rankenos skersmuo \u2013 30 mm, sienel\u0117s storis \u2013 1,5 mm. Tiekiamos pilnu komplektu \u2013 su rankena ir galiniu dangteliu. Galimi ilgiai: 100 mm, 130 mm, 150 mm ir 200 mm, kad atitikt\u0173 skirtingas treniruokli\u0173 konfig\u016bracijas ir naudotoj\u0173 poreikius.<\/p>\n<p>Puikiai tinka individualiai gaminamai sporto \u012frangai, kai reikalingas patvarumas, atsparumas korozijai ir tolygus veikimas.<\/p>\n<p>&nbsp;<\/p>\n\n    <div class=\"xs_social_share_widget xs_share_url after_content \t\tmain_content  wslu-style-1 wslu-share-box-shaped wslu-fill-colored wslu-none wslu-share-horizontal wslu-theme-font-no wslu-main_content\">\n\n\t\t\n        <ul>\n\t\t\t        <\/ul>\n    <\/div> \n","protected":false},"excerpt":{"rendered":"<p>WN-1 ner\u016bdijan\u010dio plieno rankenos \u2013 standartin\u0117s rifliuoto padengimo (&#8222;knurling&#8221;) rankenos, skirtos montuoti ant 26,9 mm skersmens vamzd\u017ei\u0173 j\u0117gos treniruokliuose. Pagamintos i\u0161 auk\u0161tos kokyb\u0117s ner\u016bdijan\u010dio plieno, jos u\u017etikrina patikim\u0105 sukibim\u0105, suma\u017eina slydim\u0105 ir pagerina kontrol\u0119 atliekant pratimus \u2013 ypa\u010d dirbant su didel\u0117mis apkrovomis ar prakaituotomis rankomis. Kiekvienos rankenos skersmuo \u2013 30 mm, sienel\u0117s storis \u2013 1,5 [&hellip;]<\/p>\n","protected":false},"featured_media":9044,"template":"","meta":{"_acf_changed":false},"product_brand":[817],"product_cat":[392],"product_tag":[393],"class_list":{"0":"post-9497","1":"product","2":"type-product","3":"status-publish","4":"has-post-thumbnail","6":"product_brand-gym-factory-lt","7":"product_cat-atsargines-dalys","8":"product_tag-spalva-nera-spalvu","10":"first","11":"instock","12":"taxable","13":"shipping-taxable","14":"purchasable","15":"product-type-variable","16":"has-default-attributes"},"acf":[],"yoast_head":"<!-- This site is optimized with the Yoast SEO plugin v25.2 - https:\/\/yoast.com\/wordpress\/plugins\/seo\/ -->\n<title>WN-1 ner\u016bdijan\u010dio plieno rankenos sporto sal\u0117s \u012frangai<\/title>\n<meta name=\"description\" content=\"Patvarios WN-1 ner\u016bdijan\u010diojo plieno rankenos su grioveliu. Sukurtos 30 mm skersmens specialiai pritaikytai sporto sal\u0117s \u012frangai, kad treniruot\u0117s b\u016bt\u0173 tvirtos ir saugios.\" \/>\n<meta name=\"robots\" content=\"index, follow, max-snippet:-1, max-image-preview:large, max-video-preview:-1\" \/>\n<link rel=\"canonical\" href=\"https:\/\/gymfactory.eu\/lt\/produktas\/wn-1-nerudijancio-plieno-rankenos\/\" \/>\n<meta property=\"og:locale\" content=\"lt_LT\" \/>\n<meta property=\"og:type\" content=\"article\" \/>\n<meta property=\"og:title\" content=\"WN-1 ner\u016bdijan\u010dio plieno rankenos sporto sal\u0117s \u012frangai\" \/>\n<meta property=\"og:description\" content=\"Patvarios WN-1 ner\u016bdijan\u010diojo plieno rankenos su grioveliu. Sukurtos 30 mm skersmens specialiai pritaikytai sporto sal\u0117s \u012frangai, kad treniruot\u0117s b\u016bt\u0173 tvirtos ir saugios.\" \/>\n<meta property=\"og:url\" content=\"https:\/\/gymfactory.eu\/lt\/produktas\/wn-1-nerudijancio-plieno-rankenos\/\" \/>\n<meta property=\"og:site_name\" content=\"Gym Factory\" \/>\n<meta property=\"article:modified_time\" content=\"2025-12-08T13:35:39+00:00\" \/>\n<meta property=\"og:image\" content=\"https:\/\/gymfactory.eu\/wp-content\/uploads\/2025\/04\/WN-1-Stainless-Steel-Handles.webp\" \/>\n\t<meta property=\"og:image:width\" content=\"600\" \/>\n\t<meta property=\"og:image:height\" content=\"600\" \/>\n\t<meta property=\"og:image:type\" content=\"image\/webp\" \/>\n<meta name=\"twitter:card\" content=\"summary_large_image\" \/>\n<meta name=\"twitter:label1\" content=\"Est. reading time\" \/>\n\t<meta name=\"twitter:data1\" content=\"1 minut\u0117\" \/>\n<script type=\"application\/ld+json\" class=\"yoast-schema-graph\">{\"@context\":\"https:\/\/schema.org\",\"@graph\":[{\"@type\":\"WebPage\",\"@id\":\"https:\/\/gymfactory.eu\/lt\/produktas\/wn-1-nerudijancio-plieno-rankenos\/\",\"url\":\"https:\/\/gymfactory.eu\/lt\/produktas\/wn-1-nerudijancio-plieno-rankenos\/\",\"name\":\"WN-1 ner\u016bdijan\u010dio plieno rankenos sporto sal\u0117s \u012frangai\",\"isPartOf\":{\"@id\":\"https:\/\/gymfactory.eu\/lt\/#website\"},\"primaryImageOfPage\":{\"@id\":\"https:\/\/gymfactory.eu\/lt\/produktas\/wn-1-nerudijancio-plieno-rankenos\/#primaryimage\"},\"image\":{\"@id\":\"https:\/\/gymfactory.eu\/lt\/produktas\/wn-1-nerudijancio-plieno-rankenos\/#primaryimage\"},\"thumbnailUrl\":\"https:\/\/gymfactory.eu\/wp-content\/uploads\/2025\/04\/WN-1-Stainless-Steel-Handles.webp\",\"datePublished\":\"2025-04-30T11:24:53+00:00\",\"dateModified\":\"2025-12-08T13:35:39+00:00\",\"description\":\"Patvarios WN-1 ner\u016bdijan\u010diojo plieno rankenos su grioveliu. Sukurtos 30 mm skersmens specialiai pritaikytai sporto sal\u0117s \u012frangai, kad treniruot\u0117s b\u016bt\u0173 tvirtos ir saugios.\",\"breadcrumb\":{\"@id\":\"https:\/\/gymfactory.eu\/lt\/produktas\/wn-1-nerudijancio-plieno-rankenos\/#breadcrumb\"},\"inLanguage\":\"lt-LT\",\"potentialAction\":[{\"@type\":\"ReadAction\",\"target\":[\"https:\/\/gymfactory.eu\/lt\/produktas\/wn-1-nerudijancio-plieno-rankenos\/\"]}]},{\"@type\":\"ImageObject\",\"inLanguage\":\"lt-LT\",\"@id\":\"https:\/\/gymfactory.eu\/lt\/produktas\/wn-1-nerudijancio-plieno-rankenos\/#primaryimage\",\"url\":\"https:\/\/gymfactory.eu\/wp-content\/uploads\/2025\/04\/WN-1-Stainless-Steel-Handles.webp\",\"contentUrl\":\"https:\/\/gymfactory.eu\/wp-content\/uploads\/2025\/04\/WN-1-Stainless-Steel-Handles.webp\",\"width\":600,\"height\":600,\"caption\":\"Pora WN-1 ner\u016bdijan\u010diojo plieno ranken\u0173 su 30 mm skersmens rantytu pavir\u0161iumi, skirt\u0173 individualiai sporto sal\u0117s \u012frangai ir j\u0117gos treniruokliams.\"},{\"@type\":\"BreadcrumbList\",\"@id\":\"https:\/\/gymfactory.eu\/lt\/produktas\/wn-1-nerudijancio-plieno-rankenos\/#breadcrumb\",\"itemListElement\":[{\"@type\":\"ListItem\",\"position\":1,\"name\":\"Pagrindinis\",\"item\":\"https:\/\/gymfactory.eu\/lt\/\"},{\"@type\":\"ListItem\",\"position\":2,\"name\":\"Katalogas\",\"item\":\"https:\/\/gymfactory.eu\/lt\/katalogas\/\"},{\"@type\":\"ListItem\",\"position\":3,\"name\":\"WN-1 Ner\u016bdijan\u010dio plieno rankenos\"}]},{\"@type\":\"WebSite\",\"@id\":\"https:\/\/gymfactory.eu\/lt\/#website\",\"url\":\"https:\/\/gymfactory.eu\/lt\/\",\"name\":\"Gym Factory\",\"description\":\"\",\"publisher\":{\"@id\":\"https:\/\/gymfactory.eu\/lt\/#organization\"},\"potentialAction\":[{\"@type\":\"SearchAction\",\"target\":{\"@type\":\"EntryPoint\",\"urlTemplate\":\"https:\/\/gymfactory.eu\/lt\/?s={search_term_string}\"},\"query-input\":{\"@type\":\"PropertyValueSpecification\",\"valueRequired\":true,\"valueName\":\"search_term_string\"}}],\"inLanguage\":\"lt-LT\"},{\"@type\":\"Organization\",\"@id\":\"https:\/\/gymfactory.eu\/lt\/#organization\",\"name\":\"Sporto sal\u0117s gamykla\",\"url\":\"https:\/\/gymfactory.eu\/lt\/\",\"logo\":{\"@type\":\"ImageObject\",\"inLanguage\":\"lt-LT\",\"@id\":\"https:\/\/gymfactory.eu\/lt\/#\/schema\/logo\/image\/\",\"url\":\"https:\/\/gymfactory.eu\/wp-content\/uploads\/2024\/11\/Component-1.svg\",\"contentUrl\":\"https:\/\/gymfactory.eu\/wp-content\/uploads\/2024\/11\/Component-1.svg\",\"width\":54,\"height\":44,\"caption\":\"Sporto sal\u0117s gamykla\"},\"image\":{\"@id\":\"https:\/\/gymfactory.eu\/lt\/#\/schema\/logo\/image\/\"}}]}<\/script>\n<!-- \/ Yoast SEO plugin. -->","yoast_head_json":{"title":"WN-1 ner\u016bdijan\u010dio plieno rankenos sporto sal\u0117s \u012frangai","description":"Patvarios WN-1 ner\u016bdijan\u010diojo plieno rankenos su grioveliu. Sukurtos 30 mm skersmens specialiai pritaikytai sporto sal\u0117s \u012frangai, kad treniruot\u0117s b\u016bt\u0173 tvirtos ir saugios.","robots":{"index":"index","follow":"follow","max-snippet":"max-snippet:-1","max-image-preview":"max-image-preview:large","max-video-preview":"max-video-preview:-1"},"canonical":"https:\/\/gymfactory.eu\/lt\/produktas\/wn-1-nerudijancio-plieno-rankenos\/","og_locale":"lt_LT","og_type":"article","og_title":"WN-1 ner\u016bdijan\u010dio plieno rankenos sporto sal\u0117s \u012frangai","og_description":"Patvarios WN-1 ner\u016bdijan\u010diojo plieno rankenos su grioveliu. Sukurtos 30 mm skersmens specialiai pritaikytai sporto sal\u0117s \u012frangai, kad treniruot\u0117s b\u016bt\u0173 tvirtos ir saugios.","og_url":"https:\/\/gymfactory.eu\/lt\/produktas\/wn-1-nerudijancio-plieno-rankenos\/","og_site_name":"Gym Factory","article_modified_time":"2025-12-08T13:35:39+00:00","og_image":[{"width":600,"height":600,"url":"https:\/\/gymfactory.eu\/wp-content\/uploads\/2025\/04\/WN-1-Stainless-Steel-Handles.webp","type":"image\/webp"}],"twitter_card":"summary_large_image","twitter_misc":{"Est. reading time":"1 minut\u0117"},"schema":{"@context":"https:\/\/schema.org","@graph":[{"@type":"WebPage","@id":"https:\/\/gymfactory.eu\/lt\/produktas\/wn-1-nerudijancio-plieno-rankenos\/","url":"https:\/\/gymfactory.eu\/lt\/produktas\/wn-1-nerudijancio-plieno-rankenos\/","name":"WN-1 ner\u016bdijan\u010dio plieno rankenos sporto sal\u0117s \u012frangai","isPartOf":{"@id":"https:\/\/gymfactory.eu\/lt\/#website"},"primaryImageOfPage":{"@id":"https:\/\/gymfactory.eu\/lt\/produktas\/wn-1-nerudijancio-plieno-rankenos\/#primaryimage"},"image":{"@id":"https:\/\/gymfactory.eu\/lt\/produktas\/wn-1-nerudijancio-plieno-rankenos\/#primaryimage"},"thumbnailUrl":"https:\/\/gymfactory.eu\/wp-content\/uploads\/2025\/04\/WN-1-Stainless-Steel-Handles.webp","datePublished":"2025-04-30T11:24:53+00:00","dateModified":"2025-12-08T13:35:39+00:00","description":"Patvarios WN-1 ner\u016bdijan\u010diojo plieno rankenos su grioveliu. Sukurtos 30 mm skersmens specialiai pritaikytai sporto sal\u0117s \u012frangai, kad treniruot\u0117s b\u016bt\u0173 tvirtos ir saugios.","breadcrumb":{"@id":"https:\/\/gymfactory.eu\/lt\/produktas\/wn-1-nerudijancio-plieno-rankenos\/#breadcrumb"},"inLanguage":"lt-LT","potentialAction":[{"@type":"ReadAction","target":["https:\/\/gymfactory.eu\/lt\/produktas\/wn-1-nerudijancio-plieno-rankenos\/"]}]},{"@type":"ImageObject","inLanguage":"lt-LT","@id":"https:\/\/gymfactory.eu\/lt\/produktas\/wn-1-nerudijancio-plieno-rankenos\/#primaryimage","url":"https:\/\/gymfactory.eu\/wp-content\/uploads\/2025\/04\/WN-1-Stainless-Steel-Handles.webp","contentUrl":"https:\/\/gymfactory.eu\/wp-content\/uploads\/2025\/04\/WN-1-Stainless-Steel-Handles.webp","width":600,"height":600,"caption":"Pora WN-1 ner\u016bdijan\u010diojo plieno ranken\u0173 su 30 mm skersmens rantytu pavir\u0161iumi, skirt\u0173 individualiai sporto sal\u0117s \u012frangai ir j\u0117gos treniruokliams."},{"@type":"BreadcrumbList","@id":"https:\/\/gymfactory.eu\/lt\/produktas\/wn-1-nerudijancio-plieno-rankenos\/#breadcrumb","itemListElement":[{"@type":"ListItem","position":1,"name":"Pagrindinis","item":"https:\/\/gymfactory.eu\/lt\/"},{"@type":"ListItem","position":2,"name":"Katalogas","item":"https:\/\/gymfactory.eu\/lt\/katalogas\/"},{"@type":"ListItem","position":3,"name":"WN-1 Ner\u016bdijan\u010dio plieno rankenos"}]},{"@type":"WebSite","@id":"https:\/\/gymfactory.eu\/lt\/#website","url":"https:\/\/gymfactory.eu\/lt\/","name":"Gym Factory","description":"","publisher":{"@id":"https:\/\/gymfactory.eu\/lt\/#organization"},"potentialAction":[{"@type":"SearchAction","target":{"@type":"EntryPoint","urlTemplate":"https:\/\/gymfactory.eu\/lt\/?s={search_term_string}"},"query-input":{"@type":"PropertyValueSpecification","valueRequired":true,"valueName":"search_term_string"}}],"inLanguage":"lt-LT"},{"@type":"Organization","@id":"https:\/\/gymfactory.eu\/lt\/#organization","name":"Sporto sal\u0117s gamykla","url":"https:\/\/gymfactory.eu\/lt\/","logo":{"@type":"ImageObject","inLanguage":"lt-LT","@id":"https:\/\/gymfactory.eu\/lt\/#\/schema\/logo\/image\/","url":"https:\/\/gymfactory.eu\/wp-content\/uploads\/2024\/11\/Component-1.svg","contentUrl":"https:\/\/gymfactory.eu\/wp-content\/uploads\/2024\/11\/Component-1.svg","width":54,"height":44,"caption":"Sporto sal\u0117s gamykla"},"image":{"@id":"https:\/\/gymfactory.eu\/lt\/#\/schema\/logo\/image\/"}}]}},"_links":{"self":[{"href":"https:\/\/gymfactory.eu\/lt\/wp-json\/wp\/v2\/product\/9497","targetHints":{"allow":["GET"]}}],"collection":[{"href":"https:\/\/gymfactory.eu\/lt\/wp-json\/wp\/v2\/product"}],"about":[{"href":"https:\/\/gymfactory.eu\/lt\/wp-json\/wp\/v2\/types\/product"}],"wp:featuredmedia":[{"embeddable":true,"href":"https:\/\/gymfactory.eu\/lt\/wp-json\/wp\/v2\/media\/9044"}],"wp:attachment":[{"href":"https:\/\/gymfactory.eu\/lt\/wp-json\/wp\/v2\/media?parent=9497"}],"wp:term":[{"taxonomy":"product_brand","embeddable":true,"href":"https:\/\/gymfactory.eu\/lt\/wp-json\/wp\/v2\/product_brand?post=9497"},{"taxonomy":"product_cat","embeddable":true,"href":"https:\/\/gymfactory.eu\/lt\/wp-json\/wp\/v2\/product_cat?post=9497"},{"taxonomy":"product_tag","embeddable":true,"href":"https:\/\/gymfactory.eu\/lt\/wp-json\/wp\/v2\/product_tag?post=9497"}],"curies":[{"name":"wp","href":"https:\/\/api.w.org\/{rel}","templated":true}]}}