{"id":9496,"date":"2025-05-26T13:00:08","date_gmt":"2025-05-26T10:00:08","guid":{"rendered":"https:\/\/gymfactory.eu\/product\/wp-3x-jungties-kaistis\/"},"modified":"2025-09-09T16:07:47","modified_gmt":"2025-09-09T13:07:47","slug":"wp-3x-jungties-kaistis","status":"publish","type":"product","link":"https:\/\/gymfactory.eu\/lt\/produktas\/wp-3x-jungties-kaistis\/","title":{"rendered":"WP-3X Jungiamasis kai\u0161tis"},"content":{"rendered":"<p>WP-3X jungiamasis kai\u0161tis, skirtas <a href=\"https:\/\/gymfactory.eu\/lt\/produktas\/wp-3-centrinis-kreipiamasis-strypas\/\" target=\"_blank\" rel=\"noopener\">WP-3 centrinio strypo tvirtinimui<\/a> prie <a href=\"https:\/\/gymfactory.eu\/lt\/produktas\/wp-2x-virsutinio-svorio-kamino-plokste\/\" target=\"_blank\" rel=\"noopener\">WP-2X vir\u0161utin\u0117s plok\u0161t\u0117s<\/a>. Kai\u0161tis \u012fstatomas horizontaliai per abu elementus ir laiko kreipiam\u0105j\u012f stryp\u0105 vietoje.<\/p>\n\n    <div class=\"xs_social_share_widget xs_share_url after_content \t\tmain_content  wslu-style-1 wslu-share-box-shaped wslu-fill-colored wslu-none wslu-share-horizontal wslu-theme-font-no wslu-main_content\">\n\n\t\t\n        <ul>\n\t\t\t        <\/ul>\n    <\/div> \n","protected":false},"excerpt":{"rendered":"<p>WP-3X jungiamasis kai\u0161tis, skirtas WP-3 centrinio strypo tvirtinimui prie WP-2X vir\u0161utin\u0117s plok\u0161t\u0117s. Kai\u0161tis \u012fstatomas horizontaliai per abu elementus ir laiko kreipiam\u0105j\u012f stryp\u0105 vietoje.<\/p>\n","protected":false},"featured_media":9187,"template":"","meta":{"_acf_changed":false},"product_brand":[56],"product_cat":[392],"product_tag":[393],"class_list":{"0":"post-9496","1":"product","2":"type-product","3":"status-publish","4":"has-post-thumbnail","6":"product_brand-gym-factory","7":"product_cat-atsargines-dalys","8":"product_tag-spalva-nera-spalvu","10":"first","11":"onbackorder","12":"taxable","13":"shipping-taxable","14":"purchasable","15":"product-type-simple"},"acf":[],"yoast_head":"<!-- This site is optimized with the Yoast SEO plugin v25.2 - https:\/\/yoast.com\/wordpress\/plugins\/seo\/ -->\n<title>WP-3X Jungiamasis kai\u0161tis - Gym Factory<\/title>\n<meta name=\"description\" content=\"Jungiamasis kai\u0161tis (WP-3X), skirtas WP-3 strypui pritvirtinti prie WP-2X vir\u0161utin\u0117s plok\u0161tel\u0117s, esan\u010dios tros\u0173 ma\u0161inos svori\u0173 kr\u016bvio sistemoje.\" \/>\n<meta name=\"robots\" content=\"index, follow, max-snippet:-1, max-image-preview:large, max-video-preview:-1\" \/>\n<link rel=\"canonical\" href=\"https:\/\/gymfactory.eu\/lt\/produktas\/wp-3x-jungties-kaistis\/\" \/>\n<meta property=\"og:locale\" content=\"lt_LT\" \/>\n<meta property=\"og:type\" content=\"article\" \/>\n<meta property=\"og:title\" content=\"WP-3X Jungiamasis kai\u0161tis - Gym Factory\" \/>\n<meta property=\"og:description\" content=\"Jungiamasis kai\u0161tis (WP-3X), skirtas WP-3 strypui pritvirtinti prie WP-2X vir\u0161utin\u0117s plok\u0161tel\u0117s, esan\u010dios tros\u0173 ma\u0161inos svori\u0173 kr\u016bvio sistemoje.\" \/>\n<meta property=\"og:url\" content=\"https:\/\/gymfactory.eu\/lt\/produktas\/wp-3x-jungties-kaistis\/\" \/>\n<meta property=\"og:site_name\" content=\"Gym Factory\" \/>\n<meta property=\"article:modified_time\" content=\"2025-09-09T13:07:47+00:00\" \/>\n<meta property=\"og:image\" content=\"https:\/\/gymfactory.eu\/wp-content\/uploads\/2025\/05\/WP-3X-\u2013-Pin-for-securing-central-rod-to-top-plate-in-WP-0-system.jpg\" \/>\n\t<meta property=\"og:image:width\" content=\"1500\" \/>\n\t<meta property=\"og:image:height\" content=\"1500\" \/>\n\t<meta property=\"og:image:type\" content=\"image\/jpeg\" \/>\n<meta name=\"twitter:card\" content=\"summary_large_image\" \/>\n<meta name=\"twitter:label1\" content=\"Est. reading time\" \/>\n\t<meta name=\"twitter:data1\" content=\"1 minut\u0117\" \/>\n<script type=\"application\/ld+json\" class=\"yoast-schema-graph\">{\"@context\":\"https:\/\/schema.org\",\"@graph\":[{\"@type\":\"WebPage\",\"@id\":\"https:\/\/gymfactory.eu\/lt\/produktas\/wp-3x-jungties-kaistis\/\",\"url\":\"https:\/\/gymfactory.eu\/lt\/produktas\/wp-3x-jungties-kaistis\/\",\"name\":\"WP-3X Jungiamasis kai\u0161tis - Gym Factory\",\"isPartOf\":{\"@id\":\"https:\/\/gymfactory.eu\/lt\/#website\"},\"primaryImageOfPage\":{\"@id\":\"https:\/\/gymfactory.eu\/lt\/produktas\/wp-3x-jungties-kaistis\/#primaryimage\"},\"image\":{\"@id\":\"https:\/\/gymfactory.eu\/lt\/produktas\/wp-3x-jungties-kaistis\/#primaryimage\"},\"thumbnailUrl\":\"https:\/\/gymfactory.eu\/wp-content\/uploads\/2025\/05\/WP-3X-\u2013-Pin-for-securing-central-rod-to-top-plate-in-WP-0-system.jpg\",\"datePublished\":\"2025-05-26T10:00:08+00:00\",\"dateModified\":\"2025-09-09T13:07:47+00:00\",\"description\":\"Jungiamasis kai\u0161tis (WP-3X), skirtas WP-3 strypui pritvirtinti prie WP-2X vir\u0161utin\u0117s plok\u0161tel\u0117s, esan\u010dios tros\u0173 ma\u0161inos svori\u0173 kr\u016bvio sistemoje.\",\"breadcrumb\":{\"@id\":\"https:\/\/gymfactory.eu\/lt\/produktas\/wp-3x-jungties-kaistis\/#breadcrumb\"},\"inLanguage\":\"lt-LT\",\"potentialAction\":[{\"@type\":\"ReadAction\",\"target\":[\"https:\/\/gymfactory.eu\/lt\/produktas\/wp-3x-jungties-kaistis\/\"]}]},{\"@type\":\"ImageObject\",\"inLanguage\":\"lt-LT\",\"@id\":\"https:\/\/gymfactory.eu\/lt\/produktas\/wp-3x-jungties-kaistis\/#primaryimage\",\"url\":\"https:\/\/gymfactory.eu\/wp-content\/uploads\/2025\/05\/WP-3X-\u2013-Pin-for-securing-central-rod-to-top-plate-in-WP-0-system.jpg\",\"contentUrl\":\"https:\/\/gymfactory.eu\/wp-content\/uploads\/2025\/05\/WP-3X-\u2013-Pin-for-securing-central-rod-to-top-plate-in-WP-0-system.jpg\",\"width\":1500,\"height\":1500,\"caption\":\"WP-3X spyruoklinis kai\u0161tis, naudojamas WP-3 strypui sujungti su WP-2X vir\u0161utine plok\u0161tele\"},{\"@type\":\"BreadcrumbList\",\"@id\":\"https:\/\/gymfactory.eu\/lt\/produktas\/wp-3x-jungties-kaistis\/#breadcrumb\",\"itemListElement\":[{\"@type\":\"ListItem\",\"position\":1,\"name\":\"Pagrindinis\",\"item\":\"https:\/\/gymfactory.eu\/lt\/\"},{\"@type\":\"ListItem\",\"position\":2,\"name\":\"Katalogas\",\"item\":\"https:\/\/gymfactory.eu\/lt\/katalogas\/\"},{\"@type\":\"ListItem\",\"position\":3,\"name\":\"WP-3X Jungiamasis kai\u0161tis\"}]},{\"@type\":\"WebSite\",\"@id\":\"https:\/\/gymfactory.eu\/lt\/#website\",\"url\":\"https:\/\/gymfactory.eu\/lt\/\",\"name\":\"Gym Factory\",\"description\":\"\",\"publisher\":{\"@id\":\"https:\/\/gymfactory.eu\/lt\/#organization\"},\"potentialAction\":[{\"@type\":\"SearchAction\",\"target\":{\"@type\":\"EntryPoint\",\"urlTemplate\":\"https:\/\/gymfactory.eu\/lt\/?s={search_term_string}\"},\"query-input\":{\"@type\":\"PropertyValueSpecification\",\"valueRequired\":true,\"valueName\":\"search_term_string\"}}],\"inLanguage\":\"lt-LT\"},{\"@type\":\"Organization\",\"@id\":\"https:\/\/gymfactory.eu\/lt\/#organization\",\"name\":\"Sporto sal\u0117s gamykla\",\"url\":\"https:\/\/gymfactory.eu\/lt\/\",\"logo\":{\"@type\":\"ImageObject\",\"inLanguage\":\"lt-LT\",\"@id\":\"https:\/\/gymfactory.eu\/lt\/#\/schema\/logo\/image\/\",\"url\":\"https:\/\/gymfactory.eu\/wp-content\/uploads\/2024\/11\/Component-1.svg\",\"contentUrl\":\"https:\/\/gymfactory.eu\/wp-content\/uploads\/2024\/11\/Component-1.svg\",\"width\":54,\"height\":44,\"caption\":\"Sporto sal\u0117s gamykla\"},\"image\":{\"@id\":\"https:\/\/gymfactory.eu\/lt\/#\/schema\/logo\/image\/\"}}]}<\/script>\n<!-- \/ Yoast SEO plugin. -->","yoast_head_json":{"title":"WP-3X Jungiamasis kai\u0161tis - Gym Factory","description":"Jungiamasis kai\u0161tis (WP-3X), skirtas WP-3 strypui pritvirtinti prie WP-2X vir\u0161utin\u0117s plok\u0161tel\u0117s, esan\u010dios tros\u0173 ma\u0161inos svori\u0173 kr\u016bvio sistemoje.","robots":{"index":"index","follow":"follow","max-snippet":"max-snippet:-1","max-image-preview":"max-image-preview:large","max-video-preview":"max-video-preview:-1"},"canonical":"https:\/\/gymfactory.eu\/lt\/produktas\/wp-3x-jungties-kaistis\/","og_locale":"lt_LT","og_type":"article","og_title":"WP-3X Jungiamasis kai\u0161tis - Gym Factory","og_description":"Jungiamasis kai\u0161tis (WP-3X), skirtas WP-3 strypui pritvirtinti prie WP-2X vir\u0161utin\u0117s plok\u0161tel\u0117s, esan\u010dios tros\u0173 ma\u0161inos svori\u0173 kr\u016bvio sistemoje.","og_url":"https:\/\/gymfactory.eu\/lt\/produktas\/wp-3x-jungties-kaistis\/","og_site_name":"Gym Factory","article_modified_time":"2025-09-09T13:07:47+00:00","og_image":[{"width":1500,"height":1500,"url":"https:\/\/gymfactory.eu\/wp-content\/uploads\/2025\/05\/WP-3X-\u2013-Pin-for-securing-central-rod-to-top-plate-in-WP-0-system.jpg","type":"image\/jpeg"}],"twitter_card":"summary_large_image","twitter_misc":{"Est. reading time":"1 minut\u0117"},"schema":{"@context":"https:\/\/schema.org","@graph":[{"@type":"WebPage","@id":"https:\/\/gymfactory.eu\/lt\/produktas\/wp-3x-jungties-kaistis\/","url":"https:\/\/gymfactory.eu\/lt\/produktas\/wp-3x-jungties-kaistis\/","name":"WP-3X Jungiamasis kai\u0161tis - Gym Factory","isPartOf":{"@id":"https:\/\/gymfactory.eu\/lt\/#website"},"primaryImageOfPage":{"@id":"https:\/\/gymfactory.eu\/lt\/produktas\/wp-3x-jungties-kaistis\/#primaryimage"},"image":{"@id":"https:\/\/gymfactory.eu\/lt\/produktas\/wp-3x-jungties-kaistis\/#primaryimage"},"thumbnailUrl":"https:\/\/gymfactory.eu\/wp-content\/uploads\/2025\/05\/WP-3X-\u2013-Pin-for-securing-central-rod-to-top-plate-in-WP-0-system.jpg","datePublished":"2025-05-26T10:00:08+00:00","dateModified":"2025-09-09T13:07:47+00:00","description":"Jungiamasis kai\u0161tis (WP-3X), skirtas WP-3 strypui pritvirtinti prie WP-2X vir\u0161utin\u0117s plok\u0161tel\u0117s, esan\u010dios tros\u0173 ma\u0161inos svori\u0173 kr\u016bvio sistemoje.","breadcrumb":{"@id":"https:\/\/gymfactory.eu\/lt\/produktas\/wp-3x-jungties-kaistis\/#breadcrumb"},"inLanguage":"lt-LT","potentialAction":[{"@type":"ReadAction","target":["https:\/\/gymfactory.eu\/lt\/produktas\/wp-3x-jungties-kaistis\/"]}]},{"@type":"ImageObject","inLanguage":"lt-LT","@id":"https:\/\/gymfactory.eu\/lt\/produktas\/wp-3x-jungties-kaistis\/#primaryimage","url":"https:\/\/gymfactory.eu\/wp-content\/uploads\/2025\/05\/WP-3X-\u2013-Pin-for-securing-central-rod-to-top-plate-in-WP-0-system.jpg","contentUrl":"https:\/\/gymfactory.eu\/wp-content\/uploads\/2025\/05\/WP-3X-\u2013-Pin-for-securing-central-rod-to-top-plate-in-WP-0-system.jpg","width":1500,"height":1500,"caption":"WP-3X spyruoklinis kai\u0161tis, naudojamas WP-3 strypui sujungti su WP-2X vir\u0161utine plok\u0161tele"},{"@type":"BreadcrumbList","@id":"https:\/\/gymfactory.eu\/lt\/produktas\/wp-3x-jungties-kaistis\/#breadcrumb","itemListElement":[{"@type":"ListItem","position":1,"name":"Pagrindinis","item":"https:\/\/gymfactory.eu\/lt\/"},{"@type":"ListItem","position":2,"name":"Katalogas","item":"https:\/\/gymfactory.eu\/lt\/katalogas\/"},{"@type":"ListItem","position":3,"name":"WP-3X Jungiamasis kai\u0161tis"}]},{"@type":"WebSite","@id":"https:\/\/gymfactory.eu\/lt\/#website","url":"https:\/\/gymfactory.eu\/lt\/","name":"Gym Factory","description":"","publisher":{"@id":"https:\/\/gymfactory.eu\/lt\/#organization"},"potentialAction":[{"@type":"SearchAction","target":{"@type":"EntryPoint","urlTemplate":"https:\/\/gymfactory.eu\/lt\/?s={search_term_string}"},"query-input":{"@type":"PropertyValueSpecification","valueRequired":true,"valueName":"search_term_string"}}],"inLanguage":"lt-LT"},{"@type":"Organization","@id":"https:\/\/gymfactory.eu\/lt\/#organization","name":"Sporto sal\u0117s gamykla","url":"https:\/\/gymfactory.eu\/lt\/","logo":{"@type":"ImageObject","inLanguage":"lt-LT","@id":"https:\/\/gymfactory.eu\/lt\/#\/schema\/logo\/image\/","url":"https:\/\/gymfactory.eu\/wp-content\/uploads\/2024\/11\/Component-1.svg","contentUrl":"https:\/\/gymfactory.eu\/wp-content\/uploads\/2024\/11\/Component-1.svg","width":54,"height":44,"caption":"Sporto sal\u0117s gamykla"},"image":{"@id":"https:\/\/gymfactory.eu\/lt\/#\/schema\/logo\/image\/"}}]}},"_links":{"self":[{"href":"https:\/\/gymfactory.eu\/lt\/wp-json\/wp\/v2\/product\/9496","targetHints":{"allow":["GET"]}}],"collection":[{"href":"https:\/\/gymfactory.eu\/lt\/wp-json\/wp\/v2\/product"}],"about":[{"href":"https:\/\/gymfactory.eu\/lt\/wp-json\/wp\/v2\/types\/product"}],"wp:featuredmedia":[{"embeddable":true,"href":"https:\/\/gymfactory.eu\/lt\/wp-json\/wp\/v2\/media\/9187"}],"wp:attachment":[{"href":"https:\/\/gymfactory.eu\/lt\/wp-json\/wp\/v2\/media?parent=9496"}],"wp:term":[{"taxonomy":"product_brand","embeddable":true,"href":"https:\/\/gymfactory.eu\/lt\/wp-json\/wp\/v2\/product_brand?post=9496"},{"taxonomy":"product_cat","embeddable":true,"href":"https:\/\/gymfactory.eu\/lt\/wp-json\/wp\/v2\/product_cat?post=9496"},{"taxonomy":"product_tag","embeddable":true,"href":"https:\/\/gymfactory.eu\/lt\/wp-json\/wp\/v2\/product_tag?post=9496"}],"curies":[{"name":"wp","href":"https:\/\/api.w.org\/{rel}","templated":true}]}}