{"id":9490,"date":"2025-05-26T12:51:26","date_gmt":"2025-05-26T09:51:26","guid":{"rendered":"https:\/\/gymfactory.eu\/product\/wp-3-centrinis-kreipiamasis-strypas\/"},"modified":"2025-09-09T16:07:20","modified_gmt":"2025-09-09T13:07:20","slug":"wp-3-centrinis-kreipiamasis-strypas","status":"publish","type":"product","link":"https:\/\/gymfactory.eu\/lt\/produktas\/wp-3-centrinis-kreipiamasis-strypas\/","title":{"rendered":"WP-3 Centrinis kreipiamasis strypas"},"content":{"rendered":"<p>WP-3 centrinis kreipiamasis strypas, naudojamas <a href=\"https:\/\/gymfactory.eu\/lt\/produktas\/wp-0-svoriu-kruvos-blokas\/\" target=\"_blank\" rel=\"noopener\">WP-0 svorio bloko sistemoje<\/a>. Jis eina per visas svorio plok\u0161tes ir jungiasi su vir\u0161utine <a href=\"https:\/\/gymfactory.eu\/lt\/produktas\/wp-2x-virsutinio-svorio-kamino-plokste\/\" target=\"_blank\" rel=\"noopener\">WP-2X plok\u0161te<\/a>. Vir\u0161utiniame gale strypas prie plok\u0161t\u0117s tvirtinamas naudojant <a href=\"https:\/\/gymfactory.eu\/lt\/produktas\/wp-3x-jungties-kaistis\/\" target=\"_blank\" rel=\"noopener\">WP-3X jungiam\u0105j\u012f kai\u0161t\u012f<\/a>.<\/p>\n\n    <div class=\"xs_social_share_widget xs_share_url after_content \t\tmain_content  wslu-style-1 wslu-share-box-shaped wslu-fill-colored wslu-none wslu-share-horizontal wslu-theme-font-no wslu-main_content\">\n\n\t\t\n        <ul>\n\t\t\t        <\/ul>\n    <\/div> \n","protected":false},"excerpt":{"rendered":"<p>WP-3 centrinis kreipiamasis strypas, naudojamas WP-0 svorio bloko sistemoje. Jis eina per visas svorio plok\u0161tes ir jungiasi su vir\u0161utine WP-2X plok\u0161te. Vir\u0161utiniame gale strypas prie plok\u0161t\u0117s tvirtinamas naudojant WP-3X jungiam\u0105j\u012f kai\u0161t\u012f.<\/p>\n","protected":false},"featured_media":9186,"template":"","meta":{"_acf_changed":false},"product_brand":[56],"product_cat":[392],"product_tag":[393],"class_list":{"0":"post-9490","1":"product","2":"type-product","3":"status-publish","4":"has-post-thumbnail","6":"product_brand-gym-factory","7":"product_cat-atsargines-dalys","8":"product_tag-spalva-nera-spalvu","10":"first","11":"onbackorder","12":"taxable","13":"shipping-taxable","14":"purchasable","15":"product-type-variable","16":"has-default-attributes"},"acf":[],"yoast_head":"<!-- This site is optimized with the Yoast SEO plugin v25.2 - https:\/\/yoast.com\/wordpress\/plugins\/seo\/ -->\n<title>WP-3 Centrinis kreipiamasis strypas - Gym Factory<\/title>\n<meta name=\"description\" content=\"Centrinis kreipiamasis strypas (WP-3), skirtas WP-0 svori\u0173 sud\u0117jimo sistemai. Eina per visas plok\u0161tes ir jungiasi prie vir\u0161utin\u0117s plok\u0161t\u0117s naudojant WP-3X kai\u0161t\u012f.\" \/>\n<meta name=\"robots\" content=\"index, follow, max-snippet:-1, max-image-preview:large, max-video-preview:-1\" \/>\n<link rel=\"canonical\" href=\"https:\/\/gymfactory.eu\/lt\/produktas\/wp-3-centrinis-kreipiamasis-strypas\/\" \/>\n<meta property=\"og:locale\" content=\"lt_LT\" \/>\n<meta property=\"og:type\" content=\"article\" \/>\n<meta property=\"og:title\" content=\"WP-3 Centrinis kreipiamasis strypas - Gym Factory\" \/>\n<meta property=\"og:description\" content=\"Centrinis kreipiamasis strypas (WP-3), skirtas WP-0 svori\u0173 sud\u0117jimo sistemai. Eina per visas plok\u0161tes ir jungiasi prie vir\u0161utin\u0117s plok\u0161t\u0117s naudojant WP-3X kai\u0161t\u012f.\" \/>\n<meta property=\"og:url\" content=\"https:\/\/gymfactory.eu\/lt\/produktas\/wp-3-centrinis-kreipiamasis-strypas\/\" \/>\n<meta property=\"og:site_name\" content=\"Gym Factory\" \/>\n<meta property=\"article:modified_time\" content=\"2025-09-09T13:07:20+00:00\" \/>\n<meta property=\"og:image\" content=\"https:\/\/gymfactory.eu\/wp-content\/uploads\/2025\/05\/WP-3-central-guide-rod-with-selector-pin-holes-for-WP-0-weight-stack.jpg\" \/>\n\t<meta property=\"og:image:width\" content=\"1500\" \/>\n\t<meta property=\"og:image:height\" content=\"1500\" \/>\n\t<meta property=\"og:image:type\" content=\"image\/jpeg\" \/>\n<meta name=\"twitter:card\" content=\"summary_large_image\" \/>\n<meta name=\"twitter:label1\" content=\"Est. reading time\" \/>\n\t<meta name=\"twitter:data1\" content=\"1 minut\u0117\" \/>\n<script type=\"application\/ld+json\" class=\"yoast-schema-graph\">{\"@context\":\"https:\/\/schema.org\",\"@graph\":[{\"@type\":\"WebPage\",\"@id\":\"https:\/\/gymfactory.eu\/lt\/produktas\/wp-3-centrinis-kreipiamasis-strypas\/\",\"url\":\"https:\/\/gymfactory.eu\/lt\/produktas\/wp-3-centrinis-kreipiamasis-strypas\/\",\"name\":\"WP-3 Centrinis kreipiamasis strypas - Gym Factory\",\"isPartOf\":{\"@id\":\"https:\/\/gymfactory.eu\/lt\/#website\"},\"primaryImageOfPage\":{\"@id\":\"https:\/\/gymfactory.eu\/lt\/produktas\/wp-3-centrinis-kreipiamasis-strypas\/#primaryimage\"},\"image\":{\"@id\":\"https:\/\/gymfactory.eu\/lt\/produktas\/wp-3-centrinis-kreipiamasis-strypas\/#primaryimage\"},\"thumbnailUrl\":\"https:\/\/gymfactory.eu\/wp-content\/uploads\/2025\/05\/WP-3-central-guide-rod-with-selector-pin-holes-for-WP-0-weight-stack.jpg\",\"datePublished\":\"2025-05-26T09:51:26+00:00\",\"dateModified\":\"2025-09-09T13:07:20+00:00\",\"description\":\"Centrinis kreipiamasis strypas (WP-3), skirtas WP-0 svori\u0173 sud\u0117jimo sistemai. Eina per visas plok\u0161tes ir jungiasi prie vir\u0161utin\u0117s plok\u0161t\u0117s naudojant WP-3X kai\u0161t\u012f.\",\"breadcrumb\":{\"@id\":\"https:\/\/gymfactory.eu\/lt\/produktas\/wp-3-centrinis-kreipiamasis-strypas\/#breadcrumb\"},\"inLanguage\":\"lt-LT\",\"potentialAction\":[{\"@type\":\"ReadAction\",\"target\":[\"https:\/\/gymfactory.eu\/lt\/produktas\/wp-3-centrinis-kreipiamasis-strypas\/\"]}]},{\"@type\":\"ImageObject\",\"inLanguage\":\"lt-LT\",\"@id\":\"https:\/\/gymfactory.eu\/lt\/produktas\/wp-3-centrinis-kreipiamasis-strypas\/#primaryimage\",\"url\":\"https:\/\/gymfactory.eu\/wp-content\/uploads\/2025\/05\/WP-3-central-guide-rod-with-selector-pin-holes-for-WP-0-weight-stack.jpg\",\"contentUrl\":\"https:\/\/gymfactory.eu\/wp-content\/uploads\/2025\/05\/WP-3-central-guide-rod-with-selector-pin-holes-for-WP-0-weight-stack.jpg\",\"width\":1500,\"height\":1500,\"caption\":\"WP-3 centrinis strypas, naudojamas WP-0 svori\u0173 kr\u016bvose, parodytas su svorio pasirinkimo skylut\u0117mis\"},{\"@type\":\"BreadcrumbList\",\"@id\":\"https:\/\/gymfactory.eu\/lt\/produktas\/wp-3-centrinis-kreipiamasis-strypas\/#breadcrumb\",\"itemListElement\":[{\"@type\":\"ListItem\",\"position\":1,\"name\":\"Pagrindinis\",\"item\":\"https:\/\/gymfactory.eu\/lt\/\"},{\"@type\":\"ListItem\",\"position\":2,\"name\":\"Katalogas\",\"item\":\"https:\/\/gymfactory.eu\/lt\/katalogas\/\"},{\"@type\":\"ListItem\",\"position\":3,\"name\":\"WP-3 Centrinis kreipiamasis strypas\"}]},{\"@type\":\"WebSite\",\"@id\":\"https:\/\/gymfactory.eu\/lt\/#website\",\"url\":\"https:\/\/gymfactory.eu\/lt\/\",\"name\":\"Gym Factory\",\"description\":\"\",\"publisher\":{\"@id\":\"https:\/\/gymfactory.eu\/lt\/#organization\"},\"potentialAction\":[{\"@type\":\"SearchAction\",\"target\":{\"@type\":\"EntryPoint\",\"urlTemplate\":\"https:\/\/gymfactory.eu\/lt\/?s={search_term_string}\"},\"query-input\":{\"@type\":\"PropertyValueSpecification\",\"valueRequired\":true,\"valueName\":\"search_term_string\"}}],\"inLanguage\":\"lt-LT\"},{\"@type\":\"Organization\",\"@id\":\"https:\/\/gymfactory.eu\/lt\/#organization\",\"name\":\"Sporto sal\u0117s gamykla\",\"url\":\"https:\/\/gymfactory.eu\/lt\/\",\"logo\":{\"@type\":\"ImageObject\",\"inLanguage\":\"lt-LT\",\"@id\":\"https:\/\/gymfactory.eu\/lt\/#\/schema\/logo\/image\/\",\"url\":\"https:\/\/gymfactory.eu\/wp-content\/uploads\/2024\/11\/Component-1.svg\",\"contentUrl\":\"https:\/\/gymfactory.eu\/wp-content\/uploads\/2024\/11\/Component-1.svg\",\"width\":54,\"height\":44,\"caption\":\"Sporto sal\u0117s gamykla\"},\"image\":{\"@id\":\"https:\/\/gymfactory.eu\/lt\/#\/schema\/logo\/image\/\"}}]}<\/script>\n<!-- \/ Yoast SEO plugin. -->","yoast_head_json":{"title":"WP-3 Centrinis kreipiamasis strypas - Gym Factory","description":"Centrinis kreipiamasis strypas (WP-3), skirtas WP-0 svori\u0173 sud\u0117jimo sistemai. Eina per visas plok\u0161tes ir jungiasi prie vir\u0161utin\u0117s plok\u0161t\u0117s naudojant WP-3X kai\u0161t\u012f.","robots":{"index":"index","follow":"follow","max-snippet":"max-snippet:-1","max-image-preview":"max-image-preview:large","max-video-preview":"max-video-preview:-1"},"canonical":"https:\/\/gymfactory.eu\/lt\/produktas\/wp-3-centrinis-kreipiamasis-strypas\/","og_locale":"lt_LT","og_type":"article","og_title":"WP-3 Centrinis kreipiamasis strypas - Gym Factory","og_description":"Centrinis kreipiamasis strypas (WP-3), skirtas WP-0 svori\u0173 sud\u0117jimo sistemai. Eina per visas plok\u0161tes ir jungiasi prie vir\u0161utin\u0117s plok\u0161t\u0117s naudojant WP-3X kai\u0161t\u012f.","og_url":"https:\/\/gymfactory.eu\/lt\/produktas\/wp-3-centrinis-kreipiamasis-strypas\/","og_site_name":"Gym Factory","article_modified_time":"2025-09-09T13:07:20+00:00","og_image":[{"width":1500,"height":1500,"url":"https:\/\/gymfactory.eu\/wp-content\/uploads\/2025\/05\/WP-3-central-guide-rod-with-selector-pin-holes-for-WP-0-weight-stack.jpg","type":"image\/jpeg"}],"twitter_card":"summary_large_image","twitter_misc":{"Est. reading time":"1 minut\u0117"},"schema":{"@context":"https:\/\/schema.org","@graph":[{"@type":"WebPage","@id":"https:\/\/gymfactory.eu\/lt\/produktas\/wp-3-centrinis-kreipiamasis-strypas\/","url":"https:\/\/gymfactory.eu\/lt\/produktas\/wp-3-centrinis-kreipiamasis-strypas\/","name":"WP-3 Centrinis kreipiamasis strypas - Gym Factory","isPartOf":{"@id":"https:\/\/gymfactory.eu\/lt\/#website"},"primaryImageOfPage":{"@id":"https:\/\/gymfactory.eu\/lt\/produktas\/wp-3-centrinis-kreipiamasis-strypas\/#primaryimage"},"image":{"@id":"https:\/\/gymfactory.eu\/lt\/produktas\/wp-3-centrinis-kreipiamasis-strypas\/#primaryimage"},"thumbnailUrl":"https:\/\/gymfactory.eu\/wp-content\/uploads\/2025\/05\/WP-3-central-guide-rod-with-selector-pin-holes-for-WP-0-weight-stack.jpg","datePublished":"2025-05-26T09:51:26+00:00","dateModified":"2025-09-09T13:07:20+00:00","description":"Centrinis kreipiamasis strypas (WP-3), skirtas WP-0 svori\u0173 sud\u0117jimo sistemai. Eina per visas plok\u0161tes ir jungiasi prie vir\u0161utin\u0117s plok\u0161t\u0117s naudojant WP-3X kai\u0161t\u012f.","breadcrumb":{"@id":"https:\/\/gymfactory.eu\/lt\/produktas\/wp-3-centrinis-kreipiamasis-strypas\/#breadcrumb"},"inLanguage":"lt-LT","potentialAction":[{"@type":"ReadAction","target":["https:\/\/gymfactory.eu\/lt\/produktas\/wp-3-centrinis-kreipiamasis-strypas\/"]}]},{"@type":"ImageObject","inLanguage":"lt-LT","@id":"https:\/\/gymfactory.eu\/lt\/produktas\/wp-3-centrinis-kreipiamasis-strypas\/#primaryimage","url":"https:\/\/gymfactory.eu\/wp-content\/uploads\/2025\/05\/WP-3-central-guide-rod-with-selector-pin-holes-for-WP-0-weight-stack.jpg","contentUrl":"https:\/\/gymfactory.eu\/wp-content\/uploads\/2025\/05\/WP-3-central-guide-rod-with-selector-pin-holes-for-WP-0-weight-stack.jpg","width":1500,"height":1500,"caption":"WP-3 centrinis strypas, naudojamas WP-0 svori\u0173 kr\u016bvose, parodytas su svorio pasirinkimo skylut\u0117mis"},{"@type":"BreadcrumbList","@id":"https:\/\/gymfactory.eu\/lt\/produktas\/wp-3-centrinis-kreipiamasis-strypas\/#breadcrumb","itemListElement":[{"@type":"ListItem","position":1,"name":"Pagrindinis","item":"https:\/\/gymfactory.eu\/lt\/"},{"@type":"ListItem","position":2,"name":"Katalogas","item":"https:\/\/gymfactory.eu\/lt\/katalogas\/"},{"@type":"ListItem","position":3,"name":"WP-3 Centrinis kreipiamasis strypas"}]},{"@type":"WebSite","@id":"https:\/\/gymfactory.eu\/lt\/#website","url":"https:\/\/gymfactory.eu\/lt\/","name":"Gym Factory","description":"","publisher":{"@id":"https:\/\/gymfactory.eu\/lt\/#organization"},"potentialAction":[{"@type":"SearchAction","target":{"@type":"EntryPoint","urlTemplate":"https:\/\/gymfactory.eu\/lt\/?s={search_term_string}"},"query-input":{"@type":"PropertyValueSpecification","valueRequired":true,"valueName":"search_term_string"}}],"inLanguage":"lt-LT"},{"@type":"Organization","@id":"https:\/\/gymfactory.eu\/lt\/#organization","name":"Sporto sal\u0117s gamykla","url":"https:\/\/gymfactory.eu\/lt\/","logo":{"@type":"ImageObject","inLanguage":"lt-LT","@id":"https:\/\/gymfactory.eu\/lt\/#\/schema\/logo\/image\/","url":"https:\/\/gymfactory.eu\/wp-content\/uploads\/2024\/11\/Component-1.svg","contentUrl":"https:\/\/gymfactory.eu\/wp-content\/uploads\/2024\/11\/Component-1.svg","width":54,"height":44,"caption":"Sporto sal\u0117s gamykla"},"image":{"@id":"https:\/\/gymfactory.eu\/lt\/#\/schema\/logo\/image\/"}}]}},"_links":{"self":[{"href":"https:\/\/gymfactory.eu\/lt\/wp-json\/wp\/v2\/product\/9490","targetHints":{"allow":["GET"]}}],"collection":[{"href":"https:\/\/gymfactory.eu\/lt\/wp-json\/wp\/v2\/product"}],"about":[{"href":"https:\/\/gymfactory.eu\/lt\/wp-json\/wp\/v2\/types\/product"}],"wp:featuredmedia":[{"embeddable":true,"href":"https:\/\/gymfactory.eu\/lt\/wp-json\/wp\/v2\/media\/9186"}],"wp:attachment":[{"href":"https:\/\/gymfactory.eu\/lt\/wp-json\/wp\/v2\/media?parent=9490"}],"wp:term":[{"taxonomy":"product_brand","embeddable":true,"href":"https:\/\/gymfactory.eu\/lt\/wp-json\/wp\/v2\/product_brand?post=9490"},{"taxonomy":"product_cat","embeddable":true,"href":"https:\/\/gymfactory.eu\/lt\/wp-json\/wp\/v2\/product_cat?post=9490"},{"taxonomy":"product_tag","embeddable":true,"href":"https:\/\/gymfactory.eu\/lt\/wp-json\/wp\/v2\/product_tag?post=9490"}],"curies":[{"name":"wp","href":"https:\/\/api.w.org\/{rel}","templated":true}]}}