{"id":30180,"date":"2026-04-02T08:38:10","date_gmt":"2026-04-02T05:38:10","guid":{"rendered":"https:\/\/gymfactory.eu\/product\/z24-competition-chalk-stand\/"},"modified":"2026-04-08T13:31:26","modified_gmt":"2026-04-08T10:31:26","slug":"z24-kreidos-stovas","status":"publish","type":"product","link":"https:\/\/gymfactory.eu\/lt\/produktas\/z24-kreidos-stovas\/","title":{"rendered":"Z24 Kreidos stovas"},"content":{"rendered":"<p>Z24 kreidos stovas &#8211; paprastas ir prakti\u0161kas sprendimas, u\u017etikrinantis patog\u0173 pri\u0117jim\u0105 prie kreidos treniruot\u0117s metu. Tinka tiek komercin\u0117ms sporto sal\u0117ms, tiek asmeniniam naudojimui, padeda palaikyti tvarking\u0105 ir organizuot\u0105 treniruo\u010di\u0173 erdv\u0119.<\/p>\n<p>Stovas turi gil\u0173 kreidos duben\u012f, kuris suma\u017eina kreidos byr\u0117jim\u0105 ir leid\u017eia patogiai naudotis net intensyvi\u0173 treniruo\u010di\u0173 metu. Dvi integruotos kilpos suteikia galimyb\u0119 pasikabinti gumas, dir\u017eus ar kitus priedus.<\/p>\n<p>Trys ratukai su fiksavimo mechanizmu leid\u017eia stov\u0105 lengvai perkelti ir stabiliai u\u017efiksuoti reikiamoje vietoje. Taip pat stovas gali b\u016bti i\u0161ardomas \u012f tris dalis, tod\u0117l yra patogus transportuoti ar sand\u0117liuoti.<\/p>\n<p>Funkcionalus, tvarkingas ir lengvai naudojamas sprendimas kiekvienai treniruo\u010di\u0173 erdvei.<\/p>\n\n    <div class=\"xs_social_share_widget xs_share_url after_content \t\tmain_content  wslu-style-1 wslu-share-box-shaped wslu-fill-colored wslu-none wslu-share-horizontal wslu-theme-font-no wslu-main_content\">\n\n\t\t\n        <ul>\n\t\t\t        <\/ul>\n    <\/div> \n","protected":false},"excerpt":{"rendered":"<p>Z24 kreidos stovas &#8211; paprastas ir prakti\u0161kas sprendimas, u\u017etikrinantis patog\u0173 pri\u0117jim\u0105 prie kreidos treniruot\u0117s metu. Tinka tiek komercin\u0117ms sporto sal\u0117ms, tiek asmeniniam naudojimui, padeda palaikyti tvarking\u0105 ir organizuot\u0105 treniruo\u010di\u0173 erdv\u0119. Stovas turi gil\u0173 kreidos duben\u012f, kuris suma\u017eina kreidos byr\u0117jim\u0105 ir leid\u017eia patogiai naudotis net intensyvi\u0173 treniruo\u010di\u0173 metu. Dvi integruotos kilpos suteikia galimyb\u0119 pasikabinti gumas, dir\u017eus [&hellip;]<\/p>\n","protected":false},"featured_media":29668,"template":"","meta":{"_acf_changed":false},"product_brand":[],"product_cat":[418],"product_tag":[415],"class_list":{"0":"post-30180","1":"product","2":"type-product","3":"status-publish","4":"has-post-thumbnail","6":"product_cat-treniruokliu-priedai","7":"product_tag-spalva-tik-metaline","9":"first","10":"onbackorder","11":"taxable","12":"shipping-taxable","13":"purchasable","14":"product-type-simple"},"acf":[],"yoast_head":"<!-- This site is optimized with the Yoast SEO plugin v25.2 - https:\/\/yoast.com\/wordpress\/plugins\/seo\/ -->\n<title>Z24 Kreidos stovas - Gym Factory<\/title>\n<meta name=\"description\" content=\"Z24 kreidos stovas su giliu dubeniu, kilpomis priedams ir ratukais. Patogus, mobilus ir padedantis palaikyti tvark\u0105 treniruot\u0117je.\" \/>\n<meta name=\"robots\" content=\"index, follow, max-snippet:-1, max-image-preview:large, max-video-preview:-1\" \/>\n<link rel=\"canonical\" href=\"https:\/\/gymfactory.eu\/lt\/produktas\/z24-kreidos-stovas\/\" \/>\n<meta property=\"og:locale\" content=\"lt_LT\" \/>\n<meta property=\"og:type\" content=\"article\" \/>\n<meta property=\"og:title\" content=\"Z24 Kreidos stovas - Gym Factory\" \/>\n<meta property=\"og:description\" content=\"Z24 kreidos stovas su giliu dubeniu, kilpomis priedams ir ratukais. Patogus, mobilus ir padedantis palaikyti tvark\u0105 treniruot\u0117je.\" \/>\n<meta property=\"og:url\" content=\"https:\/\/gymfactory.eu\/lt\/produktas\/z24-kreidos-stovas\/\" \/>\n<meta property=\"og:site_name\" content=\"Gym Factory\" \/>\n<meta property=\"article:modified_time\" content=\"2026-04-08T10:31:26+00:00\" \/>\n<meta property=\"og:image\" content=\"https:\/\/gymfactory.eu\/wp-content\/uploads\/2026\/04\/Competition-Chalk-Stand.webp\" \/>\n\t<meta property=\"og:image:width\" content=\"1500\" \/>\n\t<meta property=\"og:image:height\" content=\"1500\" \/>\n\t<meta property=\"og:image:type\" content=\"image\/webp\" \/>\n<meta name=\"twitter:card\" content=\"summary_large_image\" \/>\n<meta name=\"twitter:label1\" content=\"Est. reading time\" \/>\n\t<meta name=\"twitter:data1\" content=\"1 minut\u0117\" \/>\n<script type=\"application\/ld+json\" class=\"yoast-schema-graph\">{\"@context\":\"https:\/\/schema.org\",\"@graph\":[{\"@type\":\"WebPage\",\"@id\":\"https:\/\/gymfactory.eu\/lt\/produktas\/z24-kreidos-stovas\/\",\"url\":\"https:\/\/gymfactory.eu\/lt\/produktas\/z24-kreidos-stovas\/\",\"name\":\"Z24 Kreidos stovas - Gym Factory\",\"isPartOf\":{\"@id\":\"https:\/\/gymfactory.eu\/lt\/#website\"},\"primaryImageOfPage\":{\"@id\":\"https:\/\/gymfactory.eu\/lt\/produktas\/z24-kreidos-stovas\/#primaryimage\"},\"image\":{\"@id\":\"https:\/\/gymfactory.eu\/lt\/produktas\/z24-kreidos-stovas\/#primaryimage\"},\"thumbnailUrl\":\"https:\/\/gymfactory.eu\/wp-content\/uploads\/2026\/04\/Competition-Chalk-Stand.webp\",\"datePublished\":\"2026-04-02T05:38:10+00:00\",\"dateModified\":\"2026-04-08T10:31:26+00:00\",\"description\":\"Z24 kreidos stovas su giliu dubeniu, kilpomis priedams ir ratukais. Patogus, mobilus ir padedantis palaikyti tvark\u0105 treniruot\u0117je.\",\"breadcrumb\":{\"@id\":\"https:\/\/gymfactory.eu\/lt\/produktas\/z24-kreidos-stovas\/#breadcrumb\"},\"inLanguage\":\"lt-LT\",\"potentialAction\":[{\"@type\":\"ReadAction\",\"target\":[\"https:\/\/gymfactory.eu\/lt\/produktas\/z24-kreidos-stovas\/\"]}]},{\"@type\":\"ImageObject\",\"inLanguage\":\"lt-LT\",\"@id\":\"https:\/\/gymfactory.eu\/lt\/produktas\/z24-kreidos-stovas\/#primaryimage\",\"url\":\"https:\/\/gymfactory.eu\/wp-content\/uploads\/2026\/04\/Competition-Chalk-Stand.webp\",\"contentUrl\":\"https:\/\/gymfactory.eu\/wp-content\/uploads\/2026\/04\/Competition-Chalk-Stand.webp\",\"width\":1500,\"height\":1500,\"caption\":\"Competition Chalk Stand constructed from high-quality steel, a sturdy and practical gym accessory designed to keep chalk easily accessible while maintaining a clean and organized training space during intense workouts.\"},{\"@type\":\"BreadcrumbList\",\"@id\":\"https:\/\/gymfactory.eu\/lt\/produktas\/z24-kreidos-stovas\/#breadcrumb\",\"itemListElement\":[{\"@type\":\"ListItem\",\"position\":1,\"name\":\"Pagrindinis\",\"item\":\"https:\/\/gymfactory.eu\/lt\/\"},{\"@type\":\"ListItem\",\"position\":2,\"name\":\"Katalogas\",\"item\":\"https:\/\/gymfactory.eu\/lt\/katalogas\/\"},{\"@type\":\"ListItem\",\"position\":3,\"name\":\"Z24 Kreidos stovas\"}]},{\"@type\":\"WebSite\",\"@id\":\"https:\/\/gymfactory.eu\/lt\/#website\",\"url\":\"https:\/\/gymfactory.eu\/lt\/\",\"name\":\"Gym Factory\",\"description\":\"\",\"publisher\":{\"@id\":\"https:\/\/gymfactory.eu\/lt\/#organization\"},\"potentialAction\":[{\"@type\":\"SearchAction\",\"target\":{\"@type\":\"EntryPoint\",\"urlTemplate\":\"https:\/\/gymfactory.eu\/lt\/?s={search_term_string}\"},\"query-input\":{\"@type\":\"PropertyValueSpecification\",\"valueRequired\":true,\"valueName\":\"search_term_string\"}}],\"inLanguage\":\"lt-LT\"},{\"@type\":\"Organization\",\"@id\":\"https:\/\/gymfactory.eu\/lt\/#organization\",\"name\":\"Sporto sal\u0117s gamykla\",\"url\":\"https:\/\/gymfactory.eu\/lt\/\",\"logo\":{\"@type\":\"ImageObject\",\"inLanguage\":\"lt-LT\",\"@id\":\"https:\/\/gymfactory.eu\/lt\/#\/schema\/logo\/image\/\",\"url\":\"https:\/\/gymfactory.eu\/wp-content\/uploads\/2024\/11\/Component-1.svg\",\"contentUrl\":\"https:\/\/gymfactory.eu\/wp-content\/uploads\/2024\/11\/Component-1.svg\",\"width\":54,\"height\":44,\"caption\":\"Sporto sal\u0117s gamykla\"},\"image\":{\"@id\":\"https:\/\/gymfactory.eu\/lt\/#\/schema\/logo\/image\/\"}}]}<\/script>\n<!-- \/ Yoast SEO plugin. -->","yoast_head_json":{"title":"Z24 Kreidos stovas - Gym Factory","description":"Z24 kreidos stovas su giliu dubeniu, kilpomis priedams ir ratukais. Patogus, mobilus ir padedantis palaikyti tvark\u0105 treniruot\u0117je.","robots":{"index":"index","follow":"follow","max-snippet":"max-snippet:-1","max-image-preview":"max-image-preview:large","max-video-preview":"max-video-preview:-1"},"canonical":"https:\/\/gymfactory.eu\/lt\/produktas\/z24-kreidos-stovas\/","og_locale":"lt_LT","og_type":"article","og_title":"Z24 Kreidos stovas - Gym Factory","og_description":"Z24 kreidos stovas su giliu dubeniu, kilpomis priedams ir ratukais. Patogus, mobilus ir padedantis palaikyti tvark\u0105 treniruot\u0117je.","og_url":"https:\/\/gymfactory.eu\/lt\/produktas\/z24-kreidos-stovas\/","og_site_name":"Gym Factory","article_modified_time":"2026-04-08T10:31:26+00:00","og_image":[{"width":1500,"height":1500,"url":"https:\/\/gymfactory.eu\/wp-content\/uploads\/2026\/04\/Competition-Chalk-Stand.webp","type":"image\/webp"}],"twitter_card":"summary_large_image","twitter_misc":{"Est. reading time":"1 minut\u0117"},"schema":{"@context":"https:\/\/schema.org","@graph":[{"@type":"WebPage","@id":"https:\/\/gymfactory.eu\/lt\/produktas\/z24-kreidos-stovas\/","url":"https:\/\/gymfactory.eu\/lt\/produktas\/z24-kreidos-stovas\/","name":"Z24 Kreidos stovas - Gym Factory","isPartOf":{"@id":"https:\/\/gymfactory.eu\/lt\/#website"},"primaryImageOfPage":{"@id":"https:\/\/gymfactory.eu\/lt\/produktas\/z24-kreidos-stovas\/#primaryimage"},"image":{"@id":"https:\/\/gymfactory.eu\/lt\/produktas\/z24-kreidos-stovas\/#primaryimage"},"thumbnailUrl":"https:\/\/gymfactory.eu\/wp-content\/uploads\/2026\/04\/Competition-Chalk-Stand.webp","datePublished":"2026-04-02T05:38:10+00:00","dateModified":"2026-04-08T10:31:26+00:00","description":"Z24 kreidos stovas su giliu dubeniu, kilpomis priedams ir ratukais. Patogus, mobilus ir padedantis palaikyti tvark\u0105 treniruot\u0117je.","breadcrumb":{"@id":"https:\/\/gymfactory.eu\/lt\/produktas\/z24-kreidos-stovas\/#breadcrumb"},"inLanguage":"lt-LT","potentialAction":[{"@type":"ReadAction","target":["https:\/\/gymfactory.eu\/lt\/produktas\/z24-kreidos-stovas\/"]}]},{"@type":"ImageObject","inLanguage":"lt-LT","@id":"https:\/\/gymfactory.eu\/lt\/produktas\/z24-kreidos-stovas\/#primaryimage","url":"https:\/\/gymfactory.eu\/wp-content\/uploads\/2026\/04\/Competition-Chalk-Stand.webp","contentUrl":"https:\/\/gymfactory.eu\/wp-content\/uploads\/2026\/04\/Competition-Chalk-Stand.webp","width":1500,"height":1500,"caption":"Competition Chalk Stand constructed from high-quality steel, a sturdy and practical gym accessory designed to keep chalk easily accessible while maintaining a clean and organized training space during intense workouts."},{"@type":"BreadcrumbList","@id":"https:\/\/gymfactory.eu\/lt\/produktas\/z24-kreidos-stovas\/#breadcrumb","itemListElement":[{"@type":"ListItem","position":1,"name":"Pagrindinis","item":"https:\/\/gymfactory.eu\/lt\/"},{"@type":"ListItem","position":2,"name":"Katalogas","item":"https:\/\/gymfactory.eu\/lt\/katalogas\/"},{"@type":"ListItem","position":3,"name":"Z24 Kreidos stovas"}]},{"@type":"WebSite","@id":"https:\/\/gymfactory.eu\/lt\/#website","url":"https:\/\/gymfactory.eu\/lt\/","name":"Gym Factory","description":"","publisher":{"@id":"https:\/\/gymfactory.eu\/lt\/#organization"},"potentialAction":[{"@type":"SearchAction","target":{"@type":"EntryPoint","urlTemplate":"https:\/\/gymfactory.eu\/lt\/?s={search_term_string}"},"query-input":{"@type":"PropertyValueSpecification","valueRequired":true,"valueName":"search_term_string"}}],"inLanguage":"lt-LT"},{"@type":"Organization","@id":"https:\/\/gymfactory.eu\/lt\/#organization","name":"Sporto sal\u0117s gamykla","url":"https:\/\/gymfactory.eu\/lt\/","logo":{"@type":"ImageObject","inLanguage":"lt-LT","@id":"https:\/\/gymfactory.eu\/lt\/#\/schema\/logo\/image\/","url":"https:\/\/gymfactory.eu\/wp-content\/uploads\/2024\/11\/Component-1.svg","contentUrl":"https:\/\/gymfactory.eu\/wp-content\/uploads\/2024\/11\/Component-1.svg","width":54,"height":44,"caption":"Sporto sal\u0117s gamykla"},"image":{"@id":"https:\/\/gymfactory.eu\/lt\/#\/schema\/logo\/image\/"}}]}},"_links":{"self":[{"href":"https:\/\/gymfactory.eu\/lt\/wp-json\/wp\/v2\/product\/30180","targetHints":{"allow":["GET"]}}],"collection":[{"href":"https:\/\/gymfactory.eu\/lt\/wp-json\/wp\/v2\/product"}],"about":[{"href":"https:\/\/gymfactory.eu\/lt\/wp-json\/wp\/v2\/types\/product"}],"wp:featuredmedia":[{"embeddable":true,"href":"https:\/\/gymfactory.eu\/lt\/wp-json\/wp\/v2\/media\/29668"}],"wp:attachment":[{"href":"https:\/\/gymfactory.eu\/lt\/wp-json\/wp\/v2\/media?parent=30180"}],"wp:term":[{"taxonomy":"product_brand","embeddable":true,"href":"https:\/\/gymfactory.eu\/lt\/wp-json\/wp\/v2\/product_brand?post=30180"},{"taxonomy":"product_cat","embeddable":true,"href":"https:\/\/gymfactory.eu\/lt\/wp-json\/wp\/v2\/product_cat?post=30180"},{"taxonomy":"product_tag","embeddable":true,"href":"https:\/\/gymfactory.eu\/lt\/wp-json\/wp\/v2\/product_tag?post=30180"}],"curies":[{"name":"wp","href":"https:\/\/api.w.org\/{rel}","templated":true}]}}