{"id":27504,"date":"2026-02-12T11:02:44","date_gmt":"2026-02-12T09:02:44","guid":{"rendered":"https:\/\/gymfactory.eu\/product\/z03g1x-texas-deadlift-bar\/"},"modified":"2026-02-12T12:31:03","modified_gmt":"2026-02-12T10:31:03","slug":"z03g1x-texas-deadlifto-stanga","status":"publish","type":"product","link":"https:\/\/gymfactory.eu\/lt\/produktas\/z03g1x-texas-deadlifto-stanga\/","title":{"rendered":"Z03G1X Texas mirties traukos \u0161tanga"},"content":{"rendered":"<p data-start=\"160\" data-end=\"378\">Z03G1X Texas mirties traukos \u0161tanga sukurta maksimalios j\u0117gos traukos treniruot\u0117ms. 27 mm skersmens grifas yra lankstesnis nei standartin\u0117s j\u0117gos \u0161tangos, tod\u0117l leid\u017eia i\u0161naudoti \u0161tangos elastingum\u0105 keliant didelius svorius.<\/p>\n<p data-start=\"380\" data-end=\"523\">\u0160tangos ilgis 230 cm, svoris 20 kg. Konstrukcija pritaikyta iki 681 kg apkrovai, tod\u0117l tinka pa\u017eengusiems sportininkams ir j\u0117gos sporto sal\u0117ms.<\/p>\n<p data-start=\"525\" data-end=\"695\">Siauresnis grifo diametras padeda u\u017etikrinti stipresn\u012f su\u0117mim\u0105, o \u0161tangos lankstumas leid\u017eia patyrusiems atletams efektyviau i\u0161judinti svor\u012f nuo grind\u0173 sunkiose serijose.<\/p>\n<p data-start=\"697\" data-end=\"785\">Tinka j\u0117gos trikov\u0117s, j\u0117gos sporto klubams ir rimtai \u012frengtoms nam\u0173 treniruo\u010di\u0173 erdv\u0117ms.<\/p>\n\n    <div class=\"xs_social_share_widget xs_share_url after_content \t\tmain_content  wslu-style-1 wslu-share-box-shaped wslu-fill-colored wslu-none wslu-share-horizontal wslu-theme-font-no wslu-main_content\">\n\n\t\t\n        <ul>\n\t\t\t        <\/ul>\n    <\/div> \n","protected":false},"excerpt":{"rendered":"<p>Z03G1X Texas mirties traukos \u0161tanga sukurta maksimalios j\u0117gos traukos treniruot\u0117ms. 27 mm skersmens grifas yra lankstesnis nei standartin\u0117s j\u0117gos \u0161tangos, tod\u0117l leid\u017eia i\u0161naudoti \u0161tangos elastingum\u0105 keliant didelius svorius. \u0160tangos ilgis 230 cm, svoris 20 kg. Konstrukcija pritaikyta iki 681 kg apkrovai, tod\u0117l tinka pa\u017eengusiems sportininkams ir j\u0117gos sporto sal\u0117ms. Siauresnis grifo diametras padeda u\u017etikrinti stipresn\u012f [&hellip;]<\/p>\n","protected":false},"featured_media":27270,"template":"","meta":{"_acf_changed":false},"product_brand":[],"product_cat":[405],"product_tag":[393],"class_list":{"0":"post-27504","1":"product","2":"type-product","3":"status-publish","4":"has-post-thumbnail","6":"product_cat-svarmenys-ir-stangos","7":"product_tag-spalva-nera-spalvu","9":"first","10":"onbackorder","11":"taxable","12":"shipping-taxable","13":"purchasable","14":"product-type-simple"},"acf":[],"yoast_head":"<!-- This site is optimized with the Yoast SEO plugin v25.2 - https:\/\/yoast.com\/wordpress\/plugins\/seo\/ -->\n<title>Z03G1X Texas mirties traukos \u0161tanga - Gym Factory<\/title>\n<meta name=\"description\" content=\"Texas deadlifto \u0161tanga 27 mm, 230 cm ilgio, 20 kg svorio. Maksimali apkrova 681 kg. Skirta j\u0117gos sportui.\" \/>\n<meta name=\"robots\" content=\"index, follow, max-snippet:-1, max-image-preview:large, max-video-preview:-1\" \/>\n<link rel=\"canonical\" href=\"https:\/\/gymfactory.eu\/lt\/produktas\/z03g1x-texas-deadlifto-stanga\/\" \/>\n<meta property=\"og:locale\" content=\"lt_LT\" \/>\n<meta property=\"og:type\" content=\"article\" \/>\n<meta property=\"og:title\" content=\"Z03G1X Texas mirties traukos \u0161tanga - Gym Factory\" \/>\n<meta property=\"og:description\" content=\"Texas deadlifto \u0161tanga 27 mm, 230 cm ilgio, 20 kg svorio. Maksimali apkrova 681 kg. Skirta j\u0117gos sportui.\" \/>\n<meta property=\"og:url\" content=\"https:\/\/gymfactory.eu\/lt\/produktas\/z03g1x-texas-deadlifto-stanga\/\" \/>\n<meta property=\"og:site_name\" content=\"Gym Factory\" \/>\n<meta property=\"article:modified_time\" content=\"2026-02-12T10:31:03+00:00\" \/>\n<meta property=\"og:image\" content=\"https:\/\/gymfactory.eu\/wp-content\/uploads\/2026\/02\/gym-factory-texas-deadlift-bar-z03g1x-230cm-681kg-2.jpg\" \/>\n\t<meta property=\"og:image:width\" content=\"1500\" \/>\n\t<meta property=\"og:image:height\" content=\"1500\" \/>\n\t<meta property=\"og:image:type\" content=\"image\/jpeg\" \/>\n<meta name=\"twitter:card\" content=\"summary_large_image\" \/>\n<meta name=\"twitter:label1\" content=\"Est. reading time\" \/>\n\t<meta name=\"twitter:data1\" content=\"1 minut\u0117\" \/>\n<script type=\"application\/ld+json\" class=\"yoast-schema-graph\">{\"@context\":\"https:\/\/schema.org\",\"@graph\":[{\"@type\":\"WebPage\",\"@id\":\"https:\/\/gymfactory.eu\/lt\/produktas\/z03g1x-texas-deadlifto-stanga\/\",\"url\":\"https:\/\/gymfactory.eu\/lt\/produktas\/z03g1x-texas-deadlifto-stanga\/\",\"name\":\"Z03G1X Texas mirties traukos \u0161tanga - Gym Factory\",\"isPartOf\":{\"@id\":\"https:\/\/gymfactory.eu\/lt\/#website\"},\"primaryImageOfPage\":{\"@id\":\"https:\/\/gymfactory.eu\/lt\/produktas\/z03g1x-texas-deadlifto-stanga\/#primaryimage\"},\"image\":{\"@id\":\"https:\/\/gymfactory.eu\/lt\/produktas\/z03g1x-texas-deadlifto-stanga\/#primaryimage\"},\"thumbnailUrl\":\"https:\/\/gymfactory.eu\/wp-content\/uploads\/2026\/02\/gym-factory-texas-deadlift-bar-z03g1x-230cm-681kg-2.jpg\",\"datePublished\":\"2026-02-12T09:02:44+00:00\",\"dateModified\":\"2026-02-12T10:31:03+00:00\",\"description\":\"Texas deadlifto \u0161tanga 27 mm, 230 cm ilgio, 20 kg svorio. Maksimali apkrova 681 kg. Skirta j\u0117gos sportui.\",\"breadcrumb\":{\"@id\":\"https:\/\/gymfactory.eu\/lt\/produktas\/z03g1x-texas-deadlifto-stanga\/#breadcrumb\"},\"inLanguage\":\"lt-LT\",\"potentialAction\":[{\"@type\":\"ReadAction\",\"target\":[\"https:\/\/gymfactory.eu\/lt\/produktas\/z03g1x-texas-deadlifto-stanga\/\"]}]},{\"@type\":\"ImageObject\",\"inLanguage\":\"lt-LT\",\"@id\":\"https:\/\/gymfactory.eu\/lt\/produktas\/z03g1x-texas-deadlifto-stanga\/#primaryimage\",\"url\":\"https:\/\/gymfactory.eu\/wp-content\/uploads\/2026\/02\/gym-factory-texas-deadlift-bar-z03g1x-230cm-681kg-2.jpg\",\"contentUrl\":\"https:\/\/gymfactory.eu\/wp-content\/uploads\/2026\/02\/gym-factory-texas-deadlift-bar-z03g1x-230cm-681kg-2.jpg\",\"width\":1500,\"height\":1500,\"caption\":\"Gym Factory Texas deadlift bar 230 cm with 681 kg load capacity\"},{\"@type\":\"BreadcrumbList\",\"@id\":\"https:\/\/gymfactory.eu\/lt\/produktas\/z03g1x-texas-deadlifto-stanga\/#breadcrumb\",\"itemListElement\":[{\"@type\":\"ListItem\",\"position\":1,\"name\":\"Pagrindinis\",\"item\":\"https:\/\/gymfactory.eu\/lt\/\"},{\"@type\":\"ListItem\",\"position\":2,\"name\":\"Katalogas\",\"item\":\"https:\/\/gymfactory.eu\/lt\/katalogas\/\"},{\"@type\":\"ListItem\",\"position\":3,\"name\":\"Z03G1X Texas mirties traukos \u0161tanga\"}]},{\"@type\":\"WebSite\",\"@id\":\"https:\/\/gymfactory.eu\/lt\/#website\",\"url\":\"https:\/\/gymfactory.eu\/lt\/\",\"name\":\"Gym Factory\",\"description\":\"\",\"publisher\":{\"@id\":\"https:\/\/gymfactory.eu\/lt\/#organization\"},\"potentialAction\":[{\"@type\":\"SearchAction\",\"target\":{\"@type\":\"EntryPoint\",\"urlTemplate\":\"https:\/\/gymfactory.eu\/lt\/?s={search_term_string}\"},\"query-input\":{\"@type\":\"PropertyValueSpecification\",\"valueRequired\":true,\"valueName\":\"search_term_string\"}}],\"inLanguage\":\"lt-LT\"},{\"@type\":\"Organization\",\"@id\":\"https:\/\/gymfactory.eu\/lt\/#organization\",\"name\":\"Sporto sal\u0117s gamykla\",\"url\":\"https:\/\/gymfactory.eu\/lt\/\",\"logo\":{\"@type\":\"ImageObject\",\"inLanguage\":\"lt-LT\",\"@id\":\"https:\/\/gymfactory.eu\/lt\/#\/schema\/logo\/image\/\",\"url\":\"https:\/\/gymfactory.eu\/wp-content\/uploads\/2024\/11\/Component-1.svg\",\"contentUrl\":\"https:\/\/gymfactory.eu\/wp-content\/uploads\/2024\/11\/Component-1.svg\",\"width\":54,\"height\":44,\"caption\":\"Sporto sal\u0117s gamykla\"},\"image\":{\"@id\":\"https:\/\/gymfactory.eu\/lt\/#\/schema\/logo\/image\/\"}}]}<\/script>\n<!-- \/ Yoast SEO plugin. -->","yoast_head_json":{"title":"Z03G1X Texas mirties traukos \u0161tanga - Gym Factory","description":"Texas deadlifto \u0161tanga 27 mm, 230 cm ilgio, 20 kg svorio. Maksimali apkrova 681 kg. Skirta j\u0117gos sportui.","robots":{"index":"index","follow":"follow","max-snippet":"max-snippet:-1","max-image-preview":"max-image-preview:large","max-video-preview":"max-video-preview:-1"},"canonical":"https:\/\/gymfactory.eu\/lt\/produktas\/z03g1x-texas-deadlifto-stanga\/","og_locale":"lt_LT","og_type":"article","og_title":"Z03G1X Texas mirties traukos \u0161tanga - Gym Factory","og_description":"Texas deadlifto \u0161tanga 27 mm, 230 cm ilgio, 20 kg svorio. Maksimali apkrova 681 kg. Skirta j\u0117gos sportui.","og_url":"https:\/\/gymfactory.eu\/lt\/produktas\/z03g1x-texas-deadlifto-stanga\/","og_site_name":"Gym Factory","article_modified_time":"2026-02-12T10:31:03+00:00","og_image":[{"width":1500,"height":1500,"url":"https:\/\/gymfactory.eu\/wp-content\/uploads\/2026\/02\/gym-factory-texas-deadlift-bar-z03g1x-230cm-681kg-2.jpg","type":"image\/jpeg"}],"twitter_card":"summary_large_image","twitter_misc":{"Est. reading time":"1 minut\u0117"},"schema":{"@context":"https:\/\/schema.org","@graph":[{"@type":"WebPage","@id":"https:\/\/gymfactory.eu\/lt\/produktas\/z03g1x-texas-deadlifto-stanga\/","url":"https:\/\/gymfactory.eu\/lt\/produktas\/z03g1x-texas-deadlifto-stanga\/","name":"Z03G1X Texas mirties traukos \u0161tanga - Gym Factory","isPartOf":{"@id":"https:\/\/gymfactory.eu\/lt\/#website"},"primaryImageOfPage":{"@id":"https:\/\/gymfactory.eu\/lt\/produktas\/z03g1x-texas-deadlifto-stanga\/#primaryimage"},"image":{"@id":"https:\/\/gymfactory.eu\/lt\/produktas\/z03g1x-texas-deadlifto-stanga\/#primaryimage"},"thumbnailUrl":"https:\/\/gymfactory.eu\/wp-content\/uploads\/2026\/02\/gym-factory-texas-deadlift-bar-z03g1x-230cm-681kg-2.jpg","datePublished":"2026-02-12T09:02:44+00:00","dateModified":"2026-02-12T10:31:03+00:00","description":"Texas deadlifto \u0161tanga 27 mm, 230 cm ilgio, 20 kg svorio. Maksimali apkrova 681 kg. Skirta j\u0117gos sportui.","breadcrumb":{"@id":"https:\/\/gymfactory.eu\/lt\/produktas\/z03g1x-texas-deadlifto-stanga\/#breadcrumb"},"inLanguage":"lt-LT","potentialAction":[{"@type":"ReadAction","target":["https:\/\/gymfactory.eu\/lt\/produktas\/z03g1x-texas-deadlifto-stanga\/"]}]},{"@type":"ImageObject","inLanguage":"lt-LT","@id":"https:\/\/gymfactory.eu\/lt\/produktas\/z03g1x-texas-deadlifto-stanga\/#primaryimage","url":"https:\/\/gymfactory.eu\/wp-content\/uploads\/2026\/02\/gym-factory-texas-deadlift-bar-z03g1x-230cm-681kg-2.jpg","contentUrl":"https:\/\/gymfactory.eu\/wp-content\/uploads\/2026\/02\/gym-factory-texas-deadlift-bar-z03g1x-230cm-681kg-2.jpg","width":1500,"height":1500,"caption":"Gym Factory Texas deadlift bar 230 cm with 681 kg load capacity"},{"@type":"BreadcrumbList","@id":"https:\/\/gymfactory.eu\/lt\/produktas\/z03g1x-texas-deadlifto-stanga\/#breadcrumb","itemListElement":[{"@type":"ListItem","position":1,"name":"Pagrindinis","item":"https:\/\/gymfactory.eu\/lt\/"},{"@type":"ListItem","position":2,"name":"Katalogas","item":"https:\/\/gymfactory.eu\/lt\/katalogas\/"},{"@type":"ListItem","position":3,"name":"Z03G1X Texas mirties traukos \u0161tanga"}]},{"@type":"WebSite","@id":"https:\/\/gymfactory.eu\/lt\/#website","url":"https:\/\/gymfactory.eu\/lt\/","name":"Gym Factory","description":"","publisher":{"@id":"https:\/\/gymfactory.eu\/lt\/#organization"},"potentialAction":[{"@type":"SearchAction","target":{"@type":"EntryPoint","urlTemplate":"https:\/\/gymfactory.eu\/lt\/?s={search_term_string}"},"query-input":{"@type":"PropertyValueSpecification","valueRequired":true,"valueName":"search_term_string"}}],"inLanguage":"lt-LT"},{"@type":"Organization","@id":"https:\/\/gymfactory.eu\/lt\/#organization","name":"Sporto sal\u0117s gamykla","url":"https:\/\/gymfactory.eu\/lt\/","logo":{"@type":"ImageObject","inLanguage":"lt-LT","@id":"https:\/\/gymfactory.eu\/lt\/#\/schema\/logo\/image\/","url":"https:\/\/gymfactory.eu\/wp-content\/uploads\/2024\/11\/Component-1.svg","contentUrl":"https:\/\/gymfactory.eu\/wp-content\/uploads\/2024\/11\/Component-1.svg","width":54,"height":44,"caption":"Sporto sal\u0117s gamykla"},"image":{"@id":"https:\/\/gymfactory.eu\/lt\/#\/schema\/logo\/image\/"}}]}},"_links":{"self":[{"href":"https:\/\/gymfactory.eu\/lt\/wp-json\/wp\/v2\/product\/27504","targetHints":{"allow":["GET"]}}],"collection":[{"href":"https:\/\/gymfactory.eu\/lt\/wp-json\/wp\/v2\/product"}],"about":[{"href":"https:\/\/gymfactory.eu\/lt\/wp-json\/wp\/v2\/types\/product"}],"wp:featuredmedia":[{"embeddable":true,"href":"https:\/\/gymfactory.eu\/lt\/wp-json\/wp\/v2\/media\/27270"}],"wp:attachment":[{"href":"https:\/\/gymfactory.eu\/lt\/wp-json\/wp\/v2\/media?parent=27504"}],"wp:term":[{"taxonomy":"product_brand","embeddable":true,"href":"https:\/\/gymfactory.eu\/lt\/wp-json\/wp\/v2\/product_brand?post=27504"},{"taxonomy":"product_cat","embeddable":true,"href":"https:\/\/gymfactory.eu\/lt\/wp-json\/wp\/v2\/product_cat?post=27504"},{"taxonomy":"product_tag","embeddable":true,"href":"https:\/\/gymfactory.eu\/lt\/wp-json\/wp\/v2\/product_tag?post=27504"}],"curies":[{"name":"wp","href":"https:\/\/api.w.org\/{rel}","templated":true}]}}