{"id":27457,"date":"2026-02-11T16:04:50","date_gmt":"2026-02-11T14:04:50","guid":{"rendered":"https:\/\/gymfactory.eu\/product\/x2c-chrome-dumbbells\/"},"modified":"2026-02-27T07:36:19","modified_gmt":"2026-02-27T05:36:19","slug":"x2c-chromuoti-hanteliai","status":"publish","type":"product","link":"https:\/\/gymfactory.eu\/lt\/produktas\/x2c-chromuoti-hanteliai\/","title":{"rendered":"X2-2C Chromuoti hanteliai"},"content":{"rendered":"<p data-start=\"117\" data-end=\"395\">X2C chromuoti hanteliai skirti kontroliuojamam ir efektyviam j\u0117gos treniravimui tiek profesionaliuose sporto klubuose, tiek nam\u0173 sporto erdv\u0117se. Pagaminti i\u0161 vientiso metalo ir padengti chromo sluoksniu, jie pasi\u017eymi ilgaam\u017ei\u0161kumu, atsparumu nusid\u0117v\u0117jimui ir esteti\u0161ka i\u0161vaizda.<\/p>\n<p data-start=\"397\" data-end=\"594\">Rankenos yra rifliuotos, tod\u0117l u\u017etikrina tvirt\u0105 ir saug\u0173 su\u0117mim\u0105 treniruot\u0117s metu. Tai leid\u017eia i\u0161laikyti stabilum\u0105 atliekant spaudimo, traukos ir izoliacinius pratimus net su didesn\u0117mis apkrovomis.<\/p>\n<p data-start=\"596\" data-end=\"617\">Svorio paklaida \u00b13 %.<\/p>\n<p data-start=\"619\" data-end=\"735\">Galimi svoriai nuo 2,5 kg iki 50 kg, didinant kas 2,5 kg, tod\u0117l galima u\u017etikrinti nuosekl\u0173 ir strukt\u016bruot\u0105 progres\u0105.<\/p>\n\n    <div class=\"xs_social_share_widget xs_share_url after_content \t\tmain_content  wslu-style-1 wslu-share-box-shaped wslu-fill-colored wslu-none wslu-share-horizontal wslu-theme-font-no wslu-main_content\">\n\n\t\t\n        <ul>\n\t\t\t        <\/ul>\n    <\/div> \n","protected":false},"excerpt":{"rendered":"<p>X2C chromuoti hanteliai skirti kontroliuojamam ir efektyviam j\u0117gos treniravimui tiek profesionaliuose sporto klubuose, tiek nam\u0173 sporto erdv\u0117se. Pagaminti i\u0161 vientiso metalo ir padengti chromo sluoksniu, jie pasi\u017eymi ilgaam\u017ei\u0161kumu, atsparumu nusid\u0117v\u0117jimui ir esteti\u0161ka i\u0161vaizda. Rankenos yra rifliuotos, tod\u0117l u\u017etikrina tvirt\u0105 ir saug\u0173 su\u0117mim\u0105 treniruot\u0117s metu. Tai leid\u017eia i\u0161laikyti stabilum\u0105 atliekant spaudimo, traukos ir izoliacinius pratimus net [&hellip;]<\/p>\n","protected":false},"featured_media":27243,"template":"","meta":{"_acf_changed":false},"product_brand":[],"product_cat":[405],"product_tag":[393],"class_list":{"0":"post-27457","1":"product","2":"type-product","3":"status-publish","4":"has-post-thumbnail","6":"product_cat-svarmenys-ir-stangos","7":"product_tag-spalva-nera-spalvu","9":"first","10":"onbackorder","11":"taxable","12":"shipping-taxable","13":"purchasable","14":"product-type-variable"},"acf":[],"yoast_head":"<!-- This site is optimized with the Yoast SEO plugin v25.2 - https:\/\/yoast.com\/wordpress\/plugins\/seo\/ -->\n<title>X2-2C Chromuoti hanteliai - Gym Factory<\/title>\n<meta name=\"description\" content=\"Chromuoti hanteliai nuo 2,5 kg iki 50 kg su rifliuotomis rankenomis. Tvirti, ilgaam\u017eiai, su \u00b13 % svorio paklaida.\" \/>\n<meta name=\"robots\" content=\"index, follow, max-snippet:-1, max-image-preview:large, max-video-preview:-1\" \/>\n<link rel=\"canonical\" href=\"https:\/\/gymfactory.eu\/lt\/produktas\/x2c-chromuoti-hanteliai\/\" \/>\n<meta property=\"og:locale\" content=\"lt_LT\" \/>\n<meta property=\"og:type\" content=\"article\" \/>\n<meta property=\"og:title\" content=\"X2-2C Chromuoti hanteliai - Gym Factory\" \/>\n<meta property=\"og:description\" content=\"Chromuoti hanteliai nuo 2,5 kg iki 50 kg su rifliuotomis rankenomis. Tvirti, ilgaam\u017eiai, su \u00b13 % svorio paklaida.\" \/>\n<meta property=\"og:url\" content=\"https:\/\/gymfactory.eu\/lt\/produktas\/x2c-chromuoti-hanteliai\/\" \/>\n<meta property=\"og:site_name\" content=\"Gym Factory\" \/>\n<meta property=\"article:modified_time\" content=\"2026-02-27T05:36:19+00:00\" \/>\n<meta property=\"og:image\" content=\"https:\/\/gymfactory.eu\/wp-content\/uploads\/2026\/02\/gym-factory-chrome-dumbbells-x2c-set.jpg\" \/>\n\t<meta property=\"og:image:width\" content=\"1500\" \/>\n\t<meta property=\"og:image:height\" content=\"1500\" \/>\n\t<meta property=\"og:image:type\" content=\"image\/jpeg\" \/>\n<meta name=\"twitter:card\" content=\"summary_large_image\" \/>\n<meta name=\"twitter:label1\" content=\"Est. reading time\" \/>\n\t<meta name=\"twitter:data1\" content=\"1 minut\u0117\" \/>\n<script type=\"application\/ld+json\" class=\"yoast-schema-graph\">{\"@context\":\"https:\/\/schema.org\",\"@graph\":[{\"@type\":\"WebPage\",\"@id\":\"https:\/\/gymfactory.eu\/lt\/produktas\/x2c-chromuoti-hanteliai\/\",\"url\":\"https:\/\/gymfactory.eu\/lt\/produktas\/x2c-chromuoti-hanteliai\/\",\"name\":\"X2-2C Chromuoti hanteliai - Gym Factory\",\"isPartOf\":{\"@id\":\"https:\/\/gymfactory.eu\/lt\/#website\"},\"primaryImageOfPage\":{\"@id\":\"https:\/\/gymfactory.eu\/lt\/produktas\/x2c-chromuoti-hanteliai\/#primaryimage\"},\"image\":{\"@id\":\"https:\/\/gymfactory.eu\/lt\/produktas\/x2c-chromuoti-hanteliai\/#primaryimage\"},\"thumbnailUrl\":\"https:\/\/gymfactory.eu\/wp-content\/uploads\/2026\/02\/gym-factory-chrome-dumbbells-x2c-set.jpg\",\"datePublished\":\"2026-02-11T14:04:50+00:00\",\"dateModified\":\"2026-02-27T05:36:19+00:00\",\"description\":\"Chromuoti hanteliai nuo 2,5 kg iki 50 kg su rifliuotomis rankenomis. Tvirti, ilgaam\u017eiai, su \u00b13 % svorio paklaida.\",\"breadcrumb\":{\"@id\":\"https:\/\/gymfactory.eu\/lt\/produktas\/x2c-chromuoti-hanteliai\/#breadcrumb\"},\"inLanguage\":\"lt-LT\",\"potentialAction\":[{\"@type\":\"ReadAction\",\"target\":[\"https:\/\/gymfactory.eu\/lt\/produktas\/x2c-chromuoti-hanteliai\/\"]}]},{\"@type\":\"ImageObject\",\"inLanguage\":\"lt-LT\",\"@id\":\"https:\/\/gymfactory.eu\/lt\/produktas\/x2c-chromuoti-hanteliai\/#primaryimage\",\"url\":\"https:\/\/gymfactory.eu\/wp-content\/uploads\/2026\/02\/gym-factory-chrome-dumbbells-x2c-set.jpg\",\"contentUrl\":\"https:\/\/gymfactory.eu\/wp-content\/uploads\/2026\/02\/gym-factory-chrome-dumbbells-x2c-set.jpg\",\"width\":1500,\"height\":1500,\"caption\":\"Gym Factory chrome dumbbells set for professional gym strength training\"},{\"@type\":\"BreadcrumbList\",\"@id\":\"https:\/\/gymfactory.eu\/lt\/produktas\/x2c-chromuoti-hanteliai\/#breadcrumb\",\"itemListElement\":[{\"@type\":\"ListItem\",\"position\":1,\"name\":\"Pagrindinis\",\"item\":\"https:\/\/gymfactory.eu\/lt\/\"},{\"@type\":\"ListItem\",\"position\":2,\"name\":\"Katalogas\",\"item\":\"https:\/\/gymfactory.eu\/lt\/katalogas\/\"},{\"@type\":\"ListItem\",\"position\":3,\"name\":\"X2-2C Chromuoti hanteliai\"}]},{\"@type\":\"WebSite\",\"@id\":\"https:\/\/gymfactory.eu\/lt\/#website\",\"url\":\"https:\/\/gymfactory.eu\/lt\/\",\"name\":\"Gym Factory\",\"description\":\"\",\"publisher\":{\"@id\":\"https:\/\/gymfactory.eu\/lt\/#organization\"},\"potentialAction\":[{\"@type\":\"SearchAction\",\"target\":{\"@type\":\"EntryPoint\",\"urlTemplate\":\"https:\/\/gymfactory.eu\/lt\/?s={search_term_string}\"},\"query-input\":{\"@type\":\"PropertyValueSpecification\",\"valueRequired\":true,\"valueName\":\"search_term_string\"}}],\"inLanguage\":\"lt-LT\"},{\"@type\":\"Organization\",\"@id\":\"https:\/\/gymfactory.eu\/lt\/#organization\",\"name\":\"Sporto sal\u0117s gamykla\",\"url\":\"https:\/\/gymfactory.eu\/lt\/\",\"logo\":{\"@type\":\"ImageObject\",\"inLanguage\":\"lt-LT\",\"@id\":\"https:\/\/gymfactory.eu\/lt\/#\/schema\/logo\/image\/\",\"url\":\"https:\/\/gymfactory.eu\/wp-content\/uploads\/2024\/11\/Component-1.svg\",\"contentUrl\":\"https:\/\/gymfactory.eu\/wp-content\/uploads\/2024\/11\/Component-1.svg\",\"width\":54,\"height\":44,\"caption\":\"Sporto sal\u0117s gamykla\"},\"image\":{\"@id\":\"https:\/\/gymfactory.eu\/lt\/#\/schema\/logo\/image\/\"}}]}<\/script>\n<!-- \/ Yoast SEO plugin. -->","yoast_head_json":{"title":"X2-2C Chromuoti hanteliai - Gym Factory","description":"Chromuoti hanteliai nuo 2,5 kg iki 50 kg su rifliuotomis rankenomis. Tvirti, ilgaam\u017eiai, su \u00b13 % svorio paklaida.","robots":{"index":"index","follow":"follow","max-snippet":"max-snippet:-1","max-image-preview":"max-image-preview:large","max-video-preview":"max-video-preview:-1"},"canonical":"https:\/\/gymfactory.eu\/lt\/produktas\/x2c-chromuoti-hanteliai\/","og_locale":"lt_LT","og_type":"article","og_title":"X2-2C Chromuoti hanteliai - Gym Factory","og_description":"Chromuoti hanteliai nuo 2,5 kg iki 50 kg su rifliuotomis rankenomis. Tvirti, ilgaam\u017eiai, su \u00b13 % svorio paklaida.","og_url":"https:\/\/gymfactory.eu\/lt\/produktas\/x2c-chromuoti-hanteliai\/","og_site_name":"Gym Factory","article_modified_time":"2026-02-27T05:36:19+00:00","og_image":[{"width":1500,"height":1500,"url":"https:\/\/gymfactory.eu\/wp-content\/uploads\/2026\/02\/gym-factory-chrome-dumbbells-x2c-set.jpg","type":"image\/jpeg"}],"twitter_card":"summary_large_image","twitter_misc":{"Est. reading time":"1 minut\u0117"},"schema":{"@context":"https:\/\/schema.org","@graph":[{"@type":"WebPage","@id":"https:\/\/gymfactory.eu\/lt\/produktas\/x2c-chromuoti-hanteliai\/","url":"https:\/\/gymfactory.eu\/lt\/produktas\/x2c-chromuoti-hanteliai\/","name":"X2-2C Chromuoti hanteliai - Gym Factory","isPartOf":{"@id":"https:\/\/gymfactory.eu\/lt\/#website"},"primaryImageOfPage":{"@id":"https:\/\/gymfactory.eu\/lt\/produktas\/x2c-chromuoti-hanteliai\/#primaryimage"},"image":{"@id":"https:\/\/gymfactory.eu\/lt\/produktas\/x2c-chromuoti-hanteliai\/#primaryimage"},"thumbnailUrl":"https:\/\/gymfactory.eu\/wp-content\/uploads\/2026\/02\/gym-factory-chrome-dumbbells-x2c-set.jpg","datePublished":"2026-02-11T14:04:50+00:00","dateModified":"2026-02-27T05:36:19+00:00","description":"Chromuoti hanteliai nuo 2,5 kg iki 50 kg su rifliuotomis rankenomis. Tvirti, ilgaam\u017eiai, su \u00b13 % svorio paklaida.","breadcrumb":{"@id":"https:\/\/gymfactory.eu\/lt\/produktas\/x2c-chromuoti-hanteliai\/#breadcrumb"},"inLanguage":"lt-LT","potentialAction":[{"@type":"ReadAction","target":["https:\/\/gymfactory.eu\/lt\/produktas\/x2c-chromuoti-hanteliai\/"]}]},{"@type":"ImageObject","inLanguage":"lt-LT","@id":"https:\/\/gymfactory.eu\/lt\/produktas\/x2c-chromuoti-hanteliai\/#primaryimage","url":"https:\/\/gymfactory.eu\/wp-content\/uploads\/2026\/02\/gym-factory-chrome-dumbbells-x2c-set.jpg","contentUrl":"https:\/\/gymfactory.eu\/wp-content\/uploads\/2026\/02\/gym-factory-chrome-dumbbells-x2c-set.jpg","width":1500,"height":1500,"caption":"Gym Factory chrome dumbbells set for professional gym strength training"},{"@type":"BreadcrumbList","@id":"https:\/\/gymfactory.eu\/lt\/produktas\/x2c-chromuoti-hanteliai\/#breadcrumb","itemListElement":[{"@type":"ListItem","position":1,"name":"Pagrindinis","item":"https:\/\/gymfactory.eu\/lt\/"},{"@type":"ListItem","position":2,"name":"Katalogas","item":"https:\/\/gymfactory.eu\/lt\/katalogas\/"},{"@type":"ListItem","position":3,"name":"X2-2C Chromuoti hanteliai"}]},{"@type":"WebSite","@id":"https:\/\/gymfactory.eu\/lt\/#website","url":"https:\/\/gymfactory.eu\/lt\/","name":"Gym Factory","description":"","publisher":{"@id":"https:\/\/gymfactory.eu\/lt\/#organization"},"potentialAction":[{"@type":"SearchAction","target":{"@type":"EntryPoint","urlTemplate":"https:\/\/gymfactory.eu\/lt\/?s={search_term_string}"},"query-input":{"@type":"PropertyValueSpecification","valueRequired":true,"valueName":"search_term_string"}}],"inLanguage":"lt-LT"},{"@type":"Organization","@id":"https:\/\/gymfactory.eu\/lt\/#organization","name":"Sporto sal\u0117s gamykla","url":"https:\/\/gymfactory.eu\/lt\/","logo":{"@type":"ImageObject","inLanguage":"lt-LT","@id":"https:\/\/gymfactory.eu\/lt\/#\/schema\/logo\/image\/","url":"https:\/\/gymfactory.eu\/wp-content\/uploads\/2024\/11\/Component-1.svg","contentUrl":"https:\/\/gymfactory.eu\/wp-content\/uploads\/2024\/11\/Component-1.svg","width":54,"height":44,"caption":"Sporto sal\u0117s gamykla"},"image":{"@id":"https:\/\/gymfactory.eu\/lt\/#\/schema\/logo\/image\/"}}]}},"_links":{"self":[{"href":"https:\/\/gymfactory.eu\/lt\/wp-json\/wp\/v2\/product\/27457","targetHints":{"allow":["GET"]}}],"collection":[{"href":"https:\/\/gymfactory.eu\/lt\/wp-json\/wp\/v2\/product"}],"about":[{"href":"https:\/\/gymfactory.eu\/lt\/wp-json\/wp\/v2\/types\/product"}],"wp:featuredmedia":[{"embeddable":true,"href":"https:\/\/gymfactory.eu\/lt\/wp-json\/wp\/v2\/media\/27243"}],"wp:attachment":[{"href":"https:\/\/gymfactory.eu\/lt\/wp-json\/wp\/v2\/media?parent=27457"}],"wp:term":[{"taxonomy":"product_brand","embeddable":true,"href":"https:\/\/gymfactory.eu\/lt\/wp-json\/wp\/v2\/product_brand?post=27457"},{"taxonomy":"product_cat","embeddable":true,"href":"https:\/\/gymfactory.eu\/lt\/wp-json\/wp\/v2\/product_cat?post=27457"},{"taxonomy":"product_tag","embeddable":true,"href":"https:\/\/gymfactory.eu\/lt\/wp-json\/wp\/v2\/product_tag?post=27457"}],"curies":[{"name":"wp","href":"https:\/\/api.w.org\/{rel}","templated":true}]}}