{"id":24029,"date":"2026-01-21T15:43:23","date_gmt":"2026-01-21T13:43:23","guid":{"rendered":"https:\/\/gymfactory.eu\/product\/ca4-recumbent-bike\/"},"modified":"2026-01-21T15:47:11","modified_gmt":"2026-01-21T13:47:11","slug":"ca4-horizontalus-dviratis","status":"publish","type":"product","link":"https:\/\/gymfactory.eu\/lt\/produktas\/ca4-horizontalus-dviratis\/","title":{"rendered":"CA4 Horizontalus dviratis"},"content":{"rendered":"<p>CA4 horizontalus dviratis sukurtas stabilioms, kontroliuojamoms kardio treniruot\u0117ms, kuriose ypatingas d\u0117mesys skiriamas komfortui ir pastoviam darbui. S\u0117dima pad\u0117tis su atlo\u0161u u\u017etikrina saugi\u0105 laikysen\u0105 ir leid\u017eia i\u0161laikyti tolyg\u0173 kr\u016bv\u012f net ir ilgesni\u0173 treniruo\u010di\u0173 metu.<\/p>\n<p>Net 40 pasiprie\u0161inimo lygi\u0173 suteikia galimyb\u0119 tiksliai valdyti treniruot\u0117s intensyvum\u0105 \u2013 nuo lengvo ap\u0161ilimo ar aktyvaus atsistatymo iki ilgesni\u0173 i\u0161tverm\u0117s treniruo\u010di\u0173. Horizontalios konstrukcijos dizainas padeda i\u0161laikyti stabilum\u0105 ir skland\u0173 jud\u0117jim\u0105 visos treniruot\u0117s metu.<\/p>\n<p>Sukurtas profesionalioms sporto sal\u0117ms, CA4 pasi\u017eymi tvirta, komercin\u0117s klas\u0117s konstrukcija, ai\u0161kiais treniruot\u0117s rodmenimis ir patikimu veikimu kasdien\u0117se treniruot\u0117se.<\/p>\n\n    <div class=\"xs_social_share_widget xs_share_url after_content \t\tmain_content  wslu-style-1 wslu-share-box-shaped wslu-fill-colored wslu-none wslu-share-horizontal wslu-theme-font-no wslu-main_content\">\n\n\t\t\n        <ul>\n\t\t\t        <\/ul>\n    <\/div> \n","protected":false},"excerpt":{"rendered":"<p>CA4 horizontalus dviratis sukurtas stabilioms, kontroliuojamoms kardio treniruot\u0117ms, kuriose ypatingas d\u0117mesys skiriamas komfortui ir pastoviam darbui. S\u0117dima pad\u0117tis su atlo\u0161u u\u017etikrina saugi\u0105 laikysen\u0105 ir leid\u017eia i\u0161laikyti tolyg\u0173 kr\u016bv\u012f net ir ilgesni\u0173 treniruo\u010di\u0173 metu. Net 40 pasiprie\u0161inimo lygi\u0173 suteikia galimyb\u0119 tiksliai valdyti treniruot\u0117s intensyvum\u0105 \u2013 nuo lengvo ap\u0161ilimo ar aktyvaus atsistatymo iki ilgesni\u0173 i\u0161tverm\u0117s treniruo\u010di\u0173. Horizontalios [&hellip;]<\/p>\n","protected":false},"featured_media":24024,"template":"","meta":{"_acf_changed":false},"product_brand":[],"product_cat":[838],"product_tag":[393],"class_list":{"0":"post-24029","1":"product","2":"type-product","3":"status-publish","4":"has-post-thumbnail","6":"product_cat-kardio-treniruokliai","7":"product_tag-spalva-nera-spalvu","9":"first","10":"onbackorder","11":"taxable","12":"shipping-taxable","13":"purchasable","14":"product-type-simple"},"acf":[],"yoast_head":"<!-- This site is optimized with the Yoast SEO plugin v25.2 - https:\/\/yoast.com\/wordpress\/plugins\/seo\/ -->\n<title>CA4 Horizontalus dviratis komforti\u0161koms kardio treniruot\u0117ms<\/title>\n<meta name=\"description\" content=\"CA4 horizontalus dviratis su 40 pasiprie\u0161inimo lygi\u0173, patogia s\u0117dima pad\u0117timi ir stabilia konstrukcija sporto sal\u0117ms.\" \/>\n<meta name=\"robots\" content=\"index, follow, max-snippet:-1, max-image-preview:large, max-video-preview:-1\" \/>\n<link rel=\"canonical\" href=\"https:\/\/gymfactory.eu\/lt\/produktas\/ca4-horizontalus-dviratis\/\" \/>\n<meta property=\"og:locale\" content=\"lt_LT\" \/>\n<meta property=\"og:type\" content=\"article\" \/>\n<meta property=\"og:title\" content=\"CA4 Horizontalus dviratis komforti\u0161koms kardio treniruot\u0117ms\" \/>\n<meta property=\"og:description\" content=\"CA4 horizontalus dviratis su 40 pasiprie\u0161inimo lygi\u0173, patogia s\u0117dima pad\u0117timi ir stabilia konstrukcija sporto sal\u0117ms.\" \/>\n<meta property=\"og:url\" content=\"https:\/\/gymfactory.eu\/lt\/produktas\/ca4-horizontalus-dviratis\/\" \/>\n<meta property=\"og:site_name\" content=\"Gym Factory\" \/>\n<meta property=\"article:modified_time\" content=\"2026-01-21T13:47:11+00:00\" \/>\n<meta property=\"og:image\" content=\"https:\/\/gymfactory.eu\/wp-content\/uploads\/2026\/01\/CA4-commercial-recumbent-cycle-gym.jpg\" \/>\n\t<meta property=\"og:image:width\" content=\"1500\" \/>\n\t<meta property=\"og:image:height\" content=\"1500\" \/>\n\t<meta property=\"og:image:type\" content=\"image\/jpeg\" \/>\n<meta name=\"twitter:card\" content=\"summary_large_image\" \/>\n<meta name=\"twitter:label1\" content=\"Est. reading time\" \/>\n\t<meta name=\"twitter:data1\" content=\"1 minut\u0117\" \/>\n<script type=\"application\/ld+json\" class=\"yoast-schema-graph\">{\"@context\":\"https:\/\/schema.org\",\"@graph\":[{\"@type\":\"WebPage\",\"@id\":\"https:\/\/gymfactory.eu\/lt\/produktas\/ca4-horizontalus-dviratis\/\",\"url\":\"https:\/\/gymfactory.eu\/lt\/produktas\/ca4-horizontalus-dviratis\/\",\"name\":\"CA4 Horizontalus dviratis komforti\u0161koms kardio treniruot\u0117ms\",\"isPartOf\":{\"@id\":\"https:\/\/gymfactory.eu\/lt\/#website\"},\"primaryImageOfPage\":{\"@id\":\"https:\/\/gymfactory.eu\/lt\/produktas\/ca4-horizontalus-dviratis\/#primaryimage\"},\"image\":{\"@id\":\"https:\/\/gymfactory.eu\/lt\/produktas\/ca4-horizontalus-dviratis\/#primaryimage\"},\"thumbnailUrl\":\"https:\/\/gymfactory.eu\/wp-content\/uploads\/2026\/01\/CA4-commercial-recumbent-cycle-gym.jpg\",\"datePublished\":\"2026-01-21T13:43:23+00:00\",\"dateModified\":\"2026-01-21T13:47:11+00:00\",\"description\":\"CA4 horizontalus dviratis su 40 pasiprie\u0161inimo lygi\u0173, patogia s\u0117dima pad\u0117timi ir stabilia konstrukcija sporto sal\u0117ms.\",\"breadcrumb\":{\"@id\":\"https:\/\/gymfactory.eu\/lt\/produktas\/ca4-horizontalus-dviratis\/#breadcrumb\"},\"inLanguage\":\"lt-LT\",\"potentialAction\":[{\"@type\":\"ReadAction\",\"target\":[\"https:\/\/gymfactory.eu\/lt\/produktas\/ca4-horizontalus-dviratis\/\"]}]},{\"@type\":\"ImageObject\",\"inLanguage\":\"lt-LT\",\"@id\":\"https:\/\/gymfactory.eu\/lt\/produktas\/ca4-horizontalus-dviratis\/#primaryimage\",\"url\":\"https:\/\/gymfactory.eu\/wp-content\/uploads\/2026\/01\/CA4-commercial-recumbent-cycle-gym.jpg\",\"contentUrl\":\"https:\/\/gymfactory.eu\/wp-content\/uploads\/2026\/01\/CA4-commercial-recumbent-cycle-gym.jpg\",\"width\":1500,\"height\":1500,\"caption\":\"Recumbent bike designed for stable and comfortable cardio workouts.\"},{\"@type\":\"BreadcrumbList\",\"@id\":\"https:\/\/gymfactory.eu\/lt\/produktas\/ca4-horizontalus-dviratis\/#breadcrumb\",\"itemListElement\":[{\"@type\":\"ListItem\",\"position\":1,\"name\":\"Pagrindinis\",\"item\":\"https:\/\/gymfactory.eu\/lt\/\"},{\"@type\":\"ListItem\",\"position\":2,\"name\":\"Katalogas\",\"item\":\"https:\/\/gymfactory.eu\/lt\/katalogas\/\"},{\"@type\":\"ListItem\",\"position\":3,\"name\":\"CA4 Horizontalus dviratis\"}]},{\"@type\":\"WebSite\",\"@id\":\"https:\/\/gymfactory.eu\/lt\/#website\",\"url\":\"https:\/\/gymfactory.eu\/lt\/\",\"name\":\"Gym Factory\",\"description\":\"\",\"publisher\":{\"@id\":\"https:\/\/gymfactory.eu\/lt\/#organization\"},\"potentialAction\":[{\"@type\":\"SearchAction\",\"target\":{\"@type\":\"EntryPoint\",\"urlTemplate\":\"https:\/\/gymfactory.eu\/lt\/?s={search_term_string}\"},\"query-input\":{\"@type\":\"PropertyValueSpecification\",\"valueRequired\":true,\"valueName\":\"search_term_string\"}}],\"inLanguage\":\"lt-LT\"},{\"@type\":\"Organization\",\"@id\":\"https:\/\/gymfactory.eu\/lt\/#organization\",\"name\":\"Sporto sal\u0117s gamykla\",\"url\":\"https:\/\/gymfactory.eu\/lt\/\",\"logo\":{\"@type\":\"ImageObject\",\"inLanguage\":\"lt-LT\",\"@id\":\"https:\/\/gymfactory.eu\/lt\/#\/schema\/logo\/image\/\",\"url\":\"https:\/\/gymfactory.eu\/wp-content\/uploads\/2024\/11\/Component-1.svg\",\"contentUrl\":\"https:\/\/gymfactory.eu\/wp-content\/uploads\/2024\/11\/Component-1.svg\",\"width\":54,\"height\":44,\"caption\":\"Sporto sal\u0117s gamykla\"},\"image\":{\"@id\":\"https:\/\/gymfactory.eu\/lt\/#\/schema\/logo\/image\/\"}}]}<\/script>\n<!-- \/ Yoast SEO plugin. -->","yoast_head_json":{"title":"CA4 Horizontalus dviratis komforti\u0161koms kardio treniruot\u0117ms","description":"CA4 horizontalus dviratis su 40 pasiprie\u0161inimo lygi\u0173, patogia s\u0117dima pad\u0117timi ir stabilia konstrukcija sporto sal\u0117ms.","robots":{"index":"index","follow":"follow","max-snippet":"max-snippet:-1","max-image-preview":"max-image-preview:large","max-video-preview":"max-video-preview:-1"},"canonical":"https:\/\/gymfactory.eu\/lt\/produktas\/ca4-horizontalus-dviratis\/","og_locale":"lt_LT","og_type":"article","og_title":"CA4 Horizontalus dviratis komforti\u0161koms kardio treniruot\u0117ms","og_description":"CA4 horizontalus dviratis su 40 pasiprie\u0161inimo lygi\u0173, patogia s\u0117dima pad\u0117timi ir stabilia konstrukcija sporto sal\u0117ms.","og_url":"https:\/\/gymfactory.eu\/lt\/produktas\/ca4-horizontalus-dviratis\/","og_site_name":"Gym Factory","article_modified_time":"2026-01-21T13:47:11+00:00","og_image":[{"width":1500,"height":1500,"url":"https:\/\/gymfactory.eu\/wp-content\/uploads\/2026\/01\/CA4-commercial-recumbent-cycle-gym.jpg","type":"image\/jpeg"}],"twitter_card":"summary_large_image","twitter_misc":{"Est. reading time":"1 minut\u0117"},"schema":{"@context":"https:\/\/schema.org","@graph":[{"@type":"WebPage","@id":"https:\/\/gymfactory.eu\/lt\/produktas\/ca4-horizontalus-dviratis\/","url":"https:\/\/gymfactory.eu\/lt\/produktas\/ca4-horizontalus-dviratis\/","name":"CA4 Horizontalus dviratis komforti\u0161koms kardio treniruot\u0117ms","isPartOf":{"@id":"https:\/\/gymfactory.eu\/lt\/#website"},"primaryImageOfPage":{"@id":"https:\/\/gymfactory.eu\/lt\/produktas\/ca4-horizontalus-dviratis\/#primaryimage"},"image":{"@id":"https:\/\/gymfactory.eu\/lt\/produktas\/ca4-horizontalus-dviratis\/#primaryimage"},"thumbnailUrl":"https:\/\/gymfactory.eu\/wp-content\/uploads\/2026\/01\/CA4-commercial-recumbent-cycle-gym.jpg","datePublished":"2026-01-21T13:43:23+00:00","dateModified":"2026-01-21T13:47:11+00:00","description":"CA4 horizontalus dviratis su 40 pasiprie\u0161inimo lygi\u0173, patogia s\u0117dima pad\u0117timi ir stabilia konstrukcija sporto sal\u0117ms.","breadcrumb":{"@id":"https:\/\/gymfactory.eu\/lt\/produktas\/ca4-horizontalus-dviratis\/#breadcrumb"},"inLanguage":"lt-LT","potentialAction":[{"@type":"ReadAction","target":["https:\/\/gymfactory.eu\/lt\/produktas\/ca4-horizontalus-dviratis\/"]}]},{"@type":"ImageObject","inLanguage":"lt-LT","@id":"https:\/\/gymfactory.eu\/lt\/produktas\/ca4-horizontalus-dviratis\/#primaryimage","url":"https:\/\/gymfactory.eu\/wp-content\/uploads\/2026\/01\/CA4-commercial-recumbent-cycle-gym.jpg","contentUrl":"https:\/\/gymfactory.eu\/wp-content\/uploads\/2026\/01\/CA4-commercial-recumbent-cycle-gym.jpg","width":1500,"height":1500,"caption":"Recumbent bike designed for stable and comfortable cardio workouts."},{"@type":"BreadcrumbList","@id":"https:\/\/gymfactory.eu\/lt\/produktas\/ca4-horizontalus-dviratis\/#breadcrumb","itemListElement":[{"@type":"ListItem","position":1,"name":"Pagrindinis","item":"https:\/\/gymfactory.eu\/lt\/"},{"@type":"ListItem","position":2,"name":"Katalogas","item":"https:\/\/gymfactory.eu\/lt\/katalogas\/"},{"@type":"ListItem","position":3,"name":"CA4 Horizontalus dviratis"}]},{"@type":"WebSite","@id":"https:\/\/gymfactory.eu\/lt\/#website","url":"https:\/\/gymfactory.eu\/lt\/","name":"Gym Factory","description":"","publisher":{"@id":"https:\/\/gymfactory.eu\/lt\/#organization"},"potentialAction":[{"@type":"SearchAction","target":{"@type":"EntryPoint","urlTemplate":"https:\/\/gymfactory.eu\/lt\/?s={search_term_string}"},"query-input":{"@type":"PropertyValueSpecification","valueRequired":true,"valueName":"search_term_string"}}],"inLanguage":"lt-LT"},{"@type":"Organization","@id":"https:\/\/gymfactory.eu\/lt\/#organization","name":"Sporto sal\u0117s gamykla","url":"https:\/\/gymfactory.eu\/lt\/","logo":{"@type":"ImageObject","inLanguage":"lt-LT","@id":"https:\/\/gymfactory.eu\/lt\/#\/schema\/logo\/image\/","url":"https:\/\/gymfactory.eu\/wp-content\/uploads\/2024\/11\/Component-1.svg","contentUrl":"https:\/\/gymfactory.eu\/wp-content\/uploads\/2024\/11\/Component-1.svg","width":54,"height":44,"caption":"Sporto sal\u0117s gamykla"},"image":{"@id":"https:\/\/gymfactory.eu\/lt\/#\/schema\/logo\/image\/"}}]}},"_links":{"self":[{"href":"https:\/\/gymfactory.eu\/lt\/wp-json\/wp\/v2\/product\/24029","targetHints":{"allow":["GET"]}}],"collection":[{"href":"https:\/\/gymfactory.eu\/lt\/wp-json\/wp\/v2\/product"}],"about":[{"href":"https:\/\/gymfactory.eu\/lt\/wp-json\/wp\/v2\/types\/product"}],"wp:featuredmedia":[{"embeddable":true,"href":"https:\/\/gymfactory.eu\/lt\/wp-json\/wp\/v2\/media\/24024"}],"wp:attachment":[{"href":"https:\/\/gymfactory.eu\/lt\/wp-json\/wp\/v2\/media?parent=24029"}],"wp:term":[{"taxonomy":"product_brand","embeddable":true,"href":"https:\/\/gymfactory.eu\/lt\/wp-json\/wp\/v2\/product_brand?post=24029"},{"taxonomy":"product_cat","embeddable":true,"href":"https:\/\/gymfactory.eu\/lt\/wp-json\/wp\/v2\/product_cat?post=24029"},{"taxonomy":"product_tag","embeddable":true,"href":"https:\/\/gymfactory.eu\/lt\/wp-json\/wp\/v2\/product_tag?post=24029"}],"curies":[{"name":"wp","href":"https:\/\/api.w.org\/{rel}","templated":true}]}}