{"id":24018,"date":"2026-01-21T15:12:50","date_gmt":"2026-01-21T13:12:50","guid":{"rendered":"https:\/\/gymfactory.eu\/product\/ca3-elliptical-trainer\/"},"modified":"2026-01-21T15:39:36","modified_gmt":"2026-01-21T13:39:36","slug":"ca3-elipsinis-treniruoklis","status":"publish","type":"product","link":"https:\/\/gymfactory.eu\/lt\/produktas\/ca3-elipsinis-treniruoklis\/","title":{"rendered":"CA3 Elipsinis treniruoklis"},"content":{"rendered":"<p>CA3 elipsinis treniruoklis skirtas skland\u017eioms, s\u0105nariams draugi\u0161koms kardio treniruot\u0117ms, kurios padeda gerinti i\u0161tverm\u0119 ir bendr\u0105 fizin\u0119 form\u0105, i\u0161laikant kontroliuojam\u0105 ir efektyv\u0173 jud\u0117jim\u0105. Elipsinis judesys leid\u017eia vienu metu \u012ftraukti tiek vir\u0161utin\u0119, tiek apatin\u0119 k\u016bno dal\u012f, u\u017etikrinant subalansuot\u0105 viso k\u016bno darb\u0105.<\/p>\n<p>Reguliuojami pasiprie\u0161inimo lygiai suteikia galimyb\u0119 tiksliai valdyti treniruot\u0117s intensyvum\u0105, tod\u0117l CA3 tinka tiek ap\u0161ilimui, tiek tolygioms kardio ar ilgesn\u0117ms i\u0161tverm\u0117s treniruot\u0117ms. Sklandus jud\u0117jimas palaiko pastov\u0173 temp\u0105 ir leid\u017eia treniruotis be perteklin\u0117s apkrovos s\u0105nariams.<\/p>\n<p>Sukurtas profesionaliam naudojimui sporto sal\u0117se, CA3 pasi\u017eymi stabilia, komercin\u0117s klas\u0117s konstrukcija ir ai\u0161kiais treniruot\u0117s rodmenimis, tod\u0117l yra patikimas sprendimas kasdien\u0117ms kardio treniruot\u0117ms.<\/p>\n\n    <div class=\"xs_social_share_widget xs_share_url after_content \t\tmain_content  wslu-style-1 wslu-share-box-shaped wslu-fill-colored wslu-none wslu-share-horizontal wslu-theme-font-no wslu-main_content\">\n\n\t\t\n        <ul>\n\t\t\t        <\/ul>\n    <\/div> \n","protected":false},"excerpt":{"rendered":"<p>CA3 elipsinis treniruoklis skirtas skland\u017eioms, s\u0105nariams draugi\u0161koms kardio treniruot\u0117ms, kurios padeda gerinti i\u0161tverm\u0119 ir bendr\u0105 fizin\u0119 form\u0105, i\u0161laikant kontroliuojam\u0105 ir efektyv\u0173 jud\u0117jim\u0105. Elipsinis judesys leid\u017eia vienu metu \u012ftraukti tiek vir\u0161utin\u0119, tiek apatin\u0119 k\u016bno dal\u012f, u\u017etikrinant subalansuot\u0105 viso k\u016bno darb\u0105. Reguliuojami pasiprie\u0161inimo lygiai suteikia galimyb\u0119 tiksliai valdyti treniruot\u0117s intensyvum\u0105, tod\u0117l CA3 tinka tiek ap\u0161ilimui, tiek tolygioms [&hellip;]<\/p>\n","protected":false},"featured_media":24013,"template":"","meta":{"_acf_changed":false},"product_brand":[],"product_cat":[838],"product_tag":[393],"class_list":{"0":"post-24018","1":"product","2":"type-product","3":"status-publish","4":"has-post-thumbnail","6":"product_cat-kardio-treniruokliai","7":"product_tag-spalva-nera-spalvu","9":"first","10":"onbackorder","11":"taxable","12":"shipping-taxable","13":"purchasable","14":"product-type-simple"},"acf":[],"yoast_head":"<!-- This site is optimized with the Yoast SEO plugin v25.2 - https:\/\/yoast.com\/wordpress\/plugins\/seo\/ -->\n<title>CA3 Elipsinis treniruoklis kardio treniruot\u0117ms<\/title>\n<meta name=\"description\" content=\"CA3 elipsinis treniruoklis skland\u017eioms, s\u0105nariams draugi\u0161koms kardio treniruot\u0117ms su reguliuojamu pasiprie\u0161inimu. Tinka sporto sal\u0117ms.\" \/>\n<meta name=\"robots\" content=\"index, follow, max-snippet:-1, max-image-preview:large, max-video-preview:-1\" \/>\n<link rel=\"canonical\" href=\"https:\/\/gymfactory.eu\/lt\/produktas\/ca3-elipsinis-treniruoklis\/\" \/>\n<meta property=\"og:locale\" content=\"lt_LT\" \/>\n<meta property=\"og:type\" content=\"article\" \/>\n<meta property=\"og:title\" content=\"CA3 Elipsinis treniruoklis kardio treniruot\u0117ms\" \/>\n<meta property=\"og:description\" content=\"CA3 elipsinis treniruoklis skland\u017eioms, s\u0105nariams draugi\u0161koms kardio treniruot\u0117ms su reguliuojamu pasiprie\u0161inimu. Tinka sporto sal\u0117ms.\" \/>\n<meta property=\"og:url\" content=\"https:\/\/gymfactory.eu\/lt\/produktas\/ca3-elipsinis-treniruoklis\/\" \/>\n<meta property=\"og:site_name\" content=\"Gym Factory\" \/>\n<meta property=\"article:modified_time\" content=\"2026-01-21T13:39:36+00:00\" \/>\n<meta property=\"og:image\" content=\"https:\/\/gymfactory.eu\/wp-content\/uploads\/2026\/01\/CA3-commercial-Elliptical-Trainer-gym.jpg\" \/>\n\t<meta property=\"og:image:width\" content=\"1500\" \/>\n\t<meta property=\"og:image:height\" content=\"1500\" \/>\n\t<meta property=\"og:image:type\" content=\"image\/jpeg\" \/>\n<meta name=\"twitter:card\" content=\"summary_large_image\" \/>\n<meta name=\"twitter:label1\" content=\"Est. reading time\" \/>\n\t<meta name=\"twitter:data1\" content=\"1 minut\u0117\" \/>\n<script type=\"application\/ld+json\" class=\"yoast-schema-graph\">{\"@context\":\"https:\/\/schema.org\",\"@graph\":[{\"@type\":\"WebPage\",\"@id\":\"https:\/\/gymfactory.eu\/lt\/produktas\/ca3-elipsinis-treniruoklis\/\",\"url\":\"https:\/\/gymfactory.eu\/lt\/produktas\/ca3-elipsinis-treniruoklis\/\",\"name\":\"CA3 Elipsinis treniruoklis kardio treniruot\u0117ms\",\"isPartOf\":{\"@id\":\"https:\/\/gymfactory.eu\/lt\/#website\"},\"primaryImageOfPage\":{\"@id\":\"https:\/\/gymfactory.eu\/lt\/produktas\/ca3-elipsinis-treniruoklis\/#primaryimage\"},\"image\":{\"@id\":\"https:\/\/gymfactory.eu\/lt\/produktas\/ca3-elipsinis-treniruoklis\/#primaryimage\"},\"thumbnailUrl\":\"https:\/\/gymfactory.eu\/wp-content\/uploads\/2026\/01\/CA3-commercial-Elliptical-Trainer-gym.jpg\",\"datePublished\":\"2026-01-21T13:12:50+00:00\",\"dateModified\":\"2026-01-21T13:39:36+00:00\",\"description\":\"CA3 elipsinis treniruoklis skland\u017eioms, s\u0105nariams draugi\u0161koms kardio treniruot\u0117ms su reguliuojamu pasiprie\u0161inimu. Tinka sporto sal\u0117ms.\",\"breadcrumb\":{\"@id\":\"https:\/\/gymfactory.eu\/lt\/produktas\/ca3-elipsinis-treniruoklis\/#breadcrumb\"},\"inLanguage\":\"lt-LT\",\"potentialAction\":[{\"@type\":\"ReadAction\",\"target\":[\"https:\/\/gymfactory.eu\/lt\/produktas\/ca3-elipsinis-treniruoklis\/\"]}]},{\"@type\":\"ImageObject\",\"inLanguage\":\"lt-LT\",\"@id\":\"https:\/\/gymfactory.eu\/lt\/produktas\/ca3-elipsinis-treniruoklis\/#primaryimage\",\"url\":\"https:\/\/gymfactory.eu\/wp-content\/uploads\/2026\/01\/CA3-commercial-Elliptical-Trainer-gym.jpg\",\"contentUrl\":\"https:\/\/gymfactory.eu\/wp-content\/uploads\/2026\/01\/CA3-commercial-Elliptical-Trainer-gym.jpg\",\"width\":1500,\"height\":1500,\"caption\":\"CA3 Elliptical Trainer\"},{\"@type\":\"BreadcrumbList\",\"@id\":\"https:\/\/gymfactory.eu\/lt\/produktas\/ca3-elipsinis-treniruoklis\/#breadcrumb\",\"itemListElement\":[{\"@type\":\"ListItem\",\"position\":1,\"name\":\"Pagrindinis\",\"item\":\"https:\/\/gymfactory.eu\/lt\/\"},{\"@type\":\"ListItem\",\"position\":2,\"name\":\"Katalogas\",\"item\":\"https:\/\/gymfactory.eu\/lt\/katalogas\/\"},{\"@type\":\"ListItem\",\"position\":3,\"name\":\"CA3 Elipsinis treniruoklis\"}]},{\"@type\":\"WebSite\",\"@id\":\"https:\/\/gymfactory.eu\/lt\/#website\",\"url\":\"https:\/\/gymfactory.eu\/lt\/\",\"name\":\"Gym Factory\",\"description\":\"\",\"publisher\":{\"@id\":\"https:\/\/gymfactory.eu\/lt\/#organization\"},\"potentialAction\":[{\"@type\":\"SearchAction\",\"target\":{\"@type\":\"EntryPoint\",\"urlTemplate\":\"https:\/\/gymfactory.eu\/lt\/?s={search_term_string}\"},\"query-input\":{\"@type\":\"PropertyValueSpecification\",\"valueRequired\":true,\"valueName\":\"search_term_string\"}}],\"inLanguage\":\"lt-LT\"},{\"@type\":\"Organization\",\"@id\":\"https:\/\/gymfactory.eu\/lt\/#organization\",\"name\":\"Sporto sal\u0117s gamykla\",\"url\":\"https:\/\/gymfactory.eu\/lt\/\",\"logo\":{\"@type\":\"ImageObject\",\"inLanguage\":\"lt-LT\",\"@id\":\"https:\/\/gymfactory.eu\/lt\/#\/schema\/logo\/image\/\",\"url\":\"https:\/\/gymfactory.eu\/wp-content\/uploads\/2024\/11\/Component-1.svg\",\"contentUrl\":\"https:\/\/gymfactory.eu\/wp-content\/uploads\/2024\/11\/Component-1.svg\",\"width\":54,\"height\":44,\"caption\":\"Sporto sal\u0117s gamykla\"},\"image\":{\"@id\":\"https:\/\/gymfactory.eu\/lt\/#\/schema\/logo\/image\/\"}}]}<\/script>\n<!-- \/ Yoast SEO plugin. -->","yoast_head_json":{"title":"CA3 Elipsinis treniruoklis kardio treniruot\u0117ms","description":"CA3 elipsinis treniruoklis skland\u017eioms, s\u0105nariams draugi\u0161koms kardio treniruot\u0117ms su reguliuojamu pasiprie\u0161inimu. Tinka sporto sal\u0117ms.","robots":{"index":"index","follow":"follow","max-snippet":"max-snippet:-1","max-image-preview":"max-image-preview:large","max-video-preview":"max-video-preview:-1"},"canonical":"https:\/\/gymfactory.eu\/lt\/produktas\/ca3-elipsinis-treniruoklis\/","og_locale":"lt_LT","og_type":"article","og_title":"CA3 Elipsinis treniruoklis kardio treniruot\u0117ms","og_description":"CA3 elipsinis treniruoklis skland\u017eioms, s\u0105nariams draugi\u0161koms kardio treniruot\u0117ms su reguliuojamu pasiprie\u0161inimu. Tinka sporto sal\u0117ms.","og_url":"https:\/\/gymfactory.eu\/lt\/produktas\/ca3-elipsinis-treniruoklis\/","og_site_name":"Gym Factory","article_modified_time":"2026-01-21T13:39:36+00:00","og_image":[{"width":1500,"height":1500,"url":"https:\/\/gymfactory.eu\/wp-content\/uploads\/2026\/01\/CA3-commercial-Elliptical-Trainer-gym.jpg","type":"image\/jpeg"}],"twitter_card":"summary_large_image","twitter_misc":{"Est. reading time":"1 minut\u0117"},"schema":{"@context":"https:\/\/schema.org","@graph":[{"@type":"WebPage","@id":"https:\/\/gymfactory.eu\/lt\/produktas\/ca3-elipsinis-treniruoklis\/","url":"https:\/\/gymfactory.eu\/lt\/produktas\/ca3-elipsinis-treniruoklis\/","name":"CA3 Elipsinis treniruoklis kardio treniruot\u0117ms","isPartOf":{"@id":"https:\/\/gymfactory.eu\/lt\/#website"},"primaryImageOfPage":{"@id":"https:\/\/gymfactory.eu\/lt\/produktas\/ca3-elipsinis-treniruoklis\/#primaryimage"},"image":{"@id":"https:\/\/gymfactory.eu\/lt\/produktas\/ca3-elipsinis-treniruoklis\/#primaryimage"},"thumbnailUrl":"https:\/\/gymfactory.eu\/wp-content\/uploads\/2026\/01\/CA3-commercial-Elliptical-Trainer-gym.jpg","datePublished":"2026-01-21T13:12:50+00:00","dateModified":"2026-01-21T13:39:36+00:00","description":"CA3 elipsinis treniruoklis skland\u017eioms, s\u0105nariams draugi\u0161koms kardio treniruot\u0117ms su reguliuojamu pasiprie\u0161inimu. Tinka sporto sal\u0117ms.","breadcrumb":{"@id":"https:\/\/gymfactory.eu\/lt\/produktas\/ca3-elipsinis-treniruoklis\/#breadcrumb"},"inLanguage":"lt-LT","potentialAction":[{"@type":"ReadAction","target":["https:\/\/gymfactory.eu\/lt\/produktas\/ca3-elipsinis-treniruoklis\/"]}]},{"@type":"ImageObject","inLanguage":"lt-LT","@id":"https:\/\/gymfactory.eu\/lt\/produktas\/ca3-elipsinis-treniruoklis\/#primaryimage","url":"https:\/\/gymfactory.eu\/wp-content\/uploads\/2026\/01\/CA3-commercial-Elliptical-Trainer-gym.jpg","contentUrl":"https:\/\/gymfactory.eu\/wp-content\/uploads\/2026\/01\/CA3-commercial-Elliptical-Trainer-gym.jpg","width":1500,"height":1500,"caption":"CA3 Elliptical Trainer"},{"@type":"BreadcrumbList","@id":"https:\/\/gymfactory.eu\/lt\/produktas\/ca3-elipsinis-treniruoklis\/#breadcrumb","itemListElement":[{"@type":"ListItem","position":1,"name":"Pagrindinis","item":"https:\/\/gymfactory.eu\/lt\/"},{"@type":"ListItem","position":2,"name":"Katalogas","item":"https:\/\/gymfactory.eu\/lt\/katalogas\/"},{"@type":"ListItem","position":3,"name":"CA3 Elipsinis treniruoklis"}]},{"@type":"WebSite","@id":"https:\/\/gymfactory.eu\/lt\/#website","url":"https:\/\/gymfactory.eu\/lt\/","name":"Gym Factory","description":"","publisher":{"@id":"https:\/\/gymfactory.eu\/lt\/#organization"},"potentialAction":[{"@type":"SearchAction","target":{"@type":"EntryPoint","urlTemplate":"https:\/\/gymfactory.eu\/lt\/?s={search_term_string}"},"query-input":{"@type":"PropertyValueSpecification","valueRequired":true,"valueName":"search_term_string"}}],"inLanguage":"lt-LT"},{"@type":"Organization","@id":"https:\/\/gymfactory.eu\/lt\/#organization","name":"Sporto sal\u0117s gamykla","url":"https:\/\/gymfactory.eu\/lt\/","logo":{"@type":"ImageObject","inLanguage":"lt-LT","@id":"https:\/\/gymfactory.eu\/lt\/#\/schema\/logo\/image\/","url":"https:\/\/gymfactory.eu\/wp-content\/uploads\/2024\/11\/Component-1.svg","contentUrl":"https:\/\/gymfactory.eu\/wp-content\/uploads\/2024\/11\/Component-1.svg","width":54,"height":44,"caption":"Sporto sal\u0117s gamykla"},"image":{"@id":"https:\/\/gymfactory.eu\/lt\/#\/schema\/logo\/image\/"}}]}},"_links":{"self":[{"href":"https:\/\/gymfactory.eu\/lt\/wp-json\/wp\/v2\/product\/24018","targetHints":{"allow":["GET"]}}],"collection":[{"href":"https:\/\/gymfactory.eu\/lt\/wp-json\/wp\/v2\/product"}],"about":[{"href":"https:\/\/gymfactory.eu\/lt\/wp-json\/wp\/v2\/types\/product"}],"wp:featuredmedia":[{"embeddable":true,"href":"https:\/\/gymfactory.eu\/lt\/wp-json\/wp\/v2\/media\/24013"}],"wp:attachment":[{"href":"https:\/\/gymfactory.eu\/lt\/wp-json\/wp\/v2\/media?parent=24018"}],"wp:term":[{"taxonomy":"product_brand","embeddable":true,"href":"https:\/\/gymfactory.eu\/lt\/wp-json\/wp\/v2\/product_brand?post=24018"},{"taxonomy":"product_cat","embeddable":true,"href":"https:\/\/gymfactory.eu\/lt\/wp-json\/wp\/v2\/product_cat?post=24018"},{"taxonomy":"product_tag","embeddable":true,"href":"https:\/\/gymfactory.eu\/lt\/wp-json\/wp\/v2\/product_tag?post=24018"}],"curies":[{"name":"wp","href":"https:\/\/api.w.org\/{rel}","templated":true}]}}