{"id":24007,"date":"2026-01-21T15:04:28","date_gmt":"2026-01-21T13:04:28","guid":{"rendered":"https:\/\/gymfactory.eu\/product\/ca2-curved-treadmill\/"},"modified":"2026-01-21T15:30:15","modified_gmt":"2026-01-21T13:30:15","slug":"ca2-lenktas-begimo-takelis","status":"publish","type":"product","link":"https:\/\/gymfactory.eu\/lt\/produktas\/ca2-lenktas-begimo-takelis\/","title":{"rendered":"CA2 Lenktas b\u0117gimo takelis"},"content":{"rendered":"<p>CA2 lenktas b\u0117gimo takelis \u2013 tai be variklio veikiantis kardio treniruoklis, skirtas sprintams, kondicijos gerinimui ir trumpoms, intensyvioms treniruot\u0117ms, kai svarb\u016bs greiti tempo poky\u010diai. D\u0117l lenktos b\u0117gimo juostos sportuojantysis pats nat\u016braliai valdo greit\u012f savo judesiu, be mygtuk\u0173 ar variklio.<\/p>\n<p>Lenkta konstrukcija skatina nat\u016bral\u0173 b\u0117gimo \u017eingsn\u012f ir nuolatin\u012f \u012fsitraukim\u0105 \u012f treniruot\u0119. Greitis kei\u010diamas akimirksniu, papras\u010diausiai pakeitus b\u0117gimo pad\u0117t\u012f, tod\u0117l treniruot\u0117 i\u0161lieka sklandi ir nepertraukiama.<\/p>\n<p>Tvirta, komercin\u0117s klas\u0117s konstrukcija leid\u017eia CA2 naudoti profesionaliose sporto sal\u0117se, kur reikalingi na\u0161\u016bs, ma\u017eai prie\u017ei\u016bros reikalaujantys kardio sprendimai.<\/p>\n\n    <div class=\"xs_social_share_widget xs_share_url after_content \t\tmain_content  wslu-style-1 wslu-share-box-shaped wslu-fill-colored wslu-none wslu-share-horizontal wslu-theme-font-no wslu-main_content\">\n\n\t\t\n        <ul>\n\t\t\t        <\/ul>\n    <\/div> \n","protected":false},"excerpt":{"rendered":"<p>CA2 lenktas b\u0117gimo takelis \u2013 tai be variklio veikiantis kardio treniruoklis, skirtas sprintams, kondicijos gerinimui ir trumpoms, intensyvioms treniruot\u0117ms, kai svarb\u016bs greiti tempo poky\u010diai. D\u0117l lenktos b\u0117gimo juostos sportuojantysis pats nat\u016braliai valdo greit\u012f savo judesiu, be mygtuk\u0173 ar variklio. Lenkta konstrukcija skatina nat\u016bral\u0173 b\u0117gimo \u017eingsn\u012f ir nuolatin\u012f \u012fsitraukim\u0105 \u012f treniruot\u0119. Greitis kei\u010diamas akimirksniu, papras\u010diausiai pakeitus [&hellip;]<\/p>\n","protected":false},"featured_media":24002,"template":"","meta":{"_acf_changed":false},"product_brand":[],"product_cat":[838],"product_tag":[393],"class_list":{"0":"post-24007","1":"product","2":"type-product","3":"status-publish","4":"has-post-thumbnail","6":"product_cat-kardio-treniruokliai","7":"product_tag-spalva-nera-spalvu","9":"first","10":"onbackorder","11":"taxable","12":"shipping-taxable","13":"purchasable","14":"product-type-simple"},"acf":[],"yoast_head":"<!-- This site is optimized with the Yoast SEO plugin v25.2 - https:\/\/yoast.com\/wordpress\/plugins\/seo\/ -->\n<title>CA2 Lenktas b\u0117gimo takelis funkcinei kardio treniruotei<\/title>\n<meta name=\"description\" content=\"CA2 lenktas b\u0117gimo takelis sprintams, intervalin\u0117ms ir funkcin\u0117ms kardio treniruot\u0117ms. Be variklio, skirtas sporto sal\u0117ms.\" \/>\n<meta name=\"robots\" content=\"index, follow, max-snippet:-1, max-image-preview:large, max-video-preview:-1\" \/>\n<link rel=\"canonical\" href=\"https:\/\/gymfactory.eu\/lt\/produktas\/ca2-lenktas-begimo-takelis\/\" \/>\n<meta property=\"og:locale\" content=\"lt_LT\" \/>\n<meta property=\"og:type\" content=\"article\" \/>\n<meta property=\"og:title\" content=\"CA2 Lenktas b\u0117gimo takelis funkcinei kardio treniruotei\" \/>\n<meta property=\"og:description\" content=\"CA2 lenktas b\u0117gimo takelis sprintams, intervalin\u0117ms ir funkcin\u0117ms kardio treniruot\u0117ms. Be variklio, skirtas sporto sal\u0117ms.\" \/>\n<meta property=\"og:url\" content=\"https:\/\/gymfactory.eu\/lt\/produktas\/ca2-lenktas-begimo-takelis\/\" \/>\n<meta property=\"og:site_name\" content=\"Gym Factory\" \/>\n<meta property=\"article:modified_time\" content=\"2026-01-21T13:30:15+00:00\" \/>\n<meta property=\"og:image\" content=\"https:\/\/gymfactory.eu\/wp-content\/uploads\/2026\/01\/CA2-commercial-curved-treadmeal-gym.jpg\" \/>\n\t<meta property=\"og:image:width\" content=\"1500\" \/>\n\t<meta property=\"og:image:height\" content=\"1500\" \/>\n\t<meta property=\"og:image:type\" content=\"image\/jpeg\" \/>\n<meta name=\"twitter:card\" content=\"summary_large_image\" \/>\n<meta name=\"twitter:label1\" content=\"Est. reading time\" \/>\n\t<meta name=\"twitter:data1\" content=\"1 minut\u0117\" \/>\n<script type=\"application\/ld+json\" class=\"yoast-schema-graph\">{\"@context\":\"https:\/\/schema.org\",\"@graph\":[{\"@type\":\"WebPage\",\"@id\":\"https:\/\/gymfactory.eu\/lt\/produktas\/ca2-lenktas-begimo-takelis\/\",\"url\":\"https:\/\/gymfactory.eu\/lt\/produktas\/ca2-lenktas-begimo-takelis\/\",\"name\":\"CA2 Lenktas b\u0117gimo takelis funkcinei kardio treniruotei\",\"isPartOf\":{\"@id\":\"https:\/\/gymfactory.eu\/lt\/#website\"},\"primaryImageOfPage\":{\"@id\":\"https:\/\/gymfactory.eu\/lt\/produktas\/ca2-lenktas-begimo-takelis\/#primaryimage\"},\"image\":{\"@id\":\"https:\/\/gymfactory.eu\/lt\/produktas\/ca2-lenktas-begimo-takelis\/#primaryimage\"},\"thumbnailUrl\":\"https:\/\/gymfactory.eu\/wp-content\/uploads\/2026\/01\/CA2-commercial-curved-treadmeal-gym.jpg\",\"datePublished\":\"2026-01-21T13:04:28+00:00\",\"dateModified\":\"2026-01-21T13:30:15+00:00\",\"description\":\"CA2 lenktas b\u0117gimo takelis sprintams, intervalin\u0117ms ir funkcin\u0117ms kardio treniruot\u0117ms. Be variklio, skirtas sporto sal\u0117ms.\",\"breadcrumb\":{\"@id\":\"https:\/\/gymfactory.eu\/lt\/produktas\/ca2-lenktas-begimo-takelis\/#breadcrumb\"},\"inLanguage\":\"lt-LT\",\"potentialAction\":[{\"@type\":\"ReadAction\",\"target\":[\"https:\/\/gymfactory.eu\/lt\/produktas\/ca2-lenktas-begimo-takelis\/\"]}]},{\"@type\":\"ImageObject\",\"inLanguage\":\"lt-LT\",\"@id\":\"https:\/\/gymfactory.eu\/lt\/produktas\/ca2-lenktas-begimo-takelis\/#primaryimage\",\"url\":\"https:\/\/gymfactory.eu\/wp-content\/uploads\/2026\/01\/CA2-commercial-curved-treadmeal-gym.jpg\",\"contentUrl\":\"https:\/\/gymfactory.eu\/wp-content\/uploads\/2026\/01\/CA2-commercial-curved-treadmeal-gym.jpg\",\"width\":1500,\"height\":1500,\"caption\":\"Self-powered curved treadmill for high-intensity workouts.\"},{\"@type\":\"BreadcrumbList\",\"@id\":\"https:\/\/gymfactory.eu\/lt\/produktas\/ca2-lenktas-begimo-takelis\/#breadcrumb\",\"itemListElement\":[{\"@type\":\"ListItem\",\"position\":1,\"name\":\"Pagrindinis\",\"item\":\"https:\/\/gymfactory.eu\/lt\/\"},{\"@type\":\"ListItem\",\"position\":2,\"name\":\"Katalogas\",\"item\":\"https:\/\/gymfactory.eu\/lt\/katalogas\/\"},{\"@type\":\"ListItem\",\"position\":3,\"name\":\"CA2 Lenktas b\u0117gimo takelis\"}]},{\"@type\":\"WebSite\",\"@id\":\"https:\/\/gymfactory.eu\/lt\/#website\",\"url\":\"https:\/\/gymfactory.eu\/lt\/\",\"name\":\"Gym Factory\",\"description\":\"\",\"publisher\":{\"@id\":\"https:\/\/gymfactory.eu\/lt\/#organization\"},\"potentialAction\":[{\"@type\":\"SearchAction\",\"target\":{\"@type\":\"EntryPoint\",\"urlTemplate\":\"https:\/\/gymfactory.eu\/lt\/?s={search_term_string}\"},\"query-input\":{\"@type\":\"PropertyValueSpecification\",\"valueRequired\":true,\"valueName\":\"search_term_string\"}}],\"inLanguage\":\"lt-LT\"},{\"@type\":\"Organization\",\"@id\":\"https:\/\/gymfactory.eu\/lt\/#organization\",\"name\":\"Sporto sal\u0117s gamykla\",\"url\":\"https:\/\/gymfactory.eu\/lt\/\",\"logo\":{\"@type\":\"ImageObject\",\"inLanguage\":\"lt-LT\",\"@id\":\"https:\/\/gymfactory.eu\/lt\/#\/schema\/logo\/image\/\",\"url\":\"https:\/\/gymfactory.eu\/wp-content\/uploads\/2024\/11\/Component-1.svg\",\"contentUrl\":\"https:\/\/gymfactory.eu\/wp-content\/uploads\/2024\/11\/Component-1.svg\",\"width\":54,\"height\":44,\"caption\":\"Sporto sal\u0117s gamykla\"},\"image\":{\"@id\":\"https:\/\/gymfactory.eu\/lt\/#\/schema\/logo\/image\/\"}}]}<\/script>\n<!-- \/ Yoast SEO plugin. -->","yoast_head_json":{"title":"CA2 Lenktas b\u0117gimo takelis funkcinei kardio treniruotei","description":"CA2 lenktas b\u0117gimo takelis sprintams, intervalin\u0117ms ir funkcin\u0117ms kardio treniruot\u0117ms. Be variklio, skirtas sporto sal\u0117ms.","robots":{"index":"index","follow":"follow","max-snippet":"max-snippet:-1","max-image-preview":"max-image-preview:large","max-video-preview":"max-video-preview:-1"},"canonical":"https:\/\/gymfactory.eu\/lt\/produktas\/ca2-lenktas-begimo-takelis\/","og_locale":"lt_LT","og_type":"article","og_title":"CA2 Lenktas b\u0117gimo takelis funkcinei kardio treniruotei","og_description":"CA2 lenktas b\u0117gimo takelis sprintams, intervalin\u0117ms ir funkcin\u0117ms kardio treniruot\u0117ms. Be variklio, skirtas sporto sal\u0117ms.","og_url":"https:\/\/gymfactory.eu\/lt\/produktas\/ca2-lenktas-begimo-takelis\/","og_site_name":"Gym Factory","article_modified_time":"2026-01-21T13:30:15+00:00","og_image":[{"width":1500,"height":1500,"url":"https:\/\/gymfactory.eu\/wp-content\/uploads\/2026\/01\/CA2-commercial-curved-treadmeal-gym.jpg","type":"image\/jpeg"}],"twitter_card":"summary_large_image","twitter_misc":{"Est. reading time":"1 minut\u0117"},"schema":{"@context":"https:\/\/schema.org","@graph":[{"@type":"WebPage","@id":"https:\/\/gymfactory.eu\/lt\/produktas\/ca2-lenktas-begimo-takelis\/","url":"https:\/\/gymfactory.eu\/lt\/produktas\/ca2-lenktas-begimo-takelis\/","name":"CA2 Lenktas b\u0117gimo takelis funkcinei kardio treniruotei","isPartOf":{"@id":"https:\/\/gymfactory.eu\/lt\/#website"},"primaryImageOfPage":{"@id":"https:\/\/gymfactory.eu\/lt\/produktas\/ca2-lenktas-begimo-takelis\/#primaryimage"},"image":{"@id":"https:\/\/gymfactory.eu\/lt\/produktas\/ca2-lenktas-begimo-takelis\/#primaryimage"},"thumbnailUrl":"https:\/\/gymfactory.eu\/wp-content\/uploads\/2026\/01\/CA2-commercial-curved-treadmeal-gym.jpg","datePublished":"2026-01-21T13:04:28+00:00","dateModified":"2026-01-21T13:30:15+00:00","description":"CA2 lenktas b\u0117gimo takelis sprintams, intervalin\u0117ms ir funkcin\u0117ms kardio treniruot\u0117ms. Be variklio, skirtas sporto sal\u0117ms.","breadcrumb":{"@id":"https:\/\/gymfactory.eu\/lt\/produktas\/ca2-lenktas-begimo-takelis\/#breadcrumb"},"inLanguage":"lt-LT","potentialAction":[{"@type":"ReadAction","target":["https:\/\/gymfactory.eu\/lt\/produktas\/ca2-lenktas-begimo-takelis\/"]}]},{"@type":"ImageObject","inLanguage":"lt-LT","@id":"https:\/\/gymfactory.eu\/lt\/produktas\/ca2-lenktas-begimo-takelis\/#primaryimage","url":"https:\/\/gymfactory.eu\/wp-content\/uploads\/2026\/01\/CA2-commercial-curved-treadmeal-gym.jpg","contentUrl":"https:\/\/gymfactory.eu\/wp-content\/uploads\/2026\/01\/CA2-commercial-curved-treadmeal-gym.jpg","width":1500,"height":1500,"caption":"Self-powered curved treadmill for high-intensity workouts."},{"@type":"BreadcrumbList","@id":"https:\/\/gymfactory.eu\/lt\/produktas\/ca2-lenktas-begimo-takelis\/#breadcrumb","itemListElement":[{"@type":"ListItem","position":1,"name":"Pagrindinis","item":"https:\/\/gymfactory.eu\/lt\/"},{"@type":"ListItem","position":2,"name":"Katalogas","item":"https:\/\/gymfactory.eu\/lt\/katalogas\/"},{"@type":"ListItem","position":3,"name":"CA2 Lenktas b\u0117gimo takelis"}]},{"@type":"WebSite","@id":"https:\/\/gymfactory.eu\/lt\/#website","url":"https:\/\/gymfactory.eu\/lt\/","name":"Gym Factory","description":"","publisher":{"@id":"https:\/\/gymfactory.eu\/lt\/#organization"},"potentialAction":[{"@type":"SearchAction","target":{"@type":"EntryPoint","urlTemplate":"https:\/\/gymfactory.eu\/lt\/?s={search_term_string}"},"query-input":{"@type":"PropertyValueSpecification","valueRequired":true,"valueName":"search_term_string"}}],"inLanguage":"lt-LT"},{"@type":"Organization","@id":"https:\/\/gymfactory.eu\/lt\/#organization","name":"Sporto sal\u0117s gamykla","url":"https:\/\/gymfactory.eu\/lt\/","logo":{"@type":"ImageObject","inLanguage":"lt-LT","@id":"https:\/\/gymfactory.eu\/lt\/#\/schema\/logo\/image\/","url":"https:\/\/gymfactory.eu\/wp-content\/uploads\/2024\/11\/Component-1.svg","contentUrl":"https:\/\/gymfactory.eu\/wp-content\/uploads\/2024\/11\/Component-1.svg","width":54,"height":44,"caption":"Sporto sal\u0117s gamykla"},"image":{"@id":"https:\/\/gymfactory.eu\/lt\/#\/schema\/logo\/image\/"}}]}},"_links":{"self":[{"href":"https:\/\/gymfactory.eu\/lt\/wp-json\/wp\/v2\/product\/24007","targetHints":{"allow":["GET"]}}],"collection":[{"href":"https:\/\/gymfactory.eu\/lt\/wp-json\/wp\/v2\/product"}],"about":[{"href":"https:\/\/gymfactory.eu\/lt\/wp-json\/wp\/v2\/types\/product"}],"wp:featuredmedia":[{"embeddable":true,"href":"https:\/\/gymfactory.eu\/lt\/wp-json\/wp\/v2\/media\/24002"}],"wp:attachment":[{"href":"https:\/\/gymfactory.eu\/lt\/wp-json\/wp\/v2\/media?parent=24007"}],"wp:term":[{"taxonomy":"product_brand","embeddable":true,"href":"https:\/\/gymfactory.eu\/lt\/wp-json\/wp\/v2\/product_brand?post=24007"},{"taxonomy":"product_cat","embeddable":true,"href":"https:\/\/gymfactory.eu\/lt\/wp-json\/wp\/v2\/product_cat?post=24007"},{"taxonomy":"product_tag","embeddable":true,"href":"https:\/\/gymfactory.eu\/lt\/wp-json\/wp\/v2\/product_tag?post=24007"}],"curies":[{"name":"wp","href":"https:\/\/api.w.org\/{rel}","templated":true}]}}