{"id":23996,"date":"2026-01-21T14:22:01","date_gmt":"2026-01-21T12:22:01","guid":{"rendered":"https:\/\/gymfactory.eu\/product\/ca1-commercial-treadmill\/"},"modified":"2026-01-21T15:29:37","modified_gmt":"2026-01-21T13:29:37","slug":"ca1-komercinis-begimo-takelis","status":"publish","type":"product","link":"https:\/\/gymfactory.eu\/lt\/produktas\/ca1-komercinis-begimo-takelis\/","title":{"rendered":"CA1 Komercinis b\u0117gimo takelis"},"content":{"rendered":"<p>CA1 komercinis b\u0117gimo takelis sukurtas kasdieniam naudojimui profesionaliose sporto sal\u0117se, kur svarbus stabilumas, tikslus valdymas ir ilgaam\u017ei\u0161kumas. Iki 20 km\/h pasiekiantis greitis ir reguliuojama \u20133% iki +18% \u012fkaln\u0117 leid\u017eia lengvai keisti treniruot\u0117s intensyvum\u0105 \u2013 nuo tolygaus b\u0117gimo iki intensyvesni\u0173 i\u0161tverm\u0117s treniruo\u010di\u0173.<\/p>\n<p>\u012evair\u016bs treniruo\u010di\u0173 re\u017eimai, \u012fskaitant greit\u0105 start\u0105, tikslines treniruotes pagal laik\u0105, atstum\u0105 ar kalorijas bei i\u0161 anksto nustatytas programas, leid\u017eia CA1 pritaikyti skirtingo pasirengimo sportuojantiesiems. Greitis ir \u012fkaln\u0117 reguliuojami tiek i\u0161 anksto nustatytais mygtukais, tiek tiksliai koreguojami treniruot\u0117s metu, nesustabdant b\u0117gimo.<\/p>\n<p>Ai\u0161kus ekranas realiu laiku rodo greit\u012f, \u012fkaln\u0119, laik\u0105, atstum\u0105 ir sudegintas kalorijas, suteikdamas piln\u0105 treniruot\u0117s kontrol\u0119. CA1 \u2013 patikimas kardio sprendimas sporto sal\u0117ms, kurioms svarbus pastovus na\u0161umas ir sklandus kasdienis veikimas.<\/p>\n\n    <div class=\"xs_social_share_widget xs_share_url after_content \t\tmain_content  wslu-style-1 wslu-share-box-shaped wslu-fill-colored wslu-none wslu-share-horizontal wslu-theme-font-no wslu-main_content\">\n\n\t\t\n        <ul>\n\t\t\t        <\/ul>\n    <\/div> \n","protected":false},"excerpt":{"rendered":"<p>CA1 komercinis b\u0117gimo takelis sukurtas kasdieniam naudojimui profesionaliose sporto sal\u0117se, kur svarbus stabilumas, tikslus valdymas ir ilgaam\u017ei\u0161kumas. Iki 20 km\/h pasiekiantis greitis ir reguliuojama \u20133% iki +18% \u012fkaln\u0117 leid\u017eia lengvai keisti treniruot\u0117s intensyvum\u0105 \u2013 nuo tolygaus b\u0117gimo iki intensyvesni\u0173 i\u0161tverm\u0117s treniruo\u010di\u0173. \u012evair\u016bs treniruo\u010di\u0173 re\u017eimai, \u012fskaitant greit\u0105 start\u0105, tikslines treniruotes pagal laik\u0105, atstum\u0105 ar kalorijas bei [&hellip;]<\/p>\n","protected":false},"featured_media":23991,"template":"","meta":{"_acf_changed":false},"product_brand":[],"product_cat":[838],"product_tag":[393],"class_list":{"0":"post-23996","1":"product","2":"type-product","3":"status-publish","4":"has-post-thumbnail","6":"product_cat-kardio-treniruokliai","7":"product_tag-spalva-nera-spalvu","9":"first","10":"onbackorder","11":"taxable","12":"shipping-taxable","13":"purchasable","14":"product-type-simple"},"acf":[],"yoast_head":"<!-- This site is optimized with the Yoast SEO plugin v25.2 - https:\/\/yoast.com\/wordpress\/plugins\/seo\/ -->\n<title>CA1 Komercinis b\u0117gimo takelis profesionalioms sporto sal\u0117ms<\/title>\n<meta name=\"description\" content=\"CA1 komercinis b\u0117gimo takelis b\u0117gimui ir i\u0161tverm\u0117s treniruot\u0117ms. Sukurtas kasdieniam naudojimui profesionaliose sporto sal\u0117se.\" \/>\n<meta name=\"robots\" content=\"index, follow, max-snippet:-1, max-image-preview:large, max-video-preview:-1\" \/>\n<link rel=\"canonical\" href=\"https:\/\/gymfactory.eu\/lt\/produktas\/ca1-komercinis-begimo-takelis\/\" \/>\n<meta property=\"og:locale\" content=\"lt_LT\" \/>\n<meta property=\"og:type\" content=\"article\" \/>\n<meta property=\"og:title\" content=\"CA1 Komercinis b\u0117gimo takelis profesionalioms sporto sal\u0117ms\" \/>\n<meta property=\"og:description\" content=\"CA1 komercinis b\u0117gimo takelis b\u0117gimui ir i\u0161tverm\u0117s treniruot\u0117ms. Sukurtas kasdieniam naudojimui profesionaliose sporto sal\u0117se.\" \/>\n<meta property=\"og:url\" content=\"https:\/\/gymfactory.eu\/lt\/produktas\/ca1-komercinis-begimo-takelis\/\" \/>\n<meta property=\"og:site_name\" content=\"Gym Factory\" \/>\n<meta property=\"article:modified_time\" content=\"2026-01-21T13:29:37+00:00\" \/>\n<meta property=\"og:image\" content=\"https:\/\/gymfactory.eu\/wp-content\/uploads\/2026\/01\/CA1-commercial-treadmeal-gym.jpg\" \/>\n\t<meta property=\"og:image:width\" content=\"1500\" \/>\n\t<meta property=\"og:image:height\" content=\"1500\" \/>\n\t<meta property=\"og:image:type\" content=\"image\/jpeg\" \/>\n<meta name=\"twitter:card\" content=\"summary_large_image\" \/>\n<meta name=\"twitter:label1\" content=\"Est. reading time\" \/>\n\t<meta name=\"twitter:data1\" content=\"1 minut\u0117\" \/>\n<script type=\"application\/ld+json\" class=\"yoast-schema-graph\">{\"@context\":\"https:\/\/schema.org\",\"@graph\":[{\"@type\":\"WebPage\",\"@id\":\"https:\/\/gymfactory.eu\/lt\/produktas\/ca1-komercinis-begimo-takelis\/\",\"url\":\"https:\/\/gymfactory.eu\/lt\/produktas\/ca1-komercinis-begimo-takelis\/\",\"name\":\"CA1 Komercinis b\u0117gimo takelis profesionalioms sporto sal\u0117ms\",\"isPartOf\":{\"@id\":\"https:\/\/gymfactory.eu\/lt\/#website\"},\"primaryImageOfPage\":{\"@id\":\"https:\/\/gymfactory.eu\/lt\/produktas\/ca1-komercinis-begimo-takelis\/#primaryimage\"},\"image\":{\"@id\":\"https:\/\/gymfactory.eu\/lt\/produktas\/ca1-komercinis-begimo-takelis\/#primaryimage\"},\"thumbnailUrl\":\"https:\/\/gymfactory.eu\/wp-content\/uploads\/2026\/01\/CA1-commercial-treadmeal-gym.jpg\",\"datePublished\":\"2026-01-21T12:22:01+00:00\",\"dateModified\":\"2026-01-21T13:29:37+00:00\",\"description\":\"CA1 komercinis b\u0117gimo takelis b\u0117gimui ir i\u0161tverm\u0117s treniruot\u0117ms. Sukurtas kasdieniam naudojimui profesionaliose sporto sal\u0117se.\",\"breadcrumb\":{\"@id\":\"https:\/\/gymfactory.eu\/lt\/produktas\/ca1-komercinis-begimo-takelis\/#breadcrumb\"},\"inLanguage\":\"lt-LT\",\"potentialAction\":[{\"@type\":\"ReadAction\",\"target\":[\"https:\/\/gymfactory.eu\/lt\/produktas\/ca1-komercinis-begimo-takelis\/\"]}]},{\"@type\":\"ImageObject\",\"inLanguage\":\"lt-LT\",\"@id\":\"https:\/\/gymfactory.eu\/lt\/produktas\/ca1-komercinis-begimo-takelis\/#primaryimage\",\"url\":\"https:\/\/gymfactory.eu\/wp-content\/uploads\/2026\/01\/CA1-commercial-treadmeal-gym.jpg\",\"contentUrl\":\"https:\/\/gymfactory.eu\/wp-content\/uploads\/2026\/01\/CA1-commercial-treadmeal-gym.jpg\",\"width\":1500,\"height\":1500,\"caption\":\"Commercial treadmill designed for daily running and endurance training.\"},{\"@type\":\"BreadcrumbList\",\"@id\":\"https:\/\/gymfactory.eu\/lt\/produktas\/ca1-komercinis-begimo-takelis\/#breadcrumb\",\"itemListElement\":[{\"@type\":\"ListItem\",\"position\":1,\"name\":\"Pagrindinis\",\"item\":\"https:\/\/gymfactory.eu\/lt\/\"},{\"@type\":\"ListItem\",\"position\":2,\"name\":\"Katalogas\",\"item\":\"https:\/\/gymfactory.eu\/lt\/katalogas\/\"},{\"@type\":\"ListItem\",\"position\":3,\"name\":\"CA1 Komercinis b\u0117gimo takelis\"}]},{\"@type\":\"WebSite\",\"@id\":\"https:\/\/gymfactory.eu\/lt\/#website\",\"url\":\"https:\/\/gymfactory.eu\/lt\/\",\"name\":\"Gym Factory\",\"description\":\"\",\"publisher\":{\"@id\":\"https:\/\/gymfactory.eu\/lt\/#organization\"},\"potentialAction\":[{\"@type\":\"SearchAction\",\"target\":{\"@type\":\"EntryPoint\",\"urlTemplate\":\"https:\/\/gymfactory.eu\/lt\/?s={search_term_string}\"},\"query-input\":{\"@type\":\"PropertyValueSpecification\",\"valueRequired\":true,\"valueName\":\"search_term_string\"}}],\"inLanguage\":\"lt-LT\"},{\"@type\":\"Organization\",\"@id\":\"https:\/\/gymfactory.eu\/lt\/#organization\",\"name\":\"Sporto sal\u0117s gamykla\",\"url\":\"https:\/\/gymfactory.eu\/lt\/\",\"logo\":{\"@type\":\"ImageObject\",\"inLanguage\":\"lt-LT\",\"@id\":\"https:\/\/gymfactory.eu\/lt\/#\/schema\/logo\/image\/\",\"url\":\"https:\/\/gymfactory.eu\/wp-content\/uploads\/2024\/11\/Component-1.svg\",\"contentUrl\":\"https:\/\/gymfactory.eu\/wp-content\/uploads\/2024\/11\/Component-1.svg\",\"width\":54,\"height\":44,\"caption\":\"Sporto sal\u0117s gamykla\"},\"image\":{\"@id\":\"https:\/\/gymfactory.eu\/lt\/#\/schema\/logo\/image\/\"}}]}<\/script>\n<!-- \/ Yoast SEO plugin. -->","yoast_head_json":{"title":"CA1 Komercinis b\u0117gimo takelis profesionalioms sporto sal\u0117ms","description":"CA1 komercinis b\u0117gimo takelis b\u0117gimui ir i\u0161tverm\u0117s treniruot\u0117ms. Sukurtas kasdieniam naudojimui profesionaliose sporto sal\u0117se.","robots":{"index":"index","follow":"follow","max-snippet":"max-snippet:-1","max-image-preview":"max-image-preview:large","max-video-preview":"max-video-preview:-1"},"canonical":"https:\/\/gymfactory.eu\/lt\/produktas\/ca1-komercinis-begimo-takelis\/","og_locale":"lt_LT","og_type":"article","og_title":"CA1 Komercinis b\u0117gimo takelis profesionalioms sporto sal\u0117ms","og_description":"CA1 komercinis b\u0117gimo takelis b\u0117gimui ir i\u0161tverm\u0117s treniruot\u0117ms. Sukurtas kasdieniam naudojimui profesionaliose sporto sal\u0117se.","og_url":"https:\/\/gymfactory.eu\/lt\/produktas\/ca1-komercinis-begimo-takelis\/","og_site_name":"Gym Factory","article_modified_time":"2026-01-21T13:29:37+00:00","og_image":[{"width":1500,"height":1500,"url":"https:\/\/gymfactory.eu\/wp-content\/uploads\/2026\/01\/CA1-commercial-treadmeal-gym.jpg","type":"image\/jpeg"}],"twitter_card":"summary_large_image","twitter_misc":{"Est. reading time":"1 minut\u0117"},"schema":{"@context":"https:\/\/schema.org","@graph":[{"@type":"WebPage","@id":"https:\/\/gymfactory.eu\/lt\/produktas\/ca1-komercinis-begimo-takelis\/","url":"https:\/\/gymfactory.eu\/lt\/produktas\/ca1-komercinis-begimo-takelis\/","name":"CA1 Komercinis b\u0117gimo takelis profesionalioms sporto sal\u0117ms","isPartOf":{"@id":"https:\/\/gymfactory.eu\/lt\/#website"},"primaryImageOfPage":{"@id":"https:\/\/gymfactory.eu\/lt\/produktas\/ca1-komercinis-begimo-takelis\/#primaryimage"},"image":{"@id":"https:\/\/gymfactory.eu\/lt\/produktas\/ca1-komercinis-begimo-takelis\/#primaryimage"},"thumbnailUrl":"https:\/\/gymfactory.eu\/wp-content\/uploads\/2026\/01\/CA1-commercial-treadmeal-gym.jpg","datePublished":"2026-01-21T12:22:01+00:00","dateModified":"2026-01-21T13:29:37+00:00","description":"CA1 komercinis b\u0117gimo takelis b\u0117gimui ir i\u0161tverm\u0117s treniruot\u0117ms. Sukurtas kasdieniam naudojimui profesionaliose sporto sal\u0117se.","breadcrumb":{"@id":"https:\/\/gymfactory.eu\/lt\/produktas\/ca1-komercinis-begimo-takelis\/#breadcrumb"},"inLanguage":"lt-LT","potentialAction":[{"@type":"ReadAction","target":["https:\/\/gymfactory.eu\/lt\/produktas\/ca1-komercinis-begimo-takelis\/"]}]},{"@type":"ImageObject","inLanguage":"lt-LT","@id":"https:\/\/gymfactory.eu\/lt\/produktas\/ca1-komercinis-begimo-takelis\/#primaryimage","url":"https:\/\/gymfactory.eu\/wp-content\/uploads\/2026\/01\/CA1-commercial-treadmeal-gym.jpg","contentUrl":"https:\/\/gymfactory.eu\/wp-content\/uploads\/2026\/01\/CA1-commercial-treadmeal-gym.jpg","width":1500,"height":1500,"caption":"Commercial treadmill designed for daily running and endurance training."},{"@type":"BreadcrumbList","@id":"https:\/\/gymfactory.eu\/lt\/produktas\/ca1-komercinis-begimo-takelis\/#breadcrumb","itemListElement":[{"@type":"ListItem","position":1,"name":"Pagrindinis","item":"https:\/\/gymfactory.eu\/lt\/"},{"@type":"ListItem","position":2,"name":"Katalogas","item":"https:\/\/gymfactory.eu\/lt\/katalogas\/"},{"@type":"ListItem","position":3,"name":"CA1 Komercinis b\u0117gimo takelis"}]},{"@type":"WebSite","@id":"https:\/\/gymfactory.eu\/lt\/#website","url":"https:\/\/gymfactory.eu\/lt\/","name":"Gym Factory","description":"","publisher":{"@id":"https:\/\/gymfactory.eu\/lt\/#organization"},"potentialAction":[{"@type":"SearchAction","target":{"@type":"EntryPoint","urlTemplate":"https:\/\/gymfactory.eu\/lt\/?s={search_term_string}"},"query-input":{"@type":"PropertyValueSpecification","valueRequired":true,"valueName":"search_term_string"}}],"inLanguage":"lt-LT"},{"@type":"Organization","@id":"https:\/\/gymfactory.eu\/lt\/#organization","name":"Sporto sal\u0117s gamykla","url":"https:\/\/gymfactory.eu\/lt\/","logo":{"@type":"ImageObject","inLanguage":"lt-LT","@id":"https:\/\/gymfactory.eu\/lt\/#\/schema\/logo\/image\/","url":"https:\/\/gymfactory.eu\/wp-content\/uploads\/2024\/11\/Component-1.svg","contentUrl":"https:\/\/gymfactory.eu\/wp-content\/uploads\/2024\/11\/Component-1.svg","width":54,"height":44,"caption":"Sporto sal\u0117s gamykla"},"image":{"@id":"https:\/\/gymfactory.eu\/lt\/#\/schema\/logo\/image\/"}}]}},"_links":{"self":[{"href":"https:\/\/gymfactory.eu\/lt\/wp-json\/wp\/v2\/product\/23996","targetHints":{"allow":["GET"]}}],"collection":[{"href":"https:\/\/gymfactory.eu\/lt\/wp-json\/wp\/v2\/product"}],"about":[{"href":"https:\/\/gymfactory.eu\/lt\/wp-json\/wp\/v2\/types\/product"}],"wp:featuredmedia":[{"embeddable":true,"href":"https:\/\/gymfactory.eu\/lt\/wp-json\/wp\/v2\/media\/23991"}],"wp:attachment":[{"href":"https:\/\/gymfactory.eu\/lt\/wp-json\/wp\/v2\/media?parent=23996"}],"wp:term":[{"taxonomy":"product_brand","embeddable":true,"href":"https:\/\/gymfactory.eu\/lt\/wp-json\/wp\/v2\/product_brand?post=23996"},{"taxonomy":"product_cat","embeddable":true,"href":"https:\/\/gymfactory.eu\/lt\/wp-json\/wp\/v2\/product_cat?post=23996"},{"taxonomy":"product_tag","embeddable":true,"href":"https:\/\/gymfactory.eu\/lt\/wp-json\/wp\/v2\/product_tag?post=23996"}],"curies":[{"name":"wp","href":"https:\/\/api.w.org\/{rel}","templated":true}]}}