{"id":23830,"date":"2025-12-05T08:00:37","date_gmt":"2025-12-05T06:00:37","guid":{"rendered":"https:\/\/gymfactory.eu\/product\/l7yx-t-bar-linear-row\/"},"modified":"2026-01-07T09:08:21","modified_gmt":"2026-01-07T07:08:21","slug":"l7yx-linijinis-t-bar-traukos-treniruoklis","status":"publish","type":"product","link":"https:\/\/gymfactory.eu\/lt\/produktas\/l7yx-linijinis-t-bar-traukos-treniruoklis\/","title":{"rendered":"L7YX Linijinis T-bar traukos treniruoklis"},"content":{"rendered":"<p>L7YX Linijinis T-bar traukos treniruoklis sukurtas efektyviai vir\u0161utin\u0117s k\u016bno dalies treniruotei, kai svarbiausia \u2013 judesio kontrol\u0117, stabilumas ir taisyklinga technika. Fiksuotas linijinis judesys u\u017etikrina skland\u0173 ir nuosekl\u0173 svorio jud\u0117jim\u0105 viso pratimo metu, padedant i\u0161laikyti pastovi\u0105 apkrov\u0105 ir taisykling\u0105 judesio trajektorij\u0105.<\/p>\n<p>Treniruoklis pritaikytas traukoms su kr\u016btin\u0117s atrama, tod\u0117l suma\u017einama apkrova apatinei nugaros daliai ir leid\u017eiama maksimaliai susikoncentruoti \u012f traukos judes\u012f. Reguliuojamas kr\u016btin\u0117s atramos auk\u0161tis leid\u017eia lengvai pritaikyti treniruokl\u012f skirtingo \u016bgio sportininkams.<\/p>\n<p>Kelios ranken\u0173 pa\u0117mimo pad\u0117tys suteikia galimyb\u0119 keisti rank\u0173 plot\u012f ir akcentuoti skirtingas nugaros zonas \u2013 vir\u0161utin\u0119 nugaros dal\u012f, pla\u010diuosius nugaros raumenis bei galines pe\u010di\u0173 deltas. Paprasta, tvirta ir efektyvi konstrukcija daro \u0161\u012f treniruokl\u012f patikimu sprendimu rimtoms nugaros treniruot\u0117ms komercin\u0117se sporto sal\u0117se.<\/p>\n\n    <div class=\"xs_social_share_widget xs_share_url after_content \t\tmain_content  wslu-style-1 wslu-share-box-shaped wslu-fill-colored wslu-none wslu-share-horizontal wslu-theme-font-no wslu-main_content\">\n\n\t\t\n        <ul>\n\t\t\t        <\/ul>\n    <\/div> \n","protected":false},"excerpt":{"rendered":"<p>L7YX Linijinis T-bar traukos treniruoklis sukurtas efektyviai vir\u0161utin\u0117s k\u016bno dalies treniruotei, kai svarbiausia \u2013 judesio kontrol\u0117, stabilumas ir taisyklinga technika. Fiksuotas linijinis judesys u\u017etikrina skland\u0173 ir nuosekl\u0173 svorio jud\u0117jim\u0105 viso pratimo metu, padedant i\u0161laikyti pastovi\u0105 apkrov\u0105 ir taisykling\u0105 judesio trajektorij\u0105. Treniruoklis pritaikytas traukoms su kr\u016btin\u0117s atrama, tod\u0117l suma\u017einama apkrova apatinei nugaros daliai ir leid\u017eiama maksimaliai [&hellip;]<\/p>\n","protected":false},"featured_media":28034,"template":"","meta":{"_acf_changed":false},"product_brand":[],"product_cat":[421],"product_tag":[],"class_list":{"0":"post-23830","1":"product","2":"type-product","3":"status-publish","4":"has-post-thumbnail","6":"product_cat-laisvu-svoriu-treniruokliai","8":"first","9":"onbackorder","10":"taxable","11":"shipping-taxable","12":"purchasable","13":"product-type-variable","14":"has-default-attributes"},"acf":[],"yoast_head":"<!-- This site is optimized with the Yoast SEO plugin v25.2 - https:\/\/yoast.com\/wordpress\/plugins\/seo\/ -->\n<title>L7YX Linijinis T-bar traukos treniruoklis - Gym Factory<\/title>\n<meta name=\"description\" content=\"Linijinis T-bar traukos treniruoklis su fiksuotu judesiu, reguliuojama kr\u016btin\u0117s atrama ir keliomis ranken\u0173 pad\u0117timis efektyviai nugaros treniruotei.\" \/>\n<meta name=\"robots\" content=\"index, follow, max-snippet:-1, max-image-preview:large, max-video-preview:-1\" \/>\n<link rel=\"canonical\" href=\"https:\/\/gymfactory.eu\/lt\/produktas\/l7yx-linijinis-t-bar-traukos-treniruoklis\/\" \/>\n<meta property=\"og:locale\" content=\"lt_LT\" \/>\n<meta property=\"og:type\" content=\"article\" \/>\n<meta property=\"og:title\" content=\"L7YX Linijinis T-bar traukos treniruoklis - Gym Factory\" \/>\n<meta property=\"og:description\" content=\"Linijinis T-bar traukos treniruoklis su fiksuotu judesiu, reguliuojama kr\u016btin\u0117s atrama ir keliomis ranken\u0173 pad\u0117timis efektyviai nugaros treniruotei.\" \/>\n<meta property=\"og:url\" content=\"https:\/\/gymfactory.eu\/lt\/produktas\/l7yx-linijinis-t-bar-traukos-treniruoklis\/\" \/>\n<meta property=\"og:site_name\" content=\"Gym Factory\" \/>\n<meta property=\"article:modified_time\" content=\"2026-01-07T07:08:21+00:00\" \/>\n<meta property=\"og:image\" content=\"https:\/\/gymfactory.eu\/wp-content\/uploads\/2025\/12\/Linear-T-Bar-Row-Machine-L7YX.webp\" \/>\n\t<meta property=\"og:image:width\" content=\"1500\" \/>\n\t<meta property=\"og:image:height\" content=\"1500\" \/>\n\t<meta property=\"og:image:type\" content=\"image\/webp\" \/>\n<meta name=\"twitter:card\" content=\"summary_large_image\" \/>\n<meta name=\"twitter:label1\" content=\"Est. reading time\" \/>\n\t<meta name=\"twitter:data1\" content=\"1 minut\u0117\" \/>\n<script type=\"application\/ld+json\" class=\"yoast-schema-graph\">{\"@context\":\"https:\/\/schema.org\",\"@graph\":[{\"@type\":\"WebPage\",\"@id\":\"https:\/\/gymfactory.eu\/lt\/produktas\/l7yx-linijinis-t-bar-traukos-treniruoklis\/\",\"url\":\"https:\/\/gymfactory.eu\/lt\/produktas\/l7yx-linijinis-t-bar-traukos-treniruoklis\/\",\"name\":\"L7YX Linijinis T-bar traukos treniruoklis - Gym Factory\",\"isPartOf\":{\"@id\":\"https:\/\/gymfactory.eu\/lt\/#website\"},\"primaryImageOfPage\":{\"@id\":\"https:\/\/gymfactory.eu\/lt\/produktas\/l7yx-linijinis-t-bar-traukos-treniruoklis\/#primaryimage\"},\"image\":{\"@id\":\"https:\/\/gymfactory.eu\/lt\/produktas\/l7yx-linijinis-t-bar-traukos-treniruoklis\/#primaryimage\"},\"thumbnailUrl\":\"https:\/\/gymfactory.eu\/wp-content\/uploads\/2025\/12\/Linear-T-Bar-Row-Machine-L7YX-1.webp\",\"datePublished\":\"2025-12-05T06:00:37+00:00\",\"dateModified\":\"2026-01-07T07:08:21+00:00\",\"description\":\"Linijinis T-bar traukos treniruoklis su fiksuotu judesiu, reguliuojama kr\u016btin\u0117s atrama ir keliomis ranken\u0173 pad\u0117timis efektyviai nugaros treniruotei.\",\"breadcrumb\":{\"@id\":\"https:\/\/gymfactory.eu\/lt\/produktas\/l7yx-linijinis-t-bar-traukos-treniruoklis\/#breadcrumb\"},\"inLanguage\":\"lt-LT\",\"potentialAction\":[{\"@type\":\"ReadAction\",\"target\":[\"https:\/\/gymfactory.eu\/lt\/produktas\/l7yx-linijinis-t-bar-traukos-treniruoklis\/\"]}]},{\"@type\":\"ImageObject\",\"inLanguage\":\"lt-LT\",\"@id\":\"https:\/\/gymfactory.eu\/lt\/produktas\/l7yx-linijinis-t-bar-traukos-treniruoklis\/#primaryimage\",\"url\":\"https:\/\/gymfactory.eu\/wp-content\/uploads\/2025\/12\/Linear-T-Bar-Row-Machine-L7YX-1.webp\",\"contentUrl\":\"https:\/\/gymfactory.eu\/wp-content\/uploads\/2025\/12\/Linear-T-Bar-Row-Machine-L7YX-1.webp\",\"width\":1500,\"height\":1500,\"caption\":\"Linear T Bar Row Machine L7YX for Back Training\"},{\"@type\":\"BreadcrumbList\",\"@id\":\"https:\/\/gymfactory.eu\/lt\/produktas\/l7yx-linijinis-t-bar-traukos-treniruoklis\/#breadcrumb\",\"itemListElement\":[{\"@type\":\"ListItem\",\"position\":1,\"name\":\"Pagrindinis\",\"item\":\"https:\/\/gymfactory.eu\/lt\/\"},{\"@type\":\"ListItem\",\"position\":2,\"name\":\"Katalogas\",\"item\":\"https:\/\/gymfactory.eu\/lt\/katalogas\/\"},{\"@type\":\"ListItem\",\"position\":3,\"name\":\"L7YX Linijinis T-bar traukos treniruoklis\"}]},{\"@type\":\"WebSite\",\"@id\":\"https:\/\/gymfactory.eu\/lt\/#website\",\"url\":\"https:\/\/gymfactory.eu\/lt\/\",\"name\":\"Gym Factory\",\"description\":\"\",\"publisher\":{\"@id\":\"https:\/\/gymfactory.eu\/lt\/#organization\"},\"potentialAction\":[{\"@type\":\"SearchAction\",\"target\":{\"@type\":\"EntryPoint\",\"urlTemplate\":\"https:\/\/gymfactory.eu\/lt\/?s={search_term_string}\"},\"query-input\":{\"@type\":\"PropertyValueSpecification\",\"valueRequired\":true,\"valueName\":\"search_term_string\"}}],\"inLanguage\":\"lt-LT\"},{\"@type\":\"Organization\",\"@id\":\"https:\/\/gymfactory.eu\/lt\/#organization\",\"name\":\"Sporto sal\u0117s gamykla\",\"url\":\"https:\/\/gymfactory.eu\/lt\/\",\"logo\":{\"@type\":\"ImageObject\",\"inLanguage\":\"lt-LT\",\"@id\":\"https:\/\/gymfactory.eu\/lt\/#\/schema\/logo\/image\/\",\"url\":\"https:\/\/gymfactory.eu\/wp-content\/uploads\/2024\/11\/Component-1.svg\",\"contentUrl\":\"https:\/\/gymfactory.eu\/wp-content\/uploads\/2024\/11\/Component-1.svg\",\"width\":54,\"height\":44,\"caption\":\"Sporto sal\u0117s gamykla\"},\"image\":{\"@id\":\"https:\/\/gymfactory.eu\/lt\/#\/schema\/logo\/image\/\"}}]}<\/script>\n<!-- \/ Yoast SEO plugin. -->","yoast_head_json":{"title":"L7YX Linijinis T-bar traukos treniruoklis - Gym Factory","description":"Linijinis T-bar traukos treniruoklis su fiksuotu judesiu, reguliuojama kr\u016btin\u0117s atrama ir keliomis ranken\u0173 pad\u0117timis efektyviai nugaros treniruotei.","robots":{"index":"index","follow":"follow","max-snippet":"max-snippet:-1","max-image-preview":"max-image-preview:large","max-video-preview":"max-video-preview:-1"},"canonical":"https:\/\/gymfactory.eu\/lt\/produktas\/l7yx-linijinis-t-bar-traukos-treniruoklis\/","og_locale":"lt_LT","og_type":"article","og_title":"L7YX Linijinis T-bar traukos treniruoklis - Gym Factory","og_description":"Linijinis T-bar traukos treniruoklis su fiksuotu judesiu, reguliuojama kr\u016btin\u0117s atrama ir keliomis ranken\u0173 pad\u0117timis efektyviai nugaros treniruotei.","og_url":"https:\/\/gymfactory.eu\/lt\/produktas\/l7yx-linijinis-t-bar-traukos-treniruoklis\/","og_site_name":"Gym Factory","article_modified_time":"2026-01-07T07:08:21+00:00","og_image":[{"width":1500,"height":1500,"url":"https:\/\/gymfactory.eu\/wp-content\/uploads\/2025\/12\/Linear-T-Bar-Row-Machine-L7YX.webp","type":"image\/webp"}],"twitter_card":"summary_large_image","twitter_misc":{"Est. reading time":"1 minut\u0117"},"schema":{"@context":"https:\/\/schema.org","@graph":[{"@type":"WebPage","@id":"https:\/\/gymfactory.eu\/lt\/produktas\/l7yx-linijinis-t-bar-traukos-treniruoklis\/","url":"https:\/\/gymfactory.eu\/lt\/produktas\/l7yx-linijinis-t-bar-traukos-treniruoklis\/","name":"L7YX Linijinis T-bar traukos treniruoklis - Gym Factory","isPartOf":{"@id":"https:\/\/gymfactory.eu\/lt\/#website"},"primaryImageOfPage":{"@id":"https:\/\/gymfactory.eu\/lt\/produktas\/l7yx-linijinis-t-bar-traukos-treniruoklis\/#primaryimage"},"image":{"@id":"https:\/\/gymfactory.eu\/lt\/produktas\/l7yx-linijinis-t-bar-traukos-treniruoklis\/#primaryimage"},"thumbnailUrl":"https:\/\/gymfactory.eu\/wp-content\/uploads\/2025\/12\/Linear-T-Bar-Row-Machine-L7YX-1.webp","datePublished":"2025-12-05T06:00:37+00:00","dateModified":"2026-01-07T07:08:21+00:00","description":"Linijinis T-bar traukos treniruoklis su fiksuotu judesiu, reguliuojama kr\u016btin\u0117s atrama ir keliomis ranken\u0173 pad\u0117timis efektyviai nugaros treniruotei.","breadcrumb":{"@id":"https:\/\/gymfactory.eu\/lt\/produktas\/l7yx-linijinis-t-bar-traukos-treniruoklis\/#breadcrumb"},"inLanguage":"lt-LT","potentialAction":[{"@type":"ReadAction","target":["https:\/\/gymfactory.eu\/lt\/produktas\/l7yx-linijinis-t-bar-traukos-treniruoklis\/"]}]},{"@type":"ImageObject","inLanguage":"lt-LT","@id":"https:\/\/gymfactory.eu\/lt\/produktas\/l7yx-linijinis-t-bar-traukos-treniruoklis\/#primaryimage","url":"https:\/\/gymfactory.eu\/wp-content\/uploads\/2025\/12\/Linear-T-Bar-Row-Machine-L7YX-1.webp","contentUrl":"https:\/\/gymfactory.eu\/wp-content\/uploads\/2025\/12\/Linear-T-Bar-Row-Machine-L7YX-1.webp","width":1500,"height":1500,"caption":"Linear T Bar Row Machine L7YX for Back Training"},{"@type":"BreadcrumbList","@id":"https:\/\/gymfactory.eu\/lt\/produktas\/l7yx-linijinis-t-bar-traukos-treniruoklis\/#breadcrumb","itemListElement":[{"@type":"ListItem","position":1,"name":"Pagrindinis","item":"https:\/\/gymfactory.eu\/lt\/"},{"@type":"ListItem","position":2,"name":"Katalogas","item":"https:\/\/gymfactory.eu\/lt\/katalogas\/"},{"@type":"ListItem","position":3,"name":"L7YX Linijinis T-bar traukos treniruoklis"}]},{"@type":"WebSite","@id":"https:\/\/gymfactory.eu\/lt\/#website","url":"https:\/\/gymfactory.eu\/lt\/","name":"Gym Factory","description":"","publisher":{"@id":"https:\/\/gymfactory.eu\/lt\/#organization"},"potentialAction":[{"@type":"SearchAction","target":{"@type":"EntryPoint","urlTemplate":"https:\/\/gymfactory.eu\/lt\/?s={search_term_string}"},"query-input":{"@type":"PropertyValueSpecification","valueRequired":true,"valueName":"search_term_string"}}],"inLanguage":"lt-LT"},{"@type":"Organization","@id":"https:\/\/gymfactory.eu\/lt\/#organization","name":"Sporto sal\u0117s gamykla","url":"https:\/\/gymfactory.eu\/lt\/","logo":{"@type":"ImageObject","inLanguage":"lt-LT","@id":"https:\/\/gymfactory.eu\/lt\/#\/schema\/logo\/image\/","url":"https:\/\/gymfactory.eu\/wp-content\/uploads\/2024\/11\/Component-1.svg","contentUrl":"https:\/\/gymfactory.eu\/wp-content\/uploads\/2024\/11\/Component-1.svg","width":54,"height":44,"caption":"Sporto sal\u0117s gamykla"},"image":{"@id":"https:\/\/gymfactory.eu\/lt\/#\/schema\/logo\/image\/"}}]}},"_links":{"self":[{"href":"https:\/\/gymfactory.eu\/lt\/wp-json\/wp\/v2\/product\/23830","targetHints":{"allow":["GET"]}}],"collection":[{"href":"https:\/\/gymfactory.eu\/lt\/wp-json\/wp\/v2\/product"}],"about":[{"href":"https:\/\/gymfactory.eu\/lt\/wp-json\/wp\/v2\/types\/product"}],"wp:featuredmedia":[{"embeddable":true,"href":"https:\/\/gymfactory.eu\/lt\/wp-json\/wp\/v2\/media\/28034"}],"wp:attachment":[{"href":"https:\/\/gymfactory.eu\/lt\/wp-json\/wp\/v2\/media?parent=23830"}],"wp:term":[{"taxonomy":"product_brand","embeddable":true,"href":"https:\/\/gymfactory.eu\/lt\/wp-json\/wp\/v2\/product_brand?post=23830"},{"taxonomy":"product_cat","embeddable":true,"href":"https:\/\/gymfactory.eu\/lt\/wp-json\/wp\/v2\/product_cat?post=23830"},{"taxonomy":"product_tag","embeddable":true,"href":"https:\/\/gymfactory.eu\/lt\/wp-json\/wp\/v2\/product_tag?post=23830"}],"curies":[{"name":"wp","href":"https:\/\/api.w.org\/{rel}","templated":true}]}}