{"id":23343,"date":"2025-11-13T11:26:12","date_gmt":"2025-11-13T09:26:12","guid":{"rendered":"https:\/\/gymfactory.eu\/product\/w1x-gym-handle-grips\/"},"modified":"2025-11-19T13:22:57","modified_gmt":"2025-11-19T11:22:57","slug":"w1x-rankenu-pastorintojai","status":"publish","type":"product","link":"https:\/\/gymfactory.eu\/lt\/produktas\/w1x-rankenu-pastorintojai\/","title":{"rendered":"W1X Ranken\u0173 pastorintojai"},"content":{"rendered":"<p>W1X ranken\u0173 pastorintojai skirti treniruokli\u0173 rankenoms pastorinti ir suteikti tvirtesn\u012f, stabilesn\u012f sukibim\u0105 treniruot\u0117s metu. Jie pagaminti i\u0161 atsparios TPU gumos, o grubl\u0117tas, rifliuoto tipo pavir\u0161ius u\u017etikrina ger\u0105 sukibim\u0105 ir apsaugo nuo slydimo net dirbant su didel\u0117mis apkrovomis.<\/p>\n<p>Kiekvieno pastorintojo ilgis &#8211; 140 mm, i\u0161orinis diametras &#8211; 50 mm, tod\u0117l rankena tampa storesn\u0117 ir geriau aktyvina pla\u0161takos bei dilbi\u0173 raumenis. Vidin\u0117 skyl\u0117 ple\u010diasi nuo 28 mm iki 34 mm, tod\u0117l pastorintojai tinka daugumai treniruokli\u0173 ranken\u0173 ir stryp\u0173.<\/p>\n<p>W1X antgaliai lengvai u\u017emaunami ir nuimami, nedeformuojasi ir yra sukurti intensyviam naudojimui. Tai paprastas ir efektyvus b\u016bdas pagerinti sukibim\u0105, suma\u017einti rank\u0173 nuovarg\u012f ir padidinti treniruot\u0117s komfort\u0105.<\/p>\n\n    <div class=\"xs_social_share_widget xs_share_url after_content \t\tmain_content  wslu-style-1 wslu-share-box-shaped wslu-fill-colored wslu-none wslu-share-horizontal wslu-theme-font-no wslu-main_content\">\n\n\t\t\n        <ul>\n\t\t\t        <\/ul>\n    <\/div> \n","protected":false},"excerpt":{"rendered":"<p>W1X ranken\u0173 pastorintojai skirti treniruokli\u0173 rankenoms pastorinti ir suteikti tvirtesn\u012f, stabilesn\u012f sukibim\u0105 treniruot\u0117s metu. Jie pagaminti i\u0161 atsparios TPU gumos, o grubl\u0117tas, rifliuoto tipo pavir\u0161ius u\u017etikrina ger\u0105 sukibim\u0105 ir apsaugo nuo slydimo net dirbant su didel\u0117mis apkrovomis. Kiekvieno pastorintojo ilgis &#8211; 140 mm, i\u0161orinis diametras &#8211; 50 mm, tod\u0117l rankena tampa storesn\u0117 ir geriau aktyvina [&hellip;]<\/p>\n","protected":false},"featured_media":20348,"template":"","meta":{"_acf_changed":false},"product_brand":[],"product_cat":[418],"product_tag":[393],"class_list":{"0":"post-23343","1":"product","2":"type-product","3":"status-publish","4":"has-post-thumbnail","6":"product_cat-treniruokliu-priedai","7":"product_tag-spalva-nera-spalvu","9":"first","10":"instock","11":"taxable","12":"shipping-taxable","13":"purchasable","14":"product-type-variable"},"acf":[],"yoast_head":"<!-- This site is optimized with the Yoast SEO plugin v25.2 - https:\/\/yoast.com\/wordpress\/plugins\/seo\/ -->\n<title>W1X Ranken\u0173 pastorintojai - Gym Factory<\/title>\n<meta name=\"description\" content=\"TPU ranken\u0173 pastorintojai su 50 mm diametru ir 28\u201334 mm vidine skyle, skirti geresniam sukibimui ir didesniam treniruot\u0117s komfortui.\" \/>\n<meta name=\"robots\" content=\"index, follow, max-snippet:-1, max-image-preview:large, max-video-preview:-1\" \/>\n<link rel=\"canonical\" href=\"https:\/\/gymfactory.eu\/lt\/produktas\/w1x-rankenu-pastorintojai\/\" \/>\n<meta property=\"og:locale\" content=\"lt_LT\" \/>\n<meta property=\"og:type\" content=\"article\" \/>\n<meta property=\"og:title\" content=\"W1X Ranken\u0173 pastorintojai - Gym Factory\" \/>\n<meta property=\"og:description\" content=\"TPU ranken\u0173 pastorintojai su 50 mm diametru ir 28\u201334 mm vidine skyle, skirti geresniam sukibimui ir didesniam treniruot\u0117s komfortui.\" \/>\n<meta property=\"og:url\" content=\"https:\/\/gymfactory.eu\/lt\/produktas\/w1x-rankenu-pastorintojai\/\" \/>\n<meta property=\"og:site_name\" content=\"Gym Factory\" \/>\n<meta property=\"article:modified_time\" content=\"2025-11-19T11:22:57+00:00\" \/>\n<meta property=\"og:image\" content=\"https:\/\/gymfactory.eu\/wp-content\/uploads\/2025\/11\/High-quality-W1X-handle-grips-for-gym-and-fitness-equipment.webp\" \/>\n\t<meta property=\"og:image:width\" content=\"1500\" \/>\n\t<meta property=\"og:image:height\" content=\"1500\" \/>\n\t<meta property=\"og:image:type\" content=\"image\/webp\" \/>\n<meta name=\"twitter:card\" content=\"summary_large_image\" \/>\n<meta name=\"twitter:label1\" content=\"Est. reading time\" \/>\n\t<meta name=\"twitter:data1\" content=\"1 minut\u0117\" \/>\n<script type=\"application\/ld+json\" class=\"yoast-schema-graph\">{\"@context\":\"https:\/\/schema.org\",\"@graph\":[{\"@type\":\"WebPage\",\"@id\":\"https:\/\/gymfactory.eu\/lt\/produktas\/w1x-rankenu-pastorintojai\/\",\"url\":\"https:\/\/gymfactory.eu\/lt\/produktas\/w1x-rankenu-pastorintojai\/\",\"name\":\"W1X Ranken\u0173 pastorintojai - Gym Factory\",\"isPartOf\":{\"@id\":\"https:\/\/gymfactory.eu\/lt\/#website\"},\"primaryImageOfPage\":{\"@id\":\"https:\/\/gymfactory.eu\/lt\/produktas\/w1x-rankenu-pastorintojai\/#primaryimage\"},\"image\":{\"@id\":\"https:\/\/gymfactory.eu\/lt\/produktas\/w1x-rankenu-pastorintojai\/#primaryimage\"},\"thumbnailUrl\":\"https:\/\/gymfactory.eu\/wp-content\/uploads\/2025\/11\/High-quality-W1X-handle-grips-for-gym-and-fitness-equipment.webp\",\"datePublished\":\"2025-11-13T09:26:12+00:00\",\"dateModified\":\"2025-11-19T11:22:57+00:00\",\"description\":\"TPU ranken\u0173 pastorintojai su 50 mm diametru ir 28\u201334 mm vidine skyle, skirti geresniam sukibimui ir didesniam treniruot\u0117s komfortui.\",\"breadcrumb\":{\"@id\":\"https:\/\/gymfactory.eu\/lt\/produktas\/w1x-rankenu-pastorintojai\/#breadcrumb\"},\"inLanguage\":\"lt-LT\",\"potentialAction\":[{\"@type\":\"ReadAction\",\"target\":[\"https:\/\/gymfactory.eu\/lt\/produktas\/w1x-rankenu-pastorintojai\/\"]}]},{\"@type\":\"ImageObject\",\"inLanguage\":\"lt-LT\",\"@id\":\"https:\/\/gymfactory.eu\/lt\/produktas\/w1x-rankenu-pastorintojai\/#primaryimage\",\"url\":\"https:\/\/gymfactory.eu\/wp-content\/uploads\/2025\/11\/High-quality-W1X-handle-grips-for-gym-and-fitness-equipment.webp\",\"contentUrl\":\"https:\/\/gymfactory.eu\/wp-content\/uploads\/2025\/11\/High-quality-W1X-handle-grips-for-gym-and-fitness-equipment.webp\",\"width\":1500,\"height\":1500,\"caption\":\"High-quality W1X handle grips for gym and fitness equipment\"},{\"@type\":\"BreadcrumbList\",\"@id\":\"https:\/\/gymfactory.eu\/lt\/produktas\/w1x-rankenu-pastorintojai\/#breadcrumb\",\"itemListElement\":[{\"@type\":\"ListItem\",\"position\":1,\"name\":\"Pagrindinis\",\"item\":\"https:\/\/gymfactory.eu\/lt\/\"},{\"@type\":\"ListItem\",\"position\":2,\"name\":\"Katalogas\",\"item\":\"https:\/\/gymfactory.eu\/lt\/katalogas\/\"},{\"@type\":\"ListItem\",\"position\":3,\"name\":\"W1X Ranken\u0173 pastorintojai\"}]},{\"@type\":\"WebSite\",\"@id\":\"https:\/\/gymfactory.eu\/lt\/#website\",\"url\":\"https:\/\/gymfactory.eu\/lt\/\",\"name\":\"Gym Factory\",\"description\":\"\",\"publisher\":{\"@id\":\"https:\/\/gymfactory.eu\/lt\/#organization\"},\"potentialAction\":[{\"@type\":\"SearchAction\",\"target\":{\"@type\":\"EntryPoint\",\"urlTemplate\":\"https:\/\/gymfactory.eu\/lt\/?s={search_term_string}\"},\"query-input\":{\"@type\":\"PropertyValueSpecification\",\"valueRequired\":true,\"valueName\":\"search_term_string\"}}],\"inLanguage\":\"lt-LT\"},{\"@type\":\"Organization\",\"@id\":\"https:\/\/gymfactory.eu\/lt\/#organization\",\"name\":\"Sporto sal\u0117s gamykla\",\"url\":\"https:\/\/gymfactory.eu\/lt\/\",\"logo\":{\"@type\":\"ImageObject\",\"inLanguage\":\"lt-LT\",\"@id\":\"https:\/\/gymfactory.eu\/lt\/#\/schema\/logo\/image\/\",\"url\":\"https:\/\/gymfactory.eu\/wp-content\/uploads\/2024\/11\/Component-1.svg\",\"contentUrl\":\"https:\/\/gymfactory.eu\/wp-content\/uploads\/2024\/11\/Component-1.svg\",\"width\":54,\"height\":44,\"caption\":\"Sporto sal\u0117s gamykla\"},\"image\":{\"@id\":\"https:\/\/gymfactory.eu\/lt\/#\/schema\/logo\/image\/\"}}]}<\/script>\n<!-- \/ Yoast SEO plugin. -->","yoast_head_json":{"title":"W1X Ranken\u0173 pastorintojai - Gym Factory","description":"TPU ranken\u0173 pastorintojai su 50 mm diametru ir 28\u201334 mm vidine skyle, skirti geresniam sukibimui ir didesniam treniruot\u0117s komfortui.","robots":{"index":"index","follow":"follow","max-snippet":"max-snippet:-1","max-image-preview":"max-image-preview:large","max-video-preview":"max-video-preview:-1"},"canonical":"https:\/\/gymfactory.eu\/lt\/produktas\/w1x-rankenu-pastorintojai\/","og_locale":"lt_LT","og_type":"article","og_title":"W1X Ranken\u0173 pastorintojai - Gym Factory","og_description":"TPU ranken\u0173 pastorintojai su 50 mm diametru ir 28\u201334 mm vidine skyle, skirti geresniam sukibimui ir didesniam treniruot\u0117s komfortui.","og_url":"https:\/\/gymfactory.eu\/lt\/produktas\/w1x-rankenu-pastorintojai\/","og_site_name":"Gym Factory","article_modified_time":"2025-11-19T11:22:57+00:00","og_image":[{"width":1500,"height":1500,"url":"https:\/\/gymfactory.eu\/wp-content\/uploads\/2025\/11\/High-quality-W1X-handle-grips-for-gym-and-fitness-equipment.webp","type":"image\/webp"}],"twitter_card":"summary_large_image","twitter_misc":{"Est. reading time":"1 minut\u0117"},"schema":{"@context":"https:\/\/schema.org","@graph":[{"@type":"WebPage","@id":"https:\/\/gymfactory.eu\/lt\/produktas\/w1x-rankenu-pastorintojai\/","url":"https:\/\/gymfactory.eu\/lt\/produktas\/w1x-rankenu-pastorintojai\/","name":"W1X Ranken\u0173 pastorintojai - Gym Factory","isPartOf":{"@id":"https:\/\/gymfactory.eu\/lt\/#website"},"primaryImageOfPage":{"@id":"https:\/\/gymfactory.eu\/lt\/produktas\/w1x-rankenu-pastorintojai\/#primaryimage"},"image":{"@id":"https:\/\/gymfactory.eu\/lt\/produktas\/w1x-rankenu-pastorintojai\/#primaryimage"},"thumbnailUrl":"https:\/\/gymfactory.eu\/wp-content\/uploads\/2025\/11\/High-quality-W1X-handle-grips-for-gym-and-fitness-equipment.webp","datePublished":"2025-11-13T09:26:12+00:00","dateModified":"2025-11-19T11:22:57+00:00","description":"TPU ranken\u0173 pastorintojai su 50 mm diametru ir 28\u201334 mm vidine skyle, skirti geresniam sukibimui ir didesniam treniruot\u0117s komfortui.","breadcrumb":{"@id":"https:\/\/gymfactory.eu\/lt\/produktas\/w1x-rankenu-pastorintojai\/#breadcrumb"},"inLanguage":"lt-LT","potentialAction":[{"@type":"ReadAction","target":["https:\/\/gymfactory.eu\/lt\/produktas\/w1x-rankenu-pastorintojai\/"]}]},{"@type":"ImageObject","inLanguage":"lt-LT","@id":"https:\/\/gymfactory.eu\/lt\/produktas\/w1x-rankenu-pastorintojai\/#primaryimage","url":"https:\/\/gymfactory.eu\/wp-content\/uploads\/2025\/11\/High-quality-W1X-handle-grips-for-gym-and-fitness-equipment.webp","contentUrl":"https:\/\/gymfactory.eu\/wp-content\/uploads\/2025\/11\/High-quality-W1X-handle-grips-for-gym-and-fitness-equipment.webp","width":1500,"height":1500,"caption":"High-quality W1X handle grips for gym and fitness equipment"},{"@type":"BreadcrumbList","@id":"https:\/\/gymfactory.eu\/lt\/produktas\/w1x-rankenu-pastorintojai\/#breadcrumb","itemListElement":[{"@type":"ListItem","position":1,"name":"Pagrindinis","item":"https:\/\/gymfactory.eu\/lt\/"},{"@type":"ListItem","position":2,"name":"Katalogas","item":"https:\/\/gymfactory.eu\/lt\/katalogas\/"},{"@type":"ListItem","position":3,"name":"W1X Ranken\u0173 pastorintojai"}]},{"@type":"WebSite","@id":"https:\/\/gymfactory.eu\/lt\/#website","url":"https:\/\/gymfactory.eu\/lt\/","name":"Gym Factory","description":"","publisher":{"@id":"https:\/\/gymfactory.eu\/lt\/#organization"},"potentialAction":[{"@type":"SearchAction","target":{"@type":"EntryPoint","urlTemplate":"https:\/\/gymfactory.eu\/lt\/?s={search_term_string}"},"query-input":{"@type":"PropertyValueSpecification","valueRequired":true,"valueName":"search_term_string"}}],"inLanguage":"lt-LT"},{"@type":"Organization","@id":"https:\/\/gymfactory.eu\/lt\/#organization","name":"Sporto sal\u0117s gamykla","url":"https:\/\/gymfactory.eu\/lt\/","logo":{"@type":"ImageObject","inLanguage":"lt-LT","@id":"https:\/\/gymfactory.eu\/lt\/#\/schema\/logo\/image\/","url":"https:\/\/gymfactory.eu\/wp-content\/uploads\/2024\/11\/Component-1.svg","contentUrl":"https:\/\/gymfactory.eu\/wp-content\/uploads\/2024\/11\/Component-1.svg","width":54,"height":44,"caption":"Sporto sal\u0117s gamykla"},"image":{"@id":"https:\/\/gymfactory.eu\/lt\/#\/schema\/logo\/image\/"}}]}},"_links":{"self":[{"href":"https:\/\/gymfactory.eu\/lt\/wp-json\/wp\/v2\/product\/23343","targetHints":{"allow":["GET"]}}],"collection":[{"href":"https:\/\/gymfactory.eu\/lt\/wp-json\/wp\/v2\/product"}],"about":[{"href":"https:\/\/gymfactory.eu\/lt\/wp-json\/wp\/v2\/types\/product"}],"wp:featuredmedia":[{"embeddable":true,"href":"https:\/\/gymfactory.eu\/lt\/wp-json\/wp\/v2\/media\/20348"}],"wp:attachment":[{"href":"https:\/\/gymfactory.eu\/lt\/wp-json\/wp\/v2\/media?parent=23343"}],"wp:term":[{"taxonomy":"product_brand","embeddable":true,"href":"https:\/\/gymfactory.eu\/lt\/wp-json\/wp\/v2\/product_brand?post=23343"},{"taxonomy":"product_cat","embeddable":true,"href":"https:\/\/gymfactory.eu\/lt\/wp-json\/wp\/v2\/product_cat?post=23343"},{"taxonomy":"product_tag","embeddable":true,"href":"https:\/\/gymfactory.eu\/lt\/wp-json\/wp\/v2\/product_tag?post=23343"}],"curies":[{"name":"wp","href":"https:\/\/api.w.org\/{rel}","templated":true}]}}