{"id":20458,"date":"2025-11-05T14:40:58","date_gmt":"2025-11-05T12:40:58","guid":{"rendered":"https:\/\/gymfactory.eu\/product\/b5xp-squat-smith-machine\/"},"modified":"2025-11-20T14:00:46","modified_gmt":"2025-11-20T12:00:46","slug":"b5xp-pritupimu-smito-masina","status":"publish","type":"product","link":"https:\/\/gymfactory.eu\/lt\/produktas\/b5xp-pritupimu-smito-masina\/","title":{"rendered":"B5XP Smito treniruoklis"},"content":{"rendered":"<p>B5XP yra patobulinta klasikinio Smito versija, sukurta u\u017etikrinti saugesn\u012f, stabilesn\u012f ir patogesn\u012f apatini\u0173 k\u016bno dali\u0173 treniravim\u0105. Pe\u010di\u0173 pagalv\u0117l\u0117s i\u0161laiko sportuojant\u012f tvirtoje, nat\u016bralioje pozicijoje, suma\u017eina spaudim\u0105 kaklo srityje ir leid\u017eia patogiai atlikti gilesnius prit\u016bpimus.<\/p>\n<p>Treniruoklis turi automatin\u0119 atkabinimo funkcij\u0105 &#8211; pak\u0117lus svor\u012f, kabliai atsikabina patys, tod\u0117l pratim\u0105 prad\u0117ti lengva net dirbant su dideliais svoriais. O fiksavimo ranken\u0117l\u0117 leid\u017eia bet kuriame auk\u0161tyje greitai ir saugiai u\u017ekabinti svor\u012f.<\/p>\n<p>Priekyje sumontuotos papildomos atramin\u0117s rankenos, kurios suteikia stabilumo ir saugumo atliekant pratim\u0105., ypa\u010d dirbant su dideliais svoriais.<\/p>\n<p>Vir\u0161utin\u0117je konstrukcijos dalyje yra tvirtinimo ta\u0161kai pasiprie\u0161inimo gumoms. Gumos tempia svor\u012f \u012f vir\u0161\u0173, tod\u0117l prit\u016bpimo apa\u010dioje apkrova tampa \u0161iek tiek lengvesn\u0117, o judesys i\u0161lieka kontroliuotas visame diapazone.<\/p>\n<p>Ilgos ir stabilios pe\u010di\u0173 pagalv\u0117l\u0117s neleid\u017eia sportuojan\u010diajam slysti ir u\u017etikrina komfort\u0105 intensyvaus darbo metu.<\/p>\n<p>B5XP &#8211; tai patikimas pasirinkimas sporto klubams, ie\u0161kantiems profesionalaus, dideles apkrovas atlaikan\u010dio treniruoklio saugiems ir tiksliems prit\u016bpimams.<\/p>\n\n    <div class=\"xs_social_share_widget xs_share_url after_content \t\tmain_content  wslu-style-1 wslu-share-box-shaped wslu-fill-colored wslu-none wslu-share-horizontal wslu-theme-font-no wslu-main_content\">\n\n\t\t\n        <ul>\n\t\t\t        <\/ul>\n    <\/div> \n","protected":false},"excerpt":{"rendered":"<p>B5XP yra patobulinta klasikinio Smito versija, sukurta u\u017etikrinti saugesn\u012f, stabilesn\u012f ir patogesn\u012f apatini\u0173 k\u016bno dali\u0173 treniravim\u0105. Pe\u010di\u0173 pagalv\u0117l\u0117s i\u0161laiko sportuojant\u012f tvirtoje, nat\u016bralioje pozicijoje, suma\u017eina spaudim\u0105 kaklo srityje ir leid\u017eia patogiai atlikti gilesnius prit\u016bpimus. Treniruoklis turi automatin\u0119 atkabinimo funkcij\u0105 &#8211; pak\u0117lus svor\u012f, kabliai atsikabina patys, tod\u0117l pratim\u0105 prad\u0117ti lengva net dirbant su dideliais svoriais. O fiksavimo [&hellip;]<\/p>\n","protected":false},"featured_media":27791,"template":"","meta":{"_acf_changed":false},"product_brand":[],"product_cat":[421],"product_tag":[],"class_list":{"0":"post-20458","1":"product","2":"type-product","3":"status-publish","4":"has-post-thumbnail","6":"product_cat-laisvu-svoriu-treniruokliai","8":"first","9":"onbackorder","10":"taxable","11":"shipping-taxable","12":"purchasable","13":"product-type-variable"},"acf":[],"yoast_head":"<!-- This site is optimized with the Yoast SEO plugin v25.2 - https:\/\/yoast.com\/wordpress\/plugins\/seo\/ -->\n<title>B5XP Smito treniruoklis - Gym Factory<\/title>\n<meta name=\"description\" content=\"Patobulintas Smito stovas su pe\u010di\u0173 pagalv\u0117l\u0117mis, automatiniu atkabinimu, atramin\u0117mis rankenomis ir gum\u0173 tvirtinimu \u2013 saugiems, stabiliems prit\u016bpimams.\" \/>\n<meta name=\"robots\" content=\"index, follow, max-snippet:-1, max-image-preview:large, max-video-preview:-1\" \/>\n<link rel=\"canonical\" href=\"https:\/\/gymfactory.eu\/lt\/produktas\/b5xp-pritupimu-smito-masina\/\" \/>\n<meta property=\"og:locale\" content=\"lt_LT\" \/>\n<meta property=\"og:type\" content=\"article\" \/>\n<meta property=\"og:title\" content=\"B5XP Smito treniruoklis - Gym Factory\" \/>\n<meta property=\"og:description\" content=\"Patobulintas Smito stovas su pe\u010di\u0173 pagalv\u0117l\u0117mis, automatiniu atkabinimu, atramin\u0117mis rankenomis ir gum\u0173 tvirtinimu \u2013 saugiems, stabiliems prit\u016bpimams.\" \/>\n<meta property=\"og:url\" content=\"https:\/\/gymfactory.eu\/lt\/produktas\/b5xp-pritupimu-smito-masina\/\" \/>\n<meta property=\"og:site_name\" content=\"Gym Factory\" \/>\n<meta property=\"article:modified_time\" content=\"2025-11-20T12:00:46+00:00\" \/>\n<meta property=\"og:image\" content=\"https:\/\/gymfactory.eu\/wp-content\/uploads\/2025\/11\/Heavy-Duty-Smith-Machine-for-Squats-Commercial-Gym-Equipment.webp\" \/>\n\t<meta property=\"og:image:width\" content=\"1500\" \/>\n\t<meta property=\"og:image:height\" content=\"1500\" \/>\n\t<meta property=\"og:image:type\" content=\"image\/webp\" \/>\n<meta name=\"twitter:card\" content=\"summary_large_image\" \/>\n<meta name=\"twitter:label1\" content=\"Est. reading time\" \/>\n\t<meta name=\"twitter:data1\" content=\"1 minut\u0117\" \/>\n<script type=\"application\/ld+json\" class=\"yoast-schema-graph\">{\"@context\":\"https:\/\/schema.org\",\"@graph\":[{\"@type\":\"WebPage\",\"@id\":\"https:\/\/gymfactory.eu\/lt\/produktas\/b5xp-pritupimu-smito-masina\/\",\"url\":\"https:\/\/gymfactory.eu\/lt\/produktas\/b5xp-pritupimu-smito-masina\/\",\"name\":\"B5XP Smito treniruoklis - Gym Factory\",\"isPartOf\":{\"@id\":\"https:\/\/gymfactory.eu\/lt\/#website\"},\"primaryImageOfPage\":{\"@id\":\"https:\/\/gymfactory.eu\/lt\/produktas\/b5xp-pritupimu-smito-masina\/#primaryimage\"},\"image\":{\"@id\":\"https:\/\/gymfactory.eu\/lt\/produktas\/b5xp-pritupimu-smito-masina\/#primaryimage\"},\"thumbnailUrl\":\"https:\/\/gymfactory.eu\/wp-content\/uploads\/2025\/11\/B5XP-1.webp\",\"datePublished\":\"2025-11-05T12:40:58+00:00\",\"dateModified\":\"2025-11-20T12:00:46+00:00\",\"description\":\"Patobulintas Smito stovas su pe\u010di\u0173 pagalv\u0117l\u0117mis, automatiniu atkabinimu, atramin\u0117mis rankenomis ir gum\u0173 tvirtinimu \u2013 saugiems, stabiliems prit\u016bpimams.\",\"breadcrumb\":{\"@id\":\"https:\/\/gymfactory.eu\/lt\/produktas\/b5xp-pritupimu-smito-masina\/#breadcrumb\"},\"inLanguage\":\"lt-LT\",\"potentialAction\":[{\"@type\":\"ReadAction\",\"target\":[\"https:\/\/gymfactory.eu\/lt\/produktas\/b5xp-pritupimu-smito-masina\/\"]}]},{\"@type\":\"ImageObject\",\"inLanguage\":\"lt-LT\",\"@id\":\"https:\/\/gymfactory.eu\/lt\/produktas\/b5xp-pritupimu-smito-masina\/#primaryimage\",\"url\":\"https:\/\/gymfactory.eu\/wp-content\/uploads\/2025\/11\/B5XP-1.webp\",\"contentUrl\":\"https:\/\/gymfactory.eu\/wp-content\/uploads\/2025\/11\/B5XP-1.webp\",\"width\":1500,\"height\":1500,\"caption\":\"Smith Squat Machine B5XP commercial gym strength equipment\"},{\"@type\":\"BreadcrumbList\",\"@id\":\"https:\/\/gymfactory.eu\/lt\/produktas\/b5xp-pritupimu-smito-masina\/#breadcrumb\",\"itemListElement\":[{\"@type\":\"ListItem\",\"position\":1,\"name\":\"Pagrindinis\",\"item\":\"https:\/\/gymfactory.eu\/lt\/\"},{\"@type\":\"ListItem\",\"position\":2,\"name\":\"Katalogas\",\"item\":\"https:\/\/gymfactory.eu\/lt\/katalogas\/\"},{\"@type\":\"ListItem\",\"position\":3,\"name\":\"B5XP Smito treniruoklis\"}]},{\"@type\":\"WebSite\",\"@id\":\"https:\/\/gymfactory.eu\/lt\/#website\",\"url\":\"https:\/\/gymfactory.eu\/lt\/\",\"name\":\"Gym Factory\",\"description\":\"\",\"publisher\":{\"@id\":\"https:\/\/gymfactory.eu\/lt\/#organization\"},\"potentialAction\":[{\"@type\":\"SearchAction\",\"target\":{\"@type\":\"EntryPoint\",\"urlTemplate\":\"https:\/\/gymfactory.eu\/lt\/?s={search_term_string}\"},\"query-input\":{\"@type\":\"PropertyValueSpecification\",\"valueRequired\":true,\"valueName\":\"search_term_string\"}}],\"inLanguage\":\"lt-LT\"},{\"@type\":\"Organization\",\"@id\":\"https:\/\/gymfactory.eu\/lt\/#organization\",\"name\":\"Sporto sal\u0117s gamykla\",\"url\":\"https:\/\/gymfactory.eu\/lt\/\",\"logo\":{\"@type\":\"ImageObject\",\"inLanguage\":\"lt-LT\",\"@id\":\"https:\/\/gymfactory.eu\/lt\/#\/schema\/logo\/image\/\",\"url\":\"https:\/\/gymfactory.eu\/wp-content\/uploads\/2024\/11\/Component-1.svg\",\"contentUrl\":\"https:\/\/gymfactory.eu\/wp-content\/uploads\/2024\/11\/Component-1.svg\",\"width\":54,\"height\":44,\"caption\":\"Sporto sal\u0117s gamykla\"},\"image\":{\"@id\":\"https:\/\/gymfactory.eu\/lt\/#\/schema\/logo\/image\/\"}}]}<\/script>\n<!-- \/ Yoast SEO plugin. -->","yoast_head_json":{"title":"B5XP Smito treniruoklis - Gym Factory","description":"Patobulintas Smito stovas su pe\u010di\u0173 pagalv\u0117l\u0117mis, automatiniu atkabinimu, atramin\u0117mis rankenomis ir gum\u0173 tvirtinimu \u2013 saugiems, stabiliems prit\u016bpimams.","robots":{"index":"index","follow":"follow","max-snippet":"max-snippet:-1","max-image-preview":"max-image-preview:large","max-video-preview":"max-video-preview:-1"},"canonical":"https:\/\/gymfactory.eu\/lt\/produktas\/b5xp-pritupimu-smito-masina\/","og_locale":"lt_LT","og_type":"article","og_title":"B5XP Smito treniruoklis - Gym Factory","og_description":"Patobulintas Smito stovas su pe\u010di\u0173 pagalv\u0117l\u0117mis, automatiniu atkabinimu, atramin\u0117mis rankenomis ir gum\u0173 tvirtinimu \u2013 saugiems, stabiliems prit\u016bpimams.","og_url":"https:\/\/gymfactory.eu\/lt\/produktas\/b5xp-pritupimu-smito-masina\/","og_site_name":"Gym Factory","article_modified_time":"2025-11-20T12:00:46+00:00","og_image":[{"width":1500,"height":1500,"url":"https:\/\/gymfactory.eu\/wp-content\/uploads\/2025\/11\/Heavy-Duty-Smith-Machine-for-Squats-Commercial-Gym-Equipment.webp","type":"image\/webp"}],"twitter_card":"summary_large_image","twitter_misc":{"Est. reading time":"1 minut\u0117"},"schema":{"@context":"https:\/\/schema.org","@graph":[{"@type":"WebPage","@id":"https:\/\/gymfactory.eu\/lt\/produktas\/b5xp-pritupimu-smito-masina\/","url":"https:\/\/gymfactory.eu\/lt\/produktas\/b5xp-pritupimu-smito-masina\/","name":"B5XP Smito treniruoklis - Gym Factory","isPartOf":{"@id":"https:\/\/gymfactory.eu\/lt\/#website"},"primaryImageOfPage":{"@id":"https:\/\/gymfactory.eu\/lt\/produktas\/b5xp-pritupimu-smito-masina\/#primaryimage"},"image":{"@id":"https:\/\/gymfactory.eu\/lt\/produktas\/b5xp-pritupimu-smito-masina\/#primaryimage"},"thumbnailUrl":"https:\/\/gymfactory.eu\/wp-content\/uploads\/2025\/11\/B5XP-1.webp","datePublished":"2025-11-05T12:40:58+00:00","dateModified":"2025-11-20T12:00:46+00:00","description":"Patobulintas Smito stovas su pe\u010di\u0173 pagalv\u0117l\u0117mis, automatiniu atkabinimu, atramin\u0117mis rankenomis ir gum\u0173 tvirtinimu \u2013 saugiems, stabiliems prit\u016bpimams.","breadcrumb":{"@id":"https:\/\/gymfactory.eu\/lt\/produktas\/b5xp-pritupimu-smito-masina\/#breadcrumb"},"inLanguage":"lt-LT","potentialAction":[{"@type":"ReadAction","target":["https:\/\/gymfactory.eu\/lt\/produktas\/b5xp-pritupimu-smito-masina\/"]}]},{"@type":"ImageObject","inLanguage":"lt-LT","@id":"https:\/\/gymfactory.eu\/lt\/produktas\/b5xp-pritupimu-smito-masina\/#primaryimage","url":"https:\/\/gymfactory.eu\/wp-content\/uploads\/2025\/11\/B5XP-1.webp","contentUrl":"https:\/\/gymfactory.eu\/wp-content\/uploads\/2025\/11\/B5XP-1.webp","width":1500,"height":1500,"caption":"Smith Squat Machine B5XP commercial gym strength equipment"},{"@type":"BreadcrumbList","@id":"https:\/\/gymfactory.eu\/lt\/produktas\/b5xp-pritupimu-smito-masina\/#breadcrumb","itemListElement":[{"@type":"ListItem","position":1,"name":"Pagrindinis","item":"https:\/\/gymfactory.eu\/lt\/"},{"@type":"ListItem","position":2,"name":"Katalogas","item":"https:\/\/gymfactory.eu\/lt\/katalogas\/"},{"@type":"ListItem","position":3,"name":"B5XP Smito treniruoklis"}]},{"@type":"WebSite","@id":"https:\/\/gymfactory.eu\/lt\/#website","url":"https:\/\/gymfactory.eu\/lt\/","name":"Gym Factory","description":"","publisher":{"@id":"https:\/\/gymfactory.eu\/lt\/#organization"},"potentialAction":[{"@type":"SearchAction","target":{"@type":"EntryPoint","urlTemplate":"https:\/\/gymfactory.eu\/lt\/?s={search_term_string}"},"query-input":{"@type":"PropertyValueSpecification","valueRequired":true,"valueName":"search_term_string"}}],"inLanguage":"lt-LT"},{"@type":"Organization","@id":"https:\/\/gymfactory.eu\/lt\/#organization","name":"Sporto sal\u0117s gamykla","url":"https:\/\/gymfactory.eu\/lt\/","logo":{"@type":"ImageObject","inLanguage":"lt-LT","@id":"https:\/\/gymfactory.eu\/lt\/#\/schema\/logo\/image\/","url":"https:\/\/gymfactory.eu\/wp-content\/uploads\/2024\/11\/Component-1.svg","contentUrl":"https:\/\/gymfactory.eu\/wp-content\/uploads\/2024\/11\/Component-1.svg","width":54,"height":44,"caption":"Sporto sal\u0117s gamykla"},"image":{"@id":"https:\/\/gymfactory.eu\/lt\/#\/schema\/logo\/image\/"}}]}},"_links":{"self":[{"href":"https:\/\/gymfactory.eu\/lt\/wp-json\/wp\/v2\/product\/20458","targetHints":{"allow":["GET"]}}],"collection":[{"href":"https:\/\/gymfactory.eu\/lt\/wp-json\/wp\/v2\/product"}],"about":[{"href":"https:\/\/gymfactory.eu\/lt\/wp-json\/wp\/v2\/types\/product"}],"wp:featuredmedia":[{"embeddable":true,"href":"https:\/\/gymfactory.eu\/lt\/wp-json\/wp\/v2\/media\/27791"}],"wp:attachment":[{"href":"https:\/\/gymfactory.eu\/lt\/wp-json\/wp\/v2\/media?parent=20458"}],"wp:term":[{"taxonomy":"product_brand","embeddable":true,"href":"https:\/\/gymfactory.eu\/lt\/wp-json\/wp\/v2\/product_brand?post=20458"},{"taxonomy":"product_cat","embeddable":true,"href":"https:\/\/gymfactory.eu\/lt\/wp-json\/wp\/v2\/product_cat?post=20458"},{"taxonomy":"product_tag","embeddable":true,"href":"https:\/\/gymfactory.eu\/lt\/wp-json\/wp\/v2\/product_tag?post=20458"}],"curies":[{"name":"wp","href":"https:\/\/api.w.org\/{rel}","templated":true}]}}