{"id":13054,"date":"2025-09-26T13:50:08","date_gmt":"2025-09-26T10:50:08","guid":{"rendered":"https:\/\/gymfactory.eu\/product\/xx2-counterweight-attachment\/"},"modified":"2025-09-26T14:15:51","modified_gmt":"2025-09-26T11:15:51","slug":"xx2-counterweight-attachment","status":"publish","type":"product","link":"https:\/\/gymfactory.eu\/lt\/produktas\/xx2-counterweight-attachment\/","title":{"rendered":"XX2 Atsvaros priedas B5x treniruokliui"},"content":{"rendered":"<p>XX2 \u2013 tai specialus priedas, skirtas B5x Smito treniruokliui. Jis subalansuoja \u0161tangos svor\u012f ir sukuria \u201enulio\u201c pradin\u0119 apkrov\u0105. Tai itin naudinga pradedantiesiems, kurie mokosi taisyklingos technikos, o pa\u017eengusiems sportininkams suteikia galimyb\u0119 tiksliau kontroliuoti apkrov\u0105.<\/p>\n<p>Prijungus XX2 prie <a href=\"https:\/\/gymfactory.eu\/lt\/produktas\/b5x-smitho-masina\/\" target=\"_blank\" rel=\"noopener\">B5x treniruoklio<\/a>, jis tampa <a href=\"https:\/\/gymfactory.eu\/lt\/produktas\/b5xx2-smith-machine\/\" target=\"_blank\" rel=\"noopener\">B5x2 modeliu<\/a> \u2013 pilnai funkcionaliu Smito treniruokliu su atsvaros sistema.<\/p>\n\n    <div class=\"xs_social_share_widget xs_share_url after_content \t\tmain_content  wslu-style-1 wslu-share-box-shaped wslu-fill-colored wslu-none wslu-share-horizontal wslu-theme-font-no wslu-main_content\">\n\n\t\t\n        <ul>\n\t\t\t        <\/ul>\n    <\/div> \n","protected":false},"excerpt":{"rendered":"<p>XX2 \u2013 tai specialus priedas, skirtas B5x Smito treniruokliui. Jis subalansuoja \u0161tangos svor\u012f ir sukuria \u201enulio\u201c pradin\u0119 apkrov\u0105. Tai itin naudinga pradedantiesiems, kurie mokosi taisyklingos technikos, o pa\u017eengusiems sportininkams suteikia galimyb\u0119 tiksliau kontroliuoti apkrov\u0105. Prijungus XX2 prie B5x treniruoklio, jis tampa B5x2 modeliu \u2013 pilnai funkcionaliu Smito treniruokliu su atsvaros sistema.<\/p>\n","protected":false},"featured_media":24793,"template":"","meta":{"_acf_changed":false},"product_brand":[],"product_cat":[418],"product_tag":[415],"class_list":{"0":"post-13054","1":"product","2":"type-product","3":"status-publish","4":"has-post-thumbnail","6":"product_cat-treniruokliu-priedai","7":"product_tag-spalva-tik-metaline","9":"first","10":"onbackorder","11":"taxable","12":"shipping-taxable","13":"purchasable","14":"product-type-variable"},"acf":[],"yoast_head":"<!-- This site is optimized with the Yoast SEO plugin v25.2 - https:\/\/yoast.com\/wordpress\/plugins\/seo\/ -->\n<title>XX2 Atsvaros priedas B5x treniruokliui - Gym Factory<\/title>\n<meta name=\"robots\" content=\"index, follow, max-snippet:-1, max-image-preview:large, max-video-preview:-1\" \/>\n<link rel=\"canonical\" href=\"https:\/\/gymfactory.eu\/lt\/produktas\/xx2-counterweight-attachment\/\" \/>\n<meta property=\"og:locale\" content=\"lt_LT\" \/>\n<meta property=\"og:type\" content=\"article\" \/>\n<meta property=\"og:title\" content=\"XX2 Atsvaros priedas B5x treniruokliui - Gym Factory\" \/>\n<meta property=\"og:description\" content=\"XX2 \u2013 tai specialus priedas, skirtas B5x Smito treniruokliui. Jis subalansuoja \u0161tangos svor\u012f ir sukuria \u201enulio\u201c pradin\u0119 apkrov\u0105. Tai itin naudinga pradedantiesiems, kurie mokosi taisyklingos technikos, o pa\u017eengusiems sportininkams suteikia galimyb\u0119 tiksliau kontroliuoti apkrov\u0105. Prijungus XX2 prie B5x treniruoklio, jis tampa B5x2 modeliu \u2013 pilnai funkcionaliu Smito treniruokliu su atsvaros sistema.\" \/>\n<meta property=\"og:url\" content=\"https:\/\/gymfactory.eu\/lt\/produktas\/xx2-counterweight-attachment\/\" \/>\n<meta property=\"og:site_name\" content=\"Gym Factory\" \/>\n<meta property=\"article:modified_time\" content=\"2025-09-26T11:15:51+00:00\" \/>\n<meta property=\"og:image\" content=\"https:\/\/gymfactory.eu\/wp-content\/uploads\/2025\/09\/side-picture-of-B5XX-gym-machine-with-part-1.webp\" \/>\n\t<meta property=\"og:image:width\" content=\"1500\" \/>\n\t<meta property=\"og:image:height\" content=\"1500\" \/>\n\t<meta property=\"og:image:type\" content=\"image\/webp\" \/>\n<meta name=\"twitter:card\" content=\"summary_large_image\" \/>\n<meta name=\"twitter:label1\" content=\"Est. reading time\" \/>\n\t<meta name=\"twitter:data1\" content=\"1 minut\u0117\" \/>\n<script type=\"application\/ld+json\" class=\"yoast-schema-graph\">{\"@context\":\"https:\/\/schema.org\",\"@graph\":[{\"@type\":\"WebPage\",\"@id\":\"https:\/\/gymfactory.eu\/lt\/produktas\/xx2-counterweight-attachment\/\",\"url\":\"https:\/\/gymfactory.eu\/lt\/produktas\/xx2-counterweight-attachment\/\",\"name\":\"XX2 Atsvaros priedas B5x treniruokliui - Gym Factory\",\"isPartOf\":{\"@id\":\"https:\/\/gymfactory.eu\/lt\/#website\"},\"primaryImageOfPage\":{\"@id\":\"https:\/\/gymfactory.eu\/lt\/produktas\/xx2-counterweight-attachment\/#primaryimage\"},\"image\":{\"@id\":\"https:\/\/gymfactory.eu\/lt\/produktas\/xx2-counterweight-attachment\/#primaryimage\"},\"thumbnailUrl\":\"https:\/\/gymfactory.eu\/wp-content\/uploads\/2025\/09\/side-picture-of-B5XX-gym-machine-with-part-.webp\",\"datePublished\":\"2025-09-26T10:50:08+00:00\",\"dateModified\":\"2025-09-26T11:15:51+00:00\",\"breadcrumb\":{\"@id\":\"https:\/\/gymfactory.eu\/lt\/produktas\/xx2-counterweight-attachment\/#breadcrumb\"},\"inLanguage\":\"lt-LT\",\"potentialAction\":[{\"@type\":\"ReadAction\",\"target\":[\"https:\/\/gymfactory.eu\/lt\/produktas\/xx2-counterweight-attachment\/\"]}]},{\"@type\":\"ImageObject\",\"inLanguage\":\"lt-LT\",\"@id\":\"https:\/\/gymfactory.eu\/lt\/produktas\/xx2-counterweight-attachment\/#primaryimage\",\"url\":\"https:\/\/gymfactory.eu\/wp-content\/uploads\/2025\/09\/side-picture-of-B5XX-gym-machine-with-part-.webp\",\"contentUrl\":\"https:\/\/gymfactory.eu\/wp-content\/uploads\/2025\/09\/side-picture-of-B5XX-gym-machine-with-part-.webp\",\"width\":1500,\"height\":1500},{\"@type\":\"BreadcrumbList\",\"@id\":\"https:\/\/gymfactory.eu\/lt\/produktas\/xx2-counterweight-attachment\/#breadcrumb\",\"itemListElement\":[{\"@type\":\"ListItem\",\"position\":1,\"name\":\"Pagrindinis\",\"item\":\"https:\/\/gymfactory.eu\/lt\/\"},{\"@type\":\"ListItem\",\"position\":2,\"name\":\"Katalogas\",\"item\":\"https:\/\/gymfactory.eu\/lt\/katalogas\/\"},{\"@type\":\"ListItem\",\"position\":3,\"name\":\"XX2 Atsvaros priedas B5x treniruokliui\"}]},{\"@type\":\"WebSite\",\"@id\":\"https:\/\/gymfactory.eu\/lt\/#website\",\"url\":\"https:\/\/gymfactory.eu\/lt\/\",\"name\":\"Gym Factory\",\"description\":\"\",\"publisher\":{\"@id\":\"https:\/\/gymfactory.eu\/lt\/#organization\"},\"potentialAction\":[{\"@type\":\"SearchAction\",\"target\":{\"@type\":\"EntryPoint\",\"urlTemplate\":\"https:\/\/gymfactory.eu\/lt\/?s={search_term_string}\"},\"query-input\":{\"@type\":\"PropertyValueSpecification\",\"valueRequired\":true,\"valueName\":\"search_term_string\"}}],\"inLanguage\":\"lt-LT\"},{\"@type\":\"Organization\",\"@id\":\"https:\/\/gymfactory.eu\/lt\/#organization\",\"name\":\"Sporto sal\u0117s gamykla\",\"url\":\"https:\/\/gymfactory.eu\/lt\/\",\"logo\":{\"@type\":\"ImageObject\",\"inLanguage\":\"lt-LT\",\"@id\":\"https:\/\/gymfactory.eu\/lt\/#\/schema\/logo\/image\/\",\"url\":\"https:\/\/gymfactory.eu\/wp-content\/uploads\/2024\/11\/Component-1.svg\",\"contentUrl\":\"https:\/\/gymfactory.eu\/wp-content\/uploads\/2024\/11\/Component-1.svg\",\"width\":54,\"height\":44,\"caption\":\"Sporto sal\u0117s gamykla\"},\"image\":{\"@id\":\"https:\/\/gymfactory.eu\/lt\/#\/schema\/logo\/image\/\"}}]}<\/script>\n<!-- \/ Yoast SEO plugin. -->","yoast_head_json":{"title":"XX2 Atsvaros priedas B5x treniruokliui - Gym Factory","robots":{"index":"index","follow":"follow","max-snippet":"max-snippet:-1","max-image-preview":"max-image-preview:large","max-video-preview":"max-video-preview:-1"},"canonical":"https:\/\/gymfactory.eu\/lt\/produktas\/xx2-counterweight-attachment\/","og_locale":"lt_LT","og_type":"article","og_title":"XX2 Atsvaros priedas B5x treniruokliui - Gym Factory","og_description":"XX2 \u2013 tai specialus priedas, skirtas B5x Smito treniruokliui. Jis subalansuoja \u0161tangos svor\u012f ir sukuria \u201enulio\u201c pradin\u0119 apkrov\u0105. Tai itin naudinga pradedantiesiems, kurie mokosi taisyklingos technikos, o pa\u017eengusiems sportininkams suteikia galimyb\u0119 tiksliau kontroliuoti apkrov\u0105. Prijungus XX2 prie B5x treniruoklio, jis tampa B5x2 modeliu \u2013 pilnai funkcionaliu Smito treniruokliu su atsvaros sistema.","og_url":"https:\/\/gymfactory.eu\/lt\/produktas\/xx2-counterweight-attachment\/","og_site_name":"Gym Factory","article_modified_time":"2025-09-26T11:15:51+00:00","og_image":[{"width":1500,"height":1500,"url":"https:\/\/gymfactory.eu\/wp-content\/uploads\/2025\/09\/side-picture-of-B5XX-gym-machine-with-part-1.webp","type":"image\/webp"}],"twitter_card":"summary_large_image","twitter_misc":{"Est. reading time":"1 minut\u0117"},"schema":{"@context":"https:\/\/schema.org","@graph":[{"@type":"WebPage","@id":"https:\/\/gymfactory.eu\/lt\/produktas\/xx2-counterweight-attachment\/","url":"https:\/\/gymfactory.eu\/lt\/produktas\/xx2-counterweight-attachment\/","name":"XX2 Atsvaros priedas B5x treniruokliui - Gym Factory","isPartOf":{"@id":"https:\/\/gymfactory.eu\/lt\/#website"},"primaryImageOfPage":{"@id":"https:\/\/gymfactory.eu\/lt\/produktas\/xx2-counterweight-attachment\/#primaryimage"},"image":{"@id":"https:\/\/gymfactory.eu\/lt\/produktas\/xx2-counterweight-attachment\/#primaryimage"},"thumbnailUrl":"https:\/\/gymfactory.eu\/wp-content\/uploads\/2025\/09\/side-picture-of-B5XX-gym-machine-with-part-.webp","datePublished":"2025-09-26T10:50:08+00:00","dateModified":"2025-09-26T11:15:51+00:00","breadcrumb":{"@id":"https:\/\/gymfactory.eu\/lt\/produktas\/xx2-counterweight-attachment\/#breadcrumb"},"inLanguage":"lt-LT","potentialAction":[{"@type":"ReadAction","target":["https:\/\/gymfactory.eu\/lt\/produktas\/xx2-counterweight-attachment\/"]}]},{"@type":"ImageObject","inLanguage":"lt-LT","@id":"https:\/\/gymfactory.eu\/lt\/produktas\/xx2-counterweight-attachment\/#primaryimage","url":"https:\/\/gymfactory.eu\/wp-content\/uploads\/2025\/09\/side-picture-of-B5XX-gym-machine-with-part-.webp","contentUrl":"https:\/\/gymfactory.eu\/wp-content\/uploads\/2025\/09\/side-picture-of-B5XX-gym-machine-with-part-.webp","width":1500,"height":1500},{"@type":"BreadcrumbList","@id":"https:\/\/gymfactory.eu\/lt\/produktas\/xx2-counterweight-attachment\/#breadcrumb","itemListElement":[{"@type":"ListItem","position":1,"name":"Pagrindinis","item":"https:\/\/gymfactory.eu\/lt\/"},{"@type":"ListItem","position":2,"name":"Katalogas","item":"https:\/\/gymfactory.eu\/lt\/katalogas\/"},{"@type":"ListItem","position":3,"name":"XX2 Atsvaros priedas B5x treniruokliui"}]},{"@type":"WebSite","@id":"https:\/\/gymfactory.eu\/lt\/#website","url":"https:\/\/gymfactory.eu\/lt\/","name":"Gym Factory","description":"","publisher":{"@id":"https:\/\/gymfactory.eu\/lt\/#organization"},"potentialAction":[{"@type":"SearchAction","target":{"@type":"EntryPoint","urlTemplate":"https:\/\/gymfactory.eu\/lt\/?s={search_term_string}"},"query-input":{"@type":"PropertyValueSpecification","valueRequired":true,"valueName":"search_term_string"}}],"inLanguage":"lt-LT"},{"@type":"Organization","@id":"https:\/\/gymfactory.eu\/lt\/#organization","name":"Sporto sal\u0117s gamykla","url":"https:\/\/gymfactory.eu\/lt\/","logo":{"@type":"ImageObject","inLanguage":"lt-LT","@id":"https:\/\/gymfactory.eu\/lt\/#\/schema\/logo\/image\/","url":"https:\/\/gymfactory.eu\/wp-content\/uploads\/2024\/11\/Component-1.svg","contentUrl":"https:\/\/gymfactory.eu\/wp-content\/uploads\/2024\/11\/Component-1.svg","width":54,"height":44,"caption":"Sporto sal\u0117s gamykla"},"image":{"@id":"https:\/\/gymfactory.eu\/lt\/#\/schema\/logo\/image\/"}}]}},"_links":{"self":[{"href":"https:\/\/gymfactory.eu\/lt\/wp-json\/wp\/v2\/product\/13054","targetHints":{"allow":["GET"]}}],"collection":[{"href":"https:\/\/gymfactory.eu\/lt\/wp-json\/wp\/v2\/product"}],"about":[{"href":"https:\/\/gymfactory.eu\/lt\/wp-json\/wp\/v2\/types\/product"}],"wp:featuredmedia":[{"embeddable":true,"href":"https:\/\/gymfactory.eu\/lt\/wp-json\/wp\/v2\/media\/24793"}],"wp:attachment":[{"href":"https:\/\/gymfactory.eu\/lt\/wp-json\/wp\/v2\/media?parent=13054"}],"wp:term":[{"taxonomy":"product_brand","embeddable":true,"href":"https:\/\/gymfactory.eu\/lt\/wp-json\/wp\/v2\/product_brand?post=13054"},{"taxonomy":"product_cat","embeddable":true,"href":"https:\/\/gymfactory.eu\/lt\/wp-json\/wp\/v2\/product_cat?post=13054"},{"taxonomy":"product_tag","embeddable":true,"href":"https:\/\/gymfactory.eu\/lt\/wp-json\/wp\/v2\/product_tag?post=13054"}],"curies":[{"name":"wp","href":"https:\/\/api.w.org\/{rel}","templated":true}]}}