{"id":12727,"date":"2025-09-10T11:36:55","date_gmt":"2025-09-10T08:36:55","guid":{"rendered":"https:\/\/gymfactory.eu\/product\/mz10x-ploksciu-stovas\/"},"modified":"2025-09-12T14:34:36","modified_gmt":"2025-09-12T11:34:36","slug":"mz10x-ploksciu-stovas","status":"publish","type":"product","link":"https:\/\/gymfactory.eu\/lt\/produktas\/mz10x-ploksciu-stovas\/","title":{"rendered":"mZ10x Mini plastikinis laisvai pastatomas disk\u0173 stovas"},"content":{"rendered":"<p>mZ10X mini plastikinis laisvai pastatomas disk\u0173 stovas yra kompakti\u0161kas modelis, skirtas kolekcininkams, fitneso entuziastams ir miniati\u016br\u0173 m\u0117g\u0117jams. Jis turi raudon\u0105 r\u0117m\u0105 ir juodas l\u0117k\u0161tes.<\/p>\n<p>\u0160is treniruokli\u0173 sal\u0117s priedas tinka bet kokiai mini treniruokli\u0173 salei ar stendui. Taip pat tinka kaip ma\u017ea temin\u0117 dovana tiems, kurie domisi fitnesu ar sporto sal\u0117s dizainu.<\/p>\n\n    <div class=\"xs_social_share_widget xs_share_url after_content \t\tmain_content  wslu-style-1 wslu-share-box-shaped wslu-fill-colored wslu-none wslu-share-horizontal wslu-theme-font-no wslu-main_content\">\n\n\t\t\n        <ul>\n\t\t\t        <\/ul>\n    <\/div> \n","protected":false},"excerpt":{"rendered":"<p>mZ10X mini plastikinis laisvai pastatomas disk\u0173 stovas yra kompakti\u0161kas modelis, skirtas kolekcininkams, fitneso entuziastams ir miniati\u016br\u0173 m\u0117g\u0117jams. Jis turi raudon\u0105 r\u0117m\u0105 ir juodas l\u0117k\u0161tes. \u0160is treniruokli\u0173 sal\u0117s priedas tinka bet kokiai mini treniruokli\u0173 salei ar stendui. Taip pat tinka kaip ma\u017ea temin\u0117 dovana tiems, kurie domisi fitnesu ar sporto sal\u0117s dizainu.<\/p>\n","protected":false},"featured_media":12599,"template":"","meta":{"_acf_changed":false},"product_brand":[],"product_cat":[471],"product_tag":[393],"class_list":{"0":"post-12727","1":"product","2":"type-product","3":"status-publish","4":"has-post-thumbnail","6":"product_cat-trofejai","7":"product_tag-spalva-nera-spalvu","9":"first","10":"instock","11":"taxable","12":"shipping-taxable","13":"purchasable","14":"product-type-simple"},"acf":[],"yoast_head":"<!-- This site is optimized with the Yoast SEO plugin v25.2 - https:\/\/yoast.com\/wordpress\/plugins\/seo\/ -->\n<title>mZ10x Mini plastikinis laisvai pastatomas disk\u0173 stovas - Gym Factory<\/title>\n<meta name=\"robots\" content=\"index, follow, max-snippet:-1, max-image-preview:large, max-video-preview:-1\" \/>\n<link rel=\"canonical\" href=\"https:\/\/gymfactory.eu\/lt\/produktas\/mz10x-ploksciu-stovas\/\" \/>\n<meta property=\"og:locale\" content=\"lt_LT\" \/>\n<meta property=\"og:type\" content=\"article\" \/>\n<meta property=\"og:title\" content=\"mZ10x Mini plastikinis laisvai pastatomas disk\u0173 stovas - Gym Factory\" \/>\n<meta property=\"og:description\" content=\"mZ10X mini plastikinis laisvai pastatomas disk\u0173 stovas yra kompakti\u0161kas modelis, skirtas kolekcininkams, fitneso entuziastams ir miniati\u016br\u0173 m\u0117g\u0117jams. Jis turi raudon\u0105 r\u0117m\u0105 ir juodas l\u0117k\u0161tes. \u0160is treniruokli\u0173 sal\u0117s priedas tinka bet kokiai mini treniruokli\u0173 salei ar stendui. Taip pat tinka kaip ma\u017ea temin\u0117 dovana tiems, kurie domisi fitnesu ar sporto sal\u0117s dizainu.\" \/>\n<meta property=\"og:url\" content=\"https:\/\/gymfactory.eu\/lt\/produktas\/mz10x-ploksciu-stovas\/\" \/>\n<meta property=\"og:site_name\" content=\"Gym Factory\" \/>\n<meta property=\"article:modified_time\" content=\"2025-09-12T11:34:36+00:00\" \/>\n<meta property=\"og:image\" content=\"https:\/\/gymfactory.eu\/wp-content\/uploads\/2025\/09\/mini-gym-Z10x-Plate-Rack.webp\" \/>\n\t<meta property=\"og:image:width\" content=\"1500\" \/>\n\t<meta property=\"og:image:height\" content=\"1500\" \/>\n\t<meta property=\"og:image:type\" content=\"image\/webp\" \/>\n<meta name=\"twitter:card\" content=\"summary_large_image\" \/>\n<meta name=\"twitter:label1\" content=\"Est. reading time\" \/>\n\t<meta name=\"twitter:data1\" content=\"1 minut\u0117\" \/>\n<script type=\"application\/ld+json\" class=\"yoast-schema-graph\">{\"@context\":\"https:\/\/schema.org\",\"@graph\":[{\"@type\":\"WebPage\",\"@id\":\"https:\/\/gymfactory.eu\/lt\/produktas\/mz10x-ploksciu-stovas\/\",\"url\":\"https:\/\/gymfactory.eu\/lt\/produktas\/mz10x-ploksciu-stovas\/\",\"name\":\"mZ10x Mini plastikinis laisvai pastatomas disk\u0173 stovas - Gym Factory\",\"isPartOf\":{\"@id\":\"https:\/\/gymfactory.eu\/lt\/#website\"},\"primaryImageOfPage\":{\"@id\":\"https:\/\/gymfactory.eu\/lt\/produktas\/mz10x-ploksciu-stovas\/#primaryimage\"},\"image\":{\"@id\":\"https:\/\/gymfactory.eu\/lt\/produktas\/mz10x-ploksciu-stovas\/#primaryimage\"},\"thumbnailUrl\":\"https:\/\/gymfactory.eu\/wp-content\/uploads\/2025\/09\/mini-gym-Z10x-Plate-Rack.webp\",\"datePublished\":\"2025-09-10T08:36:55+00:00\",\"dateModified\":\"2025-09-12T11:34:36+00:00\",\"breadcrumb\":{\"@id\":\"https:\/\/gymfactory.eu\/lt\/produktas\/mz10x-ploksciu-stovas\/#breadcrumb\"},\"inLanguage\":\"lt-LT\",\"potentialAction\":[{\"@type\":\"ReadAction\",\"target\":[\"https:\/\/gymfactory.eu\/lt\/produktas\/mz10x-ploksciu-stovas\/\"]}]},{\"@type\":\"ImageObject\",\"inLanguage\":\"lt-LT\",\"@id\":\"https:\/\/gymfactory.eu\/lt\/produktas\/mz10x-ploksciu-stovas\/#primaryimage\",\"url\":\"https:\/\/gymfactory.eu\/wp-content\/uploads\/2025\/09\/mini-gym-Z10x-Plate-Rack.webp\",\"contentUrl\":\"https:\/\/gymfactory.eu\/wp-content\/uploads\/2025\/09\/mini-gym-Z10x-Plate-Rack.webp\",\"width\":1500,\"height\":1500},{\"@type\":\"BreadcrumbList\",\"@id\":\"https:\/\/gymfactory.eu\/lt\/produktas\/mz10x-ploksciu-stovas\/#breadcrumb\",\"itemListElement\":[{\"@type\":\"ListItem\",\"position\":1,\"name\":\"Pagrindinis\",\"item\":\"https:\/\/gymfactory.eu\/lt\/\"},{\"@type\":\"ListItem\",\"position\":2,\"name\":\"Katalogas\",\"item\":\"https:\/\/gymfactory.eu\/lt\/katalogas\/\"},{\"@type\":\"ListItem\",\"position\":3,\"name\":\"mZ10x Mini plastikinis laisvai pastatomas disk\u0173 stovas\"}]},{\"@type\":\"WebSite\",\"@id\":\"https:\/\/gymfactory.eu\/lt\/#website\",\"url\":\"https:\/\/gymfactory.eu\/lt\/\",\"name\":\"Gym Factory\",\"description\":\"\",\"publisher\":{\"@id\":\"https:\/\/gymfactory.eu\/lt\/#organization\"},\"potentialAction\":[{\"@type\":\"SearchAction\",\"target\":{\"@type\":\"EntryPoint\",\"urlTemplate\":\"https:\/\/gymfactory.eu\/lt\/?s={search_term_string}\"},\"query-input\":{\"@type\":\"PropertyValueSpecification\",\"valueRequired\":true,\"valueName\":\"search_term_string\"}}],\"inLanguage\":\"lt-LT\"},{\"@type\":\"Organization\",\"@id\":\"https:\/\/gymfactory.eu\/lt\/#organization\",\"name\":\"Sporto sal\u0117s gamykla\",\"url\":\"https:\/\/gymfactory.eu\/lt\/\",\"logo\":{\"@type\":\"ImageObject\",\"inLanguage\":\"lt-LT\",\"@id\":\"https:\/\/gymfactory.eu\/lt\/#\/schema\/logo\/image\/\",\"url\":\"https:\/\/gymfactory.eu\/wp-content\/uploads\/2024\/11\/Component-1.svg\",\"contentUrl\":\"https:\/\/gymfactory.eu\/wp-content\/uploads\/2024\/11\/Component-1.svg\",\"width\":54,\"height\":44,\"caption\":\"Sporto sal\u0117s gamykla\"},\"image\":{\"@id\":\"https:\/\/gymfactory.eu\/lt\/#\/schema\/logo\/image\/\"}}]}<\/script>\n<!-- \/ Yoast SEO plugin. -->","yoast_head_json":{"title":"mZ10x Mini plastikinis laisvai pastatomas disk\u0173 stovas - Gym Factory","robots":{"index":"index","follow":"follow","max-snippet":"max-snippet:-1","max-image-preview":"max-image-preview:large","max-video-preview":"max-video-preview:-1"},"canonical":"https:\/\/gymfactory.eu\/lt\/produktas\/mz10x-ploksciu-stovas\/","og_locale":"lt_LT","og_type":"article","og_title":"mZ10x Mini plastikinis laisvai pastatomas disk\u0173 stovas - Gym Factory","og_description":"mZ10X mini plastikinis laisvai pastatomas disk\u0173 stovas yra kompakti\u0161kas modelis, skirtas kolekcininkams, fitneso entuziastams ir miniati\u016br\u0173 m\u0117g\u0117jams. Jis turi raudon\u0105 r\u0117m\u0105 ir juodas l\u0117k\u0161tes. \u0160is treniruokli\u0173 sal\u0117s priedas tinka bet kokiai mini treniruokli\u0173 salei ar stendui. Taip pat tinka kaip ma\u017ea temin\u0117 dovana tiems, kurie domisi fitnesu ar sporto sal\u0117s dizainu.","og_url":"https:\/\/gymfactory.eu\/lt\/produktas\/mz10x-ploksciu-stovas\/","og_site_name":"Gym Factory","article_modified_time":"2025-09-12T11:34:36+00:00","og_image":[{"width":1500,"height":1500,"url":"https:\/\/gymfactory.eu\/wp-content\/uploads\/2025\/09\/mini-gym-Z10x-Plate-Rack.webp","type":"image\/webp"}],"twitter_card":"summary_large_image","twitter_misc":{"Est. reading time":"1 minut\u0117"},"schema":{"@context":"https:\/\/schema.org","@graph":[{"@type":"WebPage","@id":"https:\/\/gymfactory.eu\/lt\/produktas\/mz10x-ploksciu-stovas\/","url":"https:\/\/gymfactory.eu\/lt\/produktas\/mz10x-ploksciu-stovas\/","name":"mZ10x Mini plastikinis laisvai pastatomas disk\u0173 stovas - Gym Factory","isPartOf":{"@id":"https:\/\/gymfactory.eu\/lt\/#website"},"primaryImageOfPage":{"@id":"https:\/\/gymfactory.eu\/lt\/produktas\/mz10x-ploksciu-stovas\/#primaryimage"},"image":{"@id":"https:\/\/gymfactory.eu\/lt\/produktas\/mz10x-ploksciu-stovas\/#primaryimage"},"thumbnailUrl":"https:\/\/gymfactory.eu\/wp-content\/uploads\/2025\/09\/mini-gym-Z10x-Plate-Rack.webp","datePublished":"2025-09-10T08:36:55+00:00","dateModified":"2025-09-12T11:34:36+00:00","breadcrumb":{"@id":"https:\/\/gymfactory.eu\/lt\/produktas\/mz10x-ploksciu-stovas\/#breadcrumb"},"inLanguage":"lt-LT","potentialAction":[{"@type":"ReadAction","target":["https:\/\/gymfactory.eu\/lt\/produktas\/mz10x-ploksciu-stovas\/"]}]},{"@type":"ImageObject","inLanguage":"lt-LT","@id":"https:\/\/gymfactory.eu\/lt\/produktas\/mz10x-ploksciu-stovas\/#primaryimage","url":"https:\/\/gymfactory.eu\/wp-content\/uploads\/2025\/09\/mini-gym-Z10x-Plate-Rack.webp","contentUrl":"https:\/\/gymfactory.eu\/wp-content\/uploads\/2025\/09\/mini-gym-Z10x-Plate-Rack.webp","width":1500,"height":1500},{"@type":"BreadcrumbList","@id":"https:\/\/gymfactory.eu\/lt\/produktas\/mz10x-ploksciu-stovas\/#breadcrumb","itemListElement":[{"@type":"ListItem","position":1,"name":"Pagrindinis","item":"https:\/\/gymfactory.eu\/lt\/"},{"@type":"ListItem","position":2,"name":"Katalogas","item":"https:\/\/gymfactory.eu\/lt\/katalogas\/"},{"@type":"ListItem","position":3,"name":"mZ10x Mini plastikinis laisvai pastatomas disk\u0173 stovas"}]},{"@type":"WebSite","@id":"https:\/\/gymfactory.eu\/lt\/#website","url":"https:\/\/gymfactory.eu\/lt\/","name":"Gym Factory","description":"","publisher":{"@id":"https:\/\/gymfactory.eu\/lt\/#organization"},"potentialAction":[{"@type":"SearchAction","target":{"@type":"EntryPoint","urlTemplate":"https:\/\/gymfactory.eu\/lt\/?s={search_term_string}"},"query-input":{"@type":"PropertyValueSpecification","valueRequired":true,"valueName":"search_term_string"}}],"inLanguage":"lt-LT"},{"@type":"Organization","@id":"https:\/\/gymfactory.eu\/lt\/#organization","name":"Sporto sal\u0117s gamykla","url":"https:\/\/gymfactory.eu\/lt\/","logo":{"@type":"ImageObject","inLanguage":"lt-LT","@id":"https:\/\/gymfactory.eu\/lt\/#\/schema\/logo\/image\/","url":"https:\/\/gymfactory.eu\/wp-content\/uploads\/2024\/11\/Component-1.svg","contentUrl":"https:\/\/gymfactory.eu\/wp-content\/uploads\/2024\/11\/Component-1.svg","width":54,"height":44,"caption":"Sporto sal\u0117s gamykla"},"image":{"@id":"https:\/\/gymfactory.eu\/lt\/#\/schema\/logo\/image\/"}}]}},"_links":{"self":[{"href":"https:\/\/gymfactory.eu\/lt\/wp-json\/wp\/v2\/product\/12727","targetHints":{"allow":["GET"]}}],"collection":[{"href":"https:\/\/gymfactory.eu\/lt\/wp-json\/wp\/v2\/product"}],"about":[{"href":"https:\/\/gymfactory.eu\/lt\/wp-json\/wp\/v2\/types\/product"}],"wp:featuredmedia":[{"embeddable":true,"href":"https:\/\/gymfactory.eu\/lt\/wp-json\/wp\/v2\/media\/12599"}],"wp:attachment":[{"href":"https:\/\/gymfactory.eu\/lt\/wp-json\/wp\/v2\/media?parent=12727"}],"wp:term":[{"taxonomy":"product_brand","embeddable":true,"href":"https:\/\/gymfactory.eu\/lt\/wp-json\/wp\/v2\/product_brand?post=12727"},{"taxonomy":"product_cat","embeddable":true,"href":"https:\/\/gymfactory.eu\/lt\/wp-json\/wp\/v2\/product_cat?post=12727"},{"taxonomy":"product_tag","embeddable":true,"href":"https:\/\/gymfactory.eu\/lt\/wp-json\/wp\/v2\/product_tag?post=12727"}],"curies":[{"name":"wp","href":"https:\/\/api.w.org\/{rel}","templated":true}]}}