{"id":12725,"date":"2025-09-10T11:25:48","date_gmt":"2025-09-10T08:25:48","guid":{"rendered":"https:\/\/gymfactory.eu\/product\/mr1-priekinio-pritupimo-masina\/"},"modified":"2025-09-12T14:37:43","modified_gmt":"2025-09-12T11:37:43","slug":"mr1-priekinio-pritupimo-masina","status":"publish","type":"product","link":"https:\/\/gymfactory.eu\/lt\/produktas\/mr1-priekinio-pritupimo-masina\/","title":{"rendered":"mR1 Mini plastikinis prit\u016bpim\u0173 treniruoklis"},"content":{"rendered":"<p>mR1 mini plastikinis prit\u016bpim\u0173 treniruoklis yra kompakti\u0161kas modelis, skirtas kolekcininkams, fitneso entuziastams ir miniati\u016br\u0173 m\u0117g\u0117jams. Jis turi raudon\u0105 r\u0117m\u0105, juodas pagalv\u0117les ir tikrovi\u0161k\u0105 jud\u0117jimo model\u012f.<\/p>\n<p>\u0160is treniruokli\u0173 sal\u0117s priedas tinka bet kokiai mini treniruokli\u0173 salei ar stendui. Taip pat tinka kaip ma\u017ea temin\u0117 dovana tiems, kurie domisi fitnesu ar sporto sal\u0117s dizainu.<\/p>\n\n    <div class=\"xs_social_share_widget xs_share_url after_content \t\tmain_content  wslu-style-1 wslu-share-box-shaped wslu-fill-colored wslu-none wslu-share-horizontal wslu-theme-font-no wslu-main_content\">\n\n\t\t\n        <ul>\n\t\t\t        <\/ul>\n    <\/div> \n","protected":false},"excerpt":{"rendered":"<p>mR1 mini plastikinis prit\u016bpim\u0173 treniruoklis yra kompakti\u0161kas modelis, skirtas kolekcininkams, fitneso entuziastams ir miniati\u016br\u0173 m\u0117g\u0117jams. Jis turi raudon\u0105 r\u0117m\u0105, juodas pagalv\u0117les ir tikrovi\u0161k\u0105 jud\u0117jimo model\u012f. \u0160is treniruokli\u0173 sal\u0117s priedas tinka bet kokiai mini treniruokli\u0173 salei ar stendui. Taip pat tinka kaip ma\u017ea temin\u0117 dovana tiems, kurie domisi fitnesu ar sporto sal\u0117s dizainu.<\/p>\n","protected":false},"featured_media":12565,"template":"","meta":{"_acf_changed":false},"product_brand":[],"product_cat":[471],"product_tag":[393],"class_list":{"0":"post-12725","1":"product","2":"type-product","3":"status-publish","4":"has-post-thumbnail","6":"product_cat-trofejai","7":"product_tag-spalva-nera-spalvu","9":"first","10":"instock","11":"taxable","12":"shipping-taxable","13":"purchasable","14":"product-type-simple"},"acf":[],"yoast_head":"<!-- This site is optimized with the Yoast SEO plugin v25.2 - https:\/\/yoast.com\/wordpress\/plugins\/seo\/ -->\n<title>mR1 Mini plastikinis prit\u016bpim\u0173 treniruoklis - Gym Factory<\/title>\n<meta name=\"robots\" content=\"index, follow, max-snippet:-1, max-image-preview:large, max-video-preview:-1\" \/>\n<link rel=\"canonical\" href=\"https:\/\/gymfactory.eu\/lt\/produktas\/mr1-priekinio-pritupimo-masina\/\" \/>\n<meta property=\"og:locale\" content=\"lt_LT\" \/>\n<meta property=\"og:type\" content=\"article\" \/>\n<meta property=\"og:title\" content=\"mR1 Mini plastikinis prit\u016bpim\u0173 treniruoklis - Gym Factory\" \/>\n<meta property=\"og:description\" content=\"mR1 mini plastikinis prit\u016bpim\u0173 treniruoklis yra kompakti\u0161kas modelis, skirtas kolekcininkams, fitneso entuziastams ir miniati\u016br\u0173 m\u0117g\u0117jams. Jis turi raudon\u0105 r\u0117m\u0105, juodas pagalv\u0117les ir tikrovi\u0161k\u0105 jud\u0117jimo model\u012f. \u0160is treniruokli\u0173 sal\u0117s priedas tinka bet kokiai mini treniruokli\u0173 salei ar stendui. Taip pat tinka kaip ma\u017ea temin\u0117 dovana tiems, kurie domisi fitnesu ar sporto sal\u0117s dizainu.\" \/>\n<meta property=\"og:url\" content=\"https:\/\/gymfactory.eu\/lt\/produktas\/mr1-priekinio-pritupimo-masina\/\" \/>\n<meta property=\"og:site_name\" content=\"Gym Factory\" \/>\n<meta property=\"article:modified_time\" content=\"2025-09-12T11:37:43+00:00\" \/>\n<meta property=\"og:image\" content=\"https:\/\/gymfactory.eu\/wp-content\/uploads\/2025\/09\/Mini-Gym-R1-Front-Squat-Machine.webp\" \/>\n\t<meta property=\"og:image:width\" content=\"1500\" \/>\n\t<meta property=\"og:image:height\" content=\"1500\" \/>\n\t<meta property=\"og:image:type\" content=\"image\/webp\" \/>\n<meta name=\"twitter:card\" content=\"summary_large_image\" \/>\n<meta name=\"twitter:label1\" content=\"Est. reading time\" \/>\n\t<meta name=\"twitter:data1\" content=\"1 minut\u0117\" \/>\n<script type=\"application\/ld+json\" class=\"yoast-schema-graph\">{\"@context\":\"https:\/\/schema.org\",\"@graph\":[{\"@type\":\"WebPage\",\"@id\":\"https:\/\/gymfactory.eu\/lt\/produktas\/mr1-priekinio-pritupimo-masina\/\",\"url\":\"https:\/\/gymfactory.eu\/lt\/produktas\/mr1-priekinio-pritupimo-masina\/\",\"name\":\"mR1 Mini plastikinis prit\u016bpim\u0173 treniruoklis - Gym Factory\",\"isPartOf\":{\"@id\":\"https:\/\/gymfactory.eu\/lt\/#website\"},\"primaryImageOfPage\":{\"@id\":\"https:\/\/gymfactory.eu\/lt\/produktas\/mr1-priekinio-pritupimo-masina\/#primaryimage\"},\"image\":{\"@id\":\"https:\/\/gymfactory.eu\/lt\/produktas\/mr1-priekinio-pritupimo-masina\/#primaryimage\"},\"thumbnailUrl\":\"https:\/\/gymfactory.eu\/wp-content\/uploads\/2025\/09\/Mini-Gym-R1-Front-Squat-Machine.webp\",\"datePublished\":\"2025-09-10T08:25:48+00:00\",\"dateModified\":\"2025-09-12T11:37:43+00:00\",\"breadcrumb\":{\"@id\":\"https:\/\/gymfactory.eu\/lt\/produktas\/mr1-priekinio-pritupimo-masina\/#breadcrumb\"},\"inLanguage\":\"lt-LT\",\"potentialAction\":[{\"@type\":\"ReadAction\",\"target\":[\"https:\/\/gymfactory.eu\/lt\/produktas\/mr1-priekinio-pritupimo-masina\/\"]}]},{\"@type\":\"ImageObject\",\"inLanguage\":\"lt-LT\",\"@id\":\"https:\/\/gymfactory.eu\/lt\/produktas\/mr1-priekinio-pritupimo-masina\/#primaryimage\",\"url\":\"https:\/\/gymfactory.eu\/wp-content\/uploads\/2025\/09\/Mini-Gym-R1-Front-Squat-Machine.webp\",\"contentUrl\":\"https:\/\/gymfactory.eu\/wp-content\/uploads\/2025\/09\/Mini-Gym-R1-Front-Squat-Machine.webp\",\"width\":1500,\"height\":1500},{\"@type\":\"BreadcrumbList\",\"@id\":\"https:\/\/gymfactory.eu\/lt\/produktas\/mr1-priekinio-pritupimo-masina\/#breadcrumb\",\"itemListElement\":[{\"@type\":\"ListItem\",\"position\":1,\"name\":\"Pagrindinis\",\"item\":\"https:\/\/gymfactory.eu\/lt\/\"},{\"@type\":\"ListItem\",\"position\":2,\"name\":\"Katalogas\",\"item\":\"https:\/\/gymfactory.eu\/lt\/katalogas\/\"},{\"@type\":\"ListItem\",\"position\":3,\"name\":\"mR1 Mini plastikinis prit\u016bpim\u0173 treniruoklis\"}]},{\"@type\":\"WebSite\",\"@id\":\"https:\/\/gymfactory.eu\/lt\/#website\",\"url\":\"https:\/\/gymfactory.eu\/lt\/\",\"name\":\"Gym Factory\",\"description\":\"\",\"publisher\":{\"@id\":\"https:\/\/gymfactory.eu\/lt\/#organization\"},\"potentialAction\":[{\"@type\":\"SearchAction\",\"target\":{\"@type\":\"EntryPoint\",\"urlTemplate\":\"https:\/\/gymfactory.eu\/lt\/?s={search_term_string}\"},\"query-input\":{\"@type\":\"PropertyValueSpecification\",\"valueRequired\":true,\"valueName\":\"search_term_string\"}}],\"inLanguage\":\"lt-LT\"},{\"@type\":\"Organization\",\"@id\":\"https:\/\/gymfactory.eu\/lt\/#organization\",\"name\":\"Sporto sal\u0117s gamykla\",\"url\":\"https:\/\/gymfactory.eu\/lt\/\",\"logo\":{\"@type\":\"ImageObject\",\"inLanguage\":\"lt-LT\",\"@id\":\"https:\/\/gymfactory.eu\/lt\/#\/schema\/logo\/image\/\",\"url\":\"https:\/\/gymfactory.eu\/wp-content\/uploads\/2024\/11\/Component-1.svg\",\"contentUrl\":\"https:\/\/gymfactory.eu\/wp-content\/uploads\/2024\/11\/Component-1.svg\",\"width\":54,\"height\":44,\"caption\":\"Sporto sal\u0117s gamykla\"},\"image\":{\"@id\":\"https:\/\/gymfactory.eu\/lt\/#\/schema\/logo\/image\/\"}}]}<\/script>\n<!-- \/ Yoast SEO plugin. -->","yoast_head_json":{"title":"mR1 Mini plastikinis prit\u016bpim\u0173 treniruoklis - Gym Factory","robots":{"index":"index","follow":"follow","max-snippet":"max-snippet:-1","max-image-preview":"max-image-preview:large","max-video-preview":"max-video-preview:-1"},"canonical":"https:\/\/gymfactory.eu\/lt\/produktas\/mr1-priekinio-pritupimo-masina\/","og_locale":"lt_LT","og_type":"article","og_title":"mR1 Mini plastikinis prit\u016bpim\u0173 treniruoklis - Gym Factory","og_description":"mR1 mini plastikinis prit\u016bpim\u0173 treniruoklis yra kompakti\u0161kas modelis, skirtas kolekcininkams, fitneso entuziastams ir miniati\u016br\u0173 m\u0117g\u0117jams. Jis turi raudon\u0105 r\u0117m\u0105, juodas pagalv\u0117les ir tikrovi\u0161k\u0105 jud\u0117jimo model\u012f. \u0160is treniruokli\u0173 sal\u0117s priedas tinka bet kokiai mini treniruokli\u0173 salei ar stendui. Taip pat tinka kaip ma\u017ea temin\u0117 dovana tiems, kurie domisi fitnesu ar sporto sal\u0117s dizainu.","og_url":"https:\/\/gymfactory.eu\/lt\/produktas\/mr1-priekinio-pritupimo-masina\/","og_site_name":"Gym Factory","article_modified_time":"2025-09-12T11:37:43+00:00","og_image":[{"width":1500,"height":1500,"url":"https:\/\/gymfactory.eu\/wp-content\/uploads\/2025\/09\/Mini-Gym-R1-Front-Squat-Machine.webp","type":"image\/webp"}],"twitter_card":"summary_large_image","twitter_misc":{"Est. reading time":"1 minut\u0117"},"schema":{"@context":"https:\/\/schema.org","@graph":[{"@type":"WebPage","@id":"https:\/\/gymfactory.eu\/lt\/produktas\/mr1-priekinio-pritupimo-masina\/","url":"https:\/\/gymfactory.eu\/lt\/produktas\/mr1-priekinio-pritupimo-masina\/","name":"mR1 Mini plastikinis prit\u016bpim\u0173 treniruoklis - Gym Factory","isPartOf":{"@id":"https:\/\/gymfactory.eu\/lt\/#website"},"primaryImageOfPage":{"@id":"https:\/\/gymfactory.eu\/lt\/produktas\/mr1-priekinio-pritupimo-masina\/#primaryimage"},"image":{"@id":"https:\/\/gymfactory.eu\/lt\/produktas\/mr1-priekinio-pritupimo-masina\/#primaryimage"},"thumbnailUrl":"https:\/\/gymfactory.eu\/wp-content\/uploads\/2025\/09\/Mini-Gym-R1-Front-Squat-Machine.webp","datePublished":"2025-09-10T08:25:48+00:00","dateModified":"2025-09-12T11:37:43+00:00","breadcrumb":{"@id":"https:\/\/gymfactory.eu\/lt\/produktas\/mr1-priekinio-pritupimo-masina\/#breadcrumb"},"inLanguage":"lt-LT","potentialAction":[{"@type":"ReadAction","target":["https:\/\/gymfactory.eu\/lt\/produktas\/mr1-priekinio-pritupimo-masina\/"]}]},{"@type":"ImageObject","inLanguage":"lt-LT","@id":"https:\/\/gymfactory.eu\/lt\/produktas\/mr1-priekinio-pritupimo-masina\/#primaryimage","url":"https:\/\/gymfactory.eu\/wp-content\/uploads\/2025\/09\/Mini-Gym-R1-Front-Squat-Machine.webp","contentUrl":"https:\/\/gymfactory.eu\/wp-content\/uploads\/2025\/09\/Mini-Gym-R1-Front-Squat-Machine.webp","width":1500,"height":1500},{"@type":"BreadcrumbList","@id":"https:\/\/gymfactory.eu\/lt\/produktas\/mr1-priekinio-pritupimo-masina\/#breadcrumb","itemListElement":[{"@type":"ListItem","position":1,"name":"Pagrindinis","item":"https:\/\/gymfactory.eu\/lt\/"},{"@type":"ListItem","position":2,"name":"Katalogas","item":"https:\/\/gymfactory.eu\/lt\/katalogas\/"},{"@type":"ListItem","position":3,"name":"mR1 Mini plastikinis prit\u016bpim\u0173 treniruoklis"}]},{"@type":"WebSite","@id":"https:\/\/gymfactory.eu\/lt\/#website","url":"https:\/\/gymfactory.eu\/lt\/","name":"Gym Factory","description":"","publisher":{"@id":"https:\/\/gymfactory.eu\/lt\/#organization"},"potentialAction":[{"@type":"SearchAction","target":{"@type":"EntryPoint","urlTemplate":"https:\/\/gymfactory.eu\/lt\/?s={search_term_string}"},"query-input":{"@type":"PropertyValueSpecification","valueRequired":true,"valueName":"search_term_string"}}],"inLanguage":"lt-LT"},{"@type":"Organization","@id":"https:\/\/gymfactory.eu\/lt\/#organization","name":"Sporto sal\u0117s gamykla","url":"https:\/\/gymfactory.eu\/lt\/","logo":{"@type":"ImageObject","inLanguage":"lt-LT","@id":"https:\/\/gymfactory.eu\/lt\/#\/schema\/logo\/image\/","url":"https:\/\/gymfactory.eu\/wp-content\/uploads\/2024\/11\/Component-1.svg","contentUrl":"https:\/\/gymfactory.eu\/wp-content\/uploads\/2024\/11\/Component-1.svg","width":54,"height":44,"caption":"Sporto sal\u0117s gamykla"},"image":{"@id":"https:\/\/gymfactory.eu\/lt\/#\/schema\/logo\/image\/"}}]}},"_links":{"self":[{"href":"https:\/\/gymfactory.eu\/lt\/wp-json\/wp\/v2\/product\/12725","targetHints":{"allow":["GET"]}}],"collection":[{"href":"https:\/\/gymfactory.eu\/lt\/wp-json\/wp\/v2\/product"}],"about":[{"href":"https:\/\/gymfactory.eu\/lt\/wp-json\/wp\/v2\/types\/product"}],"wp:featuredmedia":[{"embeddable":true,"href":"https:\/\/gymfactory.eu\/lt\/wp-json\/wp\/v2\/media\/12565"}],"wp:attachment":[{"href":"https:\/\/gymfactory.eu\/lt\/wp-json\/wp\/v2\/media?parent=12725"}],"wp:term":[{"taxonomy":"product_brand","embeddable":true,"href":"https:\/\/gymfactory.eu\/lt\/wp-json\/wp\/v2\/product_brand?post=12725"},{"taxonomy":"product_cat","embeddable":true,"href":"https:\/\/gymfactory.eu\/lt\/wp-json\/wp\/v2\/product_cat?post=12725"},{"taxonomy":"product_tag","embeddable":true,"href":"https:\/\/gymfactory.eu\/lt\/wp-json\/wp\/v2\/product_tag?post=12725"}],"curies":[{"name":"wp","href":"https:\/\/api.w.org\/{rel}","templated":true}]}}