{"id":12004,"date":"2025-02-05T11:39:42","date_gmt":"2025-02-05T09:39:42","guid":{"rendered":"https:\/\/gymfactory.eu\/product\/c2-kabelio-kryzminimo-masina\/"},"modified":"2025-12-02T13:14:11","modified_gmt":"2025-12-02T11:14:11","slug":"c2-kabelio-kryzminimo-masina","status":"publish","type":"product","link":"https:\/\/gymfactory.eu\/lt\/produktas\/c2-kabelio-kryzminimo-masina\/","title":{"rendered":"C2 Kry\u017emin\u0117s traukos treniruoklis"},"content":{"rendered":"<p>C2 \u2013 tai universalus treniruoklis, tinkantis tiek nam\u0173 sporto zonai, tiek profesionaliai treniruokli\u0173 salei. Jame \u012frengtos dvi reguliuojamo auk\u0161\u010dio tros\u0173 sistemos bei centrin\u0117 prisitraukim\u0173 rankena, leid\u017eian\u010dios atlikti plat\u0173 pratim\u0173 spektr\u0105 viename \u012frenginyje.<\/p>\n<p>Komplekte yra dvi vienarank\u0117s rankenos, su kuriomis galima atlikti \u012fvairius vir\u0161utin\u0117s ir apatin\u0117s k\u016bno dalies pratimus. Treniruoklis tinka kr\u016btin\u0117s, pe\u010di\u0173, rank\u0173, koj\u0173, s\u0117dmen\u0173, pilvo preso bei stabilizaciniams judesiams \u2013 nuo kry\u017emini\u0173 traukos, \u012fvairi\u0173 spaudim\u0173, iki \u012ft\u016bpst\u0173 su trosais, atmetim\u0173 atgal ar sukam\u0173j\u0173 pratim\u0173.<\/p>\n<p>Atvira konstrukcija ir skland\u017eiai veikiantys trosai leid\u017eia treniruotis \u012fvairiais kampais ir tiksliai valdyti judes\u012f. C2 lengvai prisitaiko prie skirtingo \u016bgio bei fizinio pasirengimo vartotoj\u0173.<\/p>\n<p>C2 Kry\u017emin\u0117s traukos treniruoklis \u2013 tai daugiafunkcis sprendimas erdv\u0117ms, kur svarbus treniruo\u010di\u0173 universalumas ir efektyvus vietos i\u0161naudojimas.<\/p>\n\n    <div class=\"xs_social_share_widget xs_share_url after_content \t\tmain_content  wslu-style-1 wslu-share-box-shaped wslu-fill-colored wslu-none wslu-share-horizontal wslu-theme-font-no wslu-main_content\">\n\n\t\t\n        <ul>\n\t\t\t        <\/ul>\n    <\/div> \n","protected":false},"excerpt":{"rendered":"<p>C2 \u2013 tai universalus treniruoklis, tinkantis tiek nam\u0173 sporto zonai, tiek profesionaliai treniruokli\u0173 salei. Jame \u012frengtos dvi reguliuojamo auk\u0161\u010dio tros\u0173 sistemos bei centrin\u0117 prisitraukim\u0173 rankena, leid\u017eian\u010dios atlikti plat\u0173 pratim\u0173 spektr\u0105 viename \u012frenginyje. Komplekte yra dvi vienarank\u0117s rankenos, su kuriomis galima atlikti \u012fvairius vir\u0161utin\u0117s ir apatin\u0117s k\u016bno dalies pratimus. Treniruoklis tinka kr\u016btin\u0117s, pe\u010di\u0173, rank\u0173, koj\u0173, s\u0117dmen\u0173, [&hellip;]<\/p>\n","protected":false},"featured_media":7741,"template":"","meta":{"_acf_changed":false},"product_brand":[817],"product_cat":[466],"product_tag":[415],"class_list":{"0":"post-12004","1":"product","2":"type-product","3":"status-publish","4":"has-post-thumbnail","6":"product_brand-gym-factory-lt","7":"product_cat-blokiniai-treniruokliai","8":"product_tag-spalva-tik-metaline","10":"first","11":"onbackorder","12":"taxable","13":"shipping-taxable","14":"purchasable","15":"product-type-variable","16":"has-default-attributes"},"acf":[],"yoast_head":"<!-- This site is optimized with the Yoast SEO plugin v25.2 - https:\/\/yoast.com\/wordpress\/plugins\/seo\/ -->\n<title>C2 Cable Crossover Machine | Viso k\u016bno treniruo\u010di\u0173 \u012franga<\/title>\n<meta name=\"description\" content=\"Reikia vieno treniruoklio visam k\u016bnui treniruoti? C2 Cable Crossover Machine si\u016blo viso k\u016bno treniruo\u010di\u0173 variantus su tolygiu pasiprie\u0161inimu ir reguliuojamais skriemuliais.\" \/>\n<meta name=\"robots\" content=\"index, follow, max-snippet:-1, max-image-preview:large, max-video-preview:-1\" \/>\n<link rel=\"canonical\" href=\"https:\/\/gymfactory.eu\/lt\/produktas\/c2-kabelio-kryzminimo-masina\/\" \/>\n<meta property=\"og:locale\" content=\"lt_LT\" \/>\n<meta property=\"og:type\" content=\"article\" \/>\n<meta property=\"og:title\" content=\"C2 Cable Crossover Machine | Viso k\u016bno treniruo\u010di\u0173 \u012franga\" \/>\n<meta property=\"og:description\" content=\"Reikia vieno treniruoklio visam k\u016bnui treniruoti? C2 Cable Crossover Machine si\u016blo viso k\u016bno treniruo\u010di\u0173 variantus su tolygiu pasiprie\u0161inimu ir reguliuojamais skriemuliais.\" \/>\n<meta property=\"og:url\" content=\"https:\/\/gymfactory.eu\/lt\/produktas\/c2-kabelio-kryzminimo-masina\/\" \/>\n<meta property=\"og:site_name\" content=\"Gym Factory\" \/>\n<meta property=\"article:modified_time\" content=\"2025-12-02T11:14:11+00:00\" \/>\n<meta property=\"og:image\" content=\"https:\/\/gymfactory.eu\/wp-content\/uploads\/2025\/02\/gym-machine-cable-crossover-side-angle.webp\" \/>\n\t<meta property=\"og:image:width\" content=\"1500\" \/>\n\t<meta property=\"og:image:height\" content=\"1500\" \/>\n\t<meta property=\"og:image:type\" content=\"image\/webp\" \/>\n<meta name=\"twitter:card\" content=\"summary_large_image\" \/>\n<meta name=\"twitter:label1\" content=\"Est. reading time\" \/>\n\t<meta name=\"twitter:data1\" content=\"1 minut\u0117\" \/>\n<script type=\"application\/ld+json\" class=\"yoast-schema-graph\">{\"@context\":\"https:\/\/schema.org\",\"@graph\":[{\"@type\":\"WebPage\",\"@id\":\"https:\/\/gymfactory.eu\/lt\/produktas\/c2-kabelio-kryzminimo-masina\/\",\"url\":\"https:\/\/gymfactory.eu\/lt\/produktas\/c2-kabelio-kryzminimo-masina\/\",\"name\":\"C2 Cable Crossover Machine | Viso k\u016bno treniruo\u010di\u0173 \u012franga\",\"isPartOf\":{\"@id\":\"https:\/\/gymfactory.eu\/lt\/#website\"},\"primaryImageOfPage\":{\"@id\":\"https:\/\/gymfactory.eu\/lt\/produktas\/c2-kabelio-kryzminimo-masina\/#primaryimage\"},\"image\":{\"@id\":\"https:\/\/gymfactory.eu\/lt\/produktas\/c2-kabelio-kryzminimo-masina\/#primaryimage\"},\"thumbnailUrl\":\"https:\/\/gymfactory.eu\/wp-content\/uploads\/2025\/02\/gym-machine-cable-crossover-side-angle.webp\",\"datePublished\":\"2025-02-05T09:39:42+00:00\",\"dateModified\":\"2025-12-02T11:14:11+00:00\",\"description\":\"Reikia vieno treniruoklio visam k\u016bnui treniruoti? C2 Cable Crossover Machine si\u016blo viso k\u016bno treniruo\u010di\u0173 variantus su tolygiu pasiprie\u0161inimu ir reguliuojamais skriemuliais.\",\"breadcrumb\":{\"@id\":\"https:\/\/gymfactory.eu\/lt\/produktas\/c2-kabelio-kryzminimo-masina\/#breadcrumb\"},\"inLanguage\":\"lt-LT\",\"potentialAction\":[{\"@type\":\"ReadAction\",\"target\":[\"https:\/\/gymfactory.eu\/lt\/produktas\/c2-kabelio-kryzminimo-masina\/\"]}]},{\"@type\":\"ImageObject\",\"inLanguage\":\"lt-LT\",\"@id\":\"https:\/\/gymfactory.eu\/lt\/produktas\/c2-kabelio-kryzminimo-masina\/#primaryimage\",\"url\":\"https:\/\/gymfactory.eu\/wp-content\/uploads\/2025\/02\/gym-machine-cable-crossover-side-angle.webp\",\"contentUrl\":\"https:\/\/gymfactory.eu\/wp-content\/uploads\/2025\/02\/gym-machine-cable-crossover-side-angle.webp\",\"width\":1500,\"height\":1500,\"caption\":\"I\u0161 \u0161oninio kampo \u017evelgiant \u012f treniruokl\u012f su lyn\u0173 krosoveriu, matomi reguliuojami skriemuliai, svori\u0173 kr\u016bvos ir prisitraukimo baras. Konstrukcija leid\u017eia vykdyti dinamines j\u0117gos treniruotes, skirtas kr\u016btin\u0117s, rank\u0173, pe\u010di\u0173 ir \u0161erdies raumenims. Patvari konstrukcija ir ergonomi\u0161kos rankenos u\u017etikrina skland\u017ei\u0105 treniruo\u010di\u0173 patirt\u012f. Idealiai tinka funkciniam fitnesui ir pasiprie\u0161inimo treniruot\u0117ms.\"},{\"@type\":\"BreadcrumbList\",\"@id\":\"https:\/\/gymfactory.eu\/lt\/produktas\/c2-kabelio-kryzminimo-masina\/#breadcrumb\",\"itemListElement\":[{\"@type\":\"ListItem\",\"position\":1,\"name\":\"Pagrindinis\",\"item\":\"https:\/\/gymfactory.eu\/lt\/\"},{\"@type\":\"ListItem\",\"position\":2,\"name\":\"Katalogas\",\"item\":\"https:\/\/gymfactory.eu\/lt\/katalogas\/\"},{\"@type\":\"ListItem\",\"position\":3,\"name\":\"C2 Kry\u017emin\u0117s traukos treniruoklis\"}]},{\"@type\":\"WebSite\",\"@id\":\"https:\/\/gymfactory.eu\/lt\/#website\",\"url\":\"https:\/\/gymfactory.eu\/lt\/\",\"name\":\"Gym Factory\",\"description\":\"\",\"publisher\":{\"@id\":\"https:\/\/gymfactory.eu\/lt\/#organization\"},\"potentialAction\":[{\"@type\":\"SearchAction\",\"target\":{\"@type\":\"EntryPoint\",\"urlTemplate\":\"https:\/\/gymfactory.eu\/lt\/?s={search_term_string}\"},\"query-input\":{\"@type\":\"PropertyValueSpecification\",\"valueRequired\":true,\"valueName\":\"search_term_string\"}}],\"inLanguage\":\"lt-LT\"},{\"@type\":\"Organization\",\"@id\":\"https:\/\/gymfactory.eu\/lt\/#organization\",\"name\":\"Sporto sal\u0117s gamykla\",\"url\":\"https:\/\/gymfactory.eu\/lt\/\",\"logo\":{\"@type\":\"ImageObject\",\"inLanguage\":\"lt-LT\",\"@id\":\"https:\/\/gymfactory.eu\/lt\/#\/schema\/logo\/image\/\",\"url\":\"https:\/\/gymfactory.eu\/wp-content\/uploads\/2024\/11\/Component-1.svg\",\"contentUrl\":\"https:\/\/gymfactory.eu\/wp-content\/uploads\/2024\/11\/Component-1.svg\",\"width\":54,\"height\":44,\"caption\":\"Sporto sal\u0117s gamykla\"},\"image\":{\"@id\":\"https:\/\/gymfactory.eu\/lt\/#\/schema\/logo\/image\/\"}}]}<\/script>\n<!-- \/ Yoast SEO plugin. -->","yoast_head_json":{"title":"C2 Cable Crossover Machine | Viso k\u016bno treniruo\u010di\u0173 \u012franga","description":"Reikia vieno treniruoklio visam k\u016bnui treniruoti? C2 Cable Crossover Machine si\u016blo viso k\u016bno treniruo\u010di\u0173 variantus su tolygiu pasiprie\u0161inimu ir reguliuojamais skriemuliais.","robots":{"index":"index","follow":"follow","max-snippet":"max-snippet:-1","max-image-preview":"max-image-preview:large","max-video-preview":"max-video-preview:-1"},"canonical":"https:\/\/gymfactory.eu\/lt\/produktas\/c2-kabelio-kryzminimo-masina\/","og_locale":"lt_LT","og_type":"article","og_title":"C2 Cable Crossover Machine | Viso k\u016bno treniruo\u010di\u0173 \u012franga","og_description":"Reikia vieno treniruoklio visam k\u016bnui treniruoti? C2 Cable Crossover Machine si\u016blo viso k\u016bno treniruo\u010di\u0173 variantus su tolygiu pasiprie\u0161inimu ir reguliuojamais skriemuliais.","og_url":"https:\/\/gymfactory.eu\/lt\/produktas\/c2-kabelio-kryzminimo-masina\/","og_site_name":"Gym Factory","article_modified_time":"2025-12-02T11:14:11+00:00","og_image":[{"width":1500,"height":1500,"url":"https:\/\/gymfactory.eu\/wp-content\/uploads\/2025\/02\/gym-machine-cable-crossover-side-angle.webp","type":"image\/webp"}],"twitter_card":"summary_large_image","twitter_misc":{"Est. reading time":"1 minut\u0117"},"schema":{"@context":"https:\/\/schema.org","@graph":[{"@type":"WebPage","@id":"https:\/\/gymfactory.eu\/lt\/produktas\/c2-kabelio-kryzminimo-masina\/","url":"https:\/\/gymfactory.eu\/lt\/produktas\/c2-kabelio-kryzminimo-masina\/","name":"C2 Cable Crossover Machine | Viso k\u016bno treniruo\u010di\u0173 \u012franga","isPartOf":{"@id":"https:\/\/gymfactory.eu\/lt\/#website"},"primaryImageOfPage":{"@id":"https:\/\/gymfactory.eu\/lt\/produktas\/c2-kabelio-kryzminimo-masina\/#primaryimage"},"image":{"@id":"https:\/\/gymfactory.eu\/lt\/produktas\/c2-kabelio-kryzminimo-masina\/#primaryimage"},"thumbnailUrl":"https:\/\/gymfactory.eu\/wp-content\/uploads\/2025\/02\/gym-machine-cable-crossover-side-angle.webp","datePublished":"2025-02-05T09:39:42+00:00","dateModified":"2025-12-02T11:14:11+00:00","description":"Reikia vieno treniruoklio visam k\u016bnui treniruoti? C2 Cable Crossover Machine si\u016blo viso k\u016bno treniruo\u010di\u0173 variantus su tolygiu pasiprie\u0161inimu ir reguliuojamais skriemuliais.","breadcrumb":{"@id":"https:\/\/gymfactory.eu\/lt\/produktas\/c2-kabelio-kryzminimo-masina\/#breadcrumb"},"inLanguage":"lt-LT","potentialAction":[{"@type":"ReadAction","target":["https:\/\/gymfactory.eu\/lt\/produktas\/c2-kabelio-kryzminimo-masina\/"]}]},{"@type":"ImageObject","inLanguage":"lt-LT","@id":"https:\/\/gymfactory.eu\/lt\/produktas\/c2-kabelio-kryzminimo-masina\/#primaryimage","url":"https:\/\/gymfactory.eu\/wp-content\/uploads\/2025\/02\/gym-machine-cable-crossover-side-angle.webp","contentUrl":"https:\/\/gymfactory.eu\/wp-content\/uploads\/2025\/02\/gym-machine-cable-crossover-side-angle.webp","width":1500,"height":1500,"caption":"I\u0161 \u0161oninio kampo \u017evelgiant \u012f treniruokl\u012f su lyn\u0173 krosoveriu, matomi reguliuojami skriemuliai, svori\u0173 kr\u016bvos ir prisitraukimo baras. Konstrukcija leid\u017eia vykdyti dinamines j\u0117gos treniruotes, skirtas kr\u016btin\u0117s, rank\u0173, pe\u010di\u0173 ir \u0161erdies raumenims. Patvari konstrukcija ir ergonomi\u0161kos rankenos u\u017etikrina skland\u017ei\u0105 treniruo\u010di\u0173 patirt\u012f. Idealiai tinka funkciniam fitnesui ir pasiprie\u0161inimo treniruot\u0117ms."},{"@type":"BreadcrumbList","@id":"https:\/\/gymfactory.eu\/lt\/produktas\/c2-kabelio-kryzminimo-masina\/#breadcrumb","itemListElement":[{"@type":"ListItem","position":1,"name":"Pagrindinis","item":"https:\/\/gymfactory.eu\/lt\/"},{"@type":"ListItem","position":2,"name":"Katalogas","item":"https:\/\/gymfactory.eu\/lt\/katalogas\/"},{"@type":"ListItem","position":3,"name":"C2 Kry\u017emin\u0117s traukos treniruoklis"}]},{"@type":"WebSite","@id":"https:\/\/gymfactory.eu\/lt\/#website","url":"https:\/\/gymfactory.eu\/lt\/","name":"Gym Factory","description":"","publisher":{"@id":"https:\/\/gymfactory.eu\/lt\/#organization"},"potentialAction":[{"@type":"SearchAction","target":{"@type":"EntryPoint","urlTemplate":"https:\/\/gymfactory.eu\/lt\/?s={search_term_string}"},"query-input":{"@type":"PropertyValueSpecification","valueRequired":true,"valueName":"search_term_string"}}],"inLanguage":"lt-LT"},{"@type":"Organization","@id":"https:\/\/gymfactory.eu\/lt\/#organization","name":"Sporto sal\u0117s gamykla","url":"https:\/\/gymfactory.eu\/lt\/","logo":{"@type":"ImageObject","inLanguage":"lt-LT","@id":"https:\/\/gymfactory.eu\/lt\/#\/schema\/logo\/image\/","url":"https:\/\/gymfactory.eu\/wp-content\/uploads\/2024\/11\/Component-1.svg","contentUrl":"https:\/\/gymfactory.eu\/wp-content\/uploads\/2024\/11\/Component-1.svg","width":54,"height":44,"caption":"Sporto sal\u0117s gamykla"},"image":{"@id":"https:\/\/gymfactory.eu\/lt\/#\/schema\/logo\/image\/"}}]}},"_links":{"self":[{"href":"https:\/\/gymfactory.eu\/lt\/wp-json\/wp\/v2\/product\/12004","targetHints":{"allow":["GET"]}}],"collection":[{"href":"https:\/\/gymfactory.eu\/lt\/wp-json\/wp\/v2\/product"}],"about":[{"href":"https:\/\/gymfactory.eu\/lt\/wp-json\/wp\/v2\/types\/product"}],"wp:featuredmedia":[{"embeddable":true,"href":"https:\/\/gymfactory.eu\/lt\/wp-json\/wp\/v2\/media\/7741"}],"wp:attachment":[{"href":"https:\/\/gymfactory.eu\/lt\/wp-json\/wp\/v2\/media?parent=12004"}],"wp:term":[{"taxonomy":"product_brand","embeddable":true,"href":"https:\/\/gymfactory.eu\/lt\/wp-json\/wp\/v2\/product_brand?post=12004"},{"taxonomy":"product_cat","embeddable":true,"href":"https:\/\/gymfactory.eu\/lt\/wp-json\/wp\/v2\/product_cat?post=12004"},{"taxonomy":"product_tag","embeddable":true,"href":"https:\/\/gymfactory.eu\/lt\/wp-json\/wp\/v2\/product_tag?post=12004"}],"curies":[{"name":"wp","href":"https:\/\/api.w.org\/{rel}","templated":true}]}}