{"id":10691,"date":"2025-01-28T09:24:18","date_gmt":"2025-01-28T07:24:18","guid":{"rendered":"https:\/\/gymfactory.eu\/product\/b5-smitho-masina\/"},"modified":"2025-11-20T13:49:22","modified_gmt":"2025-11-20T11:49:22","slug":"b5-smitho-masina","status":"publish","type":"product","link":"https:\/\/gymfactory.eu\/lt\/produktas\/b5-smitho-masina\/","title":{"rendered":"B5 Smito\u00a0treniruoklis \/ prit\u016bpim\u0173 stovas"},"content":{"rendered":"<p>B5 \u2013 tvirtas ir universalus treniruoklis, skirtas tiek profesionalioms, tiek nam\u0173 sporto sal\u0117ms. Jame integruota fiksuota olimpin\u0117 \u0161tanga, kuri juda vertikaliai kreipian\u010di\u0173j\u0173 \u0161liau\u017et\u0173 pagalba. Sistema turi daugybe fiksavimo pozicij\u0173 \u2013 tai u\u017etikrina didesn\u012f saugum\u0105 ir kontrol\u0119 kiekvieno pakartojimo metu.<\/p>\n<p>Treniruoklis puikiai tinka pagrindiniams apatin\u0117s k\u016bno dalies pratimams \u2013 prit\u016bpimams, \u012ft\u016bpstams, blauzd\u0173 k\u0117limams \u2013 taip pat vir\u0161utin\u0117s dalies spaudimams kr\u016btinei ar pe\u010diams.<\/p>\n<p>Prie\u0161ingoje pus\u0117je \u012frengta laisvo svorio grifo stovas su daugybe fiksavimo pad\u0117\u010di\u0173.<\/p>\n<p>B5 galima naudoti tiek su integruota smito \u0161tanga, tiek su atskira laisva \u0161tanga ir svorio diskais. Derinant su <a href=\"https:\/\/gymfactory.eu\/lt\/produktas\/j2-reguliuojamas-suolas\/\">J2 reguliuojamu suoliuku<\/a>, tai tampa pilna treniruo\u010di\u0173 stotis, apimanti vis\u0173 pagrindini\u0173 raumen\u0173 grupi\u0173 lavinim\u0105.<\/p>\n\n    <div class=\"xs_social_share_widget xs_share_url after_content \t\tmain_content  wslu-style-1 wslu-share-box-shaped wslu-fill-colored wslu-none wslu-share-horizontal wslu-theme-font-no wslu-main_content\">\n\n\t\t\n        <ul>\n\t\t\t        <\/ul>\n    <\/div> \n","protected":false},"excerpt":{"rendered":"<p>B5 \u2013 tvirtas ir universalus treniruoklis, skirtas tiek profesionalioms, tiek nam\u0173 sporto sal\u0117ms. Jame integruota fiksuota olimpin\u0117 \u0161tanga, kuri juda vertikaliai kreipian\u010di\u0173j\u0173 \u0161liau\u017et\u0173 pagalba. Sistema turi daugybe fiksavimo pozicij\u0173 \u2013 tai u\u017etikrina didesn\u012f saugum\u0105 ir kontrol\u0119 kiekvieno pakartojimo metu. Treniruoklis puikiai tinka pagrindiniams apatin\u0117s k\u016bno dalies pratimams \u2013 prit\u016bpimams, \u012ft\u016bpstams, blauzd\u0173 k\u0117limams \u2013 taip pat [&hellip;]<\/p>\n","protected":false},"featured_media":8270,"template":"","meta":{"_acf_changed":false},"product_brand":[817],"product_cat":[421],"product_tag":[415],"class_list":{"0":"post-10691","1":"product","2":"type-product","3":"status-publish","4":"has-post-thumbnail","6":"product_brand-gym-factory-lt","7":"product_cat-laisvu-svoriu-treniruokliai","8":"product_tag-spalva-tik-metaline","10":"first","11":"instock","12":"taxable","13":"shipping-taxable","14":"purchasable","15":"product-type-variable","16":"has-default-attributes"},"acf":[],"yoast_head":"<!-- This site is optimized with the Yoast SEO plugin v25.2 - https:\/\/yoast.com\/wordpress\/plugins\/seo\/ -->\n<title>B5 Smith Machine | Sporto sal\u0117s \u012franga viso k\u016bno treniruot\u0117ms<\/title>\n<meta name=\"description\" content=\"Pakeiskite savo treniruo\u010di\u0173 erdv\u0119 su B5 Smith Machine - naujovi\u0161ka treniruokli\u0173 sal\u0117s \u012franga, skirta j\u0117gos treniruot\u0117ms ir \u012fvairiapusiams viso k\u016bno pratimams.\" \/>\n<meta name=\"robots\" content=\"index, follow, max-snippet:-1, max-image-preview:large, max-video-preview:-1\" \/>\n<link rel=\"canonical\" href=\"https:\/\/gymfactory.eu\/lt\/produktas\/b5-smitho-masina\/\" \/>\n<meta property=\"og:locale\" content=\"lt_LT\" \/>\n<meta property=\"og:type\" content=\"article\" \/>\n<meta property=\"og:title\" content=\"B5 Smith Machine | Sporto sal\u0117s \u012franga viso k\u016bno treniruot\u0117ms\" \/>\n<meta property=\"og:description\" content=\"Pakeiskite savo treniruo\u010di\u0173 erdv\u0119 su B5 Smith Machine - naujovi\u0161ka treniruokli\u0173 sal\u0117s \u012franga, skirta j\u0117gos treniruot\u0117ms ir \u012fvairiapusiams viso k\u016bno pratimams.\" \/>\n<meta property=\"og:url\" content=\"https:\/\/gymfactory.eu\/lt\/produktas\/b5-smitho-masina\/\" \/>\n<meta property=\"og:site_name\" content=\"Gym Factory\" \/>\n<meta property=\"article:modified_time\" content=\"2025-11-20T11:49:22+00:00\" \/>\n<meta property=\"og:image\" content=\"https:\/\/gymfactory.eu\/wp-content\/uploads\/2025\/01\/the-view-of-B5-gym-machine-1.webp\" \/>\n\t<meta property=\"og:image:width\" content=\"1500\" \/>\n\t<meta property=\"og:image:height\" content=\"1500\" \/>\n\t<meta property=\"og:image:type\" content=\"image\/webp\" \/>\n<meta name=\"twitter:card\" content=\"summary_large_image\" \/>\n<meta name=\"twitter:label1\" content=\"Est. reading time\" \/>\n\t<meta name=\"twitter:data1\" content=\"1 minut\u0117\" \/>\n<script type=\"application\/ld+json\" class=\"yoast-schema-graph\">{\"@context\":\"https:\/\/schema.org\",\"@graph\":[{\"@type\":\"WebPage\",\"@id\":\"https:\/\/gymfactory.eu\/lt\/produktas\/b5-smitho-masina\/\",\"url\":\"https:\/\/gymfactory.eu\/lt\/produktas\/b5-smitho-masina\/\",\"name\":\"B5 Smith Machine | Sporto sal\u0117s \u012franga viso k\u016bno treniruot\u0117ms\",\"isPartOf\":{\"@id\":\"https:\/\/gymfactory.eu\/lt\/#website\"},\"primaryImageOfPage\":{\"@id\":\"https:\/\/gymfactory.eu\/lt\/produktas\/b5-smitho-masina\/#primaryimage\"},\"image\":{\"@id\":\"https:\/\/gymfactory.eu\/lt\/produktas\/b5-smitho-masina\/#primaryimage\"},\"thumbnailUrl\":\"https:\/\/gymfactory.eu\/wp-content\/uploads\/2025\/01\/the-view-of-B5-gym-machine-1.webp\",\"datePublished\":\"2025-01-28T07:24:18+00:00\",\"dateModified\":\"2025-11-20T11:49:22+00:00\",\"description\":\"Pakeiskite savo treniruo\u010di\u0173 erdv\u0119 su B5 Smith Machine - naujovi\u0161ka treniruokli\u0173 sal\u0117s \u012franga, skirta j\u0117gos treniruot\u0117ms ir \u012fvairiapusiams viso k\u016bno pratimams.\",\"breadcrumb\":{\"@id\":\"https:\/\/gymfactory.eu\/lt\/produktas\/b5-smitho-masina\/#breadcrumb\"},\"inLanguage\":\"lt-LT\",\"potentialAction\":[{\"@type\":\"ReadAction\",\"target\":[\"https:\/\/gymfactory.eu\/lt\/produktas\/b5-smitho-masina\/\"]}]},{\"@type\":\"ImageObject\",\"inLanguage\":\"lt-LT\",\"@id\":\"https:\/\/gymfactory.eu\/lt\/produktas\/b5-smitho-masina\/#primaryimage\",\"url\":\"https:\/\/gymfactory.eu\/wp-content\/uploads\/2025\/01\/the-view-of-B5-gym-machine-1.webp\",\"contentUrl\":\"https:\/\/gymfactory.eu\/wp-content\/uploads\/2025\/01\/the-view-of-B5-gym-machine-1.webp\",\"width\":1500,\"height\":1500,\"caption\":\"Viso B5 treniruoklio vaizdas i\u0161ilgai, pabr\u0117\u017eiantis jo stabili\u0105 konstrukcij\u0105, \u0161tang\u0173 sistem\u0105 ir ergonomi\u0161k\u0105 treniruo\u010di\u0173 s\u0105rang\u0105. \u0160is treniruoklis padeda atlikti saugius ir efektyvius j\u0117gos pratimus.\"},{\"@type\":\"BreadcrumbList\",\"@id\":\"https:\/\/gymfactory.eu\/lt\/produktas\/b5-smitho-masina\/#breadcrumb\",\"itemListElement\":[{\"@type\":\"ListItem\",\"position\":1,\"name\":\"Pagrindinis\",\"item\":\"https:\/\/gymfactory.eu\/lt\/\"},{\"@type\":\"ListItem\",\"position\":2,\"name\":\"Katalogas\",\"item\":\"https:\/\/gymfactory.eu\/lt\/katalogas\/\"},{\"@type\":\"ListItem\",\"position\":3,\"name\":\"B5 Smito\u00a0treniruoklis \/ prit\u016bpim\u0173 stovas\"}]},{\"@type\":\"WebSite\",\"@id\":\"https:\/\/gymfactory.eu\/lt\/#website\",\"url\":\"https:\/\/gymfactory.eu\/lt\/\",\"name\":\"Gym Factory\",\"description\":\"\",\"publisher\":{\"@id\":\"https:\/\/gymfactory.eu\/lt\/#organization\"},\"potentialAction\":[{\"@type\":\"SearchAction\",\"target\":{\"@type\":\"EntryPoint\",\"urlTemplate\":\"https:\/\/gymfactory.eu\/lt\/?s={search_term_string}\"},\"query-input\":{\"@type\":\"PropertyValueSpecification\",\"valueRequired\":true,\"valueName\":\"search_term_string\"}}],\"inLanguage\":\"lt-LT\"},{\"@type\":\"Organization\",\"@id\":\"https:\/\/gymfactory.eu\/lt\/#organization\",\"name\":\"Sporto sal\u0117s gamykla\",\"url\":\"https:\/\/gymfactory.eu\/lt\/\",\"logo\":{\"@type\":\"ImageObject\",\"inLanguage\":\"lt-LT\",\"@id\":\"https:\/\/gymfactory.eu\/lt\/#\/schema\/logo\/image\/\",\"url\":\"https:\/\/gymfactory.eu\/wp-content\/uploads\/2024\/11\/Component-1.svg\",\"contentUrl\":\"https:\/\/gymfactory.eu\/wp-content\/uploads\/2024\/11\/Component-1.svg\",\"width\":54,\"height\":44,\"caption\":\"Sporto sal\u0117s gamykla\"},\"image\":{\"@id\":\"https:\/\/gymfactory.eu\/lt\/#\/schema\/logo\/image\/\"}}]}<\/script>\n<!-- \/ Yoast SEO plugin. -->","yoast_head_json":{"title":"B5 Smith Machine | Sporto sal\u0117s \u012franga viso k\u016bno treniruot\u0117ms","description":"Pakeiskite savo treniruo\u010di\u0173 erdv\u0119 su B5 Smith Machine - naujovi\u0161ka treniruokli\u0173 sal\u0117s \u012franga, skirta j\u0117gos treniruot\u0117ms ir \u012fvairiapusiams viso k\u016bno pratimams.","robots":{"index":"index","follow":"follow","max-snippet":"max-snippet:-1","max-image-preview":"max-image-preview:large","max-video-preview":"max-video-preview:-1"},"canonical":"https:\/\/gymfactory.eu\/lt\/produktas\/b5-smitho-masina\/","og_locale":"lt_LT","og_type":"article","og_title":"B5 Smith Machine | Sporto sal\u0117s \u012franga viso k\u016bno treniruot\u0117ms","og_description":"Pakeiskite savo treniruo\u010di\u0173 erdv\u0119 su B5 Smith Machine - naujovi\u0161ka treniruokli\u0173 sal\u0117s \u012franga, skirta j\u0117gos treniruot\u0117ms ir \u012fvairiapusiams viso k\u016bno pratimams.","og_url":"https:\/\/gymfactory.eu\/lt\/produktas\/b5-smitho-masina\/","og_site_name":"Gym Factory","article_modified_time":"2025-11-20T11:49:22+00:00","og_image":[{"width":1500,"height":1500,"url":"https:\/\/gymfactory.eu\/wp-content\/uploads\/2025\/01\/the-view-of-B5-gym-machine-1.webp","type":"image\/webp"}],"twitter_card":"summary_large_image","twitter_misc":{"Est. reading time":"1 minut\u0117"},"schema":{"@context":"https:\/\/schema.org","@graph":[{"@type":"WebPage","@id":"https:\/\/gymfactory.eu\/lt\/produktas\/b5-smitho-masina\/","url":"https:\/\/gymfactory.eu\/lt\/produktas\/b5-smitho-masina\/","name":"B5 Smith Machine | Sporto sal\u0117s \u012franga viso k\u016bno treniruot\u0117ms","isPartOf":{"@id":"https:\/\/gymfactory.eu\/lt\/#website"},"primaryImageOfPage":{"@id":"https:\/\/gymfactory.eu\/lt\/produktas\/b5-smitho-masina\/#primaryimage"},"image":{"@id":"https:\/\/gymfactory.eu\/lt\/produktas\/b5-smitho-masina\/#primaryimage"},"thumbnailUrl":"https:\/\/gymfactory.eu\/wp-content\/uploads\/2025\/01\/the-view-of-B5-gym-machine-1.webp","datePublished":"2025-01-28T07:24:18+00:00","dateModified":"2025-11-20T11:49:22+00:00","description":"Pakeiskite savo treniruo\u010di\u0173 erdv\u0119 su B5 Smith Machine - naujovi\u0161ka treniruokli\u0173 sal\u0117s \u012franga, skirta j\u0117gos treniruot\u0117ms ir \u012fvairiapusiams viso k\u016bno pratimams.","breadcrumb":{"@id":"https:\/\/gymfactory.eu\/lt\/produktas\/b5-smitho-masina\/#breadcrumb"},"inLanguage":"lt-LT","potentialAction":[{"@type":"ReadAction","target":["https:\/\/gymfactory.eu\/lt\/produktas\/b5-smitho-masina\/"]}]},{"@type":"ImageObject","inLanguage":"lt-LT","@id":"https:\/\/gymfactory.eu\/lt\/produktas\/b5-smitho-masina\/#primaryimage","url":"https:\/\/gymfactory.eu\/wp-content\/uploads\/2025\/01\/the-view-of-B5-gym-machine-1.webp","contentUrl":"https:\/\/gymfactory.eu\/wp-content\/uploads\/2025\/01\/the-view-of-B5-gym-machine-1.webp","width":1500,"height":1500,"caption":"Viso B5 treniruoklio vaizdas i\u0161ilgai, pabr\u0117\u017eiantis jo stabili\u0105 konstrukcij\u0105, \u0161tang\u0173 sistem\u0105 ir ergonomi\u0161k\u0105 treniruo\u010di\u0173 s\u0105rang\u0105. \u0160is treniruoklis padeda atlikti saugius ir efektyvius j\u0117gos pratimus."},{"@type":"BreadcrumbList","@id":"https:\/\/gymfactory.eu\/lt\/produktas\/b5-smitho-masina\/#breadcrumb","itemListElement":[{"@type":"ListItem","position":1,"name":"Pagrindinis","item":"https:\/\/gymfactory.eu\/lt\/"},{"@type":"ListItem","position":2,"name":"Katalogas","item":"https:\/\/gymfactory.eu\/lt\/katalogas\/"},{"@type":"ListItem","position":3,"name":"B5 Smito\u00a0treniruoklis \/ prit\u016bpim\u0173 stovas"}]},{"@type":"WebSite","@id":"https:\/\/gymfactory.eu\/lt\/#website","url":"https:\/\/gymfactory.eu\/lt\/","name":"Gym Factory","description":"","publisher":{"@id":"https:\/\/gymfactory.eu\/lt\/#organization"},"potentialAction":[{"@type":"SearchAction","target":{"@type":"EntryPoint","urlTemplate":"https:\/\/gymfactory.eu\/lt\/?s={search_term_string}"},"query-input":{"@type":"PropertyValueSpecification","valueRequired":true,"valueName":"search_term_string"}}],"inLanguage":"lt-LT"},{"@type":"Organization","@id":"https:\/\/gymfactory.eu\/lt\/#organization","name":"Sporto sal\u0117s gamykla","url":"https:\/\/gymfactory.eu\/lt\/","logo":{"@type":"ImageObject","inLanguage":"lt-LT","@id":"https:\/\/gymfactory.eu\/lt\/#\/schema\/logo\/image\/","url":"https:\/\/gymfactory.eu\/wp-content\/uploads\/2024\/11\/Component-1.svg","contentUrl":"https:\/\/gymfactory.eu\/wp-content\/uploads\/2024\/11\/Component-1.svg","width":54,"height":44,"caption":"Sporto sal\u0117s gamykla"},"image":{"@id":"https:\/\/gymfactory.eu\/lt\/#\/schema\/logo\/image\/"}}]}},"_links":{"self":[{"href":"https:\/\/gymfactory.eu\/lt\/wp-json\/wp\/v2\/product\/10691","targetHints":{"allow":["GET"]}}],"collection":[{"href":"https:\/\/gymfactory.eu\/lt\/wp-json\/wp\/v2\/product"}],"about":[{"href":"https:\/\/gymfactory.eu\/lt\/wp-json\/wp\/v2\/types\/product"}],"wp:featuredmedia":[{"embeddable":true,"href":"https:\/\/gymfactory.eu\/lt\/wp-json\/wp\/v2\/media\/8270"}],"wp:attachment":[{"href":"https:\/\/gymfactory.eu\/lt\/wp-json\/wp\/v2\/media?parent=10691"}],"wp:term":[{"taxonomy":"product_brand","embeddable":true,"href":"https:\/\/gymfactory.eu\/lt\/wp-json\/wp\/v2\/product_brand?post=10691"},{"taxonomy":"product_cat","embeddable":true,"href":"https:\/\/gymfactory.eu\/lt\/wp-json\/wp\/v2\/product_cat?post=10691"},{"taxonomy":"product_tag","embeddable":true,"href":"https:\/\/gymfactory.eu\/lt\/wp-json\/wp\/v2\/product_tag?post=10691"}],"curies":[{"name":"wp","href":"https:\/\/api.w.org\/{rel}","templated":true}]}}