{"id":10688,"date":"2025-01-27T12:24:19","date_gmt":"2025-01-27T10:24:19","guid":{"rendered":"https:\/\/gymfactory.eu\/product\/a6xl-nugaros-ir-krutines-masina\/"},"modified":"2025-11-20T12:44:46","modified_gmt":"2025-11-20T10:44:46","slug":"a6xl-nugaros-ir-krutines-masina","status":"publish","type":"product","link":"https:\/\/gymfactory.eu\/lt\/produktas\/a6xl-nugaros-ir-krutines-masina\/","title":{"rendered":"A6XL Kr\u016btin\u0117s ir nugaros treniruoklis &#8211; spaudimas s\u0117dint"},"content":{"rendered":"<p>A6XL \u2013 dvigubos funkcijos treniruoklis, skirtas visapusi\u0161kai vir\u0161utin\u0117s k\u016bno dalies treniruotei. Tvirta, kompakti\u0161ka konstrukcija padeda sutaupyti vietos ir leid\u017eia treniruoti kelias raumen\u0173 grupes vienu \u012frenginiu \u2013 puikus sprendimas tiek sporto klubui, tiek nam\u0173 sal\u0117s \u012frengimui.<\/p>\n<p>Treniruoklis leid\u017eia atlikti s\u0117dim\u0105 kr\u016btin\u0117s spaudim\u0105 (stiprina vir\u0161utin\u0117s kr\u016btin\u0117s raumenis, pe\u010dius ir trigalv\u012f \u017easto raumen\u012f) bei trauk\u0105 \u012f save (aktyvina nugar\u0105 ir dvigalv\u012f \u017easto raumen\u012f). Reguliuojama s\u0117dyn\u0117 leid\u017eia prisitaikyti prie skirtingo \u016bgio naudotoj\u0173.<\/p>\n\n    <div class=\"xs_social_share_widget xs_share_url after_content \t\tmain_content  wslu-style-1 wslu-share-box-shaped wslu-fill-colored wslu-none wslu-share-horizontal wslu-theme-font-no wslu-main_content\">\n\n\t\t\n        <ul>\n\t\t\t        <\/ul>\n    <\/div> \n","protected":false},"excerpt":{"rendered":"<p>A6XL \u2013 dvigubos funkcijos treniruoklis, skirtas visapusi\u0161kai vir\u0161utin\u0117s k\u016bno dalies treniruotei. Tvirta, kompakti\u0161ka konstrukcija padeda sutaupyti vietos ir leid\u017eia treniruoti kelias raumen\u0173 grupes vienu \u012frenginiu \u2013 puikus sprendimas tiek sporto klubui, tiek nam\u0173 sal\u0117s \u012frengimui. Treniruoklis leid\u017eia atlikti s\u0117dim\u0105 kr\u016btin\u0117s spaudim\u0105 (stiprina vir\u0161utin\u0117s kr\u016btin\u0117s raumenis, pe\u010dius ir trigalv\u012f \u017easto raumen\u012f) bei trauk\u0105 \u012f save (aktyvina [&hellip;]<\/p>\n","protected":false},"featured_media":20225,"template":"","meta":{"_acf_changed":false},"product_brand":[817],"product_cat":[421],"product_tag":[],"class_list":{"0":"post-10688","1":"product","2":"type-product","3":"status-publish","4":"has-post-thumbnail","6":"product_brand-gym-factory-lt","7":"product_cat-laisvu-svoriu-treniruokliai","9":"first","10":"onbackorder","11":"taxable","12":"shipping-taxable","13":"purchasable","14":"product-type-variable","15":"has-default-attributes"},"acf":[],"yoast_head":"<!-- This site is optimized with the Yoast SEO plugin v25.2 - https:\/\/yoast.com\/wordpress\/plugins\/seo\/ -->\n<title>A6XL nugaros ir kr\u016btin\u0117s treniruokliai, skirti naudoti namuose arba komerciniais tikslais<\/title>\n<meta name=\"description\" content=\"\u0160is A6XL nugaros ir kr\u016btin\u0117s treniruoklis yra vir\u0161utin\u0117s k\u016bno dalies treniruoklis. Kompakti\u0161kas, tvirtas ir universalus, jis padeda stiprinti raumenis.\" \/>\n<meta name=\"robots\" content=\"index, follow, max-snippet:-1, max-image-preview:large, max-video-preview:-1\" \/>\n<link rel=\"canonical\" href=\"https:\/\/gymfactory.eu\/lt\/produktas\/a6xl-nugaros-ir-krutines-masina\/\" \/>\n<meta property=\"og:locale\" content=\"lt_LT\" \/>\n<meta property=\"og:type\" content=\"article\" \/>\n<meta property=\"og:title\" content=\"A6XL nugaros ir kr\u016btin\u0117s treniruokliai, skirti naudoti namuose arba komerciniais tikslais\" \/>\n<meta property=\"og:description\" content=\"\u0160is A6XL nugaros ir kr\u016btin\u0117s treniruoklis yra vir\u0161utin\u0117s k\u016bno dalies treniruoklis. Kompakti\u0161kas, tvirtas ir universalus, jis padeda stiprinti raumenis.\" \/>\n<meta property=\"og:url\" content=\"https:\/\/gymfactory.eu\/lt\/produktas\/a6xl-nugaros-ir-krutines-masina\/\" \/>\n<meta property=\"og:site_name\" content=\"Gym Factory\" \/>\n<meta property=\"article:modified_time\" content=\"2025-11-20T10:44:46+00:00\" \/>\n<meta property=\"og:image\" content=\"https:\/\/gymfactory.eu\/wp-content\/uploads\/2025\/01\/A6XL-1.webp\" \/>\n\t<meta property=\"og:image:width\" content=\"1500\" \/>\n\t<meta property=\"og:image:height\" content=\"1500\" \/>\n\t<meta property=\"og:image:type\" content=\"image\/webp\" \/>\n<meta name=\"twitter:card\" content=\"summary_large_image\" \/>\n<meta name=\"twitter:label1\" content=\"Est. reading time\" \/>\n\t<meta name=\"twitter:data1\" content=\"1 minut\u0117\" \/>\n<script type=\"application\/ld+json\" class=\"yoast-schema-graph\">{\"@context\":\"https:\/\/schema.org\",\"@graph\":[{\"@type\":\"WebPage\",\"@id\":\"https:\/\/gymfactory.eu\/lt\/produktas\/a6xl-nugaros-ir-krutines-masina\/\",\"url\":\"https:\/\/gymfactory.eu\/lt\/produktas\/a6xl-nugaros-ir-krutines-masina\/\",\"name\":\"A6XL nugaros ir kr\u016btin\u0117s treniruokliai, skirti naudoti namuose arba komerciniais tikslais\",\"isPartOf\":{\"@id\":\"https:\/\/gymfactory.eu\/lt\/#website\"},\"primaryImageOfPage\":{\"@id\":\"https:\/\/gymfactory.eu\/lt\/produktas\/a6xl-nugaros-ir-krutines-masina\/#primaryimage\"},\"image\":{\"@id\":\"https:\/\/gymfactory.eu\/lt\/produktas\/a6xl-nugaros-ir-krutines-masina\/#primaryimage\"},\"thumbnailUrl\":\"https:\/\/gymfactory.eu\/wp-content\/uploads\/2025\/01\/A6XL-1.webp\",\"datePublished\":\"2025-01-27T10:24:19+00:00\",\"dateModified\":\"2025-11-20T10:44:46+00:00\",\"description\":\"\u0160is A6XL nugaros ir kr\u016btin\u0117s treniruoklis yra vir\u0161utin\u0117s k\u016bno dalies treniruoklis. Kompakti\u0161kas, tvirtas ir universalus, jis padeda stiprinti raumenis.\",\"breadcrumb\":{\"@id\":\"https:\/\/gymfactory.eu\/lt\/produktas\/a6xl-nugaros-ir-krutines-masina\/#breadcrumb\"},\"inLanguage\":\"lt-LT\",\"potentialAction\":[{\"@type\":\"ReadAction\",\"target\":[\"https:\/\/gymfactory.eu\/lt\/produktas\/a6xl-nugaros-ir-krutines-masina\/\"]}]},{\"@type\":\"ImageObject\",\"inLanguage\":\"lt-LT\",\"@id\":\"https:\/\/gymfactory.eu\/lt\/produktas\/a6xl-nugaros-ir-krutines-masina\/#primaryimage\",\"url\":\"https:\/\/gymfactory.eu\/wp-content\/uploads\/2025\/01\/A6XL-1.webp\",\"contentUrl\":\"https:\/\/gymfactory.eu\/wp-content\/uploads\/2025\/01\/A6XL-1.webp\",\"width\":1500,\"height\":1500,\"caption\":\"Full side view of the A6XL gym machine, featuring a durable design, multiple grip options, and adjustable components for a customizable workout experience. Built to support various strength training exercises.\"},{\"@type\":\"BreadcrumbList\",\"@id\":\"https:\/\/gymfactory.eu\/lt\/produktas\/a6xl-nugaros-ir-krutines-masina\/#breadcrumb\",\"itemListElement\":[{\"@type\":\"ListItem\",\"position\":1,\"name\":\"Pagrindinis\",\"item\":\"https:\/\/gymfactory.eu\/lt\/\"},{\"@type\":\"ListItem\",\"position\":2,\"name\":\"Katalogas\",\"item\":\"https:\/\/gymfactory.eu\/lt\/katalogas\/\"},{\"@type\":\"ListItem\",\"position\":3,\"name\":\"A6XL Kr\u016btin\u0117s ir nugaros treniruoklis &#8211; spaudimas s\u0117dint\"}]},{\"@type\":\"WebSite\",\"@id\":\"https:\/\/gymfactory.eu\/lt\/#website\",\"url\":\"https:\/\/gymfactory.eu\/lt\/\",\"name\":\"Gym Factory\",\"description\":\"\",\"publisher\":{\"@id\":\"https:\/\/gymfactory.eu\/lt\/#organization\"},\"potentialAction\":[{\"@type\":\"SearchAction\",\"target\":{\"@type\":\"EntryPoint\",\"urlTemplate\":\"https:\/\/gymfactory.eu\/lt\/?s={search_term_string}\"},\"query-input\":{\"@type\":\"PropertyValueSpecification\",\"valueRequired\":true,\"valueName\":\"search_term_string\"}}],\"inLanguage\":\"lt-LT\"},{\"@type\":\"Organization\",\"@id\":\"https:\/\/gymfactory.eu\/lt\/#organization\",\"name\":\"Sporto sal\u0117s gamykla\",\"url\":\"https:\/\/gymfactory.eu\/lt\/\",\"logo\":{\"@type\":\"ImageObject\",\"inLanguage\":\"lt-LT\",\"@id\":\"https:\/\/gymfactory.eu\/lt\/#\/schema\/logo\/image\/\",\"url\":\"https:\/\/gymfactory.eu\/wp-content\/uploads\/2024\/11\/Component-1.svg\",\"contentUrl\":\"https:\/\/gymfactory.eu\/wp-content\/uploads\/2024\/11\/Component-1.svg\",\"width\":54,\"height\":44,\"caption\":\"Sporto sal\u0117s gamykla\"},\"image\":{\"@id\":\"https:\/\/gymfactory.eu\/lt\/#\/schema\/logo\/image\/\"}}]}<\/script>\n<!-- \/ Yoast SEO plugin. -->","yoast_head_json":{"title":"A6XL nugaros ir kr\u016btin\u0117s treniruokliai, skirti naudoti namuose arba komerciniais tikslais","description":"\u0160is A6XL nugaros ir kr\u016btin\u0117s treniruoklis yra vir\u0161utin\u0117s k\u016bno dalies treniruoklis. Kompakti\u0161kas, tvirtas ir universalus, jis padeda stiprinti raumenis.","robots":{"index":"index","follow":"follow","max-snippet":"max-snippet:-1","max-image-preview":"max-image-preview:large","max-video-preview":"max-video-preview:-1"},"canonical":"https:\/\/gymfactory.eu\/lt\/produktas\/a6xl-nugaros-ir-krutines-masina\/","og_locale":"lt_LT","og_type":"article","og_title":"A6XL nugaros ir kr\u016btin\u0117s treniruokliai, skirti naudoti namuose arba komerciniais tikslais","og_description":"\u0160is A6XL nugaros ir kr\u016btin\u0117s treniruoklis yra vir\u0161utin\u0117s k\u016bno dalies treniruoklis. Kompakti\u0161kas, tvirtas ir universalus, jis padeda stiprinti raumenis.","og_url":"https:\/\/gymfactory.eu\/lt\/produktas\/a6xl-nugaros-ir-krutines-masina\/","og_site_name":"Gym Factory","article_modified_time":"2025-11-20T10:44:46+00:00","og_image":[{"width":1500,"height":1500,"url":"https:\/\/gymfactory.eu\/wp-content\/uploads\/2025\/01\/A6XL-1.webp","type":"image\/webp"}],"twitter_card":"summary_large_image","twitter_misc":{"Est. reading time":"1 minut\u0117"},"schema":{"@context":"https:\/\/schema.org","@graph":[{"@type":"WebPage","@id":"https:\/\/gymfactory.eu\/lt\/produktas\/a6xl-nugaros-ir-krutines-masina\/","url":"https:\/\/gymfactory.eu\/lt\/produktas\/a6xl-nugaros-ir-krutines-masina\/","name":"A6XL nugaros ir kr\u016btin\u0117s treniruokliai, skirti naudoti namuose arba komerciniais tikslais","isPartOf":{"@id":"https:\/\/gymfactory.eu\/lt\/#website"},"primaryImageOfPage":{"@id":"https:\/\/gymfactory.eu\/lt\/produktas\/a6xl-nugaros-ir-krutines-masina\/#primaryimage"},"image":{"@id":"https:\/\/gymfactory.eu\/lt\/produktas\/a6xl-nugaros-ir-krutines-masina\/#primaryimage"},"thumbnailUrl":"https:\/\/gymfactory.eu\/wp-content\/uploads\/2025\/01\/A6XL-1.webp","datePublished":"2025-01-27T10:24:19+00:00","dateModified":"2025-11-20T10:44:46+00:00","description":"\u0160is A6XL nugaros ir kr\u016btin\u0117s treniruoklis yra vir\u0161utin\u0117s k\u016bno dalies treniruoklis. Kompakti\u0161kas, tvirtas ir universalus, jis padeda stiprinti raumenis.","breadcrumb":{"@id":"https:\/\/gymfactory.eu\/lt\/produktas\/a6xl-nugaros-ir-krutines-masina\/#breadcrumb"},"inLanguage":"lt-LT","potentialAction":[{"@type":"ReadAction","target":["https:\/\/gymfactory.eu\/lt\/produktas\/a6xl-nugaros-ir-krutines-masina\/"]}]},{"@type":"ImageObject","inLanguage":"lt-LT","@id":"https:\/\/gymfactory.eu\/lt\/produktas\/a6xl-nugaros-ir-krutines-masina\/#primaryimage","url":"https:\/\/gymfactory.eu\/wp-content\/uploads\/2025\/01\/A6XL-1.webp","contentUrl":"https:\/\/gymfactory.eu\/wp-content\/uploads\/2025\/01\/A6XL-1.webp","width":1500,"height":1500,"caption":"Full side view of the A6XL gym machine, featuring a durable design, multiple grip options, and adjustable components for a customizable workout experience. Built to support various strength training exercises."},{"@type":"BreadcrumbList","@id":"https:\/\/gymfactory.eu\/lt\/produktas\/a6xl-nugaros-ir-krutines-masina\/#breadcrumb","itemListElement":[{"@type":"ListItem","position":1,"name":"Pagrindinis","item":"https:\/\/gymfactory.eu\/lt\/"},{"@type":"ListItem","position":2,"name":"Katalogas","item":"https:\/\/gymfactory.eu\/lt\/katalogas\/"},{"@type":"ListItem","position":3,"name":"A6XL Kr\u016btin\u0117s ir nugaros treniruoklis &#8211; spaudimas s\u0117dint"}]},{"@type":"WebSite","@id":"https:\/\/gymfactory.eu\/lt\/#website","url":"https:\/\/gymfactory.eu\/lt\/","name":"Gym Factory","description":"","publisher":{"@id":"https:\/\/gymfactory.eu\/lt\/#organization"},"potentialAction":[{"@type":"SearchAction","target":{"@type":"EntryPoint","urlTemplate":"https:\/\/gymfactory.eu\/lt\/?s={search_term_string}"},"query-input":{"@type":"PropertyValueSpecification","valueRequired":true,"valueName":"search_term_string"}}],"inLanguage":"lt-LT"},{"@type":"Organization","@id":"https:\/\/gymfactory.eu\/lt\/#organization","name":"Sporto sal\u0117s gamykla","url":"https:\/\/gymfactory.eu\/lt\/","logo":{"@type":"ImageObject","inLanguage":"lt-LT","@id":"https:\/\/gymfactory.eu\/lt\/#\/schema\/logo\/image\/","url":"https:\/\/gymfactory.eu\/wp-content\/uploads\/2024\/11\/Component-1.svg","contentUrl":"https:\/\/gymfactory.eu\/wp-content\/uploads\/2024\/11\/Component-1.svg","width":54,"height":44,"caption":"Sporto sal\u0117s gamykla"},"image":{"@id":"https:\/\/gymfactory.eu\/lt\/#\/schema\/logo\/image\/"}}]}},"_links":{"self":[{"href":"https:\/\/gymfactory.eu\/lt\/wp-json\/wp\/v2\/product\/10688","targetHints":{"allow":["GET"]}}],"collection":[{"href":"https:\/\/gymfactory.eu\/lt\/wp-json\/wp\/v2\/product"}],"about":[{"href":"https:\/\/gymfactory.eu\/lt\/wp-json\/wp\/v2\/types\/product"}],"wp:featuredmedia":[{"embeddable":true,"href":"https:\/\/gymfactory.eu\/lt\/wp-json\/wp\/v2\/media\/20225"}],"wp:attachment":[{"href":"https:\/\/gymfactory.eu\/lt\/wp-json\/wp\/v2\/media?parent=10688"}],"wp:term":[{"taxonomy":"product_brand","embeddable":true,"href":"https:\/\/gymfactory.eu\/lt\/wp-json\/wp\/v2\/product_brand?post=10688"},{"taxonomy":"product_cat","embeddable":true,"href":"https:\/\/gymfactory.eu\/lt\/wp-json\/wp\/v2\/product_cat?post=10688"},{"taxonomy":"product_tag","embeddable":true,"href":"https:\/\/gymfactory.eu\/lt\/wp-json\/wp\/v2\/product_tag?post=10688"}],"curies":[{"name":"wp","href":"https:\/\/api.w.org\/{rel}","templated":true}]}}