{"id":10685,"date":"2025-01-27T14:23:43","date_gmt":"2025-01-27T12:23:43","guid":{"rendered":"https:\/\/gymfactory.eu\/product\/a7-megztinio-masina\/"},"modified":"2025-11-20T13:19:40","modified_gmt":"2025-11-20T11:19:40","slug":"a7-megztinio-masina","status":"publish","type":"product","link":"https:\/\/gymfactory.eu\/lt\/produktas\/a7-megztinio-masina\/","title":{"rendered":"A7 \u201ePullover\u201c treniruoklis"},"content":{"rendered":"<p>A7 treniruoklis skirtas kr\u016btin\u0117s ir nugaros raumen\u0173 stiprinimui.<br \/>\nTvirta konstrukcija u\u017etikrina patikim\u0105 darb\u0105 intensyviose treniruot\u0117se \u2013 puikiai tinka profesionalioms sporto sal\u0117ms.<\/p>\n<p>Naudodami A7 galite atlikti \u201epullover\u201c pratim\u0105, kuris priklausomai nuo technikos leid\u017eia labiau akcentuoti nugar\u0105 arba kr\u016btin\u0119. Reguliuojamas s\u0117dyn\u0117s auk\u0161tis leid\u017eia treniruokl\u012f pritaikyti skirtingo \u016bgio naudotojams.<\/p>\n<p>Treniruoklyje integruota fiksavimo sistema, kuri leid\u017eia prad\u0117ti judes\u012f i\u0161 patogesn\u0117s pad\u0117ties. Kai fiksacija atleid\u017eiama, padid\u0117ja judesio amplitud\u0117 \u2013 tai suteikia gilesn\u012f raumen\u0173 tempim\u0105 ir stipresn\u012f susitraukim\u0105.<\/p>\n\n    <div class=\"xs_social_share_widget xs_share_url after_content \t\tmain_content  wslu-style-1 wslu-share-box-shaped wslu-fill-colored wslu-none wslu-share-horizontal wslu-theme-font-no wslu-main_content\">\n\n\t\t\n        <ul>\n\t\t\t        <\/ul>\n    <\/div> \n","protected":false},"excerpt":{"rendered":"<p>A7 treniruoklis skirtas kr\u016btin\u0117s ir nugaros raumen\u0173 stiprinimui. Tvirta konstrukcija u\u017etikrina patikim\u0105 darb\u0105 intensyviose treniruot\u0117se \u2013 puikiai tinka profesionalioms sporto sal\u0117ms. Naudodami A7 galite atlikti \u201epullover\u201c pratim\u0105, kuris priklausomai nuo technikos leid\u017eia labiau akcentuoti nugar\u0105 arba kr\u016btin\u0119. Reguliuojamas s\u0117dyn\u0117s auk\u0161tis leid\u017eia treniruokl\u012f pritaikyti skirtingo \u016bgio naudotojams. Treniruoklyje integruota fiksavimo sistema, kuri leid\u017eia prad\u0117ti judes\u012f i\u0161 [&hellip;]<\/p>\n","protected":false},"featured_media":29177,"template":"","meta":{"_acf_changed":false},"product_brand":[817],"product_cat":[421],"product_tag":[],"class_list":{"0":"post-10685","1":"product","2":"type-product","3":"status-publish","4":"has-post-thumbnail","6":"product_brand-gym-factory-lt","7":"product_cat-laisvu-svoriu-treniruokliai","9":"first","10":"onbackorder","11":"taxable","12":"shipping-taxable","13":"purchasable","14":"product-type-variable","15":"has-default-attributes"},"acf":[],"yoast_head":"<!-- This site is optimized with the Yoast SEO plugin v25.2 - https:\/\/yoast.com\/wordpress\/plugins\/seo\/ -->\n<title>A7 Pullover treniruoklis kr\u016btin\u0117s ir nugaros raumen\u0173 treniruot\u0117ms<\/title>\n<meta name=\"description\" content=\"Pagerinkite savo treniruo\u010di\u0173 rutin\u0105 su A7 Pullover Gym Machine - kompakti\u0161ka nam\u0173 treniruokli\u0173 sal\u0117s \u012franga, sukurta siekiant u\u017etikrinti j\u0117g\u0105, universalum\u0105 ir patogum\u0105.\" \/>\n<meta name=\"robots\" content=\"index, follow, max-snippet:-1, max-image-preview:large, max-video-preview:-1\" \/>\n<link rel=\"canonical\" href=\"https:\/\/gymfactory.eu\/lt\/produktas\/a7-megztinio-masina\/\" \/>\n<meta property=\"og:locale\" content=\"lt_LT\" \/>\n<meta property=\"og:type\" content=\"article\" \/>\n<meta property=\"og:title\" content=\"A7 Pullover treniruoklis kr\u016btin\u0117s ir nugaros raumen\u0173 treniruot\u0117ms\" \/>\n<meta property=\"og:description\" content=\"Pagerinkite savo treniruo\u010di\u0173 rutin\u0105 su A7 Pullover Gym Machine - kompakti\u0161ka nam\u0173 treniruokli\u0173 sal\u0117s \u012franga, sukurta siekiant u\u017etikrinti j\u0117g\u0105, universalum\u0105 ir patogum\u0105.\" \/>\n<meta property=\"og:url\" content=\"https:\/\/gymfactory.eu\/lt\/produktas\/a7-megztinio-masina\/\" \/>\n<meta property=\"og:site_name\" content=\"Gym Factory\" \/>\n<meta property=\"article:modified_time\" content=\"2025-11-20T11:19:40+00:00\" \/>\n<meta property=\"og:image\" content=\"https:\/\/gymfactory.eu\/wp-content\/uploads\/2025\/01\/a7-pullover-machine.webp\" \/>\n\t<meta property=\"og:image:width\" content=\"1500\" \/>\n\t<meta property=\"og:image:height\" content=\"1500\" \/>\n\t<meta property=\"og:image:type\" content=\"image\/webp\" \/>\n<meta name=\"twitter:card\" content=\"summary_large_image\" \/>\n<meta name=\"twitter:label1\" content=\"Est. reading time\" \/>\n\t<meta name=\"twitter:data1\" content=\"1 minut\u0117\" \/>\n<script type=\"application\/ld+json\" class=\"yoast-schema-graph\">{\"@context\":\"https:\/\/schema.org\",\"@graph\":[{\"@type\":\"WebPage\",\"@id\":\"https:\/\/gymfactory.eu\/lt\/produktas\/a7-megztinio-masina\/\",\"url\":\"https:\/\/gymfactory.eu\/lt\/produktas\/a7-megztinio-masina\/\",\"name\":\"A7 Pullover treniruoklis kr\u016btin\u0117s ir nugaros raumen\u0173 treniruot\u0117ms\",\"isPartOf\":{\"@id\":\"https:\/\/gymfactory.eu\/lt\/#website\"},\"primaryImageOfPage\":{\"@id\":\"https:\/\/gymfactory.eu\/lt\/produktas\/a7-megztinio-masina\/#primaryimage\"},\"image\":{\"@id\":\"https:\/\/gymfactory.eu\/lt\/produktas\/a7-megztinio-masina\/#primaryimage\"},\"thumbnailUrl\":\"https:\/\/gymfactory.eu\/wp-content\/uploads\/2025\/01\/a7-pullover-machine-1.webp\",\"datePublished\":\"2025-01-27T12:23:43+00:00\",\"dateModified\":\"2025-11-20T11:19:40+00:00\",\"description\":\"Pagerinkite savo treniruo\u010di\u0173 rutin\u0105 su A7 Pullover Gym Machine - kompakti\u0161ka nam\u0173 treniruokli\u0173 sal\u0117s \u012franga, sukurta siekiant u\u017etikrinti j\u0117g\u0105, universalum\u0105 ir patogum\u0105.\",\"breadcrumb\":{\"@id\":\"https:\/\/gymfactory.eu\/lt\/produktas\/a7-megztinio-masina\/#breadcrumb\"},\"inLanguage\":\"lt-LT\",\"potentialAction\":[{\"@type\":\"ReadAction\",\"target\":[\"https:\/\/gymfactory.eu\/lt\/produktas\/a7-megztinio-masina\/\"]}]},{\"@type\":\"ImageObject\",\"inLanguage\":\"lt-LT\",\"@id\":\"https:\/\/gymfactory.eu\/lt\/produktas\/a7-megztinio-masina\/#primaryimage\",\"url\":\"https:\/\/gymfactory.eu\/wp-content\/uploads\/2025\/01\/a7-pullover-machine-1.webp\",\"contentUrl\":\"https:\/\/gymfactory.eu\/wp-content\/uploads\/2025\/01\/a7-pullover-machine-1.webp\",\"width\":1500,\"height\":1500,\"caption\":\"A full view of the red A7 gym machine, designed for strength training with an adjustable seat, padded support, and a heavy-duty frame for enhanced durability and safety.\"},{\"@type\":\"BreadcrumbList\",\"@id\":\"https:\/\/gymfactory.eu\/lt\/produktas\/a7-megztinio-masina\/#breadcrumb\",\"itemListElement\":[{\"@type\":\"ListItem\",\"position\":1,\"name\":\"Pagrindinis\",\"item\":\"https:\/\/gymfactory.eu\/lt\/\"},{\"@type\":\"ListItem\",\"position\":2,\"name\":\"Katalogas\",\"item\":\"https:\/\/gymfactory.eu\/lt\/katalogas\/\"},{\"@type\":\"ListItem\",\"position\":3,\"name\":\"A7 \u201ePullover\u201c treniruoklis\"}]},{\"@type\":\"WebSite\",\"@id\":\"https:\/\/gymfactory.eu\/lt\/#website\",\"url\":\"https:\/\/gymfactory.eu\/lt\/\",\"name\":\"Gym Factory\",\"description\":\"\",\"publisher\":{\"@id\":\"https:\/\/gymfactory.eu\/lt\/#organization\"},\"potentialAction\":[{\"@type\":\"SearchAction\",\"target\":{\"@type\":\"EntryPoint\",\"urlTemplate\":\"https:\/\/gymfactory.eu\/lt\/?s={search_term_string}\"},\"query-input\":{\"@type\":\"PropertyValueSpecification\",\"valueRequired\":true,\"valueName\":\"search_term_string\"}}],\"inLanguage\":\"lt-LT\"},{\"@type\":\"Organization\",\"@id\":\"https:\/\/gymfactory.eu\/lt\/#organization\",\"name\":\"Sporto sal\u0117s gamykla\",\"url\":\"https:\/\/gymfactory.eu\/lt\/\",\"logo\":{\"@type\":\"ImageObject\",\"inLanguage\":\"lt-LT\",\"@id\":\"https:\/\/gymfactory.eu\/lt\/#\/schema\/logo\/image\/\",\"url\":\"https:\/\/gymfactory.eu\/wp-content\/uploads\/2024\/11\/Component-1.svg\",\"contentUrl\":\"https:\/\/gymfactory.eu\/wp-content\/uploads\/2024\/11\/Component-1.svg\",\"width\":54,\"height\":44,\"caption\":\"Sporto sal\u0117s gamykla\"},\"image\":{\"@id\":\"https:\/\/gymfactory.eu\/lt\/#\/schema\/logo\/image\/\"}}]}<\/script>\n<!-- \/ Yoast SEO plugin. -->","yoast_head_json":{"title":"A7 Pullover treniruoklis kr\u016btin\u0117s ir nugaros raumen\u0173 treniruot\u0117ms","description":"Pagerinkite savo treniruo\u010di\u0173 rutin\u0105 su A7 Pullover Gym Machine - kompakti\u0161ka nam\u0173 treniruokli\u0173 sal\u0117s \u012franga, sukurta siekiant u\u017etikrinti j\u0117g\u0105, universalum\u0105 ir patogum\u0105.","robots":{"index":"index","follow":"follow","max-snippet":"max-snippet:-1","max-image-preview":"max-image-preview:large","max-video-preview":"max-video-preview:-1"},"canonical":"https:\/\/gymfactory.eu\/lt\/produktas\/a7-megztinio-masina\/","og_locale":"lt_LT","og_type":"article","og_title":"A7 Pullover treniruoklis kr\u016btin\u0117s ir nugaros raumen\u0173 treniruot\u0117ms","og_description":"Pagerinkite savo treniruo\u010di\u0173 rutin\u0105 su A7 Pullover Gym Machine - kompakti\u0161ka nam\u0173 treniruokli\u0173 sal\u0117s \u012franga, sukurta siekiant u\u017etikrinti j\u0117g\u0105, universalum\u0105 ir patogum\u0105.","og_url":"https:\/\/gymfactory.eu\/lt\/produktas\/a7-megztinio-masina\/","og_site_name":"Gym Factory","article_modified_time":"2025-11-20T11:19:40+00:00","og_image":[{"width":1500,"height":1500,"url":"https:\/\/gymfactory.eu\/wp-content\/uploads\/2025\/01\/a7-pullover-machine.webp","type":"image\/webp"}],"twitter_card":"summary_large_image","twitter_misc":{"Est. reading time":"1 minut\u0117"},"schema":{"@context":"https:\/\/schema.org","@graph":[{"@type":"WebPage","@id":"https:\/\/gymfactory.eu\/lt\/produktas\/a7-megztinio-masina\/","url":"https:\/\/gymfactory.eu\/lt\/produktas\/a7-megztinio-masina\/","name":"A7 Pullover treniruoklis kr\u016btin\u0117s ir nugaros raumen\u0173 treniruot\u0117ms","isPartOf":{"@id":"https:\/\/gymfactory.eu\/lt\/#website"},"primaryImageOfPage":{"@id":"https:\/\/gymfactory.eu\/lt\/produktas\/a7-megztinio-masina\/#primaryimage"},"image":{"@id":"https:\/\/gymfactory.eu\/lt\/produktas\/a7-megztinio-masina\/#primaryimage"},"thumbnailUrl":"https:\/\/gymfactory.eu\/wp-content\/uploads\/2025\/01\/a7-pullover-machine-1.webp","datePublished":"2025-01-27T12:23:43+00:00","dateModified":"2025-11-20T11:19:40+00:00","description":"Pagerinkite savo treniruo\u010di\u0173 rutin\u0105 su A7 Pullover Gym Machine - kompakti\u0161ka nam\u0173 treniruokli\u0173 sal\u0117s \u012franga, sukurta siekiant u\u017etikrinti j\u0117g\u0105, universalum\u0105 ir patogum\u0105.","breadcrumb":{"@id":"https:\/\/gymfactory.eu\/lt\/produktas\/a7-megztinio-masina\/#breadcrumb"},"inLanguage":"lt-LT","potentialAction":[{"@type":"ReadAction","target":["https:\/\/gymfactory.eu\/lt\/produktas\/a7-megztinio-masina\/"]}]},{"@type":"ImageObject","inLanguage":"lt-LT","@id":"https:\/\/gymfactory.eu\/lt\/produktas\/a7-megztinio-masina\/#primaryimage","url":"https:\/\/gymfactory.eu\/wp-content\/uploads\/2025\/01\/a7-pullover-machine-1.webp","contentUrl":"https:\/\/gymfactory.eu\/wp-content\/uploads\/2025\/01\/a7-pullover-machine-1.webp","width":1500,"height":1500,"caption":"A full view of the red A7 gym machine, designed for strength training with an adjustable seat, padded support, and a heavy-duty frame for enhanced durability and safety."},{"@type":"BreadcrumbList","@id":"https:\/\/gymfactory.eu\/lt\/produktas\/a7-megztinio-masina\/#breadcrumb","itemListElement":[{"@type":"ListItem","position":1,"name":"Pagrindinis","item":"https:\/\/gymfactory.eu\/lt\/"},{"@type":"ListItem","position":2,"name":"Katalogas","item":"https:\/\/gymfactory.eu\/lt\/katalogas\/"},{"@type":"ListItem","position":3,"name":"A7 \u201ePullover\u201c treniruoklis"}]},{"@type":"WebSite","@id":"https:\/\/gymfactory.eu\/lt\/#website","url":"https:\/\/gymfactory.eu\/lt\/","name":"Gym Factory","description":"","publisher":{"@id":"https:\/\/gymfactory.eu\/lt\/#organization"},"potentialAction":[{"@type":"SearchAction","target":{"@type":"EntryPoint","urlTemplate":"https:\/\/gymfactory.eu\/lt\/?s={search_term_string}"},"query-input":{"@type":"PropertyValueSpecification","valueRequired":true,"valueName":"search_term_string"}}],"inLanguage":"lt-LT"},{"@type":"Organization","@id":"https:\/\/gymfactory.eu\/lt\/#organization","name":"Sporto sal\u0117s gamykla","url":"https:\/\/gymfactory.eu\/lt\/","logo":{"@type":"ImageObject","inLanguage":"lt-LT","@id":"https:\/\/gymfactory.eu\/lt\/#\/schema\/logo\/image\/","url":"https:\/\/gymfactory.eu\/wp-content\/uploads\/2024\/11\/Component-1.svg","contentUrl":"https:\/\/gymfactory.eu\/wp-content\/uploads\/2024\/11\/Component-1.svg","width":54,"height":44,"caption":"Sporto sal\u0117s gamykla"},"image":{"@id":"https:\/\/gymfactory.eu\/lt\/#\/schema\/logo\/image\/"}}]}},"_links":{"self":[{"href":"https:\/\/gymfactory.eu\/lt\/wp-json\/wp\/v2\/product\/10685","targetHints":{"allow":["GET"]}}],"collection":[{"href":"https:\/\/gymfactory.eu\/lt\/wp-json\/wp\/v2\/product"}],"about":[{"href":"https:\/\/gymfactory.eu\/lt\/wp-json\/wp\/v2\/types\/product"}],"wp:featuredmedia":[{"embeddable":true,"href":"https:\/\/gymfactory.eu\/lt\/wp-json\/wp\/v2\/media\/29177"}],"wp:attachment":[{"href":"https:\/\/gymfactory.eu\/lt\/wp-json\/wp\/v2\/media?parent=10685"}],"wp:term":[{"taxonomy":"product_brand","embeddable":true,"href":"https:\/\/gymfactory.eu\/lt\/wp-json\/wp\/v2\/product_brand?post=10685"},{"taxonomy":"product_cat","embeddable":true,"href":"https:\/\/gymfactory.eu\/lt\/wp-json\/wp\/v2\/product_cat?post=10685"},{"taxonomy":"product_tag","embeddable":true,"href":"https:\/\/gymfactory.eu\/lt\/wp-json\/wp\/v2\/product_tag?post=10685"}],"curies":[{"name":"wp","href":"https:\/\/api.w.org\/{rel}","templated":true}]}}