{"id":10682,"date":"2025-01-27T11:48:14","date_gmt":"2025-01-27T09:48:14","guid":{"rendered":"https:\/\/gymfactory.eu\/product\/a6-stovintis-krutines-spaudimo-aparatas\/"},"modified":"2025-11-20T12:43:18","modified_gmt":"2025-11-20T10:43:18","slug":"a6-stovintis-krutines-spaudimo-aparatas","status":"publish","type":"product","link":"https:\/\/gymfactory.eu\/lt\/produktas\/a6-stovintis-krutines-spaudimo-aparatas\/","title":{"rendered":"A6 Kr\u016btin\u0117s treniruoklis &#8211; spaudimas stovint"},"content":{"rendered":"<p>A6 stovimas kr\u016btin\u0117s spaudimo treniruoklis \u2013 prakti\u0161kas sprendimas vir\u0161utinei k\u016bno daliai stiprinti. Skirtas saugiai ir patogiai treniruotei, kai pagrindinis d\u0117mesys skiriamas kr\u016btin\u0117s raumenims, aktyvinant priekinius deltinius raumenis ir trigalv\u012f raumen\u012f.<\/p>\n<p>Stabili konstrukcija tinka tiek nam\u0173, tiek profesionaliam sporto klubui. Pratimai atliekami stovint. Integruotas fiksavimo mechanizmas, valdomas koja, leid\u017eia prad\u0117ti kiekvien\u0105 pakartojim\u0105 i\u0161 patogesn\u0117s pad\u0117ties.<\/p>\n\n    <div class=\"xs_social_share_widget xs_share_url after_content \t\tmain_content  wslu-style-1 wslu-share-box-shaped wslu-fill-colored wslu-none wslu-share-horizontal wslu-theme-font-no wslu-main_content\">\n\n\t\t\n        <ul>\n\t\t\t        <\/ul>\n    <\/div> \n","protected":false},"excerpt":{"rendered":"<p>A6 stovimas kr\u016btin\u0117s spaudimo treniruoklis \u2013 prakti\u0161kas sprendimas vir\u0161utinei k\u016bno daliai stiprinti. Skirtas saugiai ir patogiai treniruotei, kai pagrindinis d\u0117mesys skiriamas kr\u016btin\u0117s raumenims, aktyvinant priekinius deltinius raumenis ir trigalv\u012f raumen\u012f. Stabili konstrukcija tinka tiek nam\u0173, tiek profesionaliam sporto klubui. Pratimai atliekami stovint. Integruotas fiksavimo mechanizmas, valdomas koja, leid\u017eia prad\u0117ti kiekvien\u0105 pakartojim\u0105 i\u0161 patogesn\u0117s pad\u0117ties.<\/p>\n","protected":false},"featured_media":27953,"template":"","meta":{"_acf_changed":false},"product_brand":[817],"product_cat":[421],"product_tag":[],"class_list":{"0":"post-10682","1":"product","2":"type-product","3":"status-publish","4":"has-post-thumbnail","6":"product_brand-gym-factory-lt","7":"product_cat-laisvu-svoriu-treniruokliai","9":"first","10":"onbackorder","11":"taxable","12":"shipping-taxable","13":"purchasable","14":"product-type-variable","15":"has-default-attributes"},"acf":[],"yoast_head":"<!-- This site is optimized with the Yoast SEO plugin v25.2 - https:\/\/yoast.com\/wordpress\/plugins\/seo\/ -->\n<title>A6 stovinti kr\u016btin\u0117s spaudos treniruokli\u0173 sal\u0117 vir\u0161utin\u0117s k\u016bno dalies treniruotei<\/title>\n<meta name=\"description\" content=\"\u0160is A6 stovintis kr\u016btin\u0117s spaudimo treniruoklis yra puikus treniruoklis namams ir komerciniam naudojimui. Kompakti\u0161ka ir tvirta konstrukcija i\u0161laiko iki 600 kg svor\u012f.\" \/>\n<meta name=\"robots\" content=\"index, follow, max-snippet:-1, max-image-preview:large, max-video-preview:-1\" \/>\n<link rel=\"canonical\" href=\"https:\/\/gymfactory.eu\/lt\/produktas\/a6-stovintis-krutines-spaudimo-aparatas\/\" \/>\n<meta property=\"og:locale\" content=\"lt_LT\" \/>\n<meta property=\"og:type\" content=\"article\" \/>\n<meta property=\"og:title\" content=\"A6 stovinti kr\u016btin\u0117s spaudos treniruokli\u0173 sal\u0117 vir\u0161utin\u0117s k\u016bno dalies treniruotei\" \/>\n<meta property=\"og:description\" content=\"\u0160is A6 stovintis kr\u016btin\u0117s spaudimo treniruoklis yra puikus treniruoklis namams ir komerciniam naudojimui. Kompakti\u0161ka ir tvirta konstrukcija i\u0161laiko iki 600 kg svor\u012f.\" \/>\n<meta property=\"og:url\" content=\"https:\/\/gymfactory.eu\/lt\/produktas\/a6-stovintis-krutines-spaudimo-aparatas\/\" \/>\n<meta property=\"og:site_name\" content=\"Gym Factory\" \/>\n<meta property=\"article:modified_time\" content=\"2025-11-20T10:43:18+00:00\" \/>\n<meta property=\"og:image\" content=\"https:\/\/gymfactory.eu\/wp-content\/uploads\/2025\/01\/standing-A6-gym-machine-for-chest-3.webp\" \/>\n\t<meta property=\"og:image:width\" content=\"1500\" \/>\n\t<meta property=\"og:image:height\" content=\"1500\" \/>\n\t<meta property=\"og:image:type\" content=\"image\/webp\" \/>\n<meta name=\"twitter:card\" content=\"summary_large_image\" \/>\n<meta name=\"twitter:label1\" content=\"Est. reading time\" \/>\n\t<meta name=\"twitter:data1\" content=\"1 minut\u0117\" \/>\n<script type=\"application\/ld+json\" class=\"yoast-schema-graph\">{\"@context\":\"https:\/\/schema.org\",\"@graph\":[{\"@type\":\"WebPage\",\"@id\":\"https:\/\/gymfactory.eu\/lt\/produktas\/a6-stovintis-krutines-spaudimo-aparatas\/\",\"url\":\"https:\/\/gymfactory.eu\/lt\/produktas\/a6-stovintis-krutines-spaudimo-aparatas\/\",\"name\":\"A6 stovinti kr\u016btin\u0117s spaudos treniruokli\u0173 sal\u0117 vir\u0161utin\u0117s k\u016bno dalies treniruotei\",\"isPartOf\":{\"@id\":\"https:\/\/gymfactory.eu\/lt\/#website\"},\"primaryImageOfPage\":{\"@id\":\"https:\/\/gymfactory.eu\/lt\/produktas\/a6-stovintis-krutines-spaudimo-aparatas\/#primaryimage\"},\"image\":{\"@id\":\"https:\/\/gymfactory.eu\/lt\/produktas\/a6-stovintis-krutines-spaudimo-aparatas\/#primaryimage\"},\"thumbnailUrl\":\"https:\/\/gymfactory.eu\/wp-content\/uploads\/2025\/01\/standing-A6-gym-machine-for-chest.webp\",\"datePublished\":\"2025-01-27T09:48:14+00:00\",\"dateModified\":\"2025-11-20T10:43:18+00:00\",\"description\":\"\u0160is A6 stovintis kr\u016btin\u0117s spaudimo treniruoklis yra puikus treniruoklis namams ir komerciniam naudojimui. Kompakti\u0161ka ir tvirta konstrukcija i\u0161laiko iki 600 kg svor\u012f.\",\"breadcrumb\":{\"@id\":\"https:\/\/gymfactory.eu\/lt\/produktas\/a6-stovintis-krutines-spaudimo-aparatas\/#breadcrumb\"},\"inLanguage\":\"lt-LT\",\"potentialAction\":[{\"@type\":\"ReadAction\",\"target\":[\"https:\/\/gymfactory.eu\/lt\/produktas\/a6-stovintis-krutines-spaudimo-aparatas\/\"]}]},{\"@type\":\"ImageObject\",\"inLanguage\":\"lt-LT\",\"@id\":\"https:\/\/gymfactory.eu\/lt\/produktas\/a6-stovintis-krutines-spaudimo-aparatas\/#primaryimage\",\"url\":\"https:\/\/gymfactory.eu\/wp-content\/uploads\/2025\/01\/standing-A6-gym-machine-for-chest.webp\",\"contentUrl\":\"https:\/\/gymfactory.eu\/wp-content\/uploads\/2025\/01\/standing-A6-gym-machine-for-chest.webp\",\"width\":1500,\"height\":1500,\"caption\":\"Side angle showing the ergonomic design of the A6 Standing Chest Press for gym workouts\"},{\"@type\":\"BreadcrumbList\",\"@id\":\"https:\/\/gymfactory.eu\/lt\/produktas\/a6-stovintis-krutines-spaudimo-aparatas\/#breadcrumb\",\"itemListElement\":[{\"@type\":\"ListItem\",\"position\":1,\"name\":\"Pagrindinis\",\"item\":\"https:\/\/gymfactory.eu\/lt\/\"},{\"@type\":\"ListItem\",\"position\":2,\"name\":\"Katalogas\",\"item\":\"https:\/\/gymfactory.eu\/lt\/katalogas\/\"},{\"@type\":\"ListItem\",\"position\":3,\"name\":\"A6 Kr\u016btin\u0117s treniruoklis &#8211; spaudimas stovint\"}]},{\"@type\":\"WebSite\",\"@id\":\"https:\/\/gymfactory.eu\/lt\/#website\",\"url\":\"https:\/\/gymfactory.eu\/lt\/\",\"name\":\"Gym Factory\",\"description\":\"\",\"publisher\":{\"@id\":\"https:\/\/gymfactory.eu\/lt\/#organization\"},\"potentialAction\":[{\"@type\":\"SearchAction\",\"target\":{\"@type\":\"EntryPoint\",\"urlTemplate\":\"https:\/\/gymfactory.eu\/lt\/?s={search_term_string}\"},\"query-input\":{\"@type\":\"PropertyValueSpecification\",\"valueRequired\":true,\"valueName\":\"search_term_string\"}}],\"inLanguage\":\"lt-LT\"},{\"@type\":\"Organization\",\"@id\":\"https:\/\/gymfactory.eu\/lt\/#organization\",\"name\":\"Sporto sal\u0117s gamykla\",\"url\":\"https:\/\/gymfactory.eu\/lt\/\",\"logo\":{\"@type\":\"ImageObject\",\"inLanguage\":\"lt-LT\",\"@id\":\"https:\/\/gymfactory.eu\/lt\/#\/schema\/logo\/image\/\",\"url\":\"https:\/\/gymfactory.eu\/wp-content\/uploads\/2024\/11\/Component-1.svg\",\"contentUrl\":\"https:\/\/gymfactory.eu\/wp-content\/uploads\/2024\/11\/Component-1.svg\",\"width\":54,\"height\":44,\"caption\":\"Sporto sal\u0117s gamykla\"},\"image\":{\"@id\":\"https:\/\/gymfactory.eu\/lt\/#\/schema\/logo\/image\/\"}}]}<\/script>\n<!-- \/ Yoast SEO plugin. -->","yoast_head_json":{"title":"A6 stovinti kr\u016btin\u0117s spaudos treniruokli\u0173 sal\u0117 vir\u0161utin\u0117s k\u016bno dalies treniruotei","description":"\u0160is A6 stovintis kr\u016btin\u0117s spaudimo treniruoklis yra puikus treniruoklis namams ir komerciniam naudojimui. Kompakti\u0161ka ir tvirta konstrukcija i\u0161laiko iki 600 kg svor\u012f.","robots":{"index":"index","follow":"follow","max-snippet":"max-snippet:-1","max-image-preview":"max-image-preview:large","max-video-preview":"max-video-preview:-1"},"canonical":"https:\/\/gymfactory.eu\/lt\/produktas\/a6-stovintis-krutines-spaudimo-aparatas\/","og_locale":"lt_LT","og_type":"article","og_title":"A6 stovinti kr\u016btin\u0117s spaudos treniruokli\u0173 sal\u0117 vir\u0161utin\u0117s k\u016bno dalies treniruotei","og_description":"\u0160is A6 stovintis kr\u016btin\u0117s spaudimo treniruoklis yra puikus treniruoklis namams ir komerciniam naudojimui. Kompakti\u0161ka ir tvirta konstrukcija i\u0161laiko iki 600 kg svor\u012f.","og_url":"https:\/\/gymfactory.eu\/lt\/produktas\/a6-stovintis-krutines-spaudimo-aparatas\/","og_site_name":"Gym Factory","article_modified_time":"2025-11-20T10:43:18+00:00","og_image":[{"width":1500,"height":1500,"url":"https:\/\/gymfactory.eu\/wp-content\/uploads\/2025\/01\/standing-A6-gym-machine-for-chest-3.webp","type":"image\/webp"}],"twitter_card":"summary_large_image","twitter_misc":{"Est. reading time":"1 minut\u0117"},"schema":{"@context":"https:\/\/schema.org","@graph":[{"@type":"WebPage","@id":"https:\/\/gymfactory.eu\/lt\/produktas\/a6-stovintis-krutines-spaudimo-aparatas\/","url":"https:\/\/gymfactory.eu\/lt\/produktas\/a6-stovintis-krutines-spaudimo-aparatas\/","name":"A6 stovinti kr\u016btin\u0117s spaudos treniruokli\u0173 sal\u0117 vir\u0161utin\u0117s k\u016bno dalies treniruotei","isPartOf":{"@id":"https:\/\/gymfactory.eu\/lt\/#website"},"primaryImageOfPage":{"@id":"https:\/\/gymfactory.eu\/lt\/produktas\/a6-stovintis-krutines-spaudimo-aparatas\/#primaryimage"},"image":{"@id":"https:\/\/gymfactory.eu\/lt\/produktas\/a6-stovintis-krutines-spaudimo-aparatas\/#primaryimage"},"thumbnailUrl":"https:\/\/gymfactory.eu\/wp-content\/uploads\/2025\/01\/standing-A6-gym-machine-for-chest.webp","datePublished":"2025-01-27T09:48:14+00:00","dateModified":"2025-11-20T10:43:18+00:00","description":"\u0160is A6 stovintis kr\u016btin\u0117s spaudimo treniruoklis yra puikus treniruoklis namams ir komerciniam naudojimui. Kompakti\u0161ka ir tvirta konstrukcija i\u0161laiko iki 600 kg svor\u012f.","breadcrumb":{"@id":"https:\/\/gymfactory.eu\/lt\/produktas\/a6-stovintis-krutines-spaudimo-aparatas\/#breadcrumb"},"inLanguage":"lt-LT","potentialAction":[{"@type":"ReadAction","target":["https:\/\/gymfactory.eu\/lt\/produktas\/a6-stovintis-krutines-spaudimo-aparatas\/"]}]},{"@type":"ImageObject","inLanguage":"lt-LT","@id":"https:\/\/gymfactory.eu\/lt\/produktas\/a6-stovintis-krutines-spaudimo-aparatas\/#primaryimage","url":"https:\/\/gymfactory.eu\/wp-content\/uploads\/2025\/01\/standing-A6-gym-machine-for-chest.webp","contentUrl":"https:\/\/gymfactory.eu\/wp-content\/uploads\/2025\/01\/standing-A6-gym-machine-for-chest.webp","width":1500,"height":1500,"caption":"Side angle showing the ergonomic design of the A6 Standing Chest Press for gym workouts"},{"@type":"BreadcrumbList","@id":"https:\/\/gymfactory.eu\/lt\/produktas\/a6-stovintis-krutines-spaudimo-aparatas\/#breadcrumb","itemListElement":[{"@type":"ListItem","position":1,"name":"Pagrindinis","item":"https:\/\/gymfactory.eu\/lt\/"},{"@type":"ListItem","position":2,"name":"Katalogas","item":"https:\/\/gymfactory.eu\/lt\/katalogas\/"},{"@type":"ListItem","position":3,"name":"A6 Kr\u016btin\u0117s treniruoklis &#8211; spaudimas stovint"}]},{"@type":"WebSite","@id":"https:\/\/gymfactory.eu\/lt\/#website","url":"https:\/\/gymfactory.eu\/lt\/","name":"Gym Factory","description":"","publisher":{"@id":"https:\/\/gymfactory.eu\/lt\/#organization"},"potentialAction":[{"@type":"SearchAction","target":{"@type":"EntryPoint","urlTemplate":"https:\/\/gymfactory.eu\/lt\/?s={search_term_string}"},"query-input":{"@type":"PropertyValueSpecification","valueRequired":true,"valueName":"search_term_string"}}],"inLanguage":"lt-LT"},{"@type":"Organization","@id":"https:\/\/gymfactory.eu\/lt\/#organization","name":"Sporto sal\u0117s gamykla","url":"https:\/\/gymfactory.eu\/lt\/","logo":{"@type":"ImageObject","inLanguage":"lt-LT","@id":"https:\/\/gymfactory.eu\/lt\/#\/schema\/logo\/image\/","url":"https:\/\/gymfactory.eu\/wp-content\/uploads\/2024\/11\/Component-1.svg","contentUrl":"https:\/\/gymfactory.eu\/wp-content\/uploads\/2024\/11\/Component-1.svg","width":54,"height":44,"caption":"Sporto sal\u0117s gamykla"},"image":{"@id":"https:\/\/gymfactory.eu\/lt\/#\/schema\/logo\/image\/"}}]}},"_links":{"self":[{"href":"https:\/\/gymfactory.eu\/lt\/wp-json\/wp\/v2\/product\/10682","targetHints":{"allow":["GET"]}}],"collection":[{"href":"https:\/\/gymfactory.eu\/lt\/wp-json\/wp\/v2\/product"}],"about":[{"href":"https:\/\/gymfactory.eu\/lt\/wp-json\/wp\/v2\/types\/product"}],"wp:featuredmedia":[{"embeddable":true,"href":"https:\/\/gymfactory.eu\/lt\/wp-json\/wp\/v2\/media\/27953"}],"wp:attachment":[{"href":"https:\/\/gymfactory.eu\/lt\/wp-json\/wp\/v2\/media?parent=10682"}],"wp:term":[{"taxonomy":"product_brand","embeddable":true,"href":"https:\/\/gymfactory.eu\/lt\/wp-json\/wp\/v2\/product_brand?post=10682"},{"taxonomy":"product_cat","embeddable":true,"href":"https:\/\/gymfactory.eu\/lt\/wp-json\/wp\/v2\/product_cat?post=10682"},{"taxonomy":"product_tag","embeddable":true,"href":"https:\/\/gymfactory.eu\/lt\/wp-json\/wp\/v2\/product_tag?post=10682"}],"curies":[{"name":"wp","href":"https:\/\/api.w.org\/{rel}","templated":true}]}}