{"id":10676,"date":"2025-01-27T10:06:05","date_gmt":"2025-01-27T08:06:05","guid":{"rendered":"https:\/\/gymfactory.eu\/product\/a3x-decline-krutines-spaudimo-masina\/"},"modified":"2025-11-20T12:39:19","modified_gmt":"2025-11-20T10:39:19","slug":"a3x-decline-krutines-spaudimo-masina","status":"publish","type":"product","link":"https:\/\/gymfactory.eu\/lt\/produktas\/a3x-decline-krutines-spaudimo-masina\/","title":{"rendered":"A3X Kr\u016btin\u0117s treniruoklis &#8211; spaudimas \u017eemyn galva"},"content":{"rendered":"<p>A3X kr\u016btin\u0117s treniruoklis, \u017eemyn galva spaudimu \u2013 puikus pasirinkimas efektyvioms kr\u016btin\u0117s treniruot\u0117ms.<br \/>\nJis padeda auginti j\u0117g\u0105, apimt\u012f ir aktyvuoti reikiamus raumenis, o k\u016bnas viso pratimo metu i\u0161lieka stabilus ir saugus.<\/p>\n<p>Su A3X atliekamas spaudimas \u017eemyn galva \u2013 tai pratimas, kuris stiprina apatin\u0119 kr\u016btin\u0117s dal\u012f.<\/p>\n<p>Treniruoklis suteikia nat\u016bral\u0173 judes\u012f: pradedama pla\u010diai, o judesio pabaigoje rankos suart\u0117ja. Tokia trajektorija leid\u017eia maksimaliai i\u0161tempti kr\u016btin\u0119 prad\u017eioje ir i\u0161gauti stipr\u0173 raumen\u0173 susitraukim\u0105 pabaigoje.<\/p>\n\n    <div class=\"xs_social_share_widget xs_share_url after_content \t\tmain_content  wslu-style-1 wslu-share-box-shaped wslu-fill-colored wslu-none wslu-share-horizontal wslu-theme-font-no wslu-main_content\">\n\n\t\t\n        <ul>\n\t\t\t        <\/ul>\n    <\/div> \n","protected":false},"excerpt":{"rendered":"<p>A3X kr\u016btin\u0117s treniruoklis, \u017eemyn galva spaudimu \u2013 puikus pasirinkimas efektyvioms kr\u016btin\u0117s treniruot\u0117ms. Jis padeda auginti j\u0117g\u0105, apimt\u012f ir aktyvuoti reikiamus raumenis, o k\u016bnas viso pratimo metu i\u0161lieka stabilus ir saugus. Su A3X atliekamas spaudimas \u017eemyn galva \u2013 tai pratimas, kuris stiprina apatin\u0119 kr\u016btin\u0117s dal\u012f. Treniruoklis suteikia nat\u016bral\u0173 judes\u012f: pradedama pla\u010diai, o judesio pabaigoje rankos suart\u0117ja. [&hellip;]<\/p>\n","protected":false},"featured_media":12958,"template":"","meta":{"_acf_changed":false},"product_brand":[817],"product_cat":[421],"product_tag":[],"class_list":{"0":"post-10676","1":"product","2":"type-product","3":"status-publish","4":"has-post-thumbnail","6":"product_brand-gym-factory-lt","7":"product_cat-laisvu-svoriu-treniruokliai","9":"first","10":"onbackorder","11":"taxable","12":"shipping-taxable","13":"purchasable","14":"product-type-variable"},"acf":[],"yoast_head":"<!-- This site is optimized with the Yoast SEO plugin v25.2 - https:\/\/yoast.com\/wordpress\/plugins\/seo\/ -->\n<title>A3X Decline kr\u016btin\u0117s spaudimo treniruokli\u0173 sal\u0117s ma\u0161ina, skirta j\u0117gos treniruot\u0117ms<\/title>\n<meta name=\"description\" content=\"&quot;A3X Decline Chest Press&quot; treniruokli\u0173 sal\u0117 sukurta kaip kr\u016btin\u0117s pratim\u0173 \u012franga. Daugiausia d\u0117mesio skiriama apatinei kr\u016btin\u0117s daliai, tricepsams ir \u0161erd\u017eiai. Atlaiko iki 400 kg svor\u012f.\" \/>\n<meta name=\"robots\" content=\"index, follow, max-snippet:-1, max-image-preview:large, max-video-preview:-1\" \/>\n<link rel=\"canonical\" href=\"https:\/\/gymfactory.eu\/lt\/produktas\/a3x-decline-krutines-spaudimo-masina\/\" \/>\n<meta property=\"og:locale\" content=\"lt_LT\" \/>\n<meta property=\"og:type\" content=\"article\" \/>\n<meta property=\"og:title\" content=\"A3X Decline kr\u016btin\u0117s spaudimo treniruokli\u0173 sal\u0117s ma\u0161ina, skirta j\u0117gos treniruot\u0117ms\" \/>\n<meta property=\"og:description\" content=\"&quot;A3X Decline Chest Press&quot; treniruokli\u0173 sal\u0117 sukurta kaip kr\u016btin\u0117s pratim\u0173 \u012franga. Daugiausia d\u0117mesio skiriama apatinei kr\u016btin\u0117s daliai, tricepsams ir \u0161erd\u017eiai. Atlaiko iki 400 kg svor\u012f.\" \/>\n<meta property=\"og:url\" content=\"https:\/\/gymfactory.eu\/lt\/produktas\/a3x-decline-krutines-spaudimo-masina\/\" \/>\n<meta property=\"og:site_name\" content=\"Gym Factory\" \/>\n<meta property=\"article:modified_time\" content=\"2025-11-20T10:39:19+00:00\" \/>\n<meta property=\"og:image\" content=\"https:\/\/gymfactory.eu\/wp-content\/uploads\/2025\/01\/A3X-gym-machine-for-chest-1.webp\" \/>\n\t<meta property=\"og:image:width\" content=\"1500\" \/>\n\t<meta property=\"og:image:height\" content=\"1500\" \/>\n\t<meta property=\"og:image:type\" content=\"image\/webp\" \/>\n<meta name=\"twitter:card\" content=\"summary_large_image\" \/>\n<meta name=\"twitter:label1\" content=\"Est. reading time\" \/>\n\t<meta name=\"twitter:data1\" content=\"1 minut\u0117\" \/>\n<script type=\"application\/ld+json\" class=\"yoast-schema-graph\">{\"@context\":\"https:\/\/schema.org\",\"@graph\":[{\"@type\":\"WebPage\",\"@id\":\"https:\/\/gymfactory.eu\/lt\/produktas\/a3x-decline-krutines-spaudimo-masina\/\",\"url\":\"https:\/\/gymfactory.eu\/lt\/produktas\/a3x-decline-krutines-spaudimo-masina\/\",\"name\":\"A3X Decline kr\u016btin\u0117s spaudimo treniruokli\u0173 sal\u0117s ma\u0161ina, skirta j\u0117gos treniruot\u0117ms\",\"isPartOf\":{\"@id\":\"https:\/\/gymfactory.eu\/lt\/#website\"},\"primaryImageOfPage\":{\"@id\":\"https:\/\/gymfactory.eu\/lt\/produktas\/a3x-decline-krutines-spaudimo-masina\/#primaryimage\"},\"image\":{\"@id\":\"https:\/\/gymfactory.eu\/lt\/produktas\/a3x-decline-krutines-spaudimo-masina\/#primaryimage\"},\"thumbnailUrl\":\"https:\/\/gymfactory.eu\/wp-content\/uploads\/2025\/01\/A3X-gym-machine-for-chest-1.webp\",\"datePublished\":\"2025-01-27T08:06:05+00:00\",\"dateModified\":\"2025-11-20T10:39:19+00:00\",\"description\":\"\\\"A3X Decline Chest Press\\\" treniruokli\u0173 sal\u0117 sukurta kaip kr\u016btin\u0117s pratim\u0173 \u012franga. Daugiausia d\u0117mesio skiriama apatinei kr\u016btin\u0117s daliai, tricepsams ir \u0161erd\u017eiai. Atlaiko iki 400 kg svor\u012f.\",\"breadcrumb\":{\"@id\":\"https:\/\/gymfactory.eu\/lt\/produktas\/a3x-decline-krutines-spaudimo-masina\/#breadcrumb\"},\"inLanguage\":\"lt-LT\",\"potentialAction\":[{\"@type\":\"ReadAction\",\"target\":[\"https:\/\/gymfactory.eu\/lt\/produktas\/a3x-decline-krutines-spaudimo-masina\/\"]}]},{\"@type\":\"ImageObject\",\"inLanguage\":\"lt-LT\",\"@id\":\"https:\/\/gymfactory.eu\/lt\/produktas\/a3x-decline-krutines-spaudimo-masina\/#primaryimage\",\"url\":\"https:\/\/gymfactory.eu\/wp-content\/uploads\/2025\/01\/A3X-gym-machine-for-chest-1.webp\",\"contentUrl\":\"https:\/\/gymfactory.eu\/wp-content\/uploads\/2025\/01\/A3X-gym-machine-for-chest-1.webp\",\"width\":1500,\"height\":1500,\"caption\":\"A3X gym machine with a black frame and black leather padding is for chest workouts. This gym equipment is designed for upper body strength training and features ergonomic handles, weight plate storage, and adjustable components to ensure a customized and comfortable workout.\"},{\"@type\":\"BreadcrumbList\",\"@id\":\"https:\/\/gymfactory.eu\/lt\/produktas\/a3x-decline-krutines-spaudimo-masina\/#breadcrumb\",\"itemListElement\":[{\"@type\":\"ListItem\",\"position\":1,\"name\":\"Pagrindinis\",\"item\":\"https:\/\/gymfactory.eu\/lt\/\"},{\"@type\":\"ListItem\",\"position\":2,\"name\":\"Katalogas\",\"item\":\"https:\/\/gymfactory.eu\/lt\/katalogas\/\"},{\"@type\":\"ListItem\",\"position\":3,\"name\":\"A3X Kr\u016btin\u0117s treniruoklis &#8211; spaudimas \u017eemyn galva\"}]},{\"@type\":\"WebSite\",\"@id\":\"https:\/\/gymfactory.eu\/lt\/#website\",\"url\":\"https:\/\/gymfactory.eu\/lt\/\",\"name\":\"Gym Factory\",\"description\":\"\",\"publisher\":{\"@id\":\"https:\/\/gymfactory.eu\/lt\/#organization\"},\"potentialAction\":[{\"@type\":\"SearchAction\",\"target\":{\"@type\":\"EntryPoint\",\"urlTemplate\":\"https:\/\/gymfactory.eu\/lt\/?s={search_term_string}\"},\"query-input\":{\"@type\":\"PropertyValueSpecification\",\"valueRequired\":true,\"valueName\":\"search_term_string\"}}],\"inLanguage\":\"lt-LT\"},{\"@type\":\"Organization\",\"@id\":\"https:\/\/gymfactory.eu\/lt\/#organization\",\"name\":\"Sporto sal\u0117s gamykla\",\"url\":\"https:\/\/gymfactory.eu\/lt\/\",\"logo\":{\"@type\":\"ImageObject\",\"inLanguage\":\"lt-LT\",\"@id\":\"https:\/\/gymfactory.eu\/lt\/#\/schema\/logo\/image\/\",\"url\":\"https:\/\/gymfactory.eu\/wp-content\/uploads\/2024\/11\/Component-1.svg\",\"contentUrl\":\"https:\/\/gymfactory.eu\/wp-content\/uploads\/2024\/11\/Component-1.svg\",\"width\":54,\"height\":44,\"caption\":\"Sporto sal\u0117s gamykla\"},\"image\":{\"@id\":\"https:\/\/gymfactory.eu\/lt\/#\/schema\/logo\/image\/\"}}]}<\/script>\n<!-- \/ Yoast SEO plugin. -->","yoast_head_json":{"title":"A3X Decline kr\u016btin\u0117s spaudimo treniruokli\u0173 sal\u0117s ma\u0161ina, skirta j\u0117gos treniruot\u0117ms","description":"\"A3X Decline Chest Press\" treniruokli\u0173 sal\u0117 sukurta kaip kr\u016btin\u0117s pratim\u0173 \u012franga. Daugiausia d\u0117mesio skiriama apatinei kr\u016btin\u0117s daliai, tricepsams ir \u0161erd\u017eiai. Atlaiko iki 400 kg svor\u012f.","robots":{"index":"index","follow":"follow","max-snippet":"max-snippet:-1","max-image-preview":"max-image-preview:large","max-video-preview":"max-video-preview:-1"},"canonical":"https:\/\/gymfactory.eu\/lt\/produktas\/a3x-decline-krutines-spaudimo-masina\/","og_locale":"lt_LT","og_type":"article","og_title":"A3X Decline kr\u016btin\u0117s spaudimo treniruokli\u0173 sal\u0117s ma\u0161ina, skirta j\u0117gos treniruot\u0117ms","og_description":"\"A3X Decline Chest Press\" treniruokli\u0173 sal\u0117 sukurta kaip kr\u016btin\u0117s pratim\u0173 \u012franga. Daugiausia d\u0117mesio skiriama apatinei kr\u016btin\u0117s daliai, tricepsams ir \u0161erd\u017eiai. Atlaiko iki 400 kg svor\u012f.","og_url":"https:\/\/gymfactory.eu\/lt\/produktas\/a3x-decline-krutines-spaudimo-masina\/","og_site_name":"Gym Factory","article_modified_time":"2025-11-20T10:39:19+00:00","og_image":[{"width":1500,"height":1500,"url":"https:\/\/gymfactory.eu\/wp-content\/uploads\/2025\/01\/A3X-gym-machine-for-chest-1.webp","type":"image\/webp"}],"twitter_card":"summary_large_image","twitter_misc":{"Est. reading time":"1 minut\u0117"},"schema":{"@context":"https:\/\/schema.org","@graph":[{"@type":"WebPage","@id":"https:\/\/gymfactory.eu\/lt\/produktas\/a3x-decline-krutines-spaudimo-masina\/","url":"https:\/\/gymfactory.eu\/lt\/produktas\/a3x-decline-krutines-spaudimo-masina\/","name":"A3X Decline kr\u016btin\u0117s spaudimo treniruokli\u0173 sal\u0117s ma\u0161ina, skirta j\u0117gos treniruot\u0117ms","isPartOf":{"@id":"https:\/\/gymfactory.eu\/lt\/#website"},"primaryImageOfPage":{"@id":"https:\/\/gymfactory.eu\/lt\/produktas\/a3x-decline-krutines-spaudimo-masina\/#primaryimage"},"image":{"@id":"https:\/\/gymfactory.eu\/lt\/produktas\/a3x-decline-krutines-spaudimo-masina\/#primaryimage"},"thumbnailUrl":"https:\/\/gymfactory.eu\/wp-content\/uploads\/2025\/01\/A3X-gym-machine-for-chest-1.webp","datePublished":"2025-01-27T08:06:05+00:00","dateModified":"2025-11-20T10:39:19+00:00","description":"\"A3X Decline Chest Press\" treniruokli\u0173 sal\u0117 sukurta kaip kr\u016btin\u0117s pratim\u0173 \u012franga. Daugiausia d\u0117mesio skiriama apatinei kr\u016btin\u0117s daliai, tricepsams ir \u0161erd\u017eiai. Atlaiko iki 400 kg svor\u012f.","breadcrumb":{"@id":"https:\/\/gymfactory.eu\/lt\/produktas\/a3x-decline-krutines-spaudimo-masina\/#breadcrumb"},"inLanguage":"lt-LT","potentialAction":[{"@type":"ReadAction","target":["https:\/\/gymfactory.eu\/lt\/produktas\/a3x-decline-krutines-spaudimo-masina\/"]}]},{"@type":"ImageObject","inLanguage":"lt-LT","@id":"https:\/\/gymfactory.eu\/lt\/produktas\/a3x-decline-krutines-spaudimo-masina\/#primaryimage","url":"https:\/\/gymfactory.eu\/wp-content\/uploads\/2025\/01\/A3X-gym-machine-for-chest-1.webp","contentUrl":"https:\/\/gymfactory.eu\/wp-content\/uploads\/2025\/01\/A3X-gym-machine-for-chest-1.webp","width":1500,"height":1500,"caption":"A3X gym machine with a black frame and black leather padding is for chest workouts. This gym equipment is designed for upper body strength training and features ergonomic handles, weight plate storage, and adjustable components to ensure a customized and comfortable workout."},{"@type":"BreadcrumbList","@id":"https:\/\/gymfactory.eu\/lt\/produktas\/a3x-decline-krutines-spaudimo-masina\/#breadcrumb","itemListElement":[{"@type":"ListItem","position":1,"name":"Pagrindinis","item":"https:\/\/gymfactory.eu\/lt\/"},{"@type":"ListItem","position":2,"name":"Katalogas","item":"https:\/\/gymfactory.eu\/lt\/katalogas\/"},{"@type":"ListItem","position":3,"name":"A3X Kr\u016btin\u0117s treniruoklis &#8211; spaudimas \u017eemyn galva"}]},{"@type":"WebSite","@id":"https:\/\/gymfactory.eu\/lt\/#website","url":"https:\/\/gymfactory.eu\/lt\/","name":"Gym Factory","description":"","publisher":{"@id":"https:\/\/gymfactory.eu\/lt\/#organization"},"potentialAction":[{"@type":"SearchAction","target":{"@type":"EntryPoint","urlTemplate":"https:\/\/gymfactory.eu\/lt\/?s={search_term_string}"},"query-input":{"@type":"PropertyValueSpecification","valueRequired":true,"valueName":"search_term_string"}}],"inLanguage":"lt-LT"},{"@type":"Organization","@id":"https:\/\/gymfactory.eu\/lt\/#organization","name":"Sporto sal\u0117s gamykla","url":"https:\/\/gymfactory.eu\/lt\/","logo":{"@type":"ImageObject","inLanguage":"lt-LT","@id":"https:\/\/gymfactory.eu\/lt\/#\/schema\/logo\/image\/","url":"https:\/\/gymfactory.eu\/wp-content\/uploads\/2024\/11\/Component-1.svg","contentUrl":"https:\/\/gymfactory.eu\/wp-content\/uploads\/2024\/11\/Component-1.svg","width":54,"height":44,"caption":"Sporto sal\u0117s gamykla"},"image":{"@id":"https:\/\/gymfactory.eu\/lt\/#\/schema\/logo\/image\/"}}]}},"_links":{"self":[{"href":"https:\/\/gymfactory.eu\/lt\/wp-json\/wp\/v2\/product\/10676","targetHints":{"allow":["GET"]}}],"collection":[{"href":"https:\/\/gymfactory.eu\/lt\/wp-json\/wp\/v2\/product"}],"about":[{"href":"https:\/\/gymfactory.eu\/lt\/wp-json\/wp\/v2\/types\/product"}],"wp:featuredmedia":[{"embeddable":true,"href":"https:\/\/gymfactory.eu\/lt\/wp-json\/wp\/v2\/media\/12958"}],"wp:attachment":[{"href":"https:\/\/gymfactory.eu\/lt\/wp-json\/wp\/v2\/media?parent=10676"}],"wp:term":[{"taxonomy":"product_brand","embeddable":true,"href":"https:\/\/gymfactory.eu\/lt\/wp-json\/wp\/v2\/product_brand?post=10676"},{"taxonomy":"product_cat","embeddable":true,"href":"https:\/\/gymfactory.eu\/lt\/wp-json\/wp\/v2\/product_cat?post=10676"},{"taxonomy":"product_tag","embeddable":true,"href":"https:\/\/gymfactory.eu\/lt\/wp-json\/wp\/v2\/product_tag?post=10676"}],"curies":[{"name":"wp","href":"https:\/\/api.w.org\/{rel}","templated":true}]}}