{"id":10673,"date":"2025-01-27T13:31:54","date_gmt":"2025-01-27T11:31:54","guid":{"rendered":"https:\/\/gymfactory.eu\/product\/a6xx2p-sedimoji-krutines-ir-peciu-masina\/"},"modified":"2025-11-20T12:48:25","modified_gmt":"2025-11-20T10:48:25","slug":"a6xx2p-sedimoji-krutines-ir-peciu-masina","status":"publish","type":"product","link":"https:\/\/gymfactory.eu\/lt\/produktas\/a6xx2p-sedimoji-krutines-ir-peciu-masina\/","title":{"rendered":"A6XX2P Kr\u016btin\u0117s ir pe\u010di\u0173 treniruoklis &#8211; spaudimas s\u0117dint"},"content":{"rendered":"<p>A6XX2P \u2013 treniruoklis, skirtas tikslingai vir\u0161utin\u0117s k\u016bno dalies treniruotei.<br \/>\nKompakti\u0161ka ir tvirta konstrukcija puikiai tinka tiek profesionalioms sal\u0117ms, tiek ma\u017eesn\u0117ms treniruo\u010di\u0173 erdv\u0117ms.<\/p>\n<p>Naudodami A6XX2P galite atlikti spaudim\u0105 nuo nuo\u017eulnaus atlo\u0161o bei pe\u010di\u0173 spaudim\u0105 vir\u0161 galvos. Reguliuojamas atlo\u0161o kampas ir s\u0117dyn\u0117s auk\u0161tis leid\u017eia lengvai prisitaikyti prie skirting\u0173 naudotoj\u0173 ir treniruo\u010di\u0173 tiksl\u0173.<\/p>\n<p>Patogus ir funkcionalus sprendimas stiprioms, tikslingoms vir\u0161utin\u0117s k\u016bno dalies treniruot\u0117ms.<\/p>\n\n    <div class=\"xs_social_share_widget xs_share_url after_content \t\tmain_content  wslu-style-1 wslu-share-box-shaped wslu-fill-colored wslu-none wslu-share-horizontal wslu-theme-font-no wslu-main_content\">\n\n\t\t\n        <ul>\n\t\t\t        <\/ul>\n    <\/div> \n","protected":false},"excerpt":{"rendered":"<p>A6XX2P \u2013 treniruoklis, skirtas tikslingai vir\u0161utin\u0117s k\u016bno dalies treniruotei. Kompakti\u0161ka ir tvirta konstrukcija puikiai tinka tiek profesionalioms sal\u0117ms, tiek ma\u017eesn\u0117ms treniruo\u010di\u0173 erdv\u0117ms. Naudodami A6XX2P galite atlikti spaudim\u0105 nuo nuo\u017eulnaus atlo\u0161o bei pe\u010di\u0173 spaudim\u0105 vir\u0161 galvos. Reguliuojamas atlo\u0161o kampas ir s\u0117dyn\u0117s auk\u0161tis leid\u017eia lengvai prisitaikyti prie skirting\u0173 naudotoj\u0173 ir treniruo\u010di\u0173 tiksl\u0173. Patogus ir funkcionalus sprendimas stiprioms, [&hellip;]<\/p>\n","protected":false},"featured_media":8264,"template":"","meta":{"_acf_changed":false},"product_brand":[817],"product_cat":[421],"product_tag":[],"class_list":{"0":"post-10673","1":"product","2":"type-product","3":"status-publish","4":"has-post-thumbnail","6":"product_brand-gym-factory-lt","7":"product_cat-laisvu-svoriu-treniruokliai","9":"first","10":"onbackorder","11":"taxable","12":"shipping-taxable","13":"purchasable","14":"product-type-variable","15":"has-default-attributes"},"acf":[],"yoast_head":"<!-- This site is optimized with the Yoast SEO plugin v25.2 - https:\/\/yoast.com\/wordpress\/plugins\/seo\/ -->\n<title>A6XX2P S\u0117dimoji kr\u016btin\u0117s ir pe\u010di\u0173 treniruokli\u0173 ma\u0161ina treniruot\u0117ms<\/title>\n<meta name=\"description\" content=\"\u0160is A6XX2P s\u0117dimasis kr\u016btin\u0117s ir pe\u010di\u0173 treniruoklis yra geriausias nam\u0173 ir komercini\u0173 sporto sali\u0173 treniruoklis, si\u016blantis daugyb\u0119 su\u0117mimo galimybi\u0173.\" \/>\n<meta name=\"robots\" content=\"index, follow, max-snippet:-1, max-image-preview:large, max-video-preview:-1\" \/>\n<link rel=\"canonical\" href=\"https:\/\/gymfactory.eu\/lt\/produktas\/a6xx2p-sedimoji-krutines-ir-peciu-masina\/\" \/>\n<meta property=\"og:locale\" content=\"lt_LT\" \/>\n<meta property=\"og:type\" content=\"article\" \/>\n<meta property=\"og:title\" content=\"A6XX2P S\u0117dimoji kr\u016btin\u0117s ir pe\u010di\u0173 treniruokli\u0173 ma\u0161ina treniruot\u0117ms\" \/>\n<meta property=\"og:description\" content=\"\u0160is A6XX2P s\u0117dimasis kr\u016btin\u0117s ir pe\u010di\u0173 treniruoklis yra geriausias nam\u0173 ir komercini\u0173 sporto sali\u0173 treniruoklis, si\u016blantis daugyb\u0119 su\u0117mimo galimybi\u0173.\" \/>\n<meta property=\"og:url\" content=\"https:\/\/gymfactory.eu\/lt\/produktas\/a6xx2p-sedimoji-krutines-ir-peciu-masina\/\" \/>\n<meta property=\"og:site_name\" content=\"Gym Factory\" \/>\n<meta property=\"article:modified_time\" content=\"2025-11-20T10:48:25+00:00\" \/>\n<meta property=\"og:image\" content=\"https:\/\/gymfactory.eu\/wp-content\/uploads\/2025\/01\/side-view-of-black-A6XX2P-gym-machine.webp\" \/>\n\t<meta property=\"og:image:width\" content=\"1500\" \/>\n\t<meta property=\"og:image:height\" content=\"1500\" \/>\n\t<meta property=\"og:image:type\" content=\"image\/webp\" \/>\n<meta name=\"twitter:card\" content=\"summary_large_image\" \/>\n<meta name=\"twitter:label1\" content=\"Est. reading time\" \/>\n\t<meta name=\"twitter:data1\" content=\"1 minut\u0117\" \/>\n<script type=\"application\/ld+json\" class=\"yoast-schema-graph\">{\"@context\":\"https:\/\/schema.org\",\"@graph\":[{\"@type\":\"WebPage\",\"@id\":\"https:\/\/gymfactory.eu\/lt\/produktas\/a6xx2p-sedimoji-krutines-ir-peciu-masina\/\",\"url\":\"https:\/\/gymfactory.eu\/lt\/produktas\/a6xx2p-sedimoji-krutines-ir-peciu-masina\/\",\"name\":\"A6XX2P S\u0117dimoji kr\u016btin\u0117s ir pe\u010di\u0173 treniruokli\u0173 ma\u0161ina treniruot\u0117ms\",\"isPartOf\":{\"@id\":\"https:\/\/gymfactory.eu\/lt\/#website\"},\"primaryImageOfPage\":{\"@id\":\"https:\/\/gymfactory.eu\/lt\/produktas\/a6xx2p-sedimoji-krutines-ir-peciu-masina\/#primaryimage\"},\"image\":{\"@id\":\"https:\/\/gymfactory.eu\/lt\/produktas\/a6xx2p-sedimoji-krutines-ir-peciu-masina\/#primaryimage\"},\"thumbnailUrl\":\"https:\/\/gymfactory.eu\/wp-content\/uploads\/2025\/01\/side-view-of-black-A6XX2P-gym-machine.webp\",\"datePublished\":\"2025-01-27T11:31:54+00:00\",\"dateModified\":\"2025-11-20T10:48:25+00:00\",\"description\":\"\u0160is A6XX2P s\u0117dimasis kr\u016btin\u0117s ir pe\u010di\u0173 treniruoklis yra geriausias nam\u0173 ir komercini\u0173 sporto sali\u0173 treniruoklis, si\u016blantis daugyb\u0119 su\u0117mimo galimybi\u0173.\",\"breadcrumb\":{\"@id\":\"https:\/\/gymfactory.eu\/lt\/produktas\/a6xx2p-sedimoji-krutines-ir-peciu-masina\/#breadcrumb\"},\"inLanguage\":\"lt-LT\",\"potentialAction\":[{\"@type\":\"ReadAction\",\"target\":[\"https:\/\/gymfactory.eu\/lt\/produktas\/a6xx2p-sedimoji-krutines-ir-peciu-masina\/\"]}]},{\"@type\":\"ImageObject\",\"inLanguage\":\"lt-LT\",\"@id\":\"https:\/\/gymfactory.eu\/lt\/produktas\/a6xx2p-sedimoji-krutines-ir-peciu-masina\/#primaryimage\",\"url\":\"https:\/\/gymfactory.eu\/wp-content\/uploads\/2025\/01\/side-view-of-black-A6XX2P-gym-machine.webp\",\"contentUrl\":\"https:\/\/gymfactory.eu\/wp-content\/uploads\/2025\/01\/side-view-of-black-A6XX2P-gym-machine.webp\",\"width\":1500,\"height\":1500,\"caption\":\"Raudonos spalvos treniruoklio A6XX2P \u0161oninis vaizdas, pabr\u0117\u017eiantis jo tvirt\u0105 konstrukcij\u0105, reguliuojamas funkcijas ir patogi\u0105 s\u0117dyn\u0119, kad treniruot\u0117s b\u016bt\u0173 optimalios. Tinka \u012fvairiems j\u0117gos treniruo\u010di\u0173 pratimams.\"},{\"@type\":\"BreadcrumbList\",\"@id\":\"https:\/\/gymfactory.eu\/lt\/produktas\/a6xx2p-sedimoji-krutines-ir-peciu-masina\/#breadcrumb\",\"itemListElement\":[{\"@type\":\"ListItem\",\"position\":1,\"name\":\"Pagrindinis\",\"item\":\"https:\/\/gymfactory.eu\/lt\/\"},{\"@type\":\"ListItem\",\"position\":2,\"name\":\"Katalogas\",\"item\":\"https:\/\/gymfactory.eu\/lt\/katalogas\/\"},{\"@type\":\"ListItem\",\"position\":3,\"name\":\"A6XX2P Kr\u016btin\u0117s ir pe\u010di\u0173 treniruoklis &#8211; spaudimas s\u0117dint\"}]},{\"@type\":\"WebSite\",\"@id\":\"https:\/\/gymfactory.eu\/lt\/#website\",\"url\":\"https:\/\/gymfactory.eu\/lt\/\",\"name\":\"Gym Factory\",\"description\":\"\",\"publisher\":{\"@id\":\"https:\/\/gymfactory.eu\/lt\/#organization\"},\"potentialAction\":[{\"@type\":\"SearchAction\",\"target\":{\"@type\":\"EntryPoint\",\"urlTemplate\":\"https:\/\/gymfactory.eu\/lt\/?s={search_term_string}\"},\"query-input\":{\"@type\":\"PropertyValueSpecification\",\"valueRequired\":true,\"valueName\":\"search_term_string\"}}],\"inLanguage\":\"lt-LT\"},{\"@type\":\"Organization\",\"@id\":\"https:\/\/gymfactory.eu\/lt\/#organization\",\"name\":\"Sporto sal\u0117s gamykla\",\"url\":\"https:\/\/gymfactory.eu\/lt\/\",\"logo\":{\"@type\":\"ImageObject\",\"inLanguage\":\"lt-LT\",\"@id\":\"https:\/\/gymfactory.eu\/lt\/#\/schema\/logo\/image\/\",\"url\":\"https:\/\/gymfactory.eu\/wp-content\/uploads\/2024\/11\/Component-1.svg\",\"contentUrl\":\"https:\/\/gymfactory.eu\/wp-content\/uploads\/2024\/11\/Component-1.svg\",\"width\":54,\"height\":44,\"caption\":\"Sporto sal\u0117s gamykla\"},\"image\":{\"@id\":\"https:\/\/gymfactory.eu\/lt\/#\/schema\/logo\/image\/\"}}]}<\/script>\n<!-- \/ Yoast SEO plugin. -->","yoast_head_json":{"title":"A6XX2P S\u0117dimoji kr\u016btin\u0117s ir pe\u010di\u0173 treniruokli\u0173 ma\u0161ina treniruot\u0117ms","description":"\u0160is A6XX2P s\u0117dimasis kr\u016btin\u0117s ir pe\u010di\u0173 treniruoklis yra geriausias nam\u0173 ir komercini\u0173 sporto sali\u0173 treniruoklis, si\u016blantis daugyb\u0119 su\u0117mimo galimybi\u0173.","robots":{"index":"index","follow":"follow","max-snippet":"max-snippet:-1","max-image-preview":"max-image-preview:large","max-video-preview":"max-video-preview:-1"},"canonical":"https:\/\/gymfactory.eu\/lt\/produktas\/a6xx2p-sedimoji-krutines-ir-peciu-masina\/","og_locale":"lt_LT","og_type":"article","og_title":"A6XX2P S\u0117dimoji kr\u016btin\u0117s ir pe\u010di\u0173 treniruokli\u0173 ma\u0161ina treniruot\u0117ms","og_description":"\u0160is A6XX2P s\u0117dimasis kr\u016btin\u0117s ir pe\u010di\u0173 treniruoklis yra geriausias nam\u0173 ir komercini\u0173 sporto sali\u0173 treniruoklis, si\u016blantis daugyb\u0119 su\u0117mimo galimybi\u0173.","og_url":"https:\/\/gymfactory.eu\/lt\/produktas\/a6xx2p-sedimoji-krutines-ir-peciu-masina\/","og_site_name":"Gym Factory","article_modified_time":"2025-11-20T10:48:25+00:00","og_image":[{"width":1500,"height":1500,"url":"https:\/\/gymfactory.eu\/wp-content\/uploads\/2025\/01\/side-view-of-black-A6XX2P-gym-machine.webp","type":"image\/webp"}],"twitter_card":"summary_large_image","twitter_misc":{"Est. reading time":"1 minut\u0117"},"schema":{"@context":"https:\/\/schema.org","@graph":[{"@type":"WebPage","@id":"https:\/\/gymfactory.eu\/lt\/produktas\/a6xx2p-sedimoji-krutines-ir-peciu-masina\/","url":"https:\/\/gymfactory.eu\/lt\/produktas\/a6xx2p-sedimoji-krutines-ir-peciu-masina\/","name":"A6XX2P S\u0117dimoji kr\u016btin\u0117s ir pe\u010di\u0173 treniruokli\u0173 ma\u0161ina treniruot\u0117ms","isPartOf":{"@id":"https:\/\/gymfactory.eu\/lt\/#website"},"primaryImageOfPage":{"@id":"https:\/\/gymfactory.eu\/lt\/produktas\/a6xx2p-sedimoji-krutines-ir-peciu-masina\/#primaryimage"},"image":{"@id":"https:\/\/gymfactory.eu\/lt\/produktas\/a6xx2p-sedimoji-krutines-ir-peciu-masina\/#primaryimage"},"thumbnailUrl":"https:\/\/gymfactory.eu\/wp-content\/uploads\/2025\/01\/side-view-of-black-A6XX2P-gym-machine.webp","datePublished":"2025-01-27T11:31:54+00:00","dateModified":"2025-11-20T10:48:25+00:00","description":"\u0160is A6XX2P s\u0117dimasis kr\u016btin\u0117s ir pe\u010di\u0173 treniruoklis yra geriausias nam\u0173 ir komercini\u0173 sporto sali\u0173 treniruoklis, si\u016blantis daugyb\u0119 su\u0117mimo galimybi\u0173.","breadcrumb":{"@id":"https:\/\/gymfactory.eu\/lt\/produktas\/a6xx2p-sedimoji-krutines-ir-peciu-masina\/#breadcrumb"},"inLanguage":"lt-LT","potentialAction":[{"@type":"ReadAction","target":["https:\/\/gymfactory.eu\/lt\/produktas\/a6xx2p-sedimoji-krutines-ir-peciu-masina\/"]}]},{"@type":"ImageObject","inLanguage":"lt-LT","@id":"https:\/\/gymfactory.eu\/lt\/produktas\/a6xx2p-sedimoji-krutines-ir-peciu-masina\/#primaryimage","url":"https:\/\/gymfactory.eu\/wp-content\/uploads\/2025\/01\/side-view-of-black-A6XX2P-gym-machine.webp","contentUrl":"https:\/\/gymfactory.eu\/wp-content\/uploads\/2025\/01\/side-view-of-black-A6XX2P-gym-machine.webp","width":1500,"height":1500,"caption":"Raudonos spalvos treniruoklio A6XX2P \u0161oninis vaizdas, pabr\u0117\u017eiantis jo tvirt\u0105 konstrukcij\u0105, reguliuojamas funkcijas ir patogi\u0105 s\u0117dyn\u0119, kad treniruot\u0117s b\u016bt\u0173 optimalios. Tinka \u012fvairiems j\u0117gos treniruo\u010di\u0173 pratimams."},{"@type":"BreadcrumbList","@id":"https:\/\/gymfactory.eu\/lt\/produktas\/a6xx2p-sedimoji-krutines-ir-peciu-masina\/#breadcrumb","itemListElement":[{"@type":"ListItem","position":1,"name":"Pagrindinis","item":"https:\/\/gymfactory.eu\/lt\/"},{"@type":"ListItem","position":2,"name":"Katalogas","item":"https:\/\/gymfactory.eu\/lt\/katalogas\/"},{"@type":"ListItem","position":3,"name":"A6XX2P Kr\u016btin\u0117s ir pe\u010di\u0173 treniruoklis &#8211; spaudimas s\u0117dint"}]},{"@type":"WebSite","@id":"https:\/\/gymfactory.eu\/lt\/#website","url":"https:\/\/gymfactory.eu\/lt\/","name":"Gym Factory","description":"","publisher":{"@id":"https:\/\/gymfactory.eu\/lt\/#organization"},"potentialAction":[{"@type":"SearchAction","target":{"@type":"EntryPoint","urlTemplate":"https:\/\/gymfactory.eu\/lt\/?s={search_term_string}"},"query-input":{"@type":"PropertyValueSpecification","valueRequired":true,"valueName":"search_term_string"}}],"inLanguage":"lt-LT"},{"@type":"Organization","@id":"https:\/\/gymfactory.eu\/lt\/#organization","name":"Sporto sal\u0117s gamykla","url":"https:\/\/gymfactory.eu\/lt\/","logo":{"@type":"ImageObject","inLanguage":"lt-LT","@id":"https:\/\/gymfactory.eu\/lt\/#\/schema\/logo\/image\/","url":"https:\/\/gymfactory.eu\/wp-content\/uploads\/2024\/11\/Component-1.svg","contentUrl":"https:\/\/gymfactory.eu\/wp-content\/uploads\/2024\/11\/Component-1.svg","width":54,"height":44,"caption":"Sporto sal\u0117s gamykla"},"image":{"@id":"https:\/\/gymfactory.eu\/lt\/#\/schema\/logo\/image\/"}}]}},"_links":{"self":[{"href":"https:\/\/gymfactory.eu\/lt\/wp-json\/wp\/v2\/product\/10673","targetHints":{"allow":["GET"]}}],"collection":[{"href":"https:\/\/gymfactory.eu\/lt\/wp-json\/wp\/v2\/product"}],"about":[{"href":"https:\/\/gymfactory.eu\/lt\/wp-json\/wp\/v2\/types\/product"}],"wp:featuredmedia":[{"embeddable":true,"href":"https:\/\/gymfactory.eu\/lt\/wp-json\/wp\/v2\/media\/8264"}],"wp:attachment":[{"href":"https:\/\/gymfactory.eu\/lt\/wp-json\/wp\/v2\/media?parent=10673"}],"wp:term":[{"taxonomy":"product_brand","embeddable":true,"href":"https:\/\/gymfactory.eu\/lt\/wp-json\/wp\/v2\/product_brand?post=10673"},{"taxonomy":"product_cat","embeddable":true,"href":"https:\/\/gymfactory.eu\/lt\/wp-json\/wp\/v2\/product_cat?post=10673"},{"taxonomy":"product_tag","embeddable":true,"href":"https:\/\/gymfactory.eu\/lt\/wp-json\/wp\/v2\/product_tag?post=10673"}],"curies":[{"name":"wp","href":"https:\/\/api.w.org\/{rel}","templated":true}]}}