{"id":10670,"date":"2025-01-27T09:50:21","date_gmt":"2025-01-27T07:50:21","guid":{"rendered":"https:\/\/gymfactory.eu\/product\/a2xx-pasvirusi-krutines-spaudimo-masina\/"},"modified":"2025-11-20T12:18:06","modified_gmt":"2025-11-20T10:18:06","slug":"a2xx-pasvirusi-krutines-spaudimo-masina","status":"publish","type":"product","link":"https:\/\/gymfactory.eu\/lt\/produktas\/a2xx-pasvirusi-krutines-spaudimo-masina\/","title":{"rendered":"A2XX Kr\u016btin\u0117s treniruoklis &#8211; 35 laipsniu kampu"},"content":{"rendered":"<p>A2XX treniruoklis skirtas vir\u0161utin\u0117s kr\u016btin\u0117s dalies lavinimui, aktyvinant ir priekinius deltinius ir trigalv\u012f raumen\u012f. Reguliuojamos ranken\u0173 starto pad\u0117tys ir s\u0117dyn\u0117s auk\u0161tis leid\u017eia pritaikyti treniruokl\u012f pagal kiekvieno naudotojo k\u016bno pad\u0117t\u012f, u\u017etikrinant taisykling\u0105 atlikim\u0105 ir komfort\u0105.<\/p>\n<p>Jud\u0117jimas vyksta nat\u016bralia, nusiaur\u0117jan\u010dia trajektorija \u2013 pradedama pla\u010diai, o baigiama siauriau. Tai leid\u017eia i\u0161tempti kr\u016btin\u0119 judesio prad\u017eioje ir sukurti stipr\u0173 susitraukim\u0105 pabaigoje.<\/p>\n<p>A2XX \u2013 patikimas pasirinkimas tiek sporto klubams, tiek treniruot\u0117ms namuose. Paprastas naudoti, efektyvus ir tinkamas tiek j\u0117gos auginimui, tiek raumen\u0173 formavimui.<\/p>\n\n    <div class=\"xs_social_share_widget xs_share_url after_content \t\tmain_content  wslu-style-1 wslu-share-box-shaped wslu-fill-colored wslu-none wslu-share-horizontal wslu-theme-font-no wslu-main_content\">\n\n\t\t\n        <ul>\n\t\t\t        <\/ul>\n    <\/div> \n","protected":false},"excerpt":{"rendered":"<p>A2XX treniruoklis skirtas vir\u0161utin\u0117s kr\u016btin\u0117s dalies lavinimui, aktyvinant ir priekinius deltinius ir trigalv\u012f raumen\u012f. Reguliuojamos ranken\u0173 starto pad\u0117tys ir s\u0117dyn\u0117s auk\u0161tis leid\u017eia pritaikyti treniruokl\u012f pagal kiekvieno naudotojo k\u016bno pad\u0117t\u012f, u\u017etikrinant taisykling\u0105 atlikim\u0105 ir komfort\u0105. Jud\u0117jimas vyksta nat\u016bralia, nusiaur\u0117jan\u010dia trajektorija \u2013 pradedama pla\u010diai, o baigiama siauriau. Tai leid\u017eia i\u0161tempti kr\u016btin\u0119 judesio prad\u017eioje ir sukurti stipr\u0173 susitraukim\u0105 [&hellip;]<\/p>\n","protected":false},"featured_media":8260,"template":"","meta":{"_acf_changed":false},"product_brand":[817],"product_cat":[421],"product_tag":[],"class_list":{"0":"post-10670","1":"product","2":"type-product","3":"status-publish","4":"has-post-thumbnail","6":"product_brand-gym-factory-lt","7":"product_cat-laisvu-svoriu-treniruokliai","9":"first","10":"onbackorder","11":"taxable","12":"shipping-taxable","13":"purchasable","14":"product-type-variable"},"acf":[],"yoast_head":"<!-- This site is optimized with the Yoast SEO plugin v25.2 - https:\/\/yoast.com\/wordpress\/plugins\/seo\/ -->\n<title>A2XX pasvirusi kr\u016btin\u0117s spaudos treniruokli\u0173 sal\u0117 stiprinimo treniruot\u0117ms<\/title>\n<meta name=\"description\" content=\"&quot;A2XX Incline Chest Press Gym Machine&quot; yra esmin\u0117 kr\u016btin\u0117s treniruo\u010di\u0173 \u012franga. Reguliuojamas kampas skirtas vir\u0161utinei kr\u016btin\u0117s daliai, pe\u010diams ir rankoms.\" \/>\n<meta name=\"robots\" content=\"index, follow, max-snippet:-1, max-image-preview:large, max-video-preview:-1\" \/>\n<link rel=\"canonical\" href=\"https:\/\/gymfactory.eu\/lt\/produktas\/a2xx-pasvirusi-krutines-spaudimo-masina\/\" \/>\n<meta property=\"og:locale\" content=\"lt_LT\" \/>\n<meta property=\"og:type\" content=\"article\" \/>\n<meta property=\"og:title\" content=\"A2XX pasvirusi kr\u016btin\u0117s spaudos treniruokli\u0173 sal\u0117 stiprinimo treniruot\u0117ms\" \/>\n<meta property=\"og:description\" content=\"&quot;A2XX Incline Chest Press Gym Machine&quot; yra esmin\u0117 kr\u016btin\u0117s treniruo\u010di\u0173 \u012franga. Reguliuojamas kampas skirtas vir\u0161utinei kr\u016btin\u0117s daliai, pe\u010diams ir rankoms.\" \/>\n<meta property=\"og:url\" content=\"https:\/\/gymfactory.eu\/lt\/produktas\/a2xx-pasvirusi-krutines-spaudimo-masina\/\" \/>\n<meta property=\"og:site_name\" content=\"Gym Factory\" \/>\n<meta property=\"article:modified_time\" content=\"2025-11-20T10:18:06+00:00\" \/>\n<meta property=\"og:image\" content=\"https:\/\/gymfactory.eu\/wp-content\/uploads\/2025\/01\/A2XX-gym-machine-with-red-leather.webp\" \/>\n\t<meta property=\"og:image:width\" content=\"1500\" \/>\n\t<meta property=\"og:image:height\" content=\"1500\" \/>\n\t<meta property=\"og:image:type\" content=\"image\/webp\" \/>\n<meta name=\"twitter:card\" content=\"summary_large_image\" \/>\n<meta name=\"twitter:label1\" content=\"Est. reading time\" \/>\n\t<meta name=\"twitter:data1\" content=\"1 minut\u0117\" \/>\n<script type=\"application\/ld+json\" class=\"yoast-schema-graph\">{\"@context\":\"https:\/\/schema.org\",\"@graph\":[{\"@type\":\"WebPage\",\"@id\":\"https:\/\/gymfactory.eu\/lt\/produktas\/a2xx-pasvirusi-krutines-spaudimo-masina\/\",\"url\":\"https:\/\/gymfactory.eu\/lt\/produktas\/a2xx-pasvirusi-krutines-spaudimo-masina\/\",\"name\":\"A2XX pasvirusi kr\u016btin\u0117s spaudos treniruokli\u0173 sal\u0117 stiprinimo treniruot\u0117ms\",\"isPartOf\":{\"@id\":\"https:\/\/gymfactory.eu\/lt\/#website\"},\"primaryImageOfPage\":{\"@id\":\"https:\/\/gymfactory.eu\/lt\/produktas\/a2xx-pasvirusi-krutines-spaudimo-masina\/#primaryimage\"},\"image\":{\"@id\":\"https:\/\/gymfactory.eu\/lt\/produktas\/a2xx-pasvirusi-krutines-spaudimo-masina\/#primaryimage\"},\"thumbnailUrl\":\"https:\/\/gymfactory.eu\/wp-content\/uploads\/2025\/01\/A2XX-gym-machine-with-red-leather.webp\",\"datePublished\":\"2025-01-27T07:50:21+00:00\",\"dateModified\":\"2025-11-20T10:18:06+00:00\",\"description\":\"\\\"A2XX Incline Chest Press Gym Machine\\\" yra esmin\u0117 kr\u016btin\u0117s treniruo\u010di\u0173 \u012franga. Reguliuojamas kampas skirtas vir\u0161utinei kr\u016btin\u0117s daliai, pe\u010diams ir rankoms.\",\"breadcrumb\":{\"@id\":\"https:\/\/gymfactory.eu\/lt\/produktas\/a2xx-pasvirusi-krutines-spaudimo-masina\/#breadcrumb\"},\"inLanguage\":\"lt-LT\",\"potentialAction\":[{\"@type\":\"ReadAction\",\"target\":[\"https:\/\/gymfactory.eu\/lt\/produktas\/a2xx-pasvirusi-krutines-spaudimo-masina\/\"]}]},{\"@type\":\"ImageObject\",\"inLanguage\":\"lt-LT\",\"@id\":\"https:\/\/gymfactory.eu\/lt\/produktas\/a2xx-pasvirusi-krutines-spaudimo-masina\/#primaryimage\",\"url\":\"https:\/\/gymfactory.eu\/wp-content\/uploads\/2025\/01\/A2XX-gym-machine-with-red-leather.webp\",\"contentUrl\":\"https:\/\/gymfactory.eu\/wp-content\/uploads\/2025\/01\/A2XX-gym-machine-with-red-leather.webp\",\"width\":1500,\"height\":1500,\"caption\":\"A2XX treniruoklis kr\u016btin\u0117s treniruot\u0117ms su eleganti\u0161ku juodos odos pamink\u0161tinimu ir patvariu plieniniu r\u0117mu. \u0160is j\u0117gos treniruoklis u\u017etikrina patogi\u0105 ir saugi\u0105 treniruot\u0119, turi ergonomi\u0161kas rankenas, reguliuojamus nustatymus ir svori\u0173 plok\u0161teli\u0173 laikymo viet\u0105. Jis idealiai tinka nam\u0173 ir komercin\u0117ms treniruokli\u0173 sal\u0117ms.\"},{\"@type\":\"BreadcrumbList\",\"@id\":\"https:\/\/gymfactory.eu\/lt\/produktas\/a2xx-pasvirusi-krutines-spaudimo-masina\/#breadcrumb\",\"itemListElement\":[{\"@type\":\"ListItem\",\"position\":1,\"name\":\"Pagrindinis\",\"item\":\"https:\/\/gymfactory.eu\/lt\/\"},{\"@type\":\"ListItem\",\"position\":2,\"name\":\"Katalogas\",\"item\":\"https:\/\/gymfactory.eu\/lt\/katalogas\/\"},{\"@type\":\"ListItem\",\"position\":3,\"name\":\"A2XX Kr\u016btin\u0117s treniruoklis &#8211; 35 laipsniu kampu\"}]},{\"@type\":\"WebSite\",\"@id\":\"https:\/\/gymfactory.eu\/lt\/#website\",\"url\":\"https:\/\/gymfactory.eu\/lt\/\",\"name\":\"Gym Factory\",\"description\":\"\",\"publisher\":{\"@id\":\"https:\/\/gymfactory.eu\/lt\/#organization\"},\"potentialAction\":[{\"@type\":\"SearchAction\",\"target\":{\"@type\":\"EntryPoint\",\"urlTemplate\":\"https:\/\/gymfactory.eu\/lt\/?s={search_term_string}\"},\"query-input\":{\"@type\":\"PropertyValueSpecification\",\"valueRequired\":true,\"valueName\":\"search_term_string\"}}],\"inLanguage\":\"lt-LT\"},{\"@type\":\"Organization\",\"@id\":\"https:\/\/gymfactory.eu\/lt\/#organization\",\"name\":\"Sporto sal\u0117s gamykla\",\"url\":\"https:\/\/gymfactory.eu\/lt\/\",\"logo\":{\"@type\":\"ImageObject\",\"inLanguage\":\"lt-LT\",\"@id\":\"https:\/\/gymfactory.eu\/lt\/#\/schema\/logo\/image\/\",\"url\":\"https:\/\/gymfactory.eu\/wp-content\/uploads\/2024\/11\/Component-1.svg\",\"contentUrl\":\"https:\/\/gymfactory.eu\/wp-content\/uploads\/2024\/11\/Component-1.svg\",\"width\":54,\"height\":44,\"caption\":\"Sporto sal\u0117s gamykla\"},\"image\":{\"@id\":\"https:\/\/gymfactory.eu\/lt\/#\/schema\/logo\/image\/\"}}]}<\/script>\n<!-- \/ Yoast SEO plugin. -->","yoast_head_json":{"title":"A2XX pasvirusi kr\u016btin\u0117s spaudos treniruokli\u0173 sal\u0117 stiprinimo treniruot\u0117ms","description":"\"A2XX Incline Chest Press Gym Machine\" yra esmin\u0117 kr\u016btin\u0117s treniruo\u010di\u0173 \u012franga. Reguliuojamas kampas skirtas vir\u0161utinei kr\u016btin\u0117s daliai, pe\u010diams ir rankoms.","robots":{"index":"index","follow":"follow","max-snippet":"max-snippet:-1","max-image-preview":"max-image-preview:large","max-video-preview":"max-video-preview:-1"},"canonical":"https:\/\/gymfactory.eu\/lt\/produktas\/a2xx-pasvirusi-krutines-spaudimo-masina\/","og_locale":"lt_LT","og_type":"article","og_title":"A2XX pasvirusi kr\u016btin\u0117s spaudos treniruokli\u0173 sal\u0117 stiprinimo treniruot\u0117ms","og_description":"\"A2XX Incline Chest Press Gym Machine\" yra esmin\u0117 kr\u016btin\u0117s treniruo\u010di\u0173 \u012franga. Reguliuojamas kampas skirtas vir\u0161utinei kr\u016btin\u0117s daliai, pe\u010diams ir rankoms.","og_url":"https:\/\/gymfactory.eu\/lt\/produktas\/a2xx-pasvirusi-krutines-spaudimo-masina\/","og_site_name":"Gym Factory","article_modified_time":"2025-11-20T10:18:06+00:00","og_image":[{"width":1500,"height":1500,"url":"https:\/\/gymfactory.eu\/wp-content\/uploads\/2025\/01\/A2XX-gym-machine-with-red-leather.webp","type":"image\/webp"}],"twitter_card":"summary_large_image","twitter_misc":{"Est. reading time":"1 minut\u0117"},"schema":{"@context":"https:\/\/schema.org","@graph":[{"@type":"WebPage","@id":"https:\/\/gymfactory.eu\/lt\/produktas\/a2xx-pasvirusi-krutines-spaudimo-masina\/","url":"https:\/\/gymfactory.eu\/lt\/produktas\/a2xx-pasvirusi-krutines-spaudimo-masina\/","name":"A2XX pasvirusi kr\u016btin\u0117s spaudos treniruokli\u0173 sal\u0117 stiprinimo treniruot\u0117ms","isPartOf":{"@id":"https:\/\/gymfactory.eu\/lt\/#website"},"primaryImageOfPage":{"@id":"https:\/\/gymfactory.eu\/lt\/produktas\/a2xx-pasvirusi-krutines-spaudimo-masina\/#primaryimage"},"image":{"@id":"https:\/\/gymfactory.eu\/lt\/produktas\/a2xx-pasvirusi-krutines-spaudimo-masina\/#primaryimage"},"thumbnailUrl":"https:\/\/gymfactory.eu\/wp-content\/uploads\/2025\/01\/A2XX-gym-machine-with-red-leather.webp","datePublished":"2025-01-27T07:50:21+00:00","dateModified":"2025-11-20T10:18:06+00:00","description":"\"A2XX Incline Chest Press Gym Machine\" yra esmin\u0117 kr\u016btin\u0117s treniruo\u010di\u0173 \u012franga. Reguliuojamas kampas skirtas vir\u0161utinei kr\u016btin\u0117s daliai, pe\u010diams ir rankoms.","breadcrumb":{"@id":"https:\/\/gymfactory.eu\/lt\/produktas\/a2xx-pasvirusi-krutines-spaudimo-masina\/#breadcrumb"},"inLanguage":"lt-LT","potentialAction":[{"@type":"ReadAction","target":["https:\/\/gymfactory.eu\/lt\/produktas\/a2xx-pasvirusi-krutines-spaudimo-masina\/"]}]},{"@type":"ImageObject","inLanguage":"lt-LT","@id":"https:\/\/gymfactory.eu\/lt\/produktas\/a2xx-pasvirusi-krutines-spaudimo-masina\/#primaryimage","url":"https:\/\/gymfactory.eu\/wp-content\/uploads\/2025\/01\/A2XX-gym-machine-with-red-leather.webp","contentUrl":"https:\/\/gymfactory.eu\/wp-content\/uploads\/2025\/01\/A2XX-gym-machine-with-red-leather.webp","width":1500,"height":1500,"caption":"A2XX treniruoklis kr\u016btin\u0117s treniruot\u0117ms su eleganti\u0161ku juodos odos pamink\u0161tinimu ir patvariu plieniniu r\u0117mu. \u0160is j\u0117gos treniruoklis u\u017etikrina patogi\u0105 ir saugi\u0105 treniruot\u0119, turi ergonomi\u0161kas rankenas, reguliuojamus nustatymus ir svori\u0173 plok\u0161teli\u0173 laikymo viet\u0105. Jis idealiai tinka nam\u0173 ir komercin\u0117ms treniruokli\u0173 sal\u0117ms."},{"@type":"BreadcrumbList","@id":"https:\/\/gymfactory.eu\/lt\/produktas\/a2xx-pasvirusi-krutines-spaudimo-masina\/#breadcrumb","itemListElement":[{"@type":"ListItem","position":1,"name":"Pagrindinis","item":"https:\/\/gymfactory.eu\/lt\/"},{"@type":"ListItem","position":2,"name":"Katalogas","item":"https:\/\/gymfactory.eu\/lt\/katalogas\/"},{"@type":"ListItem","position":3,"name":"A2XX Kr\u016btin\u0117s treniruoklis &#8211; 35 laipsniu kampu"}]},{"@type":"WebSite","@id":"https:\/\/gymfactory.eu\/lt\/#website","url":"https:\/\/gymfactory.eu\/lt\/","name":"Gym Factory","description":"","publisher":{"@id":"https:\/\/gymfactory.eu\/lt\/#organization"},"potentialAction":[{"@type":"SearchAction","target":{"@type":"EntryPoint","urlTemplate":"https:\/\/gymfactory.eu\/lt\/?s={search_term_string}"},"query-input":{"@type":"PropertyValueSpecification","valueRequired":true,"valueName":"search_term_string"}}],"inLanguage":"lt-LT"},{"@type":"Organization","@id":"https:\/\/gymfactory.eu\/lt\/#organization","name":"Sporto sal\u0117s gamykla","url":"https:\/\/gymfactory.eu\/lt\/","logo":{"@type":"ImageObject","inLanguage":"lt-LT","@id":"https:\/\/gymfactory.eu\/lt\/#\/schema\/logo\/image\/","url":"https:\/\/gymfactory.eu\/wp-content\/uploads\/2024\/11\/Component-1.svg","contentUrl":"https:\/\/gymfactory.eu\/wp-content\/uploads\/2024\/11\/Component-1.svg","width":54,"height":44,"caption":"Sporto sal\u0117s gamykla"},"image":{"@id":"https:\/\/gymfactory.eu\/lt\/#\/schema\/logo\/image\/"}}]}},"_links":{"self":[{"href":"https:\/\/gymfactory.eu\/lt\/wp-json\/wp\/v2\/product\/10670","targetHints":{"allow":["GET"]}}],"collection":[{"href":"https:\/\/gymfactory.eu\/lt\/wp-json\/wp\/v2\/product"}],"about":[{"href":"https:\/\/gymfactory.eu\/lt\/wp-json\/wp\/v2\/types\/product"}],"wp:featuredmedia":[{"embeddable":true,"href":"https:\/\/gymfactory.eu\/lt\/wp-json\/wp\/v2\/media\/8260"}],"wp:attachment":[{"href":"https:\/\/gymfactory.eu\/lt\/wp-json\/wp\/v2\/media?parent=10670"}],"wp:term":[{"taxonomy":"product_brand","embeddable":true,"href":"https:\/\/gymfactory.eu\/lt\/wp-json\/wp\/v2\/product_brand?post=10670"},{"taxonomy":"product_cat","embeddable":true,"href":"https:\/\/gymfactory.eu\/lt\/wp-json\/wp\/v2\/product_cat?post=10670"},{"taxonomy":"product_tag","embeddable":true,"href":"https:\/\/gymfactory.eu\/lt\/wp-json\/wp\/v2\/product_tag?post=10670"}],"curies":[{"name":"wp","href":"https:\/\/api.w.org\/{rel}","templated":true}]}}